{"id":18353,"date":"2026-02-24T14:11:17","date_gmt":"2026-02-24T14:11:17","guid":{"rendered":"https:\/\/partijhandeldhz.nl\/product\/ecoline-schlauchsatz-13-mm-1-2-20-m\/"},"modified":"2026-02-24T14:11:17","modified_gmt":"2026-02-24T14:11:17","slug":"ecoline-schlauchsatz-13-mm-1-2-20-m","status":"publish","type":"product","link":"https:\/\/partijhandeldhz.nl\/de\/produkt\/ecoline-schlauchsatz-13-mm-1-2-20-m\/","title":{"rendered":"EcoLine Schlauchsatz 13 mm (1\/2&#8243;) 20 m"},"content":{"rendered":"<p data-start=\"864\" data-end=\"1124\">Mit dem Gardena EcoLine Schlauchsatz 13 mm (1\/2&#8243;) 20 m haben Sie sofort ein komplettes Set f\u00fcr effizientes und nachhaltiges Bew\u00e4ssern im Garten. Das Set enth\u00e4lt einen 20 Meter langen EcoLine-Gartenschlauch und passende EcoLine-Stecker, sodass Sie sofort loslegen k\u00f6nnen. <\/p>\n<p data-start=\"1126\" data-end=\"1520\">Der Schlauch besteht aus TPE-Material und besteht zu mehr als 65 % aus recycelten Kunststoffen, haupts\u00e4chlich aus Haushaltsabf\u00e4llen wie Verpackungen. Die Kunststoffteile der Grundkupplungen bestehen sogar zu mehr als 90 % aus recyceltem Material. Die Metallteile enthalten au\u00dferdem mehr als 35 % recycelten Edelstahl. So tragen Sie aktiv zu einem umweltfreundlichen Garten bei.   <\/p>\n<p data-start=\"1522\" data-end=\"1866\">Der Schlauch ist frei von Phthalaten und anderen sch\u00e4dlichen Stoffen (&lt; 0,1 %) und erf\u00fcllt hohe Qualit\u00e4tsstandards. Das Power Grip-Profil sorgt f\u00fcr eine feste und undichte Verbindung zwischen Schlauch und Verbindern. Dank des Wasserstopps kann man das Zubeh\u00f6r wechseln, ohne den Wasserhahn zuzudrehen; Die Wasserversorgung stoppt automatisch, wenn sie getrennt wird.  <\/p>\n<p data-start=\"1868\" data-end=\"2131\">Die mitgelieferte Reinigungspistole bietet einen praktischen 2-in-1-Spr\u00fchstrahl: einen leistungsstarken Strahl f\u00fcr Reinigungsarbeiten und einen sanften Strahl zum Bew\u00e4ssern. Der Schlauch ist leicht und wendig und kann dank UV- und Frostbest\u00e4ndigkeit das ganze Jahr \u00fcber drau\u00dfen stehen. <\/p>\n<p data-start=\"2133\" data-end=\"2272\">Der EcoLine Schlauchsatz wird in Europa produziert und bietet nach der Registrierung \u00fcber Gardena innerhalb von 3 Monaten nach dem Kauf eine 30-j\u00e4hrige Herstellergarantie.<\/p>\n<h3 data-start=\"2279\" data-end=\"2310\">Schl\u00fcsselmerkmale<\/h3>\n<ul>\n<li data-start=\"2313\" data-end=\"2328\">Marke: Gardena<\/li>\n<li data-start=\"2331\" data-end=\"2356\">Typ: EcoLine Schlauchsatz<\/li>\n<li data-start=\"2359\" data-end=\"2388\">Rohrdurchmesser: 13 mm (1\/2&#8243;)<\/li>\n<li data-start=\"2391\" data-end=\"2414\">L\u00e4nge des Schlauchs: 20 Meter<\/li>\n<li data-start=\"2417\" data-end=\"2436\">Platzdruck: 20 bar<\/li>\n<li data-start=\"2439\" data-end=\"2491\">Schlauchmaterial: TPE mit &gt;65 % recyceltem Kunststoff<\/li>\n<li data-start=\"2494\" data-end=\"2541\">Basis-Kunststoffset: &gt;90 % recyceltes Material<\/li>\n<li data-start=\"2544\" data-end=\"2597\">Metallteile: &gt;35 % recycelter Edelstahl<\/li>\n<li data-start=\"2600\" data-end=\"2643\">Power Grip-Profil f\u00fcr sichere Kupplung<\/li>\n<li data-start=\"2646\" data-end=\"2667\">Einschlie\u00dflich Wasserstopps<\/li>\n<li data-start=\"2670\" data-end=\"2706\">Beinhaltet eine 2-in-1-Reinigungspistole<\/li>\n<li data-start=\"2709\" data-end=\"2732\">UV- und frostbest\u00e4ndig<\/li>\n<li data-start=\"2735\" data-end=\"2759\">Hergestellt in Europa<\/li>\n<li data-start=\"2762\" data-end=\"2798\">Garantie: 30 Jahre (nach der Anmeldung)<\/li>\n<li data-start=\"2801\" data-end=\"2828\">EAN-Code: 4066407004726<\/li>\n<\/ul>\n<h3 data-start=\"2835\" data-end=\"2862\">Technische Daten<\/h3>\n<ul>\n<li data-start=\"2865\" data-end=\"2889\">Durchmesser: 13 mm (1\/2&#8243;)<\/li>\n<li data-start=\"2892\" data-end=\"2906\">L\u00e4nge: 20 m<\/li>\n<li data-start=\"2909\" data-end=\"2932\">Maximaldruck: 20 bar<\/li>\n<li data-start=\"2935\" data-end=\"2992\">Material: TPE, recycelter Kunststoff, Edelstahl<\/li>\n<li data-start=\"2995\" data-end=\"3013\">UV-best\u00e4ndig: Ja<\/li>\n<li data-start=\"3016\" data-end=\"3036\">Frostbest\u00e4ndig: Ja<\/li>\n<li data-start=\"3039\" data-end=\"3051\">Das Set enth\u00e4lt:<\/li>\n<li data-start=\"3056\" data-end=\"3086\">1 x EcoLine Tap-Anschluss 1&#8243;<\/li>\n<li data-start=\"3091\" data-end=\"3131\">1 x EcoLine Schlauchverbindung 1\/2&#8243; \u2013 5\/8&#8243;<\/li>\n<li data-start=\"3136\" data-end=\"3172\">1 x EcoLine Wasserstopp 1\/2&#8243; \u2013 5\/8&#8243;<\/li>\n<li data-start=\"3177\" data-end=\"3197\">1 x EcoLine-D\u00fcse<\/li>\n<\/ul>\n","protected":false},"excerpt":{"rendered":"<p data-start=\"305\" data-end=\"755\">Der Gardena EcoLine Schlauchsatz 13 mm (1\/2&#8243;) 20 m ist eine vollst\u00e4ndige und nachhaltige L\u00f6sung f\u00fcr umweltfreundliches Gartengie\u00dfen. Dieses Set enth\u00e4lt einen 20 Meter langen Gartenschlauch und alle notwendigen Anschl\u00fcsse, einschlie\u00dflich der Reinigungspistole. Hergestellt aus recyceltem Material und frei von sch\u00e4dlichen Substanzen, verbindet dieses Set Benutzerfreundlichkeit mit Nachhaltigkeit. Dank des Power Grip-Profils und eines Platzdrucks von 20 bar ist der Schlauch zuverl\u00e4ssig und verschlei\u00dffest.   <\/p>\n<p data-start=\"757\" data-end=\"823\"><strong data-start=\"757\" data-end=\"823\"><em data-start=\"759\" data-end=\"821\">Bitte beachten Sie: Dieses Produkt kann nur \u00fcber unseren Webshop bestellt werden.<\/em><\/strong><\/p>\n","protected":false},"featured_media":17719,"template":"","meta":{"_acf_changed":false,"site-sidebar-layout":"default","site-content-layout":"","ast-site-content-layout":"default","site-content-style":"default","site-sidebar-style":"default","ast-global-header-display":"","ast-banner-title-visibility":"","ast-main-header-display":"","ast-hfb-above-header-display":"","ast-hfb-below-header-display":"","ast-hfb-mobile-header-display":"","site-post-title":"","ast-breadcrumbs-content":"","ast-featured-img":"","footer-sml-layout":"","ast-disable-related-posts":"","theme-transparent-header-meta":"default","adv-header-id-meta":"","stick-header-meta":"","header-above-stick-meta":"","header-main-stick-meta":"","header-below-stick-meta":"","astra-migrate-meta-layouts":"default","ast-page-background-enabled":"default","ast-page-background-meta":{"desktop":{"background-color":"","background-image":"","background-repeat":"repeat","background-position":"center center","background-size":"auto","background-attachment":"scroll","background-type":"","background-media":"","overlay-type":"","overlay-color":"","overlay-opacity":"","overlay-gradient":""},"tablet":{"background-color":"","background-image":"","background-repeat":"repeat","background-position":"center center","background-size":"auto","background-attachment":"scroll","background-type":"","background-media":"","overlay-type":"","overlay-color":"","overlay-opacity":"","overlay-gradient":""},"mobile":{"background-color":"","background-image":"","background-repeat":"repeat","background-position":"center center","background-size":"auto","background-attachment":"scroll","background-type":"","background-media":"","overlay-type":"","overlay-color":"","overlay-opacity":"","overlay-gradient":""}},"ast-content-background-meta":{"desktop":{"background-color":"var(--ast-global-color-5)","background-image":"","background-repeat":"repeat","background-position":"center center","background-size":"auto","background-attachment":"scroll","background-type":"","background-media":"","overlay-type":"","overlay-color":"","overlay-opacity":"","overlay-gradient":""},"tablet":{"background-color":"var(--ast-global-color-5)","background-image":"","background-repeat":"repeat","background-position":"center center","background-size":"auto","background-attachment":"scroll","background-type":"","background-media":"","overlay-type":"","overlay-color":"","overlay-opacity":"","overlay-gradient":""},"mobile":{"background-color":"var(--ast-global-color-5)","background-image":"","background-repeat":"repeat","background-position":"center center","background-size":"auto","background-attachment":"scroll","background-type":"","background-media":"","overlay-type":"","overlay-color":"","overlay-opacity":"","overlay-gradient":""}}},"product_brand":[],"product_cat":[599,764],"product_tag":[],"class_list":{"0":"post-18353","1":"product","2":"type-product","3":"status-publish","4":"has-post-thumbnail","6":"product_cat-postenhandel","7":"product_cat-schlangen","8":"pa_merk-gardena","9":"desktop-align-left","10":"tablet-align-left","11":"mobile-align-left","13":"first","14":"instock","15":"taxable","16":"shipping-taxable","17":"purchasable","18":"product-type-simple"},"acf":[],"yoast_head":"<!-- This site is optimized with the Yoast SEO plugin v27.5 - https:\/\/yoast.com\/product\/yoast-seo-wordpress\/ -->\n<title>EcoLine Schlauchsatz 13 mm (1\/2&quot;) 20 m - DHZ Outlet &amp; Partijhandel<\/title>\n<meta name=\"robots\" content=\"index, follow, max-snippet:-1, max-image-preview:large, max-video-preview:-1\" \/>\n<link rel=\"canonical\" href=\"https:\/\/partijhandeldhz.nl\/de\/produkt\/ecoline-schlauchsatz-13-mm-1-2-20-m\/\" \/>\n<meta property=\"og:locale\" content=\"de_DE\" \/>\n<meta property=\"og:type\" content=\"article\" \/>\n<meta property=\"og:title\" content=\"EcoLine Schlauchsatz 13 mm (1\/2&quot;) 20 m - DHZ Outlet &amp; Partijhandel\" \/>\n<meta property=\"og:description\" content=\"Der Gardena EcoLine Schlauchsatz 13 mm (1\/2&quot;) 20 m ist eine vollst\u00e4ndige und nachhaltige L\u00f6sung f\u00fcr umweltfreundliches Gartengie\u00dfen. Dieses Set enth\u00e4lt einen 20 Meter langen Gartenschlauch und alle notwendigen Anschl\u00fcsse, einschlie\u00dflich der Reinigungspistole. Hergestellt aus recyceltem Material und frei von sch\u00e4dlichen Substanzen, verbindet dieses Set Benutzerfreundlichkeit mit Nachhaltigkeit. Dank des Power Grip-Profils und eines Platzdrucks von 20 bar ist der Schlauch zuverl\u00e4ssig und verschlei\u00dffest.  Bitte beachten Sie: Dieses Produkt kann nur \u00fcber unseren Webshop bestellt werden.\" \/>\n<meta property=\"og:url\" content=\"https:\/\/partijhandeldhz.nl\/de\/produkt\/ecoline-schlauchsatz-13-mm-1-2-20-m\/\" \/>\n<meta property=\"og:site_name\" content=\"DHZ Outlet &amp; Partijhandel\" \/>\n<meta property=\"article:publisher\" content=\"https:\/\/www.facebook.com\/people\/Partijhandel-DHZ\/61573487458594\/\" \/>\n<meta property=\"og:image\" content=\"https:\/\/partijhandeldhz.nl\/wp-content\/uploads\/2026\/02\/Afbeelding-1-9.jpg\" \/>\n\t<meta property=\"og:image:width\" content=\"1000\" \/>\n\t<meta property=\"og:image:height\" content=\"1000\" \/>\n\t<meta property=\"og:image:type\" content=\"image\/jpeg\" \/>\n<meta name=\"twitter:card\" content=\"summary_large_image\" \/>\n<meta name=\"twitter:label1\" content=\"Gesch\u00e4tzte Lesezeit\" \/>\n\t<meta name=\"twitter:data1\" content=\"2\u00a0Minuten\" \/>\n<script type=\"application\/ld+json\" class=\"yoast-schema-graph\">{\"@context\":\"https:\\\/\\\/schema.org\",\"@graph\":[{\"@type\":\"WebPage\",\"@id\":\"https:\\\/\\\/partijhandeldhz.nl\\\/de\\\/produkt\\\/ecoline-schlauchsatz-13-mm-1-2-20-m\\\/\",\"url\":\"https:\\\/\\\/partijhandeldhz.nl\\\/de\\\/produkt\\\/ecoline-schlauchsatz-13-mm-1-2-20-m\\\/\",\"name\":\"EcoLine Schlauchsatz 13 mm (1\\\/2\\\") 20 m - DHZ Outlet &amp; Partijhandel\",\"isPartOf\":{\"@id\":\"https:\\\/\\\/partijhandeldhz.nl\\\/de\\\/#website\"},\"primaryImageOfPage\":{\"@id\":\"https:\\\/\\\/partijhandeldhz.nl\\\/de\\\/produkt\\\/ecoline-schlauchsatz-13-mm-1-2-20-m\\\/#primaryimage\"},\"image\":{\"@id\":\"https:\\\/\\\/partijhandeldhz.nl\\\/de\\\/produkt\\\/ecoline-schlauchsatz-13-mm-1-2-20-m\\\/#primaryimage\"},\"thumbnailUrl\":\"https:\\\/\\\/partijhandeldhz.nl\\\/wp-content\\\/uploads\\\/2026\\\/02\\\/Afbeelding-1-9.jpg\",\"datePublished\":\"2026-02-24T14:11:17+00:00\",\"breadcrumb\":{\"@id\":\"https:\\\/\\\/partijhandeldhz.nl\\\/de\\\/produkt\\\/ecoline-schlauchsatz-13-mm-1-2-20-m\\\/#breadcrumb\"},\"inLanguage\":\"de\",\"potentialAction\":[{\"@type\":\"ReadAction\",\"target\":[\"https:\\\/\\\/partijhandeldhz.nl\\\/de\\\/produkt\\\/ecoline-schlauchsatz-13-mm-1-2-20-m\\\/\"]}]},{\"@type\":\"ImageObject\",\"inLanguage\":\"de\",\"@id\":\"https:\\\/\\\/partijhandeldhz.nl\\\/de\\\/produkt\\\/ecoline-schlauchsatz-13-mm-1-2-20-m\\\/#primaryimage\",\"url\":\"https:\\\/\\\/partijhandeldhz.nl\\\/wp-content\\\/uploads\\\/2026\\\/02\\\/Afbeelding-1-9.jpg\",\"contentUrl\":\"https:\\\/\\\/partijhandeldhz.nl\\\/wp-content\\\/uploads\\\/2026\\\/02\\\/Afbeelding-1-9.jpg\",\"width\":1000,\"height\":1000},{\"@type\":\"BreadcrumbList\",\"@id\":\"https:\\\/\\\/partijhandeldhz.nl\\\/de\\\/produkt\\\/ecoline-schlauchsatz-13-mm-1-2-20-m\\\/#breadcrumb\",\"itemListElement\":[{\"@type\":\"ListItem\",\"position\":1,\"name\":\"Home\",\"item\":\"https:\\\/\\\/partijhandeldhz.nl\\\/de\\\/\"},{\"@type\":\"ListItem\",\"position\":2,\"name\":\"Shop\",\"item\":\"https:\\\/\\\/partijhandeldhz.nl\\\/de\\\/shop\\\/\"},{\"@type\":\"ListItem\",\"position\":3,\"name\":\"EcoLine Schlauchsatz 13 mm (1\\\/2&#8243;) 20 m\"}]},{\"@type\":\"WebSite\",\"@id\":\"https:\\\/\\\/partijhandeldhz.nl\\\/de\\\/#website\",\"url\":\"https:\\\/\\\/partijhandeldhz.nl\\\/de\\\/\",\"name\":\"DHZ Outlet & Partijhandel\",\"description\":\"Grote en kleine partijen, altijd de scherpste prijs!\",\"publisher\":{\"@id\":\"https:\\\/\\\/partijhandeldhz.nl\\\/de\\\/#organization\"},\"potentialAction\":[{\"@type\":\"SearchAction\",\"target\":{\"@type\":\"EntryPoint\",\"urlTemplate\":\"https:\\\/\\\/partijhandeldhz.nl\\\/de\\\/?s={search_term_string}\"},\"query-input\":{\"@type\":\"PropertyValueSpecification\",\"valueRequired\":true,\"valueName\":\"search_term_string\"}}],\"inLanguage\":\"de\"},{\"@type\":\"Organization\",\"@id\":\"https:\\\/\\\/partijhandeldhz.nl\\\/de\\\/#organization\",\"name\":\"DHZ Outlet & Partijhandel\",\"url\":\"https:\\\/\\\/partijhandeldhz.nl\\\/de\\\/\",\"logo\":{\"@type\":\"ImageObject\",\"inLanguage\":\"de\",\"@id\":\"https:\\\/\\\/partijhandeldhz.nl\\\/de\\\/#\\\/schema\\\/logo\\\/image\\\/\",\"url\":\"https:\\\/\\\/partijhandeldhz.nl\\\/wp-content\\\/uploads\\\/2025\\\/03\\\/1.png\",\"contentUrl\":\"https:\\\/\\\/partijhandeldhz.nl\\\/wp-content\\\/uploads\\\/2025\\\/03\\\/1.png\",\"width\":1000,\"height\":500,\"caption\":\"DHZ Outlet & Partijhandel\"},\"image\":{\"@id\":\"https:\\\/\\\/partijhandeldhz.nl\\\/de\\\/#\\\/schema\\\/logo\\\/image\\\/\"},\"sameAs\":[\"https:\\\/\\\/www.facebook.com\\\/people\\\/Partijhandel-DHZ\\\/61573487458594\\\/\",\"https:\\\/\\\/www.instagram.com\\\/partijhandeldhz\\\/\"]}]}<\/script>\n<!-- \/ Yoast SEO plugin. -->","yoast_head_json":{"title":"EcoLine Schlauchsatz 13 mm (1\/2\") 20 m - DHZ Outlet &amp; Partijhandel","robots":{"index":"index","follow":"follow","max-snippet":"max-snippet:-1","max-image-preview":"max-image-preview:large","max-video-preview":"max-video-preview:-1"},"canonical":"https:\/\/partijhandeldhz.nl\/de\/produkt\/ecoline-schlauchsatz-13-mm-1-2-20-m\/","og_locale":"de_DE","og_type":"article","og_title":"EcoLine Schlauchsatz 13 mm (1\/2\") 20 m - DHZ Outlet &amp; Partijhandel","og_description":"Der Gardena EcoLine Schlauchsatz 13 mm (1\/2\") 20 m ist eine vollst\u00e4ndige und nachhaltige L\u00f6sung f\u00fcr umweltfreundliches Gartengie\u00dfen. Dieses Set enth\u00e4lt einen 20 Meter langen Gartenschlauch und alle notwendigen Anschl\u00fcsse, einschlie\u00dflich der Reinigungspistole. Hergestellt aus recyceltem Material und frei von sch\u00e4dlichen Substanzen, verbindet dieses Set Benutzerfreundlichkeit mit Nachhaltigkeit. Dank des Power Grip-Profils und eines Platzdrucks von 20 bar ist der Schlauch zuverl\u00e4ssig und verschlei\u00dffest.  Bitte beachten Sie: Dieses Produkt kann nur \u00fcber unseren Webshop bestellt werden.","og_url":"https:\/\/partijhandeldhz.nl\/de\/produkt\/ecoline-schlauchsatz-13-mm-1-2-20-m\/","og_site_name":"DHZ Outlet &amp; Partijhandel","article_publisher":"https:\/\/www.facebook.com\/people\/Partijhandel-DHZ\/61573487458594\/","og_image":[{"width":1000,"height":1000,"url":"https:\/\/partijhandeldhz.nl\/wp-content\/uploads\/2026\/02\/Afbeelding-1-9.jpg","type":"image\/jpeg"}],"twitter_card":"summary_large_image","twitter_misc":{"Gesch\u00e4tzte Lesezeit":"2\u00a0Minuten"},"schema":{"@context":"https:\/\/schema.org","@graph":[{"@type":"WebPage","@id":"https:\/\/partijhandeldhz.nl\/de\/produkt\/ecoline-schlauchsatz-13-mm-1-2-20-m\/","url":"https:\/\/partijhandeldhz.nl\/de\/produkt\/ecoline-schlauchsatz-13-mm-1-2-20-m\/","name":"EcoLine Schlauchsatz 13 mm (1\/2\") 20 m - DHZ Outlet &amp; Partijhandel","isPartOf":{"@id":"https:\/\/partijhandeldhz.nl\/de\/#website"},"primaryImageOfPage":{"@id":"https:\/\/partijhandeldhz.nl\/de\/produkt\/ecoline-schlauchsatz-13-mm-1-2-20-m\/#primaryimage"},"image":{"@id":"https:\/\/partijhandeldhz.nl\/de\/produkt\/ecoline-schlauchsatz-13-mm-1-2-20-m\/#primaryimage"},"thumbnailUrl":"https:\/\/partijhandeldhz.nl\/wp-content\/uploads\/2026\/02\/Afbeelding-1-9.jpg","datePublished":"2026-02-24T14:11:17+00:00","breadcrumb":{"@id":"https:\/\/partijhandeldhz.nl\/de\/produkt\/ecoline-schlauchsatz-13-mm-1-2-20-m\/#breadcrumb"},"inLanguage":"de","potentialAction":[{"@type":"ReadAction","target":["https:\/\/partijhandeldhz.nl\/de\/produkt\/ecoline-schlauchsatz-13-mm-1-2-20-m\/"]}]},{"@type":"ImageObject","inLanguage":"de","@id":"https:\/\/partijhandeldhz.nl\/de\/produkt\/ecoline-schlauchsatz-13-mm-1-2-20-m\/#primaryimage","url":"https:\/\/partijhandeldhz.nl\/wp-content\/uploads\/2026\/02\/Afbeelding-1-9.jpg","contentUrl":"https:\/\/partijhandeldhz.nl\/wp-content\/uploads\/2026\/02\/Afbeelding-1-9.jpg","width":1000,"height":1000},{"@type":"BreadcrumbList","@id":"https:\/\/partijhandeldhz.nl\/de\/produkt\/ecoline-schlauchsatz-13-mm-1-2-20-m\/#breadcrumb","itemListElement":[{"@type":"ListItem","position":1,"name":"Home","item":"https:\/\/partijhandeldhz.nl\/de\/"},{"@type":"ListItem","position":2,"name":"Shop","item":"https:\/\/partijhandeldhz.nl\/de\/shop\/"},{"@type":"ListItem","position":3,"name":"EcoLine Schlauchsatz 13 mm (1\/2&#8243;) 20 m"}]},{"@type":"WebSite","@id":"https:\/\/partijhandeldhz.nl\/de\/#website","url":"https:\/\/partijhandeldhz.nl\/de\/","name":"DHZ Outlet & Partijhandel","description":"Grote en kleine partijen, altijd de scherpste prijs!","publisher":{"@id":"https:\/\/partijhandeldhz.nl\/de\/#organization"},"potentialAction":[{"@type":"SearchAction","target":{"@type":"EntryPoint","urlTemplate":"https:\/\/partijhandeldhz.nl\/de\/?s={search_term_string}"},"query-input":{"@type":"PropertyValueSpecification","valueRequired":true,"valueName":"search_term_string"}}],"inLanguage":"de"},{"@type":"Organization","@id":"https:\/\/partijhandeldhz.nl\/de\/#organization","name":"DHZ Outlet & Partijhandel","url":"https:\/\/partijhandeldhz.nl\/de\/","logo":{"@type":"ImageObject","inLanguage":"de","@id":"https:\/\/partijhandeldhz.nl\/de\/#\/schema\/logo\/image\/","url":"https:\/\/partijhandeldhz.nl\/wp-content\/uploads\/2025\/03\/1.png","contentUrl":"https:\/\/partijhandeldhz.nl\/wp-content\/uploads\/2025\/03\/1.png","width":1000,"height":500,"caption":"DHZ Outlet & Partijhandel"},"image":{"@id":"https:\/\/partijhandeldhz.nl\/de\/#\/schema\/logo\/image\/"},"sameAs":["https:\/\/www.facebook.com\/people\/Partijhandel-DHZ\/61573487458594\/","https:\/\/www.instagram.com\/partijhandeldhz\/"]}]}},"jetpack_sharing_enabled":true,"_links":{"self":[{"href":"https:\/\/partijhandeldhz.nl\/de\/wp-json\/wp\/v2\/product\/18353","targetHints":{"allow":["GET"]}}],"collection":[{"href":"https:\/\/partijhandeldhz.nl\/de\/wp-json\/wp\/v2\/product"}],"about":[{"href":"https:\/\/partijhandeldhz.nl\/de\/wp-json\/wp\/v2\/types\/product"}],"version-history":[{"count":0,"href":"https:\/\/partijhandeldhz.nl\/de\/wp-json\/wp\/v2\/product\/18353\/revisions"}],"wp:featuredmedia":[{"embeddable":true,"href":"https:\/\/partijhandeldhz.nl\/de\/wp-json\/wp\/v2\/media\/17719"}],"wp:attachment":[{"href":"https:\/\/partijhandeldhz.nl\/de\/wp-json\/wp\/v2\/media?parent=18353"}],"wp:term":[{"taxonomy":"product_brand","embeddable":true,"href":"https:\/\/partijhandeldhz.nl\/de\/wp-json\/wp\/v2\/product_brand?post=18353"},{"taxonomy":"product_cat","embeddable":true,"href":"https:\/\/partijhandeldhz.nl\/de\/wp-json\/wp\/v2\/product_cat?post=18353"},{"taxonomy":"product_tag","embeddable":true,"href":"https:\/\/partijhandeldhz.nl\/de\/wp-json\/wp\/v2\/product_tag?post=18353"}],"curies":[{"name":"wp","href":"https:\/\/api.w.org\/{rel}","templated":true}]}}