{"id":18352,"date":"2026-02-24T13:55:32","date_gmt":"2026-02-24T13:55:32","guid":{"rendered":"https:\/\/partijhandeldhz.nl\/product\/ecoline-schlauch-13-mm-1-2-20-m\/"},"modified":"2026-02-24T13:55:32","modified_gmt":"2026-02-24T13:55:32","slug":"ecoline-schlauch-13-mm-1-2-20-m","status":"publish","type":"product","link":"https:\/\/partijhandeldhz.nl\/de\/produkt\/ecoline-schlauch-13-mm-1-2-20-m\/","title":{"rendered":"EcoLine Schlauch 13 mm (1\/2&#8243;) 20 m"},"content":{"rendered":"<p data-start=\"794\" data-end=\"1179\">Mit dem Gardena EcoLine Schlauch 13 mm (1\/2&#8243;) 20 m w\u00e4hlen Sie bewusst eine nachhaltige und hochwertige L\u00f6sung f\u00fcr das Bew\u00e4ssern im Garten. Dieser Gartenschlauch ist Teil der EcoLine-Serie und besteht aus TPE-Material, wobei mehr als 65 % recycelte Kunststoffe bestehen, haupts\u00e4chlich aus Haushaltsabf\u00e4llen wie Verpackungen. So tragen Sie aktiv zu einem umweltfreundlichen Garten bei.  <\/p>\n<p data-start=\"1181\" data-end=\"1460\">Der Schlauch ist frei von Phthalaten und anderen sch\u00e4dlichen Stoffen (&lt; 0,1 %) und erf\u00fcllt hohe Qualit\u00e4ts- und Sicherheitsstandards. Das integrierte Power Grip-Profil sorgt f\u00fcr eine feste und undichte Verbindung mit GARDENA-Steckverbindern, was einen optimalen Wasserfluss garantiert. <\/p>\n<p data-start=\"1462\" data-end=\"1738\">Dank seiner wendigen und leichten Bauweise ist der Schlauch leicht zu handhaben und perfekt geeignet f\u00fcr den Einsatz mit einem Laufwagen oder einer Rolle. Die UV- und frostbest\u00e4ndigen Eigenschaften erm\u00f6glichen es, den Schlauch das ganze Jahr \u00fcber drau\u00dfen zu lassen, ohne Qualit\u00e4tsverlust zu verursachen. <\/p>\n<p data-start=\"1740\" data-end=\"1972\">Mit einem Platzdruck von 20 bar bietet dieser Gartenschlauch eine zuverl\u00e4ssige Leistung in verschiedenen Anwendungen im Garten. Der EcoLine-Schlauch wird in Europa hergestellt und wird nach der Registrierung \u00fcber Gardena durch eine 30-j\u00e4hrige Garantie abgesichert. <\/p>\n<h3 data-start=\"1979\" data-end=\"2010\">Schl\u00fcsselmerkmale<\/h3>\n<ul>\n<li data-start=\"2013\" data-end=\"2028\">Marke: Gardena<\/li>\n<li data-start=\"2031\" data-end=\"2056\">Typ: EcoLine Gartenschlauch<\/li>\n<li data-start=\"2059\" data-end=\"2088\">Rohrdurchmesser: 13 mm (1\/2&#8243;)<\/li>\n<li data-start=\"2091\" data-end=\"2114\">L\u00e4nge des Schlauchs: 20 Meter<\/li>\n<li data-start=\"2117\" data-end=\"2136\">Platzdruck: 20 bar<\/li>\n<li data-start=\"2139\" data-end=\"2185\">Material: TPE mit &gt;65 % recyceltem Kunststoff<\/li>\n<li data-start=\"2188\" data-end=\"2238\">Frei von Phthalaten und sch\u00e4dlichen Stoffen (&lt;0,1 %)<\/li>\n<li data-start=\"2241\" data-end=\"2284\">Power Grip-Profil f\u00fcr sichere Kupplung<\/li>\n<li data-start=\"2287\" data-end=\"2310\">UV- und frostbest\u00e4ndig<\/li>\n<li data-start=\"2313\" data-end=\"2353\">Geeignet f\u00fcr Schlauchwagen und Spulen<\/li>\n<li data-start=\"2356\" data-end=\"2380\">Hergestellt in Europa<\/li>\n<li data-start=\"2383\" data-end=\"2419\">Garantie: 30 Jahre (nach der Anmeldung)<\/li>\n<li data-start=\"2422\" data-end=\"2449\">EAN-Code: 4066407002500<\/li>\n<\/ul>\n<h3 data-start=\"2456\" data-end=\"2483\">Technische Daten<\/h3>\n<ul>\n<li data-start=\"2486\" data-end=\"2510\">Durchmesser: 13 mm (1\/2&#8243;)<\/li>\n<li data-start=\"2513\" data-end=\"2527\">L\u00e4nge: 20 m<\/li>\n<li data-start=\"2530\" data-end=\"2553\">Maximaldruck: 20 bar<\/li>\n<li data-start=\"2556\" data-end=\"2601\">Material: TPE (thermoplastisches Elastomer)<\/li>\n<li data-start=\"2604\" data-end=\"2622\">UV-best\u00e4ndig: Ja<\/li>\n<li data-start=\"2625\" data-end=\"2645\">Frostbest\u00e4ndig: Ja<\/li>\n<li data-start=\"2648\" data-end=\"2676\">Anwendung: Gartengie\u00dfen<\/li>\n<\/ul>\n","protected":false},"excerpt":{"rendered":"<p data-start=\"294\" data-end=\"685\">Der Gardena EcoLine Schlauch 13 mm (1\/2&#8243;) 20m ist ein langlebiger Gartenschlauch f\u00fcr umweltfreundliches Bew\u00e4ssern im Garten. Hergestellt aus recyceltem Material und frei von sch\u00e4dlichen Stoffen, bietet dieser 20-Meter-Schlauch optimale Flexibilit\u00e4t und Benutzerfreundlichkeit. Dank des Power Grip-Profils und eines Platzdrucks von 20 bar ist der Schlauch zuverl\u00e4ssig und verschlei\u00dffest. Ideal f\u00fcr den t\u00e4glichen Gebrauch in jedem Garten.   <\/p>\n<p data-start=\"687\" data-end=\"753\"><strong data-start=\"687\" data-end=\"753\"><em data-start=\"689\" data-end=\"751\">Bitte beachten Sie: Dieses Produkt kann nur \u00fcber unseren Webshop bestellt werden.<\/em><\/strong><\/p>\n","protected":false},"featured_media":17708,"template":"","meta":{"_acf_changed":false,"site-sidebar-layout":"default","site-content-layout":"","ast-site-content-layout":"default","site-content-style":"default","site-sidebar-style":"default","ast-global-header-display":"","ast-banner-title-visibility":"","ast-main-header-display":"","ast-hfb-above-header-display":"","ast-hfb-below-header-display":"","ast-hfb-mobile-header-display":"","site-post-title":"","ast-breadcrumbs-content":"","ast-featured-img":"","footer-sml-layout":"","ast-disable-related-posts":"","theme-transparent-header-meta":"default","adv-header-id-meta":"","stick-header-meta":"","header-above-stick-meta":"","header-main-stick-meta":"","header-below-stick-meta":"","astra-migrate-meta-layouts":"default","ast-page-background-enabled":"default","ast-page-background-meta":{"desktop":{"background-color":"","background-image":"","background-repeat":"repeat","background-position":"center center","background-size":"auto","background-attachment":"scroll","background-type":"","background-media":"","overlay-type":"","overlay-color":"","overlay-opacity":"","overlay-gradient":""},"tablet":{"background-color":"","background-image":"","background-repeat":"repeat","background-position":"center center","background-size":"auto","background-attachment":"scroll","background-type":"","background-media":"","overlay-type":"","overlay-color":"","overlay-opacity":"","overlay-gradient":""},"mobile":{"background-color":"","background-image":"","background-repeat":"repeat","background-position":"center center","background-size":"auto","background-attachment":"scroll","background-type":"","background-media":"","overlay-type":"","overlay-color":"","overlay-opacity":"","overlay-gradient":""}},"ast-content-background-meta":{"desktop":{"background-color":"var(--ast-global-color-5)","background-image":"","background-repeat":"repeat","background-position":"center center","background-size":"auto","background-attachment":"scroll","background-type":"","background-media":"","overlay-type":"","overlay-color":"","overlay-opacity":"","overlay-gradient":""},"tablet":{"background-color":"var(--ast-global-color-5)","background-image":"","background-repeat":"repeat","background-position":"center center","background-size":"auto","background-attachment":"scroll","background-type":"","background-media":"","overlay-type":"","overlay-color":"","overlay-opacity":"","overlay-gradient":""},"mobile":{"background-color":"var(--ast-global-color-5)","background-image":"","background-repeat":"repeat","background-position":"center center","background-size":"auto","background-attachment":"scroll","background-type":"","background-media":"","overlay-type":"","overlay-color":"","overlay-opacity":"","overlay-gradient":""}}},"product_brand":[],"product_cat":[599,764],"product_tag":[],"class_list":{"0":"post-18352","1":"product","2":"type-product","3":"status-publish","4":"has-post-thumbnail","6":"product_cat-postenhandel","7":"product_cat-schlangen","8":"pa_merk-gardena","9":"desktop-align-left","10":"tablet-align-left","11":"mobile-align-left","13":"first","14":"instock","15":"taxable","16":"shipping-taxable","17":"purchasable","18":"product-type-simple"},"acf":[],"yoast_head":"<!-- This site is optimized with the Yoast SEO plugin v27.5 - https:\/\/yoast.com\/product\/yoast-seo-wordpress\/ -->\n<title>EcoLine Schlauch 13 mm (1\/2&quot;) 20 m - DHZ Outlet &amp; Partijhandel<\/title>\n<meta name=\"robots\" content=\"index, follow, max-snippet:-1, max-image-preview:large, max-video-preview:-1\" \/>\n<link rel=\"canonical\" href=\"https:\/\/partijhandeldhz.nl\/de\/produkt\/ecoline-schlauch-13-mm-1-2-20-m\/\" \/>\n<meta property=\"og:locale\" content=\"de_DE\" \/>\n<meta property=\"og:type\" content=\"article\" \/>\n<meta property=\"og:title\" content=\"EcoLine Schlauch 13 mm (1\/2&quot;) 20 m - DHZ Outlet &amp; Partijhandel\" \/>\n<meta property=\"og:description\" content=\"Der Gardena EcoLine Schlauch 13 mm (1\/2&quot;) 20m ist ein langlebiger Gartenschlauch f\u00fcr umweltfreundliches Bew\u00e4ssern im Garten. Hergestellt aus recyceltem Material und frei von sch\u00e4dlichen Stoffen, bietet dieser 20-Meter-Schlauch optimale Flexibilit\u00e4t und Benutzerfreundlichkeit. Dank des Power Grip-Profils und eines Platzdrucks von 20 bar ist der Schlauch zuverl\u00e4ssig und verschlei\u00dffest. Ideal f\u00fcr den t\u00e4glichen Gebrauch in jedem Garten.  Bitte beachten Sie: Dieses Produkt kann nur \u00fcber unseren Webshop bestellt werden.\" \/>\n<meta property=\"og:url\" content=\"https:\/\/partijhandeldhz.nl\/de\/produkt\/ecoline-schlauch-13-mm-1-2-20-m\/\" \/>\n<meta property=\"og:site_name\" content=\"DHZ Outlet &amp; Partijhandel\" \/>\n<meta property=\"article:publisher\" content=\"https:\/\/www.facebook.com\/people\/Partijhandel-DHZ\/61573487458594\/\" \/>\n<meta property=\"og:image\" content=\"https:\/\/partijhandeldhz.nl\/wp-content\/uploads\/2026\/02\/Afbeelding-1-8.jpg\" \/>\n\t<meta property=\"og:image:width\" content=\"1000\" \/>\n\t<meta property=\"og:image:height\" content=\"1000\" \/>\n\t<meta property=\"og:image:type\" content=\"image\/jpeg\" \/>\n<meta name=\"twitter:card\" content=\"summary_large_image\" \/>\n<meta name=\"twitter:label1\" content=\"Gesch\u00e4tzte Lesezeit\" \/>\n\t<meta name=\"twitter:data1\" content=\"1\u00a0Minute\" \/>\n<script type=\"application\/ld+json\" class=\"yoast-schema-graph\">{\"@context\":\"https:\\\/\\\/schema.org\",\"@graph\":[{\"@type\":\"WebPage\",\"@id\":\"https:\\\/\\\/partijhandeldhz.nl\\\/de\\\/produkt\\\/ecoline-schlauch-13-mm-1-2-20-m\\\/\",\"url\":\"https:\\\/\\\/partijhandeldhz.nl\\\/de\\\/produkt\\\/ecoline-schlauch-13-mm-1-2-20-m\\\/\",\"name\":\"EcoLine Schlauch 13 mm (1\\\/2\\\") 20 m - DHZ Outlet &amp; Partijhandel\",\"isPartOf\":{\"@id\":\"https:\\\/\\\/partijhandeldhz.nl\\\/de\\\/#website\"},\"primaryImageOfPage\":{\"@id\":\"https:\\\/\\\/partijhandeldhz.nl\\\/de\\\/produkt\\\/ecoline-schlauch-13-mm-1-2-20-m\\\/#primaryimage\"},\"image\":{\"@id\":\"https:\\\/\\\/partijhandeldhz.nl\\\/de\\\/produkt\\\/ecoline-schlauch-13-mm-1-2-20-m\\\/#primaryimage\"},\"thumbnailUrl\":\"https:\\\/\\\/partijhandeldhz.nl\\\/wp-content\\\/uploads\\\/2026\\\/02\\\/Afbeelding-1-8.jpg\",\"datePublished\":\"2026-02-24T13:55:32+00:00\",\"breadcrumb\":{\"@id\":\"https:\\\/\\\/partijhandeldhz.nl\\\/de\\\/produkt\\\/ecoline-schlauch-13-mm-1-2-20-m\\\/#breadcrumb\"},\"inLanguage\":\"de\",\"potentialAction\":[{\"@type\":\"ReadAction\",\"target\":[\"https:\\\/\\\/partijhandeldhz.nl\\\/de\\\/produkt\\\/ecoline-schlauch-13-mm-1-2-20-m\\\/\"]}]},{\"@type\":\"ImageObject\",\"inLanguage\":\"de\",\"@id\":\"https:\\\/\\\/partijhandeldhz.nl\\\/de\\\/produkt\\\/ecoline-schlauch-13-mm-1-2-20-m\\\/#primaryimage\",\"url\":\"https:\\\/\\\/partijhandeldhz.nl\\\/wp-content\\\/uploads\\\/2026\\\/02\\\/Afbeelding-1-8.jpg\",\"contentUrl\":\"https:\\\/\\\/partijhandeldhz.nl\\\/wp-content\\\/uploads\\\/2026\\\/02\\\/Afbeelding-1-8.jpg\",\"width\":1000,\"height\":1000},{\"@type\":\"BreadcrumbList\",\"@id\":\"https:\\\/\\\/partijhandeldhz.nl\\\/de\\\/produkt\\\/ecoline-schlauch-13-mm-1-2-20-m\\\/#breadcrumb\",\"itemListElement\":[{\"@type\":\"ListItem\",\"position\":1,\"name\":\"Home\",\"item\":\"https:\\\/\\\/partijhandeldhz.nl\\\/de\\\/\"},{\"@type\":\"ListItem\",\"position\":2,\"name\":\"Shop\",\"item\":\"https:\\\/\\\/partijhandeldhz.nl\\\/de\\\/shop\\\/\"},{\"@type\":\"ListItem\",\"position\":3,\"name\":\"EcoLine Schlauch 13 mm (1\\\/2&#8243;) 20 m\"}]},{\"@type\":\"WebSite\",\"@id\":\"https:\\\/\\\/partijhandeldhz.nl\\\/de\\\/#website\",\"url\":\"https:\\\/\\\/partijhandeldhz.nl\\\/de\\\/\",\"name\":\"DHZ Outlet & Partijhandel\",\"description\":\"Grote en kleine partijen, altijd de scherpste prijs!\",\"publisher\":{\"@id\":\"https:\\\/\\\/partijhandeldhz.nl\\\/de\\\/#organization\"},\"potentialAction\":[{\"@type\":\"SearchAction\",\"target\":{\"@type\":\"EntryPoint\",\"urlTemplate\":\"https:\\\/\\\/partijhandeldhz.nl\\\/de\\\/?s={search_term_string}\"},\"query-input\":{\"@type\":\"PropertyValueSpecification\",\"valueRequired\":true,\"valueName\":\"search_term_string\"}}],\"inLanguage\":\"de\"},{\"@type\":\"Organization\",\"@id\":\"https:\\\/\\\/partijhandeldhz.nl\\\/de\\\/#organization\",\"name\":\"DHZ Outlet & Partijhandel\",\"url\":\"https:\\\/\\\/partijhandeldhz.nl\\\/de\\\/\",\"logo\":{\"@type\":\"ImageObject\",\"inLanguage\":\"de\",\"@id\":\"https:\\\/\\\/partijhandeldhz.nl\\\/de\\\/#\\\/schema\\\/logo\\\/image\\\/\",\"url\":\"https:\\\/\\\/partijhandeldhz.nl\\\/wp-content\\\/uploads\\\/2025\\\/03\\\/1.png\",\"contentUrl\":\"https:\\\/\\\/partijhandeldhz.nl\\\/wp-content\\\/uploads\\\/2025\\\/03\\\/1.png\",\"width\":1000,\"height\":500,\"caption\":\"DHZ Outlet & Partijhandel\"},\"image\":{\"@id\":\"https:\\\/\\\/partijhandeldhz.nl\\\/de\\\/#\\\/schema\\\/logo\\\/image\\\/\"},\"sameAs\":[\"https:\\\/\\\/www.facebook.com\\\/people\\\/Partijhandel-DHZ\\\/61573487458594\\\/\",\"https:\\\/\\\/www.instagram.com\\\/partijhandeldhz\\\/\"]}]}<\/script>\n<!-- \/ Yoast SEO plugin. -->","yoast_head_json":{"title":"EcoLine Schlauch 13 mm (1\/2\") 20 m - DHZ Outlet &amp; Partijhandel","robots":{"index":"index","follow":"follow","max-snippet":"max-snippet:-1","max-image-preview":"max-image-preview:large","max-video-preview":"max-video-preview:-1"},"canonical":"https:\/\/partijhandeldhz.nl\/de\/produkt\/ecoline-schlauch-13-mm-1-2-20-m\/","og_locale":"de_DE","og_type":"article","og_title":"EcoLine Schlauch 13 mm (1\/2\") 20 m - DHZ Outlet &amp; Partijhandel","og_description":"Der Gardena EcoLine Schlauch 13 mm (1\/2\") 20m ist ein langlebiger Gartenschlauch f\u00fcr umweltfreundliches Bew\u00e4ssern im Garten. Hergestellt aus recyceltem Material und frei von sch\u00e4dlichen Stoffen, bietet dieser 20-Meter-Schlauch optimale Flexibilit\u00e4t und Benutzerfreundlichkeit. Dank des Power Grip-Profils und eines Platzdrucks von 20 bar ist der Schlauch zuverl\u00e4ssig und verschlei\u00dffest. Ideal f\u00fcr den t\u00e4glichen Gebrauch in jedem Garten.  Bitte beachten Sie: Dieses Produkt kann nur \u00fcber unseren Webshop bestellt werden.","og_url":"https:\/\/partijhandeldhz.nl\/de\/produkt\/ecoline-schlauch-13-mm-1-2-20-m\/","og_site_name":"DHZ Outlet &amp; Partijhandel","article_publisher":"https:\/\/www.facebook.com\/people\/Partijhandel-DHZ\/61573487458594\/","og_image":[{"width":1000,"height":1000,"url":"https:\/\/partijhandeldhz.nl\/wp-content\/uploads\/2026\/02\/Afbeelding-1-8.jpg","type":"image\/jpeg"}],"twitter_card":"summary_large_image","twitter_misc":{"Gesch\u00e4tzte Lesezeit":"1\u00a0Minute"},"schema":{"@context":"https:\/\/schema.org","@graph":[{"@type":"WebPage","@id":"https:\/\/partijhandeldhz.nl\/de\/produkt\/ecoline-schlauch-13-mm-1-2-20-m\/","url":"https:\/\/partijhandeldhz.nl\/de\/produkt\/ecoline-schlauch-13-mm-1-2-20-m\/","name":"EcoLine Schlauch 13 mm (1\/2\") 20 m - DHZ Outlet &amp; Partijhandel","isPartOf":{"@id":"https:\/\/partijhandeldhz.nl\/de\/#website"},"primaryImageOfPage":{"@id":"https:\/\/partijhandeldhz.nl\/de\/produkt\/ecoline-schlauch-13-mm-1-2-20-m\/#primaryimage"},"image":{"@id":"https:\/\/partijhandeldhz.nl\/de\/produkt\/ecoline-schlauch-13-mm-1-2-20-m\/#primaryimage"},"thumbnailUrl":"https:\/\/partijhandeldhz.nl\/wp-content\/uploads\/2026\/02\/Afbeelding-1-8.jpg","datePublished":"2026-02-24T13:55:32+00:00","breadcrumb":{"@id":"https:\/\/partijhandeldhz.nl\/de\/produkt\/ecoline-schlauch-13-mm-1-2-20-m\/#breadcrumb"},"inLanguage":"de","potentialAction":[{"@type":"ReadAction","target":["https:\/\/partijhandeldhz.nl\/de\/produkt\/ecoline-schlauch-13-mm-1-2-20-m\/"]}]},{"@type":"ImageObject","inLanguage":"de","@id":"https:\/\/partijhandeldhz.nl\/de\/produkt\/ecoline-schlauch-13-mm-1-2-20-m\/#primaryimage","url":"https:\/\/partijhandeldhz.nl\/wp-content\/uploads\/2026\/02\/Afbeelding-1-8.jpg","contentUrl":"https:\/\/partijhandeldhz.nl\/wp-content\/uploads\/2026\/02\/Afbeelding-1-8.jpg","width":1000,"height":1000},{"@type":"BreadcrumbList","@id":"https:\/\/partijhandeldhz.nl\/de\/produkt\/ecoline-schlauch-13-mm-1-2-20-m\/#breadcrumb","itemListElement":[{"@type":"ListItem","position":1,"name":"Home","item":"https:\/\/partijhandeldhz.nl\/de\/"},{"@type":"ListItem","position":2,"name":"Shop","item":"https:\/\/partijhandeldhz.nl\/de\/shop\/"},{"@type":"ListItem","position":3,"name":"EcoLine Schlauch 13 mm (1\/2&#8243;) 20 m"}]},{"@type":"WebSite","@id":"https:\/\/partijhandeldhz.nl\/de\/#website","url":"https:\/\/partijhandeldhz.nl\/de\/","name":"DHZ Outlet & Partijhandel","description":"Grote en kleine partijen, altijd de scherpste prijs!","publisher":{"@id":"https:\/\/partijhandeldhz.nl\/de\/#organization"},"potentialAction":[{"@type":"SearchAction","target":{"@type":"EntryPoint","urlTemplate":"https:\/\/partijhandeldhz.nl\/de\/?s={search_term_string}"},"query-input":{"@type":"PropertyValueSpecification","valueRequired":true,"valueName":"search_term_string"}}],"inLanguage":"de"},{"@type":"Organization","@id":"https:\/\/partijhandeldhz.nl\/de\/#organization","name":"DHZ Outlet & Partijhandel","url":"https:\/\/partijhandeldhz.nl\/de\/","logo":{"@type":"ImageObject","inLanguage":"de","@id":"https:\/\/partijhandeldhz.nl\/de\/#\/schema\/logo\/image\/","url":"https:\/\/partijhandeldhz.nl\/wp-content\/uploads\/2025\/03\/1.png","contentUrl":"https:\/\/partijhandeldhz.nl\/wp-content\/uploads\/2025\/03\/1.png","width":1000,"height":500,"caption":"DHZ Outlet & Partijhandel"},"image":{"@id":"https:\/\/partijhandeldhz.nl\/de\/#\/schema\/logo\/image\/"},"sameAs":["https:\/\/www.facebook.com\/people\/Partijhandel-DHZ\/61573487458594\/","https:\/\/www.instagram.com\/partijhandeldhz\/"]}]}},"jetpack_sharing_enabled":true,"_links":{"self":[{"href":"https:\/\/partijhandeldhz.nl\/de\/wp-json\/wp\/v2\/product\/18352","targetHints":{"allow":["GET"]}}],"collection":[{"href":"https:\/\/partijhandeldhz.nl\/de\/wp-json\/wp\/v2\/product"}],"about":[{"href":"https:\/\/partijhandeldhz.nl\/de\/wp-json\/wp\/v2\/types\/product"}],"version-history":[{"count":0,"href":"https:\/\/partijhandeldhz.nl\/de\/wp-json\/wp\/v2\/product\/18352\/revisions"}],"wp:featuredmedia":[{"embeddable":true,"href":"https:\/\/partijhandeldhz.nl\/de\/wp-json\/wp\/v2\/media\/17708"}],"wp:attachment":[{"href":"https:\/\/partijhandeldhz.nl\/de\/wp-json\/wp\/v2\/media?parent=18352"}],"wp:term":[{"taxonomy":"product_brand","embeddable":true,"href":"https:\/\/partijhandeldhz.nl\/de\/wp-json\/wp\/v2\/product_brand?post=18352"},{"taxonomy":"product_cat","embeddable":true,"href":"https:\/\/partijhandeldhz.nl\/de\/wp-json\/wp\/v2\/product_cat?post=18352"},{"taxonomy":"product_tag","embeddable":true,"href":"https:\/\/partijhandeldhz.nl\/de\/wp-json\/wp\/v2\/product_tag?post=18352"}],"curies":[{"name":"wp","href":"https:\/\/api.w.org\/{rel}","templated":true}]}}