{"id":18348,"date":"2026-02-25T09:24:41","date_gmt":"2026-02-25T09:24:41","guid":{"rendered":"https:\/\/partijhandeldhz.nl\/product\/tischuhr-mit-zahnraedern\/"},"modified":"2026-02-25T09:24:41","modified_gmt":"2026-02-25T09:24:41","slug":"tischuhr-mit-zahnraedern","status":"publish","type":"product","link":"https:\/\/partijhandeldhz.nl\/de\/produkt\/tischuhr-mit-zahnraedern\/","title":{"rendered":"Tischuhr mit Zahnr\u00e4dern"},"content":{"rendered":"<p data-start=\"800\" data-end=\"1121\">Der Volt! Die industrielle Tischuhr mit Zahnr\u00e4dern ist eine auff\u00e4llige Designuhr im Industriestil. Das einzigartige Design ist von mechanischen Zahnr\u00e4dern und Fahrradketten inspiriert, was ein robustes und charaktervolles Aussehen verleiht. Die offene Metallkonstruktion verleiht der Uhr ein authentisches Werkstatt- oder Loft-Aussehen.   <\/p>\n<p data-start=\"1123\" data-end=\"1346\">Das Vintage-Zifferblatt mit klassischer Ziffernanzeige bildet einen sch\u00f6nen Kontrast zum stabilen Metallrahmen. Dank des zuverl\u00e4ssigen Quarzwerks l\u00e4uft die Uhr mit Batterie und zeigt die Zeit genau an. <\/p>\n<p data-start=\"1348\" data-end=\"1544\">Mit einer Gr\u00f6\u00dfe von 30 cm in der L\u00e4nge, 8 cm Breite und 22 cm H\u00f6he ist diese Tischuhr ideal f\u00fcr die Aufstellung auf einem Sideboard, Schreibtisch, Regal oder Fensterbrett. Die stabile Metallbasis sorgt f\u00fcr Stabilit\u00e4t. <\/p>\n<p data-start=\"1546\" data-end=\"1687\">Dieser Volt! Tischuhr ist perfekt f\u00fcr Liebhaber von Industrieeinrichtungen, Werkstattdekoration oder mechanisch inspirierten Wohnaccessoires.<\/p>\n<h3>Schl\u00fcsselmerkmale<\/h3>\n<ul>\n<li data-start=\"1725\" data-end=\"1738\">Marke: Volt!<\/li>\n<li data-start=\"1741\" data-end=\"1770\">Typ: Industrietischuhr<\/li>\n<li data-start=\"1773\" data-end=\"1804\">Design: Zahnr\u00e4der und Kette<\/li>\n<li data-start=\"1807\" data-end=\"1842\">Farbe: Metall \/ Industriegrau<\/li>\n<li data-start=\"1845\" data-end=\"1864\">Material: Metall<\/li>\n<li data-start=\"1867\" data-end=\"1894\">Satz: Quarz (analog)<\/li>\n<li data-start=\"1897\" data-end=\"1940\">Netzteil: 1x AA-Batterie (nicht enthalten)<\/li>\n<li data-start=\"1943\" data-end=\"1971\">Ma\u00dfe: 30 x 8 x 22 cm<\/li>\n<li data-start=\"1974\" data-end=\"1998\">Einsatz: Inneneinsatz<\/li>\n<li data-start=\"2001\" data-end=\"2021\">EAN: 8720274521057<\/li>\n<\/ul>\n<p>&nbsp;<\/p>\n","protected":false},"excerpt":{"rendered":"<p data-start=\"317\" data-end=\"690\">Der Volt! Industrial Table Clock with Gears ist eine einzigartige dekorative Uhr mit einem coolen Fahrrad- und Kettendesign. Diese Metalltischuhr verbindet Funktionalit\u00e4t mit einem industriellen Charakter und ist perfekt f\u00fcr Schreibtisch, Schrank oder Kommode. Dank des analogen Quarzwerks zeigt die Uhr die Zeit genau an und bildet gleichzeitig einen echten Blickfang in jedem Inneren.   <\/p>\n<p data-start=\"692\" data-end=\"758\"><strong data-start=\"692\" data-end=\"758\"><em data-start=\"694\" data-end=\"756\">Bitte beachten Sie: Dieses Produkt kann nur \u00fcber unseren Webshop bestellt werden.<\/em><\/strong><\/p>\n","protected":false},"featured_media":17850,"template":"","meta":{"_acf_changed":false,"site-sidebar-layout":"default","site-content-layout":"","ast-site-content-layout":"default","site-content-style":"default","site-sidebar-style":"default","ast-global-header-display":"","ast-banner-title-visibility":"","ast-main-header-display":"","ast-hfb-above-header-display":"","ast-hfb-below-header-display":"","ast-hfb-mobile-header-display":"","site-post-title":"","ast-breadcrumbs-content":"","ast-featured-img":"","footer-sml-layout":"","ast-disable-related-posts":"","theme-transparent-header-meta":"default","adv-header-id-meta":"","stick-header-meta":"","header-above-stick-meta":"","header-main-stick-meta":"","header-below-stick-meta":"","astra-migrate-meta-layouts":"default","ast-page-background-enabled":"default","ast-page-background-meta":{"desktop":{"background-color":"","background-image":"","background-repeat":"repeat","background-position":"center center","background-size":"auto","background-attachment":"scroll","background-type":"","background-media":"","overlay-type":"","overlay-color":"","overlay-opacity":"","overlay-gradient":""},"tablet":{"background-color":"","background-image":"","background-repeat":"repeat","background-position":"center center","background-size":"auto","background-attachment":"scroll","background-type":"","background-media":"","overlay-type":"","overlay-color":"","overlay-opacity":"","overlay-gradient":""},"mobile":{"background-color":"","background-image":"","background-repeat":"repeat","background-position":"center center","background-size":"auto","background-attachment":"scroll","background-type":"","background-media":"","overlay-type":"","overlay-color":"","overlay-opacity":"","overlay-gradient":""}},"ast-content-background-meta":{"desktop":{"background-color":"var(--ast-global-color-5)","background-image":"","background-repeat":"repeat","background-position":"center center","background-size":"auto","background-attachment":"scroll","background-type":"","background-media":"","overlay-type":"","overlay-color":"","overlay-opacity":"","overlay-gradient":""},"tablet":{"background-color":"var(--ast-global-color-5)","background-image":"","background-repeat":"repeat","background-position":"center center","background-size":"auto","background-attachment":"scroll","background-type":"","background-media":"","overlay-type":"","overlay-color":"","overlay-opacity":"","overlay-gradient":""},"mobile":{"background-color":"var(--ast-global-color-5)","background-image":"","background-repeat":"repeat","background-position":"center center","background-size":"auto","background-attachment":"scroll","background-type":"","background-media":"","overlay-type":"","overlay-color":"","overlay-opacity":"","overlay-gradient":""}}},"product_brand":[],"product_cat":[599,984,979],"product_tag":[],"class_list":{"0":"post-18348","1":"product","2":"type-product","3":"status-publish","4":"has-post-thumbnail","6":"product_cat-postenhandel","7":"product_cat-tischuhren","8":"product_cat-uhren","9":"pa_merk-volt","10":"desktop-align-left","11":"tablet-align-left","12":"mobile-align-left","14":"first","15":"instock","16":"taxable","17":"shipping-taxable","18":"purchasable","19":"product-type-simple"},"acf":[],"yoast_head":"<!-- This site is optimized with the Yoast SEO plugin v27.5 - https:\/\/yoast.com\/product\/yoast-seo-wordpress\/ -->\n<title>Tischuhr mit Zahnr\u00e4dern - DHZ Outlet &amp; Partijhandel<\/title>\n<meta name=\"robots\" content=\"index, follow, max-snippet:-1, max-image-preview:large, max-video-preview:-1\" \/>\n<link rel=\"canonical\" href=\"https:\/\/partijhandeldhz.nl\/de\/produkt\/tischuhr-mit-zahnraedern\/\" \/>\n<meta property=\"og:locale\" content=\"de_DE\" \/>\n<meta property=\"og:type\" content=\"article\" \/>\n<meta property=\"og:title\" content=\"Tischuhr mit Zahnr\u00e4dern - DHZ Outlet &amp; Partijhandel\" \/>\n<meta property=\"og:description\" content=\"Der Volt! Industrial Table Clock with Gears ist eine einzigartige dekorative Uhr mit einem coolen Fahrrad- und Kettendesign. Diese Metalltischuhr verbindet Funktionalit\u00e4t mit einem industriellen Charakter und ist perfekt f\u00fcr Schreibtisch, Schrank oder Kommode. Dank des analogen Quarzwerks zeigt die Uhr die Zeit genau an und bildet gleichzeitig einen echten Blickfang in jedem Inneren.  Bitte beachten Sie: Dieses Produkt kann nur \u00fcber unseren Webshop bestellt werden.\" \/>\n<meta property=\"og:url\" content=\"https:\/\/partijhandeldhz.nl\/de\/produkt\/tischuhr-mit-zahnraedern\/\" \/>\n<meta property=\"og:site_name\" content=\"DHZ Outlet &amp; Partijhandel\" \/>\n<meta property=\"article:publisher\" content=\"https:\/\/www.facebook.com\/people\/Partijhandel-DHZ\/61573487458594\/\" \/>\n<meta property=\"og:image\" content=\"https:\/\/partijhandeldhz.nl\/wp-content\/uploads\/2026\/02\/Afbeelding-1-13.jpg\" \/>\n\t<meta property=\"og:image:width\" content=\"1000\" \/>\n\t<meta property=\"og:image:height\" content=\"1000\" \/>\n\t<meta property=\"og:image:type\" content=\"image\/jpeg\" \/>\n<meta name=\"twitter:card\" content=\"summary_large_image\" \/>\n<meta name=\"twitter:label1\" content=\"Gesch\u00e4tzte Lesezeit\" \/>\n\t<meta name=\"twitter:data1\" content=\"1\u00a0Minute\" \/>\n<script type=\"application\/ld+json\" class=\"yoast-schema-graph\">{\"@context\":\"https:\\\/\\\/schema.org\",\"@graph\":[{\"@type\":\"WebPage\",\"@id\":\"https:\\\/\\\/partijhandeldhz.nl\\\/de\\\/produkt\\\/tischuhr-mit-zahnraedern\\\/\",\"url\":\"https:\\\/\\\/partijhandeldhz.nl\\\/de\\\/produkt\\\/tischuhr-mit-zahnraedern\\\/\",\"name\":\"Tischuhr mit Zahnr\u00e4dern - DHZ Outlet &amp; Partijhandel\",\"isPartOf\":{\"@id\":\"https:\\\/\\\/partijhandeldhz.nl\\\/de\\\/#website\"},\"primaryImageOfPage\":{\"@id\":\"https:\\\/\\\/partijhandeldhz.nl\\\/de\\\/produkt\\\/tischuhr-mit-zahnraedern\\\/#primaryimage\"},\"image\":{\"@id\":\"https:\\\/\\\/partijhandeldhz.nl\\\/de\\\/produkt\\\/tischuhr-mit-zahnraedern\\\/#primaryimage\"},\"thumbnailUrl\":\"https:\\\/\\\/partijhandeldhz.nl\\\/wp-content\\\/uploads\\\/2026\\\/02\\\/Afbeelding-1-13.jpg\",\"datePublished\":\"2026-02-25T09:24:41+00:00\",\"breadcrumb\":{\"@id\":\"https:\\\/\\\/partijhandeldhz.nl\\\/de\\\/produkt\\\/tischuhr-mit-zahnraedern\\\/#breadcrumb\"},\"inLanguage\":\"de\",\"potentialAction\":[{\"@type\":\"ReadAction\",\"target\":[\"https:\\\/\\\/partijhandeldhz.nl\\\/de\\\/produkt\\\/tischuhr-mit-zahnraedern\\\/\"]}]},{\"@type\":\"ImageObject\",\"inLanguage\":\"de\",\"@id\":\"https:\\\/\\\/partijhandeldhz.nl\\\/de\\\/produkt\\\/tischuhr-mit-zahnraedern\\\/#primaryimage\",\"url\":\"https:\\\/\\\/partijhandeldhz.nl\\\/wp-content\\\/uploads\\\/2026\\\/02\\\/Afbeelding-1-13.jpg\",\"contentUrl\":\"https:\\\/\\\/partijhandeldhz.nl\\\/wp-content\\\/uploads\\\/2026\\\/02\\\/Afbeelding-1-13.jpg\",\"width\":1000,\"height\":1000},{\"@type\":\"BreadcrumbList\",\"@id\":\"https:\\\/\\\/partijhandeldhz.nl\\\/de\\\/produkt\\\/tischuhr-mit-zahnraedern\\\/#breadcrumb\",\"itemListElement\":[{\"@type\":\"ListItem\",\"position\":1,\"name\":\"Home\",\"item\":\"https:\\\/\\\/partijhandeldhz.nl\\\/de\\\/\"},{\"@type\":\"ListItem\",\"position\":2,\"name\":\"Shop\",\"item\":\"https:\\\/\\\/partijhandeldhz.nl\\\/de\\\/shop\\\/\"},{\"@type\":\"ListItem\",\"position\":3,\"name\":\"Tischuhr mit Zahnr\u00e4dern\"}]},{\"@type\":\"WebSite\",\"@id\":\"https:\\\/\\\/partijhandeldhz.nl\\\/de\\\/#website\",\"url\":\"https:\\\/\\\/partijhandeldhz.nl\\\/de\\\/\",\"name\":\"DHZ Outlet & Partijhandel\",\"description\":\"Grote en kleine partijen, altijd de scherpste prijs!\",\"publisher\":{\"@id\":\"https:\\\/\\\/partijhandeldhz.nl\\\/de\\\/#organization\"},\"potentialAction\":[{\"@type\":\"SearchAction\",\"target\":{\"@type\":\"EntryPoint\",\"urlTemplate\":\"https:\\\/\\\/partijhandeldhz.nl\\\/de\\\/?s={search_term_string}\"},\"query-input\":{\"@type\":\"PropertyValueSpecification\",\"valueRequired\":true,\"valueName\":\"search_term_string\"}}],\"inLanguage\":\"de\"},{\"@type\":\"Organization\",\"@id\":\"https:\\\/\\\/partijhandeldhz.nl\\\/de\\\/#organization\",\"name\":\"DHZ Outlet & Partijhandel\",\"url\":\"https:\\\/\\\/partijhandeldhz.nl\\\/de\\\/\",\"logo\":{\"@type\":\"ImageObject\",\"inLanguage\":\"de\",\"@id\":\"https:\\\/\\\/partijhandeldhz.nl\\\/de\\\/#\\\/schema\\\/logo\\\/image\\\/\",\"url\":\"https:\\\/\\\/partijhandeldhz.nl\\\/wp-content\\\/uploads\\\/2025\\\/03\\\/1.png\",\"contentUrl\":\"https:\\\/\\\/partijhandeldhz.nl\\\/wp-content\\\/uploads\\\/2025\\\/03\\\/1.png\",\"width\":1000,\"height\":500,\"caption\":\"DHZ Outlet & Partijhandel\"},\"image\":{\"@id\":\"https:\\\/\\\/partijhandeldhz.nl\\\/de\\\/#\\\/schema\\\/logo\\\/image\\\/\"},\"sameAs\":[\"https:\\\/\\\/www.facebook.com\\\/people\\\/Partijhandel-DHZ\\\/61573487458594\\\/\",\"https:\\\/\\\/www.instagram.com\\\/partijhandeldhz\\\/\"]}]}<\/script>\n<!-- \/ Yoast SEO plugin. -->","yoast_head_json":{"title":"Tischuhr mit Zahnr\u00e4dern - DHZ Outlet &amp; Partijhandel","robots":{"index":"index","follow":"follow","max-snippet":"max-snippet:-1","max-image-preview":"max-image-preview:large","max-video-preview":"max-video-preview:-1"},"canonical":"https:\/\/partijhandeldhz.nl\/de\/produkt\/tischuhr-mit-zahnraedern\/","og_locale":"de_DE","og_type":"article","og_title":"Tischuhr mit Zahnr\u00e4dern - DHZ Outlet &amp; Partijhandel","og_description":"Der Volt! Industrial Table Clock with Gears ist eine einzigartige dekorative Uhr mit einem coolen Fahrrad- und Kettendesign. Diese Metalltischuhr verbindet Funktionalit\u00e4t mit einem industriellen Charakter und ist perfekt f\u00fcr Schreibtisch, Schrank oder Kommode. Dank des analogen Quarzwerks zeigt die Uhr die Zeit genau an und bildet gleichzeitig einen echten Blickfang in jedem Inneren.  Bitte beachten Sie: Dieses Produkt kann nur \u00fcber unseren Webshop bestellt werden.","og_url":"https:\/\/partijhandeldhz.nl\/de\/produkt\/tischuhr-mit-zahnraedern\/","og_site_name":"DHZ Outlet &amp; Partijhandel","article_publisher":"https:\/\/www.facebook.com\/people\/Partijhandel-DHZ\/61573487458594\/","og_image":[{"width":1000,"height":1000,"url":"https:\/\/partijhandeldhz.nl\/wp-content\/uploads\/2026\/02\/Afbeelding-1-13.jpg","type":"image\/jpeg"}],"twitter_card":"summary_large_image","twitter_misc":{"Gesch\u00e4tzte Lesezeit":"1\u00a0Minute"},"schema":{"@context":"https:\/\/schema.org","@graph":[{"@type":"WebPage","@id":"https:\/\/partijhandeldhz.nl\/de\/produkt\/tischuhr-mit-zahnraedern\/","url":"https:\/\/partijhandeldhz.nl\/de\/produkt\/tischuhr-mit-zahnraedern\/","name":"Tischuhr mit Zahnr\u00e4dern - DHZ Outlet &amp; Partijhandel","isPartOf":{"@id":"https:\/\/partijhandeldhz.nl\/de\/#website"},"primaryImageOfPage":{"@id":"https:\/\/partijhandeldhz.nl\/de\/produkt\/tischuhr-mit-zahnraedern\/#primaryimage"},"image":{"@id":"https:\/\/partijhandeldhz.nl\/de\/produkt\/tischuhr-mit-zahnraedern\/#primaryimage"},"thumbnailUrl":"https:\/\/partijhandeldhz.nl\/wp-content\/uploads\/2026\/02\/Afbeelding-1-13.jpg","datePublished":"2026-02-25T09:24:41+00:00","breadcrumb":{"@id":"https:\/\/partijhandeldhz.nl\/de\/produkt\/tischuhr-mit-zahnraedern\/#breadcrumb"},"inLanguage":"de","potentialAction":[{"@type":"ReadAction","target":["https:\/\/partijhandeldhz.nl\/de\/produkt\/tischuhr-mit-zahnraedern\/"]}]},{"@type":"ImageObject","inLanguage":"de","@id":"https:\/\/partijhandeldhz.nl\/de\/produkt\/tischuhr-mit-zahnraedern\/#primaryimage","url":"https:\/\/partijhandeldhz.nl\/wp-content\/uploads\/2026\/02\/Afbeelding-1-13.jpg","contentUrl":"https:\/\/partijhandeldhz.nl\/wp-content\/uploads\/2026\/02\/Afbeelding-1-13.jpg","width":1000,"height":1000},{"@type":"BreadcrumbList","@id":"https:\/\/partijhandeldhz.nl\/de\/produkt\/tischuhr-mit-zahnraedern\/#breadcrumb","itemListElement":[{"@type":"ListItem","position":1,"name":"Home","item":"https:\/\/partijhandeldhz.nl\/de\/"},{"@type":"ListItem","position":2,"name":"Shop","item":"https:\/\/partijhandeldhz.nl\/de\/shop\/"},{"@type":"ListItem","position":3,"name":"Tischuhr mit Zahnr\u00e4dern"}]},{"@type":"WebSite","@id":"https:\/\/partijhandeldhz.nl\/de\/#website","url":"https:\/\/partijhandeldhz.nl\/de\/","name":"DHZ Outlet & Partijhandel","description":"Grote en kleine partijen, altijd de scherpste prijs!","publisher":{"@id":"https:\/\/partijhandeldhz.nl\/de\/#organization"},"potentialAction":[{"@type":"SearchAction","target":{"@type":"EntryPoint","urlTemplate":"https:\/\/partijhandeldhz.nl\/de\/?s={search_term_string}"},"query-input":{"@type":"PropertyValueSpecification","valueRequired":true,"valueName":"search_term_string"}}],"inLanguage":"de"},{"@type":"Organization","@id":"https:\/\/partijhandeldhz.nl\/de\/#organization","name":"DHZ Outlet & Partijhandel","url":"https:\/\/partijhandeldhz.nl\/de\/","logo":{"@type":"ImageObject","inLanguage":"de","@id":"https:\/\/partijhandeldhz.nl\/de\/#\/schema\/logo\/image\/","url":"https:\/\/partijhandeldhz.nl\/wp-content\/uploads\/2025\/03\/1.png","contentUrl":"https:\/\/partijhandeldhz.nl\/wp-content\/uploads\/2025\/03\/1.png","width":1000,"height":500,"caption":"DHZ Outlet & Partijhandel"},"image":{"@id":"https:\/\/partijhandeldhz.nl\/de\/#\/schema\/logo\/image\/"},"sameAs":["https:\/\/www.facebook.com\/people\/Partijhandel-DHZ\/61573487458594\/","https:\/\/www.instagram.com\/partijhandeldhz\/"]}]}},"jetpack_sharing_enabled":true,"_links":{"self":[{"href":"https:\/\/partijhandeldhz.nl\/de\/wp-json\/wp\/v2\/product\/18348","targetHints":{"allow":["GET"]}}],"collection":[{"href":"https:\/\/partijhandeldhz.nl\/de\/wp-json\/wp\/v2\/product"}],"about":[{"href":"https:\/\/partijhandeldhz.nl\/de\/wp-json\/wp\/v2\/types\/product"}],"version-history":[{"count":0,"href":"https:\/\/partijhandeldhz.nl\/de\/wp-json\/wp\/v2\/product\/18348\/revisions"}],"wp:featuredmedia":[{"embeddable":true,"href":"https:\/\/partijhandeldhz.nl\/de\/wp-json\/wp\/v2\/media\/17850"}],"wp:attachment":[{"href":"https:\/\/partijhandeldhz.nl\/de\/wp-json\/wp\/v2\/media?parent=18348"}],"wp:term":[{"taxonomy":"product_brand","embeddable":true,"href":"https:\/\/partijhandeldhz.nl\/de\/wp-json\/wp\/v2\/product_brand?post=18348"},{"taxonomy":"product_cat","embeddable":true,"href":"https:\/\/partijhandeldhz.nl\/de\/wp-json\/wp\/v2\/product_cat?post=18348"},{"taxonomy":"product_tag","embeddable":true,"href":"https:\/\/partijhandeldhz.nl\/de\/wp-json\/wp\/v2\/product_tag?post=18348"}],"curies":[{"name":"wp","href":"https:\/\/api.w.org\/{rel}","templated":true}]}}