{"id":18343,"date":"2026-02-25T08:34:13","date_gmt":"2026-02-25T08:34:13","guid":{"rendered":"https:\/\/partijhandeldhz.nl\/product\/tischuhrmotor-schwarz\/"},"modified":"2026-02-25T08:34:13","modified_gmt":"2026-02-25T08:34:13","slug":"tischuhrmotor-schwarz","status":"publish","type":"product","link":"https:\/\/partijhandeldhz.nl\/de\/produkt\/tischuhrmotor-schwarz\/","title":{"rendered":"Tischuhrmotor Schwarz"},"content":{"rendered":"<p data-start=\"733\" data-end=\"1050\">Der Volt! Tischuhr-Motor bringt Charakter und Energie in jedes Interieur. Diese spezielle Tischuhr ist wie ein Motorrad gestaltet und aus robustem Metall gefertigt, was ihr ein robustes und industrielles Aussehen verleiht. Die Bewegung ist in das Vorderrad integriert, sodass das Design sofort Aufmerksamkeit erregt.   <\/p>\n<p data-start=\"1052\" data-end=\"1350\">Dank ihres detaillierten Designs und ihrer robusten Bauweise eignet sich diese Uhr ideal als dekoratives Objekt auf einem Sideboard, Schreibtisch, Regal oder in einer M\u00e4nnerh\u00f6hle. Die Kombination aus Design und Funktionalit\u00e4t macht diese Uhr sowohl f\u00fcr Wohnzimmer als auch f\u00fcr Arbeitspl\u00e4tze oder B\u00fcros mit industriellem Thema geeignet. <\/p>\n<p data-start=\"1352\" data-end=\"1643\">Das Vorderrad ist drehbar und enth\u00e4lt die Bewegung. Deshalb ist es wichtig, die Uhr vorsichtig einzustellen, um Sch\u00e4den zu vermeiden. Diese Tischuhr ist nicht nur eine praktische Zeitanzeige, sondern auch ein echter Blickfang f\u00fcr Liebhaber von Geschwindigkeit, Technologie und einzigartiger Inneneinrichtung.  <\/p>\n<h3 data-start=\"1650\" data-end=\"1681\">Schl\u00fcsselmerkmale<\/h3>\n<ul>\n<li data-start=\"1684\" data-end=\"1697\">Marke: Volt!<\/li>\n<li data-start=\"1700\" data-end=\"1734\">Typ: Tischuhr mit Motordesign<\/li>\n<li data-start=\"1737\" data-end=\"1756\">Material: Metall<\/li>\n<li data-start=\"1759\" data-end=\"1788\">Design: Industriell \/ robust<\/li>\n<li data-start=\"1791\" data-end=\"1825\">Bewegung integriert im Vorderrad<\/li>\n<li data-start=\"1828\" data-end=\"1848\">Vorderrad drehbar<\/li>\n<li data-start=\"1851\" data-end=\"1900\">Anwendung: Wohnzimmer, B\u00fcro, M\u00e4nnerh\u00f6hle, Garage<\/li>\n<li data-start=\"1903\" data-end=\"1930\">EAN-Code: 8720274521071<\/li>\n<\/ul>\n<h3 data-start=\"1937\" data-end=\"1964\">Technische Daten<\/h3>\n<ul>\n<li data-start=\"1967\" data-end=\"2008\">Ma\u00dfe (L x B x H): 47 x 15 x 22 cm<\/li>\n<li data-start=\"2011\" data-end=\"2030\">Material: Metall<\/li>\n<li data-start=\"2033\" data-end=\"2067\">Platzierung: Tisch\/Schrank\/Schreibtisch<\/li>\n<li data-start=\"2070\" data-end=\"2087\">Einsatz: Innenbereich<\/li>\n<\/ul>\n","protected":false},"excerpt":{"rendered":"<p data-start=\"275\" data-end=\"624\">Der Volt! Tischuhr-Motor ist eine coole, dekorative Uhr in Form eines Motorrads. Diese robuste Metalltischuhr verbindet Funktionalit\u00e4t mit einem kraftvollen Industriedesign. Die Bewegung ist im Vorderrad integriert, was in jedem Raum ein einzigartiges Aussehen verleiht. Perfekt f\u00fcr Liebhaber von Motorr\u00e4dern und auff\u00e4lligen Wohnaccessoires.    <\/p>\n<p data-start=\"626\" data-end=\"692\"><strong data-start=\"626\" data-end=\"692\"><em data-start=\"628\" data-end=\"690\">Bitte beachten Sie: Dieses Produkt kann nur \u00fcber unseren Webshop bestellt werden.<\/em><\/strong><\/p>\n","protected":false},"featured_media":17837,"template":"","meta":{"_acf_changed":false,"site-sidebar-layout":"default","site-content-layout":"","ast-site-content-layout":"default","site-content-style":"default","site-sidebar-style":"default","ast-global-header-display":"","ast-banner-title-visibility":"","ast-main-header-display":"","ast-hfb-above-header-display":"","ast-hfb-below-header-display":"","ast-hfb-mobile-header-display":"","site-post-title":"","ast-breadcrumbs-content":"","ast-featured-img":"","footer-sml-layout":"","ast-disable-related-posts":"","theme-transparent-header-meta":"default","adv-header-id-meta":"","stick-header-meta":"","header-above-stick-meta":"","header-main-stick-meta":"","header-below-stick-meta":"","astra-migrate-meta-layouts":"default","ast-page-background-enabled":"default","ast-page-background-meta":{"desktop":{"background-color":"","background-image":"","background-repeat":"repeat","background-position":"center center","background-size":"auto","background-attachment":"scroll","background-type":"","background-media":"","overlay-type":"","overlay-color":"","overlay-opacity":"","overlay-gradient":""},"tablet":{"background-color":"","background-image":"","background-repeat":"repeat","background-position":"center center","background-size":"auto","background-attachment":"scroll","background-type":"","background-media":"","overlay-type":"","overlay-color":"","overlay-opacity":"","overlay-gradient":""},"mobile":{"background-color":"","background-image":"","background-repeat":"repeat","background-position":"center center","background-size":"auto","background-attachment":"scroll","background-type":"","background-media":"","overlay-type":"","overlay-color":"","overlay-opacity":"","overlay-gradient":""}},"ast-content-background-meta":{"desktop":{"background-color":"var(--ast-global-color-5)","background-image":"","background-repeat":"repeat","background-position":"center center","background-size":"auto","background-attachment":"scroll","background-type":"","background-media":"","overlay-type":"","overlay-color":"","overlay-opacity":"","overlay-gradient":""},"tablet":{"background-color":"var(--ast-global-color-5)","background-image":"","background-repeat":"repeat","background-position":"center center","background-size":"auto","background-attachment":"scroll","background-type":"","background-media":"","overlay-type":"","overlay-color":"","overlay-opacity":"","overlay-gradient":""},"mobile":{"background-color":"var(--ast-global-color-5)","background-image":"","background-repeat":"repeat","background-position":"center center","background-size":"auto","background-attachment":"scroll","background-type":"","background-media":"","overlay-type":"","overlay-color":"","overlay-opacity":"","overlay-gradient":""}}},"product_brand":[],"product_cat":[599,984,979],"product_tag":[],"class_list":{"0":"post-18343","1":"product","2":"type-product","3":"status-publish","4":"has-post-thumbnail","6":"product_cat-postenhandel","7":"product_cat-tischuhren","8":"product_cat-uhren","9":"pa_merk-volt","10":"desktop-align-left","11":"tablet-align-left","12":"mobile-align-left","14":"first","15":"instock","16":"taxable","17":"shipping-taxable","18":"purchasable","19":"product-type-simple"},"acf":[],"yoast_head":"<!-- This site is optimized with the Yoast SEO plugin v27.5 - https:\/\/yoast.com\/product\/yoast-seo-wordpress\/ -->\n<title>Tischuhrmotor Schwarz - DHZ Outlet &amp; Partijhandel<\/title>\n<meta name=\"robots\" content=\"index, follow, max-snippet:-1, max-image-preview:large, max-video-preview:-1\" \/>\n<link rel=\"canonical\" href=\"https:\/\/partijhandeldhz.nl\/de\/produkt\/tischuhrmotor-schwarz\/\" \/>\n<meta property=\"og:locale\" content=\"de_DE\" \/>\n<meta property=\"og:type\" content=\"article\" \/>\n<meta property=\"og:title\" content=\"Tischuhrmotor Schwarz - DHZ Outlet &amp; Partijhandel\" \/>\n<meta property=\"og:description\" content=\"Der Volt! Tischuhr-Motor ist eine coole, dekorative Uhr in Form eines Motorrads. Diese robuste Metalltischuhr verbindet Funktionalit\u00e4t mit einem kraftvollen Industriedesign. Die Bewegung ist im Vorderrad integriert, was in jedem Raum ein einzigartiges Aussehen verleiht. Perfekt f\u00fcr Liebhaber von Motorr\u00e4dern und auff\u00e4lligen Wohnaccessoires.   Bitte beachten Sie: Dieses Produkt kann nur \u00fcber unseren Webshop bestellt werden.\" \/>\n<meta property=\"og:url\" content=\"https:\/\/partijhandeldhz.nl\/de\/produkt\/tischuhrmotor-schwarz\/\" \/>\n<meta property=\"og:site_name\" content=\"DHZ Outlet &amp; Partijhandel\" \/>\n<meta property=\"article:publisher\" content=\"https:\/\/www.facebook.com\/people\/Partijhandel-DHZ\/61573487458594\/\" \/>\n<meta property=\"og:image\" content=\"https:\/\/partijhandeldhz.nl\/wp-content\/uploads\/2026\/02\/Afbeelding-1-11.jpg\" \/>\n\t<meta property=\"og:image:width\" content=\"1000\" \/>\n\t<meta property=\"og:image:height\" content=\"1000\" \/>\n\t<meta property=\"og:image:type\" content=\"image\/jpeg\" \/>\n<meta name=\"twitter:card\" content=\"summary_large_image\" \/>\n<meta name=\"twitter:label1\" content=\"Gesch\u00e4tzte Lesezeit\" \/>\n\t<meta name=\"twitter:data1\" content=\"1\u00a0Minute\" \/>\n<script type=\"application\/ld+json\" class=\"yoast-schema-graph\">{\"@context\":\"https:\\\/\\\/schema.org\",\"@graph\":[{\"@type\":\"WebPage\",\"@id\":\"https:\\\/\\\/partijhandeldhz.nl\\\/de\\\/produkt\\\/tischuhrmotor-schwarz\\\/\",\"url\":\"https:\\\/\\\/partijhandeldhz.nl\\\/de\\\/produkt\\\/tischuhrmotor-schwarz\\\/\",\"name\":\"Tischuhrmotor Schwarz - DHZ Outlet &amp; Partijhandel\",\"isPartOf\":{\"@id\":\"https:\\\/\\\/partijhandeldhz.nl\\\/de\\\/#website\"},\"primaryImageOfPage\":{\"@id\":\"https:\\\/\\\/partijhandeldhz.nl\\\/de\\\/produkt\\\/tischuhrmotor-schwarz\\\/#primaryimage\"},\"image\":{\"@id\":\"https:\\\/\\\/partijhandeldhz.nl\\\/de\\\/produkt\\\/tischuhrmotor-schwarz\\\/#primaryimage\"},\"thumbnailUrl\":\"https:\\\/\\\/partijhandeldhz.nl\\\/wp-content\\\/uploads\\\/2026\\\/02\\\/Afbeelding-1-11.jpg\",\"datePublished\":\"2026-02-25T08:34:13+00:00\",\"breadcrumb\":{\"@id\":\"https:\\\/\\\/partijhandeldhz.nl\\\/de\\\/produkt\\\/tischuhrmotor-schwarz\\\/#breadcrumb\"},\"inLanguage\":\"de\",\"potentialAction\":[{\"@type\":\"ReadAction\",\"target\":[\"https:\\\/\\\/partijhandeldhz.nl\\\/de\\\/produkt\\\/tischuhrmotor-schwarz\\\/\"]}]},{\"@type\":\"ImageObject\",\"inLanguage\":\"de\",\"@id\":\"https:\\\/\\\/partijhandeldhz.nl\\\/de\\\/produkt\\\/tischuhrmotor-schwarz\\\/#primaryimage\",\"url\":\"https:\\\/\\\/partijhandeldhz.nl\\\/wp-content\\\/uploads\\\/2026\\\/02\\\/Afbeelding-1-11.jpg\",\"contentUrl\":\"https:\\\/\\\/partijhandeldhz.nl\\\/wp-content\\\/uploads\\\/2026\\\/02\\\/Afbeelding-1-11.jpg\",\"width\":1000,\"height\":1000},{\"@type\":\"BreadcrumbList\",\"@id\":\"https:\\\/\\\/partijhandeldhz.nl\\\/de\\\/produkt\\\/tischuhrmotor-schwarz\\\/#breadcrumb\",\"itemListElement\":[{\"@type\":\"ListItem\",\"position\":1,\"name\":\"Home\",\"item\":\"https:\\\/\\\/partijhandeldhz.nl\\\/de\\\/\"},{\"@type\":\"ListItem\",\"position\":2,\"name\":\"Shop\",\"item\":\"https:\\\/\\\/partijhandeldhz.nl\\\/de\\\/shop\\\/\"},{\"@type\":\"ListItem\",\"position\":3,\"name\":\"Tischuhrmotor Schwarz\"}]},{\"@type\":\"WebSite\",\"@id\":\"https:\\\/\\\/partijhandeldhz.nl\\\/de\\\/#website\",\"url\":\"https:\\\/\\\/partijhandeldhz.nl\\\/de\\\/\",\"name\":\"DHZ Outlet & Partijhandel\",\"description\":\"Grote en kleine partijen, altijd de scherpste prijs!\",\"publisher\":{\"@id\":\"https:\\\/\\\/partijhandeldhz.nl\\\/de\\\/#organization\"},\"potentialAction\":[{\"@type\":\"SearchAction\",\"target\":{\"@type\":\"EntryPoint\",\"urlTemplate\":\"https:\\\/\\\/partijhandeldhz.nl\\\/de\\\/?s={search_term_string}\"},\"query-input\":{\"@type\":\"PropertyValueSpecification\",\"valueRequired\":true,\"valueName\":\"search_term_string\"}}],\"inLanguage\":\"de\"},{\"@type\":\"Organization\",\"@id\":\"https:\\\/\\\/partijhandeldhz.nl\\\/de\\\/#organization\",\"name\":\"DHZ Outlet & Partijhandel\",\"url\":\"https:\\\/\\\/partijhandeldhz.nl\\\/de\\\/\",\"logo\":{\"@type\":\"ImageObject\",\"inLanguage\":\"de\",\"@id\":\"https:\\\/\\\/partijhandeldhz.nl\\\/de\\\/#\\\/schema\\\/logo\\\/image\\\/\",\"url\":\"https:\\\/\\\/partijhandeldhz.nl\\\/wp-content\\\/uploads\\\/2025\\\/03\\\/1.png\",\"contentUrl\":\"https:\\\/\\\/partijhandeldhz.nl\\\/wp-content\\\/uploads\\\/2025\\\/03\\\/1.png\",\"width\":1000,\"height\":500,\"caption\":\"DHZ Outlet & Partijhandel\"},\"image\":{\"@id\":\"https:\\\/\\\/partijhandeldhz.nl\\\/de\\\/#\\\/schema\\\/logo\\\/image\\\/\"},\"sameAs\":[\"https:\\\/\\\/www.facebook.com\\\/people\\\/Partijhandel-DHZ\\\/61573487458594\\\/\",\"https:\\\/\\\/www.instagram.com\\\/partijhandeldhz\\\/\"]}]}<\/script>\n<!-- \/ Yoast SEO plugin. -->","yoast_head_json":{"title":"Tischuhrmotor Schwarz - DHZ Outlet &amp; Partijhandel","robots":{"index":"index","follow":"follow","max-snippet":"max-snippet:-1","max-image-preview":"max-image-preview:large","max-video-preview":"max-video-preview:-1"},"canonical":"https:\/\/partijhandeldhz.nl\/de\/produkt\/tischuhrmotor-schwarz\/","og_locale":"de_DE","og_type":"article","og_title":"Tischuhrmotor Schwarz - DHZ Outlet &amp; Partijhandel","og_description":"Der Volt! Tischuhr-Motor ist eine coole, dekorative Uhr in Form eines Motorrads. Diese robuste Metalltischuhr verbindet Funktionalit\u00e4t mit einem kraftvollen Industriedesign. Die Bewegung ist im Vorderrad integriert, was in jedem Raum ein einzigartiges Aussehen verleiht. Perfekt f\u00fcr Liebhaber von Motorr\u00e4dern und auff\u00e4lligen Wohnaccessoires.   Bitte beachten Sie: Dieses Produkt kann nur \u00fcber unseren Webshop bestellt werden.","og_url":"https:\/\/partijhandeldhz.nl\/de\/produkt\/tischuhrmotor-schwarz\/","og_site_name":"DHZ Outlet &amp; Partijhandel","article_publisher":"https:\/\/www.facebook.com\/people\/Partijhandel-DHZ\/61573487458594\/","og_image":[{"width":1000,"height":1000,"url":"https:\/\/partijhandeldhz.nl\/wp-content\/uploads\/2026\/02\/Afbeelding-1-11.jpg","type":"image\/jpeg"}],"twitter_card":"summary_large_image","twitter_misc":{"Gesch\u00e4tzte Lesezeit":"1\u00a0Minute"},"schema":{"@context":"https:\/\/schema.org","@graph":[{"@type":"WebPage","@id":"https:\/\/partijhandeldhz.nl\/de\/produkt\/tischuhrmotor-schwarz\/","url":"https:\/\/partijhandeldhz.nl\/de\/produkt\/tischuhrmotor-schwarz\/","name":"Tischuhrmotor Schwarz - DHZ Outlet &amp; Partijhandel","isPartOf":{"@id":"https:\/\/partijhandeldhz.nl\/de\/#website"},"primaryImageOfPage":{"@id":"https:\/\/partijhandeldhz.nl\/de\/produkt\/tischuhrmotor-schwarz\/#primaryimage"},"image":{"@id":"https:\/\/partijhandeldhz.nl\/de\/produkt\/tischuhrmotor-schwarz\/#primaryimage"},"thumbnailUrl":"https:\/\/partijhandeldhz.nl\/wp-content\/uploads\/2026\/02\/Afbeelding-1-11.jpg","datePublished":"2026-02-25T08:34:13+00:00","breadcrumb":{"@id":"https:\/\/partijhandeldhz.nl\/de\/produkt\/tischuhrmotor-schwarz\/#breadcrumb"},"inLanguage":"de","potentialAction":[{"@type":"ReadAction","target":["https:\/\/partijhandeldhz.nl\/de\/produkt\/tischuhrmotor-schwarz\/"]}]},{"@type":"ImageObject","inLanguage":"de","@id":"https:\/\/partijhandeldhz.nl\/de\/produkt\/tischuhrmotor-schwarz\/#primaryimage","url":"https:\/\/partijhandeldhz.nl\/wp-content\/uploads\/2026\/02\/Afbeelding-1-11.jpg","contentUrl":"https:\/\/partijhandeldhz.nl\/wp-content\/uploads\/2026\/02\/Afbeelding-1-11.jpg","width":1000,"height":1000},{"@type":"BreadcrumbList","@id":"https:\/\/partijhandeldhz.nl\/de\/produkt\/tischuhrmotor-schwarz\/#breadcrumb","itemListElement":[{"@type":"ListItem","position":1,"name":"Home","item":"https:\/\/partijhandeldhz.nl\/de\/"},{"@type":"ListItem","position":2,"name":"Shop","item":"https:\/\/partijhandeldhz.nl\/de\/shop\/"},{"@type":"ListItem","position":3,"name":"Tischuhrmotor Schwarz"}]},{"@type":"WebSite","@id":"https:\/\/partijhandeldhz.nl\/de\/#website","url":"https:\/\/partijhandeldhz.nl\/de\/","name":"DHZ Outlet & Partijhandel","description":"Grote en kleine partijen, altijd de scherpste prijs!","publisher":{"@id":"https:\/\/partijhandeldhz.nl\/de\/#organization"},"potentialAction":[{"@type":"SearchAction","target":{"@type":"EntryPoint","urlTemplate":"https:\/\/partijhandeldhz.nl\/de\/?s={search_term_string}"},"query-input":{"@type":"PropertyValueSpecification","valueRequired":true,"valueName":"search_term_string"}}],"inLanguage":"de"},{"@type":"Organization","@id":"https:\/\/partijhandeldhz.nl\/de\/#organization","name":"DHZ Outlet & Partijhandel","url":"https:\/\/partijhandeldhz.nl\/de\/","logo":{"@type":"ImageObject","inLanguage":"de","@id":"https:\/\/partijhandeldhz.nl\/de\/#\/schema\/logo\/image\/","url":"https:\/\/partijhandeldhz.nl\/wp-content\/uploads\/2025\/03\/1.png","contentUrl":"https:\/\/partijhandeldhz.nl\/wp-content\/uploads\/2025\/03\/1.png","width":1000,"height":500,"caption":"DHZ Outlet & Partijhandel"},"image":{"@id":"https:\/\/partijhandeldhz.nl\/de\/#\/schema\/logo\/image\/"},"sameAs":["https:\/\/www.facebook.com\/people\/Partijhandel-DHZ\/61573487458594\/","https:\/\/www.instagram.com\/partijhandeldhz\/"]}]}},"jetpack_sharing_enabled":true,"_links":{"self":[{"href":"https:\/\/partijhandeldhz.nl\/de\/wp-json\/wp\/v2\/product\/18343","targetHints":{"allow":["GET"]}}],"collection":[{"href":"https:\/\/partijhandeldhz.nl\/de\/wp-json\/wp\/v2\/product"}],"about":[{"href":"https:\/\/partijhandeldhz.nl\/de\/wp-json\/wp\/v2\/types\/product"}],"version-history":[{"count":0,"href":"https:\/\/partijhandeldhz.nl\/de\/wp-json\/wp\/v2\/product\/18343\/revisions"}],"wp:featuredmedia":[{"embeddable":true,"href":"https:\/\/partijhandeldhz.nl\/de\/wp-json\/wp\/v2\/media\/17837"}],"wp:attachment":[{"href":"https:\/\/partijhandeldhz.nl\/de\/wp-json\/wp\/v2\/media?parent=18343"}],"wp:term":[{"taxonomy":"product_brand","embeddable":true,"href":"https:\/\/partijhandeldhz.nl\/de\/wp-json\/wp\/v2\/product_brand?post=18343"},{"taxonomy":"product_cat","embeddable":true,"href":"https:\/\/partijhandeldhz.nl\/de\/wp-json\/wp\/v2\/product_cat?post=18343"},{"taxonomy":"product_tag","embeddable":true,"href":"https:\/\/partijhandeldhz.nl\/de\/wp-json\/wp\/v2\/product_tag?post=18343"}],"curies":[{"name":"wp","href":"https:\/\/api.w.org\/{rel}","templated":true}]}}