{"id":18332,"date":"2026-02-25T11:06:26","date_gmt":"2026-02-25T11:06:26","guid":{"rendered":"https:\/\/partijhandeldhz.nl\/product\/zweigscheren-easycut-680-b\/"},"modified":"2026-02-25T11:06:26","modified_gmt":"2026-02-25T11:06:26","slug":"zweigscheren-easycut-680-b","status":"publish","type":"product","link":"https:\/\/partijhandeldhz.nl\/de\/produkt\/zweigscheren-easycut-680-b\/","title":{"rendered":"Zweigscheren EasyCut 680 B"},"content":{"rendered":"<p data-start=\"777\" data-end=\"1011\">Mit dem Gardena EasyCut 680 B haben Sie einen zuverl\u00e4ssigen und ergonomischen Kappscher, um gr\u00fcne \u00c4ste zu schneiden. Diese Bypass-Schnittschere ist speziell f\u00fcr pr\u00e4zises und effizientes Schneiden in B\u00fcschen und B\u00e4umen konzipiert. <\/p>\n<p data-start=\"1013\" data-end=\"1300\">Dank der Verwendung leichter Materialien wie Aluminium und des optimalen Designs der Griffe sind die Schere besonders leicht in der Handhabung (etwa 900 Gramm bis 1 kg). Der integrierte Stopppuffer aus speziellem Kunststoff absorbiert St\u00f6\u00dfe und sch\u00fctzt die Handgelenke beim Schneiden. <\/p>\n<p data-start=\"1302\" data-end=\"1524\">Die ergonomischen ErgoTec-Griffe bieten einen bequemen Griff und verhindern Rutschen dank der weichen Komponenten. In Kombination mit dem geringen Gewicht erm\u00f6glicht dies langfristige Arbeit ohne schnelle Erm\u00fcdung. <\/p>\n<p data-start=\"1526\" data-end=\"1855\">Die beiden pr\u00e4zisionsgeschliffenen Bypass-Bl\u00e4tter gleiten sanft aneinander vorbei und sorgen f\u00fcr einen exakten, pflanzenfreundlichen Schnitt. Die Bl\u00e4tter sind mit einer Antihaftbeschichtung ausgestattet, die Reibung reduziert, Rostbildung verhindert und sicherstellt, dass Pflanzensaft nicht haften bleibt. Dies tr\u00e4gt zu einer l\u00e4ngeren Lebensdauer und einem geschmeidigen Schneidverhalten bei.  <\/p>\n<p data-start=\"1857\" data-end=\"1981\">Der Gardena EasyCut 680 B ist ein Qualit\u00e4tsprodukt, das in Deutschland hergestellt wird und mit einer 25-j\u00e4hrigen Garantie abgesichert ist.<\/p>\n<h3 data-start=\"1988\" data-end=\"2019\">Schl\u00fcsselmerkmale<\/h3>\n<ul>\n<li data-start=\"2022\" data-end=\"2037\">Marke: Gardena<\/li>\n<li data-start=\"2040\" data-end=\"2061\">Typ: EasyCut 680 B<\/li>\n<li data-start=\"2064\" data-end=\"2085\">Schneidesystem: Bypass<\/li>\n<li data-start=\"2088\" data-end=\"2118\">Maximaler Schnittdurchmesser: 42 mm<\/li>\n<li data-start=\"2121\" data-end=\"2170\">Geeignet f\u00fcr: Gr\u00fcne \u00c4ste, Str\u00e4ucher und B\u00e4ume<\/li>\n<li data-start=\"2173\" data-end=\"2220\">Klingen: Pr\u00e4zisionsschliff mit Antihaftbeschichtung<\/li>\n<li data-start=\"2223\" data-end=\"2256\">Ergonomische ErgoTec-Griffe<\/li>\n<li data-start=\"2259\" data-end=\"2315\">Integrierter Stopppuffer zum Schutz der Handgelenke<\/li>\n<li data-start=\"2318\" data-end=\"2354\">Leichte Aluminiumkonstruktion<\/li>\n<li data-start=\"2357\" data-end=\"2387\">Gewicht: ca. 900 \u2013 1000 Gramm<\/li>\n<li data-start=\"2390\" data-end=\"2409\">Garantie: 25 Jahre<\/li>\n<li data-start=\"2412\" data-end=\"2439\">EAN-Code: 4066407504455<\/li>\n<\/ul>\n<h3 data-start=\"2446\" data-end=\"2473\">Technische Daten<\/h3>\n<ul>\n<li data-start=\"2476\" data-end=\"2494\">Schneidetyp: Bypass<\/li>\n<li data-start=\"2497\" data-end=\"2523\">Maximale Astdicke: 42 mm<\/li>\n<li data-start=\"2526\" data-end=\"2546\">Gewicht: ca. 900 g<\/li>\n<li data-start=\"2549\" data-end=\"2582\">Griffmaterial: Aluminium<\/li>\n<li data-start=\"2585\" data-end=\"2628\">Klingen: Geh\u00e4rteter Stahl mit Antihaftbeschichtung<\/li>\n<li data-start=\"2631\" data-end=\"2683\">Produktma\u00dfe (L x B x H): ca. 69 x 22 x 10 cm<\/li>\n<li data-start=\"2686\" data-end=\"2717\">Produktionsland: Deutschland<\/li>\n<\/ul>\n","protected":false},"excerpt":{"rendered":"<p data-start=\"288\" data-end=\"668\">Der Gardena EasyCut 680 B ist ein leichter und leistungsstarker Bypass-Trimmer zum Schneiden gr\u00fcner \u00c4ste in Str\u00e4uchern und B\u00e4umen. Dank der Verwendung von Aluminium und ergonomischen ErgoTec-Griffen wiegen diese Gartenscheren nur etwa 1 kg, was Langzeitarbeit angenehm macht. Mit einem maximalen Schneidedurchmesser von 42 mm liefert dieser Kappscher pr\u00e4zise und saubere Schnitte.  <\/p>\n<p data-start=\"670\" data-end=\"736\"><strong data-start=\"670\" data-end=\"736\"><em data-start=\"672\" data-end=\"734\">Bitte beachten Sie: Dieses Produkt kann nur \u00fcber unseren Webshop bestellt werden.<\/em><\/strong><\/p>\n","protected":false},"featured_media":17879,"template":"","meta":{"_acf_changed":false,"site-sidebar-layout":"default","site-content-layout":"","ast-site-content-layout":"default","site-content-style":"default","site-sidebar-style":"default","ast-global-header-display":"","ast-banner-title-visibility":"","ast-main-header-display":"","ast-hfb-above-header-display":"","ast-hfb-below-header-display":"","ast-hfb-mobile-header-display":"","site-post-title":"","ast-breadcrumbs-content":"","ast-featured-img":"","footer-sml-layout":"","ast-disable-related-posts":"","theme-transparent-header-meta":"default","adv-header-id-meta":"","stick-header-meta":"","header-above-stick-meta":"","header-main-stick-meta":"","header-below-stick-meta":"","astra-migrate-meta-layouts":"default","ast-page-background-enabled":"default","ast-page-background-meta":{"desktop":{"background-color":"","background-image":"","background-repeat":"repeat","background-position":"center center","background-size":"auto","background-attachment":"scroll","background-type":"","background-media":"","overlay-type":"","overlay-color":"","overlay-opacity":"","overlay-gradient":""},"tablet":{"background-color":"","background-image":"","background-repeat":"repeat","background-position":"center center","background-size":"auto","background-attachment":"scroll","background-type":"","background-media":"","overlay-type":"","overlay-color":"","overlay-opacity":"","overlay-gradient":""},"mobile":{"background-color":"","background-image":"","background-repeat":"repeat","background-position":"center center","background-size":"auto","background-attachment":"scroll","background-type":"","background-media":"","overlay-type":"","overlay-color":"","overlay-opacity":"","overlay-gradient":""}},"ast-content-background-meta":{"desktop":{"background-color":"var(--ast-global-color-5)","background-image":"","background-repeat":"repeat","background-position":"center center","background-size":"auto","background-attachment":"scroll","background-type":"","background-media":"","overlay-type":"","overlay-color":"","overlay-opacity":"","overlay-gradient":""},"tablet":{"background-color":"var(--ast-global-color-5)","background-image":"","background-repeat":"repeat","background-position":"center center","background-size":"auto","background-attachment":"scroll","background-type":"","background-media":"","overlay-type":"","overlay-color":"","overlay-opacity":"","overlay-gradient":""},"mobile":{"background-color":"var(--ast-global-color-5)","background-image":"","background-repeat":"repeat","background-position":"center center","background-size":"auto","background-attachment":"scroll","background-type":"","background-media":"","overlay-type":"","overlay-color":"","overlay-opacity":"","overlay-gradient":""}}},"product_brand":[],"product_cat":[599,733],"product_tag":[],"class_list":{"0":"post-18332","1":"product","2":"type-product","3":"status-publish","4":"has-post-thumbnail","6":"product_cat-postenhandel","7":"product_cat-schnittwerkzeuge","8":"pa_merk-gardena","9":"desktop-align-left","10":"tablet-align-left","11":"mobile-align-left","13":"first","14":"instock","15":"taxable","16":"shipping-taxable","17":"purchasable","18":"product-type-simple"},"acf":[],"yoast_head":"<!-- This site is optimized with the Yoast SEO plugin v27.5 - https:\/\/yoast.com\/product\/yoast-seo-wordpress\/ -->\n<title>Zweigscheren EasyCut 680 B - DHZ Outlet &amp; Partijhandel<\/title>\n<meta name=\"robots\" content=\"index, follow, max-snippet:-1, max-image-preview:large, max-video-preview:-1\" \/>\n<link rel=\"canonical\" href=\"https:\/\/partijhandeldhz.nl\/de\/produkt\/zweigscheren-easycut-680-b\/\" \/>\n<meta property=\"og:locale\" content=\"de_DE\" \/>\n<meta property=\"og:type\" content=\"article\" \/>\n<meta property=\"og:title\" content=\"Zweigscheren EasyCut 680 B - DHZ Outlet &amp; Partijhandel\" \/>\n<meta property=\"og:description\" content=\"Der Gardena EasyCut 680 B ist ein leichter und leistungsstarker Bypass-Trimmer zum Schneiden gr\u00fcner \u00c4ste in Str\u00e4uchern und B\u00e4umen. Dank der Verwendung von Aluminium und ergonomischen ErgoTec-Griffen wiegen diese Gartenscheren nur etwa 1 kg, was Langzeitarbeit angenehm macht. Mit einem maximalen Schneidedurchmesser von 42 mm liefert dieser Kappscher pr\u00e4zise und saubere Schnitte.  Bitte beachten Sie: Dieses Produkt kann nur \u00fcber unseren Webshop bestellt werden.\" \/>\n<meta property=\"og:url\" content=\"https:\/\/partijhandeldhz.nl\/de\/produkt\/zweigscheren-easycut-680-b\/\" \/>\n<meta property=\"og:site_name\" content=\"DHZ Outlet &amp; Partijhandel\" \/>\n<meta property=\"article:publisher\" content=\"https:\/\/www.facebook.com\/people\/Partijhandel-DHZ\/61573487458594\/\" \/>\n<meta property=\"og:image\" content=\"https:\/\/partijhandeldhz.nl\/wp-content\/uploads\/2026\/02\/Afbeelding-1-17.jpg\" \/>\n\t<meta property=\"og:image:width\" content=\"1000\" \/>\n\t<meta property=\"og:image:height\" content=\"1000\" \/>\n\t<meta property=\"og:image:type\" content=\"image\/jpeg\" \/>\n<meta name=\"twitter:card\" content=\"summary_large_image\" \/>\n<meta name=\"twitter:label1\" content=\"Gesch\u00e4tzte Lesezeit\" \/>\n\t<meta name=\"twitter:data1\" content=\"1\u00a0Minute\" \/>\n<script type=\"application\/ld+json\" class=\"yoast-schema-graph\">{\"@context\":\"https:\\\/\\\/schema.org\",\"@graph\":[{\"@type\":\"WebPage\",\"@id\":\"https:\\\/\\\/partijhandeldhz.nl\\\/de\\\/produkt\\\/zweigscheren-easycut-680-b\\\/\",\"url\":\"https:\\\/\\\/partijhandeldhz.nl\\\/de\\\/produkt\\\/zweigscheren-easycut-680-b\\\/\",\"name\":\"Zweigscheren EasyCut 680 B - DHZ Outlet &amp; Partijhandel\",\"isPartOf\":{\"@id\":\"https:\\\/\\\/partijhandeldhz.nl\\\/de\\\/#website\"},\"primaryImageOfPage\":{\"@id\":\"https:\\\/\\\/partijhandeldhz.nl\\\/de\\\/produkt\\\/zweigscheren-easycut-680-b\\\/#primaryimage\"},\"image\":{\"@id\":\"https:\\\/\\\/partijhandeldhz.nl\\\/de\\\/produkt\\\/zweigscheren-easycut-680-b\\\/#primaryimage\"},\"thumbnailUrl\":\"https:\\\/\\\/partijhandeldhz.nl\\\/wp-content\\\/uploads\\\/2026\\\/02\\\/Afbeelding-1-17.jpg\",\"datePublished\":\"2026-02-25T11:06:26+00:00\",\"breadcrumb\":{\"@id\":\"https:\\\/\\\/partijhandeldhz.nl\\\/de\\\/produkt\\\/zweigscheren-easycut-680-b\\\/#breadcrumb\"},\"inLanguage\":\"de\",\"potentialAction\":[{\"@type\":\"ReadAction\",\"target\":[\"https:\\\/\\\/partijhandeldhz.nl\\\/de\\\/produkt\\\/zweigscheren-easycut-680-b\\\/\"]}]},{\"@type\":\"ImageObject\",\"inLanguage\":\"de\",\"@id\":\"https:\\\/\\\/partijhandeldhz.nl\\\/de\\\/produkt\\\/zweigscheren-easycut-680-b\\\/#primaryimage\",\"url\":\"https:\\\/\\\/partijhandeldhz.nl\\\/wp-content\\\/uploads\\\/2026\\\/02\\\/Afbeelding-1-17.jpg\",\"contentUrl\":\"https:\\\/\\\/partijhandeldhz.nl\\\/wp-content\\\/uploads\\\/2026\\\/02\\\/Afbeelding-1-17.jpg\",\"width\":1000,\"height\":1000},{\"@type\":\"BreadcrumbList\",\"@id\":\"https:\\\/\\\/partijhandeldhz.nl\\\/de\\\/produkt\\\/zweigscheren-easycut-680-b\\\/#breadcrumb\",\"itemListElement\":[{\"@type\":\"ListItem\",\"position\":1,\"name\":\"Home\",\"item\":\"https:\\\/\\\/partijhandeldhz.nl\\\/de\\\/\"},{\"@type\":\"ListItem\",\"position\":2,\"name\":\"Shop\",\"item\":\"https:\\\/\\\/partijhandeldhz.nl\\\/de\\\/shop\\\/\"},{\"@type\":\"ListItem\",\"position\":3,\"name\":\"Zweigscheren EasyCut 680 B\"}]},{\"@type\":\"WebSite\",\"@id\":\"https:\\\/\\\/partijhandeldhz.nl\\\/de\\\/#website\",\"url\":\"https:\\\/\\\/partijhandeldhz.nl\\\/de\\\/\",\"name\":\"DHZ Outlet & Partijhandel\",\"description\":\"Grote en kleine partijen, altijd de scherpste prijs!\",\"publisher\":{\"@id\":\"https:\\\/\\\/partijhandeldhz.nl\\\/de\\\/#organization\"},\"potentialAction\":[{\"@type\":\"SearchAction\",\"target\":{\"@type\":\"EntryPoint\",\"urlTemplate\":\"https:\\\/\\\/partijhandeldhz.nl\\\/de\\\/?s={search_term_string}\"},\"query-input\":{\"@type\":\"PropertyValueSpecification\",\"valueRequired\":true,\"valueName\":\"search_term_string\"}}],\"inLanguage\":\"de\"},{\"@type\":\"Organization\",\"@id\":\"https:\\\/\\\/partijhandeldhz.nl\\\/de\\\/#organization\",\"name\":\"DHZ Outlet & Partijhandel\",\"url\":\"https:\\\/\\\/partijhandeldhz.nl\\\/de\\\/\",\"logo\":{\"@type\":\"ImageObject\",\"inLanguage\":\"de\",\"@id\":\"https:\\\/\\\/partijhandeldhz.nl\\\/de\\\/#\\\/schema\\\/logo\\\/image\\\/\",\"url\":\"https:\\\/\\\/partijhandeldhz.nl\\\/wp-content\\\/uploads\\\/2025\\\/03\\\/1.png\",\"contentUrl\":\"https:\\\/\\\/partijhandeldhz.nl\\\/wp-content\\\/uploads\\\/2025\\\/03\\\/1.png\",\"width\":1000,\"height\":500,\"caption\":\"DHZ Outlet & Partijhandel\"},\"image\":{\"@id\":\"https:\\\/\\\/partijhandeldhz.nl\\\/de\\\/#\\\/schema\\\/logo\\\/image\\\/\"},\"sameAs\":[\"https:\\\/\\\/www.facebook.com\\\/people\\\/Partijhandel-DHZ\\\/61573487458594\\\/\",\"https:\\\/\\\/www.instagram.com\\\/partijhandeldhz\\\/\"]}]}<\/script>\n<!-- \/ Yoast SEO plugin. -->","yoast_head_json":{"title":"Zweigscheren EasyCut 680 B - DHZ Outlet &amp; Partijhandel","robots":{"index":"index","follow":"follow","max-snippet":"max-snippet:-1","max-image-preview":"max-image-preview:large","max-video-preview":"max-video-preview:-1"},"canonical":"https:\/\/partijhandeldhz.nl\/de\/produkt\/zweigscheren-easycut-680-b\/","og_locale":"de_DE","og_type":"article","og_title":"Zweigscheren EasyCut 680 B - DHZ Outlet &amp; Partijhandel","og_description":"Der Gardena EasyCut 680 B ist ein leichter und leistungsstarker Bypass-Trimmer zum Schneiden gr\u00fcner \u00c4ste in Str\u00e4uchern und B\u00e4umen. Dank der Verwendung von Aluminium und ergonomischen ErgoTec-Griffen wiegen diese Gartenscheren nur etwa 1 kg, was Langzeitarbeit angenehm macht. Mit einem maximalen Schneidedurchmesser von 42 mm liefert dieser Kappscher pr\u00e4zise und saubere Schnitte.  Bitte beachten Sie: Dieses Produkt kann nur \u00fcber unseren Webshop bestellt werden.","og_url":"https:\/\/partijhandeldhz.nl\/de\/produkt\/zweigscheren-easycut-680-b\/","og_site_name":"DHZ Outlet &amp; Partijhandel","article_publisher":"https:\/\/www.facebook.com\/people\/Partijhandel-DHZ\/61573487458594\/","og_image":[{"width":1000,"height":1000,"url":"https:\/\/partijhandeldhz.nl\/wp-content\/uploads\/2026\/02\/Afbeelding-1-17.jpg","type":"image\/jpeg"}],"twitter_card":"summary_large_image","twitter_misc":{"Gesch\u00e4tzte Lesezeit":"1\u00a0Minute"},"schema":{"@context":"https:\/\/schema.org","@graph":[{"@type":"WebPage","@id":"https:\/\/partijhandeldhz.nl\/de\/produkt\/zweigscheren-easycut-680-b\/","url":"https:\/\/partijhandeldhz.nl\/de\/produkt\/zweigscheren-easycut-680-b\/","name":"Zweigscheren EasyCut 680 B - DHZ Outlet &amp; Partijhandel","isPartOf":{"@id":"https:\/\/partijhandeldhz.nl\/de\/#website"},"primaryImageOfPage":{"@id":"https:\/\/partijhandeldhz.nl\/de\/produkt\/zweigscheren-easycut-680-b\/#primaryimage"},"image":{"@id":"https:\/\/partijhandeldhz.nl\/de\/produkt\/zweigscheren-easycut-680-b\/#primaryimage"},"thumbnailUrl":"https:\/\/partijhandeldhz.nl\/wp-content\/uploads\/2026\/02\/Afbeelding-1-17.jpg","datePublished":"2026-02-25T11:06:26+00:00","breadcrumb":{"@id":"https:\/\/partijhandeldhz.nl\/de\/produkt\/zweigscheren-easycut-680-b\/#breadcrumb"},"inLanguage":"de","potentialAction":[{"@type":"ReadAction","target":["https:\/\/partijhandeldhz.nl\/de\/produkt\/zweigscheren-easycut-680-b\/"]}]},{"@type":"ImageObject","inLanguage":"de","@id":"https:\/\/partijhandeldhz.nl\/de\/produkt\/zweigscheren-easycut-680-b\/#primaryimage","url":"https:\/\/partijhandeldhz.nl\/wp-content\/uploads\/2026\/02\/Afbeelding-1-17.jpg","contentUrl":"https:\/\/partijhandeldhz.nl\/wp-content\/uploads\/2026\/02\/Afbeelding-1-17.jpg","width":1000,"height":1000},{"@type":"BreadcrumbList","@id":"https:\/\/partijhandeldhz.nl\/de\/produkt\/zweigscheren-easycut-680-b\/#breadcrumb","itemListElement":[{"@type":"ListItem","position":1,"name":"Home","item":"https:\/\/partijhandeldhz.nl\/de\/"},{"@type":"ListItem","position":2,"name":"Shop","item":"https:\/\/partijhandeldhz.nl\/de\/shop\/"},{"@type":"ListItem","position":3,"name":"Zweigscheren EasyCut 680 B"}]},{"@type":"WebSite","@id":"https:\/\/partijhandeldhz.nl\/de\/#website","url":"https:\/\/partijhandeldhz.nl\/de\/","name":"DHZ Outlet & Partijhandel","description":"Grote en kleine partijen, altijd de scherpste prijs!","publisher":{"@id":"https:\/\/partijhandeldhz.nl\/de\/#organization"},"potentialAction":[{"@type":"SearchAction","target":{"@type":"EntryPoint","urlTemplate":"https:\/\/partijhandeldhz.nl\/de\/?s={search_term_string}"},"query-input":{"@type":"PropertyValueSpecification","valueRequired":true,"valueName":"search_term_string"}}],"inLanguage":"de"},{"@type":"Organization","@id":"https:\/\/partijhandeldhz.nl\/de\/#organization","name":"DHZ Outlet & Partijhandel","url":"https:\/\/partijhandeldhz.nl\/de\/","logo":{"@type":"ImageObject","inLanguage":"de","@id":"https:\/\/partijhandeldhz.nl\/de\/#\/schema\/logo\/image\/","url":"https:\/\/partijhandeldhz.nl\/wp-content\/uploads\/2025\/03\/1.png","contentUrl":"https:\/\/partijhandeldhz.nl\/wp-content\/uploads\/2025\/03\/1.png","width":1000,"height":500,"caption":"DHZ Outlet & Partijhandel"},"image":{"@id":"https:\/\/partijhandeldhz.nl\/de\/#\/schema\/logo\/image\/"},"sameAs":["https:\/\/www.facebook.com\/people\/Partijhandel-DHZ\/61573487458594\/","https:\/\/www.instagram.com\/partijhandeldhz\/"]}]}},"jetpack_sharing_enabled":true,"_links":{"self":[{"href":"https:\/\/partijhandeldhz.nl\/de\/wp-json\/wp\/v2\/product\/18332","targetHints":{"allow":["GET"]}}],"collection":[{"href":"https:\/\/partijhandeldhz.nl\/de\/wp-json\/wp\/v2\/product"}],"about":[{"href":"https:\/\/partijhandeldhz.nl\/de\/wp-json\/wp\/v2\/types\/product"}],"version-history":[{"count":0,"href":"https:\/\/partijhandeldhz.nl\/de\/wp-json\/wp\/v2\/product\/18332\/revisions"}],"wp:featuredmedia":[{"embeddable":true,"href":"https:\/\/partijhandeldhz.nl\/de\/wp-json\/wp\/v2\/media\/17879"}],"wp:attachment":[{"href":"https:\/\/partijhandeldhz.nl\/de\/wp-json\/wp\/v2\/media?parent=18332"}],"wp:term":[{"taxonomy":"product_brand","embeddable":true,"href":"https:\/\/partijhandeldhz.nl\/de\/wp-json\/wp\/v2\/product_brand?post=18332"},{"taxonomy":"product_cat","embeddable":true,"href":"https:\/\/partijhandeldhz.nl\/de\/wp-json\/wp\/v2\/product_cat?post=18332"},{"taxonomy":"product_tag","embeddable":true,"href":"https:\/\/partijhandeldhz.nl\/de\/wp-json\/wp\/v2\/product_tag?post=18332"}],"curies":[{"name":"wp","href":"https:\/\/api.w.org\/{rel}","templated":true}]}}