{"id":18325,"date":"2026-04-16T14:40:38","date_gmt":"2026-04-16T14:40:38","guid":{"rendered":"https:\/\/partijhandeldhz.nl\/product\/partyzelt-3x3-meter\/"},"modified":"2026-04-16T14:40:38","modified_gmt":"2026-04-16T14:40:38","slug":"partyzelt-3x3-meter","status":"publish","type":"product","link":"https:\/\/partijhandeldhz.nl\/de\/produkt\/partyzelt-3x3-meter\/","title":{"rendered":"Partyzelt 3&#215;3 Meter"},"content":{"rendered":"<p data-start=\"586\" data-end=\"853\">Mit dem Benson-Partyzelt 3&#215;3 Meter k\u00f6nnen Sie ganz einfach einen komfortablen und gesch\u00fctzten Raum f\u00fcr alle Arten von Outdoor-Aktivit\u00e4ten schaffen. Ideal f\u00fcr Gartenpartys, Grillpartys, Feste oder Campingausfl\u00fcge bietet dieses praktische Partyzelt Schutz vor Sonne und leichtem Regen. <\/p>\n<p data-start=\"855\" data-end=\"1065\">Das Zelt ist mit drei abnehmbaren Seitenw\u00e4nden ausgestattet, von denen einige Fenster f\u00fcr zus\u00e4tzliches Licht und Bel\u00fcftung haben. So k\u00f6nnen Sie das Partyzelt flexibel an die Wetterbedingungen und Ihre W\u00fcnsche anpassen. <\/p>\n<p data-start=\"1067\" data-end=\"1286\">Der stabile Metallrohrrahmen sorgt f\u00fcr Stabilit\u00e4t, w\u00e4hrend die Polyester-Dachplane vor Witterung sch\u00fctzt. Mit Hilfe der beiliegenden Spannplane und der Stifte ist das Zelt fest aufgebaut. <\/p>\n<p data-start=\"1288\" data-end=\"1468\">Der Aufbau ist schnell und einfach, sodass das Zelt in wenigen Minuten betriebsbereit ist. Dank seines kompakten Designs ist das Marquee zudem leicht zu verstauen und zu transportieren. <\/p>\n<p data-start=\"1470\" data-end=\"1650\">Bitte beachten Sie: Dieses Partyzelt ist f\u00fcr den normalen Gebrauch geeignet und bietet Schutz vor Sonne und leichtem Regen, ist jedoch nicht f\u00fcr den Einsatz bei St\u00fcrmen oder extremen Wetterbedingungen geeignet.<\/p>\n<h3 data-section-id=\"1p76h5s\" data-start=\"1657\" data-end=\"1688\">Schl\u00fcsselmerkmale<\/h3>\n<ul>\n<li>Marke: Benson<\/li>\n<li>Typ: Partyzelt \/ Pavillon<\/li>\n<li>Abmessungen: 2,9 x 2,9 x 2,5 m<\/li>\n<li>Enth\u00e4lt 3 abnehmbare Seitenw\u00e4nde<\/li>\n<li>Seitenw\u00e4nde teilweise mit Fenstern<\/li>\n<li>Schutz vor Sonne und leichtem Regen<\/li>\n<li>Stabiler Metallrahmen mit Beschichtung<\/li>\n<li>Inklusive Spannungsplane und Stiften<\/li>\n<li>Schnell und einfach einzurichten<\/li>\n<li>Kompakter Speicher<\/li>\n<li>EAN-Code: 8719274349129<\/li>\n<\/ul>\n<h3 data-section-id=\"s8t0hb\" data-start=\"2059\" data-end=\"2086\">Technische Daten<\/h3>\n<ul data-start=\"2087\" data-end=\"2420\">\n<li data-section-id=\"tmfjss\" data-start=\"2087\" data-end=\"2133\">Abmessungen (L x B x H): 290 x 290 x 250 cm<\/li>\n<li data-section-id=\"v0v536\" data-start=\"2134\" data-end=\"2163\">Stoffmaterial: Polyester<\/li>\n<li data-section-id=\"1qj4qwg\" data-start=\"2164\" data-end=\"2203\">Rahmenmaterial: Beschichtetes Metall<\/li>\n<li data-section-id=\"24ehis\" data-start=\"2204\" data-end=\"2228\">Rahmendurchmesser: 2 cm<\/li>\n<li data-section-id=\"12shybi\" data-start=\"2229\" data-end=\"2248\">Gewicht: 6,9 kg<\/li>\n<li data-section-id=\"kv6cpo\" data-start=\"2249\" data-end=\"2377\">Inhalt des Pakets:\n<ul data-start=\"2274\" data-end=\"2377\">\n<li data-section-id=\"166zjoz\" data-start=\"2274\" data-end=\"2305\">1 x Pavillonrahmen mit Dach<\/li>\n<li data-section-id=\"1kf6xhp\" data-start=\"2308\" data-end=\"2325\">3 x Seitenw\u00e4nde<\/li>\n<li data-section-id=\"1rczq9x\" data-start=\"2328\" data-end=\"2352\">Spannungsplane und Stifte<\/li>\n<li data-section-id=\"fhen5g\" data-start=\"2355\" data-end=\"2377\">Installationsanleitung<\/li>\n<\/ul>\n<\/li>\n<li data-section-id=\"1pjcijk\" data-start=\"2378\" data-end=\"2420\">Anwendung: Garten, Camping, Veranstaltungen<\/li>\n<\/ul>\n","protected":false},"excerpt":{"rendered":"<p data-start=\"251\" data-end=\"477\">Das Benson-Partyzelt 3&#215;3 Meter ist ideal f\u00fcr Gartenpartys, Camping und Veranstaltungen. Dank der drei abnehmbaren Seitenw\u00e4nde, der stabilen Bauweise und der einfachen Montage bietet dieses Partyzelt Schutz vor Sonne und leichtem Regen. <\/p>\n<p data-start=\"479\" data-end=\"545\"><strong data-start=\"479\" data-end=\"545\"><em data-start=\"481\" data-end=\"543\">Bitte beachten Sie: Dieses Produkt kann nur \u00fcber unseren Webshop bestellt werden.<\/em><\/strong><\/p>\n","protected":false},"featured_media":18256,"template":"","meta":{"_acf_changed":false,"site-sidebar-layout":"default","site-content-layout":"","ast-site-content-layout":"default","site-content-style":"default","site-sidebar-style":"default","ast-global-header-display":"","ast-banner-title-visibility":"","ast-main-header-display":"","ast-hfb-above-header-display":"","ast-hfb-below-header-display":"","ast-hfb-mobile-header-display":"","site-post-title":"","ast-breadcrumbs-content":"","ast-featured-img":"","footer-sml-layout":"","ast-disable-related-posts":"","theme-transparent-header-meta":"default","adv-header-id-meta":"","stick-header-meta":"","header-above-stick-meta":"","header-main-stick-meta":"","header-below-stick-meta":"","astra-migrate-meta-layouts":"default","ast-page-background-enabled":"default","ast-page-background-meta":{"desktop":{"background-color":"","background-image":"","background-repeat":"repeat","background-position":"center center","background-size":"auto","background-attachment":"scroll","background-type":"","background-media":"","overlay-type":"","overlay-color":"","overlay-opacity":"","overlay-gradient":""},"tablet":{"background-color":"","background-image":"","background-repeat":"repeat","background-position":"center center","background-size":"auto","background-attachment":"scroll","background-type":"","background-media":"","overlay-type":"","overlay-color":"","overlay-opacity":"","overlay-gradient":""},"mobile":{"background-color":"","background-image":"","background-repeat":"repeat","background-position":"center center","background-size":"auto","background-attachment":"scroll","background-type":"","background-media":"","overlay-type":"","overlay-color":"","overlay-opacity":"","overlay-gradient":""}},"ast-content-background-meta":{"desktop":{"background-color":"var(--ast-global-color-5)","background-image":"","background-repeat":"repeat","background-position":"center center","background-size":"auto","background-attachment":"scroll","background-type":"","background-media":"","overlay-type":"","overlay-color":"","overlay-opacity":"","overlay-gradient":""},"tablet":{"background-color":"var(--ast-global-color-5)","background-image":"","background-repeat":"repeat","background-position":"center center","background-size":"auto","background-attachment":"scroll","background-type":"","background-media":"","overlay-type":"","overlay-color":"","overlay-opacity":"","overlay-gradient":""},"mobile":{"background-color":"var(--ast-global-color-5)","background-image":"","background-repeat":"repeat","background-position":"center center","background-size":"auto","background-attachment":"scroll","background-type":"","background-media":"","overlay-type":"","overlay-color":"","overlay-opacity":"","overlay-gradient":""}}},"product_brand":[],"product_cat":[642,599],"product_tag":[],"class_list":{"0":"post-18325","1":"product","2":"type-product","3":"status-publish","4":"has-post-thumbnail","6":"product_cat-camping-outdoor","7":"product_cat-postenhandel","8":"pa_merk-benson","9":"desktop-align-left","10":"tablet-align-left","11":"mobile-align-left","13":"first","14":"instock","15":"taxable","16":"shipping-taxable","17":"purchasable","18":"product-type-simple"},"acf":[],"yoast_head":"<!-- This site is optimized with the Yoast SEO plugin v27.5 - https:\/\/yoast.com\/product\/yoast-seo-wordpress\/ -->\n<title>Partyzelt 3x3 Meter - DHZ Outlet &amp; Partijhandel<\/title>\n<meta name=\"robots\" content=\"index, follow, max-snippet:-1, max-image-preview:large, max-video-preview:-1\" \/>\n<link rel=\"canonical\" href=\"https:\/\/partijhandeldhz.nl\/de\/produkt\/partyzelt-3x3-meter\/\" \/>\n<meta property=\"og:locale\" content=\"de_DE\" \/>\n<meta property=\"og:type\" content=\"article\" \/>\n<meta property=\"og:title\" content=\"Partyzelt 3x3 Meter - DHZ Outlet &amp; Partijhandel\" \/>\n<meta property=\"og:description\" content=\"Das Benson-Partyzelt 3x3 Meter ist ideal f\u00fcr Gartenpartys, Camping und Veranstaltungen. Dank der drei abnehmbaren Seitenw\u00e4nde, der stabilen Bauweise und der einfachen Montage bietet dieses Partyzelt Schutz vor Sonne und leichtem Regen. Bitte beachten Sie: Dieses Produkt kann nur \u00fcber unseren Webshop bestellt werden.\" \/>\n<meta property=\"og:url\" content=\"https:\/\/partijhandeldhz.nl\/de\/produkt\/partyzelt-3x3-meter\/\" \/>\n<meta property=\"og:site_name\" content=\"DHZ Outlet &amp; Partijhandel\" \/>\n<meta property=\"article:publisher\" content=\"https:\/\/www.facebook.com\/people\/Partijhandel-DHZ\/61573487458594\/\" \/>\n<meta property=\"og:image\" content=\"https:\/\/partijhandeldhz.nl\/wp-content\/uploads\/2026\/04\/Afbeelding-1-2.jpg\" \/>\n\t<meta property=\"og:image:width\" content=\"1000\" \/>\n\t<meta property=\"og:image:height\" content=\"1000\" \/>\n\t<meta property=\"og:image:type\" content=\"image\/jpeg\" \/>\n<meta name=\"twitter:card\" content=\"summary_large_image\" \/>\n<meta name=\"twitter:label1\" content=\"Gesch\u00e4tzte Lesezeit\" \/>\n\t<meta name=\"twitter:data1\" content=\"1\u00a0Minute\" \/>\n<script type=\"application\/ld+json\" class=\"yoast-schema-graph\">{\"@context\":\"https:\\\/\\\/schema.org\",\"@graph\":[{\"@type\":\"WebPage\",\"@id\":\"https:\\\/\\\/partijhandeldhz.nl\\\/de\\\/produkt\\\/partyzelt-3x3-meter\\\/\",\"url\":\"https:\\\/\\\/partijhandeldhz.nl\\\/de\\\/produkt\\\/partyzelt-3x3-meter\\\/\",\"name\":\"Partyzelt 3x3 Meter - DHZ Outlet &amp; Partijhandel\",\"isPartOf\":{\"@id\":\"https:\\\/\\\/partijhandeldhz.nl\\\/de\\\/#website\"},\"primaryImageOfPage\":{\"@id\":\"https:\\\/\\\/partijhandeldhz.nl\\\/de\\\/produkt\\\/partyzelt-3x3-meter\\\/#primaryimage\"},\"image\":{\"@id\":\"https:\\\/\\\/partijhandeldhz.nl\\\/de\\\/produkt\\\/partyzelt-3x3-meter\\\/#primaryimage\"},\"thumbnailUrl\":\"https:\\\/\\\/partijhandeldhz.nl\\\/wp-content\\\/uploads\\\/2026\\\/04\\\/Afbeelding-1-2.jpg\",\"datePublished\":\"2026-04-16T14:40:38+00:00\",\"breadcrumb\":{\"@id\":\"https:\\\/\\\/partijhandeldhz.nl\\\/de\\\/produkt\\\/partyzelt-3x3-meter\\\/#breadcrumb\"},\"inLanguage\":\"de\",\"potentialAction\":[{\"@type\":\"ReadAction\",\"target\":[\"https:\\\/\\\/partijhandeldhz.nl\\\/de\\\/produkt\\\/partyzelt-3x3-meter\\\/\"]}]},{\"@type\":\"ImageObject\",\"inLanguage\":\"de\",\"@id\":\"https:\\\/\\\/partijhandeldhz.nl\\\/de\\\/produkt\\\/partyzelt-3x3-meter\\\/#primaryimage\",\"url\":\"https:\\\/\\\/partijhandeldhz.nl\\\/wp-content\\\/uploads\\\/2026\\\/04\\\/Afbeelding-1-2.jpg\",\"contentUrl\":\"https:\\\/\\\/partijhandeldhz.nl\\\/wp-content\\\/uploads\\\/2026\\\/04\\\/Afbeelding-1-2.jpg\",\"width\":1000,\"height\":1000},{\"@type\":\"BreadcrumbList\",\"@id\":\"https:\\\/\\\/partijhandeldhz.nl\\\/de\\\/produkt\\\/partyzelt-3x3-meter\\\/#breadcrumb\",\"itemListElement\":[{\"@type\":\"ListItem\",\"position\":1,\"name\":\"Home\",\"item\":\"https:\\\/\\\/partijhandeldhz.nl\\\/de\\\/\"},{\"@type\":\"ListItem\",\"position\":2,\"name\":\"Shop\",\"item\":\"https:\\\/\\\/partijhandeldhz.nl\\\/de\\\/shop\\\/\"},{\"@type\":\"ListItem\",\"position\":3,\"name\":\"Partyzelt 3&#215;3 Meter\"}]},{\"@type\":\"WebSite\",\"@id\":\"https:\\\/\\\/partijhandeldhz.nl\\\/de\\\/#website\",\"url\":\"https:\\\/\\\/partijhandeldhz.nl\\\/de\\\/\",\"name\":\"DHZ Outlet & Partijhandel\",\"description\":\"Grote en kleine partijen, altijd de scherpste prijs!\",\"publisher\":{\"@id\":\"https:\\\/\\\/partijhandeldhz.nl\\\/de\\\/#organization\"},\"potentialAction\":[{\"@type\":\"SearchAction\",\"target\":{\"@type\":\"EntryPoint\",\"urlTemplate\":\"https:\\\/\\\/partijhandeldhz.nl\\\/de\\\/?s={search_term_string}\"},\"query-input\":{\"@type\":\"PropertyValueSpecification\",\"valueRequired\":true,\"valueName\":\"search_term_string\"}}],\"inLanguage\":\"de\"},{\"@type\":\"Organization\",\"@id\":\"https:\\\/\\\/partijhandeldhz.nl\\\/de\\\/#organization\",\"name\":\"DHZ Outlet & Partijhandel\",\"url\":\"https:\\\/\\\/partijhandeldhz.nl\\\/de\\\/\",\"logo\":{\"@type\":\"ImageObject\",\"inLanguage\":\"de\",\"@id\":\"https:\\\/\\\/partijhandeldhz.nl\\\/de\\\/#\\\/schema\\\/logo\\\/image\\\/\",\"url\":\"https:\\\/\\\/partijhandeldhz.nl\\\/wp-content\\\/uploads\\\/2025\\\/03\\\/1.png\",\"contentUrl\":\"https:\\\/\\\/partijhandeldhz.nl\\\/wp-content\\\/uploads\\\/2025\\\/03\\\/1.png\",\"width\":1000,\"height\":500,\"caption\":\"DHZ Outlet & Partijhandel\"},\"image\":{\"@id\":\"https:\\\/\\\/partijhandeldhz.nl\\\/de\\\/#\\\/schema\\\/logo\\\/image\\\/\"},\"sameAs\":[\"https:\\\/\\\/www.facebook.com\\\/people\\\/Partijhandel-DHZ\\\/61573487458594\\\/\",\"https:\\\/\\\/www.instagram.com\\\/partijhandeldhz\\\/\"]}]}<\/script>\n<!-- \/ Yoast SEO plugin. -->","yoast_head_json":{"title":"Partyzelt 3x3 Meter - DHZ Outlet &amp; Partijhandel","robots":{"index":"index","follow":"follow","max-snippet":"max-snippet:-1","max-image-preview":"max-image-preview:large","max-video-preview":"max-video-preview:-1"},"canonical":"https:\/\/partijhandeldhz.nl\/de\/produkt\/partyzelt-3x3-meter\/","og_locale":"de_DE","og_type":"article","og_title":"Partyzelt 3x3 Meter - DHZ Outlet &amp; Partijhandel","og_description":"Das Benson-Partyzelt 3x3 Meter ist ideal f\u00fcr Gartenpartys, Camping und Veranstaltungen. Dank der drei abnehmbaren Seitenw\u00e4nde, der stabilen Bauweise und der einfachen Montage bietet dieses Partyzelt Schutz vor Sonne und leichtem Regen. Bitte beachten Sie: Dieses Produkt kann nur \u00fcber unseren Webshop bestellt werden.","og_url":"https:\/\/partijhandeldhz.nl\/de\/produkt\/partyzelt-3x3-meter\/","og_site_name":"DHZ Outlet &amp; Partijhandel","article_publisher":"https:\/\/www.facebook.com\/people\/Partijhandel-DHZ\/61573487458594\/","og_image":[{"width":1000,"height":1000,"url":"https:\/\/partijhandeldhz.nl\/wp-content\/uploads\/2026\/04\/Afbeelding-1-2.jpg","type":"image\/jpeg"}],"twitter_card":"summary_large_image","twitter_misc":{"Gesch\u00e4tzte Lesezeit":"1\u00a0Minute"},"schema":{"@context":"https:\/\/schema.org","@graph":[{"@type":"WebPage","@id":"https:\/\/partijhandeldhz.nl\/de\/produkt\/partyzelt-3x3-meter\/","url":"https:\/\/partijhandeldhz.nl\/de\/produkt\/partyzelt-3x3-meter\/","name":"Partyzelt 3x3 Meter - DHZ Outlet &amp; Partijhandel","isPartOf":{"@id":"https:\/\/partijhandeldhz.nl\/de\/#website"},"primaryImageOfPage":{"@id":"https:\/\/partijhandeldhz.nl\/de\/produkt\/partyzelt-3x3-meter\/#primaryimage"},"image":{"@id":"https:\/\/partijhandeldhz.nl\/de\/produkt\/partyzelt-3x3-meter\/#primaryimage"},"thumbnailUrl":"https:\/\/partijhandeldhz.nl\/wp-content\/uploads\/2026\/04\/Afbeelding-1-2.jpg","datePublished":"2026-04-16T14:40:38+00:00","breadcrumb":{"@id":"https:\/\/partijhandeldhz.nl\/de\/produkt\/partyzelt-3x3-meter\/#breadcrumb"},"inLanguage":"de","potentialAction":[{"@type":"ReadAction","target":["https:\/\/partijhandeldhz.nl\/de\/produkt\/partyzelt-3x3-meter\/"]}]},{"@type":"ImageObject","inLanguage":"de","@id":"https:\/\/partijhandeldhz.nl\/de\/produkt\/partyzelt-3x3-meter\/#primaryimage","url":"https:\/\/partijhandeldhz.nl\/wp-content\/uploads\/2026\/04\/Afbeelding-1-2.jpg","contentUrl":"https:\/\/partijhandeldhz.nl\/wp-content\/uploads\/2026\/04\/Afbeelding-1-2.jpg","width":1000,"height":1000},{"@type":"BreadcrumbList","@id":"https:\/\/partijhandeldhz.nl\/de\/produkt\/partyzelt-3x3-meter\/#breadcrumb","itemListElement":[{"@type":"ListItem","position":1,"name":"Home","item":"https:\/\/partijhandeldhz.nl\/de\/"},{"@type":"ListItem","position":2,"name":"Shop","item":"https:\/\/partijhandeldhz.nl\/de\/shop\/"},{"@type":"ListItem","position":3,"name":"Partyzelt 3&#215;3 Meter"}]},{"@type":"WebSite","@id":"https:\/\/partijhandeldhz.nl\/de\/#website","url":"https:\/\/partijhandeldhz.nl\/de\/","name":"DHZ Outlet & Partijhandel","description":"Grote en kleine partijen, altijd de scherpste prijs!","publisher":{"@id":"https:\/\/partijhandeldhz.nl\/de\/#organization"},"potentialAction":[{"@type":"SearchAction","target":{"@type":"EntryPoint","urlTemplate":"https:\/\/partijhandeldhz.nl\/de\/?s={search_term_string}"},"query-input":{"@type":"PropertyValueSpecification","valueRequired":true,"valueName":"search_term_string"}}],"inLanguage":"de"},{"@type":"Organization","@id":"https:\/\/partijhandeldhz.nl\/de\/#organization","name":"DHZ Outlet & Partijhandel","url":"https:\/\/partijhandeldhz.nl\/de\/","logo":{"@type":"ImageObject","inLanguage":"de","@id":"https:\/\/partijhandeldhz.nl\/de\/#\/schema\/logo\/image\/","url":"https:\/\/partijhandeldhz.nl\/wp-content\/uploads\/2025\/03\/1.png","contentUrl":"https:\/\/partijhandeldhz.nl\/wp-content\/uploads\/2025\/03\/1.png","width":1000,"height":500,"caption":"DHZ Outlet & Partijhandel"},"image":{"@id":"https:\/\/partijhandeldhz.nl\/de\/#\/schema\/logo\/image\/"},"sameAs":["https:\/\/www.facebook.com\/people\/Partijhandel-DHZ\/61573487458594\/","https:\/\/www.instagram.com\/partijhandeldhz\/"]}]}},"jetpack_sharing_enabled":true,"_links":{"self":[{"href":"https:\/\/partijhandeldhz.nl\/de\/wp-json\/wp\/v2\/product\/18325","targetHints":{"allow":["GET"]}}],"collection":[{"href":"https:\/\/partijhandeldhz.nl\/de\/wp-json\/wp\/v2\/product"}],"about":[{"href":"https:\/\/partijhandeldhz.nl\/de\/wp-json\/wp\/v2\/types\/product"}],"version-history":[{"count":0,"href":"https:\/\/partijhandeldhz.nl\/de\/wp-json\/wp\/v2\/product\/18325\/revisions"}],"wp:featuredmedia":[{"embeddable":true,"href":"https:\/\/partijhandeldhz.nl\/de\/wp-json\/wp\/v2\/media\/18256"}],"wp:attachment":[{"href":"https:\/\/partijhandeldhz.nl\/de\/wp-json\/wp\/v2\/media?parent=18325"}],"wp:term":[{"taxonomy":"product_brand","embeddable":true,"href":"https:\/\/partijhandeldhz.nl\/de\/wp-json\/wp\/v2\/product_brand?post=18325"},{"taxonomy":"product_cat","embeddable":true,"href":"https:\/\/partijhandeldhz.nl\/de\/wp-json\/wp\/v2\/product_cat?post=18325"},{"taxonomy":"product_tag","embeddable":true,"href":"https:\/\/partijhandeldhz.nl\/de\/wp-json\/wp\/v2\/product_tag?post=18325"}],"curies":[{"name":"wp","href":"https:\/\/api.w.org\/{rel}","templated":true}]}}