{"id":18321,"date":"2026-04-14T14:26:32","date_gmt":"2026-04-14T14:26:32","guid":{"rendered":"https:\/\/partijhandeldhz.nl\/product\/sturmriemen-set-13m\/"},"modified":"2026-04-14T14:26:32","modified_gmt":"2026-04-14T14:26:32","slug":"sturmriemen-set-13m","status":"publish","type":"product","link":"https:\/\/partijhandeldhz.nl\/de\/produkt\/sturmriemen-set-13m\/","title":{"rendered":"Sturmriemen-Set 13m"},"content":{"rendered":"<p data-start=\"618\" data-end=\"874\">Mit dem Benson Storm Strap, der 13 Meter eingestellt ist, sind Sie gut auf wechselnde Wetterbedingungen beim Camping vorbereitet. Dieser universelle Sturmgurt sorgt daf\u00fcr, dass Ihr Markis oder Ihr Markis besonders fest verankert ist, sodass es wind- und regenresistent ist. <\/p>\n<p data-start=\"876\" data-end=\"1105\">Das Set besteht aus einem starken Nylon-Sturmriemen von 13 Metern, einer Feder f\u00fcr zus\u00e4tzliche Spannung und zwei stabilen Sturmstiften. Dank dieser Kombination verteilt sich die Spannung gleichm\u00e4\u00dfig und Ihr Zelt oder Ihre Markise bleibt stabil. <\/p>\n<p data-start=\"1107\" data-end=\"1369\">Die Installation ist schnell und einfach, sodass Sie nicht viel Zeit mit dem Aufbau verbringen. Zus\u00e4tzlich ist das Sturmgurt-Set kompakt erh\u00e4ltlich, sodass es einfach ist, es auf Reisen mitzunehmen oder im Wohnwagen oder Wohnwagen zu verstauen. <\/p>\n<p data-start=\"1371\" data-end=\"1558\">Dieses Sturmgurt-Set eignet sich f\u00fcr fast alle Arten von Markisen und Markisen und ist damit ein unverzichtbares Zubeh\u00f6r f\u00fcr jeden Camper, der Sicherheit und Stabilit\u00e4t sch\u00e4tzt.<\/p>\n<h3 data-section-id=\"1p76h5s\" data-start=\"1565\" data-end=\"1596\">Schl\u00fcsselmerkmale<\/h3>\n<ul>\n<li>Marke: Benson<\/li>\n<li>Typ: Sturmriemen-Set<\/li>\n<li>L\u00e4nge: 13 Meter<\/li>\n<li>Universell anwendbar f\u00fcr Markisen und Markisen<\/li>\n<li>Beinhaltet Nylon-Sturmriemen<\/li>\n<li>Enth\u00e4lt eine Feder f\u00fcr optimale Spannung<\/li>\n<li>Enth\u00e4lt 2 Sturmstifte<\/li>\n<li>Einfach zu installieren<\/li>\n<li>Kompakter Speicher<\/li>\n<li>Ideal f\u00fcr Camping und Outdoor-Nutzung<\/li>\n<li>EAN-Code: 8717729119952<\/li>\n<\/ul>\n<h3 data-section-id=\"s8t0hb\" data-start=\"1947\" data-end=\"1974\">Technische Daten<\/h3>\n<ul data-start=\"1975\" data-end=\"2204\">\n<li data-section-id=\"v9ydte\" data-start=\"1975\" data-end=\"2001\">Sturmriemenl\u00e4nge: 13 m<\/li>\n<li data-section-id=\"5y5l7v\" data-start=\"2002\" data-end=\"2027\">Riemenmaterial: Nylon<\/li>\n<li data-section-id=\"52par5\" data-start=\"2028\" data-end=\"2102\">Inhalt des Sets:\n<ul data-start=\"2046\" data-end=\"2102\">\n<li data-section-id=\"4q920v\" data-start=\"2046\" data-end=\"2063\">1 x Storm Strap<\/li>\n<li data-section-id=\"5hrzut\" data-start=\"2066\" data-end=\"2078\">1 x Feder<\/li>\n<li data-section-id=\"tz9ef9\" data-start=\"2081\" data-end=\"2102\">2 x Storm-Stifte<\/li>\n<\/ul>\n<\/li>\n<li data-section-id=\"uwf5hb\" data-start=\"2103\" data-end=\"2152\">Verpackungsma\u00dfe: ca. 10 x 38,5 x 6,5 cm<\/li>\n<li data-section-id=\"eb7tlh\" data-start=\"2153\" data-end=\"2204\">Anwendung: Vordach, Markisen, Campingnutzung<\/li>\n<\/ul>\n","protected":false},"excerpt":{"rendered":"<p data-start=\"256\" data-end=\"509\">Das Benson-Sturmband mit 13 Metern Durchmesser sorgt daf\u00fcr, dass Ihr Vordach oder Ihr Markis auch bei starkem Wind und Regen fest an Ort und Stelle bleibt. Dieses komplette Set ist einfach zu installieren und eignet sich f\u00fcr fast alle Zelte und Markisen. Ideal zum Campen und Reisen.  <\/p>\n<p data-start=\"511\" data-end=\"577\"><strong data-start=\"511\" data-end=\"577\"><em data-start=\"513\" data-end=\"575\">Bitte beachten Sie: Dieses Produkt kann nur \u00fcber unseren Webshop bestellt werden.<\/em><\/strong><\/p>\n","protected":false},"featured_media":18240,"template":"","meta":{"_acf_changed":false,"site-sidebar-layout":"default","site-content-layout":"","ast-site-content-layout":"default","site-content-style":"default","site-sidebar-style":"default","ast-global-header-display":"","ast-banner-title-visibility":"","ast-main-header-display":"","ast-hfb-above-header-display":"","ast-hfb-below-header-display":"","ast-hfb-mobile-header-display":"","site-post-title":"","ast-breadcrumbs-content":"","ast-featured-img":"","footer-sml-layout":"","ast-disable-related-posts":"","theme-transparent-header-meta":"default","adv-header-id-meta":"","stick-header-meta":"","header-above-stick-meta":"","header-main-stick-meta":"","header-below-stick-meta":"","astra-migrate-meta-layouts":"default","ast-page-background-enabled":"default","ast-page-background-meta":{"desktop":{"background-color":"","background-image":"","background-repeat":"repeat","background-position":"center center","background-size":"auto","background-attachment":"scroll","background-type":"","background-media":"","overlay-type":"","overlay-color":"","overlay-opacity":"","overlay-gradient":""},"tablet":{"background-color":"","background-image":"","background-repeat":"repeat","background-position":"center center","background-size":"auto","background-attachment":"scroll","background-type":"","background-media":"","overlay-type":"","overlay-color":"","overlay-opacity":"","overlay-gradient":""},"mobile":{"background-color":"","background-image":"","background-repeat":"repeat","background-position":"center center","background-size":"auto","background-attachment":"scroll","background-type":"","background-media":"","overlay-type":"","overlay-color":"","overlay-opacity":"","overlay-gradient":""}},"ast-content-background-meta":{"desktop":{"background-color":"var(--ast-global-color-5)","background-image":"","background-repeat":"repeat","background-position":"center center","background-size":"auto","background-attachment":"scroll","background-type":"","background-media":"","overlay-type":"","overlay-color":"","overlay-opacity":"","overlay-gradient":""},"tablet":{"background-color":"var(--ast-global-color-5)","background-image":"","background-repeat":"repeat","background-position":"center center","background-size":"auto","background-attachment":"scroll","background-type":"","background-media":"","overlay-type":"","overlay-color":"","overlay-opacity":"","overlay-gradient":""},"mobile":{"background-color":"var(--ast-global-color-5)","background-image":"","background-repeat":"repeat","background-position":"center center","background-size":"auto","background-attachment":"scroll","background-type":"","background-media":"","overlay-type":"","overlay-color":"","overlay-opacity":"","overlay-gradient":""}}},"product_brand":[],"product_cat":[642,599],"product_tag":[],"class_list":{"0":"post-18321","1":"product","2":"type-product","3":"status-publish","4":"has-post-thumbnail","6":"product_cat-camping-outdoor","7":"product_cat-postenhandel","8":"pa_merk-benson","9":"desktop-align-left","10":"tablet-align-left","11":"mobile-align-left","13":"first","14":"instock","15":"taxable","16":"shipping-taxable","17":"purchasable","18":"product-type-simple"},"acf":[],"yoast_head":"<!-- This site is optimized with the Yoast SEO plugin v27.5 - https:\/\/yoast.com\/product\/yoast-seo-wordpress\/ -->\n<title>Sturmriemen-Set 13m - DHZ Outlet &amp; Partijhandel<\/title>\n<meta name=\"robots\" content=\"index, follow, max-snippet:-1, max-image-preview:large, max-video-preview:-1\" \/>\n<link rel=\"canonical\" href=\"https:\/\/partijhandeldhz.nl\/de\/produkt\/sturmriemen-set-13m\/\" \/>\n<meta property=\"og:locale\" content=\"de_DE\" \/>\n<meta property=\"og:type\" content=\"article\" \/>\n<meta property=\"og:title\" content=\"Sturmriemen-Set 13m - DHZ Outlet &amp; Partijhandel\" \/>\n<meta property=\"og:description\" content=\"Das Benson-Sturmband mit 13 Metern Durchmesser sorgt daf\u00fcr, dass Ihr Vordach oder Ihr Markis auch bei starkem Wind und Regen fest an Ort und Stelle bleibt. Dieses komplette Set ist einfach zu installieren und eignet sich f\u00fcr fast alle Zelte und Markisen. Ideal zum Campen und Reisen.  Bitte beachten Sie: Dieses Produkt kann nur \u00fcber unseren Webshop bestellt werden.\" \/>\n<meta property=\"og:url\" content=\"https:\/\/partijhandeldhz.nl\/de\/produkt\/sturmriemen-set-13m\/\" \/>\n<meta property=\"og:site_name\" content=\"DHZ Outlet &amp; Partijhandel\" \/>\n<meta property=\"article:publisher\" content=\"https:\/\/www.facebook.com\/people\/Partijhandel-DHZ\/61573487458594\/\" \/>\n<meta property=\"og:image\" content=\"https:\/\/partijhandeldhz.nl\/wp-content\/uploads\/2026\/04\/Afbeelding-1-1.jpg\" \/>\n\t<meta property=\"og:image:width\" content=\"1000\" \/>\n\t<meta property=\"og:image:height\" content=\"1000\" \/>\n\t<meta property=\"og:image:type\" content=\"image\/jpeg\" \/>\n<meta name=\"twitter:card\" content=\"summary_large_image\" \/>\n<meta name=\"twitter:label1\" content=\"Gesch\u00e4tzte Lesezeit\" \/>\n\t<meta name=\"twitter:data1\" content=\"1\u00a0Minute\" \/>\n<script type=\"application\/ld+json\" class=\"yoast-schema-graph\">{\"@context\":\"https:\\\/\\\/schema.org\",\"@graph\":[{\"@type\":\"WebPage\",\"@id\":\"https:\\\/\\\/partijhandeldhz.nl\\\/de\\\/produkt\\\/sturmriemen-set-13m\\\/\",\"url\":\"https:\\\/\\\/partijhandeldhz.nl\\\/de\\\/produkt\\\/sturmriemen-set-13m\\\/\",\"name\":\"Sturmriemen-Set 13m - DHZ Outlet &amp; Partijhandel\",\"isPartOf\":{\"@id\":\"https:\\\/\\\/partijhandeldhz.nl\\\/de\\\/#website\"},\"primaryImageOfPage\":{\"@id\":\"https:\\\/\\\/partijhandeldhz.nl\\\/de\\\/produkt\\\/sturmriemen-set-13m\\\/#primaryimage\"},\"image\":{\"@id\":\"https:\\\/\\\/partijhandeldhz.nl\\\/de\\\/produkt\\\/sturmriemen-set-13m\\\/#primaryimage\"},\"thumbnailUrl\":\"https:\\\/\\\/partijhandeldhz.nl\\\/wp-content\\\/uploads\\\/2026\\\/04\\\/Afbeelding-1-1.jpg\",\"datePublished\":\"2026-04-14T14:26:32+00:00\",\"breadcrumb\":{\"@id\":\"https:\\\/\\\/partijhandeldhz.nl\\\/de\\\/produkt\\\/sturmriemen-set-13m\\\/#breadcrumb\"},\"inLanguage\":\"de\",\"potentialAction\":[{\"@type\":\"ReadAction\",\"target\":[\"https:\\\/\\\/partijhandeldhz.nl\\\/de\\\/produkt\\\/sturmriemen-set-13m\\\/\"]}]},{\"@type\":\"ImageObject\",\"inLanguage\":\"de\",\"@id\":\"https:\\\/\\\/partijhandeldhz.nl\\\/de\\\/produkt\\\/sturmriemen-set-13m\\\/#primaryimage\",\"url\":\"https:\\\/\\\/partijhandeldhz.nl\\\/wp-content\\\/uploads\\\/2026\\\/04\\\/Afbeelding-1-1.jpg\",\"contentUrl\":\"https:\\\/\\\/partijhandeldhz.nl\\\/wp-content\\\/uploads\\\/2026\\\/04\\\/Afbeelding-1-1.jpg\",\"width\":1000,\"height\":1000},{\"@type\":\"BreadcrumbList\",\"@id\":\"https:\\\/\\\/partijhandeldhz.nl\\\/de\\\/produkt\\\/sturmriemen-set-13m\\\/#breadcrumb\",\"itemListElement\":[{\"@type\":\"ListItem\",\"position\":1,\"name\":\"Home\",\"item\":\"https:\\\/\\\/partijhandeldhz.nl\\\/de\\\/\"},{\"@type\":\"ListItem\",\"position\":2,\"name\":\"Shop\",\"item\":\"https:\\\/\\\/partijhandeldhz.nl\\\/de\\\/shop\\\/\"},{\"@type\":\"ListItem\",\"position\":3,\"name\":\"Sturmriemen-Set 13m\"}]},{\"@type\":\"WebSite\",\"@id\":\"https:\\\/\\\/partijhandeldhz.nl\\\/de\\\/#website\",\"url\":\"https:\\\/\\\/partijhandeldhz.nl\\\/de\\\/\",\"name\":\"DHZ Outlet & Partijhandel\",\"description\":\"Grote en kleine partijen, altijd de scherpste prijs!\",\"publisher\":{\"@id\":\"https:\\\/\\\/partijhandeldhz.nl\\\/de\\\/#organization\"},\"potentialAction\":[{\"@type\":\"SearchAction\",\"target\":{\"@type\":\"EntryPoint\",\"urlTemplate\":\"https:\\\/\\\/partijhandeldhz.nl\\\/de\\\/?s={search_term_string}\"},\"query-input\":{\"@type\":\"PropertyValueSpecification\",\"valueRequired\":true,\"valueName\":\"search_term_string\"}}],\"inLanguage\":\"de\"},{\"@type\":\"Organization\",\"@id\":\"https:\\\/\\\/partijhandeldhz.nl\\\/de\\\/#organization\",\"name\":\"DHZ Outlet & Partijhandel\",\"url\":\"https:\\\/\\\/partijhandeldhz.nl\\\/de\\\/\",\"logo\":{\"@type\":\"ImageObject\",\"inLanguage\":\"de\",\"@id\":\"https:\\\/\\\/partijhandeldhz.nl\\\/de\\\/#\\\/schema\\\/logo\\\/image\\\/\",\"url\":\"https:\\\/\\\/partijhandeldhz.nl\\\/wp-content\\\/uploads\\\/2025\\\/03\\\/1.png\",\"contentUrl\":\"https:\\\/\\\/partijhandeldhz.nl\\\/wp-content\\\/uploads\\\/2025\\\/03\\\/1.png\",\"width\":1000,\"height\":500,\"caption\":\"DHZ Outlet & Partijhandel\"},\"image\":{\"@id\":\"https:\\\/\\\/partijhandeldhz.nl\\\/de\\\/#\\\/schema\\\/logo\\\/image\\\/\"},\"sameAs\":[\"https:\\\/\\\/www.facebook.com\\\/people\\\/Partijhandel-DHZ\\\/61573487458594\\\/\",\"https:\\\/\\\/www.instagram.com\\\/partijhandeldhz\\\/\"]}]}<\/script>\n<!-- \/ Yoast SEO plugin. -->","yoast_head_json":{"title":"Sturmriemen-Set 13m - DHZ Outlet &amp; Partijhandel","robots":{"index":"index","follow":"follow","max-snippet":"max-snippet:-1","max-image-preview":"max-image-preview:large","max-video-preview":"max-video-preview:-1"},"canonical":"https:\/\/partijhandeldhz.nl\/de\/produkt\/sturmriemen-set-13m\/","og_locale":"de_DE","og_type":"article","og_title":"Sturmriemen-Set 13m - DHZ Outlet &amp; Partijhandel","og_description":"Das Benson-Sturmband mit 13 Metern Durchmesser sorgt daf\u00fcr, dass Ihr Vordach oder Ihr Markis auch bei starkem Wind und Regen fest an Ort und Stelle bleibt. Dieses komplette Set ist einfach zu installieren und eignet sich f\u00fcr fast alle Zelte und Markisen. Ideal zum Campen und Reisen.  Bitte beachten Sie: Dieses Produkt kann nur \u00fcber unseren Webshop bestellt werden.","og_url":"https:\/\/partijhandeldhz.nl\/de\/produkt\/sturmriemen-set-13m\/","og_site_name":"DHZ Outlet &amp; Partijhandel","article_publisher":"https:\/\/www.facebook.com\/people\/Partijhandel-DHZ\/61573487458594\/","og_image":[{"width":1000,"height":1000,"url":"https:\/\/partijhandeldhz.nl\/wp-content\/uploads\/2026\/04\/Afbeelding-1-1.jpg","type":"image\/jpeg"}],"twitter_card":"summary_large_image","twitter_misc":{"Gesch\u00e4tzte Lesezeit":"1\u00a0Minute"},"schema":{"@context":"https:\/\/schema.org","@graph":[{"@type":"WebPage","@id":"https:\/\/partijhandeldhz.nl\/de\/produkt\/sturmriemen-set-13m\/","url":"https:\/\/partijhandeldhz.nl\/de\/produkt\/sturmriemen-set-13m\/","name":"Sturmriemen-Set 13m - DHZ Outlet &amp; Partijhandel","isPartOf":{"@id":"https:\/\/partijhandeldhz.nl\/de\/#website"},"primaryImageOfPage":{"@id":"https:\/\/partijhandeldhz.nl\/de\/produkt\/sturmriemen-set-13m\/#primaryimage"},"image":{"@id":"https:\/\/partijhandeldhz.nl\/de\/produkt\/sturmriemen-set-13m\/#primaryimage"},"thumbnailUrl":"https:\/\/partijhandeldhz.nl\/wp-content\/uploads\/2026\/04\/Afbeelding-1-1.jpg","datePublished":"2026-04-14T14:26:32+00:00","breadcrumb":{"@id":"https:\/\/partijhandeldhz.nl\/de\/produkt\/sturmriemen-set-13m\/#breadcrumb"},"inLanguage":"de","potentialAction":[{"@type":"ReadAction","target":["https:\/\/partijhandeldhz.nl\/de\/produkt\/sturmriemen-set-13m\/"]}]},{"@type":"ImageObject","inLanguage":"de","@id":"https:\/\/partijhandeldhz.nl\/de\/produkt\/sturmriemen-set-13m\/#primaryimage","url":"https:\/\/partijhandeldhz.nl\/wp-content\/uploads\/2026\/04\/Afbeelding-1-1.jpg","contentUrl":"https:\/\/partijhandeldhz.nl\/wp-content\/uploads\/2026\/04\/Afbeelding-1-1.jpg","width":1000,"height":1000},{"@type":"BreadcrumbList","@id":"https:\/\/partijhandeldhz.nl\/de\/produkt\/sturmriemen-set-13m\/#breadcrumb","itemListElement":[{"@type":"ListItem","position":1,"name":"Home","item":"https:\/\/partijhandeldhz.nl\/de\/"},{"@type":"ListItem","position":2,"name":"Shop","item":"https:\/\/partijhandeldhz.nl\/de\/shop\/"},{"@type":"ListItem","position":3,"name":"Sturmriemen-Set 13m"}]},{"@type":"WebSite","@id":"https:\/\/partijhandeldhz.nl\/de\/#website","url":"https:\/\/partijhandeldhz.nl\/de\/","name":"DHZ Outlet & Partijhandel","description":"Grote en kleine partijen, altijd de scherpste prijs!","publisher":{"@id":"https:\/\/partijhandeldhz.nl\/de\/#organization"},"potentialAction":[{"@type":"SearchAction","target":{"@type":"EntryPoint","urlTemplate":"https:\/\/partijhandeldhz.nl\/de\/?s={search_term_string}"},"query-input":{"@type":"PropertyValueSpecification","valueRequired":true,"valueName":"search_term_string"}}],"inLanguage":"de"},{"@type":"Organization","@id":"https:\/\/partijhandeldhz.nl\/de\/#organization","name":"DHZ Outlet & Partijhandel","url":"https:\/\/partijhandeldhz.nl\/de\/","logo":{"@type":"ImageObject","inLanguage":"de","@id":"https:\/\/partijhandeldhz.nl\/de\/#\/schema\/logo\/image\/","url":"https:\/\/partijhandeldhz.nl\/wp-content\/uploads\/2025\/03\/1.png","contentUrl":"https:\/\/partijhandeldhz.nl\/wp-content\/uploads\/2025\/03\/1.png","width":1000,"height":500,"caption":"DHZ Outlet & Partijhandel"},"image":{"@id":"https:\/\/partijhandeldhz.nl\/de\/#\/schema\/logo\/image\/"},"sameAs":["https:\/\/www.facebook.com\/people\/Partijhandel-DHZ\/61573487458594\/","https:\/\/www.instagram.com\/partijhandeldhz\/"]}]}},"jetpack_sharing_enabled":true,"_links":{"self":[{"href":"https:\/\/partijhandeldhz.nl\/de\/wp-json\/wp\/v2\/product\/18321","targetHints":{"allow":["GET"]}}],"collection":[{"href":"https:\/\/partijhandeldhz.nl\/de\/wp-json\/wp\/v2\/product"}],"about":[{"href":"https:\/\/partijhandeldhz.nl\/de\/wp-json\/wp\/v2\/types\/product"}],"version-history":[{"count":0,"href":"https:\/\/partijhandeldhz.nl\/de\/wp-json\/wp\/v2\/product\/18321\/revisions"}],"wp:featuredmedia":[{"embeddable":true,"href":"https:\/\/partijhandeldhz.nl\/de\/wp-json\/wp\/v2\/media\/18240"}],"wp:attachment":[{"href":"https:\/\/partijhandeldhz.nl\/de\/wp-json\/wp\/v2\/media?parent=18321"}],"wp:term":[{"taxonomy":"product_brand","embeddable":true,"href":"https:\/\/partijhandeldhz.nl\/de\/wp-json\/wp\/v2\/product_brand?post=18321"},{"taxonomy":"product_cat","embeddable":true,"href":"https:\/\/partijhandeldhz.nl\/de\/wp-json\/wp\/v2\/product_cat?post=18321"},{"taxonomy":"product_tag","embeddable":true,"href":"https:\/\/partijhandeldhz.nl\/de\/wp-json\/wp\/v2\/product_tag?post=18321"}],"curies":[{"name":"wp","href":"https:\/\/api.w.org\/{rel}","templated":true}]}}