{"id":18318,"date":"2026-03-10T13:40:21","date_gmt":"2026-03-10T13:40:21","guid":{"rendered":"https:\/\/partijhandeldhz.nl\/product\/saeulenanzeige-ogs-reichweite\/"},"modified":"2026-03-10T13:40:21","modified_gmt":"2026-03-10T13:40:21","slug":"saeulenanzeige-ogs-reichweite","status":"publish","type":"product","link":"https:\/\/partijhandeldhz.nl\/de\/produkt\/saeulenanzeige-ogs-reichweite\/","title":{"rendered":"S\u00e4ulenanzeige OGS-Reichweite"},"content":{"rendered":"<p data-start=\"570\" data-end=\"882\">Die Gardena Column Display OGS-Reihe ist eine praktische und klare Werkstattpr\u00e4sentation mit einer Auswahl h\u00e4ufig verwendeter Teile aus dem Original Gardena System (OGS). Diese Ausstellung enth\u00e4lt eine Kombination aus Spr\u00fchd\u00fcsen, Wasserhahnst\u00fccken und Schlauchst\u00fccken, die h\u00e4ufig beim Bew\u00e4ssern im Garten verwendet werden. <\/p>\n<p data-start=\"884\" data-end=\"1176\">Mit insgesamt 280 Produkten bietet diese Ausstellung ein komplettes Sortiment f\u00fcr Kunden, die ihr Gardena-Bew\u00e4sserungssystem erweitern oder ersetzen m\u00f6chten. Dank der klaren S\u00e4ulenanzeige k\u00f6nnen die Produkte problemlos in einem Gesch\u00e4ft, Ausstellungsraum oder Gartencenter pr\u00e4sentiert werden. <\/p>\n<p data-start=\"1178\" data-end=\"1468\">Die Produkte sind Teil des urspr\u00fcnglichen Gardena-Systems, was bedeutet, dass sie mit allen Gardena-Schl\u00e4uchen, Kupplungen und Zubeh\u00f6r kompatibel sind. Dies erm\u00f6glicht es den Nutzern, verschiedene Teile einfach zu kombinieren, um ein zuverl\u00e4ssiges und undichtes Bew\u00e4sserungssystem zu gew\u00e4hrleisten. <\/p>\n<p data-start=\"1470\" data-end=\"1658\">Diese Ausstellung ist ideal f\u00fcr Gesch\u00e4fte, die ihr Gardena-Sortiment klar pr\u00e4sentieren und den Kunden direkten Zugang zu beliebten Steckern und Spr\u00fchzubeh\u00f6r bieten m\u00f6chten.<\/p>\n<h3 data-section-id=\"1p76h5s\" data-start=\"1665\" data-end=\"1696\">Schl\u00fcsselmerkmale<\/h3>\n<ul>\n<li data-start=\"1699\" data-end=\"1714\">Marke: Gardena<\/li>\n<li data-start=\"1717\" data-end=\"1752\">Typ: Spaltenanzeige OGS-Bereich<\/li>\n<li data-start=\"1755\" data-end=\"1795\">Gesamtanzahl der Produkte: 280 St\u00fcck<\/li>\n<li data-start=\"1798\" data-end=\"1829\">Ideal f\u00fcr die Pr\u00e4sentation eines Ladens<\/li>\n<li data-start=\"1832\" data-end=\"1876\">Kompatibel mit dem urspr\u00fcnglichen Gardena-System<\/li>\n<li data-start=\"1879\" data-end=\"1929\">Geeignet f\u00fcr Gartenbew\u00e4sserung und Schlauchkupplungen<\/li>\n<li data-start=\"1954\" data-end=\"1990\"><strong data-start=\"1954\" data-end=\"1988\">40x Gardena Classic Multi-Spray-D\u00fcse<\/strong><\/li>\n<li data-start=\"1995\" data-end=\"2015\">EAN: 4078500015950<\/li>\n<li data-start=\"2019\" data-end=\"2057\"><strong data-start=\"2019\" data-end=\"2055\">40x Gardena Classic Spritzpistole<\/strong><\/li>\n<li data-start=\"2062\" data-end=\"2082\">EAN: 4078500010474<\/li>\n<li data-start=\"2086\" data-end=\"2131\"><strong data-start=\"2086\" data-end=\"2129\">100x Gardena-Wasserhahn 26,5 mm (G 3\/4&#8243;)<\/strong><\/li>\n<li data-start=\"2136\" data-end=\"2151\">EAN: 40785622<\/li>\n<li data-start=\"2155\" data-end=\"2211\"><strong data-start=\"2155\" data-end=\"2209\">100x Gardena-Rohrst\u00fcck 13 mm (1\/2&#8243;) \u2013 15 mm (5\/8&#8243;)<\/strong><\/li>\n<li data-start=\"2216\" data-end=\"2231\">EAN: 40785561<\/li>\n<li data-start=\"2235\" data-end=\"2270\"><strong data-start=\"2235\" data-end=\"2270\">EAN-Code-Anzeige: 4078500015943<\/strong><\/li>\n<\/ul>\n","protected":false},"excerpt":{"rendered":"<p data-start=\"214\" data-end=\"461\">Die Gardena Column Display OGS-Reihe ist eine komplette Werkstattausstellung mit beliebten Original-Gardena-System-Steckern und Spr\u00fchd\u00fcsen. Insgesamt enth\u00e4lt die Ausstellung 280 Produkte, die sich ideal f\u00fcr die Pr\u00e4sentation und den Verkauf im Gesch\u00e4ft oder im Showroom eignen. <\/p>\n<p data-start=\"463\" data-end=\"529\"><strong data-start=\"463\" data-end=\"529\"><em data-start=\"465\" data-end=\"527\">Bitte beachten Sie: Dieses Produkt kann nur \u00fcber unseren Webshop bestellt werden.<\/em><\/strong><\/p>\n","protected":false},"featured_media":18115,"template":"","meta":{"_acf_changed":false,"site-sidebar-layout":"default","site-content-layout":"","ast-site-content-layout":"default","site-content-style":"default","site-sidebar-style":"default","ast-global-header-display":"","ast-banner-title-visibility":"","ast-main-header-display":"","ast-hfb-above-header-display":"","ast-hfb-below-header-display":"","ast-hfb-mobile-header-display":"","site-post-title":"","ast-breadcrumbs-content":"","ast-featured-img":"","footer-sml-layout":"","ast-disable-related-posts":"","theme-transparent-header-meta":"default","adv-header-id-meta":"","stick-header-meta":"","header-above-stick-meta":"","header-main-stick-meta":"","header-below-stick-meta":"","astra-migrate-meta-layouts":"default","ast-page-background-enabled":"default","ast-page-background-meta":{"desktop":{"background-color":"","background-image":"","background-repeat":"repeat","background-position":"center center","background-size":"auto","background-attachment":"scroll","background-type":"","background-media":"","overlay-type":"","overlay-color":"","overlay-opacity":"","overlay-gradient":""},"tablet":{"background-color":"","background-image":"","background-repeat":"repeat","background-position":"center center","background-size":"auto","background-attachment":"scroll","background-type":"","background-media":"","overlay-type":"","overlay-color":"","overlay-opacity":"","overlay-gradient":""},"mobile":{"background-color":"","background-image":"","background-repeat":"repeat","background-position":"center center","background-size":"auto","background-attachment":"scroll","background-type":"","background-media":"","overlay-type":"","overlay-color":"","overlay-opacity":"","overlay-gradient":""}},"ast-content-background-meta":{"desktop":{"background-color":"var(--ast-global-color-5)","background-image":"","background-repeat":"repeat","background-position":"center center","background-size":"auto","background-attachment":"scroll","background-type":"","background-media":"","overlay-type":"","overlay-color":"","overlay-opacity":"","overlay-gradient":""},"tablet":{"background-color":"var(--ast-global-color-5)","background-image":"","background-repeat":"repeat","background-position":"center center","background-size":"auto","background-attachment":"scroll","background-type":"","background-media":"","overlay-type":"","overlay-color":"","overlay-opacity":"","overlay-gradient":""},"mobile":{"background-color":"var(--ast-global-color-5)","background-image":"","background-repeat":"repeat","background-position":"center center","background-size":"auto","background-attachment":"scroll","background-type":"","background-media":"","overlay-type":"","overlay-color":"","overlay-opacity":"","overlay-gradient":""}}},"product_brand":[],"product_cat":[599],"product_tag":[],"class_list":{"0":"post-18318","1":"product","2":"type-product","3":"status-publish","4":"has-post-thumbnail","6":"product_cat-postenhandel","7":"pa_merk-gardena","8":"desktop-align-left","9":"tablet-align-left","10":"mobile-align-left","12":"first","13":"instock","14":"taxable","15":"shipping-taxable","16":"product-type-simple"},"acf":[],"yoast_head":"<!-- This site is optimized with the Yoast SEO plugin v27.5 - https:\/\/yoast.com\/product\/yoast-seo-wordpress\/ -->\n<title>S\u00e4ulenanzeige OGS-Reichweite - DHZ Outlet &amp; Partijhandel<\/title>\n<meta name=\"robots\" content=\"index, follow, max-snippet:-1, max-image-preview:large, max-video-preview:-1\" \/>\n<link rel=\"canonical\" href=\"https:\/\/partijhandeldhz.nl\/de\/produkt\/saeulenanzeige-ogs-reichweite\/\" \/>\n<meta property=\"og:locale\" content=\"de_DE\" \/>\n<meta property=\"og:type\" content=\"article\" \/>\n<meta property=\"og:title\" content=\"S\u00e4ulenanzeige OGS-Reichweite - DHZ Outlet &amp; Partijhandel\" \/>\n<meta property=\"og:description\" content=\"Die Gardena Column Display OGS-Reihe ist eine komplette Werkstattausstellung mit beliebten Original-Gardena-System-Steckern und Spr\u00fchd\u00fcsen. Insgesamt enth\u00e4lt die Ausstellung 280 Produkte, die sich ideal f\u00fcr die Pr\u00e4sentation und den Verkauf im Gesch\u00e4ft oder im Showroom eignen. Bitte beachten Sie: Dieses Produkt kann nur \u00fcber unseren Webshop bestellt werden.\" \/>\n<meta property=\"og:url\" content=\"https:\/\/partijhandeldhz.nl\/de\/produkt\/saeulenanzeige-ogs-reichweite\/\" \/>\n<meta property=\"og:site_name\" content=\"DHZ Outlet &amp; Partijhandel\" \/>\n<meta property=\"article:publisher\" content=\"https:\/\/www.facebook.com\/people\/Partijhandel-DHZ\/61573487458594\/\" \/>\n<meta property=\"og:image\" content=\"https:\/\/partijhandeldhz.nl\/wp-content\/uploads\/2026\/03\/0.jpg\" \/>\n\t<meta property=\"og:image:width\" content=\"1000\" \/>\n\t<meta property=\"og:image:height\" content=\"1000\" \/>\n\t<meta property=\"og:image:type\" content=\"image\/jpeg\" \/>\n<meta name=\"twitter:card\" content=\"summary_large_image\" \/>\n<meta name=\"twitter:label1\" content=\"Gesch\u00e4tzte Lesezeit\" \/>\n\t<meta name=\"twitter:data1\" content=\"1\u00a0Minute\" \/>\n<script type=\"application\/ld+json\" class=\"yoast-schema-graph\">{\"@context\":\"https:\\\/\\\/schema.org\",\"@graph\":[{\"@type\":\"WebPage\",\"@id\":\"https:\\\/\\\/partijhandeldhz.nl\\\/de\\\/produkt\\\/saeulenanzeige-ogs-reichweite\\\/\",\"url\":\"https:\\\/\\\/partijhandeldhz.nl\\\/de\\\/produkt\\\/saeulenanzeige-ogs-reichweite\\\/\",\"name\":\"S\u00e4ulenanzeige OGS-Reichweite - DHZ Outlet &amp; Partijhandel\",\"isPartOf\":{\"@id\":\"https:\\\/\\\/partijhandeldhz.nl\\\/de\\\/#website\"},\"primaryImageOfPage\":{\"@id\":\"https:\\\/\\\/partijhandeldhz.nl\\\/de\\\/produkt\\\/saeulenanzeige-ogs-reichweite\\\/#primaryimage\"},\"image\":{\"@id\":\"https:\\\/\\\/partijhandeldhz.nl\\\/de\\\/produkt\\\/saeulenanzeige-ogs-reichweite\\\/#primaryimage\"},\"thumbnailUrl\":\"https:\\\/\\\/partijhandeldhz.nl\\\/wp-content\\\/uploads\\\/2026\\\/03\\\/0.jpg\",\"datePublished\":\"2026-03-10T13:40:21+00:00\",\"breadcrumb\":{\"@id\":\"https:\\\/\\\/partijhandeldhz.nl\\\/de\\\/produkt\\\/saeulenanzeige-ogs-reichweite\\\/#breadcrumb\"},\"inLanguage\":\"de\",\"potentialAction\":[{\"@type\":\"ReadAction\",\"target\":[\"https:\\\/\\\/partijhandeldhz.nl\\\/de\\\/produkt\\\/saeulenanzeige-ogs-reichweite\\\/\"]}]},{\"@type\":\"ImageObject\",\"inLanguage\":\"de\",\"@id\":\"https:\\\/\\\/partijhandeldhz.nl\\\/de\\\/produkt\\\/saeulenanzeige-ogs-reichweite\\\/#primaryimage\",\"url\":\"https:\\\/\\\/partijhandeldhz.nl\\\/wp-content\\\/uploads\\\/2026\\\/03\\\/0.jpg\",\"contentUrl\":\"https:\\\/\\\/partijhandeldhz.nl\\\/wp-content\\\/uploads\\\/2026\\\/03\\\/0.jpg\",\"width\":1000,\"height\":1000},{\"@type\":\"BreadcrumbList\",\"@id\":\"https:\\\/\\\/partijhandeldhz.nl\\\/de\\\/produkt\\\/saeulenanzeige-ogs-reichweite\\\/#breadcrumb\",\"itemListElement\":[{\"@type\":\"ListItem\",\"position\":1,\"name\":\"Home\",\"item\":\"https:\\\/\\\/partijhandeldhz.nl\\\/de\\\/\"},{\"@type\":\"ListItem\",\"position\":2,\"name\":\"Shop\",\"item\":\"https:\\\/\\\/partijhandeldhz.nl\\\/de\\\/shop\\\/\"},{\"@type\":\"ListItem\",\"position\":3,\"name\":\"S\u00e4ulenanzeige OGS-Reichweite\"}]},{\"@type\":\"WebSite\",\"@id\":\"https:\\\/\\\/partijhandeldhz.nl\\\/de\\\/#website\",\"url\":\"https:\\\/\\\/partijhandeldhz.nl\\\/de\\\/\",\"name\":\"DHZ Outlet & Partijhandel\",\"description\":\"Grote en kleine partijen, altijd de scherpste prijs!\",\"publisher\":{\"@id\":\"https:\\\/\\\/partijhandeldhz.nl\\\/de\\\/#organization\"},\"potentialAction\":[{\"@type\":\"SearchAction\",\"target\":{\"@type\":\"EntryPoint\",\"urlTemplate\":\"https:\\\/\\\/partijhandeldhz.nl\\\/de\\\/?s={search_term_string}\"},\"query-input\":{\"@type\":\"PropertyValueSpecification\",\"valueRequired\":true,\"valueName\":\"search_term_string\"}}],\"inLanguage\":\"de\"},{\"@type\":\"Organization\",\"@id\":\"https:\\\/\\\/partijhandeldhz.nl\\\/de\\\/#organization\",\"name\":\"DHZ Outlet & Partijhandel\",\"url\":\"https:\\\/\\\/partijhandeldhz.nl\\\/de\\\/\",\"logo\":{\"@type\":\"ImageObject\",\"inLanguage\":\"de\",\"@id\":\"https:\\\/\\\/partijhandeldhz.nl\\\/de\\\/#\\\/schema\\\/logo\\\/image\\\/\",\"url\":\"https:\\\/\\\/partijhandeldhz.nl\\\/wp-content\\\/uploads\\\/2025\\\/03\\\/1.png\",\"contentUrl\":\"https:\\\/\\\/partijhandeldhz.nl\\\/wp-content\\\/uploads\\\/2025\\\/03\\\/1.png\",\"width\":1000,\"height\":500,\"caption\":\"DHZ Outlet & Partijhandel\"},\"image\":{\"@id\":\"https:\\\/\\\/partijhandeldhz.nl\\\/de\\\/#\\\/schema\\\/logo\\\/image\\\/\"},\"sameAs\":[\"https:\\\/\\\/www.facebook.com\\\/people\\\/Partijhandel-DHZ\\\/61573487458594\\\/\",\"https:\\\/\\\/www.instagram.com\\\/partijhandeldhz\\\/\"]}]}<\/script>\n<!-- \/ Yoast SEO plugin. -->","yoast_head_json":{"title":"S\u00e4ulenanzeige OGS-Reichweite - DHZ Outlet &amp; Partijhandel","robots":{"index":"index","follow":"follow","max-snippet":"max-snippet:-1","max-image-preview":"max-image-preview:large","max-video-preview":"max-video-preview:-1"},"canonical":"https:\/\/partijhandeldhz.nl\/de\/produkt\/saeulenanzeige-ogs-reichweite\/","og_locale":"de_DE","og_type":"article","og_title":"S\u00e4ulenanzeige OGS-Reichweite - DHZ Outlet &amp; Partijhandel","og_description":"Die Gardena Column Display OGS-Reihe ist eine komplette Werkstattausstellung mit beliebten Original-Gardena-System-Steckern und Spr\u00fchd\u00fcsen. Insgesamt enth\u00e4lt die Ausstellung 280 Produkte, die sich ideal f\u00fcr die Pr\u00e4sentation und den Verkauf im Gesch\u00e4ft oder im Showroom eignen. Bitte beachten Sie: Dieses Produkt kann nur \u00fcber unseren Webshop bestellt werden.","og_url":"https:\/\/partijhandeldhz.nl\/de\/produkt\/saeulenanzeige-ogs-reichweite\/","og_site_name":"DHZ Outlet &amp; Partijhandel","article_publisher":"https:\/\/www.facebook.com\/people\/Partijhandel-DHZ\/61573487458594\/","og_image":[{"width":1000,"height":1000,"url":"https:\/\/partijhandeldhz.nl\/wp-content\/uploads\/2026\/03\/0.jpg","type":"image\/jpeg"}],"twitter_card":"summary_large_image","twitter_misc":{"Gesch\u00e4tzte Lesezeit":"1\u00a0Minute"},"schema":{"@context":"https:\/\/schema.org","@graph":[{"@type":"WebPage","@id":"https:\/\/partijhandeldhz.nl\/de\/produkt\/saeulenanzeige-ogs-reichweite\/","url":"https:\/\/partijhandeldhz.nl\/de\/produkt\/saeulenanzeige-ogs-reichweite\/","name":"S\u00e4ulenanzeige OGS-Reichweite - DHZ Outlet &amp; Partijhandel","isPartOf":{"@id":"https:\/\/partijhandeldhz.nl\/de\/#website"},"primaryImageOfPage":{"@id":"https:\/\/partijhandeldhz.nl\/de\/produkt\/saeulenanzeige-ogs-reichweite\/#primaryimage"},"image":{"@id":"https:\/\/partijhandeldhz.nl\/de\/produkt\/saeulenanzeige-ogs-reichweite\/#primaryimage"},"thumbnailUrl":"https:\/\/partijhandeldhz.nl\/wp-content\/uploads\/2026\/03\/0.jpg","datePublished":"2026-03-10T13:40:21+00:00","breadcrumb":{"@id":"https:\/\/partijhandeldhz.nl\/de\/produkt\/saeulenanzeige-ogs-reichweite\/#breadcrumb"},"inLanguage":"de","potentialAction":[{"@type":"ReadAction","target":["https:\/\/partijhandeldhz.nl\/de\/produkt\/saeulenanzeige-ogs-reichweite\/"]}]},{"@type":"ImageObject","inLanguage":"de","@id":"https:\/\/partijhandeldhz.nl\/de\/produkt\/saeulenanzeige-ogs-reichweite\/#primaryimage","url":"https:\/\/partijhandeldhz.nl\/wp-content\/uploads\/2026\/03\/0.jpg","contentUrl":"https:\/\/partijhandeldhz.nl\/wp-content\/uploads\/2026\/03\/0.jpg","width":1000,"height":1000},{"@type":"BreadcrumbList","@id":"https:\/\/partijhandeldhz.nl\/de\/produkt\/saeulenanzeige-ogs-reichweite\/#breadcrumb","itemListElement":[{"@type":"ListItem","position":1,"name":"Home","item":"https:\/\/partijhandeldhz.nl\/de\/"},{"@type":"ListItem","position":2,"name":"Shop","item":"https:\/\/partijhandeldhz.nl\/de\/shop\/"},{"@type":"ListItem","position":3,"name":"S\u00e4ulenanzeige OGS-Reichweite"}]},{"@type":"WebSite","@id":"https:\/\/partijhandeldhz.nl\/de\/#website","url":"https:\/\/partijhandeldhz.nl\/de\/","name":"DHZ Outlet & Partijhandel","description":"Grote en kleine partijen, altijd de scherpste prijs!","publisher":{"@id":"https:\/\/partijhandeldhz.nl\/de\/#organization"},"potentialAction":[{"@type":"SearchAction","target":{"@type":"EntryPoint","urlTemplate":"https:\/\/partijhandeldhz.nl\/de\/?s={search_term_string}"},"query-input":{"@type":"PropertyValueSpecification","valueRequired":true,"valueName":"search_term_string"}}],"inLanguage":"de"},{"@type":"Organization","@id":"https:\/\/partijhandeldhz.nl\/de\/#organization","name":"DHZ Outlet & Partijhandel","url":"https:\/\/partijhandeldhz.nl\/de\/","logo":{"@type":"ImageObject","inLanguage":"de","@id":"https:\/\/partijhandeldhz.nl\/de\/#\/schema\/logo\/image\/","url":"https:\/\/partijhandeldhz.nl\/wp-content\/uploads\/2025\/03\/1.png","contentUrl":"https:\/\/partijhandeldhz.nl\/wp-content\/uploads\/2025\/03\/1.png","width":1000,"height":500,"caption":"DHZ Outlet & Partijhandel"},"image":{"@id":"https:\/\/partijhandeldhz.nl\/de\/#\/schema\/logo\/image\/"},"sameAs":["https:\/\/www.facebook.com\/people\/Partijhandel-DHZ\/61573487458594\/","https:\/\/www.instagram.com\/partijhandeldhz\/"]}]}},"jetpack_sharing_enabled":true,"_links":{"self":[{"href":"https:\/\/partijhandeldhz.nl\/de\/wp-json\/wp\/v2\/product\/18318","targetHints":{"allow":["GET"]}}],"collection":[{"href":"https:\/\/partijhandeldhz.nl\/de\/wp-json\/wp\/v2\/product"}],"about":[{"href":"https:\/\/partijhandeldhz.nl\/de\/wp-json\/wp\/v2\/types\/product"}],"version-history":[{"count":0,"href":"https:\/\/partijhandeldhz.nl\/de\/wp-json\/wp\/v2\/product\/18318\/revisions"}],"wp:featuredmedia":[{"embeddable":true,"href":"https:\/\/partijhandeldhz.nl\/de\/wp-json\/wp\/v2\/media\/18115"}],"wp:attachment":[{"href":"https:\/\/partijhandeldhz.nl\/de\/wp-json\/wp\/v2\/media?parent=18318"}],"wp:term":[{"taxonomy":"product_brand","embeddable":true,"href":"https:\/\/partijhandeldhz.nl\/de\/wp-json\/wp\/v2\/product_brand?post=18318"},{"taxonomy":"product_cat","embeddable":true,"href":"https:\/\/partijhandeldhz.nl\/de\/wp-json\/wp\/v2\/product_cat?post=18318"},{"taxonomy":"product_tag","embeddable":true,"href":"https:\/\/partijhandeldhz.nl\/de\/wp-json\/wp\/v2\/product_tag?post=18318"}],"curies":[{"name":"wp","href":"https:\/\/api.w.org\/{rel}","templated":true}]}}