{"id":18312,"date":"2026-03-25T12:46:16","date_gmt":"2026-03-25T12:46:16","guid":{"rendered":"https:\/\/partijhandeldhz.nl\/product\/display-combisystem-joint-schaber-griff-15-stueck\/"},"modified":"2026-03-25T12:46:16","modified_gmt":"2026-03-25T12:46:16","slug":"display-combisystem-joint-schaber-griff-15-stueck","status":"publish","type":"product","link":"https:\/\/partijhandeldhz.nl\/de\/produkt\/display-combisystem-joint-schaber-griff-15-stueck\/","title":{"rendered":"Display Combisystem Joint-Schaber + Griff (15 St\u00fcck)"},"content":{"rendered":"<p data-start=\"621\" data-end=\"937\">Der Gardena Display Combisystem Joint Scraper + Handle ist eine praktische und verkaufsfertige Ausstellung mit 15 kompletten Sets, bestehend aus einem Joint-Schaber und einem 130 cm langen Griff. Diese Sets sind ideal, um Unkraut, Gras und Moos zwischen den Fugen von Pflaster, Ziegeln und entlang der W\u00e4nde leicht zu entfernen. <\/p>\n<p data-start=\"939\" data-end=\"1163\">Der Gelenkschaber ist mit einer doppelseitigen Schleifklinge und geh\u00e4rtetem Edelstahl ausgestattet, was einen effizienten und pr\u00e4zisen Betrieb gew\u00e4hrleistet. Dadurch lassen sich selbst hartn\u00e4ckige Unkrautr\u00fcckst\u00e4nde leicht entfernen. <\/p>\n<p data-start=\"1165\" data-end=\"1425\">Dank des Combisystem-Designs ist der Verbindungsschaber fest mit dem Griff verbunden, was eine angenehme Arbeit ohne Verbeugen gew\u00e4hrleistet. Der mitgelieferte 130 cm gro\u00dfe Griff bietet eine ergonomische Arbeitshaltung und macht das Werkzeug f\u00fcr den Langzeitgebrauch geeignet. <\/p>\n<p data-start=\"1427\" data-end=\"1649\">Zur sicheren Aufbewahrung ist der Verbindungsschaber mit einem Klingenschutz ausgestattet. Wie \u00fcblich bei Gardena garantiert dieses Produkt Qualit\u00e4t und Haltbarkeit, gesichert durch eine 25-j\u00e4hrige Garantie. <\/p>\n<p data-start=\"1651\" data-end=\"1777\">Diese Ausstellung ist ideal f\u00fcr Gesch\u00e4fte, Gartencenter und Baumarktgesch\u00e4fte, die ein praxisbereites und beliebtes Gartenprodukt anbieten m\u00f6chten.<\/p>\n<h3 data-section-id=\"1p76h5s\" data-start=\"1784\" data-end=\"1815\">Schl\u00fcsselmerkmale<\/h3>\n<ul>\n<li>Marke: Gardena<\/li>\n<li>Typ: Display Combisystem Gelenkschaber + Griff<\/li>\n<li>Inhalt: 15 Sets<\/li>\n<li>Handle enthalten: Ja (130 cm)<\/li>\n<li>Anwendung: Entfernen von Unkraut, Moos und Gras zwischen den Fugen<\/li>\n<li>Klinge: Doppelseitig geschliffener und geh\u00e4rteter Edelstahl<\/li>\n<li>Enth\u00e4lt eine Schutzkappe f\u00fcr sichere Lagerung<\/li>\n<li>Ergonomisches Arbeiten ohne Vorbeugen<\/li>\n<li>Ideal f\u00fcr die Pr\u00e4sentation eines Ladens<\/li>\n<li>Garantie: 25 Jahre<\/li>\n<li>EAN-Code: 4078500055178<\/li>\n<\/ul>\n<h3 data-section-id=\"s8t0hb\" data-start=\"2227\" data-end=\"2254\">Technische Daten<\/h3>\n<ul>\n<li>Anzahl der Teile: 15<\/li>\n<li>Stiell\u00e4nge: 130 cm<\/li>\n<li>Klingenmaterial: Edelstahl (geh\u00e4rtet)<\/li>\n<li>Typ: Combisystem-Werkzeug<\/li>\n<li>Anwendung: Fugenreinigung und Unkrautentfernung<\/li>\n<\/ul>\n","protected":false},"excerpt":{"rendered":"<p data-start=\"255\" data-end=\"512\">Der Gardena Display Combisystem Joint Scraper + Handle enth\u00e4lt 15 komplette Sets mit Joint-Schaber und Griff von 130 cm. Ideal zum Entfernen von Unkraut, Gras und Moos zwischen Fliesen und Pflastersteinen. Perfekt als Ladenpr\u00e4sentation oder Direktverkaufsanzeige.  <\/p>\n<p data-start=\"514\" data-end=\"580\"><strong data-start=\"514\" data-end=\"580\"><em data-start=\"516\" data-end=\"578\">Bitte beachten Sie: Dieses Produkt kann nur \u00fcber unseren Webshop bestellt werden.<\/em><\/strong><\/p>\n","protected":false},"featured_media":18177,"template":"","meta":{"_acf_changed":false,"site-sidebar-layout":"default","site-content-layout":"","ast-site-content-layout":"default","site-content-style":"default","site-sidebar-style":"default","ast-global-header-display":"","ast-banner-title-visibility":"","ast-main-header-display":"","ast-hfb-above-header-display":"","ast-hfb-below-header-display":"","ast-hfb-mobile-header-display":"","site-post-title":"","ast-breadcrumbs-content":"","ast-featured-img":"","footer-sml-layout":"","ast-disable-related-posts":"","theme-transparent-header-meta":"default","adv-header-id-meta":"","stick-header-meta":"","header-above-stick-meta":"","header-main-stick-meta":"","header-below-stick-meta":"","astra-migrate-meta-layouts":"default","ast-page-background-enabled":"default","ast-page-background-meta":{"desktop":{"background-color":"","background-image":"","background-repeat":"repeat","background-position":"center center","background-size":"auto","background-attachment":"scroll","background-type":"","background-media":"","overlay-type":"","overlay-color":"","overlay-opacity":"","overlay-gradient":""},"tablet":{"background-color":"","background-image":"","background-repeat":"repeat","background-position":"center center","background-size":"auto","background-attachment":"scroll","background-type":"","background-media":"","overlay-type":"","overlay-color":"","overlay-opacity":"","overlay-gradient":""},"mobile":{"background-color":"","background-image":"","background-repeat":"repeat","background-position":"center center","background-size":"auto","background-attachment":"scroll","background-type":"","background-media":"","overlay-type":"","overlay-color":"","overlay-opacity":"","overlay-gradient":""}},"ast-content-background-meta":{"desktop":{"background-color":"var(--ast-global-color-5)","background-image":"","background-repeat":"repeat","background-position":"center center","background-size":"auto","background-attachment":"scroll","background-type":"","background-media":"","overlay-type":"","overlay-color":"","overlay-opacity":"","overlay-gradient":""},"tablet":{"background-color":"var(--ast-global-color-5)","background-image":"","background-repeat":"repeat","background-position":"center center","background-size":"auto","background-attachment":"scroll","background-type":"","background-media":"","overlay-type":"","overlay-color":"","overlay-opacity":"","overlay-gradient":""},"mobile":{"background-color":"var(--ast-global-color-5)","background-image":"","background-repeat":"repeat","background-position":"center center","background-size":"auto","background-attachment":"scroll","background-type":"","background-media":"","overlay-type":"","overlay-color":"","overlay-opacity":"","overlay-gradient":""}}},"product_brand":[],"product_cat":[599],"product_tag":[],"class_list":{"0":"post-18312","1":"product","2":"type-product","3":"status-publish","4":"has-post-thumbnail","6":"product_cat-postenhandel","7":"pa_merk-gardena","8":"desktop-align-left","9":"tablet-align-left","10":"mobile-align-left","12":"first","13":"instock","14":"taxable","15":"shipping-taxable","16":"product-type-simple"},"acf":[],"yoast_head":"<!-- This site is optimized with the Yoast SEO plugin v27.5 - https:\/\/yoast.com\/product\/yoast-seo-wordpress\/ -->\n<title>Display Combisystem Joint-Schaber + Griff (15 St\u00fcck) - DHZ Outlet &amp; Partijhandel<\/title>\n<meta name=\"robots\" content=\"index, follow, max-snippet:-1, max-image-preview:large, max-video-preview:-1\" \/>\n<link rel=\"canonical\" href=\"https:\/\/partijhandeldhz.nl\/de\/produkt\/display-combisystem-joint-schaber-griff-15-stueck\/\" \/>\n<meta property=\"og:locale\" content=\"de_DE\" \/>\n<meta property=\"og:type\" content=\"article\" \/>\n<meta property=\"og:title\" content=\"Display Combisystem Joint-Schaber + Griff (15 St\u00fcck) - DHZ Outlet &amp; Partijhandel\" \/>\n<meta property=\"og:description\" content=\"Der Gardena Display Combisystem Joint Scraper + Handle enth\u00e4lt 15 komplette Sets mit Joint-Schaber und Griff von 130 cm. Ideal zum Entfernen von Unkraut, Gras und Moos zwischen Fliesen und Pflastersteinen. Perfekt als Ladenpr\u00e4sentation oder Direktverkaufsanzeige.  Bitte beachten Sie: Dieses Produkt kann nur \u00fcber unseren Webshop bestellt werden.\" \/>\n<meta property=\"og:url\" content=\"https:\/\/partijhandeldhz.nl\/de\/produkt\/display-combisystem-joint-schaber-griff-15-stueck\/\" \/>\n<meta property=\"og:site_name\" content=\"DHZ Outlet &amp; Partijhandel\" \/>\n<meta property=\"article:publisher\" content=\"https:\/\/www.facebook.com\/people\/Partijhandel-DHZ\/61573487458594\/\" \/>\n<meta property=\"og:image\" content=\"https:\/\/partijhandeldhz.nl\/wp-content\/uploads\/2026\/03\/Afbeelding-1-15.jpg\" \/>\n\t<meta property=\"og:image:width\" content=\"1000\" \/>\n\t<meta property=\"og:image:height\" content=\"1000\" \/>\n\t<meta property=\"og:image:type\" content=\"image\/jpeg\" \/>\n<meta name=\"twitter:card\" content=\"summary_large_image\" \/>\n<meta name=\"twitter:label1\" content=\"Gesch\u00e4tzte Lesezeit\" \/>\n\t<meta name=\"twitter:data1\" content=\"1\u00a0Minute\" \/>\n<script type=\"application\/ld+json\" class=\"yoast-schema-graph\">{\"@context\":\"https:\\\/\\\/schema.org\",\"@graph\":[{\"@type\":\"WebPage\",\"@id\":\"https:\\\/\\\/partijhandeldhz.nl\\\/de\\\/produkt\\\/display-combisystem-joint-schaber-griff-15-stueck\\\/\",\"url\":\"https:\\\/\\\/partijhandeldhz.nl\\\/de\\\/produkt\\\/display-combisystem-joint-schaber-griff-15-stueck\\\/\",\"name\":\"Display Combisystem Joint-Schaber + Griff (15 St\u00fcck) - DHZ Outlet &amp; Partijhandel\",\"isPartOf\":{\"@id\":\"https:\\\/\\\/partijhandeldhz.nl\\\/de\\\/#website\"},\"primaryImageOfPage\":{\"@id\":\"https:\\\/\\\/partijhandeldhz.nl\\\/de\\\/produkt\\\/display-combisystem-joint-schaber-griff-15-stueck\\\/#primaryimage\"},\"image\":{\"@id\":\"https:\\\/\\\/partijhandeldhz.nl\\\/de\\\/produkt\\\/display-combisystem-joint-schaber-griff-15-stueck\\\/#primaryimage\"},\"thumbnailUrl\":\"https:\\\/\\\/partijhandeldhz.nl\\\/wp-content\\\/uploads\\\/2026\\\/03\\\/Afbeelding-1-15.jpg\",\"datePublished\":\"2026-03-25T12:46:16+00:00\",\"breadcrumb\":{\"@id\":\"https:\\\/\\\/partijhandeldhz.nl\\\/de\\\/produkt\\\/display-combisystem-joint-schaber-griff-15-stueck\\\/#breadcrumb\"},\"inLanguage\":\"de\",\"potentialAction\":[{\"@type\":\"ReadAction\",\"target\":[\"https:\\\/\\\/partijhandeldhz.nl\\\/de\\\/produkt\\\/display-combisystem-joint-schaber-griff-15-stueck\\\/\"]}]},{\"@type\":\"ImageObject\",\"inLanguage\":\"de\",\"@id\":\"https:\\\/\\\/partijhandeldhz.nl\\\/de\\\/produkt\\\/display-combisystem-joint-schaber-griff-15-stueck\\\/#primaryimage\",\"url\":\"https:\\\/\\\/partijhandeldhz.nl\\\/wp-content\\\/uploads\\\/2026\\\/03\\\/Afbeelding-1-15.jpg\",\"contentUrl\":\"https:\\\/\\\/partijhandeldhz.nl\\\/wp-content\\\/uploads\\\/2026\\\/03\\\/Afbeelding-1-15.jpg\",\"width\":1000,\"height\":1000},{\"@type\":\"BreadcrumbList\",\"@id\":\"https:\\\/\\\/partijhandeldhz.nl\\\/de\\\/produkt\\\/display-combisystem-joint-schaber-griff-15-stueck\\\/#breadcrumb\",\"itemListElement\":[{\"@type\":\"ListItem\",\"position\":1,\"name\":\"Home\",\"item\":\"https:\\\/\\\/partijhandeldhz.nl\\\/de\\\/\"},{\"@type\":\"ListItem\",\"position\":2,\"name\":\"Shop\",\"item\":\"https:\\\/\\\/partijhandeldhz.nl\\\/de\\\/shop\\\/\"},{\"@type\":\"ListItem\",\"position\":3,\"name\":\"Display Combisystem Joint-Schaber + Griff (15 St\u00fcck)\"}]},{\"@type\":\"WebSite\",\"@id\":\"https:\\\/\\\/partijhandeldhz.nl\\\/de\\\/#website\",\"url\":\"https:\\\/\\\/partijhandeldhz.nl\\\/de\\\/\",\"name\":\"DHZ Outlet & Partijhandel\",\"description\":\"Grote en kleine partijen, altijd de scherpste prijs!\",\"publisher\":{\"@id\":\"https:\\\/\\\/partijhandeldhz.nl\\\/de\\\/#organization\"},\"potentialAction\":[{\"@type\":\"SearchAction\",\"target\":{\"@type\":\"EntryPoint\",\"urlTemplate\":\"https:\\\/\\\/partijhandeldhz.nl\\\/de\\\/?s={search_term_string}\"},\"query-input\":{\"@type\":\"PropertyValueSpecification\",\"valueRequired\":true,\"valueName\":\"search_term_string\"}}],\"inLanguage\":\"de\"},{\"@type\":\"Organization\",\"@id\":\"https:\\\/\\\/partijhandeldhz.nl\\\/de\\\/#organization\",\"name\":\"DHZ Outlet & Partijhandel\",\"url\":\"https:\\\/\\\/partijhandeldhz.nl\\\/de\\\/\",\"logo\":{\"@type\":\"ImageObject\",\"inLanguage\":\"de\",\"@id\":\"https:\\\/\\\/partijhandeldhz.nl\\\/de\\\/#\\\/schema\\\/logo\\\/image\\\/\",\"url\":\"https:\\\/\\\/partijhandeldhz.nl\\\/wp-content\\\/uploads\\\/2025\\\/03\\\/1.png\",\"contentUrl\":\"https:\\\/\\\/partijhandeldhz.nl\\\/wp-content\\\/uploads\\\/2025\\\/03\\\/1.png\",\"width\":1000,\"height\":500,\"caption\":\"DHZ Outlet & Partijhandel\"},\"image\":{\"@id\":\"https:\\\/\\\/partijhandeldhz.nl\\\/de\\\/#\\\/schema\\\/logo\\\/image\\\/\"},\"sameAs\":[\"https:\\\/\\\/www.facebook.com\\\/people\\\/Partijhandel-DHZ\\\/61573487458594\\\/\",\"https:\\\/\\\/www.instagram.com\\\/partijhandeldhz\\\/\"]}]}<\/script>\n<!-- \/ Yoast SEO plugin. -->","yoast_head_json":{"title":"Display Combisystem Joint-Schaber + Griff (15 St\u00fcck) - DHZ Outlet &amp; Partijhandel","robots":{"index":"index","follow":"follow","max-snippet":"max-snippet:-1","max-image-preview":"max-image-preview:large","max-video-preview":"max-video-preview:-1"},"canonical":"https:\/\/partijhandeldhz.nl\/de\/produkt\/display-combisystem-joint-schaber-griff-15-stueck\/","og_locale":"de_DE","og_type":"article","og_title":"Display Combisystem Joint-Schaber + Griff (15 St\u00fcck) - DHZ Outlet &amp; Partijhandel","og_description":"Der Gardena Display Combisystem Joint Scraper + Handle enth\u00e4lt 15 komplette Sets mit Joint-Schaber und Griff von 130 cm. Ideal zum Entfernen von Unkraut, Gras und Moos zwischen Fliesen und Pflastersteinen. Perfekt als Ladenpr\u00e4sentation oder Direktverkaufsanzeige.  Bitte beachten Sie: Dieses Produkt kann nur \u00fcber unseren Webshop bestellt werden.","og_url":"https:\/\/partijhandeldhz.nl\/de\/produkt\/display-combisystem-joint-schaber-griff-15-stueck\/","og_site_name":"DHZ Outlet &amp; Partijhandel","article_publisher":"https:\/\/www.facebook.com\/people\/Partijhandel-DHZ\/61573487458594\/","og_image":[{"width":1000,"height":1000,"url":"https:\/\/partijhandeldhz.nl\/wp-content\/uploads\/2026\/03\/Afbeelding-1-15.jpg","type":"image\/jpeg"}],"twitter_card":"summary_large_image","twitter_misc":{"Gesch\u00e4tzte Lesezeit":"1\u00a0Minute"},"schema":{"@context":"https:\/\/schema.org","@graph":[{"@type":"WebPage","@id":"https:\/\/partijhandeldhz.nl\/de\/produkt\/display-combisystem-joint-schaber-griff-15-stueck\/","url":"https:\/\/partijhandeldhz.nl\/de\/produkt\/display-combisystem-joint-schaber-griff-15-stueck\/","name":"Display Combisystem Joint-Schaber + Griff (15 St\u00fcck) - DHZ Outlet &amp; Partijhandel","isPartOf":{"@id":"https:\/\/partijhandeldhz.nl\/de\/#website"},"primaryImageOfPage":{"@id":"https:\/\/partijhandeldhz.nl\/de\/produkt\/display-combisystem-joint-schaber-griff-15-stueck\/#primaryimage"},"image":{"@id":"https:\/\/partijhandeldhz.nl\/de\/produkt\/display-combisystem-joint-schaber-griff-15-stueck\/#primaryimage"},"thumbnailUrl":"https:\/\/partijhandeldhz.nl\/wp-content\/uploads\/2026\/03\/Afbeelding-1-15.jpg","datePublished":"2026-03-25T12:46:16+00:00","breadcrumb":{"@id":"https:\/\/partijhandeldhz.nl\/de\/produkt\/display-combisystem-joint-schaber-griff-15-stueck\/#breadcrumb"},"inLanguage":"de","potentialAction":[{"@type":"ReadAction","target":["https:\/\/partijhandeldhz.nl\/de\/produkt\/display-combisystem-joint-schaber-griff-15-stueck\/"]}]},{"@type":"ImageObject","inLanguage":"de","@id":"https:\/\/partijhandeldhz.nl\/de\/produkt\/display-combisystem-joint-schaber-griff-15-stueck\/#primaryimage","url":"https:\/\/partijhandeldhz.nl\/wp-content\/uploads\/2026\/03\/Afbeelding-1-15.jpg","contentUrl":"https:\/\/partijhandeldhz.nl\/wp-content\/uploads\/2026\/03\/Afbeelding-1-15.jpg","width":1000,"height":1000},{"@type":"BreadcrumbList","@id":"https:\/\/partijhandeldhz.nl\/de\/produkt\/display-combisystem-joint-schaber-griff-15-stueck\/#breadcrumb","itemListElement":[{"@type":"ListItem","position":1,"name":"Home","item":"https:\/\/partijhandeldhz.nl\/de\/"},{"@type":"ListItem","position":2,"name":"Shop","item":"https:\/\/partijhandeldhz.nl\/de\/shop\/"},{"@type":"ListItem","position":3,"name":"Display Combisystem Joint-Schaber + Griff (15 St\u00fcck)"}]},{"@type":"WebSite","@id":"https:\/\/partijhandeldhz.nl\/de\/#website","url":"https:\/\/partijhandeldhz.nl\/de\/","name":"DHZ Outlet & Partijhandel","description":"Grote en kleine partijen, altijd de scherpste prijs!","publisher":{"@id":"https:\/\/partijhandeldhz.nl\/de\/#organization"},"potentialAction":[{"@type":"SearchAction","target":{"@type":"EntryPoint","urlTemplate":"https:\/\/partijhandeldhz.nl\/de\/?s={search_term_string}"},"query-input":{"@type":"PropertyValueSpecification","valueRequired":true,"valueName":"search_term_string"}}],"inLanguage":"de"},{"@type":"Organization","@id":"https:\/\/partijhandeldhz.nl\/de\/#organization","name":"DHZ Outlet & Partijhandel","url":"https:\/\/partijhandeldhz.nl\/de\/","logo":{"@type":"ImageObject","inLanguage":"de","@id":"https:\/\/partijhandeldhz.nl\/de\/#\/schema\/logo\/image\/","url":"https:\/\/partijhandeldhz.nl\/wp-content\/uploads\/2025\/03\/1.png","contentUrl":"https:\/\/partijhandeldhz.nl\/wp-content\/uploads\/2025\/03\/1.png","width":1000,"height":500,"caption":"DHZ Outlet & Partijhandel"},"image":{"@id":"https:\/\/partijhandeldhz.nl\/de\/#\/schema\/logo\/image\/"},"sameAs":["https:\/\/www.facebook.com\/people\/Partijhandel-DHZ\/61573487458594\/","https:\/\/www.instagram.com\/partijhandeldhz\/"]}]}},"jetpack_sharing_enabled":true,"_links":{"self":[{"href":"https:\/\/partijhandeldhz.nl\/de\/wp-json\/wp\/v2\/product\/18312","targetHints":{"allow":["GET"]}}],"collection":[{"href":"https:\/\/partijhandeldhz.nl\/de\/wp-json\/wp\/v2\/product"}],"about":[{"href":"https:\/\/partijhandeldhz.nl\/de\/wp-json\/wp\/v2\/types\/product"}],"version-history":[{"count":0,"href":"https:\/\/partijhandeldhz.nl\/de\/wp-json\/wp\/v2\/product\/18312\/revisions"}],"wp:featuredmedia":[{"embeddable":true,"href":"https:\/\/partijhandeldhz.nl\/de\/wp-json\/wp\/v2\/media\/18177"}],"wp:attachment":[{"href":"https:\/\/partijhandeldhz.nl\/de\/wp-json\/wp\/v2\/media?parent=18312"}],"wp:term":[{"taxonomy":"product_brand","embeddable":true,"href":"https:\/\/partijhandeldhz.nl\/de\/wp-json\/wp\/v2\/product_brand?post=18312"},{"taxonomy":"product_cat","embeddable":true,"href":"https:\/\/partijhandeldhz.nl\/de\/wp-json\/wp\/v2\/product_cat?post=18312"},{"taxonomy":"product_tag","embeddable":true,"href":"https:\/\/partijhandeldhz.nl\/de\/wp-json\/wp\/v2\/product_tag?post=18312"}],"curies":[{"name":"wp","href":"https:\/\/api.w.org\/{rel}","templated":true}]}}