{"id":18307,"date":"2026-03-04T08:58:33","date_gmt":"2026-03-04T08:58:33","guid":{"rendered":"https:\/\/partijhandeldhz.nl\/product\/abwasserpumpe-9000-set\/"},"modified":"2026-03-04T08:58:33","modified_gmt":"2026-03-04T08:58:33","slug":"abwasserpumpe-9000-set","status":"publish","type":"product","link":"https:\/\/partijhandeldhz.nl\/de\/produkt\/abwasserpumpe-9000-set\/","title":{"rendered":"Abwasserpumpe 9000 Set"},"content":{"rendered":"<p data-start=\"685\" data-end=\"944\">Das Gardena Dirty Water Pump 9000 Set ist eine leistungsstarke und vielseitige L\u00f6sung zum schnellen Ablassen von verschmutztem Wasser. Diese Pumpe ist ideal f\u00fcr Situationen wie \u00dcberschwemmungen in Kellern, das Ablassen von Teichen oder das Ablassen von Wasser auf Baustellen. <\/p>\n<p data-start=\"946\" data-end=\"1261\">Mit einer Leistung von 300 Watt kann die Pumpe bis zu 9000 Liter Wasser pro Stunde pumpen. Dank eines maximalen F\u00f6rderkopfs von 6 Metern und einem Druck von 0,6 bar liefert die Pumpe zuverl\u00e4ssige Leistung in einer Vielzahl von Anwendungen. Die Pumpe kann problemlos schmutziges Wasser mit Schmutzpartikeln bis zu 25 mm verarbeiten.  <\/p>\n<p data-start=\"1263\" data-end=\"1512\">Die Pumpe wird mit einer praktischen Kiste aus recyceltem Material geliefert, die als Schutz vor schwebendem Schmutz dient und gleichzeitig als Vorfilter dient. In Kombination mit dieser Kiste kann die Pumpe bis zu einem Wasserstand von 32 cm verwendet werden. <\/p>\n<p data-start=\"1514\" data-end=\"1725\">Der integrierte Schwimmerschalter schaltet die Pumpe automatisch ein, wenn der Wasserstand steigt, und wieder aus, wenn der Wasserstand sinkt. F\u00fcr den kontinuierlichen Betrieb kann der Schalter manuell eingestellt werden. <\/p>\n<p data-start=\"1727\" data-end=\"2053\">Der Bausatz enth\u00e4lt einen 10 Meter langen flachen Schlauch mit einem Durchmesser von 38 mm (11\/2&#8243;), der gegen hohen Druck und UV-Strahlung resistent ist. Zus\u00e4tzlich sind ein 0,5 Meter langer gerippter Teichschlauch und ein geeignetes Schlauchst\u00fcck mit Klemmen enthalten, sodass der Schlauch nicht knickt und ein optimaler Wasserfluss m\u00f6glich bleibt. <\/p>\n<p data-start=\"2055\" data-end=\"2259\">Dank ihrer robusten Bauweise mit geh\u00e4rteter Welle und doppelter Dichtung ist die Pumpe langlebig und zuverl\u00e4ssig. Die Pumpe und das Zubeh\u00f6r lassen sich problemlos in der mitgelieferten Kiste lagern und transportieren. <\/p>\n<h3 data-start=\"2266\" data-end=\"2297\">Schl\u00fcsselmerkmale<\/h3>\n<ul>\n<li data-start=\"2300\" data-end=\"2315\">Marke: Gardena<\/li>\n<li data-start=\"2318\" data-end=\"2348\">Typ: Dirty Water Pump 9000 Set<\/li>\n<li data-start=\"2351\" data-end=\"2368\">Leistung: 300 W<\/li>\n<li data-start=\"2371\" data-end=\"2408\">Kapazit\u00e4t: maximal. 9000 Liter pro Stunde<\/li>\n<li data-start=\"2411\" data-end=\"2443\">Maximaler Kopf: 6 Meter<\/li>\n<li data-start=\"2446\" data-end=\"2470\">Maximaldruck: 0,6 bar<\/li>\n<li data-start=\"2473\" data-end=\"2503\">Maximale Erdepartikel: 25 mm<\/li>\n<li data-start=\"2506\" data-end=\"2538\">Automatischer Schwimmerschalter<\/li>\n<li data-start=\"2541\" data-end=\"2581\">Kontinuierlicher manueller Betrieb m\u00f6glich<\/li>\n<li data-start=\"2584\" data-end=\"2615\">Box mit Vorfilter enthalten<\/li>\n<li data-start=\"2618\" data-end=\"2649\">Flacher Schlauch enthalten (10 m)<\/li>\n<li data-start=\"2652\" data-end=\"2694\">Einschlie\u00dflich gerippter Teichschlauch (0,5 m)<\/li>\n<li data-start=\"2697\" data-end=\"2720\">Schlauchverbindung: G1&#8243;<\/li>\n<li data-start=\"2723\" data-end=\"2750\">EAN-Code: 4078500062077<\/li>\n<\/ul>\n<h3 data-start=\"2757\" data-end=\"2784\">Technische Daten<\/h3>\n<ul>\n<li data-start=\"2787\" data-end=\"2804\">Leistung: 300 W<\/li>\n<li data-start=\"2807\" data-end=\"2838\">Maximale Pumpenleistung: 9000 l\/h<\/li>\n<li data-start=\"2841\" data-end=\"2865\">Max. Kopf: 6 m<\/li>\n<li data-start=\"2868\" data-end=\"2888\">Maximaler Druck: 0,6 bar<\/li>\n<li data-start=\"2891\" data-end=\"2917\">Maximal Erdteilchen: 25 mm<\/li>\n<li data-start=\"2920\" data-end=\"2947\">Flachschlauchl\u00e4nge: 10 m<\/li>\n<li data-start=\"2950\" data-end=\"2979\">Schlauchdurchmesser: 38 mm (11\/2&#8243;)<\/li>\n<li data-start=\"2982\" data-end=\"3007\">Maximaler Slangdruck: 15 bar<\/li>\n<li data-start=\"3010\" data-end=\"3028\">UV-best\u00e4ndig: Ja<\/li>\n<li data-start=\"3031\" data-end=\"3071\">Schlauchmaterial: Doppelschichtig verst\u00e4rkt<\/li>\n<\/ul>\n","protected":false},"excerpt":{"rendered":"<p data-start=\"278\" data-end=\"576\">Das Gardena Dirty Water Pump 9000 Set ist eine leistungsstarke und energieeffiziente Pumpe zur Ableitung von schmutzigem Wasser in \u00dcberschwemmungen, Teichen oder Baustellen. Mit einer Kapazit\u00e4t von bis zu 9000 Litern pro Stunde und einem kompletten Set mit flachem Schlauch und Zubeh\u00f6r ist diese Pumpe sofort einsetzbar. <\/p>\n<p data-start=\"578\" data-end=\"644\"><strong data-start=\"578\" data-end=\"644\"><em data-start=\"580\" data-end=\"642\">Bitte beachten Sie: Dieses Produkt kann nur \u00fcber unseren Webshop bestellt werden.<\/em><\/strong><\/p>\n","protected":false},"featured_media":18014,"template":"","meta":{"_acf_changed":false,"site-sidebar-layout":"default","site-content-layout":"","ast-site-content-layout":"default","site-content-style":"default","site-sidebar-style":"default","ast-global-header-display":"","ast-banner-title-visibility":"","ast-main-header-display":"","ast-hfb-above-header-display":"","ast-hfb-below-header-display":"","ast-hfb-mobile-header-display":"","site-post-title":"","ast-breadcrumbs-content":"","ast-featured-img":"","footer-sml-layout":"","ast-disable-related-posts":"","theme-transparent-header-meta":"default","adv-header-id-meta":"","stick-header-meta":"","header-above-stick-meta":"","header-main-stick-meta":"","header-below-stick-meta":"","astra-migrate-meta-layouts":"default","ast-page-background-enabled":"default","ast-page-background-meta":{"desktop":{"background-color":"","background-image":"","background-repeat":"repeat","background-position":"center center","background-size":"auto","background-attachment":"scroll","background-type":"","background-media":"","overlay-type":"","overlay-color":"","overlay-opacity":"","overlay-gradient":""},"tablet":{"background-color":"","background-image":"","background-repeat":"repeat","background-position":"center center","background-size":"auto","background-attachment":"scroll","background-type":"","background-media":"","overlay-type":"","overlay-color":"","overlay-opacity":"","overlay-gradient":""},"mobile":{"background-color":"","background-image":"","background-repeat":"repeat","background-position":"center center","background-size":"auto","background-attachment":"scroll","background-type":"","background-media":"","overlay-type":"","overlay-color":"","overlay-opacity":"","overlay-gradient":""}},"ast-content-background-meta":{"desktop":{"background-color":"var(--ast-global-color-5)","background-image":"","background-repeat":"repeat","background-position":"center center","background-size":"auto","background-attachment":"scroll","background-type":"","background-media":"","overlay-type":"","overlay-color":"","overlay-opacity":"","overlay-gradient":""},"tablet":{"background-color":"var(--ast-global-color-5)","background-image":"","background-repeat":"repeat","background-position":"center center","background-size":"auto","background-attachment":"scroll","background-type":"","background-media":"","overlay-type":"","overlay-color":"","overlay-opacity":"","overlay-gradient":""},"mobile":{"background-color":"var(--ast-global-color-5)","background-image":"","background-repeat":"repeat","background-position":"center center","background-size":"auto","background-attachment":"scroll","background-type":"","background-media":"","overlay-type":"","overlay-color":"","overlay-opacity":"","overlay-gradient":""}}},"product_brand":[],"product_cat":[599,903],"product_tag":[],"class_list":{"0":"post-18307","1":"product","2":"type-product","3":"status-publish","4":"has-post-thumbnail","6":"product_cat-postenhandel","7":"product_cat-pumpen","8":"pa_merk-gardena","9":"desktop-align-left","10":"tablet-align-left","11":"mobile-align-left","13":"first","14":"instock","15":"taxable","16":"shipping-taxable","17":"purchasable","18":"product-type-simple"},"acf":[],"yoast_head":"<!-- This site is optimized with the Yoast SEO plugin v27.5 - https:\/\/yoast.com\/product\/yoast-seo-wordpress\/ -->\n<title>Abwasserpumpe 9000 Set - DHZ Outlet &amp; Partijhandel<\/title>\n<meta name=\"robots\" content=\"index, follow, max-snippet:-1, max-image-preview:large, max-video-preview:-1\" \/>\n<link rel=\"canonical\" href=\"https:\/\/partijhandeldhz.nl\/de\/produkt\/abwasserpumpe-9000-set\/\" \/>\n<meta property=\"og:locale\" content=\"de_DE\" \/>\n<meta property=\"og:type\" content=\"article\" \/>\n<meta property=\"og:title\" content=\"Abwasserpumpe 9000 Set - DHZ Outlet &amp; Partijhandel\" \/>\n<meta property=\"og:description\" content=\"Das Gardena Dirty Water Pump 9000 Set ist eine leistungsstarke und energieeffiziente Pumpe zur Ableitung von schmutzigem Wasser in \u00dcberschwemmungen, Teichen oder Baustellen. Mit einer Kapazit\u00e4t von bis zu 9000 Litern pro Stunde und einem kompletten Set mit flachem Schlauch und Zubeh\u00f6r ist diese Pumpe sofort einsetzbar. Bitte beachten Sie: Dieses Produkt kann nur \u00fcber unseren Webshop bestellt werden.\" \/>\n<meta property=\"og:url\" content=\"https:\/\/partijhandeldhz.nl\/de\/produkt\/abwasserpumpe-9000-set\/\" \/>\n<meta property=\"og:site_name\" content=\"DHZ Outlet &amp; Partijhandel\" \/>\n<meta property=\"article:publisher\" content=\"https:\/\/www.facebook.com\/people\/Partijhandel-DHZ\/61573487458594\/\" \/>\n<meta property=\"og:image\" content=\"https:\/\/partijhandeldhz.nl\/wp-content\/uploads\/2026\/03\/Afbeelding-1-9.jpg\" \/>\n\t<meta property=\"og:image:width\" content=\"1000\" \/>\n\t<meta property=\"og:image:height\" content=\"1000\" \/>\n\t<meta property=\"og:image:type\" content=\"image\/jpeg\" \/>\n<meta name=\"twitter:card\" content=\"summary_large_image\" \/>\n<meta name=\"twitter:label1\" content=\"Gesch\u00e4tzte Lesezeit\" \/>\n\t<meta name=\"twitter:data1\" content=\"2\u00a0Minuten\" \/>\n<script type=\"application\/ld+json\" class=\"yoast-schema-graph\">{\"@context\":\"https:\\\/\\\/schema.org\",\"@graph\":[{\"@type\":\"WebPage\",\"@id\":\"https:\\\/\\\/partijhandeldhz.nl\\\/de\\\/produkt\\\/abwasserpumpe-9000-set\\\/\",\"url\":\"https:\\\/\\\/partijhandeldhz.nl\\\/de\\\/produkt\\\/abwasserpumpe-9000-set\\\/\",\"name\":\"Abwasserpumpe 9000 Set - DHZ Outlet &amp; Partijhandel\",\"isPartOf\":{\"@id\":\"https:\\\/\\\/partijhandeldhz.nl\\\/de\\\/#website\"},\"primaryImageOfPage\":{\"@id\":\"https:\\\/\\\/partijhandeldhz.nl\\\/de\\\/produkt\\\/abwasserpumpe-9000-set\\\/#primaryimage\"},\"image\":{\"@id\":\"https:\\\/\\\/partijhandeldhz.nl\\\/de\\\/produkt\\\/abwasserpumpe-9000-set\\\/#primaryimage\"},\"thumbnailUrl\":\"https:\\\/\\\/partijhandeldhz.nl\\\/wp-content\\\/uploads\\\/2026\\\/03\\\/Afbeelding-1-9.jpg\",\"datePublished\":\"2026-03-04T08:58:33+00:00\",\"breadcrumb\":{\"@id\":\"https:\\\/\\\/partijhandeldhz.nl\\\/de\\\/produkt\\\/abwasserpumpe-9000-set\\\/#breadcrumb\"},\"inLanguage\":\"de\",\"potentialAction\":[{\"@type\":\"ReadAction\",\"target\":[\"https:\\\/\\\/partijhandeldhz.nl\\\/de\\\/produkt\\\/abwasserpumpe-9000-set\\\/\"]}]},{\"@type\":\"ImageObject\",\"inLanguage\":\"de\",\"@id\":\"https:\\\/\\\/partijhandeldhz.nl\\\/de\\\/produkt\\\/abwasserpumpe-9000-set\\\/#primaryimage\",\"url\":\"https:\\\/\\\/partijhandeldhz.nl\\\/wp-content\\\/uploads\\\/2026\\\/03\\\/Afbeelding-1-9.jpg\",\"contentUrl\":\"https:\\\/\\\/partijhandeldhz.nl\\\/wp-content\\\/uploads\\\/2026\\\/03\\\/Afbeelding-1-9.jpg\",\"width\":1000,\"height\":1000},{\"@type\":\"BreadcrumbList\",\"@id\":\"https:\\\/\\\/partijhandeldhz.nl\\\/de\\\/produkt\\\/abwasserpumpe-9000-set\\\/#breadcrumb\",\"itemListElement\":[{\"@type\":\"ListItem\",\"position\":1,\"name\":\"Home\",\"item\":\"https:\\\/\\\/partijhandeldhz.nl\\\/de\\\/\"},{\"@type\":\"ListItem\",\"position\":2,\"name\":\"Shop\",\"item\":\"https:\\\/\\\/partijhandeldhz.nl\\\/de\\\/shop\\\/\"},{\"@type\":\"ListItem\",\"position\":3,\"name\":\"Abwasserpumpe 9000 Set\"}]},{\"@type\":\"WebSite\",\"@id\":\"https:\\\/\\\/partijhandeldhz.nl\\\/de\\\/#website\",\"url\":\"https:\\\/\\\/partijhandeldhz.nl\\\/de\\\/\",\"name\":\"DHZ Outlet & Partijhandel\",\"description\":\"Grote en kleine partijen, altijd de scherpste prijs!\",\"publisher\":{\"@id\":\"https:\\\/\\\/partijhandeldhz.nl\\\/de\\\/#organization\"},\"potentialAction\":[{\"@type\":\"SearchAction\",\"target\":{\"@type\":\"EntryPoint\",\"urlTemplate\":\"https:\\\/\\\/partijhandeldhz.nl\\\/de\\\/?s={search_term_string}\"},\"query-input\":{\"@type\":\"PropertyValueSpecification\",\"valueRequired\":true,\"valueName\":\"search_term_string\"}}],\"inLanguage\":\"de\"},{\"@type\":\"Organization\",\"@id\":\"https:\\\/\\\/partijhandeldhz.nl\\\/de\\\/#organization\",\"name\":\"DHZ Outlet & Partijhandel\",\"url\":\"https:\\\/\\\/partijhandeldhz.nl\\\/de\\\/\",\"logo\":{\"@type\":\"ImageObject\",\"inLanguage\":\"de\",\"@id\":\"https:\\\/\\\/partijhandeldhz.nl\\\/de\\\/#\\\/schema\\\/logo\\\/image\\\/\",\"url\":\"https:\\\/\\\/partijhandeldhz.nl\\\/wp-content\\\/uploads\\\/2025\\\/03\\\/1.png\",\"contentUrl\":\"https:\\\/\\\/partijhandeldhz.nl\\\/wp-content\\\/uploads\\\/2025\\\/03\\\/1.png\",\"width\":1000,\"height\":500,\"caption\":\"DHZ Outlet & Partijhandel\"},\"image\":{\"@id\":\"https:\\\/\\\/partijhandeldhz.nl\\\/de\\\/#\\\/schema\\\/logo\\\/image\\\/\"},\"sameAs\":[\"https:\\\/\\\/www.facebook.com\\\/people\\\/Partijhandel-DHZ\\\/61573487458594\\\/\",\"https:\\\/\\\/www.instagram.com\\\/partijhandeldhz\\\/\"]}]}<\/script>\n<!-- \/ Yoast SEO plugin. -->","yoast_head_json":{"title":"Abwasserpumpe 9000 Set - DHZ Outlet &amp; Partijhandel","robots":{"index":"index","follow":"follow","max-snippet":"max-snippet:-1","max-image-preview":"max-image-preview:large","max-video-preview":"max-video-preview:-1"},"canonical":"https:\/\/partijhandeldhz.nl\/de\/produkt\/abwasserpumpe-9000-set\/","og_locale":"de_DE","og_type":"article","og_title":"Abwasserpumpe 9000 Set - DHZ Outlet &amp; Partijhandel","og_description":"Das Gardena Dirty Water Pump 9000 Set ist eine leistungsstarke und energieeffiziente Pumpe zur Ableitung von schmutzigem Wasser in \u00dcberschwemmungen, Teichen oder Baustellen. Mit einer Kapazit\u00e4t von bis zu 9000 Litern pro Stunde und einem kompletten Set mit flachem Schlauch und Zubeh\u00f6r ist diese Pumpe sofort einsetzbar. Bitte beachten Sie: Dieses Produkt kann nur \u00fcber unseren Webshop bestellt werden.","og_url":"https:\/\/partijhandeldhz.nl\/de\/produkt\/abwasserpumpe-9000-set\/","og_site_name":"DHZ Outlet &amp; Partijhandel","article_publisher":"https:\/\/www.facebook.com\/people\/Partijhandel-DHZ\/61573487458594\/","og_image":[{"width":1000,"height":1000,"url":"https:\/\/partijhandeldhz.nl\/wp-content\/uploads\/2026\/03\/Afbeelding-1-9.jpg","type":"image\/jpeg"}],"twitter_card":"summary_large_image","twitter_misc":{"Gesch\u00e4tzte Lesezeit":"2\u00a0Minuten"},"schema":{"@context":"https:\/\/schema.org","@graph":[{"@type":"WebPage","@id":"https:\/\/partijhandeldhz.nl\/de\/produkt\/abwasserpumpe-9000-set\/","url":"https:\/\/partijhandeldhz.nl\/de\/produkt\/abwasserpumpe-9000-set\/","name":"Abwasserpumpe 9000 Set - DHZ Outlet &amp; Partijhandel","isPartOf":{"@id":"https:\/\/partijhandeldhz.nl\/de\/#website"},"primaryImageOfPage":{"@id":"https:\/\/partijhandeldhz.nl\/de\/produkt\/abwasserpumpe-9000-set\/#primaryimage"},"image":{"@id":"https:\/\/partijhandeldhz.nl\/de\/produkt\/abwasserpumpe-9000-set\/#primaryimage"},"thumbnailUrl":"https:\/\/partijhandeldhz.nl\/wp-content\/uploads\/2026\/03\/Afbeelding-1-9.jpg","datePublished":"2026-03-04T08:58:33+00:00","breadcrumb":{"@id":"https:\/\/partijhandeldhz.nl\/de\/produkt\/abwasserpumpe-9000-set\/#breadcrumb"},"inLanguage":"de","potentialAction":[{"@type":"ReadAction","target":["https:\/\/partijhandeldhz.nl\/de\/produkt\/abwasserpumpe-9000-set\/"]}]},{"@type":"ImageObject","inLanguage":"de","@id":"https:\/\/partijhandeldhz.nl\/de\/produkt\/abwasserpumpe-9000-set\/#primaryimage","url":"https:\/\/partijhandeldhz.nl\/wp-content\/uploads\/2026\/03\/Afbeelding-1-9.jpg","contentUrl":"https:\/\/partijhandeldhz.nl\/wp-content\/uploads\/2026\/03\/Afbeelding-1-9.jpg","width":1000,"height":1000},{"@type":"BreadcrumbList","@id":"https:\/\/partijhandeldhz.nl\/de\/produkt\/abwasserpumpe-9000-set\/#breadcrumb","itemListElement":[{"@type":"ListItem","position":1,"name":"Home","item":"https:\/\/partijhandeldhz.nl\/de\/"},{"@type":"ListItem","position":2,"name":"Shop","item":"https:\/\/partijhandeldhz.nl\/de\/shop\/"},{"@type":"ListItem","position":3,"name":"Abwasserpumpe 9000 Set"}]},{"@type":"WebSite","@id":"https:\/\/partijhandeldhz.nl\/de\/#website","url":"https:\/\/partijhandeldhz.nl\/de\/","name":"DHZ Outlet & Partijhandel","description":"Grote en kleine partijen, altijd de scherpste prijs!","publisher":{"@id":"https:\/\/partijhandeldhz.nl\/de\/#organization"},"potentialAction":[{"@type":"SearchAction","target":{"@type":"EntryPoint","urlTemplate":"https:\/\/partijhandeldhz.nl\/de\/?s={search_term_string}"},"query-input":{"@type":"PropertyValueSpecification","valueRequired":true,"valueName":"search_term_string"}}],"inLanguage":"de"},{"@type":"Organization","@id":"https:\/\/partijhandeldhz.nl\/de\/#organization","name":"DHZ Outlet & Partijhandel","url":"https:\/\/partijhandeldhz.nl\/de\/","logo":{"@type":"ImageObject","inLanguage":"de","@id":"https:\/\/partijhandeldhz.nl\/de\/#\/schema\/logo\/image\/","url":"https:\/\/partijhandeldhz.nl\/wp-content\/uploads\/2025\/03\/1.png","contentUrl":"https:\/\/partijhandeldhz.nl\/wp-content\/uploads\/2025\/03\/1.png","width":1000,"height":500,"caption":"DHZ Outlet & Partijhandel"},"image":{"@id":"https:\/\/partijhandeldhz.nl\/de\/#\/schema\/logo\/image\/"},"sameAs":["https:\/\/www.facebook.com\/people\/Partijhandel-DHZ\/61573487458594\/","https:\/\/www.instagram.com\/partijhandeldhz\/"]}]}},"jetpack_sharing_enabled":true,"_links":{"self":[{"href":"https:\/\/partijhandeldhz.nl\/de\/wp-json\/wp\/v2\/product\/18307","targetHints":{"allow":["GET"]}}],"collection":[{"href":"https:\/\/partijhandeldhz.nl\/de\/wp-json\/wp\/v2\/product"}],"about":[{"href":"https:\/\/partijhandeldhz.nl\/de\/wp-json\/wp\/v2\/types\/product"}],"version-history":[{"count":0,"href":"https:\/\/partijhandeldhz.nl\/de\/wp-json\/wp\/v2\/product\/18307\/revisions"}],"wp:featuredmedia":[{"embeddable":true,"href":"https:\/\/partijhandeldhz.nl\/de\/wp-json\/wp\/v2\/media\/18014"}],"wp:attachment":[{"href":"https:\/\/partijhandeldhz.nl\/de\/wp-json\/wp\/v2\/media?parent=18307"}],"wp:term":[{"taxonomy":"product_brand","embeddable":true,"href":"https:\/\/partijhandeldhz.nl\/de\/wp-json\/wp\/v2\/product_brand?post=18307"},{"taxonomy":"product_cat","embeddable":true,"href":"https:\/\/partijhandeldhz.nl\/de\/wp-json\/wp\/v2\/product_cat?post=18307"},{"taxonomy":"product_tag","embeddable":true,"href":"https:\/\/partijhandeldhz.nl\/de\/wp-json\/wp\/v2\/product_tag?post=18307"}],"curies":[{"name":"wp","href":"https:\/\/api.w.org\/{rel}","templated":true}]}}