{"id":18305,"date":"2026-03-05T13:11:45","date_gmt":"2026-03-05T13:11:45","guid":{"rendered":"https:\/\/partijhandeldhz.nl\/product\/lichtsensor-fuer-den-daemmerschalter\/"},"modified":"2026-03-05T13:11:45","modified_gmt":"2026-03-05T13:11:45","slug":"lichtsensor-fuer-den-daemmerschalter","status":"publish","type":"product","link":"https:\/\/partijhandeldhz.nl\/de\/produkt\/lichtsensor-fuer-den-daemmerschalter\/","title":{"rendered":"Lichtsensor f\u00fcr den D\u00e4mmerschalter"},"content":{"rendered":"<p data-start=\"628\" data-end=\"893\">Mit dem Calex Twilight Switch Lichtsensor schaltet sich die Beleuchtung automatisch bei Einbruch der D\u00e4mmerung an und wieder aus, wenn sie hell wird. Dadurch entf\u00e4llt die manuelle Steuerung der Beleuchtung und es spart Energie, indem nur bei Bedarf das Licht eingeschaltet wird. <\/p>\n<p data-start=\"895\" data-end=\"1163\">Der Schalter eignet sich f\u00fcr die Beleuchtung von bis zu 1000 Watt, wie Au\u00dfenlampen, Gartenbeleuchtung, Fassadenbeleuchtung und Einfahrtbeleuchtung. Der eingebaute Lichtsensor erkennt das Umgebungslicht und aktiviert die verbundene Beleuchtung automatisch, sobald es dunkel wird. <\/p>\n<p data-start=\"1165\" data-end=\"1363\">Dank des IP44-Spritzschutzgeh\u00e4uses ist der D\u00e4mmerschalter f\u00fcr den Au\u00dfeneinsatz geeignet. Das runde Geh\u00e4use besteht aus langlebigem Kunststoff und l\u00e4sst sich problemlos an der Wand montieren. <\/p>\n<p data-start=\"1365\" data-end=\"1511\">Der D\u00e4mmerschalter arbeitet mit Netzstrom (240V) und ist eine praktische L\u00f6sung f\u00fcr die automatische Beleuchtung im Haus, im Garten oder in Gesch\u00e4ftsr\u00e4umen.<\/p>\n<h3 data-start=\"1518\" data-end=\"1549\">Schl\u00fcsselmerkmale<\/h3>\n<ul>\n<li data-start=\"1552\" data-end=\"1565\">Marke: Calex<\/li>\n<li data-start=\"1568\" data-end=\"1609\">Typ: D\u00e4mmerschalter mit Lichtsensor<\/li>\n<li data-start=\"1612\" data-end=\"1639\">Maximale Leistung: 1000 W<\/li>\n<li data-start=\"1642\" data-end=\"1680\">Automatisches Schalten bei Einbruch der D\u00e4mmerung<\/li>\n<li data-start=\"1683\" data-end=\"1707\">Eingebauter Lichtsensor<\/li>\n<li data-start=\"1710\" data-end=\"1743\">Geeignet f\u00fcr Au\u00dfenbeleuchtung<\/li>\n<li data-start=\"1746\" data-end=\"1768\">Spritzwasserdicht: IP44<\/li>\n<li data-start=\"1771\" data-end=\"1788\">Montage: Oberfl\u00e4chenmontiert<\/li>\n<li data-start=\"1791\" data-end=\"1811\">Farbe: Schwarz \/ Wei\u00df<\/li>\n<li data-start=\"1814\" data-end=\"1826\">Form: Rund<\/li>\n<li data-start=\"1829\" data-end=\"1851\">Material: Kunststoff<\/li>\n<li data-start=\"1854\" data-end=\"1881\">EAN-Code: 8712879134138<\/li>\n<\/ul>\n<h3 data-start=\"1888\" data-end=\"1915\">Technische Daten<\/h3>\n<ul>\n<li data-start=\"1918\" data-end=\"1954\">Schaltertyp: Twilight Switch<\/li>\n<li data-start=\"1957\" data-end=\"1979\">Leistung: bis zu 1000 W<\/li>\n<li data-start=\"1982\" data-end=\"2002\">Stromversorgung: Netzstrom<\/li>\n<li data-start=\"2005\" data-end=\"2021\">Spannung: 240 V<\/li>\n<li data-start=\"2024\" data-end=\"2046\">Frequenz: 50\/60 Hz<\/li>\n<li data-start=\"2049\" data-end=\"2073\">IP-Bewertung: IP44<\/li>\n<li data-start=\"2076\" data-end=\"2093\">Durchmesser: 87 mm<\/li>\n<li data-start=\"2096\" data-end=\"2112\">H\u00f6he: 120 mm<\/li>\n<li data-start=\"2115\" data-end=\"2137\">Montagemethode: Oberfl\u00e4chenmontiert<\/li>\n<\/ul>\n","protected":false},"excerpt":{"rendered":"<p data-start=\"266\" data-end=\"519\">Der Calex Twilight Switch mit Lichtsensor schaltet automatisch die Beleuchtung ein, wenn es dunkel wird, und schaltet tags\u00fcber wieder aus. Geeignet f\u00fcr die Beleuchtung von bis zu 1000 Watt und dank des IP44-Spritzschutzgeh\u00e4uses ideal f\u00fcr den Au\u00dfeneinsatz. <\/p>\n<p data-start=\"521\" data-end=\"587\"><strong data-start=\"521\" data-end=\"587\"><em data-start=\"523\" data-end=\"585\">Bitte beachten Sie: Dieses Produkt kann nur \u00fcber unseren Webshop bestellt werden.<\/em><\/strong><\/p>\n","protected":false},"featured_media":18093,"template":"","meta":{"_acf_changed":false,"site-sidebar-layout":"default","site-content-layout":"","ast-site-content-layout":"default","site-content-style":"default","site-sidebar-style":"default","ast-global-header-display":"","ast-banner-title-visibility":"","ast-main-header-display":"","ast-hfb-above-header-display":"","ast-hfb-below-header-display":"","ast-hfb-mobile-header-display":"","site-post-title":"","ast-breadcrumbs-content":"","ast-featured-img":"","footer-sml-layout":"","ast-disable-related-posts":"","theme-transparent-header-meta":"default","adv-header-id-meta":"","stick-header-meta":"","header-above-stick-meta":"","header-main-stick-meta":"","header-below-stick-meta":"","astra-migrate-meta-layouts":"default","ast-page-background-enabled":"default","ast-page-background-meta":{"desktop":{"background-color":"","background-image":"","background-repeat":"repeat","background-position":"center center","background-size":"auto","background-attachment":"scroll","background-type":"","background-media":"","overlay-type":"","overlay-color":"","overlay-opacity":"","overlay-gradient":""},"tablet":{"background-color":"","background-image":"","background-repeat":"repeat","background-position":"center center","background-size":"auto","background-attachment":"scroll","background-type":"","background-media":"","overlay-type":"","overlay-color":"","overlay-opacity":"","overlay-gradient":""},"mobile":{"background-color":"","background-image":"","background-repeat":"repeat","background-position":"center center","background-size":"auto","background-attachment":"scroll","background-type":"","background-media":"","overlay-type":"","overlay-color":"","overlay-opacity":"","overlay-gradient":""}},"ast-content-background-meta":{"desktop":{"background-color":"var(--ast-global-color-5)","background-image":"","background-repeat":"repeat","background-position":"center center","background-size":"auto","background-attachment":"scroll","background-type":"","background-media":"","overlay-type":"","overlay-color":"","overlay-opacity":"","overlay-gradient":""},"tablet":{"background-color":"var(--ast-global-color-5)","background-image":"","background-repeat":"repeat","background-position":"center center","background-size":"auto","background-attachment":"scroll","background-type":"","background-media":"","overlay-type":"","overlay-color":"","overlay-opacity":"","overlay-gradient":""},"mobile":{"background-color":"var(--ast-global-color-5)","background-image":"","background-repeat":"repeat","background-position":"center center","background-size":"auto","background-attachment":"scroll","background-type":"","background-media":"","overlay-type":"","overlay-color":"","overlay-opacity":"","overlay-gradient":""}}},"product_brand":[],"product_cat":[752,599],"product_tag":[],"class_list":{"0":"post-18305","1":"product","2":"type-product","3":"status-publish","4":"has-post-thumbnail","6":"product_cat-gartenbeleuchtung","7":"product_cat-postenhandel","8":"pa_merk-calex","9":"desktop-align-left","10":"tablet-align-left","11":"mobile-align-left","13":"first","14":"instock","15":"taxable","16":"shipping-taxable","17":"purchasable","18":"product-type-simple"},"acf":[],"yoast_head":"<!-- This site is optimized with the Yoast SEO plugin v27.5 - https:\/\/yoast.com\/product\/yoast-seo-wordpress\/ -->\n<title>Lichtsensor f\u00fcr den D\u00e4mmerschalter - DHZ Outlet &amp; Partijhandel<\/title>\n<meta name=\"robots\" content=\"index, follow, max-snippet:-1, max-image-preview:large, max-video-preview:-1\" \/>\n<link rel=\"canonical\" href=\"https:\/\/partijhandeldhz.nl\/de\/produkt\/lichtsensor-fuer-den-daemmerschalter\/\" \/>\n<meta property=\"og:locale\" content=\"de_DE\" \/>\n<meta property=\"og:type\" content=\"article\" \/>\n<meta property=\"og:title\" content=\"Lichtsensor f\u00fcr den D\u00e4mmerschalter - DHZ Outlet &amp; Partijhandel\" \/>\n<meta property=\"og:description\" content=\"Der Calex Twilight Switch mit Lichtsensor schaltet automatisch die Beleuchtung ein, wenn es dunkel wird, und schaltet tags\u00fcber wieder aus. Geeignet f\u00fcr die Beleuchtung von bis zu 1000 Watt und dank des IP44-Spritzschutzgeh\u00e4uses ideal f\u00fcr den Au\u00dfeneinsatz. Bitte beachten Sie: Dieses Produkt kann nur \u00fcber unseren Webshop bestellt werden.\" \/>\n<meta property=\"og:url\" content=\"https:\/\/partijhandeldhz.nl\/de\/produkt\/lichtsensor-fuer-den-daemmerschalter\/\" \/>\n<meta property=\"og:site_name\" content=\"DHZ Outlet &amp; Partijhandel\" \/>\n<meta property=\"article:publisher\" content=\"https:\/\/www.facebook.com\/people\/Partijhandel-DHZ\/61573487458594\/\" \/>\n<meta property=\"og:image\" content=\"https:\/\/partijhandeldhz.nl\/wp-content\/uploads\/2026\/03\/Afbeelding-1-11.jpg\" \/>\n\t<meta property=\"og:image:width\" content=\"1000\" \/>\n\t<meta property=\"og:image:height\" content=\"1000\" \/>\n\t<meta property=\"og:image:type\" content=\"image\/jpeg\" \/>\n<meta name=\"twitter:card\" content=\"summary_large_image\" \/>\n<meta name=\"twitter:label1\" content=\"Gesch\u00e4tzte Lesezeit\" \/>\n\t<meta name=\"twitter:data1\" content=\"1\u00a0Minute\" \/>\n<script type=\"application\/ld+json\" class=\"yoast-schema-graph\">{\"@context\":\"https:\\\/\\\/schema.org\",\"@graph\":[{\"@type\":\"WebPage\",\"@id\":\"https:\\\/\\\/partijhandeldhz.nl\\\/de\\\/produkt\\\/lichtsensor-fuer-den-daemmerschalter\\\/\",\"url\":\"https:\\\/\\\/partijhandeldhz.nl\\\/de\\\/produkt\\\/lichtsensor-fuer-den-daemmerschalter\\\/\",\"name\":\"Lichtsensor f\u00fcr den D\u00e4mmerschalter - DHZ Outlet &amp; Partijhandel\",\"isPartOf\":{\"@id\":\"https:\\\/\\\/partijhandeldhz.nl\\\/de\\\/#website\"},\"primaryImageOfPage\":{\"@id\":\"https:\\\/\\\/partijhandeldhz.nl\\\/de\\\/produkt\\\/lichtsensor-fuer-den-daemmerschalter\\\/#primaryimage\"},\"image\":{\"@id\":\"https:\\\/\\\/partijhandeldhz.nl\\\/de\\\/produkt\\\/lichtsensor-fuer-den-daemmerschalter\\\/#primaryimage\"},\"thumbnailUrl\":\"https:\\\/\\\/partijhandeldhz.nl\\\/wp-content\\\/uploads\\\/2026\\\/03\\\/Afbeelding-1-11.jpg\",\"datePublished\":\"2026-03-05T13:11:45+00:00\",\"breadcrumb\":{\"@id\":\"https:\\\/\\\/partijhandeldhz.nl\\\/de\\\/produkt\\\/lichtsensor-fuer-den-daemmerschalter\\\/#breadcrumb\"},\"inLanguage\":\"de\",\"potentialAction\":[{\"@type\":\"ReadAction\",\"target\":[\"https:\\\/\\\/partijhandeldhz.nl\\\/de\\\/produkt\\\/lichtsensor-fuer-den-daemmerschalter\\\/\"]}]},{\"@type\":\"ImageObject\",\"inLanguage\":\"de\",\"@id\":\"https:\\\/\\\/partijhandeldhz.nl\\\/de\\\/produkt\\\/lichtsensor-fuer-den-daemmerschalter\\\/#primaryimage\",\"url\":\"https:\\\/\\\/partijhandeldhz.nl\\\/wp-content\\\/uploads\\\/2026\\\/03\\\/Afbeelding-1-11.jpg\",\"contentUrl\":\"https:\\\/\\\/partijhandeldhz.nl\\\/wp-content\\\/uploads\\\/2026\\\/03\\\/Afbeelding-1-11.jpg\",\"width\":1000,\"height\":1000},{\"@type\":\"BreadcrumbList\",\"@id\":\"https:\\\/\\\/partijhandeldhz.nl\\\/de\\\/produkt\\\/lichtsensor-fuer-den-daemmerschalter\\\/#breadcrumb\",\"itemListElement\":[{\"@type\":\"ListItem\",\"position\":1,\"name\":\"Home\",\"item\":\"https:\\\/\\\/partijhandeldhz.nl\\\/de\\\/\"},{\"@type\":\"ListItem\",\"position\":2,\"name\":\"Shop\",\"item\":\"https:\\\/\\\/partijhandeldhz.nl\\\/de\\\/shop\\\/\"},{\"@type\":\"ListItem\",\"position\":3,\"name\":\"Lichtsensor f\u00fcr den D\u00e4mmerschalter\"}]},{\"@type\":\"WebSite\",\"@id\":\"https:\\\/\\\/partijhandeldhz.nl\\\/de\\\/#website\",\"url\":\"https:\\\/\\\/partijhandeldhz.nl\\\/de\\\/\",\"name\":\"DHZ Outlet & Partijhandel\",\"description\":\"Grote en kleine partijen, altijd de scherpste prijs!\",\"publisher\":{\"@id\":\"https:\\\/\\\/partijhandeldhz.nl\\\/de\\\/#organization\"},\"potentialAction\":[{\"@type\":\"SearchAction\",\"target\":{\"@type\":\"EntryPoint\",\"urlTemplate\":\"https:\\\/\\\/partijhandeldhz.nl\\\/de\\\/?s={search_term_string}\"},\"query-input\":{\"@type\":\"PropertyValueSpecification\",\"valueRequired\":true,\"valueName\":\"search_term_string\"}}],\"inLanguage\":\"de\"},{\"@type\":\"Organization\",\"@id\":\"https:\\\/\\\/partijhandeldhz.nl\\\/de\\\/#organization\",\"name\":\"DHZ Outlet & Partijhandel\",\"url\":\"https:\\\/\\\/partijhandeldhz.nl\\\/de\\\/\",\"logo\":{\"@type\":\"ImageObject\",\"inLanguage\":\"de\",\"@id\":\"https:\\\/\\\/partijhandeldhz.nl\\\/de\\\/#\\\/schema\\\/logo\\\/image\\\/\",\"url\":\"https:\\\/\\\/partijhandeldhz.nl\\\/wp-content\\\/uploads\\\/2025\\\/03\\\/1.png\",\"contentUrl\":\"https:\\\/\\\/partijhandeldhz.nl\\\/wp-content\\\/uploads\\\/2025\\\/03\\\/1.png\",\"width\":1000,\"height\":500,\"caption\":\"DHZ Outlet & Partijhandel\"},\"image\":{\"@id\":\"https:\\\/\\\/partijhandeldhz.nl\\\/de\\\/#\\\/schema\\\/logo\\\/image\\\/\"},\"sameAs\":[\"https:\\\/\\\/www.facebook.com\\\/people\\\/Partijhandel-DHZ\\\/61573487458594\\\/\",\"https:\\\/\\\/www.instagram.com\\\/partijhandeldhz\\\/\"]}]}<\/script>\n<!-- \/ Yoast SEO plugin. -->","yoast_head_json":{"title":"Lichtsensor f\u00fcr den D\u00e4mmerschalter - DHZ Outlet &amp; Partijhandel","robots":{"index":"index","follow":"follow","max-snippet":"max-snippet:-1","max-image-preview":"max-image-preview:large","max-video-preview":"max-video-preview:-1"},"canonical":"https:\/\/partijhandeldhz.nl\/de\/produkt\/lichtsensor-fuer-den-daemmerschalter\/","og_locale":"de_DE","og_type":"article","og_title":"Lichtsensor f\u00fcr den D\u00e4mmerschalter - DHZ Outlet &amp; Partijhandel","og_description":"Der Calex Twilight Switch mit Lichtsensor schaltet automatisch die Beleuchtung ein, wenn es dunkel wird, und schaltet tags\u00fcber wieder aus. Geeignet f\u00fcr die Beleuchtung von bis zu 1000 Watt und dank des IP44-Spritzschutzgeh\u00e4uses ideal f\u00fcr den Au\u00dfeneinsatz. Bitte beachten Sie: Dieses Produkt kann nur \u00fcber unseren Webshop bestellt werden.","og_url":"https:\/\/partijhandeldhz.nl\/de\/produkt\/lichtsensor-fuer-den-daemmerschalter\/","og_site_name":"DHZ Outlet &amp; Partijhandel","article_publisher":"https:\/\/www.facebook.com\/people\/Partijhandel-DHZ\/61573487458594\/","og_image":[{"width":1000,"height":1000,"url":"https:\/\/partijhandeldhz.nl\/wp-content\/uploads\/2026\/03\/Afbeelding-1-11.jpg","type":"image\/jpeg"}],"twitter_card":"summary_large_image","twitter_misc":{"Gesch\u00e4tzte Lesezeit":"1\u00a0Minute"},"schema":{"@context":"https:\/\/schema.org","@graph":[{"@type":"WebPage","@id":"https:\/\/partijhandeldhz.nl\/de\/produkt\/lichtsensor-fuer-den-daemmerschalter\/","url":"https:\/\/partijhandeldhz.nl\/de\/produkt\/lichtsensor-fuer-den-daemmerschalter\/","name":"Lichtsensor f\u00fcr den D\u00e4mmerschalter - DHZ Outlet &amp; Partijhandel","isPartOf":{"@id":"https:\/\/partijhandeldhz.nl\/de\/#website"},"primaryImageOfPage":{"@id":"https:\/\/partijhandeldhz.nl\/de\/produkt\/lichtsensor-fuer-den-daemmerschalter\/#primaryimage"},"image":{"@id":"https:\/\/partijhandeldhz.nl\/de\/produkt\/lichtsensor-fuer-den-daemmerschalter\/#primaryimage"},"thumbnailUrl":"https:\/\/partijhandeldhz.nl\/wp-content\/uploads\/2026\/03\/Afbeelding-1-11.jpg","datePublished":"2026-03-05T13:11:45+00:00","breadcrumb":{"@id":"https:\/\/partijhandeldhz.nl\/de\/produkt\/lichtsensor-fuer-den-daemmerschalter\/#breadcrumb"},"inLanguage":"de","potentialAction":[{"@type":"ReadAction","target":["https:\/\/partijhandeldhz.nl\/de\/produkt\/lichtsensor-fuer-den-daemmerschalter\/"]}]},{"@type":"ImageObject","inLanguage":"de","@id":"https:\/\/partijhandeldhz.nl\/de\/produkt\/lichtsensor-fuer-den-daemmerschalter\/#primaryimage","url":"https:\/\/partijhandeldhz.nl\/wp-content\/uploads\/2026\/03\/Afbeelding-1-11.jpg","contentUrl":"https:\/\/partijhandeldhz.nl\/wp-content\/uploads\/2026\/03\/Afbeelding-1-11.jpg","width":1000,"height":1000},{"@type":"BreadcrumbList","@id":"https:\/\/partijhandeldhz.nl\/de\/produkt\/lichtsensor-fuer-den-daemmerschalter\/#breadcrumb","itemListElement":[{"@type":"ListItem","position":1,"name":"Home","item":"https:\/\/partijhandeldhz.nl\/de\/"},{"@type":"ListItem","position":2,"name":"Shop","item":"https:\/\/partijhandeldhz.nl\/de\/shop\/"},{"@type":"ListItem","position":3,"name":"Lichtsensor f\u00fcr den D\u00e4mmerschalter"}]},{"@type":"WebSite","@id":"https:\/\/partijhandeldhz.nl\/de\/#website","url":"https:\/\/partijhandeldhz.nl\/de\/","name":"DHZ Outlet & Partijhandel","description":"Grote en kleine partijen, altijd de scherpste prijs!","publisher":{"@id":"https:\/\/partijhandeldhz.nl\/de\/#organization"},"potentialAction":[{"@type":"SearchAction","target":{"@type":"EntryPoint","urlTemplate":"https:\/\/partijhandeldhz.nl\/de\/?s={search_term_string}"},"query-input":{"@type":"PropertyValueSpecification","valueRequired":true,"valueName":"search_term_string"}}],"inLanguage":"de"},{"@type":"Organization","@id":"https:\/\/partijhandeldhz.nl\/de\/#organization","name":"DHZ Outlet & Partijhandel","url":"https:\/\/partijhandeldhz.nl\/de\/","logo":{"@type":"ImageObject","inLanguage":"de","@id":"https:\/\/partijhandeldhz.nl\/de\/#\/schema\/logo\/image\/","url":"https:\/\/partijhandeldhz.nl\/wp-content\/uploads\/2025\/03\/1.png","contentUrl":"https:\/\/partijhandeldhz.nl\/wp-content\/uploads\/2025\/03\/1.png","width":1000,"height":500,"caption":"DHZ Outlet & Partijhandel"},"image":{"@id":"https:\/\/partijhandeldhz.nl\/de\/#\/schema\/logo\/image\/"},"sameAs":["https:\/\/www.facebook.com\/people\/Partijhandel-DHZ\/61573487458594\/","https:\/\/www.instagram.com\/partijhandeldhz\/"]}]}},"jetpack_sharing_enabled":true,"_links":{"self":[{"href":"https:\/\/partijhandeldhz.nl\/de\/wp-json\/wp\/v2\/product\/18305","targetHints":{"allow":["GET"]}}],"collection":[{"href":"https:\/\/partijhandeldhz.nl\/de\/wp-json\/wp\/v2\/product"}],"about":[{"href":"https:\/\/partijhandeldhz.nl\/de\/wp-json\/wp\/v2\/types\/product"}],"version-history":[{"count":0,"href":"https:\/\/partijhandeldhz.nl\/de\/wp-json\/wp\/v2\/product\/18305\/revisions"}],"wp:featuredmedia":[{"embeddable":true,"href":"https:\/\/partijhandeldhz.nl\/de\/wp-json\/wp\/v2\/media\/18093"}],"wp:attachment":[{"href":"https:\/\/partijhandeldhz.nl\/de\/wp-json\/wp\/v2\/media?parent=18305"}],"wp:term":[{"taxonomy":"product_brand","embeddable":true,"href":"https:\/\/partijhandeldhz.nl\/de\/wp-json\/wp\/v2\/product_brand?post=18305"},{"taxonomy":"product_cat","embeddable":true,"href":"https:\/\/partijhandeldhz.nl\/de\/wp-json\/wp\/v2\/product_cat?post=18305"},{"taxonomy":"product_tag","embeddable":true,"href":"https:\/\/partijhandeldhz.nl\/de\/wp-json\/wp\/v2\/product_tag?post=18305"}],"curies":[{"name":"wp","href":"https:\/\/api.w.org\/{rel}","templated":true}]}}