{"id":18300,"date":"2026-03-04T08:38:23","date_gmt":"2026-03-04T08:38:23","guid":{"rendered":"https:\/\/partijhandeldhz.nl\/product\/combisystem-handrechen-herzfoermiger-2-zahn\/"},"modified":"2026-03-04T08:38:23","modified_gmt":"2026-03-04T08:38:23","slug":"combisystem-handrechen-herzfoermiger-2-zahn","status":"publish","type":"product","link":"https:\/\/partijhandeldhz.nl\/de\/produkt\/combisystem-handrechen-herzfoermiger-2-zahn\/","title":{"rendered":"Combisystem Handrechen Herzf\u00f6rmiger 2-Zahn"},"content":{"rendered":"<p data-start=\"658\" data-end=\"928\">Mit dem herzf\u00f6rmigen 2-zahnigen Handrechen Gardena Combisystem k\u00f6nnen Sie den Boden in Beeten, Blumenbeeten und kleinen Gartenbereichen ganz einfach pflegen. Der Handrechen ist ideal, um den Boden zu lockern, zu bel\u00fcften und Unkraut zwischen den Pflanzen zu entfernen. <\/p>\n<p data-start=\"930\" data-end=\"1240\">Dank des praktischen Gardena Combisystem kann dieser Handrechen mit allen Griffen der Combisystem-Reihe kombiniert werden. Die Befestigung ist einfach: Das Werkzeug wird auf den Griff gedr\u00fcckt und fest geschraubt. Dies schafft eine zuverl\u00e4ssige und stabile Verbindung f\u00fcr angenehmes Arbeiten.  <\/p>\n<p data-start=\"1242\" data-end=\"1549\">Der ergonomisch geformte Griff mit integriertem weichem Element ist bequem zu halten und bietet zus\u00e4tzlichen Halt. Das gebogene Ende verhindert, dass das Werkzeug aus der Hand rutscht. F\u00fcr das Arbeiten ohne Biegen kann der Griff entfernt und durch einen Combisystem-Griff oder einen Teleskopgriff ersetzt werden.  <\/p>\n<p data-start=\"1551\" data-end=\"1782\">Der Handrechen hat eine herzf\u00f6rmige Klinge mit zwei Zacken und eine Arbeitsbreite von 6 cm. Das Werkzeug besteht aus hochwertigem Stahl mit einer Duroplast-Beschichtung, die zus\u00e4tzlichen Schutz vor Verschlei\u00df und eine lange Lebensdauer bietet. <\/p>\n<h3 data-start=\"1789\" data-end=\"1820\">Schl\u00fcsselmerkmale<\/h3>\n<ul>\n<li data-start=\"1823\" data-end=\"1838\">Marke: Gardena<\/li>\n<li data-start=\"1841\" data-end=\"1869\">Typ: Combisystem-Handrechen<\/li>\n<li data-start=\"1872\" data-end=\"1914\">Version: Herzf\u00f6rmige Klinge mit 2 Z\u00e4hnen<\/li>\n<li data-start=\"1917\" data-end=\"1936\">Arbeitsbreite: 6 cm<\/li>\n<li data-start=\"1939\" data-end=\"2005\">Anwendung: Erde lockern, Bel\u00fcftung und Unkrautentfernung<\/li>\n<li data-start=\"2008\" data-end=\"2052\">Kompatibel mit: Gardena Combisystem-Polen<\/li>\n<li data-start=\"2055\" data-end=\"2093\">Ergonomischer Griff mit weichem Griff<\/li>\n<li data-start=\"2096\" data-end=\"2130\">Gebogenes Ende f\u00fcr zus\u00e4tzlichen Halt<\/li>\n<li data-start=\"2133\" data-end=\"2163\">Material: Hochwertiger Stahl<\/li>\n<li data-start=\"2166\" data-end=\"2198\">Schutz: Duroplastenbeschichtung<\/li>\n<li data-start=\"2201\" data-end=\"2237\">Garantie: 25 Jahre (nach der Anmeldung)<\/li>\n<li data-start=\"2240\" data-end=\"2267\">EAN-Code: 4078500023382<\/li>\n<\/ul>\n","protected":false},"excerpt":{"rendered":"<p data-start=\"270\" data-end=\"549\">Der herzf\u00f6rmige 2-zahnige Handrechen Gardena Combisystem Hand Rake ist ideal, um den Boden zu lockern und zu bel\u00fcften sowie Unkraut zu entfernen. Dank des Combisystems kann der Handrechen problemlos mit verschiedenen Gardena-Griffen kombiniert werden, um im Garten bequem zu arbeiten. <\/p>\n<p data-start=\"551\" data-end=\"617\"><strong data-start=\"551\" data-end=\"617\"><em data-start=\"553\" data-end=\"615\">Bitte beachten Sie: Dieses Produkt kann nur \u00fcber unseren Webshop bestellt werden.<\/em><\/strong><\/p>\n","protected":false},"featured_media":18004,"template":"","meta":{"_acf_changed":false,"site-sidebar-layout":"default","site-content-layout":"","ast-site-content-layout":"default","site-content-style":"default","site-sidebar-style":"default","ast-global-header-display":"","ast-banner-title-visibility":"","ast-main-header-display":"","ast-hfb-above-header-display":"","ast-hfb-below-header-display":"","ast-hfb-mobile-header-display":"","site-post-title":"","ast-breadcrumbs-content":"","ast-featured-img":"","footer-sml-layout":"","ast-disable-related-posts":"","theme-transparent-header-meta":"default","adv-header-id-meta":"","stick-header-meta":"","header-above-stick-meta":"","header-main-stick-meta":"","header-below-stick-meta":"","astra-migrate-meta-layouts":"default","ast-page-background-enabled":"default","ast-page-background-meta":{"desktop":{"background-color":"","background-image":"","background-repeat":"repeat","background-position":"center center","background-size":"auto","background-attachment":"scroll","background-type":"","background-media":"","overlay-type":"","overlay-color":"","overlay-opacity":"","overlay-gradient":""},"tablet":{"background-color":"","background-image":"","background-repeat":"repeat","background-position":"center center","background-size":"auto","background-attachment":"scroll","background-type":"","background-media":"","overlay-type":"","overlay-color":"","overlay-opacity":"","overlay-gradient":""},"mobile":{"background-color":"","background-image":"","background-repeat":"repeat","background-position":"center center","background-size":"auto","background-attachment":"scroll","background-type":"","background-media":"","overlay-type":"","overlay-color":"","overlay-opacity":"","overlay-gradient":""}},"ast-content-background-meta":{"desktop":{"background-color":"var(--ast-global-color-5)","background-image":"","background-repeat":"repeat","background-position":"center center","background-size":"auto","background-attachment":"scroll","background-type":"","background-media":"","overlay-type":"","overlay-color":"","overlay-opacity":"","overlay-gradient":""},"tablet":{"background-color":"var(--ast-global-color-5)","background-image":"","background-repeat":"repeat","background-position":"center center","background-size":"auto","background-attachment":"scroll","background-type":"","background-media":"","overlay-type":"","overlay-color":"","overlay-opacity":"","overlay-gradient":""},"mobile":{"background-color":"var(--ast-global-color-5)","background-image":"","background-repeat":"repeat","background-position":"center center","background-size":"auto","background-attachment":"scroll","background-type":"","background-media":"","overlay-type":"","overlay-color":"","overlay-opacity":"","overlay-gradient":""}}},"product_brand":[],"product_cat":[651,599],"product_tag":[],"class_list":{"0":"post-18300","1":"product","2":"type-product","3":"status-publish","4":"has-post-thumbnail","6":"product_cat-handwerkzeuge","7":"product_cat-postenhandel","8":"pa_merk-gardena","9":"desktop-align-left","10":"tablet-align-left","11":"mobile-align-left","13":"first","14":"instock","15":"taxable","16":"shipping-taxable","17":"purchasable","18":"product-type-simple"},"acf":[],"yoast_head":"<!-- This site is optimized with the Yoast SEO plugin v27.5 - https:\/\/yoast.com\/product\/yoast-seo-wordpress\/ -->\n<title>Combisystem Handrechen Herzf\u00f6rmiger 2-Zahn - DHZ Outlet &amp; Partijhandel<\/title>\n<meta name=\"robots\" content=\"index, follow, max-snippet:-1, max-image-preview:large, max-video-preview:-1\" \/>\n<link rel=\"canonical\" href=\"https:\/\/partijhandeldhz.nl\/de\/produkt\/combisystem-handrechen-herzfoermiger-2-zahn\/\" \/>\n<meta property=\"og:locale\" content=\"de_DE\" \/>\n<meta property=\"og:type\" content=\"article\" \/>\n<meta property=\"og:title\" content=\"Combisystem Handrechen Herzf\u00f6rmiger 2-Zahn - DHZ Outlet &amp; Partijhandel\" \/>\n<meta property=\"og:description\" content=\"Der herzf\u00f6rmige 2-zahnige Handrechen Gardena Combisystem Hand Rake ist ideal, um den Boden zu lockern und zu bel\u00fcften sowie Unkraut zu entfernen. Dank des Combisystems kann der Handrechen problemlos mit verschiedenen Gardena-Griffen kombiniert werden, um im Garten bequem zu arbeiten. Bitte beachten Sie: Dieses Produkt kann nur \u00fcber unseren Webshop bestellt werden.\" \/>\n<meta property=\"og:url\" content=\"https:\/\/partijhandeldhz.nl\/de\/produkt\/combisystem-handrechen-herzfoermiger-2-zahn\/\" \/>\n<meta property=\"og:site_name\" content=\"DHZ Outlet &amp; Partijhandel\" \/>\n<meta property=\"article:publisher\" content=\"https:\/\/www.facebook.com\/people\/Partijhandel-DHZ\/61573487458594\/\" \/>\n<meta property=\"og:image\" content=\"https:\/\/partijhandeldhz.nl\/wp-content\/uploads\/2026\/03\/Afbeelding-1-7.jpg\" \/>\n\t<meta property=\"og:image:width\" content=\"1000\" \/>\n\t<meta property=\"og:image:height\" content=\"1000\" \/>\n\t<meta property=\"og:image:type\" content=\"image\/jpeg\" \/>\n<meta name=\"twitter:card\" content=\"summary_large_image\" \/>\n<meta name=\"twitter:label1\" content=\"Gesch\u00e4tzte Lesezeit\" \/>\n\t<meta name=\"twitter:data1\" content=\"1\u00a0Minute\" \/>\n<script type=\"application\/ld+json\" class=\"yoast-schema-graph\">{\"@context\":\"https:\\\/\\\/schema.org\",\"@graph\":[{\"@type\":\"WebPage\",\"@id\":\"https:\\\/\\\/partijhandeldhz.nl\\\/de\\\/produkt\\\/combisystem-handrechen-herzfoermiger-2-zahn\\\/\",\"url\":\"https:\\\/\\\/partijhandeldhz.nl\\\/de\\\/produkt\\\/combisystem-handrechen-herzfoermiger-2-zahn\\\/\",\"name\":\"Combisystem Handrechen Herzf\u00f6rmiger 2-Zahn - DHZ Outlet &amp; Partijhandel\",\"isPartOf\":{\"@id\":\"https:\\\/\\\/partijhandeldhz.nl\\\/de\\\/#website\"},\"primaryImageOfPage\":{\"@id\":\"https:\\\/\\\/partijhandeldhz.nl\\\/de\\\/produkt\\\/combisystem-handrechen-herzfoermiger-2-zahn\\\/#primaryimage\"},\"image\":{\"@id\":\"https:\\\/\\\/partijhandeldhz.nl\\\/de\\\/produkt\\\/combisystem-handrechen-herzfoermiger-2-zahn\\\/#primaryimage\"},\"thumbnailUrl\":\"https:\\\/\\\/partijhandeldhz.nl\\\/wp-content\\\/uploads\\\/2026\\\/03\\\/Afbeelding-1-7.jpg\",\"datePublished\":\"2026-03-04T08:38:23+00:00\",\"breadcrumb\":{\"@id\":\"https:\\\/\\\/partijhandeldhz.nl\\\/de\\\/produkt\\\/combisystem-handrechen-herzfoermiger-2-zahn\\\/#breadcrumb\"},\"inLanguage\":\"de\",\"potentialAction\":[{\"@type\":\"ReadAction\",\"target\":[\"https:\\\/\\\/partijhandeldhz.nl\\\/de\\\/produkt\\\/combisystem-handrechen-herzfoermiger-2-zahn\\\/\"]}]},{\"@type\":\"ImageObject\",\"inLanguage\":\"de\",\"@id\":\"https:\\\/\\\/partijhandeldhz.nl\\\/de\\\/produkt\\\/combisystem-handrechen-herzfoermiger-2-zahn\\\/#primaryimage\",\"url\":\"https:\\\/\\\/partijhandeldhz.nl\\\/wp-content\\\/uploads\\\/2026\\\/03\\\/Afbeelding-1-7.jpg\",\"contentUrl\":\"https:\\\/\\\/partijhandeldhz.nl\\\/wp-content\\\/uploads\\\/2026\\\/03\\\/Afbeelding-1-7.jpg\",\"width\":1000,\"height\":1000},{\"@type\":\"BreadcrumbList\",\"@id\":\"https:\\\/\\\/partijhandeldhz.nl\\\/de\\\/produkt\\\/combisystem-handrechen-herzfoermiger-2-zahn\\\/#breadcrumb\",\"itemListElement\":[{\"@type\":\"ListItem\",\"position\":1,\"name\":\"Home\",\"item\":\"https:\\\/\\\/partijhandeldhz.nl\\\/de\\\/\"},{\"@type\":\"ListItem\",\"position\":2,\"name\":\"Shop\",\"item\":\"https:\\\/\\\/partijhandeldhz.nl\\\/de\\\/shop\\\/\"},{\"@type\":\"ListItem\",\"position\":3,\"name\":\"Combisystem Handrechen Herzf\u00f6rmiger 2-Zahn\"}]},{\"@type\":\"WebSite\",\"@id\":\"https:\\\/\\\/partijhandeldhz.nl\\\/de\\\/#website\",\"url\":\"https:\\\/\\\/partijhandeldhz.nl\\\/de\\\/\",\"name\":\"DHZ Outlet & Partijhandel\",\"description\":\"Grote en kleine partijen, altijd de scherpste prijs!\",\"publisher\":{\"@id\":\"https:\\\/\\\/partijhandeldhz.nl\\\/de\\\/#organization\"},\"potentialAction\":[{\"@type\":\"SearchAction\",\"target\":{\"@type\":\"EntryPoint\",\"urlTemplate\":\"https:\\\/\\\/partijhandeldhz.nl\\\/de\\\/?s={search_term_string}\"},\"query-input\":{\"@type\":\"PropertyValueSpecification\",\"valueRequired\":true,\"valueName\":\"search_term_string\"}}],\"inLanguage\":\"de\"},{\"@type\":\"Organization\",\"@id\":\"https:\\\/\\\/partijhandeldhz.nl\\\/de\\\/#organization\",\"name\":\"DHZ Outlet & Partijhandel\",\"url\":\"https:\\\/\\\/partijhandeldhz.nl\\\/de\\\/\",\"logo\":{\"@type\":\"ImageObject\",\"inLanguage\":\"de\",\"@id\":\"https:\\\/\\\/partijhandeldhz.nl\\\/de\\\/#\\\/schema\\\/logo\\\/image\\\/\",\"url\":\"https:\\\/\\\/partijhandeldhz.nl\\\/wp-content\\\/uploads\\\/2025\\\/03\\\/1.png\",\"contentUrl\":\"https:\\\/\\\/partijhandeldhz.nl\\\/wp-content\\\/uploads\\\/2025\\\/03\\\/1.png\",\"width\":1000,\"height\":500,\"caption\":\"DHZ Outlet & Partijhandel\"},\"image\":{\"@id\":\"https:\\\/\\\/partijhandeldhz.nl\\\/de\\\/#\\\/schema\\\/logo\\\/image\\\/\"},\"sameAs\":[\"https:\\\/\\\/www.facebook.com\\\/people\\\/Partijhandel-DHZ\\\/61573487458594\\\/\",\"https:\\\/\\\/www.instagram.com\\\/partijhandeldhz\\\/\"]}]}<\/script>\n<!-- \/ Yoast SEO plugin. -->","yoast_head_json":{"title":"Combisystem Handrechen Herzf\u00f6rmiger 2-Zahn - DHZ Outlet &amp; Partijhandel","robots":{"index":"index","follow":"follow","max-snippet":"max-snippet:-1","max-image-preview":"max-image-preview:large","max-video-preview":"max-video-preview:-1"},"canonical":"https:\/\/partijhandeldhz.nl\/de\/produkt\/combisystem-handrechen-herzfoermiger-2-zahn\/","og_locale":"de_DE","og_type":"article","og_title":"Combisystem Handrechen Herzf\u00f6rmiger 2-Zahn - DHZ Outlet &amp; Partijhandel","og_description":"Der herzf\u00f6rmige 2-zahnige Handrechen Gardena Combisystem Hand Rake ist ideal, um den Boden zu lockern und zu bel\u00fcften sowie Unkraut zu entfernen. Dank des Combisystems kann der Handrechen problemlos mit verschiedenen Gardena-Griffen kombiniert werden, um im Garten bequem zu arbeiten. Bitte beachten Sie: Dieses Produkt kann nur \u00fcber unseren Webshop bestellt werden.","og_url":"https:\/\/partijhandeldhz.nl\/de\/produkt\/combisystem-handrechen-herzfoermiger-2-zahn\/","og_site_name":"DHZ Outlet &amp; Partijhandel","article_publisher":"https:\/\/www.facebook.com\/people\/Partijhandel-DHZ\/61573487458594\/","og_image":[{"width":1000,"height":1000,"url":"https:\/\/partijhandeldhz.nl\/wp-content\/uploads\/2026\/03\/Afbeelding-1-7.jpg","type":"image\/jpeg"}],"twitter_card":"summary_large_image","twitter_misc":{"Gesch\u00e4tzte Lesezeit":"1\u00a0Minute"},"schema":{"@context":"https:\/\/schema.org","@graph":[{"@type":"WebPage","@id":"https:\/\/partijhandeldhz.nl\/de\/produkt\/combisystem-handrechen-herzfoermiger-2-zahn\/","url":"https:\/\/partijhandeldhz.nl\/de\/produkt\/combisystem-handrechen-herzfoermiger-2-zahn\/","name":"Combisystem Handrechen Herzf\u00f6rmiger 2-Zahn - DHZ Outlet &amp; Partijhandel","isPartOf":{"@id":"https:\/\/partijhandeldhz.nl\/de\/#website"},"primaryImageOfPage":{"@id":"https:\/\/partijhandeldhz.nl\/de\/produkt\/combisystem-handrechen-herzfoermiger-2-zahn\/#primaryimage"},"image":{"@id":"https:\/\/partijhandeldhz.nl\/de\/produkt\/combisystem-handrechen-herzfoermiger-2-zahn\/#primaryimage"},"thumbnailUrl":"https:\/\/partijhandeldhz.nl\/wp-content\/uploads\/2026\/03\/Afbeelding-1-7.jpg","datePublished":"2026-03-04T08:38:23+00:00","breadcrumb":{"@id":"https:\/\/partijhandeldhz.nl\/de\/produkt\/combisystem-handrechen-herzfoermiger-2-zahn\/#breadcrumb"},"inLanguage":"de","potentialAction":[{"@type":"ReadAction","target":["https:\/\/partijhandeldhz.nl\/de\/produkt\/combisystem-handrechen-herzfoermiger-2-zahn\/"]}]},{"@type":"ImageObject","inLanguage":"de","@id":"https:\/\/partijhandeldhz.nl\/de\/produkt\/combisystem-handrechen-herzfoermiger-2-zahn\/#primaryimage","url":"https:\/\/partijhandeldhz.nl\/wp-content\/uploads\/2026\/03\/Afbeelding-1-7.jpg","contentUrl":"https:\/\/partijhandeldhz.nl\/wp-content\/uploads\/2026\/03\/Afbeelding-1-7.jpg","width":1000,"height":1000},{"@type":"BreadcrumbList","@id":"https:\/\/partijhandeldhz.nl\/de\/produkt\/combisystem-handrechen-herzfoermiger-2-zahn\/#breadcrumb","itemListElement":[{"@type":"ListItem","position":1,"name":"Home","item":"https:\/\/partijhandeldhz.nl\/de\/"},{"@type":"ListItem","position":2,"name":"Shop","item":"https:\/\/partijhandeldhz.nl\/de\/shop\/"},{"@type":"ListItem","position":3,"name":"Combisystem Handrechen Herzf\u00f6rmiger 2-Zahn"}]},{"@type":"WebSite","@id":"https:\/\/partijhandeldhz.nl\/de\/#website","url":"https:\/\/partijhandeldhz.nl\/de\/","name":"DHZ Outlet & Partijhandel","description":"Grote en kleine partijen, altijd de scherpste prijs!","publisher":{"@id":"https:\/\/partijhandeldhz.nl\/de\/#organization"},"potentialAction":[{"@type":"SearchAction","target":{"@type":"EntryPoint","urlTemplate":"https:\/\/partijhandeldhz.nl\/de\/?s={search_term_string}"},"query-input":{"@type":"PropertyValueSpecification","valueRequired":true,"valueName":"search_term_string"}}],"inLanguage":"de"},{"@type":"Organization","@id":"https:\/\/partijhandeldhz.nl\/de\/#organization","name":"DHZ Outlet & Partijhandel","url":"https:\/\/partijhandeldhz.nl\/de\/","logo":{"@type":"ImageObject","inLanguage":"de","@id":"https:\/\/partijhandeldhz.nl\/de\/#\/schema\/logo\/image\/","url":"https:\/\/partijhandeldhz.nl\/wp-content\/uploads\/2025\/03\/1.png","contentUrl":"https:\/\/partijhandeldhz.nl\/wp-content\/uploads\/2025\/03\/1.png","width":1000,"height":500,"caption":"DHZ Outlet & Partijhandel"},"image":{"@id":"https:\/\/partijhandeldhz.nl\/de\/#\/schema\/logo\/image\/"},"sameAs":["https:\/\/www.facebook.com\/people\/Partijhandel-DHZ\/61573487458594\/","https:\/\/www.instagram.com\/partijhandeldhz\/"]}]}},"jetpack_sharing_enabled":true,"_links":{"self":[{"href":"https:\/\/partijhandeldhz.nl\/de\/wp-json\/wp\/v2\/product\/18300","targetHints":{"allow":["GET"]}}],"collection":[{"href":"https:\/\/partijhandeldhz.nl\/de\/wp-json\/wp\/v2\/product"}],"about":[{"href":"https:\/\/partijhandeldhz.nl\/de\/wp-json\/wp\/v2\/types\/product"}],"version-history":[{"count":0,"href":"https:\/\/partijhandeldhz.nl\/de\/wp-json\/wp\/v2\/product\/18300\/revisions"}],"wp:featuredmedia":[{"embeddable":true,"href":"https:\/\/partijhandeldhz.nl\/de\/wp-json\/wp\/v2\/media\/18004"}],"wp:attachment":[{"href":"https:\/\/partijhandeldhz.nl\/de\/wp-json\/wp\/v2\/media?parent=18300"}],"wp:term":[{"taxonomy":"product_brand","embeddable":true,"href":"https:\/\/partijhandeldhz.nl\/de\/wp-json\/wp\/v2\/product_brand?post=18300"},{"taxonomy":"product_cat","embeddable":true,"href":"https:\/\/partijhandeldhz.nl\/de\/wp-json\/wp\/v2\/product_cat?post=18300"},{"taxonomy":"product_tag","embeddable":true,"href":"https:\/\/partijhandeldhz.nl\/de\/wp-json\/wp\/v2\/product_tag?post=18300"}],"curies":[{"name":"wp","href":"https:\/\/api.w.org\/{rel}","templated":true}]}}