{"id":18296,"date":"2026-03-04T08:12:50","date_gmt":"2026-03-04T08:12:50","guid":{"rendered":"https:\/\/partijhandeldhz.nl\/product\/wartungs-und-reinigungsset-fuer-robotische-rasenmaeher\/"},"modified":"2026-03-04T08:12:50","modified_gmt":"2026-03-04T08:12:50","slug":"wartungs-und-reinigungsset-fuer-robotische-rasenmaeher","status":"publish","type":"product","link":"https:\/\/partijhandeldhz.nl\/de\/produkt\/wartungs-und-reinigungsset-fuer-robotische-rasenmaeher\/","title":{"rendered":"Wartungs- und Reinigungsset f\u00fcr robotische Rasenm\u00e4her"},"content":{"rendered":"<p data-start=\"662\" data-end=\"905\">Mit dem Gardena Maintenance and Cleaning Set f\u00fcr robotische Rasenm\u00e4her k\u00f6nnen Sie Ihren robotischen Rasenm\u00e4her einfach und effektiv warten. Regelm\u00e4\u00dfige Reinigung und Wartung sorgen daf\u00fcr, dass der Roboterrasenm\u00e4her weiterhin optimal funktioniert und eine l\u00e4ngere Lebensdauer hat. <\/p>\n<p data-start=\"907\" data-end=\"1169\">Das Set enth\u00e4lt eine spezielle Reinigungsunterlage, mit der Schmutz und Grasr\u00fcckst\u00e4nde leicht entfernt werden k\u00f6nnen. Zus\u00e4tzlich sind zwei verschiedene B\u00fcrsten enthalten, um sowohl gr\u00f6\u00dferen als auch feinen Schmutz zu reinigen, zum Beispiel um die Klingen und unter dem M\u00e4her. <\/p>\n<p data-start=\"1171\" data-end=\"1449\">Das mitgelieferte Reinigungsspray hilft, hartn\u00e4ckigen Schmutz zu l\u00f6sen und sorgt f\u00fcr eine gr\u00fcndliche Reinigung des robotischen Rasenm\u00e4hers. Der spezielle Schraubendreher erleichtert den Austausch der Klingen, sodass das M\u00e4herblatt immer scharf bleibt und der Rasen ordentlich gem\u00e4ht wird. <\/p>\n<p data-start=\"1451\" data-end=\"1614\">Dieses Wartungsset ist ein praktisches Zubeh\u00f6r f\u00fcr die Wartung von Gardena-Roboterrasenm\u00e4hern und hilft, die Leistung und Zuverl\u00e4ssigkeit des M\u00e4hers zu erhalten.<\/p>\n<h3 data-start=\"1621\" data-end=\"1652\">Schl\u00fcsselmerkmale<\/h3>\n<ul>\n<li data-start=\"1655\" data-end=\"1670\">Marke: Gardena<\/li>\n<li data-start=\"1673\" data-end=\"1727\">Typ: Wartungs- und Reinigungsset f\u00fcr robotische Rasenm\u00e4her<\/li>\n<li data-start=\"1730\" data-end=\"1783\">Anwendung: Reinigung und Wartung von robotischen Rasenm\u00e4hern<\/li>\n<li data-start=\"1786\" data-end=\"1811\">Beinhaltet Reinigungspolster<\/li>\n<li data-start=\"1814\" data-end=\"1849\">Enth\u00e4lt zwei Reinigungsb\u00fcrsten<\/li>\n<li data-start=\"1852\" data-end=\"1879\">Reinigungsspray enthalten<\/li>\n<li data-start=\"1882\" data-end=\"1931\">Beinhaltet speziellen Schraubendreher f\u00fcr Messer<\/li>\n<li data-start=\"1934\" data-end=\"1967\">Ideal f\u00fcr periodische Wartung<\/li>\n<li data-start=\"1970\" data-end=\"1997\">EAN-Code: 4078500024969<\/li>\n<\/ul>\n","protected":false},"excerpt":{"rendered":"<p data-start=\"270\" data-end=\"553\">Das Gardena Wartungs- und Reinigungsset f\u00fcr robotische Rasenm\u00e4her enth\u00e4lt alle notwendigen Dinge, um Ihren robotischen Rasenm\u00e4her sauber und in optimalem Zustand zu halten. Das Set besteht aus einer Reinigungsmatte, zwei B\u00fcrsten, einem Reinigungsspray und einem speziellen Schraubendreher zum Klingenwechsel. <\/p>\n<p data-start=\"555\" data-end=\"621\"><strong data-start=\"555\" data-end=\"621\"><em data-start=\"557\" data-end=\"619\">Bitte beachten Sie: Dieses Produkt kann nur \u00fcber unseren Webshop bestellt werden.<\/em><\/strong><\/p>\n","protected":false},"featured_media":17981,"template":"","meta":{"_acf_changed":false,"site-sidebar-layout":"default","site-content-layout":"","ast-site-content-layout":"default","site-content-style":"default","site-sidebar-style":"default","ast-global-header-display":"","ast-banner-title-visibility":"","ast-main-header-display":"","ast-hfb-above-header-display":"","ast-hfb-below-header-display":"","ast-hfb-mobile-header-display":"","site-post-title":"","ast-breadcrumbs-content":"","ast-featured-img":"","footer-sml-layout":"","ast-disable-related-posts":"","theme-transparent-header-meta":"default","adv-header-id-meta":"","stick-header-meta":"","header-above-stick-meta":"","header-main-stick-meta":"","header-below-stick-meta":"","astra-migrate-meta-layouts":"default","ast-page-background-enabled":"default","ast-page-background-meta":{"desktop":{"background-color":"","background-image":"","background-repeat":"repeat","background-position":"center center","background-size":"auto","background-attachment":"scroll","background-type":"","background-media":"","overlay-type":"","overlay-color":"","overlay-opacity":"","overlay-gradient":""},"tablet":{"background-color":"","background-image":"","background-repeat":"repeat","background-position":"center center","background-size":"auto","background-attachment":"scroll","background-type":"","background-media":"","overlay-type":"","overlay-color":"","overlay-opacity":"","overlay-gradient":""},"mobile":{"background-color":"","background-image":"","background-repeat":"repeat","background-position":"center center","background-size":"auto","background-attachment":"scroll","background-type":"","background-media":"","overlay-type":"","overlay-color":"","overlay-opacity":"","overlay-gradient":""}},"ast-content-background-meta":{"desktop":{"background-color":"var(--ast-global-color-5)","background-image":"","background-repeat":"repeat","background-position":"center center","background-size":"auto","background-attachment":"scroll","background-type":"","background-media":"","overlay-type":"","overlay-color":"","overlay-opacity":"","overlay-gradient":""},"tablet":{"background-color":"var(--ast-global-color-5)","background-image":"","background-repeat":"repeat","background-position":"center center","background-size":"auto","background-attachment":"scroll","background-type":"","background-media":"","overlay-type":"","overlay-color":"","overlay-opacity":"","overlay-gradient":""},"mobile":{"background-color":"var(--ast-global-color-5)","background-image":"","background-repeat":"repeat","background-position":"center center","background-size":"auto","background-attachment":"scroll","background-type":"","background-media":"","overlay-type":"","overlay-color":"","overlay-opacity":"","overlay-gradient":""}}},"product_brand":[],"product_cat":[599,637],"product_tag":[],"class_list":{"0":"post-18296","1":"product","2":"type-product","3":"status-publish","4":"has-post-thumbnail","6":"product_cat-postenhandel","7":"product_cat-zubehor-teile","8":"pa_merk-gardena","9":"desktop-align-left","10":"tablet-align-left","11":"mobile-align-left","13":"first","14":"instock","15":"taxable","16":"shipping-taxable","17":"purchasable","18":"product-type-simple"},"acf":[],"yoast_head":"<!-- This site is optimized with the Yoast SEO plugin v27.5 - https:\/\/yoast.com\/product\/yoast-seo-wordpress\/ -->\n<title>Wartungs- und Reinigungsset f\u00fcr robotische Rasenm\u00e4her - DHZ Outlet &amp; Partijhandel<\/title>\n<meta name=\"robots\" content=\"index, follow, max-snippet:-1, max-image-preview:large, max-video-preview:-1\" \/>\n<link rel=\"canonical\" href=\"https:\/\/partijhandeldhz.nl\/de\/produkt\/wartungs-und-reinigungsset-fuer-robotische-rasenmaeher\/\" \/>\n<meta property=\"og:locale\" content=\"de_DE\" \/>\n<meta property=\"og:type\" content=\"article\" \/>\n<meta property=\"og:title\" content=\"Wartungs- und Reinigungsset f\u00fcr robotische Rasenm\u00e4her - DHZ Outlet &amp; Partijhandel\" \/>\n<meta property=\"og:description\" content=\"Das Gardena Wartungs- und Reinigungsset f\u00fcr robotische Rasenm\u00e4her enth\u00e4lt alle notwendigen Dinge, um Ihren robotischen Rasenm\u00e4her sauber und in optimalem Zustand zu halten. Das Set besteht aus einer Reinigungsmatte, zwei B\u00fcrsten, einem Reinigungsspray und einem speziellen Schraubendreher zum Klingenwechsel. Bitte beachten Sie: Dieses Produkt kann nur \u00fcber unseren Webshop bestellt werden.\" \/>\n<meta property=\"og:url\" content=\"https:\/\/partijhandeldhz.nl\/de\/produkt\/wartungs-und-reinigungsset-fuer-robotische-rasenmaeher\/\" \/>\n<meta property=\"og:site_name\" content=\"DHZ Outlet &amp; Partijhandel\" \/>\n<meta property=\"article:publisher\" content=\"https:\/\/www.facebook.com\/people\/Partijhandel-DHZ\/61573487458594\/\" \/>\n<meta property=\"og:image\" content=\"https:\/\/partijhandeldhz.nl\/wp-content\/uploads\/2026\/03\/Afbeelding-1-6.jpg\" \/>\n\t<meta property=\"og:image:width\" content=\"1000\" \/>\n\t<meta property=\"og:image:height\" content=\"1000\" \/>\n\t<meta property=\"og:image:type\" content=\"image\/jpeg\" \/>\n<meta name=\"twitter:card\" content=\"summary_large_image\" \/>\n<meta name=\"twitter:label1\" content=\"Gesch\u00e4tzte Lesezeit\" \/>\n\t<meta name=\"twitter:data1\" content=\"1\u00a0Minute\" \/>\n<script type=\"application\/ld+json\" class=\"yoast-schema-graph\">{\"@context\":\"https:\\\/\\\/schema.org\",\"@graph\":[{\"@type\":\"WebPage\",\"@id\":\"https:\\\/\\\/partijhandeldhz.nl\\\/de\\\/produkt\\\/wartungs-und-reinigungsset-fuer-robotische-rasenmaeher\\\/\",\"url\":\"https:\\\/\\\/partijhandeldhz.nl\\\/de\\\/produkt\\\/wartungs-und-reinigungsset-fuer-robotische-rasenmaeher\\\/\",\"name\":\"Wartungs- und Reinigungsset f\u00fcr robotische Rasenm\u00e4her - DHZ Outlet &amp; Partijhandel\",\"isPartOf\":{\"@id\":\"https:\\\/\\\/partijhandeldhz.nl\\\/de\\\/#website\"},\"primaryImageOfPage\":{\"@id\":\"https:\\\/\\\/partijhandeldhz.nl\\\/de\\\/produkt\\\/wartungs-und-reinigungsset-fuer-robotische-rasenmaeher\\\/#primaryimage\"},\"image\":{\"@id\":\"https:\\\/\\\/partijhandeldhz.nl\\\/de\\\/produkt\\\/wartungs-und-reinigungsset-fuer-robotische-rasenmaeher\\\/#primaryimage\"},\"thumbnailUrl\":\"https:\\\/\\\/partijhandeldhz.nl\\\/wp-content\\\/uploads\\\/2026\\\/03\\\/Afbeelding-1-6.jpg\",\"datePublished\":\"2026-03-04T08:12:50+00:00\",\"breadcrumb\":{\"@id\":\"https:\\\/\\\/partijhandeldhz.nl\\\/de\\\/produkt\\\/wartungs-und-reinigungsset-fuer-robotische-rasenmaeher\\\/#breadcrumb\"},\"inLanguage\":\"de\",\"potentialAction\":[{\"@type\":\"ReadAction\",\"target\":[\"https:\\\/\\\/partijhandeldhz.nl\\\/de\\\/produkt\\\/wartungs-und-reinigungsset-fuer-robotische-rasenmaeher\\\/\"]}]},{\"@type\":\"ImageObject\",\"inLanguage\":\"de\",\"@id\":\"https:\\\/\\\/partijhandeldhz.nl\\\/de\\\/produkt\\\/wartungs-und-reinigungsset-fuer-robotische-rasenmaeher\\\/#primaryimage\",\"url\":\"https:\\\/\\\/partijhandeldhz.nl\\\/wp-content\\\/uploads\\\/2026\\\/03\\\/Afbeelding-1-6.jpg\",\"contentUrl\":\"https:\\\/\\\/partijhandeldhz.nl\\\/wp-content\\\/uploads\\\/2026\\\/03\\\/Afbeelding-1-6.jpg\",\"width\":1000,\"height\":1000},{\"@type\":\"BreadcrumbList\",\"@id\":\"https:\\\/\\\/partijhandeldhz.nl\\\/de\\\/produkt\\\/wartungs-und-reinigungsset-fuer-robotische-rasenmaeher\\\/#breadcrumb\",\"itemListElement\":[{\"@type\":\"ListItem\",\"position\":1,\"name\":\"Home\",\"item\":\"https:\\\/\\\/partijhandeldhz.nl\\\/de\\\/\"},{\"@type\":\"ListItem\",\"position\":2,\"name\":\"Shop\",\"item\":\"https:\\\/\\\/partijhandeldhz.nl\\\/de\\\/shop\\\/\"},{\"@type\":\"ListItem\",\"position\":3,\"name\":\"Wartungs- und Reinigungsset f\u00fcr robotische Rasenm\u00e4her\"}]},{\"@type\":\"WebSite\",\"@id\":\"https:\\\/\\\/partijhandeldhz.nl\\\/de\\\/#website\",\"url\":\"https:\\\/\\\/partijhandeldhz.nl\\\/de\\\/\",\"name\":\"DHZ Outlet & Partijhandel\",\"description\":\"Grote en kleine partijen, altijd de scherpste prijs!\",\"publisher\":{\"@id\":\"https:\\\/\\\/partijhandeldhz.nl\\\/de\\\/#organization\"},\"potentialAction\":[{\"@type\":\"SearchAction\",\"target\":{\"@type\":\"EntryPoint\",\"urlTemplate\":\"https:\\\/\\\/partijhandeldhz.nl\\\/de\\\/?s={search_term_string}\"},\"query-input\":{\"@type\":\"PropertyValueSpecification\",\"valueRequired\":true,\"valueName\":\"search_term_string\"}}],\"inLanguage\":\"de\"},{\"@type\":\"Organization\",\"@id\":\"https:\\\/\\\/partijhandeldhz.nl\\\/de\\\/#organization\",\"name\":\"DHZ Outlet & Partijhandel\",\"url\":\"https:\\\/\\\/partijhandeldhz.nl\\\/de\\\/\",\"logo\":{\"@type\":\"ImageObject\",\"inLanguage\":\"de\",\"@id\":\"https:\\\/\\\/partijhandeldhz.nl\\\/de\\\/#\\\/schema\\\/logo\\\/image\\\/\",\"url\":\"https:\\\/\\\/partijhandeldhz.nl\\\/wp-content\\\/uploads\\\/2025\\\/03\\\/1.png\",\"contentUrl\":\"https:\\\/\\\/partijhandeldhz.nl\\\/wp-content\\\/uploads\\\/2025\\\/03\\\/1.png\",\"width\":1000,\"height\":500,\"caption\":\"DHZ Outlet & Partijhandel\"},\"image\":{\"@id\":\"https:\\\/\\\/partijhandeldhz.nl\\\/de\\\/#\\\/schema\\\/logo\\\/image\\\/\"},\"sameAs\":[\"https:\\\/\\\/www.facebook.com\\\/people\\\/Partijhandel-DHZ\\\/61573487458594\\\/\",\"https:\\\/\\\/www.instagram.com\\\/partijhandeldhz\\\/\"]}]}<\/script>\n<!-- \/ Yoast SEO plugin. -->","yoast_head_json":{"title":"Wartungs- und Reinigungsset f\u00fcr robotische Rasenm\u00e4her - DHZ Outlet &amp; Partijhandel","robots":{"index":"index","follow":"follow","max-snippet":"max-snippet:-1","max-image-preview":"max-image-preview:large","max-video-preview":"max-video-preview:-1"},"canonical":"https:\/\/partijhandeldhz.nl\/de\/produkt\/wartungs-und-reinigungsset-fuer-robotische-rasenmaeher\/","og_locale":"de_DE","og_type":"article","og_title":"Wartungs- und Reinigungsset f\u00fcr robotische Rasenm\u00e4her - DHZ Outlet &amp; Partijhandel","og_description":"Das Gardena Wartungs- und Reinigungsset f\u00fcr robotische Rasenm\u00e4her enth\u00e4lt alle notwendigen Dinge, um Ihren robotischen Rasenm\u00e4her sauber und in optimalem Zustand zu halten. Das Set besteht aus einer Reinigungsmatte, zwei B\u00fcrsten, einem Reinigungsspray und einem speziellen Schraubendreher zum Klingenwechsel. Bitte beachten Sie: Dieses Produkt kann nur \u00fcber unseren Webshop bestellt werden.","og_url":"https:\/\/partijhandeldhz.nl\/de\/produkt\/wartungs-und-reinigungsset-fuer-robotische-rasenmaeher\/","og_site_name":"DHZ Outlet &amp; Partijhandel","article_publisher":"https:\/\/www.facebook.com\/people\/Partijhandel-DHZ\/61573487458594\/","og_image":[{"width":1000,"height":1000,"url":"https:\/\/partijhandeldhz.nl\/wp-content\/uploads\/2026\/03\/Afbeelding-1-6.jpg","type":"image\/jpeg"}],"twitter_card":"summary_large_image","twitter_misc":{"Gesch\u00e4tzte Lesezeit":"1\u00a0Minute"},"schema":{"@context":"https:\/\/schema.org","@graph":[{"@type":"WebPage","@id":"https:\/\/partijhandeldhz.nl\/de\/produkt\/wartungs-und-reinigungsset-fuer-robotische-rasenmaeher\/","url":"https:\/\/partijhandeldhz.nl\/de\/produkt\/wartungs-und-reinigungsset-fuer-robotische-rasenmaeher\/","name":"Wartungs- und Reinigungsset f\u00fcr robotische Rasenm\u00e4her - DHZ Outlet &amp; Partijhandel","isPartOf":{"@id":"https:\/\/partijhandeldhz.nl\/de\/#website"},"primaryImageOfPage":{"@id":"https:\/\/partijhandeldhz.nl\/de\/produkt\/wartungs-und-reinigungsset-fuer-robotische-rasenmaeher\/#primaryimage"},"image":{"@id":"https:\/\/partijhandeldhz.nl\/de\/produkt\/wartungs-und-reinigungsset-fuer-robotische-rasenmaeher\/#primaryimage"},"thumbnailUrl":"https:\/\/partijhandeldhz.nl\/wp-content\/uploads\/2026\/03\/Afbeelding-1-6.jpg","datePublished":"2026-03-04T08:12:50+00:00","breadcrumb":{"@id":"https:\/\/partijhandeldhz.nl\/de\/produkt\/wartungs-und-reinigungsset-fuer-robotische-rasenmaeher\/#breadcrumb"},"inLanguage":"de","potentialAction":[{"@type":"ReadAction","target":["https:\/\/partijhandeldhz.nl\/de\/produkt\/wartungs-und-reinigungsset-fuer-robotische-rasenmaeher\/"]}]},{"@type":"ImageObject","inLanguage":"de","@id":"https:\/\/partijhandeldhz.nl\/de\/produkt\/wartungs-und-reinigungsset-fuer-robotische-rasenmaeher\/#primaryimage","url":"https:\/\/partijhandeldhz.nl\/wp-content\/uploads\/2026\/03\/Afbeelding-1-6.jpg","contentUrl":"https:\/\/partijhandeldhz.nl\/wp-content\/uploads\/2026\/03\/Afbeelding-1-6.jpg","width":1000,"height":1000},{"@type":"BreadcrumbList","@id":"https:\/\/partijhandeldhz.nl\/de\/produkt\/wartungs-und-reinigungsset-fuer-robotische-rasenmaeher\/#breadcrumb","itemListElement":[{"@type":"ListItem","position":1,"name":"Home","item":"https:\/\/partijhandeldhz.nl\/de\/"},{"@type":"ListItem","position":2,"name":"Shop","item":"https:\/\/partijhandeldhz.nl\/de\/shop\/"},{"@type":"ListItem","position":3,"name":"Wartungs- und Reinigungsset f\u00fcr robotische Rasenm\u00e4her"}]},{"@type":"WebSite","@id":"https:\/\/partijhandeldhz.nl\/de\/#website","url":"https:\/\/partijhandeldhz.nl\/de\/","name":"DHZ Outlet & Partijhandel","description":"Grote en kleine partijen, altijd de scherpste prijs!","publisher":{"@id":"https:\/\/partijhandeldhz.nl\/de\/#organization"},"potentialAction":[{"@type":"SearchAction","target":{"@type":"EntryPoint","urlTemplate":"https:\/\/partijhandeldhz.nl\/de\/?s={search_term_string}"},"query-input":{"@type":"PropertyValueSpecification","valueRequired":true,"valueName":"search_term_string"}}],"inLanguage":"de"},{"@type":"Organization","@id":"https:\/\/partijhandeldhz.nl\/de\/#organization","name":"DHZ Outlet & Partijhandel","url":"https:\/\/partijhandeldhz.nl\/de\/","logo":{"@type":"ImageObject","inLanguage":"de","@id":"https:\/\/partijhandeldhz.nl\/de\/#\/schema\/logo\/image\/","url":"https:\/\/partijhandeldhz.nl\/wp-content\/uploads\/2025\/03\/1.png","contentUrl":"https:\/\/partijhandeldhz.nl\/wp-content\/uploads\/2025\/03\/1.png","width":1000,"height":500,"caption":"DHZ Outlet & Partijhandel"},"image":{"@id":"https:\/\/partijhandeldhz.nl\/de\/#\/schema\/logo\/image\/"},"sameAs":["https:\/\/www.facebook.com\/people\/Partijhandel-DHZ\/61573487458594\/","https:\/\/www.instagram.com\/partijhandeldhz\/"]}]}},"jetpack_sharing_enabled":true,"_links":{"self":[{"href":"https:\/\/partijhandeldhz.nl\/de\/wp-json\/wp\/v2\/product\/18296","targetHints":{"allow":["GET"]}}],"collection":[{"href":"https:\/\/partijhandeldhz.nl\/de\/wp-json\/wp\/v2\/product"}],"about":[{"href":"https:\/\/partijhandeldhz.nl\/de\/wp-json\/wp\/v2\/types\/product"}],"version-history":[{"count":0,"href":"https:\/\/partijhandeldhz.nl\/de\/wp-json\/wp\/v2\/product\/18296\/revisions"}],"wp:featuredmedia":[{"embeddable":true,"href":"https:\/\/partijhandeldhz.nl\/de\/wp-json\/wp\/v2\/media\/17981"}],"wp:attachment":[{"href":"https:\/\/partijhandeldhz.nl\/de\/wp-json\/wp\/v2\/media?parent=18296"}],"wp:term":[{"taxonomy":"product_brand","embeddable":true,"href":"https:\/\/partijhandeldhz.nl\/de\/wp-json\/wp\/v2\/product_brand?post=18296"},{"taxonomy":"product_cat","embeddable":true,"href":"https:\/\/partijhandeldhz.nl\/de\/wp-json\/wp\/v2\/product_cat?post=18296"},{"taxonomy":"product_tag","embeddable":true,"href":"https:\/\/partijhandeldhz.nl\/de\/wp-json\/wp\/v2\/product_tag?post=18296"}],"curies":[{"name":"wp","href":"https:\/\/api.w.org\/{rel}","templated":true}]}}