{"id":18290,"date":"2026-03-03T15:08:13","date_gmt":"2026-03-03T15:08:13","guid":{"rendered":"https:\/\/partijhandeldhz.nl\/product\/combisystem-buegelsaege\/"},"modified":"2026-03-03T15:08:13","modified_gmt":"2026-03-03T15:08:13","slug":"combisystem-buegelsaege","status":"publish","type":"product","link":"https:\/\/partijhandeldhz.nl\/de\/produkt\/combisystem-buegelsaege\/","title":{"rendered":"Combisystem-B\u00fcgels\u00e4ge"},"content":{"rendered":"<p data-start=\"749\" data-end=\"1069\">Mit der Gardena Combisystem B\u00fcgels\u00e4ge haben Sie eine leistungsstarke und flexible S\u00e4gel\u00f6sung zum Schneiden von \u00c4sten und Holz. Diese B\u00fcgels\u00e4ge kann sowohl als eigenst\u00e4ndige Hands\u00e4ge als auch in Kombination mit einem GARDENA Combisystem-Griff verwendet werden, sodass sie in H\u00f6hen von bis zu etwa 5 Metern arbeiten kann. <\/p>\n<p data-start=\"1071\" data-end=\"1374\">Das 360\u00b0 rotierende S\u00e4geblatt macht es einfach, in verschiedenen Winkeln zu arbeiten. Das nicht rotierende Klingenschloss bietet zus\u00e4tzliche Sicherheit w\u00e4hrend der Nutzung. Das geh\u00e4rtete S\u00e4geblatt mit pr\u00e4zisen Z\u00e4hnen und einer L\u00e4nge von 350 mm garantiert einen schnellen und sauberen Schnitt, selbst bei dickeren \u00c4sten.  <\/p>\n<p data-start=\"1376\" data-end=\"1617\">Die Blattspannung l\u00e4sst sich leicht einstellen und die Klemmteile bestehen aus Edelstahl. Das robuste Konsolendesign ist zudem rostbest\u00e4ndig und sorgt f\u00fcr eine lange Lebensdauer auch bei intensiver Nutzung im Garten. <\/p>\n<p data-start=\"1619\" data-end=\"1748\">Diese Combisystem-B\u00fcgels\u00e4ge eignet sich sowohl f\u00fcr private als auch f\u00fcr professionelle G\u00e4rtner, die effizient und sicher arbeiten m\u00f6chten.<\/p>\n<h3 data-start=\"1755\" data-end=\"1786\">Schl\u00fcsselmerkmale<\/h3>\n<ul>\n<li data-start=\"1789\" data-end=\"1804\">Marke: Gardena<\/li>\n<li data-start=\"1807\" data-end=\"1837\">Typ: Combisystem-B\u00fcgels\u00e4ge<\/li>\n<li data-start=\"1840\" data-end=\"1860\">Klingenl\u00e4nge: 350 mm<\/li>\n<li data-start=\"1863\" data-end=\"1900\">S\u00e4geblatt: Geh\u00e4rtet mit pr\u00e4zisen Z\u00e4hnen<\/li>\n<li data-start=\"1903\" data-end=\"1925\">Drehklinge: 360\u00b0<\/li>\n<li data-start=\"1928\" data-end=\"1974\">Sicherung: Nicht rotierender Klingenverschluss<\/li>\n<li data-start=\"1977\" data-end=\"2029\">Geeignet f\u00fcr: Schnitt in H\u00f6hen von ca. 5 Metern<\/li>\n<li data-start=\"2032\" data-end=\"2076\">Kompatibel mit: Gardena Combisystem-Polen<\/li>\n<li data-start=\"2079\" data-end=\"2103\">Rostbest\u00e4ndiges Design<\/li>\n<li data-start=\"2106\" data-end=\"2125\">Gewicht: ca. 1 kg<\/li>\n<li data-start=\"2128\" data-end=\"2155\">EAN-Code: 4078500069106<\/li>\n<\/ul>\n","protected":false},"excerpt":{"rendered":"<p data-start=\"272\" data-end=\"640\">Die Gardena Combisystem B\u00fcgels\u00e4ge ist eine vielseitige S\u00e4ge, die sowohl als Hands\u00e4ge als auch in Kombination mit einem Combisystem-Griff verwendet werden kann. Dank des 360\u00b0 drehbaren S\u00e4geblatts und der Blattl\u00e4nge von 350 mm ist diese B\u00fcgels\u00e4ge ideal f\u00fcr Schnittarbeiten in H\u00f6hen von bis zu etwa 5 Metern. Die geh\u00e4rtete Klinge mit pr\u00e4zisen Z\u00e4hnen sorgt f\u00fcr effiziente und pr\u00e4zise Schnitte.  <\/p>\n<p data-start=\"642\" data-end=\"708\"><strong data-start=\"642\" data-end=\"708\"><em data-start=\"644\" data-end=\"706\">Bitte beachten Sie: Dieses Produkt kann nur \u00fcber unseren Webshop bestellt werden.<\/em><\/strong><\/p>\n","protected":false},"featured_media":17938,"template":"","meta":{"_acf_changed":false,"site-sidebar-layout":"default","site-content-layout":"","ast-site-content-layout":"default","site-content-style":"default","site-sidebar-style":"default","ast-global-header-display":"","ast-banner-title-visibility":"","ast-main-header-display":"","ast-hfb-above-header-display":"","ast-hfb-below-header-display":"","ast-hfb-mobile-header-display":"","site-post-title":"","ast-breadcrumbs-content":"","ast-featured-img":"","footer-sml-layout":"","ast-disable-related-posts":"","theme-transparent-header-meta":"default","adv-header-id-meta":"","stick-header-meta":"","header-above-stick-meta":"","header-main-stick-meta":"","header-below-stick-meta":"","astra-migrate-meta-layouts":"default","ast-page-background-enabled":"default","ast-page-background-meta":{"desktop":{"background-color":"","background-image":"","background-repeat":"repeat","background-position":"center center","background-size":"auto","background-attachment":"scroll","background-type":"","background-media":"","overlay-type":"","overlay-color":"","overlay-opacity":"","overlay-gradient":""},"tablet":{"background-color":"","background-image":"","background-repeat":"repeat","background-position":"center center","background-size":"auto","background-attachment":"scroll","background-type":"","background-media":"","overlay-type":"","overlay-color":"","overlay-opacity":"","overlay-gradient":""},"mobile":{"background-color":"","background-image":"","background-repeat":"repeat","background-position":"center center","background-size":"auto","background-attachment":"scroll","background-type":"","background-media":"","overlay-type":"","overlay-color":"","overlay-opacity":"","overlay-gradient":""}},"ast-content-background-meta":{"desktop":{"background-color":"var(--ast-global-color-5)","background-image":"","background-repeat":"repeat","background-position":"center center","background-size":"auto","background-attachment":"scroll","background-type":"","background-media":"","overlay-type":"","overlay-color":"","overlay-opacity":"","overlay-gradient":""},"tablet":{"background-color":"var(--ast-global-color-5)","background-image":"","background-repeat":"repeat","background-position":"center center","background-size":"auto","background-attachment":"scroll","background-type":"","background-media":"","overlay-type":"","overlay-color":"","overlay-opacity":"","overlay-gradient":""},"mobile":{"background-color":"var(--ast-global-color-5)","background-image":"","background-repeat":"repeat","background-position":"center center","background-size":"auto","background-attachment":"scroll","background-type":"","background-media":"","overlay-type":"","overlay-color":"","overlay-opacity":"","overlay-gradient":""}}},"product_brand":[],"product_cat":[599,733],"product_tag":[],"class_list":{"0":"post-18290","1":"product","2":"type-product","3":"status-publish","4":"has-post-thumbnail","6":"product_cat-postenhandel","7":"product_cat-schnittwerkzeuge","8":"pa_merk-gardena","9":"desktop-align-left","10":"tablet-align-left","11":"mobile-align-left","13":"first","14":"instock","15":"taxable","16":"shipping-taxable","17":"purchasable","18":"product-type-simple"},"acf":[],"yoast_head":"<!-- This site is optimized with the Yoast SEO plugin v27.5 - https:\/\/yoast.com\/product\/yoast-seo-wordpress\/ -->\n<title>Combisystem-B\u00fcgels\u00e4ge - DHZ Outlet &amp; Partijhandel<\/title>\n<meta name=\"robots\" content=\"index, follow, max-snippet:-1, max-image-preview:large, max-video-preview:-1\" \/>\n<link rel=\"canonical\" href=\"https:\/\/partijhandeldhz.nl\/de\/produkt\/combisystem-buegelsaege\/\" \/>\n<meta property=\"og:locale\" content=\"de_DE\" \/>\n<meta property=\"og:type\" content=\"article\" \/>\n<meta property=\"og:title\" content=\"Combisystem-B\u00fcgels\u00e4ge - DHZ Outlet &amp; Partijhandel\" \/>\n<meta property=\"og:description\" content=\"Die Gardena Combisystem B\u00fcgels\u00e4ge ist eine vielseitige S\u00e4ge, die sowohl als Hands\u00e4ge als auch in Kombination mit einem Combisystem-Griff verwendet werden kann. Dank des 360\u00b0 drehbaren S\u00e4geblatts und der Blattl\u00e4nge von 350 mm ist diese B\u00fcgels\u00e4ge ideal f\u00fcr Schnittarbeiten in H\u00f6hen von bis zu etwa 5 Metern. Die geh\u00e4rtete Klinge mit pr\u00e4zisen Z\u00e4hnen sorgt f\u00fcr effiziente und pr\u00e4zise Schnitte.  Bitte beachten Sie: Dieses Produkt kann nur \u00fcber unseren Webshop bestellt werden.\" \/>\n<meta property=\"og:url\" content=\"https:\/\/partijhandeldhz.nl\/de\/produkt\/combisystem-buegelsaege\/\" \/>\n<meta property=\"og:site_name\" content=\"DHZ Outlet &amp; Partijhandel\" \/>\n<meta property=\"article:publisher\" content=\"https:\/\/www.facebook.com\/people\/Partijhandel-DHZ\/61573487458594\/\" \/>\n<meta property=\"og:image\" content=\"https:\/\/partijhandeldhz.nl\/wp-content\/uploads\/2026\/03\/Afbeelding-1-1.jpg\" \/>\n\t<meta property=\"og:image:width\" content=\"1000\" \/>\n\t<meta property=\"og:image:height\" content=\"1000\" \/>\n\t<meta property=\"og:image:type\" content=\"image\/jpeg\" \/>\n<meta name=\"twitter:card\" content=\"summary_large_image\" \/>\n<meta name=\"twitter:label1\" content=\"Gesch\u00e4tzte Lesezeit\" \/>\n\t<meta name=\"twitter:data1\" content=\"1\u00a0Minute\" \/>\n<script type=\"application\/ld+json\" class=\"yoast-schema-graph\">{\"@context\":\"https:\\\/\\\/schema.org\",\"@graph\":[{\"@type\":\"WebPage\",\"@id\":\"https:\\\/\\\/partijhandeldhz.nl\\\/de\\\/produkt\\\/combisystem-buegelsaege\\\/\",\"url\":\"https:\\\/\\\/partijhandeldhz.nl\\\/de\\\/produkt\\\/combisystem-buegelsaege\\\/\",\"name\":\"Combisystem-B\u00fcgels\u00e4ge - DHZ Outlet &amp; Partijhandel\",\"isPartOf\":{\"@id\":\"https:\\\/\\\/partijhandeldhz.nl\\\/de\\\/#website\"},\"primaryImageOfPage\":{\"@id\":\"https:\\\/\\\/partijhandeldhz.nl\\\/de\\\/produkt\\\/combisystem-buegelsaege\\\/#primaryimage\"},\"image\":{\"@id\":\"https:\\\/\\\/partijhandeldhz.nl\\\/de\\\/produkt\\\/combisystem-buegelsaege\\\/#primaryimage\"},\"thumbnailUrl\":\"https:\\\/\\\/partijhandeldhz.nl\\\/wp-content\\\/uploads\\\/2026\\\/03\\\/Afbeelding-1-1.jpg\",\"datePublished\":\"2026-03-03T15:08:13+00:00\",\"breadcrumb\":{\"@id\":\"https:\\\/\\\/partijhandeldhz.nl\\\/de\\\/produkt\\\/combisystem-buegelsaege\\\/#breadcrumb\"},\"inLanguage\":\"de\",\"potentialAction\":[{\"@type\":\"ReadAction\",\"target\":[\"https:\\\/\\\/partijhandeldhz.nl\\\/de\\\/produkt\\\/combisystem-buegelsaege\\\/\"]}]},{\"@type\":\"ImageObject\",\"inLanguage\":\"de\",\"@id\":\"https:\\\/\\\/partijhandeldhz.nl\\\/de\\\/produkt\\\/combisystem-buegelsaege\\\/#primaryimage\",\"url\":\"https:\\\/\\\/partijhandeldhz.nl\\\/wp-content\\\/uploads\\\/2026\\\/03\\\/Afbeelding-1-1.jpg\",\"contentUrl\":\"https:\\\/\\\/partijhandeldhz.nl\\\/wp-content\\\/uploads\\\/2026\\\/03\\\/Afbeelding-1-1.jpg\",\"width\":1000,\"height\":1000},{\"@type\":\"BreadcrumbList\",\"@id\":\"https:\\\/\\\/partijhandeldhz.nl\\\/de\\\/produkt\\\/combisystem-buegelsaege\\\/#breadcrumb\",\"itemListElement\":[{\"@type\":\"ListItem\",\"position\":1,\"name\":\"Home\",\"item\":\"https:\\\/\\\/partijhandeldhz.nl\\\/de\\\/\"},{\"@type\":\"ListItem\",\"position\":2,\"name\":\"Shop\",\"item\":\"https:\\\/\\\/partijhandeldhz.nl\\\/de\\\/shop\\\/\"},{\"@type\":\"ListItem\",\"position\":3,\"name\":\"Combisystem-B\u00fcgels\u00e4ge\"}]},{\"@type\":\"WebSite\",\"@id\":\"https:\\\/\\\/partijhandeldhz.nl\\\/de\\\/#website\",\"url\":\"https:\\\/\\\/partijhandeldhz.nl\\\/de\\\/\",\"name\":\"DHZ Outlet & Partijhandel\",\"description\":\"Grote en kleine partijen, altijd de scherpste prijs!\",\"publisher\":{\"@id\":\"https:\\\/\\\/partijhandeldhz.nl\\\/de\\\/#organization\"},\"potentialAction\":[{\"@type\":\"SearchAction\",\"target\":{\"@type\":\"EntryPoint\",\"urlTemplate\":\"https:\\\/\\\/partijhandeldhz.nl\\\/de\\\/?s={search_term_string}\"},\"query-input\":{\"@type\":\"PropertyValueSpecification\",\"valueRequired\":true,\"valueName\":\"search_term_string\"}}],\"inLanguage\":\"de\"},{\"@type\":\"Organization\",\"@id\":\"https:\\\/\\\/partijhandeldhz.nl\\\/de\\\/#organization\",\"name\":\"DHZ Outlet & Partijhandel\",\"url\":\"https:\\\/\\\/partijhandeldhz.nl\\\/de\\\/\",\"logo\":{\"@type\":\"ImageObject\",\"inLanguage\":\"de\",\"@id\":\"https:\\\/\\\/partijhandeldhz.nl\\\/de\\\/#\\\/schema\\\/logo\\\/image\\\/\",\"url\":\"https:\\\/\\\/partijhandeldhz.nl\\\/wp-content\\\/uploads\\\/2025\\\/03\\\/1.png\",\"contentUrl\":\"https:\\\/\\\/partijhandeldhz.nl\\\/wp-content\\\/uploads\\\/2025\\\/03\\\/1.png\",\"width\":1000,\"height\":500,\"caption\":\"DHZ Outlet & Partijhandel\"},\"image\":{\"@id\":\"https:\\\/\\\/partijhandeldhz.nl\\\/de\\\/#\\\/schema\\\/logo\\\/image\\\/\"},\"sameAs\":[\"https:\\\/\\\/www.facebook.com\\\/people\\\/Partijhandel-DHZ\\\/61573487458594\\\/\",\"https:\\\/\\\/www.instagram.com\\\/partijhandeldhz\\\/\"]}]}<\/script>\n<!-- \/ Yoast SEO plugin. -->","yoast_head_json":{"title":"Combisystem-B\u00fcgels\u00e4ge - DHZ Outlet &amp; Partijhandel","robots":{"index":"index","follow":"follow","max-snippet":"max-snippet:-1","max-image-preview":"max-image-preview:large","max-video-preview":"max-video-preview:-1"},"canonical":"https:\/\/partijhandeldhz.nl\/de\/produkt\/combisystem-buegelsaege\/","og_locale":"de_DE","og_type":"article","og_title":"Combisystem-B\u00fcgels\u00e4ge - DHZ Outlet &amp; Partijhandel","og_description":"Die Gardena Combisystem B\u00fcgels\u00e4ge ist eine vielseitige S\u00e4ge, die sowohl als Hands\u00e4ge als auch in Kombination mit einem Combisystem-Griff verwendet werden kann. Dank des 360\u00b0 drehbaren S\u00e4geblatts und der Blattl\u00e4nge von 350 mm ist diese B\u00fcgels\u00e4ge ideal f\u00fcr Schnittarbeiten in H\u00f6hen von bis zu etwa 5 Metern. Die geh\u00e4rtete Klinge mit pr\u00e4zisen Z\u00e4hnen sorgt f\u00fcr effiziente und pr\u00e4zise Schnitte.  Bitte beachten Sie: Dieses Produkt kann nur \u00fcber unseren Webshop bestellt werden.","og_url":"https:\/\/partijhandeldhz.nl\/de\/produkt\/combisystem-buegelsaege\/","og_site_name":"DHZ Outlet &amp; Partijhandel","article_publisher":"https:\/\/www.facebook.com\/people\/Partijhandel-DHZ\/61573487458594\/","og_image":[{"width":1000,"height":1000,"url":"https:\/\/partijhandeldhz.nl\/wp-content\/uploads\/2026\/03\/Afbeelding-1-1.jpg","type":"image\/jpeg"}],"twitter_card":"summary_large_image","twitter_misc":{"Gesch\u00e4tzte Lesezeit":"1\u00a0Minute"},"schema":{"@context":"https:\/\/schema.org","@graph":[{"@type":"WebPage","@id":"https:\/\/partijhandeldhz.nl\/de\/produkt\/combisystem-buegelsaege\/","url":"https:\/\/partijhandeldhz.nl\/de\/produkt\/combisystem-buegelsaege\/","name":"Combisystem-B\u00fcgels\u00e4ge - DHZ Outlet &amp; Partijhandel","isPartOf":{"@id":"https:\/\/partijhandeldhz.nl\/de\/#website"},"primaryImageOfPage":{"@id":"https:\/\/partijhandeldhz.nl\/de\/produkt\/combisystem-buegelsaege\/#primaryimage"},"image":{"@id":"https:\/\/partijhandeldhz.nl\/de\/produkt\/combisystem-buegelsaege\/#primaryimage"},"thumbnailUrl":"https:\/\/partijhandeldhz.nl\/wp-content\/uploads\/2026\/03\/Afbeelding-1-1.jpg","datePublished":"2026-03-03T15:08:13+00:00","breadcrumb":{"@id":"https:\/\/partijhandeldhz.nl\/de\/produkt\/combisystem-buegelsaege\/#breadcrumb"},"inLanguage":"de","potentialAction":[{"@type":"ReadAction","target":["https:\/\/partijhandeldhz.nl\/de\/produkt\/combisystem-buegelsaege\/"]}]},{"@type":"ImageObject","inLanguage":"de","@id":"https:\/\/partijhandeldhz.nl\/de\/produkt\/combisystem-buegelsaege\/#primaryimage","url":"https:\/\/partijhandeldhz.nl\/wp-content\/uploads\/2026\/03\/Afbeelding-1-1.jpg","contentUrl":"https:\/\/partijhandeldhz.nl\/wp-content\/uploads\/2026\/03\/Afbeelding-1-1.jpg","width":1000,"height":1000},{"@type":"BreadcrumbList","@id":"https:\/\/partijhandeldhz.nl\/de\/produkt\/combisystem-buegelsaege\/#breadcrumb","itemListElement":[{"@type":"ListItem","position":1,"name":"Home","item":"https:\/\/partijhandeldhz.nl\/de\/"},{"@type":"ListItem","position":2,"name":"Shop","item":"https:\/\/partijhandeldhz.nl\/de\/shop\/"},{"@type":"ListItem","position":3,"name":"Combisystem-B\u00fcgels\u00e4ge"}]},{"@type":"WebSite","@id":"https:\/\/partijhandeldhz.nl\/de\/#website","url":"https:\/\/partijhandeldhz.nl\/de\/","name":"DHZ Outlet & Partijhandel","description":"Grote en kleine partijen, altijd de scherpste prijs!","publisher":{"@id":"https:\/\/partijhandeldhz.nl\/de\/#organization"},"potentialAction":[{"@type":"SearchAction","target":{"@type":"EntryPoint","urlTemplate":"https:\/\/partijhandeldhz.nl\/de\/?s={search_term_string}"},"query-input":{"@type":"PropertyValueSpecification","valueRequired":true,"valueName":"search_term_string"}}],"inLanguage":"de"},{"@type":"Organization","@id":"https:\/\/partijhandeldhz.nl\/de\/#organization","name":"DHZ Outlet & Partijhandel","url":"https:\/\/partijhandeldhz.nl\/de\/","logo":{"@type":"ImageObject","inLanguage":"de","@id":"https:\/\/partijhandeldhz.nl\/de\/#\/schema\/logo\/image\/","url":"https:\/\/partijhandeldhz.nl\/wp-content\/uploads\/2025\/03\/1.png","contentUrl":"https:\/\/partijhandeldhz.nl\/wp-content\/uploads\/2025\/03\/1.png","width":1000,"height":500,"caption":"DHZ Outlet & Partijhandel"},"image":{"@id":"https:\/\/partijhandeldhz.nl\/de\/#\/schema\/logo\/image\/"},"sameAs":["https:\/\/www.facebook.com\/people\/Partijhandel-DHZ\/61573487458594\/","https:\/\/www.instagram.com\/partijhandeldhz\/"]}]}},"jetpack_sharing_enabled":true,"_links":{"self":[{"href":"https:\/\/partijhandeldhz.nl\/de\/wp-json\/wp\/v2\/product\/18290","targetHints":{"allow":["GET"]}}],"collection":[{"href":"https:\/\/partijhandeldhz.nl\/de\/wp-json\/wp\/v2\/product"}],"about":[{"href":"https:\/\/partijhandeldhz.nl\/de\/wp-json\/wp\/v2\/types\/product"}],"version-history":[{"count":0,"href":"https:\/\/partijhandeldhz.nl\/de\/wp-json\/wp\/v2\/product\/18290\/revisions"}],"wp:featuredmedia":[{"embeddable":true,"href":"https:\/\/partijhandeldhz.nl\/de\/wp-json\/wp\/v2\/media\/17938"}],"wp:attachment":[{"href":"https:\/\/partijhandeldhz.nl\/de\/wp-json\/wp\/v2\/media?parent=18290"}],"wp:term":[{"taxonomy":"product_brand","embeddable":true,"href":"https:\/\/partijhandeldhz.nl\/de\/wp-json\/wp\/v2\/product_brand?post=18290"},{"taxonomy":"product_cat","embeddable":true,"href":"https:\/\/partijhandeldhz.nl\/de\/wp-json\/wp\/v2\/product_cat?post=18290"},{"taxonomy":"product_tag","embeddable":true,"href":"https:\/\/partijhandeldhz.nl\/de\/wp-json\/wp\/v2\/product_tag?post=18290"}],"curies":[{"name":"wp","href":"https:\/\/api.w.org\/{rel}","templated":true}]}}