{"id":17554,"date":"2026-02-11T08:18:16","date_gmt":"2026-02-11T08:18:16","guid":{"rendered":"https:\/\/partijhandeldhz.nl\/product\/rasenbeluefter-es500\/"},"modified":"2026-02-11T08:18:16","modified_gmt":"2026-02-11T08:18:16","slug":"rasenbeluefter-es500","status":"publish","type":"product","link":"https:\/\/partijhandeldhz.nl\/de\/produkt\/rasenbeluefter-es500\/","title":{"rendered":"Rasenbel\u00fcfter ES500"},"content":{"rendered":"<p data-start=\"749\" data-end=\"1027\">Mit dem <strong data-start=\"756\" data-end=\"789\">Gardena Lawn Aerator ES 500<\/strong> halten Sie Ihren Rasen gesund und luftig. Dieser elektrische Rasenbel\u00fcfter entfernt effektiv Moos und Stroh, sodass Wasser, Luft und N\u00e4hrstoffe besser in die Graswurzeln eindringen k\u00f6nnen. Dies f\u00f6rdert ein starkes und dichtes Graswachstum.  <\/p>\n<p data-start=\"1029\" data-end=\"1378\">Die Maschine ist mit einem leistungsstarken 500-Watt-PowerPlus-Universal-Elektromotor ausgestattet, der einen problemlosen Start und eine starke Durchziehkraft gew\u00e4hrleistet. Die verschlei\u00dffesten, geh\u00e4rteten Edelstahlfedern arbeiten effizient und k\u00f6nnen einzeln ausgetauscht werden (1 Kunststoffteil mit 2 geschlossenen Federn), was die Lebensdauer der Maschine verl\u00e4ngert. <\/p>\n<p data-start=\"1380\" data-end=\"1689\">Mit dem zentralen Einstellhebel kann man die Arbeitstiefe im Falle von Verschlei\u00df (3 x 3 mm) leicht anpassen. Dank der Transportposition ber\u00fchren die Federn den Boden nicht, was eine sichere und einfache Bewegung erm\u00f6glicht. Die gro\u00dfen R\u00e4der mit speziellem Profil sorgen f\u00fcr zus\u00e4tzlichen Grip und komfortables Man\u00f6vrieren, selbst auf unebenem Gel\u00e4nde.  <\/p>\n<p data-start=\"1691\" data-end=\"1930\">Der teilbare Griff macht Transport und Lagerung einfach und platzsparend. Ein Sammelbeutel (Gegenstandsnummer 4065) ist als Zubeh\u00f6r erh\u00e4ltlich, um gel\u00f6stes Moos und Filz zu sammeln. Der ES 500 eignet sich f\u00fcr Rasenfl\u00e4chen bis zu etwa 600 m\u00b2.  <\/p>\n<h3 data-start=\"1937\" data-end=\"1968\">Schl\u00fcsselmerkmale<\/h3>\n<ul>\n<li data-start=\"1971\" data-end=\"1986\">Marke: Gardena<\/li>\n<li data-start=\"1989\" data-end=\"2018\">Typ: Rasenbel\u00fcfter ES 500<\/li>\n<li data-start=\"2021\" data-end=\"2043\">Motorleistung: 500 W<\/li>\n<li data-start=\"2046\" data-end=\"2071\">Antrieb: Elektrisch<\/li>\n<li data-start=\"2074\" data-end=\"2094\">Arbeitsbreite: 30 cm<\/li>\n<li data-start=\"2097\" data-end=\"2129\">Verschlei\u00dfanpassung: 3 x 3 mm<\/li>\n<li data-start=\"2132\" data-end=\"2166\">Verschlei\u00dffeste Edelstahlfedern<\/li>\n<li data-start=\"2169\" data-end=\"2189\">Transportposition: Ja<\/li>\n<li data-start=\"2192\" data-end=\"2214\">Teilbarer Griff: Ja<\/li>\n<li data-start=\"2217\" data-end=\"2236\">Schnurl\u00e4nge: 10 m<\/li>\n<li data-start=\"2239\" data-end=\"2277\">Geeignet f\u00fcr Rasenfl\u00e4chen bis zu: ca. 600 m\u00b2<\/li>\n<li data-start=\"2280\" data-end=\"2297\">Gewicht: 9,5 kg<\/li>\n<li data-start=\"2300\" data-end=\"2327\">EAN-Code: 4078500406604<\/li>\n<\/ul>\n<h3 data-start=\"2334\" data-end=\"2361\">Technische Daten<\/h3>\n<ul>\n<li data-start=\"2364\" data-end=\"2381\">Leistung: 500 W<\/li>\n<li data-start=\"2384\" data-end=\"2409\">Antrieb: Elektrisch<\/li>\n<li data-start=\"2412\" data-end=\"2432\">Arbeitsbreite: 30 cm<\/li>\n<li data-start=\"2435\" data-end=\"2454\">Anzahl der Positionen: 1<\/li>\n<li data-start=\"2457\" data-end=\"2476\">Schnurl\u00e4nge: 10 m<\/li>\n<li data-start=\"2479\" data-end=\"2496\">Gewicht: 9,5 kg<\/li>\n<li data-start=\"2499\" data-end=\"2549\">Produktma\u00dfe (L x B x H): 58 x 39 x 47,5 cm<\/li>\n<li data-start=\"2552\" data-end=\"2610\">Verpackungsma\u00dfe (L x B x H): 57,7 x 47,9 x 40,4 cm<\/li>\n<li data-start=\"2613\" data-end=\"2634\">Batterieplattform: Keine<\/li>\n<\/ul>\n","protected":false},"excerpt":{"rendered":"<p data-start=\"285\" data-end=\"640\">Der Gardena Rasenbel\u00fcfter ES 500 ist ein kompakter und wendiger elektrischer Bel\u00fcfter, um Moos und Rasenmark effektiv zu entfernen. Dank des leistungsstarken 500-Watt-PowerPlus-Motors k\u00f6nnen Sie zuverl\u00e4ssig und ohne Unterbrechungen arbeiten. Die verschlei\u00dffesten Edelstahlfedern sorgen f\u00fcr eine gr\u00fcndliche Bel\u00fcftung des Rasens. Ideal f\u00fcr Rasenfl\u00e4chen bis etwa 600 m\u00b2.   <\/p>\n<p data-start=\"642\" data-end=\"708\"><strong data-start=\"642\" data-end=\"708\"><em data-start=\"644\" data-end=\"706\">Bitte beachten Sie: Dieses Produkt kann nur \u00fcber unseren Webshop bestellt werden.<\/em><\/strong><\/p>\n","protected":false},"featured_media":17410,"template":"","meta":{"_acf_changed":false,"site-sidebar-layout":"default","site-content-layout":"","ast-site-content-layout":"default","site-content-style":"default","site-sidebar-style":"default","ast-global-header-display":"","ast-banner-title-visibility":"","ast-main-header-display":"","ast-hfb-above-header-display":"","ast-hfb-below-header-display":"","ast-hfb-mobile-header-display":"","site-post-title":"","ast-breadcrumbs-content":"","ast-featured-img":"","footer-sml-layout":"","ast-disable-related-posts":"","theme-transparent-header-meta":"default","adv-header-id-meta":"","stick-header-meta":"","header-above-stick-meta":"","header-main-stick-meta":"","header-below-stick-meta":"","astra-migrate-meta-layouts":"default","ast-page-background-enabled":"default","ast-page-background-meta":{"desktop":{"background-color":"","background-image":"","background-repeat":"repeat","background-position":"center center","background-size":"auto","background-attachment":"scroll","background-type":"","background-media":"","overlay-type":"","overlay-color":"","overlay-opacity":"","overlay-gradient":""},"tablet":{"background-color":"","background-image":"","background-repeat":"repeat","background-position":"center center","background-size":"auto","background-attachment":"scroll","background-type":"","background-media":"","overlay-type":"","overlay-color":"","overlay-opacity":"","overlay-gradient":""},"mobile":{"background-color":"","background-image":"","background-repeat":"repeat","background-position":"center center","background-size":"auto","background-attachment":"scroll","background-type":"","background-media":"","overlay-type":"","overlay-color":"","overlay-opacity":"","overlay-gradient":""}},"ast-content-background-meta":{"desktop":{"background-color":"var(--ast-global-color-5)","background-image":"","background-repeat":"repeat","background-position":"center center","background-size":"auto","background-attachment":"scroll","background-type":"","background-media":"","overlay-type":"","overlay-color":"","overlay-opacity":"","overlay-gradient":""},"tablet":{"background-color":"var(--ast-global-color-5)","background-image":"","background-repeat":"repeat","background-position":"center center","background-size":"auto","background-attachment":"scroll","background-type":"","background-media":"","overlay-type":"","overlay-color":"","overlay-opacity":"","overlay-gradient":""},"mobile":{"background-color":"var(--ast-global-color-5)","background-image":"","background-repeat":"repeat","background-position":"center center","background-size":"auto","background-attachment":"scroll","background-type":"","background-media":"","overlay-type":"","overlay-color":"","overlay-opacity":"","overlay-gradient":""}}},"product_brand":[],"product_cat":[650,599,961],"product_tag":[],"class_list":{"0":"post-17554","1":"product","2":"type-product","3":"status-publish","4":"has-post-thumbnail","6":"product_cat-gartenwerkzeuge","7":"product_cat-postenhandel","8":"product_cat-rasenbelufter","9":"pa_merk-gardena","10":"desktop-align-left","11":"tablet-align-left","12":"mobile-align-left","14":"first","15":"instock","16":"sale","17":"taxable","18":"shipping-taxable","19":"purchasable","20":"product-type-simple"},"acf":[],"yoast_head":"<!-- This site is optimized with the Yoast SEO plugin v27.3 - https:\/\/yoast.com\/product\/yoast-seo-wordpress\/ -->\n<title>Rasenbel\u00fcfter ES500 - DHZ Outlet &amp; Partijhandel<\/title>\n<meta name=\"robots\" content=\"index, follow, max-snippet:-1, max-image-preview:large, max-video-preview:-1\" \/>\n<link rel=\"canonical\" href=\"https:\/\/partijhandeldhz.nl\/de\/produkt\/rasenbeluefter-es500\/\" \/>\n<meta property=\"og:locale\" content=\"de_DE\" \/>\n<meta property=\"og:type\" content=\"article\" \/>\n<meta property=\"og:title\" content=\"Rasenbel\u00fcfter ES500 - DHZ Outlet &amp; Partijhandel\" \/>\n<meta property=\"og:description\" content=\"Der Gardena Rasenbel\u00fcfter ES 500 ist ein kompakter und wendiger elektrischer Bel\u00fcfter, um Moos und Rasenmark effektiv zu entfernen. Dank des leistungsstarken 500-Watt-PowerPlus-Motors k\u00f6nnen Sie zuverl\u00e4ssig und ohne Unterbrechungen arbeiten. Die verschlei\u00dffesten Edelstahlfedern sorgen f\u00fcr eine gr\u00fcndliche Bel\u00fcftung des Rasens. Ideal f\u00fcr Rasenfl\u00e4chen bis etwa 600 m\u00b2.  Bitte beachten Sie: Dieses Produkt kann nur \u00fcber unseren Webshop bestellt werden.\" \/>\n<meta property=\"og:url\" content=\"https:\/\/partijhandeldhz.nl\/de\/produkt\/rasenbeluefter-es500\/\" \/>\n<meta property=\"og:site_name\" content=\"DHZ Outlet &amp; Partijhandel\" \/>\n<meta property=\"article:publisher\" content=\"https:\/\/www.facebook.com\/people\/Partijhandel-DHZ\/61573487458594\/\" \/>\n<meta property=\"og:image\" content=\"https:\/\/partijhandeldhz.nl\/wp-content\/uploads\/2026\/02\/Afbeelding-1-1.jpg\" \/>\n\t<meta property=\"og:image:width\" content=\"1000\" \/>\n\t<meta property=\"og:image:height\" content=\"1000\" \/>\n\t<meta property=\"og:image:type\" content=\"image\/jpeg\" \/>\n<meta name=\"twitter:card\" content=\"summary_large_image\" \/>\n<meta name=\"twitter:label1\" content=\"Gesch\u00e4tzte Lesezeit\" \/>\n\t<meta name=\"twitter:data1\" content=\"1\u00a0Minute\" \/>\n<script type=\"application\/ld+json\" class=\"yoast-schema-graph\">{\"@context\":\"https:\\\/\\\/schema.org\",\"@graph\":[{\"@type\":\"WebPage\",\"@id\":\"https:\\\/\\\/partijhandeldhz.nl\\\/de\\\/produkt\\\/rasenbeluefter-es500\\\/\",\"url\":\"https:\\\/\\\/partijhandeldhz.nl\\\/de\\\/produkt\\\/rasenbeluefter-es500\\\/\",\"name\":\"Rasenbel\u00fcfter ES500 - DHZ Outlet &amp; Partijhandel\",\"isPartOf\":{\"@id\":\"https:\\\/\\\/partijhandeldhz.nl\\\/de\\\/#website\"},\"primaryImageOfPage\":{\"@id\":\"https:\\\/\\\/partijhandeldhz.nl\\\/de\\\/produkt\\\/rasenbeluefter-es500\\\/#primaryimage\"},\"image\":{\"@id\":\"https:\\\/\\\/partijhandeldhz.nl\\\/de\\\/produkt\\\/rasenbeluefter-es500\\\/#primaryimage\"},\"thumbnailUrl\":\"https:\\\/\\\/partijhandeldhz.nl\\\/wp-content\\\/uploads\\\/2026\\\/02\\\/Afbeelding-1-1.jpg\",\"datePublished\":\"2026-02-11T08:18:16+00:00\",\"breadcrumb\":{\"@id\":\"https:\\\/\\\/partijhandeldhz.nl\\\/de\\\/produkt\\\/rasenbeluefter-es500\\\/#breadcrumb\"},\"inLanguage\":\"de\",\"potentialAction\":[{\"@type\":\"ReadAction\",\"target\":[\"https:\\\/\\\/partijhandeldhz.nl\\\/de\\\/produkt\\\/rasenbeluefter-es500\\\/\"]}]},{\"@type\":\"ImageObject\",\"inLanguage\":\"de\",\"@id\":\"https:\\\/\\\/partijhandeldhz.nl\\\/de\\\/produkt\\\/rasenbeluefter-es500\\\/#primaryimage\",\"url\":\"https:\\\/\\\/partijhandeldhz.nl\\\/wp-content\\\/uploads\\\/2026\\\/02\\\/Afbeelding-1-1.jpg\",\"contentUrl\":\"https:\\\/\\\/partijhandeldhz.nl\\\/wp-content\\\/uploads\\\/2026\\\/02\\\/Afbeelding-1-1.jpg\",\"width\":1000,\"height\":1000},{\"@type\":\"BreadcrumbList\",\"@id\":\"https:\\\/\\\/partijhandeldhz.nl\\\/de\\\/produkt\\\/rasenbeluefter-es500\\\/#breadcrumb\",\"itemListElement\":[{\"@type\":\"ListItem\",\"position\":1,\"name\":\"Home\",\"item\":\"https:\\\/\\\/partijhandeldhz.nl\\\/de\\\/\"},{\"@type\":\"ListItem\",\"position\":2,\"name\":\"Shop\",\"item\":\"https:\\\/\\\/partijhandeldhz.nl\\\/de\\\/shop\\\/\"},{\"@type\":\"ListItem\",\"position\":3,\"name\":\"Rasenbel\u00fcfter ES500\"}]},{\"@type\":\"WebSite\",\"@id\":\"https:\\\/\\\/partijhandeldhz.nl\\\/de\\\/#website\",\"url\":\"https:\\\/\\\/partijhandeldhz.nl\\\/de\\\/\",\"name\":\"DHZ Outlet & Partijhandel\",\"description\":\"Grote en kleine partijen, altijd de scherpste prijs!\",\"publisher\":{\"@id\":\"https:\\\/\\\/partijhandeldhz.nl\\\/de\\\/#organization\"},\"potentialAction\":[{\"@type\":\"SearchAction\",\"target\":{\"@type\":\"EntryPoint\",\"urlTemplate\":\"https:\\\/\\\/partijhandeldhz.nl\\\/de\\\/?s={search_term_string}\"},\"query-input\":{\"@type\":\"PropertyValueSpecification\",\"valueRequired\":true,\"valueName\":\"search_term_string\"}}],\"inLanguage\":\"de\"},{\"@type\":\"Organization\",\"@id\":\"https:\\\/\\\/partijhandeldhz.nl\\\/de\\\/#organization\",\"name\":\"DHZ Outlet & Partijhandel\",\"url\":\"https:\\\/\\\/partijhandeldhz.nl\\\/de\\\/\",\"logo\":{\"@type\":\"ImageObject\",\"inLanguage\":\"de\",\"@id\":\"https:\\\/\\\/partijhandeldhz.nl\\\/de\\\/#\\\/schema\\\/logo\\\/image\\\/\",\"url\":\"https:\\\/\\\/partijhandeldhz.nl\\\/wp-content\\\/uploads\\\/2025\\\/03\\\/1.png\",\"contentUrl\":\"https:\\\/\\\/partijhandeldhz.nl\\\/wp-content\\\/uploads\\\/2025\\\/03\\\/1.png\",\"width\":1000,\"height\":500,\"caption\":\"DHZ Outlet & Partijhandel\"},\"image\":{\"@id\":\"https:\\\/\\\/partijhandeldhz.nl\\\/de\\\/#\\\/schema\\\/logo\\\/image\\\/\"},\"sameAs\":[\"https:\\\/\\\/www.facebook.com\\\/people\\\/Partijhandel-DHZ\\\/61573487458594\\\/\",\"https:\\\/\\\/www.instagram.com\\\/partijhandeldhz\\\/\"]}]}<\/script>\n<!-- \/ Yoast SEO plugin. -->","yoast_head_json":{"title":"Rasenbel\u00fcfter ES500 - DHZ Outlet &amp; Partijhandel","robots":{"index":"index","follow":"follow","max-snippet":"max-snippet:-1","max-image-preview":"max-image-preview:large","max-video-preview":"max-video-preview:-1"},"canonical":"https:\/\/partijhandeldhz.nl\/de\/produkt\/rasenbeluefter-es500\/","og_locale":"de_DE","og_type":"article","og_title":"Rasenbel\u00fcfter ES500 - DHZ Outlet &amp; Partijhandel","og_description":"Der Gardena Rasenbel\u00fcfter ES 500 ist ein kompakter und wendiger elektrischer Bel\u00fcfter, um Moos und Rasenmark effektiv zu entfernen. Dank des leistungsstarken 500-Watt-PowerPlus-Motors k\u00f6nnen Sie zuverl\u00e4ssig und ohne Unterbrechungen arbeiten. Die verschlei\u00dffesten Edelstahlfedern sorgen f\u00fcr eine gr\u00fcndliche Bel\u00fcftung des Rasens. Ideal f\u00fcr Rasenfl\u00e4chen bis etwa 600 m\u00b2.  Bitte beachten Sie: Dieses Produkt kann nur \u00fcber unseren Webshop bestellt werden.","og_url":"https:\/\/partijhandeldhz.nl\/de\/produkt\/rasenbeluefter-es500\/","og_site_name":"DHZ Outlet &amp; Partijhandel","article_publisher":"https:\/\/www.facebook.com\/people\/Partijhandel-DHZ\/61573487458594\/","og_image":[{"width":1000,"height":1000,"url":"https:\/\/partijhandeldhz.nl\/wp-content\/uploads\/2026\/02\/Afbeelding-1-1.jpg","type":"image\/jpeg"}],"twitter_card":"summary_large_image","twitter_misc":{"Gesch\u00e4tzte Lesezeit":"1\u00a0Minute"},"schema":{"@context":"https:\/\/schema.org","@graph":[{"@type":"WebPage","@id":"https:\/\/partijhandeldhz.nl\/de\/produkt\/rasenbeluefter-es500\/","url":"https:\/\/partijhandeldhz.nl\/de\/produkt\/rasenbeluefter-es500\/","name":"Rasenbel\u00fcfter ES500 - DHZ Outlet &amp; Partijhandel","isPartOf":{"@id":"https:\/\/partijhandeldhz.nl\/de\/#website"},"primaryImageOfPage":{"@id":"https:\/\/partijhandeldhz.nl\/de\/produkt\/rasenbeluefter-es500\/#primaryimage"},"image":{"@id":"https:\/\/partijhandeldhz.nl\/de\/produkt\/rasenbeluefter-es500\/#primaryimage"},"thumbnailUrl":"https:\/\/partijhandeldhz.nl\/wp-content\/uploads\/2026\/02\/Afbeelding-1-1.jpg","datePublished":"2026-02-11T08:18:16+00:00","breadcrumb":{"@id":"https:\/\/partijhandeldhz.nl\/de\/produkt\/rasenbeluefter-es500\/#breadcrumb"},"inLanguage":"de","potentialAction":[{"@type":"ReadAction","target":["https:\/\/partijhandeldhz.nl\/de\/produkt\/rasenbeluefter-es500\/"]}]},{"@type":"ImageObject","inLanguage":"de","@id":"https:\/\/partijhandeldhz.nl\/de\/produkt\/rasenbeluefter-es500\/#primaryimage","url":"https:\/\/partijhandeldhz.nl\/wp-content\/uploads\/2026\/02\/Afbeelding-1-1.jpg","contentUrl":"https:\/\/partijhandeldhz.nl\/wp-content\/uploads\/2026\/02\/Afbeelding-1-1.jpg","width":1000,"height":1000},{"@type":"BreadcrumbList","@id":"https:\/\/partijhandeldhz.nl\/de\/produkt\/rasenbeluefter-es500\/#breadcrumb","itemListElement":[{"@type":"ListItem","position":1,"name":"Home","item":"https:\/\/partijhandeldhz.nl\/de\/"},{"@type":"ListItem","position":2,"name":"Shop","item":"https:\/\/partijhandeldhz.nl\/de\/shop\/"},{"@type":"ListItem","position":3,"name":"Rasenbel\u00fcfter ES500"}]},{"@type":"WebSite","@id":"https:\/\/partijhandeldhz.nl\/de\/#website","url":"https:\/\/partijhandeldhz.nl\/de\/","name":"DHZ Outlet & Partijhandel","description":"Grote en kleine partijen, altijd de scherpste prijs!","publisher":{"@id":"https:\/\/partijhandeldhz.nl\/de\/#organization"},"potentialAction":[{"@type":"SearchAction","target":{"@type":"EntryPoint","urlTemplate":"https:\/\/partijhandeldhz.nl\/de\/?s={search_term_string}"},"query-input":{"@type":"PropertyValueSpecification","valueRequired":true,"valueName":"search_term_string"}}],"inLanguage":"de"},{"@type":"Organization","@id":"https:\/\/partijhandeldhz.nl\/de\/#organization","name":"DHZ Outlet & Partijhandel","url":"https:\/\/partijhandeldhz.nl\/de\/","logo":{"@type":"ImageObject","inLanguage":"de","@id":"https:\/\/partijhandeldhz.nl\/de\/#\/schema\/logo\/image\/","url":"https:\/\/partijhandeldhz.nl\/wp-content\/uploads\/2025\/03\/1.png","contentUrl":"https:\/\/partijhandeldhz.nl\/wp-content\/uploads\/2025\/03\/1.png","width":1000,"height":500,"caption":"DHZ Outlet & Partijhandel"},"image":{"@id":"https:\/\/partijhandeldhz.nl\/de\/#\/schema\/logo\/image\/"},"sameAs":["https:\/\/www.facebook.com\/people\/Partijhandel-DHZ\/61573487458594\/","https:\/\/www.instagram.com\/partijhandeldhz\/"]}]}},"jetpack_sharing_enabled":true,"_links":{"self":[{"href":"https:\/\/partijhandeldhz.nl\/de\/wp-json\/wp\/v2\/product\/17554","targetHints":{"allow":["GET"]}}],"collection":[{"href":"https:\/\/partijhandeldhz.nl\/de\/wp-json\/wp\/v2\/product"}],"about":[{"href":"https:\/\/partijhandeldhz.nl\/de\/wp-json\/wp\/v2\/types\/product"}],"version-history":[{"count":0,"href":"https:\/\/partijhandeldhz.nl\/de\/wp-json\/wp\/v2\/product\/17554\/revisions"}],"wp:featuredmedia":[{"embeddable":true,"href":"https:\/\/partijhandeldhz.nl\/de\/wp-json\/wp\/v2\/media\/17410"}],"wp:attachment":[{"href":"https:\/\/partijhandeldhz.nl\/de\/wp-json\/wp\/v2\/media?parent=17554"}],"wp:term":[{"taxonomy":"product_brand","embeddable":true,"href":"https:\/\/partijhandeldhz.nl\/de\/wp-json\/wp\/v2\/product_brand?post=17554"},{"taxonomy":"product_cat","embeddable":true,"href":"https:\/\/partijhandeldhz.nl\/de\/wp-json\/wp\/v2\/product_cat?post=17554"},{"taxonomy":"product_tag","embeddable":true,"href":"https:\/\/partijhandeldhz.nl\/de\/wp-json\/wp\/v2\/product_tag?post=17554"}],"curies":[{"name":"wp","href":"https:\/\/api.w.org\/{rel}","templated":true}]}}