{"id":17553,"date":"2026-02-11T08:59:06","date_gmt":"2026-02-11T08:59:06","guid":{"rendered":"https:\/\/partijhandeldhz.nl\/product\/kompressor-tc-ac-190-50-8\/"},"modified":"2026-02-11T08:59:06","modified_gmt":"2026-02-11T08:59:06","slug":"kompressor-tc-ac-190-50-8","status":"publish","type":"product","link":"https:\/\/partijhandeldhz.nl\/de\/produkt\/kompressor-tc-ac-190-50-8\/","title":{"rendered":"Kompressor TC-AC 190\/50\/8"},"content":{"rendered":"<p data-start=\"794\" data-end=\"1094\">Der <strong data-start=\"797\" data-end=\"834\">Einhell Kompressor TC-AC 190\/50\/8<\/strong> bietet zuverl\u00e4ssige Leistung f\u00fcr verschiedene Aufgaben im Haus, in der Werkstatt oder in der Garage. Mit einer Leistung von 1500 Watt und einem gro\u00dfz\u00fcgigen 50-Liter-Tank verf\u00fcgt dieser Kompressor \u00fcber ausreichende Luftreserven sowohl f\u00fcr kurzfristige als auch f\u00fcr intensivere Anwendungen. <\/p>\n<p data-start=\"1096\" data-end=\"1429\">Dieser Luftkompressor eignet sich zum Auftragen von Farbe und Lack, zum Impr\u00e4gnieren von Holz, zum Strahlen und Reinigen sowie zum Aufpumpen von Reifen, Kugeln oder Luftmatratzen. Dank des maximalen Arbeitsdrucks von 8 bar und des integrierten Druckreglers l\u00e4sst sich der Verdichter leicht an verschiedene Anwendungen anpassen. <\/p>\n<p data-start=\"1431\" data-end=\"1829\">Der Kompressor ist mit \u00d6lschmierung f\u00fcr eine l\u00e4ngere Lebensdauer ausgestattet. Der \u00d6lstand l\u00e4sst sich leicht \u00fcber das Sichtglas \u00fcberpr\u00fcfen. Das R\u00fcckschlagventil und das Sicherheitsventil erh\u00f6hen die Benutzersicherheit und sch\u00fctzen sowohl Benutzer als auch Maschine. Der geregelte Arbeitsdruck kann \u00fcber das Manometer abgelesen und \u00fcber die Schnellkupplung entfernt werden. Zus\u00e4tzlich gibt es eine separate Druckanzeige f\u00fcr den Kesseldruck.    <\/p>\n<p data-start=\"1831\" data-end=\"2157\">Zur einfachen Wartung ist der Kessel mit einer Ablassschraube ausgestattet, um Kondenswasser leicht zu entfernen. Dank der Gummir\u00e4der, des Transportgriffs und der vibrationsd\u00e4mpfenden Basis mit Gummipuffer ist der Kompressor stabil und leicht zu bewegen. Einhell bietet au\u00dferdem eine 10-j\u00e4hrige Garantie gegen durchrostende Kessel.  <\/p>\n<h3 data-start=\"2164\" data-end=\"2195\">Schl\u00fcsselmerkmale<\/h3>\n<ul>\n<li data-start=\"2198\" data-end=\"2213\">Marke: Einhell<\/li>\n<li data-start=\"2216\" data-end=\"2249\">Typ: Kompressor TC-AC 190\/50\/8<\/li>\n<li data-start=\"2252\" data-end=\"2270\">Leistung: 1500 W<\/li>\n<li data-start=\"2273\" data-end=\"2295\">Tankkapazit\u00e4t: 50 Liter<\/li>\n<li data-start=\"2298\" data-end=\"2324\">Maximaler Arbeitsdruck: 8 bar<\/li>\n<li data-start=\"2327\" data-end=\"2367\">Antrieb: Elektromotor, Aduktionsmotor<\/li>\n<li data-start=\"2370\" data-end=\"2431\">Anwendung: Farbspr\u00fchen, Impregnieren, Sandstrahlen, Aufpumpen<\/li>\n<li data-start=\"2434\" data-end=\"2472\">Mit \u00d6l geschmiert f\u00fcr eine l\u00e4ngere Lebensdauer<\/li>\n<li data-start=\"2475\" data-end=\"2503\">Druckregler mit Druckanzeige<\/li>\n<li data-start=\"2506\" data-end=\"2537\">R\u00fcckschlag- und Sicherheitsventil<\/li>\n<li data-start=\"2540\" data-end=\"2577\">Schnellkupplung f\u00fcr Luftverbindung<\/li>\n<li data-start=\"2580\" data-end=\"2610\">Transportr\u00e4der und Griff<\/li>\n<li data-start=\"2613\" data-end=\"2655\">10 Jahre Garantie gegen rostenden Kessel<\/li>\n<li data-start=\"2658\" data-end=\"2685\">EAN-Code: 4006825651720<\/li>\n<\/ul>\n<h3 data-start=\"2692\" data-end=\"2719\">Technische Daten<\/h3>\n<ul>\n<li data-start=\"2722\" data-end=\"2740\">Leistung: 1500 W<\/li>\n<li data-start=\"2743\" data-end=\"2765\">Motor: Aduktionsmotor<\/li>\n<li data-start=\"2768\" data-end=\"2796\">Motordrehzahl: 2850 min\u207b\u00b9<\/li>\n<li data-start=\"2799\" data-end=\"2826\">Pumpengeschwindigkeit: 2850 Min\u207b\u00b9<\/li>\n<li data-start=\"2829\" data-end=\"2850\">Anzahl der Zylinder: 1<\/li>\n<li data-start=\"2853\" data-end=\"2875\">Tankvolumen: 50 Liter<\/li>\n<li data-start=\"2878\" data-end=\"2900\">Maximaler Arbeitsdruck: 8 bar<\/li>\n<li data-start=\"2903\" data-end=\"2933\">Saugkraft: 165 l\/min<\/li>\n<li data-start=\"2936\" data-end=\"2977\">Leistungsabgabe bei 0 Bar: 110 l\/min<\/li>\n<li data-start=\"2980\" data-end=\"3020\">Leistungsabgabe bei 4 Bar: 75 l\/min<\/li>\n<li data-start=\"3023\" data-end=\"3063\">Leistungsausgang bei 7 Bar: 55 l\/min<\/li>\n<li data-start=\"3066\" data-end=\"3096\">Schalldruckpegel: 75 dB (A)<\/li>\n<li data-start=\"3099\" data-end=\"3131\">Betriebsmodus: S2 \u2013 15 Minuten<\/li>\n<li data-start=\"3134\" data-end=\"3152\">Gewicht: 26,4 kg<\/li>\n<\/ul>\n","protected":false},"excerpt":{"rendered":"<p data-start=\"285\" data-end=\"685\">Der Einhell Kompressor TC-AC 190\/50\/8 ist ein leistungsstarker und vielseitiger 1500-Watt-Luftkompressor mit einem 50-Liter-Kessel und einem maximalen Arbeitsdruck von 8 Bar. Ideal f\u00fcr Anwendungen im Haus, in der Werkstatt und in der Garage, wie zum Beispiel Lackspr\u00fchen, Impregnieren, Sandstrahlen und Aufpumpen von Reifen oder Luftmatratzen. Dank der \u00d6lschmierung und robuster Verarbeitungsqualit\u00e4t ist dieser Kompressor f\u00fcr den Langzeiteinsatz geeignet.  <\/p>\n<p data-start=\"687\" data-end=\"753\"><strong data-start=\"687\" data-end=\"753\"><em data-start=\"689\" data-end=\"751\">Bitte beachten Sie: Dieses Produkt kann nur \u00fcber unseren Webshop bestellt werden.<\/em><\/strong><\/p>\n","protected":false},"featured_media":17441,"template":"","meta":{"_acf_changed":false,"site-sidebar-layout":"default","site-content-layout":"","ast-site-content-layout":"default","site-content-style":"default","site-sidebar-style":"default","ast-global-header-display":"","ast-banner-title-visibility":"","ast-main-header-display":"","ast-hfb-above-header-display":"","ast-hfb-below-header-display":"","ast-hfb-mobile-header-display":"","site-post-title":"","ast-breadcrumbs-content":"","ast-featured-img":"","footer-sml-layout":"","ast-disable-related-posts":"","theme-transparent-header-meta":"default","adv-header-id-meta":"","stick-header-meta":"","header-above-stick-meta":"","header-main-stick-meta":"","header-below-stick-meta":"","astra-migrate-meta-layouts":"default","ast-page-background-enabled":"default","ast-page-background-meta":{"desktop":{"background-color":"","background-image":"","background-repeat":"repeat","background-position":"center center","background-size":"auto","background-attachment":"scroll","background-type":"","background-media":"","overlay-type":"","overlay-color":"","overlay-opacity":"","overlay-gradient":""},"tablet":{"background-color":"","background-image":"","background-repeat":"repeat","background-position":"center center","background-size":"auto","background-attachment":"scroll","background-type":"","background-media":"","overlay-type":"","overlay-color":"","overlay-opacity":"","overlay-gradient":""},"mobile":{"background-color":"","background-image":"","background-repeat":"repeat","background-position":"center center","background-size":"auto","background-attachment":"scroll","background-type":"","background-media":"","overlay-type":"","overlay-color":"","overlay-opacity":"","overlay-gradient":""}},"ast-content-background-meta":{"desktop":{"background-color":"var(--ast-global-color-5)","background-image":"","background-repeat":"repeat","background-position":"center center","background-size":"auto","background-attachment":"scroll","background-type":"","background-media":"","overlay-type":"","overlay-color":"","overlay-opacity":"","overlay-gradient":""},"tablet":{"background-color":"var(--ast-global-color-5)","background-image":"","background-repeat":"repeat","background-position":"center center","background-size":"auto","background-attachment":"scroll","background-type":"","background-media":"","overlay-type":"","overlay-color":"","overlay-opacity":"","overlay-gradient":""},"mobile":{"background-color":"var(--ast-global-color-5)","background-image":"","background-repeat":"repeat","background-position":"center center","background-size":"auto","background-attachment":"scroll","background-type":"","background-media":"","overlay-type":"","overlay-color":"","overlay-opacity":"","overlay-gradient":""}}},"product_brand":[956],"product_cat":[960,599,859],"product_tag":[],"class_list":{"0":"post-17553","1":"product","2":"type-product","3":"status-publish","4":"has-post-thumbnail","6":"product_brand-einhell","7":"product_cat-kompressoren","8":"product_cat-postenhandel","9":"product_cat-werkzeuge","10":"pa_merk-einhell","11":"desktop-align-left","12":"tablet-align-left","13":"mobile-align-left","15":"first","16":"instock","17":"taxable","18":"shipping-taxable","19":"purchasable","20":"product-type-simple"},"acf":[],"yoast_head":"<!-- This site is optimized with the Yoast SEO plugin v27.3 - https:\/\/yoast.com\/product\/yoast-seo-wordpress\/ -->\n<title>Kompressor TC-AC 190\/50\/8 - DHZ Outlet &amp; Partijhandel<\/title>\n<meta name=\"robots\" content=\"index, follow, max-snippet:-1, max-image-preview:large, max-video-preview:-1\" \/>\n<link rel=\"canonical\" href=\"https:\/\/partijhandeldhz.nl\/de\/produkt\/kompressor-tc-ac-190-50-8\/\" \/>\n<meta property=\"og:locale\" content=\"de_DE\" \/>\n<meta property=\"og:type\" content=\"article\" \/>\n<meta property=\"og:title\" content=\"Kompressor TC-AC 190\/50\/8 - DHZ Outlet &amp; Partijhandel\" \/>\n<meta property=\"og:description\" content=\"Der Einhell Kompressor TC-AC 190\/50\/8 ist ein leistungsstarker und vielseitiger 1500-Watt-Luftkompressor mit einem 50-Liter-Kessel und einem maximalen Arbeitsdruck von 8 Bar. Ideal f\u00fcr Anwendungen im Haus, in der Werkstatt und in der Garage, wie zum Beispiel Lackspr\u00fchen, Impregnieren, Sandstrahlen und Aufpumpen von Reifen oder Luftmatratzen. Dank der \u00d6lschmierung und robuster Verarbeitungsqualit\u00e4t ist dieser Kompressor f\u00fcr den Langzeiteinsatz geeignet.  Bitte beachten Sie: Dieses Produkt kann nur \u00fcber unseren Webshop bestellt werden.\" \/>\n<meta property=\"og:url\" content=\"https:\/\/partijhandeldhz.nl\/de\/produkt\/kompressor-tc-ac-190-50-8\/\" \/>\n<meta property=\"og:site_name\" content=\"DHZ Outlet &amp; Partijhandel\" \/>\n<meta property=\"article:publisher\" content=\"https:\/\/www.facebook.com\/people\/Partijhandel-DHZ\/61573487458594\/\" \/>\n<meta property=\"og:image\" content=\"https:\/\/partijhandeldhz.nl\/wp-content\/uploads\/2026\/02\/Afbeelding-1-3.jpg\" \/>\n\t<meta property=\"og:image:width\" content=\"1000\" \/>\n\t<meta property=\"og:image:height\" content=\"1000\" \/>\n\t<meta property=\"og:image:type\" content=\"image\/jpeg\" \/>\n<meta name=\"twitter:card\" content=\"summary_large_image\" \/>\n<meta name=\"twitter:label1\" content=\"Gesch\u00e4tzte Lesezeit\" \/>\n\t<meta name=\"twitter:data1\" content=\"2\u00a0Minuten\" \/>\n<script type=\"application\/ld+json\" class=\"yoast-schema-graph\">{\"@context\":\"https:\\\/\\\/schema.org\",\"@graph\":[{\"@type\":\"WebPage\",\"@id\":\"https:\\\/\\\/partijhandeldhz.nl\\\/de\\\/produkt\\\/kompressor-tc-ac-190-50-8\\\/\",\"url\":\"https:\\\/\\\/partijhandeldhz.nl\\\/de\\\/produkt\\\/kompressor-tc-ac-190-50-8\\\/\",\"name\":\"Kompressor TC-AC 190\\\/50\\\/8 - DHZ Outlet &amp; Partijhandel\",\"isPartOf\":{\"@id\":\"https:\\\/\\\/partijhandeldhz.nl\\\/de\\\/#website\"},\"primaryImageOfPage\":{\"@id\":\"https:\\\/\\\/partijhandeldhz.nl\\\/de\\\/produkt\\\/kompressor-tc-ac-190-50-8\\\/#primaryimage\"},\"image\":{\"@id\":\"https:\\\/\\\/partijhandeldhz.nl\\\/de\\\/produkt\\\/kompressor-tc-ac-190-50-8\\\/#primaryimage\"},\"thumbnailUrl\":\"https:\\\/\\\/partijhandeldhz.nl\\\/wp-content\\\/uploads\\\/2026\\\/02\\\/Afbeelding-1-3.jpg\",\"datePublished\":\"2026-02-11T08:59:06+00:00\",\"breadcrumb\":{\"@id\":\"https:\\\/\\\/partijhandeldhz.nl\\\/de\\\/produkt\\\/kompressor-tc-ac-190-50-8\\\/#breadcrumb\"},\"inLanguage\":\"de\",\"potentialAction\":[{\"@type\":\"ReadAction\",\"target\":[\"https:\\\/\\\/partijhandeldhz.nl\\\/de\\\/produkt\\\/kompressor-tc-ac-190-50-8\\\/\"]}]},{\"@type\":\"ImageObject\",\"inLanguage\":\"de\",\"@id\":\"https:\\\/\\\/partijhandeldhz.nl\\\/de\\\/produkt\\\/kompressor-tc-ac-190-50-8\\\/#primaryimage\",\"url\":\"https:\\\/\\\/partijhandeldhz.nl\\\/wp-content\\\/uploads\\\/2026\\\/02\\\/Afbeelding-1-3.jpg\",\"contentUrl\":\"https:\\\/\\\/partijhandeldhz.nl\\\/wp-content\\\/uploads\\\/2026\\\/02\\\/Afbeelding-1-3.jpg\",\"width\":1000,\"height\":1000},{\"@type\":\"BreadcrumbList\",\"@id\":\"https:\\\/\\\/partijhandeldhz.nl\\\/de\\\/produkt\\\/kompressor-tc-ac-190-50-8\\\/#breadcrumb\",\"itemListElement\":[{\"@type\":\"ListItem\",\"position\":1,\"name\":\"Home\",\"item\":\"https:\\\/\\\/partijhandeldhz.nl\\\/de\\\/\"},{\"@type\":\"ListItem\",\"position\":2,\"name\":\"Shop\",\"item\":\"https:\\\/\\\/partijhandeldhz.nl\\\/de\\\/shop\\\/\"},{\"@type\":\"ListItem\",\"position\":3,\"name\":\"Kompressor TC-AC 190\\\/50\\\/8\"}]},{\"@type\":\"WebSite\",\"@id\":\"https:\\\/\\\/partijhandeldhz.nl\\\/de\\\/#website\",\"url\":\"https:\\\/\\\/partijhandeldhz.nl\\\/de\\\/\",\"name\":\"DHZ Outlet & Partijhandel\",\"description\":\"Grote en kleine partijen, altijd de scherpste prijs!\",\"publisher\":{\"@id\":\"https:\\\/\\\/partijhandeldhz.nl\\\/de\\\/#organization\"},\"potentialAction\":[{\"@type\":\"SearchAction\",\"target\":{\"@type\":\"EntryPoint\",\"urlTemplate\":\"https:\\\/\\\/partijhandeldhz.nl\\\/de\\\/?s={search_term_string}\"},\"query-input\":{\"@type\":\"PropertyValueSpecification\",\"valueRequired\":true,\"valueName\":\"search_term_string\"}}],\"inLanguage\":\"de\"},{\"@type\":\"Organization\",\"@id\":\"https:\\\/\\\/partijhandeldhz.nl\\\/de\\\/#organization\",\"name\":\"DHZ Outlet & Partijhandel\",\"url\":\"https:\\\/\\\/partijhandeldhz.nl\\\/de\\\/\",\"logo\":{\"@type\":\"ImageObject\",\"inLanguage\":\"de\",\"@id\":\"https:\\\/\\\/partijhandeldhz.nl\\\/de\\\/#\\\/schema\\\/logo\\\/image\\\/\",\"url\":\"https:\\\/\\\/partijhandeldhz.nl\\\/wp-content\\\/uploads\\\/2025\\\/03\\\/1.png\",\"contentUrl\":\"https:\\\/\\\/partijhandeldhz.nl\\\/wp-content\\\/uploads\\\/2025\\\/03\\\/1.png\",\"width\":1000,\"height\":500,\"caption\":\"DHZ Outlet & Partijhandel\"},\"image\":{\"@id\":\"https:\\\/\\\/partijhandeldhz.nl\\\/de\\\/#\\\/schema\\\/logo\\\/image\\\/\"},\"sameAs\":[\"https:\\\/\\\/www.facebook.com\\\/people\\\/Partijhandel-DHZ\\\/61573487458594\\\/\",\"https:\\\/\\\/www.instagram.com\\\/partijhandeldhz\\\/\"]}]}<\/script>\n<!-- \/ Yoast SEO plugin. -->","yoast_head_json":{"title":"Kompressor TC-AC 190\/50\/8 - DHZ Outlet &amp; Partijhandel","robots":{"index":"index","follow":"follow","max-snippet":"max-snippet:-1","max-image-preview":"max-image-preview:large","max-video-preview":"max-video-preview:-1"},"canonical":"https:\/\/partijhandeldhz.nl\/de\/produkt\/kompressor-tc-ac-190-50-8\/","og_locale":"de_DE","og_type":"article","og_title":"Kompressor TC-AC 190\/50\/8 - DHZ Outlet &amp; Partijhandel","og_description":"Der Einhell Kompressor TC-AC 190\/50\/8 ist ein leistungsstarker und vielseitiger 1500-Watt-Luftkompressor mit einem 50-Liter-Kessel und einem maximalen Arbeitsdruck von 8 Bar. Ideal f\u00fcr Anwendungen im Haus, in der Werkstatt und in der Garage, wie zum Beispiel Lackspr\u00fchen, Impregnieren, Sandstrahlen und Aufpumpen von Reifen oder Luftmatratzen. Dank der \u00d6lschmierung und robuster Verarbeitungsqualit\u00e4t ist dieser Kompressor f\u00fcr den Langzeiteinsatz geeignet.  Bitte beachten Sie: Dieses Produkt kann nur \u00fcber unseren Webshop bestellt werden.","og_url":"https:\/\/partijhandeldhz.nl\/de\/produkt\/kompressor-tc-ac-190-50-8\/","og_site_name":"DHZ Outlet &amp; Partijhandel","article_publisher":"https:\/\/www.facebook.com\/people\/Partijhandel-DHZ\/61573487458594\/","og_image":[{"width":1000,"height":1000,"url":"https:\/\/partijhandeldhz.nl\/wp-content\/uploads\/2026\/02\/Afbeelding-1-3.jpg","type":"image\/jpeg"}],"twitter_card":"summary_large_image","twitter_misc":{"Gesch\u00e4tzte Lesezeit":"2\u00a0Minuten"},"schema":{"@context":"https:\/\/schema.org","@graph":[{"@type":"WebPage","@id":"https:\/\/partijhandeldhz.nl\/de\/produkt\/kompressor-tc-ac-190-50-8\/","url":"https:\/\/partijhandeldhz.nl\/de\/produkt\/kompressor-tc-ac-190-50-8\/","name":"Kompressor TC-AC 190\/50\/8 - DHZ Outlet &amp; Partijhandel","isPartOf":{"@id":"https:\/\/partijhandeldhz.nl\/de\/#website"},"primaryImageOfPage":{"@id":"https:\/\/partijhandeldhz.nl\/de\/produkt\/kompressor-tc-ac-190-50-8\/#primaryimage"},"image":{"@id":"https:\/\/partijhandeldhz.nl\/de\/produkt\/kompressor-tc-ac-190-50-8\/#primaryimage"},"thumbnailUrl":"https:\/\/partijhandeldhz.nl\/wp-content\/uploads\/2026\/02\/Afbeelding-1-3.jpg","datePublished":"2026-02-11T08:59:06+00:00","breadcrumb":{"@id":"https:\/\/partijhandeldhz.nl\/de\/produkt\/kompressor-tc-ac-190-50-8\/#breadcrumb"},"inLanguage":"de","potentialAction":[{"@type":"ReadAction","target":["https:\/\/partijhandeldhz.nl\/de\/produkt\/kompressor-tc-ac-190-50-8\/"]}]},{"@type":"ImageObject","inLanguage":"de","@id":"https:\/\/partijhandeldhz.nl\/de\/produkt\/kompressor-tc-ac-190-50-8\/#primaryimage","url":"https:\/\/partijhandeldhz.nl\/wp-content\/uploads\/2026\/02\/Afbeelding-1-3.jpg","contentUrl":"https:\/\/partijhandeldhz.nl\/wp-content\/uploads\/2026\/02\/Afbeelding-1-3.jpg","width":1000,"height":1000},{"@type":"BreadcrumbList","@id":"https:\/\/partijhandeldhz.nl\/de\/produkt\/kompressor-tc-ac-190-50-8\/#breadcrumb","itemListElement":[{"@type":"ListItem","position":1,"name":"Home","item":"https:\/\/partijhandeldhz.nl\/de\/"},{"@type":"ListItem","position":2,"name":"Shop","item":"https:\/\/partijhandeldhz.nl\/de\/shop\/"},{"@type":"ListItem","position":3,"name":"Kompressor TC-AC 190\/50\/8"}]},{"@type":"WebSite","@id":"https:\/\/partijhandeldhz.nl\/de\/#website","url":"https:\/\/partijhandeldhz.nl\/de\/","name":"DHZ Outlet & Partijhandel","description":"Grote en kleine partijen, altijd de scherpste prijs!","publisher":{"@id":"https:\/\/partijhandeldhz.nl\/de\/#organization"},"potentialAction":[{"@type":"SearchAction","target":{"@type":"EntryPoint","urlTemplate":"https:\/\/partijhandeldhz.nl\/de\/?s={search_term_string}"},"query-input":{"@type":"PropertyValueSpecification","valueRequired":true,"valueName":"search_term_string"}}],"inLanguage":"de"},{"@type":"Organization","@id":"https:\/\/partijhandeldhz.nl\/de\/#organization","name":"DHZ Outlet & Partijhandel","url":"https:\/\/partijhandeldhz.nl\/de\/","logo":{"@type":"ImageObject","inLanguage":"de","@id":"https:\/\/partijhandeldhz.nl\/de\/#\/schema\/logo\/image\/","url":"https:\/\/partijhandeldhz.nl\/wp-content\/uploads\/2025\/03\/1.png","contentUrl":"https:\/\/partijhandeldhz.nl\/wp-content\/uploads\/2025\/03\/1.png","width":1000,"height":500,"caption":"DHZ Outlet & Partijhandel"},"image":{"@id":"https:\/\/partijhandeldhz.nl\/de\/#\/schema\/logo\/image\/"},"sameAs":["https:\/\/www.facebook.com\/people\/Partijhandel-DHZ\/61573487458594\/","https:\/\/www.instagram.com\/partijhandeldhz\/"]}]}},"jetpack_sharing_enabled":true,"_links":{"self":[{"href":"https:\/\/partijhandeldhz.nl\/de\/wp-json\/wp\/v2\/product\/17553","targetHints":{"allow":["GET"]}}],"collection":[{"href":"https:\/\/partijhandeldhz.nl\/de\/wp-json\/wp\/v2\/product"}],"about":[{"href":"https:\/\/partijhandeldhz.nl\/de\/wp-json\/wp\/v2\/types\/product"}],"version-history":[{"count":0,"href":"https:\/\/partijhandeldhz.nl\/de\/wp-json\/wp\/v2\/product\/17553\/revisions"}],"wp:featuredmedia":[{"embeddable":true,"href":"https:\/\/partijhandeldhz.nl\/de\/wp-json\/wp\/v2\/media\/17441"}],"wp:attachment":[{"href":"https:\/\/partijhandeldhz.nl\/de\/wp-json\/wp\/v2\/media?parent=17553"}],"wp:term":[{"taxonomy":"product_brand","embeddable":true,"href":"https:\/\/partijhandeldhz.nl\/de\/wp-json\/wp\/v2\/product_brand?post=17553"},{"taxonomy":"product_cat","embeddable":true,"href":"https:\/\/partijhandeldhz.nl\/de\/wp-json\/wp\/v2\/product_cat?post=17553"},{"taxonomy":"product_tag","embeddable":true,"href":"https:\/\/partijhandeldhz.nl\/de\/wp-json\/wp\/v2\/product_tag?post=17553"}],"curies":[{"name":"wp","href":"https:\/\/api.w.org\/{rel}","templated":true}]}}