{"id":16121,"date":"2025-11-19T14:12:44","date_gmt":"2025-11-19T14:12:44","guid":{"rendered":"https:\/\/partijhandeldhz.nl\/product\/combisystem-holzgriff-130-cm-2\/"},"modified":"2025-11-19T14:12:44","modified_gmt":"2025-11-19T14:12:44","slug":"combisystem-holzgriff-130-cm-2","status":"publish","type":"product","link":"https:\/\/partijhandeldhz.nl\/de\/produkt\/combisystem-holzgriff-130-cm-2\/","title":{"rendered":"Combisystem Holzgriff 130 cm"},"content":{"rendered":"<p data-start=\"104\" data-end=\"407\">Der Gardena Combisystem Holzgriff 130 cm ist ein hochwertiger, langlebiger und vielseitiger Griff, der f\u00fcr alle Gardena Combisystem-Zubeh\u00f6rteile geeignet ist. Mit diesem robusten Holzstiel k\u00f6nnen Sie Ihre Combisystem-Werkzeuge ganz einfach verl\u00e4ngern, sodass Sie bequem an all Ihren Gartenprojekten arbeiten k\u00f6nnen. <\/p>\n<p data-start=\"409\" data-end=\"784\">Der Griff besteht aus FSC\u00ae 100 % zertifiziertem Eschenholz, das aus verantwortungsvoll bewirtschafteten W\u00e4ldern stammt. Dieses Holz ist bekannt f\u00fcr seine Festigkeit, Haltbarkeit und vibrationsd\u00e4mpfenden Eigenschaften, sodass Sie ergonomisch und ohne Erm\u00fcdung arbeiten k\u00f6nnen. Das eloxierte Aluminiumrohr sorgt f\u00fcr eine stabile und sichere Befestigung jedes Combisystem-Zubeh\u00f6rs.  <\/p>\n<p data-start=\"786\" data-end=\"1120\">Dank der zuverl\u00e4ssigen Verbindung und der stabilen Verriegelungsschraube arbeitet man immer mit maximaler Stabilit\u00e4t. Die Schraube ist mit weichen Kunststoffelementen f\u00fcr eine komfortable Bedienung ausgestattet und so befestigt, dass man sie nicht verlieren kann. Das Ende des Griffs ist mit einer Kunststoffbeschichtung f\u00fcr zus\u00e4tzlichen Schutz und Halt ausgestattet.  <\/p>\n<p data-start=\"1122\" data-end=\"1393\">Mit einer L\u00e4nge von 130 cm ist dieser Griff ideal f\u00fcr eine nat\u00fcrliche Arbeitshaltung und reduziert die Belastung von R\u00fccken und Armen. Der Gardena Combisystem Holzgriff ist au\u00dferdem mit dem Tool Rack Flex (art.nr. 3505-20) kompatibel, um Platz zu sparen. <\/p>\n<p data-start=\"1395\" data-end=\"1609\">Nach der Registrierung \u00fcber gardena.com\/registration innerhalb von 3 Monaten nach dem Kauf wird dieser Griff durch eine beeindruckende 25-j\u00e4hrige Garantie abgesichert \u2013 ein Beweis f\u00fcr Gardenas Vertrauen in Qualit\u00e4t und Haltbarkeit.<\/p>\n<h2 data-start=\"1972\" data-end=\"2002\"><strong data-start=\"1975\" data-end=\"2002\">Schl\u00fcsselmerkmale<\/strong><\/h2>\n<ul>\n<li data-start=\"2006\" data-end=\"2058\">Geeignet f\u00fcr alle Gardena-Kombisystem-Zubeh\u00f6rteile<\/li>\n<li data-start=\"2061\" data-end=\"2109\">Hergestellt aus FSC\u00ae 100 % zertifiziertem Eschenholz<\/li>\n<li data-start=\"2112\" data-end=\"2154\">Schwingungsd\u00e4mpfung f\u00fcr komfortables Arbeiten<\/li>\n<li data-start=\"2157\" data-end=\"2209\">Stabile Verriegelungsschraube mit weichen Kunststoffelementen<\/li>\n<li data-start=\"2212\" data-end=\"2267\">Anodisiertes Aluminiumrohr f\u00fcr sichere Befestigung<\/li>\n<li data-start=\"2270\" data-end=\"2319\">Kunststoffbeschichtung am Ende des Stiels<\/li>\n<li data-start=\"2322\" data-end=\"2338\">L\u00e4nge: 130 cm<\/li>\n<li data-start=\"2341\" data-end=\"2408\">Kompatibel mit combisystem Tool Rack Flex (art.nr. 3505-20)<\/li>\n<li data-start=\"2411\" data-end=\"2462\">25 Jahre Garantie, wenn die Registrierung innerhalb von 3 Monaten erfolgt<\/li>\n<li data-start=\"2465\" data-end=\"2483\">EAN: 4078500372305<\/li>\n<\/ul>\n","protected":false},"excerpt":{"rendered":"<p>Der Gardena Combisystem Holzgriff 130 cm ist ein starker, FSC\u00ae 100%-zertifizierter Holzstiel, der f\u00fcr alle Gardena Combisystem-Zubeh\u00f6rteile geeignet ist. Ausgestattet mit einer stabilen Verriegelungsschraube, vibrationsd\u00e4mpfendem Eschenholz und einem Aluminiummontagerohr.<br \/>\n<br data-start=\"1896\" data-end=\"1899\"><strong data-start=\"1899\" data-end=\"1965\"><em data-start=\"1901\" data-end=\"1963\">Bitte beachten Sie: Dieses Produkt kann nur \u00fcber unseren Webshop bestellt werden.<\/em><\/strong><\/p>\n","protected":false},"featured_media":11384,"template":"","meta":{"_acf_changed":false,"site-sidebar-layout":"default","site-content-layout":"","ast-site-content-layout":"default","site-content-style":"default","site-sidebar-style":"default","ast-global-header-display":"","ast-banner-title-visibility":"","ast-main-header-display":"","ast-hfb-above-header-display":"","ast-hfb-below-header-display":"","ast-hfb-mobile-header-display":"","site-post-title":"","ast-breadcrumbs-content":"","ast-featured-img":"","footer-sml-layout":"","ast-disable-related-posts":"","theme-transparent-header-meta":"default","adv-header-id-meta":"","stick-header-meta":"","header-above-stick-meta":"","header-main-stick-meta":"","header-below-stick-meta":"","astra-migrate-meta-layouts":"default","ast-page-background-enabled":"default","ast-page-background-meta":{"desktop":{"background-color":"","background-image":"","background-repeat":"repeat","background-position":"center center","background-size":"auto","background-attachment":"scroll","background-type":"","background-media":"","overlay-type":"","overlay-color":"","overlay-opacity":"","overlay-gradient":""},"tablet":{"background-color":"","background-image":"","background-repeat":"repeat","background-position":"center center","background-size":"auto","background-attachment":"scroll","background-type":"","background-media":"","overlay-type":"","overlay-color":"","overlay-opacity":"","overlay-gradient":""},"mobile":{"background-color":"","background-image":"","background-repeat":"repeat","background-position":"center center","background-size":"auto","background-attachment":"scroll","background-type":"","background-media":"","overlay-type":"","overlay-color":"","overlay-opacity":"","overlay-gradient":""}},"ast-content-background-meta":{"desktop":{"background-color":"var(--ast-global-color-5)","background-image":"","background-repeat":"repeat","background-position":"center center","background-size":"auto","background-attachment":"scroll","background-type":"","background-media":"","overlay-type":"","overlay-color":"","overlay-opacity":"","overlay-gradient":""},"tablet":{"background-color":"var(--ast-global-color-5)","background-image":"","background-repeat":"repeat","background-position":"center center","background-size":"auto","background-attachment":"scroll","background-type":"","background-media":"","overlay-type":"","overlay-color":"","overlay-opacity":"","overlay-gradient":""},"mobile":{"background-color":"var(--ast-global-color-5)","background-image":"","background-repeat":"repeat","background-position":"center center","background-size":"auto","background-attachment":"scroll","background-type":"","background-media":"","overlay-type":"","overlay-color":"","overlay-opacity":"","overlay-gradient":""}}},"product_brand":[315],"product_cat":[599,678],"product_tag":[],"class_list":{"0":"post-16121","1":"product","2":"type-product","3":"status-publish","4":"has-post-thumbnail","6":"product_brand-gardena","7":"product_cat-postenhandel","8":"product_cat-rechen-und-besen","9":"pa_merk-gardena","10":"desktop-align-left","11":"tablet-align-left","12":"mobile-align-left","14":"first","15":"instock","16":"taxable","17":"shipping-taxable","18":"purchasable","19":"product-type-simple"},"acf":[],"yoast_head":"<!-- This site is optimized with the Yoast SEO plugin v27.5 - https:\/\/yoast.com\/product\/yoast-seo-wordpress\/ -->\n<title>Combisystem Holzgriff 130 cm - DHZ Outlet &amp; Partijhandel<\/title>\n<meta name=\"robots\" content=\"index, follow, max-snippet:-1, max-image-preview:large, max-video-preview:-1\" \/>\n<link rel=\"canonical\" href=\"https:\/\/partijhandeldhz.nl\/de\/produkt\/combisystem-holzgriff-130-cm-2\/\" \/>\n<meta property=\"og:locale\" content=\"de_DE\" \/>\n<meta property=\"og:type\" content=\"article\" \/>\n<meta property=\"og:title\" content=\"Combisystem Holzgriff 130 cm - DHZ Outlet &amp; Partijhandel\" \/>\n<meta property=\"og:description\" content=\"Der Gardena Combisystem Holzgriff 130 cm ist ein starker, FSC\u00ae 100%-zertifizierter Holzstiel, der f\u00fcr alle Gardena Combisystem-Zubeh\u00f6rteile geeignet ist. Ausgestattet mit einer stabilen Verriegelungsschraube, vibrationsd\u00e4mpfendem Eschenholz und einem Aluminiummontagerohr. Bitte beachten Sie: Dieses Produkt kann nur \u00fcber unseren Webshop bestellt werden.\" \/>\n<meta property=\"og:url\" content=\"https:\/\/partijhandeldhz.nl\/de\/produkt\/combisystem-holzgriff-130-cm-2\/\" \/>\n<meta property=\"og:site_name\" content=\"DHZ Outlet &amp; Partijhandel\" \/>\n<meta property=\"article:publisher\" content=\"https:\/\/www.facebook.com\/people\/Partijhandel-DHZ\/61573487458594\/\" \/>\n<meta property=\"og:image\" content=\"https:\/\/partijhandeldhz.nl\/wp-content\/uploads\/2025\/11\/Afbeelding-1-10.jpg\" \/>\n\t<meta property=\"og:image:width\" content=\"1000\" \/>\n\t<meta property=\"og:image:height\" content=\"1000\" \/>\n\t<meta property=\"og:image:type\" content=\"image\/jpeg\" \/>\n<meta name=\"twitter:card\" content=\"summary_large_image\" \/>\n<meta name=\"twitter:label1\" content=\"Gesch\u00e4tzte Lesezeit\" \/>\n\t<meta name=\"twitter:data1\" content=\"1\u00a0Minute\" \/>\n<script type=\"application\/ld+json\" class=\"yoast-schema-graph\">{\"@context\":\"https:\\\/\\\/schema.org\",\"@graph\":[{\"@type\":\"WebPage\",\"@id\":\"https:\\\/\\\/partijhandeldhz.nl\\\/de\\\/produkt\\\/combisystem-holzgriff-130-cm-2\\\/\",\"url\":\"https:\\\/\\\/partijhandeldhz.nl\\\/de\\\/produkt\\\/combisystem-holzgriff-130-cm-2\\\/\",\"name\":\"Combisystem Holzgriff 130 cm - DHZ Outlet &amp; Partijhandel\",\"isPartOf\":{\"@id\":\"https:\\\/\\\/partijhandeldhz.nl\\\/de\\\/#website\"},\"primaryImageOfPage\":{\"@id\":\"https:\\\/\\\/partijhandeldhz.nl\\\/de\\\/produkt\\\/combisystem-holzgriff-130-cm-2\\\/#primaryimage\"},\"image\":{\"@id\":\"https:\\\/\\\/partijhandeldhz.nl\\\/de\\\/produkt\\\/combisystem-holzgriff-130-cm-2\\\/#primaryimage\"},\"thumbnailUrl\":\"https:\\\/\\\/partijhandeldhz.nl\\\/wp-content\\\/uploads\\\/2025\\\/11\\\/Afbeelding-1-10.jpg\",\"datePublished\":\"2025-11-19T14:12:44+00:00\",\"breadcrumb\":{\"@id\":\"https:\\\/\\\/partijhandeldhz.nl\\\/de\\\/produkt\\\/combisystem-holzgriff-130-cm-2\\\/#breadcrumb\"},\"inLanguage\":\"de\",\"potentialAction\":[{\"@type\":\"ReadAction\",\"target\":[\"https:\\\/\\\/partijhandeldhz.nl\\\/de\\\/produkt\\\/combisystem-holzgriff-130-cm-2\\\/\"]}]},{\"@type\":\"ImageObject\",\"inLanguage\":\"de\",\"@id\":\"https:\\\/\\\/partijhandeldhz.nl\\\/de\\\/produkt\\\/combisystem-holzgriff-130-cm-2\\\/#primaryimage\",\"url\":\"https:\\\/\\\/partijhandeldhz.nl\\\/wp-content\\\/uploads\\\/2025\\\/11\\\/Afbeelding-1-10.jpg\",\"contentUrl\":\"https:\\\/\\\/partijhandeldhz.nl\\\/wp-content\\\/uploads\\\/2025\\\/11\\\/Afbeelding-1-10.jpg\",\"width\":1000,\"height\":1000},{\"@type\":\"BreadcrumbList\",\"@id\":\"https:\\\/\\\/partijhandeldhz.nl\\\/de\\\/produkt\\\/combisystem-holzgriff-130-cm-2\\\/#breadcrumb\",\"itemListElement\":[{\"@type\":\"ListItem\",\"position\":1,\"name\":\"Home\",\"item\":\"https:\\\/\\\/partijhandeldhz.nl\\\/de\\\/\"},{\"@type\":\"ListItem\",\"position\":2,\"name\":\"Shop\",\"item\":\"https:\\\/\\\/partijhandeldhz.nl\\\/de\\\/shop\\\/\"},{\"@type\":\"ListItem\",\"position\":3,\"name\":\"Combisystem Holzgriff 130 cm\"}]},{\"@type\":\"WebSite\",\"@id\":\"https:\\\/\\\/partijhandeldhz.nl\\\/de\\\/#website\",\"url\":\"https:\\\/\\\/partijhandeldhz.nl\\\/de\\\/\",\"name\":\"DHZ Outlet & Partijhandel\",\"description\":\"Grote en kleine partijen, altijd de scherpste prijs!\",\"publisher\":{\"@id\":\"https:\\\/\\\/partijhandeldhz.nl\\\/de\\\/#organization\"},\"potentialAction\":[{\"@type\":\"SearchAction\",\"target\":{\"@type\":\"EntryPoint\",\"urlTemplate\":\"https:\\\/\\\/partijhandeldhz.nl\\\/de\\\/?s={search_term_string}\"},\"query-input\":{\"@type\":\"PropertyValueSpecification\",\"valueRequired\":true,\"valueName\":\"search_term_string\"}}],\"inLanguage\":\"de\"},{\"@type\":\"Organization\",\"@id\":\"https:\\\/\\\/partijhandeldhz.nl\\\/de\\\/#organization\",\"name\":\"DHZ Outlet & Partijhandel\",\"url\":\"https:\\\/\\\/partijhandeldhz.nl\\\/de\\\/\",\"logo\":{\"@type\":\"ImageObject\",\"inLanguage\":\"de\",\"@id\":\"https:\\\/\\\/partijhandeldhz.nl\\\/de\\\/#\\\/schema\\\/logo\\\/image\\\/\",\"url\":\"https:\\\/\\\/partijhandeldhz.nl\\\/wp-content\\\/uploads\\\/2025\\\/03\\\/1.png\",\"contentUrl\":\"https:\\\/\\\/partijhandeldhz.nl\\\/wp-content\\\/uploads\\\/2025\\\/03\\\/1.png\",\"width\":1000,\"height\":500,\"caption\":\"DHZ Outlet & Partijhandel\"},\"image\":{\"@id\":\"https:\\\/\\\/partijhandeldhz.nl\\\/de\\\/#\\\/schema\\\/logo\\\/image\\\/\"},\"sameAs\":[\"https:\\\/\\\/www.facebook.com\\\/people\\\/Partijhandel-DHZ\\\/61573487458594\\\/\",\"https:\\\/\\\/www.instagram.com\\\/partijhandeldhz\\\/\"]}]}<\/script>\n<!-- \/ Yoast SEO plugin. -->","yoast_head_json":{"title":"Combisystem Holzgriff 130 cm - DHZ Outlet &amp; Partijhandel","robots":{"index":"index","follow":"follow","max-snippet":"max-snippet:-1","max-image-preview":"max-image-preview:large","max-video-preview":"max-video-preview:-1"},"canonical":"https:\/\/partijhandeldhz.nl\/de\/produkt\/combisystem-holzgriff-130-cm-2\/","og_locale":"de_DE","og_type":"article","og_title":"Combisystem Holzgriff 130 cm - DHZ Outlet &amp; Partijhandel","og_description":"Der Gardena Combisystem Holzgriff 130 cm ist ein starker, FSC\u00ae 100%-zertifizierter Holzstiel, der f\u00fcr alle Gardena Combisystem-Zubeh\u00f6rteile geeignet ist. Ausgestattet mit einer stabilen Verriegelungsschraube, vibrationsd\u00e4mpfendem Eschenholz und einem Aluminiummontagerohr. Bitte beachten Sie: Dieses Produkt kann nur \u00fcber unseren Webshop bestellt werden.","og_url":"https:\/\/partijhandeldhz.nl\/de\/produkt\/combisystem-holzgriff-130-cm-2\/","og_site_name":"DHZ Outlet &amp; Partijhandel","article_publisher":"https:\/\/www.facebook.com\/people\/Partijhandel-DHZ\/61573487458594\/","og_image":[{"width":1000,"height":1000,"url":"https:\/\/partijhandeldhz.nl\/wp-content\/uploads\/2025\/11\/Afbeelding-1-10.jpg","type":"image\/jpeg"}],"twitter_card":"summary_large_image","twitter_misc":{"Gesch\u00e4tzte Lesezeit":"1\u00a0Minute"},"schema":{"@context":"https:\/\/schema.org","@graph":[{"@type":"WebPage","@id":"https:\/\/partijhandeldhz.nl\/de\/produkt\/combisystem-holzgriff-130-cm-2\/","url":"https:\/\/partijhandeldhz.nl\/de\/produkt\/combisystem-holzgriff-130-cm-2\/","name":"Combisystem Holzgriff 130 cm - DHZ Outlet &amp; Partijhandel","isPartOf":{"@id":"https:\/\/partijhandeldhz.nl\/de\/#website"},"primaryImageOfPage":{"@id":"https:\/\/partijhandeldhz.nl\/de\/produkt\/combisystem-holzgriff-130-cm-2\/#primaryimage"},"image":{"@id":"https:\/\/partijhandeldhz.nl\/de\/produkt\/combisystem-holzgriff-130-cm-2\/#primaryimage"},"thumbnailUrl":"https:\/\/partijhandeldhz.nl\/wp-content\/uploads\/2025\/11\/Afbeelding-1-10.jpg","datePublished":"2025-11-19T14:12:44+00:00","breadcrumb":{"@id":"https:\/\/partijhandeldhz.nl\/de\/produkt\/combisystem-holzgriff-130-cm-2\/#breadcrumb"},"inLanguage":"de","potentialAction":[{"@type":"ReadAction","target":["https:\/\/partijhandeldhz.nl\/de\/produkt\/combisystem-holzgriff-130-cm-2\/"]}]},{"@type":"ImageObject","inLanguage":"de","@id":"https:\/\/partijhandeldhz.nl\/de\/produkt\/combisystem-holzgriff-130-cm-2\/#primaryimage","url":"https:\/\/partijhandeldhz.nl\/wp-content\/uploads\/2025\/11\/Afbeelding-1-10.jpg","contentUrl":"https:\/\/partijhandeldhz.nl\/wp-content\/uploads\/2025\/11\/Afbeelding-1-10.jpg","width":1000,"height":1000},{"@type":"BreadcrumbList","@id":"https:\/\/partijhandeldhz.nl\/de\/produkt\/combisystem-holzgriff-130-cm-2\/#breadcrumb","itemListElement":[{"@type":"ListItem","position":1,"name":"Home","item":"https:\/\/partijhandeldhz.nl\/de\/"},{"@type":"ListItem","position":2,"name":"Shop","item":"https:\/\/partijhandeldhz.nl\/de\/shop\/"},{"@type":"ListItem","position":3,"name":"Combisystem Holzgriff 130 cm"}]},{"@type":"WebSite","@id":"https:\/\/partijhandeldhz.nl\/de\/#website","url":"https:\/\/partijhandeldhz.nl\/de\/","name":"DHZ Outlet & Partijhandel","description":"Grote en kleine partijen, altijd de scherpste prijs!","publisher":{"@id":"https:\/\/partijhandeldhz.nl\/de\/#organization"},"potentialAction":[{"@type":"SearchAction","target":{"@type":"EntryPoint","urlTemplate":"https:\/\/partijhandeldhz.nl\/de\/?s={search_term_string}"},"query-input":{"@type":"PropertyValueSpecification","valueRequired":true,"valueName":"search_term_string"}}],"inLanguage":"de"},{"@type":"Organization","@id":"https:\/\/partijhandeldhz.nl\/de\/#organization","name":"DHZ Outlet & Partijhandel","url":"https:\/\/partijhandeldhz.nl\/de\/","logo":{"@type":"ImageObject","inLanguage":"de","@id":"https:\/\/partijhandeldhz.nl\/de\/#\/schema\/logo\/image\/","url":"https:\/\/partijhandeldhz.nl\/wp-content\/uploads\/2025\/03\/1.png","contentUrl":"https:\/\/partijhandeldhz.nl\/wp-content\/uploads\/2025\/03\/1.png","width":1000,"height":500,"caption":"DHZ Outlet & Partijhandel"},"image":{"@id":"https:\/\/partijhandeldhz.nl\/de\/#\/schema\/logo\/image\/"},"sameAs":["https:\/\/www.facebook.com\/people\/Partijhandel-DHZ\/61573487458594\/","https:\/\/www.instagram.com\/partijhandeldhz\/"]}]}},"jetpack_sharing_enabled":true,"_links":{"self":[{"href":"https:\/\/partijhandeldhz.nl\/de\/wp-json\/wp\/v2\/product\/16121","targetHints":{"allow":["GET"]}}],"collection":[{"href":"https:\/\/partijhandeldhz.nl\/de\/wp-json\/wp\/v2\/product"}],"about":[{"href":"https:\/\/partijhandeldhz.nl\/de\/wp-json\/wp\/v2\/types\/product"}],"version-history":[{"count":0,"href":"https:\/\/partijhandeldhz.nl\/de\/wp-json\/wp\/v2\/product\/16121\/revisions"}],"wp:featuredmedia":[{"embeddable":true,"href":"https:\/\/partijhandeldhz.nl\/de\/wp-json\/wp\/v2\/media\/11384"}],"wp:attachment":[{"href":"https:\/\/partijhandeldhz.nl\/de\/wp-json\/wp\/v2\/media?parent=16121"}],"wp:term":[{"taxonomy":"product_brand","embeddable":true,"href":"https:\/\/partijhandeldhz.nl\/de\/wp-json\/wp\/v2\/product_brand?post=16121"},{"taxonomy":"product_cat","embeddable":true,"href":"https:\/\/partijhandeldhz.nl\/de\/wp-json\/wp\/v2\/product_cat?post=16121"},{"taxonomy":"product_tag","embeddable":true,"href":"https:\/\/partijhandeldhz.nl\/de\/wp-json\/wp\/v2\/product_tag?post=16121"}],"curies":[{"name":"wp","href":"https:\/\/api.w.org\/{rel}","templated":true}]}}