{"id":16110,"date":"2025-11-19T13:49:12","date_gmt":"2025-11-19T13:49:12","guid":{"rendered":"https:\/\/partijhandeldhz.nl\/product\/bewaesserungsset-im-innenbereich-2\/"},"modified":"2025-11-19T13:49:12","modified_gmt":"2025-11-19T13:49:12","slug":"bewaesserungsset-im-innenbereich-2","status":"publish","type":"product","link":"https:\/\/partijhandeldhz.nl\/de\/produkt\/bewaesserungsset-im-innenbereich-2\/","title":{"rendered":"Bew\u00e4sserungsset im Innenbereich"},"content":{"rendered":"<p data-start=\"108\" data-end=\"414\">Das Gardena Wasserset Indoor ist das ideale Basisset, um Pflanzen auf Ihrem Balkon, Ihrer Terrasse oder Ihrem Stadtgarten einfach und sorgf\u00e4ltig zu gie\u00dfen. Dieses komplette Set wurde speziell f\u00fcr kompaktes Wohnen entwickelt, damit Stadtbewohner auch eine optimale Pflanzenpflege in kleinen R\u00e4umen genie\u00dfen k\u00f6nnen. <\/p>\n<p data-start=\"416\" data-end=\"834\">Das Set enth\u00e4lt einen Balkonspr\u00fcher mit einem weichen, reduzierten Wasserstrahl, der perfekt zum Gie\u00dfen empfindlicher Pflanzen und Blumen ist, ohne sie zu besch\u00e4digen. Dank des unendlich einstellbaren Wasserflusses kann man mit einer Hand genau dosieren oder komplett abschalten. Um Erm\u00fcdung zu vermeiden, kann der Impulshebel verriegelt werden, sodass Sie mit einem konstanten Wasserstrahl bequem l\u00e4nger spr\u00fchen k\u00f6nnen.  <\/p>\n<p data-start=\"836\" data-end=\"1218\">Der Spr\u00fcher ist mit weichen Kunststoffteilen f\u00fcr ergonomischen Griff ausgestattet, w\u00e4hrend die kompakte Form daf\u00fcr sorgt, dass er bequem in der Hand liegt. Au\u00dferdem sind alle Teile frost- und UV-best\u00e4ndig, was sie langlebig und f\u00fcr jede Jahreszeit geeignet macht. Der weiche Kunststoffring um die D\u00fcse sch\u00fctzt vor Sch\u00e4den beim Ansto\u00dfen oder Absetzen.  <\/p>\n<p data-start=\"1220\" data-end=\"1652\">Das Set verf\u00fcgt \u00fcber einen praktischen Wasserhahnanschluss, geeignet f\u00fcr Innenwasserh\u00e4hne mit M22 x 1 Au\u00dfengewinde und M24 x 1 Innengewinde, ideal f\u00fcr den Einsatz in Wohnungen. Der Schlauchanschluss und der Wasserstopp machen es einfach, 13 mm (1\/2&#8243;) und 15 mm (5\/8&#8243;) Schl\u00e4uche anzuschlie\u00dfen. Der Wasserstopp sorgt daf\u00fcr, dass der Wasserfluss automatisch stoppt, sobald Sie die D\u00fcse abtrennen \u2013 praktisch und wassersparend.  <\/p>\n<p data-start=\"1654\" data-end=\"1843\">Mit diesem Gardena Indoor-Bew\u00e4sserungsset haben Sie eine kompakte, effiziente und benutzerfreundliche L\u00f6sung, um Ihre Balkonpflanzen perfekt zu pflegen \u2013 unabh\u00e4ngig vom verf\u00fcgbaren Platz.<\/p>\n<h2 data-start=\"2160\" data-end=\"2190\"><strong data-start=\"2163\" data-end=\"2190\">Schl\u00fcsselmerkmale<\/strong><\/h2>\n<ul>\n<li data-start=\"2194\" data-end=\"2255\">Komplettes Grundset f\u00fcr Balkon-, Terrassen- und Innenbew\u00e4sserung<\/li>\n<li data-start=\"2258\" data-end=\"2317\">Balkonspray mit sanftem Wasserstrahl f\u00fcr empfindliche Pflanzen<\/li>\n<li data-start=\"2320\" data-end=\"2379\">Unendlich verstellbarer Wasserfluss, kann mit einer Hand betrieben werden<\/li>\n<li data-start=\"2382\" data-end=\"2434\">Der Impulshebel kann f\u00fcr st\u00e4ndiges Spr\u00fchen gesperrt werden<\/li>\n<li data-start=\"2437\" data-end=\"2504\">Inklusive Tap-Anschluss f\u00fcr Innenwasserh\u00e4hne (M22 x 1 und M24 x 1)<\/li>\n<li data-start=\"2507\" data-end=\"2576\">Schlauchverbindung geeignet f\u00fcr 13 mm (1\/2&#8243;) und 15 mm (5\/8&#8243;) Schl\u00e4uche<\/li>\n<li data-start=\"2579\" data-end=\"2647\">Wasserstopp f\u00fcr automatischen Stopp des Wasserflusses beim Abschalten<\/li>\n<li data-start=\"2650\" data-end=\"2706\">Kompaktes, ergonomisches Design mit weichem Kunststoffgriff<\/li>\n<li data-start=\"2709\" data-end=\"2733\">Frost- und UV-best\u00e4ndig<\/li>\n<li data-start=\"2736\" data-end=\"2754\">EAN: 4078500058384<\/li>\n<\/ul>\n","protected":false},"excerpt":{"rendered":"<p>Das Gardena Wasserset Indoor ist ein kompaktes, vollst\u00e4ndiges Set zum sorgf\u00e4ltigen Gie\u00dfen von Pflanzen auf Balkonen, Terrassen oder Innenr\u00e4umen. Beinhaltet einen weichen Balkonspr\u00fcher, einen Wasserhahnanschluss und einen Wasserstopp.<br \/>\n<br data-start=\"2084\" data-end=\"2087\"><strong data-start=\"2087\" data-end=\"2153\"><em data-start=\"2089\" data-end=\"2151\">Bitte beachten Sie: Dieses Produkt kann nur \u00fcber unseren Webshop bestellt werden.<\/em><\/strong><\/p>\n","protected":false},"featured_media":11359,"template":"","meta":{"_acf_changed":false,"site-sidebar-layout":"default","site-content-layout":"","ast-site-content-layout":"default","site-content-style":"default","site-sidebar-style":"default","ast-global-header-display":"","ast-banner-title-visibility":"","ast-main-header-display":"","ast-hfb-above-header-display":"","ast-hfb-below-header-display":"","ast-hfb-mobile-header-display":"","site-post-title":"","ast-breadcrumbs-content":"","ast-featured-img":"","footer-sml-layout":"","ast-disable-related-posts":"","theme-transparent-header-meta":"default","adv-header-id-meta":"","stick-header-meta":"","header-above-stick-meta":"","header-main-stick-meta":"","header-below-stick-meta":"","astra-migrate-meta-layouts":"default","ast-page-background-enabled":"default","ast-page-background-meta":{"desktop":{"background-color":"","background-image":"","background-repeat":"repeat","background-position":"center center","background-size":"auto","background-attachment":"scroll","background-type":"","background-media":"","overlay-type":"","overlay-color":"","overlay-opacity":"","overlay-gradient":""},"tablet":{"background-color":"","background-image":"","background-repeat":"repeat","background-position":"center center","background-size":"auto","background-attachment":"scroll","background-type":"","background-media":"","overlay-type":"","overlay-color":"","overlay-opacity":"","overlay-gradient":""},"mobile":{"background-color":"","background-image":"","background-repeat":"repeat","background-position":"center center","background-size":"auto","background-attachment":"scroll","background-type":"","background-media":"","overlay-type":"","overlay-color":"","overlay-opacity":"","overlay-gradient":""}},"ast-content-background-meta":{"desktop":{"background-color":"var(--ast-global-color-5)","background-image":"","background-repeat":"repeat","background-position":"center center","background-size":"auto","background-attachment":"scroll","background-type":"","background-media":"","overlay-type":"","overlay-color":"","overlay-opacity":"","overlay-gradient":""},"tablet":{"background-color":"var(--ast-global-color-5)","background-image":"","background-repeat":"repeat","background-position":"center center","background-size":"auto","background-attachment":"scroll","background-type":"","background-media":"","overlay-type":"","overlay-color":"","overlay-opacity":"","overlay-gradient":""},"mobile":{"background-color":"var(--ast-global-color-5)","background-image":"","background-repeat":"repeat","background-position":"center center","background-size":"auto","background-attachment":"scroll","background-type":"","background-media":"","overlay-type":"","overlay-color":"","overlay-opacity":"","overlay-gradient":""}}},"product_brand":[315],"product_cat":[735,599],"product_tag":[],"class_list":{"0":"post-16110","1":"product","2":"type-product","3":"status-publish","4":"has-post-thumbnail","6":"product_brand-gardena","7":"product_cat-handspruher","8":"product_cat-postenhandel","9":"pa_merk-gardena","10":"desktop-align-left","11":"tablet-align-left","12":"mobile-align-left","14":"first","15":"instock","16":"taxable","17":"shipping-taxable","18":"purchasable","19":"product-type-simple"},"acf":[],"yoast_head":"<!-- This site is optimized with the Yoast SEO plugin v27.5 - https:\/\/yoast.com\/product\/yoast-seo-wordpress\/ -->\n<title>Bew\u00e4sserungsset im Innenbereich - DHZ Outlet &amp; Partijhandel<\/title>\n<meta name=\"robots\" content=\"index, follow, max-snippet:-1, max-image-preview:large, max-video-preview:-1\" \/>\n<link rel=\"canonical\" href=\"https:\/\/partijhandeldhz.nl\/de\/produkt\/bewaesserungsset-im-innenbereich-2\/\" \/>\n<meta property=\"og:locale\" content=\"de_DE\" \/>\n<meta property=\"og:type\" content=\"article\" \/>\n<meta property=\"og:title\" content=\"Bew\u00e4sserungsset im Innenbereich - DHZ Outlet &amp; Partijhandel\" \/>\n<meta property=\"og:description\" content=\"Das Gardena Wasserset Indoor ist ein kompaktes, vollst\u00e4ndiges Set zum sorgf\u00e4ltigen Gie\u00dfen von Pflanzen auf Balkonen, Terrassen oder Innenr\u00e4umen. Beinhaltet einen weichen Balkonspr\u00fcher, einen Wasserhahnanschluss und einen Wasserstopp. Bitte beachten Sie: Dieses Produkt kann nur \u00fcber unseren Webshop bestellt werden.\" \/>\n<meta property=\"og:url\" content=\"https:\/\/partijhandeldhz.nl\/de\/produkt\/bewaesserungsset-im-innenbereich-2\/\" \/>\n<meta property=\"og:site_name\" content=\"DHZ Outlet &amp; Partijhandel\" \/>\n<meta property=\"article:publisher\" content=\"https:\/\/www.facebook.com\/people\/Partijhandel-DHZ\/61573487458594\/\" \/>\n<meta property=\"og:image\" content=\"https:\/\/partijhandeldhz.nl\/wp-content\/uploads\/2025\/11\/Afbeelding-1-9.jpg\" \/>\n\t<meta property=\"og:image:width\" content=\"1000\" \/>\n\t<meta property=\"og:image:height\" content=\"1000\" \/>\n\t<meta property=\"og:image:type\" content=\"image\/jpeg\" \/>\n<meta name=\"twitter:card\" content=\"summary_large_image\" \/>\n<meta name=\"twitter:label1\" content=\"Gesch\u00e4tzte Lesezeit\" \/>\n\t<meta name=\"twitter:data1\" content=\"2\u00a0Minuten\" \/>\n<script type=\"application\/ld+json\" class=\"yoast-schema-graph\">{\"@context\":\"https:\\\/\\\/schema.org\",\"@graph\":[{\"@type\":\"WebPage\",\"@id\":\"https:\\\/\\\/partijhandeldhz.nl\\\/de\\\/produkt\\\/bewaesserungsset-im-innenbereich-2\\\/\",\"url\":\"https:\\\/\\\/partijhandeldhz.nl\\\/de\\\/produkt\\\/bewaesserungsset-im-innenbereich-2\\\/\",\"name\":\"Bew\u00e4sserungsset im Innenbereich - DHZ Outlet &amp; Partijhandel\",\"isPartOf\":{\"@id\":\"https:\\\/\\\/partijhandeldhz.nl\\\/de\\\/#website\"},\"primaryImageOfPage\":{\"@id\":\"https:\\\/\\\/partijhandeldhz.nl\\\/de\\\/produkt\\\/bewaesserungsset-im-innenbereich-2\\\/#primaryimage\"},\"image\":{\"@id\":\"https:\\\/\\\/partijhandeldhz.nl\\\/de\\\/produkt\\\/bewaesserungsset-im-innenbereich-2\\\/#primaryimage\"},\"thumbnailUrl\":\"https:\\\/\\\/partijhandeldhz.nl\\\/wp-content\\\/uploads\\\/2025\\\/11\\\/Afbeelding-1-9.jpg\",\"datePublished\":\"2025-11-19T13:49:12+00:00\",\"breadcrumb\":{\"@id\":\"https:\\\/\\\/partijhandeldhz.nl\\\/de\\\/produkt\\\/bewaesserungsset-im-innenbereich-2\\\/#breadcrumb\"},\"inLanguage\":\"de\",\"potentialAction\":[{\"@type\":\"ReadAction\",\"target\":[\"https:\\\/\\\/partijhandeldhz.nl\\\/de\\\/produkt\\\/bewaesserungsset-im-innenbereich-2\\\/\"]}]},{\"@type\":\"ImageObject\",\"inLanguage\":\"de\",\"@id\":\"https:\\\/\\\/partijhandeldhz.nl\\\/de\\\/produkt\\\/bewaesserungsset-im-innenbereich-2\\\/#primaryimage\",\"url\":\"https:\\\/\\\/partijhandeldhz.nl\\\/wp-content\\\/uploads\\\/2025\\\/11\\\/Afbeelding-1-9.jpg\",\"contentUrl\":\"https:\\\/\\\/partijhandeldhz.nl\\\/wp-content\\\/uploads\\\/2025\\\/11\\\/Afbeelding-1-9.jpg\",\"width\":1000,\"height\":1000},{\"@type\":\"BreadcrumbList\",\"@id\":\"https:\\\/\\\/partijhandeldhz.nl\\\/de\\\/produkt\\\/bewaesserungsset-im-innenbereich-2\\\/#breadcrumb\",\"itemListElement\":[{\"@type\":\"ListItem\",\"position\":1,\"name\":\"Home\",\"item\":\"https:\\\/\\\/partijhandeldhz.nl\\\/de\\\/\"},{\"@type\":\"ListItem\",\"position\":2,\"name\":\"Shop\",\"item\":\"https:\\\/\\\/partijhandeldhz.nl\\\/de\\\/shop\\\/\"},{\"@type\":\"ListItem\",\"position\":3,\"name\":\"Bew\u00e4sserungsset im Innenbereich\"}]},{\"@type\":\"WebSite\",\"@id\":\"https:\\\/\\\/partijhandeldhz.nl\\\/de\\\/#website\",\"url\":\"https:\\\/\\\/partijhandeldhz.nl\\\/de\\\/\",\"name\":\"DHZ Outlet & Partijhandel\",\"description\":\"Grote en kleine partijen, altijd de scherpste prijs!\",\"publisher\":{\"@id\":\"https:\\\/\\\/partijhandeldhz.nl\\\/de\\\/#organization\"},\"potentialAction\":[{\"@type\":\"SearchAction\",\"target\":{\"@type\":\"EntryPoint\",\"urlTemplate\":\"https:\\\/\\\/partijhandeldhz.nl\\\/de\\\/?s={search_term_string}\"},\"query-input\":{\"@type\":\"PropertyValueSpecification\",\"valueRequired\":true,\"valueName\":\"search_term_string\"}}],\"inLanguage\":\"de\"},{\"@type\":\"Organization\",\"@id\":\"https:\\\/\\\/partijhandeldhz.nl\\\/de\\\/#organization\",\"name\":\"DHZ Outlet & Partijhandel\",\"url\":\"https:\\\/\\\/partijhandeldhz.nl\\\/de\\\/\",\"logo\":{\"@type\":\"ImageObject\",\"inLanguage\":\"de\",\"@id\":\"https:\\\/\\\/partijhandeldhz.nl\\\/de\\\/#\\\/schema\\\/logo\\\/image\\\/\",\"url\":\"https:\\\/\\\/partijhandeldhz.nl\\\/wp-content\\\/uploads\\\/2025\\\/03\\\/1.png\",\"contentUrl\":\"https:\\\/\\\/partijhandeldhz.nl\\\/wp-content\\\/uploads\\\/2025\\\/03\\\/1.png\",\"width\":1000,\"height\":500,\"caption\":\"DHZ Outlet & Partijhandel\"},\"image\":{\"@id\":\"https:\\\/\\\/partijhandeldhz.nl\\\/de\\\/#\\\/schema\\\/logo\\\/image\\\/\"},\"sameAs\":[\"https:\\\/\\\/www.facebook.com\\\/people\\\/Partijhandel-DHZ\\\/61573487458594\\\/\",\"https:\\\/\\\/www.instagram.com\\\/partijhandeldhz\\\/\"]}]}<\/script>\n<!-- \/ Yoast SEO plugin. -->","yoast_head_json":{"title":"Bew\u00e4sserungsset im Innenbereich - DHZ Outlet &amp; Partijhandel","robots":{"index":"index","follow":"follow","max-snippet":"max-snippet:-1","max-image-preview":"max-image-preview:large","max-video-preview":"max-video-preview:-1"},"canonical":"https:\/\/partijhandeldhz.nl\/de\/produkt\/bewaesserungsset-im-innenbereich-2\/","og_locale":"de_DE","og_type":"article","og_title":"Bew\u00e4sserungsset im Innenbereich - DHZ Outlet &amp; Partijhandel","og_description":"Das Gardena Wasserset Indoor ist ein kompaktes, vollst\u00e4ndiges Set zum sorgf\u00e4ltigen Gie\u00dfen von Pflanzen auf Balkonen, Terrassen oder Innenr\u00e4umen. Beinhaltet einen weichen Balkonspr\u00fcher, einen Wasserhahnanschluss und einen Wasserstopp. Bitte beachten Sie: Dieses Produkt kann nur \u00fcber unseren Webshop bestellt werden.","og_url":"https:\/\/partijhandeldhz.nl\/de\/produkt\/bewaesserungsset-im-innenbereich-2\/","og_site_name":"DHZ Outlet &amp; Partijhandel","article_publisher":"https:\/\/www.facebook.com\/people\/Partijhandel-DHZ\/61573487458594\/","og_image":[{"width":1000,"height":1000,"url":"https:\/\/partijhandeldhz.nl\/wp-content\/uploads\/2025\/11\/Afbeelding-1-9.jpg","type":"image\/jpeg"}],"twitter_card":"summary_large_image","twitter_misc":{"Gesch\u00e4tzte Lesezeit":"2\u00a0Minuten"},"schema":{"@context":"https:\/\/schema.org","@graph":[{"@type":"WebPage","@id":"https:\/\/partijhandeldhz.nl\/de\/produkt\/bewaesserungsset-im-innenbereich-2\/","url":"https:\/\/partijhandeldhz.nl\/de\/produkt\/bewaesserungsset-im-innenbereich-2\/","name":"Bew\u00e4sserungsset im Innenbereich - DHZ Outlet &amp; Partijhandel","isPartOf":{"@id":"https:\/\/partijhandeldhz.nl\/de\/#website"},"primaryImageOfPage":{"@id":"https:\/\/partijhandeldhz.nl\/de\/produkt\/bewaesserungsset-im-innenbereich-2\/#primaryimage"},"image":{"@id":"https:\/\/partijhandeldhz.nl\/de\/produkt\/bewaesserungsset-im-innenbereich-2\/#primaryimage"},"thumbnailUrl":"https:\/\/partijhandeldhz.nl\/wp-content\/uploads\/2025\/11\/Afbeelding-1-9.jpg","datePublished":"2025-11-19T13:49:12+00:00","breadcrumb":{"@id":"https:\/\/partijhandeldhz.nl\/de\/produkt\/bewaesserungsset-im-innenbereich-2\/#breadcrumb"},"inLanguage":"de","potentialAction":[{"@type":"ReadAction","target":["https:\/\/partijhandeldhz.nl\/de\/produkt\/bewaesserungsset-im-innenbereich-2\/"]}]},{"@type":"ImageObject","inLanguage":"de","@id":"https:\/\/partijhandeldhz.nl\/de\/produkt\/bewaesserungsset-im-innenbereich-2\/#primaryimage","url":"https:\/\/partijhandeldhz.nl\/wp-content\/uploads\/2025\/11\/Afbeelding-1-9.jpg","contentUrl":"https:\/\/partijhandeldhz.nl\/wp-content\/uploads\/2025\/11\/Afbeelding-1-9.jpg","width":1000,"height":1000},{"@type":"BreadcrumbList","@id":"https:\/\/partijhandeldhz.nl\/de\/produkt\/bewaesserungsset-im-innenbereich-2\/#breadcrumb","itemListElement":[{"@type":"ListItem","position":1,"name":"Home","item":"https:\/\/partijhandeldhz.nl\/de\/"},{"@type":"ListItem","position":2,"name":"Shop","item":"https:\/\/partijhandeldhz.nl\/de\/shop\/"},{"@type":"ListItem","position":3,"name":"Bew\u00e4sserungsset im Innenbereich"}]},{"@type":"WebSite","@id":"https:\/\/partijhandeldhz.nl\/de\/#website","url":"https:\/\/partijhandeldhz.nl\/de\/","name":"DHZ Outlet & Partijhandel","description":"Grote en kleine partijen, altijd de scherpste prijs!","publisher":{"@id":"https:\/\/partijhandeldhz.nl\/de\/#organization"},"potentialAction":[{"@type":"SearchAction","target":{"@type":"EntryPoint","urlTemplate":"https:\/\/partijhandeldhz.nl\/de\/?s={search_term_string}"},"query-input":{"@type":"PropertyValueSpecification","valueRequired":true,"valueName":"search_term_string"}}],"inLanguage":"de"},{"@type":"Organization","@id":"https:\/\/partijhandeldhz.nl\/de\/#organization","name":"DHZ Outlet & Partijhandel","url":"https:\/\/partijhandeldhz.nl\/de\/","logo":{"@type":"ImageObject","inLanguage":"de","@id":"https:\/\/partijhandeldhz.nl\/de\/#\/schema\/logo\/image\/","url":"https:\/\/partijhandeldhz.nl\/wp-content\/uploads\/2025\/03\/1.png","contentUrl":"https:\/\/partijhandeldhz.nl\/wp-content\/uploads\/2025\/03\/1.png","width":1000,"height":500,"caption":"DHZ Outlet & Partijhandel"},"image":{"@id":"https:\/\/partijhandeldhz.nl\/de\/#\/schema\/logo\/image\/"},"sameAs":["https:\/\/www.facebook.com\/people\/Partijhandel-DHZ\/61573487458594\/","https:\/\/www.instagram.com\/partijhandeldhz\/"]}]}},"jetpack_sharing_enabled":true,"_links":{"self":[{"href":"https:\/\/partijhandeldhz.nl\/de\/wp-json\/wp\/v2\/product\/16110","targetHints":{"allow":["GET"]}}],"collection":[{"href":"https:\/\/partijhandeldhz.nl\/de\/wp-json\/wp\/v2\/product"}],"about":[{"href":"https:\/\/partijhandeldhz.nl\/de\/wp-json\/wp\/v2\/types\/product"}],"version-history":[{"count":0,"href":"https:\/\/partijhandeldhz.nl\/de\/wp-json\/wp\/v2\/product\/16110\/revisions"}],"wp:featuredmedia":[{"embeddable":true,"href":"https:\/\/partijhandeldhz.nl\/de\/wp-json\/wp\/v2\/media\/11359"}],"wp:attachment":[{"href":"https:\/\/partijhandeldhz.nl\/de\/wp-json\/wp\/v2\/media?parent=16110"}],"wp:term":[{"taxonomy":"product_brand","embeddable":true,"href":"https:\/\/partijhandeldhz.nl\/de\/wp-json\/wp\/v2\/product_brand?post=16110"},{"taxonomy":"product_cat","embeddable":true,"href":"https:\/\/partijhandeldhz.nl\/de\/wp-json\/wp\/v2\/product_cat?post=16110"},{"taxonomy":"product_tag","embeddable":true,"href":"https:\/\/partijhandeldhz.nl\/de\/wp-json\/wp\/v2\/product_tag?post=16110"}],"curies":[{"name":"wp","href":"https:\/\/api.w.org\/{rel}","templated":true}]}}