{"id":16075,"date":"2025-11-19T11:13:45","date_gmt":"2025-11-19T11:13:45","guid":{"rendered":"https:\/\/partijhandeldhz.nl\/product\/micro-tropf-giessen-15m-set\/"},"modified":"2025-11-19T11:13:45","modified_gmt":"2025-11-19T11:13:45","slug":"micro-tropf-giessen-15m-set","status":"publish","type":"product","link":"https:\/\/partijhandeldhz.nl\/de\/produkt\/micro-tropf-giessen-15m-set\/","title":{"rendered":"Micro-Tropf-Gie\u00dfen 15m (Set)"},"content":{"rendered":"<p data-start=\"104\" data-end=\"484\"><em data-start=\"109\" data-end=\"151\">Die Gardena Micro-Drip Bew\u00e4sserung 15 m (Set) ist eine einsatzbereite<\/em> und wassersparende L\u00f6sung zur pr\u00e4zisen Bew\u00e4sserung von Pflanzenreihen, Buchsbaum, Blumenbeeten und empfindlichen Pflanzen. Dieses komplette Set ist Teil des Gardena Micro-Drip-Systems und sorgt daf\u00fcr, dass Ihre Pflanzen kontinuierlich und gleichm\u00e4\u00dfig Wasser erhalten \u2013 genau dort, wo es gebraucht wird, direkt an den Wurzeln. <\/p>\n<p data-start=\"486\" data-end=\"864\">Das Set l\u00e4sst sich einfach in nur drei Schritten installieren: Den Gartenschlauch an die Haupteinheit 1000 anschlie\u00dfen, das 15 Meter lange Tropfrohr entlang der Pflanzen setzen und es mit den mitgelieferten R\u00f6hrenhaltern sichern. Dank der integrierten Tropfen alle 30 cm erhalten Pflanzen wie Tomaten, Buchsbaum oder Blumen eine konstante Wasserzufuhr von 1,6 Litern pro Stunde. <\/p>\n<p data-start=\"866\" data-end=\"1294\">Die Tropfer verf\u00fcgen \u00fcber eine Self-Clean-Labyrinth-Technologie, die es dem System erm\u00f6glicht, sich selbst zu reinigen und Verstopfungen zu verhindern \u2013 ideal f\u00fcr eine langfristige, problemlose Nutzung. Das Set kann auch auf 30 Meter mit einem zus\u00e4tzlichen Tropfrohr (Art. Nr. 1362-20) erweitert werden. Falls n\u00f6tig, installieren Sie einen Gardena-Bew\u00e4sserungscomputer f\u00fcr ein vollautomatisches Bew\u00e4ssern und sparen Sie Wasser, Zeit und Aufwand.  <\/p>\n<p data-start=\"1296\" data-end=\"1427\">Mit diesem Gardena Micro-Drip-Set geben Sie Ihren Pflanzen auf effiziente, nachhaltige und genaue Weise die richtige Menge Wasser.<\/p>\n<h2 data-start=\"1767\" data-end=\"1797\"><strong data-start=\"1770\" data-end=\"1797\">Schl\u00fcsselmerkmale<\/strong><\/h2>\n<ul>\n<li data-start=\"1801\" data-end=\"1861\">Komplettes Set zum Gie\u00dfen von Pflanzen- und Pflanzenreihen<\/li>\n<li data-start=\"1864\" data-end=\"1920\">Beinhaltet ein 15 m langes Tropfrohr mit Tropfrohren alle 30 cm<\/li>\n<li data-start=\"1923\" data-end=\"1971\">Wasserzufuhr pro Tropfer: 1,6 Liter pro Stunde<\/li>\n<li data-start=\"1974\" data-end=\"2029\">Self-Clean-Labyrinth-Technologie verhindert Verstopfungen<\/li>\n<li data-start=\"2032\" data-end=\"2072\">Einfache Drei-Schritt-Einrichtung<\/li>\n<li data-start=\"2075\" data-end=\"2143\">Geeignet f\u00fcr Buchsbaum, Blumen, Tomaten und andere empfindliche Pflanzen<\/li>\n<li data-start=\"2146\" data-end=\"2190\">Verl\u00e4ngerbar auf 30 m (Art. Nr. 1362-20)<\/li>\n<li data-start=\"2193\" data-end=\"2239\">Kompatibel mit Gardena-Bew\u00e4sserungscomputern<\/li>\n<li data-start=\"2242\" data-end=\"2290\">Wassersparendes und pr\u00e4zises Mikrotropfsystem<\/li>\n<li data-start=\"2293\" data-end=\"2311\">EAN: 4078500018241<\/li>\n<\/ul>\n","protected":false},"excerpt":{"rendered":"<p>Die Gardena Micro-Drip Bew\u00e4sserung 15 m (Set) sorgt f\u00fcr eine pr\u00e4zise und wassersparende Bew\u00e4sserung von Pflanzenreihen, Buchsbaum und Pflanzen. Enth\u00e4lt Tropfrohr, Tropfer und alle notwendigen Zubeh\u00f6rteile f\u00fcr die direkte Installation.<br \/>\n<br data-start=\"1691\" data-end=\"1694\"><strong data-start=\"1694\" data-end=\"1760\"><em data-start=\"1696\" data-end=\"1758\">Bitte beachten Sie: Dieses Produkt kann nur \u00fcber unseren Webshop bestellt werden.<\/em><\/strong><\/p>\n","protected":false},"featured_media":11289,"template":"","meta":{"_acf_changed":false,"site-sidebar-layout":"default","site-content-layout":"","ast-site-content-layout":"default","site-content-style":"default","site-sidebar-style":"default","ast-global-header-display":"","ast-banner-title-visibility":"","ast-main-header-display":"","ast-hfb-above-header-display":"","ast-hfb-below-header-display":"","ast-hfb-mobile-header-display":"","site-post-title":"","ast-breadcrumbs-content":"","ast-featured-img":"","footer-sml-layout":"","ast-disable-related-posts":"","theme-transparent-header-meta":"default","adv-header-id-meta":"","stick-header-meta":"","header-above-stick-meta":"","header-main-stick-meta":"","header-below-stick-meta":"","astra-migrate-meta-layouts":"default","ast-page-background-enabled":"default","ast-page-background-meta":{"desktop":{"background-color":"","background-image":"","background-repeat":"repeat","background-position":"center center","background-size":"auto","background-attachment":"scroll","background-type":"","background-media":"","overlay-type":"","overlay-color":"","overlay-opacity":"","overlay-gradient":""},"tablet":{"background-color":"","background-image":"","background-repeat":"repeat","background-position":"center center","background-size":"auto","background-attachment":"scroll","background-type":"","background-media":"","overlay-type":"","overlay-color":"","overlay-opacity":"","overlay-gradient":""},"mobile":{"background-color":"","background-image":"","background-repeat":"repeat","background-position":"center center","background-size":"auto","background-attachment":"scroll","background-type":"","background-media":"","overlay-type":"","overlay-color":"","overlay-opacity":"","overlay-gradient":""}},"ast-content-background-meta":{"desktop":{"background-color":"var(--ast-global-color-5)","background-image":"","background-repeat":"repeat","background-position":"center center","background-size":"auto","background-attachment":"scroll","background-type":"","background-media":"","overlay-type":"","overlay-color":"","overlay-opacity":"","overlay-gradient":""},"tablet":{"background-color":"var(--ast-global-color-5)","background-image":"","background-repeat":"repeat","background-position":"center center","background-size":"auto","background-attachment":"scroll","background-type":"","background-media":"","overlay-type":"","overlay-color":"","overlay-opacity":"","overlay-gradient":""},"mobile":{"background-color":"var(--ast-global-color-5)","background-image":"","background-repeat":"repeat","background-position":"center center","background-size":"auto","background-attachment":"scroll","background-type":"","background-media":"","overlay-type":"","overlay-color":"","overlay-opacity":"","overlay-gradient":""}}},"product_brand":[315],"product_cat":[599,764],"product_tag":[],"class_list":{"0":"post-16075","1":"product","2":"type-product","3":"status-publish","4":"has-post-thumbnail","6":"product_brand-gardena","7":"product_cat-postenhandel","8":"product_cat-schlangen","9":"pa_merk-gardena","10":"desktop-align-left","11":"tablet-align-left","12":"mobile-align-left","14":"first","15":"instock","16":"taxable","17":"shipping-taxable","18":"purchasable","19":"product-type-simple"},"acf":[],"yoast_head":"<!-- This site is optimized with the Yoast SEO plugin v27.5 - https:\/\/yoast.com\/product\/yoast-seo-wordpress\/ -->\n<title>Micro-Tropf-Gie\u00dfen 15m (Set) - DHZ Outlet &amp; Partijhandel<\/title>\n<meta name=\"robots\" content=\"index, follow, max-snippet:-1, max-image-preview:large, max-video-preview:-1\" \/>\n<link rel=\"canonical\" href=\"https:\/\/partijhandeldhz.nl\/de\/produkt\/micro-tropf-giessen-15m-set\/\" \/>\n<meta property=\"og:locale\" content=\"de_DE\" \/>\n<meta property=\"og:type\" content=\"article\" \/>\n<meta property=\"og:title\" content=\"Micro-Tropf-Gie\u00dfen 15m (Set) - DHZ Outlet &amp; Partijhandel\" \/>\n<meta property=\"og:description\" content=\"Die Gardena Micro-Drip Bew\u00e4sserung 15 m (Set) sorgt f\u00fcr eine pr\u00e4zise und wassersparende Bew\u00e4sserung von Pflanzenreihen, Buchsbaum und Pflanzen. Enth\u00e4lt Tropfrohr, Tropfer und alle notwendigen Zubeh\u00f6rteile f\u00fcr die direkte Installation. Bitte beachten Sie: Dieses Produkt kann nur \u00fcber unseren Webshop bestellt werden.\" \/>\n<meta property=\"og:url\" content=\"https:\/\/partijhandeldhz.nl\/de\/produkt\/micro-tropf-giessen-15m-set\/\" \/>\n<meta property=\"og:site_name\" content=\"DHZ Outlet &amp; Partijhandel\" \/>\n<meta property=\"article:publisher\" content=\"https:\/\/www.facebook.com\/people\/Partijhandel-DHZ\/61573487458594\/\" \/>\n<meta property=\"og:image\" content=\"https:\/\/partijhandeldhz.nl\/wp-content\/uploads\/2025\/11\/Afbeelding-1-4.jpg\" \/>\n\t<meta property=\"og:image:width\" content=\"1000\" \/>\n\t<meta property=\"og:image:height\" content=\"1000\" \/>\n\t<meta property=\"og:image:type\" content=\"image\/jpeg\" \/>\n<meta name=\"twitter:card\" content=\"summary_large_image\" \/>\n<meta name=\"twitter:label1\" content=\"Gesch\u00e4tzte Lesezeit\" \/>\n\t<meta name=\"twitter:data1\" content=\"1\u00a0Minute\" \/>\n<script type=\"application\/ld+json\" class=\"yoast-schema-graph\">{\"@context\":\"https:\\\/\\\/schema.org\",\"@graph\":[{\"@type\":\"WebPage\",\"@id\":\"https:\\\/\\\/partijhandeldhz.nl\\\/de\\\/produkt\\\/micro-tropf-giessen-15m-set\\\/\",\"url\":\"https:\\\/\\\/partijhandeldhz.nl\\\/de\\\/produkt\\\/micro-tropf-giessen-15m-set\\\/\",\"name\":\"Micro-Tropf-Gie\u00dfen 15m (Set) - DHZ Outlet &amp; Partijhandel\",\"isPartOf\":{\"@id\":\"https:\\\/\\\/partijhandeldhz.nl\\\/de\\\/#website\"},\"primaryImageOfPage\":{\"@id\":\"https:\\\/\\\/partijhandeldhz.nl\\\/de\\\/produkt\\\/micro-tropf-giessen-15m-set\\\/#primaryimage\"},\"image\":{\"@id\":\"https:\\\/\\\/partijhandeldhz.nl\\\/de\\\/produkt\\\/micro-tropf-giessen-15m-set\\\/#primaryimage\"},\"thumbnailUrl\":\"https:\\\/\\\/partijhandeldhz.nl\\\/wp-content\\\/uploads\\\/2025\\\/11\\\/Afbeelding-1-4.jpg\",\"datePublished\":\"2025-11-19T11:13:45+00:00\",\"breadcrumb\":{\"@id\":\"https:\\\/\\\/partijhandeldhz.nl\\\/de\\\/produkt\\\/micro-tropf-giessen-15m-set\\\/#breadcrumb\"},\"inLanguage\":\"de\",\"potentialAction\":[{\"@type\":\"ReadAction\",\"target\":[\"https:\\\/\\\/partijhandeldhz.nl\\\/de\\\/produkt\\\/micro-tropf-giessen-15m-set\\\/\"]}]},{\"@type\":\"ImageObject\",\"inLanguage\":\"de\",\"@id\":\"https:\\\/\\\/partijhandeldhz.nl\\\/de\\\/produkt\\\/micro-tropf-giessen-15m-set\\\/#primaryimage\",\"url\":\"https:\\\/\\\/partijhandeldhz.nl\\\/wp-content\\\/uploads\\\/2025\\\/11\\\/Afbeelding-1-4.jpg\",\"contentUrl\":\"https:\\\/\\\/partijhandeldhz.nl\\\/wp-content\\\/uploads\\\/2025\\\/11\\\/Afbeelding-1-4.jpg\",\"width\":1000,\"height\":1000},{\"@type\":\"BreadcrumbList\",\"@id\":\"https:\\\/\\\/partijhandeldhz.nl\\\/de\\\/produkt\\\/micro-tropf-giessen-15m-set\\\/#breadcrumb\",\"itemListElement\":[{\"@type\":\"ListItem\",\"position\":1,\"name\":\"Home\",\"item\":\"https:\\\/\\\/partijhandeldhz.nl\\\/de\\\/\"},{\"@type\":\"ListItem\",\"position\":2,\"name\":\"Shop\",\"item\":\"https:\\\/\\\/partijhandeldhz.nl\\\/de\\\/shop\\\/\"},{\"@type\":\"ListItem\",\"position\":3,\"name\":\"Micro-Tropf-Gie\u00dfen 15m (Set)\"}]},{\"@type\":\"WebSite\",\"@id\":\"https:\\\/\\\/partijhandeldhz.nl\\\/de\\\/#website\",\"url\":\"https:\\\/\\\/partijhandeldhz.nl\\\/de\\\/\",\"name\":\"DHZ Outlet & Partijhandel\",\"description\":\"Grote en kleine partijen, altijd de scherpste prijs!\",\"publisher\":{\"@id\":\"https:\\\/\\\/partijhandeldhz.nl\\\/de\\\/#organization\"},\"potentialAction\":[{\"@type\":\"SearchAction\",\"target\":{\"@type\":\"EntryPoint\",\"urlTemplate\":\"https:\\\/\\\/partijhandeldhz.nl\\\/de\\\/?s={search_term_string}\"},\"query-input\":{\"@type\":\"PropertyValueSpecification\",\"valueRequired\":true,\"valueName\":\"search_term_string\"}}],\"inLanguage\":\"de\"},{\"@type\":\"Organization\",\"@id\":\"https:\\\/\\\/partijhandeldhz.nl\\\/de\\\/#organization\",\"name\":\"DHZ Outlet & Partijhandel\",\"url\":\"https:\\\/\\\/partijhandeldhz.nl\\\/de\\\/\",\"logo\":{\"@type\":\"ImageObject\",\"inLanguage\":\"de\",\"@id\":\"https:\\\/\\\/partijhandeldhz.nl\\\/de\\\/#\\\/schema\\\/logo\\\/image\\\/\",\"url\":\"https:\\\/\\\/partijhandeldhz.nl\\\/wp-content\\\/uploads\\\/2025\\\/03\\\/1.png\",\"contentUrl\":\"https:\\\/\\\/partijhandeldhz.nl\\\/wp-content\\\/uploads\\\/2025\\\/03\\\/1.png\",\"width\":1000,\"height\":500,\"caption\":\"DHZ Outlet & Partijhandel\"},\"image\":{\"@id\":\"https:\\\/\\\/partijhandeldhz.nl\\\/de\\\/#\\\/schema\\\/logo\\\/image\\\/\"},\"sameAs\":[\"https:\\\/\\\/www.facebook.com\\\/people\\\/Partijhandel-DHZ\\\/61573487458594\\\/\",\"https:\\\/\\\/www.instagram.com\\\/partijhandeldhz\\\/\"]}]}<\/script>\n<!-- \/ Yoast SEO plugin. -->","yoast_head_json":{"title":"Micro-Tropf-Gie\u00dfen 15m (Set) - DHZ Outlet &amp; Partijhandel","robots":{"index":"index","follow":"follow","max-snippet":"max-snippet:-1","max-image-preview":"max-image-preview:large","max-video-preview":"max-video-preview:-1"},"canonical":"https:\/\/partijhandeldhz.nl\/de\/produkt\/micro-tropf-giessen-15m-set\/","og_locale":"de_DE","og_type":"article","og_title":"Micro-Tropf-Gie\u00dfen 15m (Set) - DHZ Outlet &amp; Partijhandel","og_description":"Die Gardena Micro-Drip Bew\u00e4sserung 15 m (Set) sorgt f\u00fcr eine pr\u00e4zise und wassersparende Bew\u00e4sserung von Pflanzenreihen, Buchsbaum und Pflanzen. Enth\u00e4lt Tropfrohr, Tropfer und alle notwendigen Zubeh\u00f6rteile f\u00fcr die direkte Installation. Bitte beachten Sie: Dieses Produkt kann nur \u00fcber unseren Webshop bestellt werden.","og_url":"https:\/\/partijhandeldhz.nl\/de\/produkt\/micro-tropf-giessen-15m-set\/","og_site_name":"DHZ Outlet &amp; Partijhandel","article_publisher":"https:\/\/www.facebook.com\/people\/Partijhandel-DHZ\/61573487458594\/","og_image":[{"width":1000,"height":1000,"url":"https:\/\/partijhandeldhz.nl\/wp-content\/uploads\/2025\/11\/Afbeelding-1-4.jpg","type":"image\/jpeg"}],"twitter_card":"summary_large_image","twitter_misc":{"Gesch\u00e4tzte Lesezeit":"1\u00a0Minute"},"schema":{"@context":"https:\/\/schema.org","@graph":[{"@type":"WebPage","@id":"https:\/\/partijhandeldhz.nl\/de\/produkt\/micro-tropf-giessen-15m-set\/","url":"https:\/\/partijhandeldhz.nl\/de\/produkt\/micro-tropf-giessen-15m-set\/","name":"Micro-Tropf-Gie\u00dfen 15m (Set) - DHZ Outlet &amp; Partijhandel","isPartOf":{"@id":"https:\/\/partijhandeldhz.nl\/de\/#website"},"primaryImageOfPage":{"@id":"https:\/\/partijhandeldhz.nl\/de\/produkt\/micro-tropf-giessen-15m-set\/#primaryimage"},"image":{"@id":"https:\/\/partijhandeldhz.nl\/de\/produkt\/micro-tropf-giessen-15m-set\/#primaryimage"},"thumbnailUrl":"https:\/\/partijhandeldhz.nl\/wp-content\/uploads\/2025\/11\/Afbeelding-1-4.jpg","datePublished":"2025-11-19T11:13:45+00:00","breadcrumb":{"@id":"https:\/\/partijhandeldhz.nl\/de\/produkt\/micro-tropf-giessen-15m-set\/#breadcrumb"},"inLanguage":"de","potentialAction":[{"@type":"ReadAction","target":["https:\/\/partijhandeldhz.nl\/de\/produkt\/micro-tropf-giessen-15m-set\/"]}]},{"@type":"ImageObject","inLanguage":"de","@id":"https:\/\/partijhandeldhz.nl\/de\/produkt\/micro-tropf-giessen-15m-set\/#primaryimage","url":"https:\/\/partijhandeldhz.nl\/wp-content\/uploads\/2025\/11\/Afbeelding-1-4.jpg","contentUrl":"https:\/\/partijhandeldhz.nl\/wp-content\/uploads\/2025\/11\/Afbeelding-1-4.jpg","width":1000,"height":1000},{"@type":"BreadcrumbList","@id":"https:\/\/partijhandeldhz.nl\/de\/produkt\/micro-tropf-giessen-15m-set\/#breadcrumb","itemListElement":[{"@type":"ListItem","position":1,"name":"Home","item":"https:\/\/partijhandeldhz.nl\/de\/"},{"@type":"ListItem","position":2,"name":"Shop","item":"https:\/\/partijhandeldhz.nl\/de\/shop\/"},{"@type":"ListItem","position":3,"name":"Micro-Tropf-Gie\u00dfen 15m (Set)"}]},{"@type":"WebSite","@id":"https:\/\/partijhandeldhz.nl\/de\/#website","url":"https:\/\/partijhandeldhz.nl\/de\/","name":"DHZ Outlet & Partijhandel","description":"Grote en kleine partijen, altijd de scherpste prijs!","publisher":{"@id":"https:\/\/partijhandeldhz.nl\/de\/#organization"},"potentialAction":[{"@type":"SearchAction","target":{"@type":"EntryPoint","urlTemplate":"https:\/\/partijhandeldhz.nl\/de\/?s={search_term_string}"},"query-input":{"@type":"PropertyValueSpecification","valueRequired":true,"valueName":"search_term_string"}}],"inLanguage":"de"},{"@type":"Organization","@id":"https:\/\/partijhandeldhz.nl\/de\/#organization","name":"DHZ Outlet & Partijhandel","url":"https:\/\/partijhandeldhz.nl\/de\/","logo":{"@type":"ImageObject","inLanguage":"de","@id":"https:\/\/partijhandeldhz.nl\/de\/#\/schema\/logo\/image\/","url":"https:\/\/partijhandeldhz.nl\/wp-content\/uploads\/2025\/03\/1.png","contentUrl":"https:\/\/partijhandeldhz.nl\/wp-content\/uploads\/2025\/03\/1.png","width":1000,"height":500,"caption":"DHZ Outlet & Partijhandel"},"image":{"@id":"https:\/\/partijhandeldhz.nl\/de\/#\/schema\/logo\/image\/"},"sameAs":["https:\/\/www.facebook.com\/people\/Partijhandel-DHZ\/61573487458594\/","https:\/\/www.instagram.com\/partijhandeldhz\/"]}]}},"jetpack_sharing_enabled":true,"_links":{"self":[{"href":"https:\/\/partijhandeldhz.nl\/de\/wp-json\/wp\/v2\/product\/16075","targetHints":{"allow":["GET"]}}],"collection":[{"href":"https:\/\/partijhandeldhz.nl\/de\/wp-json\/wp\/v2\/product"}],"about":[{"href":"https:\/\/partijhandeldhz.nl\/de\/wp-json\/wp\/v2\/types\/product"}],"version-history":[{"count":0,"href":"https:\/\/partijhandeldhz.nl\/de\/wp-json\/wp\/v2\/product\/16075\/revisions"}],"wp:featuredmedia":[{"embeddable":true,"href":"https:\/\/partijhandeldhz.nl\/de\/wp-json\/wp\/v2\/media\/11289"}],"wp:attachment":[{"href":"https:\/\/partijhandeldhz.nl\/de\/wp-json\/wp\/v2\/media?parent=16075"}],"wp:term":[{"taxonomy":"product_brand","embeddable":true,"href":"https:\/\/partijhandeldhz.nl\/de\/wp-json\/wp\/v2\/product_brand?post=16075"},{"taxonomy":"product_cat","embeddable":true,"href":"https:\/\/partijhandeldhz.nl\/de\/wp-json\/wp\/v2\/product_cat?post=16075"},{"taxonomy":"product_tag","embeddable":true,"href":"https:\/\/partijhandeldhz.nl\/de\/wp-json\/wp\/v2\/product_tag?post=16075"}],"curies":[{"name":"wp","href":"https:\/\/api.w.org\/{rel}","templated":true}]}}