{"id":16070,"date":"2025-11-19T10:08:48","date_gmt":"2025-11-19T10:08:48","guid":{"rendered":"https:\/\/partijhandeldhz.nl\/product\/pulsierender-sektor-und-kreissprinkler-2\/"},"modified":"2025-11-19T10:08:48","modified_gmt":"2025-11-19T10:08:48","slug":"pulsierender-sektor-und-kreissprinkler-2","status":"publish","type":"product","link":"https:\/\/partijhandeldhz.nl\/de\/produkt\/pulsierender-sektor-und-kreissprinkler-2\/","title":{"rendered":"Pulsierender Sektor- und Kreissprinkler"},"content":{"rendered":"<p data-start=\"102\" data-end=\"484\">Der <em data-start=\"107\" data-end=\"153\">Gardena Pulsating Sector and Circle Sprinkler<\/em> ist ein vielseitiger und leistungsstarker <em data-start=\"190\" data-end=\"204\">Gartensprinkler<\/em> , der ideal ist, um mittelgro\u00dfe bis gro\u00dfe Rasenfl\u00e4chen und Beet effizient zu bew\u00e4ssern. Dank seines robusten Kunststoffdesigns und der zuverl\u00e4ssigen Funktionsweise ist dieser Spr\u00fcher perfekt f\u00fcr den t\u00e4glichen Gebrauch in Trockenzeiten oder f\u00fcr gezielte Pflege Ihres Gartens. <\/p>\n<p data-start=\"486\" data-end=\"786\">Mit den speziell montierten Einstellringen k\u00f6nnen Sie den gew\u00fcnschten Spr\u00fchsektor leicht von 25\u00b0 bis 360\u00b0 einstellen, sodass Sie sowohl kleine Abschnitte als auch vollst\u00e4ndige Kreise genau steuern k\u00f6nnen. Der eingestellte Sektor kann direkt auf den Ringen abgelesen werden, was die Benutzerfreundlichkeit und Pr\u00e4zision erh\u00f6ht. <\/p>\n<p data-start=\"788\" data-end=\"1011\">Der Spr\u00fcherd ist \u00fcber den gro\u00dfen, benutzerfreundlichen Drehknopf unendlich einstellbar. Dadurch kann der Wasserabstand zwischen 5 und 12,5 Metern bestimmt werden, geeignet f\u00fcr Oberfl\u00e4chen von 75 m\u00b2 bis mindestens 490 m\u00b2. <\/p>\n<p data-start=\"1013\" data-end=\"1408\">Der Sprinkler ist an einem Kunststoffnagel montiert, sodass man ihn leicht auf den Rasen stellen und an einen anderen Ort bringen kann. Dank des mitgelieferten Anschlusses und der Endkappe des Gardena-Systems k\u00f6nnen Sie den Sprinkler direkt an Ihren Gartenschlauch anschlie\u00dfen. F\u00fcr gr\u00f6\u00dfere G\u00e4rten k\u00f6nnen Sie einfach mehrere Sprinkler miteinander verbinden, um eine noch gr\u00f6\u00dfere Fl\u00e4che abzudecken.  <\/p>\n<p data-start=\"1410\" data-end=\"1547\">Mit diesem Gardena-Sektor- und Kreissprinkler sorgen Sie m\u00fchelos f\u00fcr eine gleichm\u00e4\u00dfige, pr\u00e4zise und zuverl\u00e4ssige Bew\u00e4sserung Ihres Gartens.<\/p>\n<h2 data-start=\"1912\" data-end=\"1942\"><strong data-start=\"1915\" data-end=\"1942\">Schl\u00fcsselmerkmale<\/strong><\/h2>\n<ul>\n<li data-start=\"1946\" data-end=\"2006\">Pulsierende D\u00fcse mit einstellbarem Sektor von 25\u00b0 bis 360\u00b0<\/li>\n<li data-start=\"2009\" data-end=\"2047\">Reichweite verstellbar von 5 m bis 12,5 m<\/li>\n<li data-start=\"2050\" data-end=\"2099\">Geeignet f\u00fcr Fl\u00e4chen von 75 m\u00b2 bis 490 m\u00b2<\/li>\n<li data-start=\"2102\" data-end=\"2151\">Dank des Plastikspikes leicht zu bewegen<\/li>\n<li data-start=\"2154\" data-end=\"2209\">Einschlie\u00dflich Steckverbinder und Endkappe (Gardena-System)<\/li>\n<li data-start=\"2212\" data-end=\"2274\">Wird direkt an mehrere D\u00fcsen angeschlossen, um eine gr\u00f6\u00dfere Reichweite zu erreichen.<\/li>\n<li data-start=\"2277\" data-end=\"2303\">Stabiles Kunststoffdesign<\/li>\n<li data-start=\"2306\" data-end=\"2324\">EAN: 4078500814270<\/li>\n<\/ul>\n","protected":false},"excerpt":{"rendered":"<p><em data-start=\"1586\" data-end=\"1632\">Der Gardena Pulsierende Sektor und der Kreissprinkler<\/em> bieten pr\u00e4zise Bew\u00e4sserung mit einstellbarem Sektor von 25\u00b0\u2013360\u00b0 und einer Reichweite von 5 bis 12,5 Metern. Dank des Kunststoffspikes leicht zu installieren und sofort einsatzbereit f\u00fcr das Gardena-System.<br \/>\n<br data-start=\"1836\" data-end=\"1839\"><strong data-start=\"1839\" data-end=\"1905\"><em data-start=\"1841\" data-end=\"1903\">Bitte beachten Sie: Dieses Produkt kann nur \u00fcber unseren Webshop bestellt werden.<\/em><\/strong><\/p>\n","protected":false},"featured_media":11261,"template":"","meta":{"_acf_changed":false,"site-sidebar-layout":"default","site-content-layout":"","ast-site-content-layout":"default","site-content-style":"default","site-sidebar-style":"default","ast-global-header-display":"","ast-banner-title-visibility":"","ast-main-header-display":"","ast-hfb-above-header-display":"","ast-hfb-below-header-display":"","ast-hfb-mobile-header-display":"","site-post-title":"","ast-breadcrumbs-content":"","ast-featured-img":"","footer-sml-layout":"","ast-disable-related-posts":"","theme-transparent-header-meta":"default","adv-header-id-meta":"","stick-header-meta":"","header-above-stick-meta":"","header-main-stick-meta":"","header-below-stick-meta":"","astra-migrate-meta-layouts":"default","ast-page-background-enabled":"default","ast-page-background-meta":{"desktop":{"background-color":"","background-image":"","background-repeat":"repeat","background-position":"center center","background-size":"auto","background-attachment":"scroll","background-type":"","background-media":"","overlay-type":"","overlay-color":"","overlay-opacity":"","overlay-gradient":""},"tablet":{"background-color":"","background-image":"","background-repeat":"repeat","background-position":"center center","background-size":"auto","background-attachment":"scroll","background-type":"","background-media":"","overlay-type":"","overlay-color":"","overlay-opacity":"","overlay-gradient":""},"mobile":{"background-color":"","background-image":"","background-repeat":"repeat","background-position":"center center","background-size":"auto","background-attachment":"scroll","background-type":"","background-media":"","overlay-type":"","overlay-color":"","overlay-opacity":"","overlay-gradient":""}},"ast-content-background-meta":{"desktop":{"background-color":"var(--ast-global-color-5)","background-image":"","background-repeat":"repeat","background-position":"center center","background-size":"auto","background-attachment":"scroll","background-type":"","background-media":"","overlay-type":"","overlay-color":"","overlay-opacity":"","overlay-gradient":""},"tablet":{"background-color":"var(--ast-global-color-5)","background-image":"","background-repeat":"repeat","background-position":"center center","background-size":"auto","background-attachment":"scroll","background-type":"","background-media":"","overlay-type":"","overlay-color":"","overlay-opacity":"","overlay-gradient":""},"mobile":{"background-color":"var(--ast-global-color-5)","background-image":"","background-repeat":"repeat","background-position":"center center","background-size":"auto","background-attachment":"scroll","background-type":"","background-media":"","overlay-type":"","overlay-color":"","overlay-opacity":"","overlay-gradient":""}}},"product_brand":[315],"product_cat":[599,634],"product_tag":[],"class_list":{"0":"post-16070","1":"product","2":"type-product","3":"status-publish","4":"has-post-thumbnail","6":"product_brand-gardena","7":"product_cat-postenhandel","8":"product_cat-schwenk-und-kreis-sprinkler","9":"pa_merk-gardena","10":"desktop-align-left","11":"tablet-align-left","12":"mobile-align-left","14":"first","15":"instock","16":"taxable","17":"shipping-taxable","18":"purchasable","19":"product-type-simple"},"acf":[],"yoast_head":"<!-- This site is optimized with the Yoast SEO plugin v27.5 - https:\/\/yoast.com\/product\/yoast-seo-wordpress\/ -->\n<title>Pulsierender Sektor- und Kreissprinkler - DHZ Outlet &amp; Partijhandel<\/title>\n<meta name=\"robots\" content=\"index, follow, max-snippet:-1, max-image-preview:large, max-video-preview:-1\" \/>\n<link rel=\"canonical\" href=\"https:\/\/partijhandeldhz.nl\/de\/produkt\/pulsierender-sektor-und-kreissprinkler-2\/\" \/>\n<meta property=\"og:locale\" content=\"de_DE\" \/>\n<meta property=\"og:type\" content=\"article\" \/>\n<meta property=\"og:title\" content=\"Pulsierender Sektor- und Kreissprinkler - DHZ Outlet &amp; Partijhandel\" \/>\n<meta property=\"og:description\" content=\"Der Gardena Pulsierende Sektor und der Kreissprinkler bieten pr\u00e4zise Bew\u00e4sserung mit einstellbarem Sektor von 25\u00b0\u2013360\u00b0 und einer Reichweite von 5 bis 12,5 Metern. Dank des Kunststoffspikes leicht zu installieren und sofort einsatzbereit f\u00fcr das Gardena-System. Bitte beachten Sie: Dieses Produkt kann nur \u00fcber unseren Webshop bestellt werden.\" \/>\n<meta property=\"og:url\" content=\"https:\/\/partijhandeldhz.nl\/de\/produkt\/pulsierender-sektor-und-kreissprinkler-2\/\" \/>\n<meta property=\"og:site_name\" content=\"DHZ Outlet &amp; Partijhandel\" \/>\n<meta property=\"article:publisher\" content=\"https:\/\/www.facebook.com\/people\/Partijhandel-DHZ\/61573487458594\/\" \/>\n<meta property=\"og:image\" content=\"https:\/\/partijhandeldhz.nl\/wp-content\/uploads\/2025\/11\/Afbeelding-1-2.jpg\" \/>\n\t<meta property=\"og:image:width\" content=\"1000\" \/>\n\t<meta property=\"og:image:height\" content=\"1000\" \/>\n\t<meta property=\"og:image:type\" content=\"image\/jpeg\" \/>\n<meta name=\"twitter:card\" content=\"summary_large_image\" \/>\n<meta name=\"twitter:label1\" content=\"Gesch\u00e4tzte Lesezeit\" \/>\n\t<meta name=\"twitter:data1\" content=\"1\u00a0Minute\" \/>\n<script type=\"application\/ld+json\" class=\"yoast-schema-graph\">{\"@context\":\"https:\\\/\\\/schema.org\",\"@graph\":[{\"@type\":\"WebPage\",\"@id\":\"https:\\\/\\\/partijhandeldhz.nl\\\/de\\\/produkt\\\/pulsierender-sektor-und-kreissprinkler-2\\\/\",\"url\":\"https:\\\/\\\/partijhandeldhz.nl\\\/de\\\/produkt\\\/pulsierender-sektor-und-kreissprinkler-2\\\/\",\"name\":\"Pulsierender Sektor- und Kreissprinkler - DHZ Outlet &amp; Partijhandel\",\"isPartOf\":{\"@id\":\"https:\\\/\\\/partijhandeldhz.nl\\\/de\\\/#website\"},\"primaryImageOfPage\":{\"@id\":\"https:\\\/\\\/partijhandeldhz.nl\\\/de\\\/produkt\\\/pulsierender-sektor-und-kreissprinkler-2\\\/#primaryimage\"},\"image\":{\"@id\":\"https:\\\/\\\/partijhandeldhz.nl\\\/de\\\/produkt\\\/pulsierender-sektor-und-kreissprinkler-2\\\/#primaryimage\"},\"thumbnailUrl\":\"https:\\\/\\\/partijhandeldhz.nl\\\/wp-content\\\/uploads\\\/2025\\\/11\\\/Afbeelding-1-2.jpg\",\"datePublished\":\"2025-11-19T10:08:48+00:00\",\"breadcrumb\":{\"@id\":\"https:\\\/\\\/partijhandeldhz.nl\\\/de\\\/produkt\\\/pulsierender-sektor-und-kreissprinkler-2\\\/#breadcrumb\"},\"inLanguage\":\"de\",\"potentialAction\":[{\"@type\":\"ReadAction\",\"target\":[\"https:\\\/\\\/partijhandeldhz.nl\\\/de\\\/produkt\\\/pulsierender-sektor-und-kreissprinkler-2\\\/\"]}]},{\"@type\":\"ImageObject\",\"inLanguage\":\"de\",\"@id\":\"https:\\\/\\\/partijhandeldhz.nl\\\/de\\\/produkt\\\/pulsierender-sektor-und-kreissprinkler-2\\\/#primaryimage\",\"url\":\"https:\\\/\\\/partijhandeldhz.nl\\\/wp-content\\\/uploads\\\/2025\\\/11\\\/Afbeelding-1-2.jpg\",\"contentUrl\":\"https:\\\/\\\/partijhandeldhz.nl\\\/wp-content\\\/uploads\\\/2025\\\/11\\\/Afbeelding-1-2.jpg\",\"width\":1000,\"height\":1000},{\"@type\":\"BreadcrumbList\",\"@id\":\"https:\\\/\\\/partijhandeldhz.nl\\\/de\\\/produkt\\\/pulsierender-sektor-und-kreissprinkler-2\\\/#breadcrumb\",\"itemListElement\":[{\"@type\":\"ListItem\",\"position\":1,\"name\":\"Home\",\"item\":\"https:\\\/\\\/partijhandeldhz.nl\\\/de\\\/\"},{\"@type\":\"ListItem\",\"position\":2,\"name\":\"Shop\",\"item\":\"https:\\\/\\\/partijhandeldhz.nl\\\/de\\\/shop\\\/\"},{\"@type\":\"ListItem\",\"position\":3,\"name\":\"Pulsierender Sektor- und Kreissprinkler\"}]},{\"@type\":\"WebSite\",\"@id\":\"https:\\\/\\\/partijhandeldhz.nl\\\/de\\\/#website\",\"url\":\"https:\\\/\\\/partijhandeldhz.nl\\\/de\\\/\",\"name\":\"DHZ Outlet & Partijhandel\",\"description\":\"Grote en kleine partijen, altijd de scherpste prijs!\",\"publisher\":{\"@id\":\"https:\\\/\\\/partijhandeldhz.nl\\\/de\\\/#organization\"},\"potentialAction\":[{\"@type\":\"SearchAction\",\"target\":{\"@type\":\"EntryPoint\",\"urlTemplate\":\"https:\\\/\\\/partijhandeldhz.nl\\\/de\\\/?s={search_term_string}\"},\"query-input\":{\"@type\":\"PropertyValueSpecification\",\"valueRequired\":true,\"valueName\":\"search_term_string\"}}],\"inLanguage\":\"de\"},{\"@type\":\"Organization\",\"@id\":\"https:\\\/\\\/partijhandeldhz.nl\\\/de\\\/#organization\",\"name\":\"DHZ Outlet & Partijhandel\",\"url\":\"https:\\\/\\\/partijhandeldhz.nl\\\/de\\\/\",\"logo\":{\"@type\":\"ImageObject\",\"inLanguage\":\"de\",\"@id\":\"https:\\\/\\\/partijhandeldhz.nl\\\/de\\\/#\\\/schema\\\/logo\\\/image\\\/\",\"url\":\"https:\\\/\\\/partijhandeldhz.nl\\\/wp-content\\\/uploads\\\/2025\\\/03\\\/1.png\",\"contentUrl\":\"https:\\\/\\\/partijhandeldhz.nl\\\/wp-content\\\/uploads\\\/2025\\\/03\\\/1.png\",\"width\":1000,\"height\":500,\"caption\":\"DHZ Outlet & Partijhandel\"},\"image\":{\"@id\":\"https:\\\/\\\/partijhandeldhz.nl\\\/de\\\/#\\\/schema\\\/logo\\\/image\\\/\"},\"sameAs\":[\"https:\\\/\\\/www.facebook.com\\\/people\\\/Partijhandel-DHZ\\\/61573487458594\\\/\",\"https:\\\/\\\/www.instagram.com\\\/partijhandeldhz\\\/\"]}]}<\/script>\n<!-- \/ Yoast SEO plugin. -->","yoast_head_json":{"title":"Pulsierender Sektor- und Kreissprinkler - DHZ Outlet &amp; Partijhandel","robots":{"index":"index","follow":"follow","max-snippet":"max-snippet:-1","max-image-preview":"max-image-preview:large","max-video-preview":"max-video-preview:-1"},"canonical":"https:\/\/partijhandeldhz.nl\/de\/produkt\/pulsierender-sektor-und-kreissprinkler-2\/","og_locale":"de_DE","og_type":"article","og_title":"Pulsierender Sektor- und Kreissprinkler - DHZ Outlet &amp; Partijhandel","og_description":"Der Gardena Pulsierende Sektor und der Kreissprinkler bieten pr\u00e4zise Bew\u00e4sserung mit einstellbarem Sektor von 25\u00b0\u2013360\u00b0 und einer Reichweite von 5 bis 12,5 Metern. Dank des Kunststoffspikes leicht zu installieren und sofort einsatzbereit f\u00fcr das Gardena-System. Bitte beachten Sie: Dieses Produkt kann nur \u00fcber unseren Webshop bestellt werden.","og_url":"https:\/\/partijhandeldhz.nl\/de\/produkt\/pulsierender-sektor-und-kreissprinkler-2\/","og_site_name":"DHZ Outlet &amp; Partijhandel","article_publisher":"https:\/\/www.facebook.com\/people\/Partijhandel-DHZ\/61573487458594\/","og_image":[{"width":1000,"height":1000,"url":"https:\/\/partijhandeldhz.nl\/wp-content\/uploads\/2025\/11\/Afbeelding-1-2.jpg","type":"image\/jpeg"}],"twitter_card":"summary_large_image","twitter_misc":{"Gesch\u00e4tzte Lesezeit":"1\u00a0Minute"},"schema":{"@context":"https:\/\/schema.org","@graph":[{"@type":"WebPage","@id":"https:\/\/partijhandeldhz.nl\/de\/produkt\/pulsierender-sektor-und-kreissprinkler-2\/","url":"https:\/\/partijhandeldhz.nl\/de\/produkt\/pulsierender-sektor-und-kreissprinkler-2\/","name":"Pulsierender Sektor- und Kreissprinkler - DHZ Outlet &amp; Partijhandel","isPartOf":{"@id":"https:\/\/partijhandeldhz.nl\/de\/#website"},"primaryImageOfPage":{"@id":"https:\/\/partijhandeldhz.nl\/de\/produkt\/pulsierender-sektor-und-kreissprinkler-2\/#primaryimage"},"image":{"@id":"https:\/\/partijhandeldhz.nl\/de\/produkt\/pulsierender-sektor-und-kreissprinkler-2\/#primaryimage"},"thumbnailUrl":"https:\/\/partijhandeldhz.nl\/wp-content\/uploads\/2025\/11\/Afbeelding-1-2.jpg","datePublished":"2025-11-19T10:08:48+00:00","breadcrumb":{"@id":"https:\/\/partijhandeldhz.nl\/de\/produkt\/pulsierender-sektor-und-kreissprinkler-2\/#breadcrumb"},"inLanguage":"de","potentialAction":[{"@type":"ReadAction","target":["https:\/\/partijhandeldhz.nl\/de\/produkt\/pulsierender-sektor-und-kreissprinkler-2\/"]}]},{"@type":"ImageObject","inLanguage":"de","@id":"https:\/\/partijhandeldhz.nl\/de\/produkt\/pulsierender-sektor-und-kreissprinkler-2\/#primaryimage","url":"https:\/\/partijhandeldhz.nl\/wp-content\/uploads\/2025\/11\/Afbeelding-1-2.jpg","contentUrl":"https:\/\/partijhandeldhz.nl\/wp-content\/uploads\/2025\/11\/Afbeelding-1-2.jpg","width":1000,"height":1000},{"@type":"BreadcrumbList","@id":"https:\/\/partijhandeldhz.nl\/de\/produkt\/pulsierender-sektor-und-kreissprinkler-2\/#breadcrumb","itemListElement":[{"@type":"ListItem","position":1,"name":"Home","item":"https:\/\/partijhandeldhz.nl\/de\/"},{"@type":"ListItem","position":2,"name":"Shop","item":"https:\/\/partijhandeldhz.nl\/de\/shop\/"},{"@type":"ListItem","position":3,"name":"Pulsierender Sektor- und Kreissprinkler"}]},{"@type":"WebSite","@id":"https:\/\/partijhandeldhz.nl\/de\/#website","url":"https:\/\/partijhandeldhz.nl\/de\/","name":"DHZ Outlet & Partijhandel","description":"Grote en kleine partijen, altijd de scherpste prijs!","publisher":{"@id":"https:\/\/partijhandeldhz.nl\/de\/#organization"},"potentialAction":[{"@type":"SearchAction","target":{"@type":"EntryPoint","urlTemplate":"https:\/\/partijhandeldhz.nl\/de\/?s={search_term_string}"},"query-input":{"@type":"PropertyValueSpecification","valueRequired":true,"valueName":"search_term_string"}}],"inLanguage":"de"},{"@type":"Organization","@id":"https:\/\/partijhandeldhz.nl\/de\/#organization","name":"DHZ Outlet & Partijhandel","url":"https:\/\/partijhandeldhz.nl\/de\/","logo":{"@type":"ImageObject","inLanguage":"de","@id":"https:\/\/partijhandeldhz.nl\/de\/#\/schema\/logo\/image\/","url":"https:\/\/partijhandeldhz.nl\/wp-content\/uploads\/2025\/03\/1.png","contentUrl":"https:\/\/partijhandeldhz.nl\/wp-content\/uploads\/2025\/03\/1.png","width":1000,"height":500,"caption":"DHZ Outlet & Partijhandel"},"image":{"@id":"https:\/\/partijhandeldhz.nl\/de\/#\/schema\/logo\/image\/"},"sameAs":["https:\/\/www.facebook.com\/people\/Partijhandel-DHZ\/61573487458594\/","https:\/\/www.instagram.com\/partijhandeldhz\/"]}]}},"jetpack_sharing_enabled":true,"_links":{"self":[{"href":"https:\/\/partijhandeldhz.nl\/de\/wp-json\/wp\/v2\/product\/16070","targetHints":{"allow":["GET"]}}],"collection":[{"href":"https:\/\/partijhandeldhz.nl\/de\/wp-json\/wp\/v2\/product"}],"about":[{"href":"https:\/\/partijhandeldhz.nl\/de\/wp-json\/wp\/v2\/types\/product"}],"version-history":[{"count":0,"href":"https:\/\/partijhandeldhz.nl\/de\/wp-json\/wp\/v2\/product\/16070\/revisions"}],"wp:featuredmedia":[{"embeddable":true,"href":"https:\/\/partijhandeldhz.nl\/de\/wp-json\/wp\/v2\/media\/11261"}],"wp:attachment":[{"href":"https:\/\/partijhandeldhz.nl\/de\/wp-json\/wp\/v2\/media?parent=16070"}],"wp:term":[{"taxonomy":"product_brand","embeddable":true,"href":"https:\/\/partijhandeldhz.nl\/de\/wp-json\/wp\/v2\/product_brand?post=16070"},{"taxonomy":"product_cat","embeddable":true,"href":"https:\/\/partijhandeldhz.nl\/de\/wp-json\/wp\/v2\/product_cat?post=16070"},{"taxonomy":"product_tag","embeddable":true,"href":"https:\/\/partijhandeldhz.nl\/de\/wp-json\/wp\/v2\/product_tag?post=16070"}],"curies":[{"name":"wp","href":"https:\/\/api.w.org\/{rel}","templated":true}]}}