{"id":16069,"date":"2025-11-19T10:53:05","date_gmt":"2025-11-19T10:53:05","guid":{"rendered":"https:\/\/partijhandeldhz.nl\/product\/automatischer-comfort-sprueher-mit-grosser-flaeche\/"},"modified":"2025-11-19T10:53:05","modified_gmt":"2025-11-19T10:53:05","slug":"automatischer-comfort-sprueher-mit-grosser-flaeche","status":"publish","type":"product","link":"https:\/\/partijhandeldhz.nl\/de\/produkt\/automatischer-comfort-sprueher-mit-grosser-flaeche\/","title":{"rendered":"Automatischer Comfort-Spr\u00fcher mit gro\u00dfer Fl\u00e4che"},"content":{"rendered":"<p data-start=\"111\" data-end=\"494\"><em data-start=\"116\" data-end=\"182\">Der Gardena AquaContour Automatic Comfort Large-Area Sprinkler<\/em> ist eine fortschrittliche und \u00e4u\u00dferst pr\u00e4zise L\u00f6sung zur Bew\u00e4sserung von G\u00e4rten mit einer einzigartigen oder komplexen Form. Dieser intelligente <em data-start=\"321\" data-end=\"349\">Sprinkler f\u00fcr gro\u00dfe Fl\u00e4chen<\/em> ist so konzipiert, dass er innerhalb von Konturen bis zu 350 m\u00b2 genau arbeitet und ist damit ideal f\u00fcr G\u00e4rten, die nicht in Standardformen passen. <\/p>\n<p data-start=\"496\" data-end=\"966\">Mit einem verstellbaren Spr\u00fchdurchmesser von 8 bis 21 Metern und einer verstellbaren Entfernung von 4 bis 10,5 Metern bietet der AquaContour volle Flexibilit\u00e4t. Dank der M\u00f6glichkeit, zwei separate Bew\u00e4sserungsbereiche zu programmieren, kannst du leicht zwischen verschiedenen Formen oder Zonen wechseln. Die automatische Kontureinstellung unterst\u00fctzt bis zu 50 Set-Points pro Programm und stellt sicher, dass jede Ecke Ihres Gartens genau die richtige Menge Wasser erh\u00e4lt.  <\/p>\n<p data-start=\"968\" data-end=\"1366\">Das Programmieren ist dank der robusten Membrantastatur mit klarer Benutzeranleitung einfach. Au\u00dferdem kann der Bew\u00e4sserungssektor unendlich von 25\u00b0 auf 360\u00b0 eingestellt werden, sodass man sowohl kleine Fl\u00e4chen als auch volle Kreise bew\u00e4ssern kann. Der Spr\u00fchkopf ist mit weichen Kunststoffd\u00fcsen ausgestattet, die eine gleichm\u00e4\u00dfige Wasserverteilung ohne Pf\u00fctzen gew\u00e4hrleisten.  <\/p>\n<p data-start=\"1368\" data-end=\"1610\">Das Set enth\u00e4lt zwei Erdungsmarker f\u00fcr eine genaue Sprinklerplatzierung im Setbereich. Mit den mitgelieferten Spikes kann man den Spr\u00fcher fest verankern, um optimale Stabilit\u00e4t beim Spr\u00fchen zu gew\u00e4hrleisten. <\/p>\n<p data-start=\"1612\" data-end=\"1797\">Der Gardena AquaContour Automatic Comfort wird in Deutschland hergestellt und verf\u00fcgt \u00fcber eine 5-j\u00e4hrige Garantie, die f\u00fcr Qualit\u00e4t, Haltbarkeit und Pr\u00e4zision beim Gartenbew\u00e4ssern steht.<\/p>\n<h2 data-start=\"2186\" data-end=\"2216\"><strong data-start=\"2189\" data-end=\"2216\">Schl\u00fcsselmerkmale<\/strong><\/h2>\n<ul>\n<li data-start=\"2220\" data-end=\"2284\">Automatischer Gro\u00dffl\u00e4chensprinkler f\u00fcr G\u00e4rten bis zu 350 m\u00b2<\/li>\n<li data-start=\"2287\" data-end=\"2344\">Programmieren Sie bis zu zwei verschiedene Bew\u00e4sserungsbereiche<\/li>\n<li data-start=\"2347\" data-end=\"2388\">Maximal 50 H\u00f6henlinienpunkte pro Programm<\/li>\n<li data-start=\"2391\" data-end=\"2429\">Verstellbarer Spr\u00fchdurchmesser von 8\u201321 m<\/li>\n<li data-start=\"2432\" data-end=\"2469\">Wurfweite verstellbar von 4\u201310,5 m<\/li>\n<li data-start=\"2472\" data-end=\"2520\">Bew\u00e4sserungssektor verstellbar von 25\u00b0 bis 360\u00b0<\/li>\n<li data-start=\"2523\" data-end=\"2578\">Weiche D\u00fcsen f\u00fcr gleichm\u00e4\u00dfige Wasserverteilung<\/li>\n<li data-start=\"2581\" data-end=\"2648\">Enth\u00e4lt zwei Bodenmarkierungen und Stacheln f\u00fcr stabile Platzierung<\/li>\n<li data-start=\"2651\" data-end=\"2708\">Robuste Membrantastatur f\u00fcr einfache Programmierung<\/li>\n<li data-start=\"2711\" data-end=\"2728\">5 Jahre Garantie<\/li>\n<li data-start=\"2731\" data-end=\"2749\">EAN: 4078500813303<\/li>\n<\/ul>\n","protected":false},"excerpt":{"rendered":"<p><em data-start=\"1836\" data-end=\"1902\">Der Gardena AquaContour Automatic Comfort Large-Area Sprinkler<\/em> bietet eine \u00e4u\u00dferst pr\u00e4zise automatische Bew\u00e4sserung f\u00fcr G\u00e4rten bis zu 350 m\u00b2. Programmieren Sie bis zu zwei Zonen, richten Sie bis zu 50 Konturpunkte ein und genie\u00dfen Sie dank der weichen Spr\u00fchd\u00fcsen eine gleichm\u00e4\u00dfige Wasserverteilung.<br \/>\n<br data-start=\"2110\" data-end=\"2113\"><strong data-start=\"2113\" data-end=\"2179\"><em data-start=\"2115\" data-end=\"2177\">Bitte beachten Sie: Dieses Produkt kann nur \u00fcber unseren Webshop bestellt werden.<\/em><\/strong><\/p>\n","protected":false},"featured_media":11268,"template":"","meta":{"_acf_changed":false,"site-sidebar-layout":"default","site-content-layout":"","ast-site-content-layout":"default","site-content-style":"default","site-sidebar-style":"default","ast-global-header-display":"","ast-banner-title-visibility":"","ast-main-header-display":"","ast-hfb-above-header-display":"","ast-hfb-below-header-display":"","ast-hfb-mobile-header-display":"","site-post-title":"","ast-breadcrumbs-content":"","ast-featured-img":"","footer-sml-layout":"","ast-disable-related-posts":"","theme-transparent-header-meta":"default","adv-header-id-meta":"","stick-header-meta":"","header-above-stick-meta":"","header-main-stick-meta":"","header-below-stick-meta":"","astra-migrate-meta-layouts":"default","ast-page-background-enabled":"default","ast-page-background-meta":{"desktop":{"background-color":"","background-image":"","background-repeat":"repeat","background-position":"center center","background-size":"auto","background-attachment":"scroll","background-type":"","background-media":"","overlay-type":"","overlay-color":"","overlay-opacity":"","overlay-gradient":""},"tablet":{"background-color":"","background-image":"","background-repeat":"repeat","background-position":"center center","background-size":"auto","background-attachment":"scroll","background-type":"","background-media":"","overlay-type":"","overlay-color":"","overlay-opacity":"","overlay-gradient":""},"mobile":{"background-color":"","background-image":"","background-repeat":"repeat","background-position":"center center","background-size":"auto","background-attachment":"scroll","background-type":"","background-media":"","overlay-type":"","overlay-color":"","overlay-opacity":"","overlay-gradient":""}},"ast-content-background-meta":{"desktop":{"background-color":"var(--ast-global-color-5)","background-image":"","background-repeat":"repeat","background-position":"center center","background-size":"auto","background-attachment":"scroll","background-type":"","background-media":"","overlay-type":"","overlay-color":"","overlay-opacity":"","overlay-gradient":""},"tablet":{"background-color":"var(--ast-global-color-5)","background-image":"","background-repeat":"repeat","background-position":"center center","background-size":"auto","background-attachment":"scroll","background-type":"","background-media":"","overlay-type":"","overlay-color":"","overlay-opacity":"","overlay-gradient":""},"mobile":{"background-color":"var(--ast-global-color-5)","background-image":"","background-repeat":"repeat","background-position":"center center","background-size":"auto","background-attachment":"scroll","background-type":"","background-media":"","overlay-type":"","overlay-color":"","overlay-opacity":"","overlay-gradient":""}}},"product_brand":[315],"product_cat":[599,634],"product_tag":[],"class_list":{"0":"post-16069","1":"product","2":"type-product","3":"status-publish","4":"has-post-thumbnail","6":"product_brand-gardena","7":"product_cat-postenhandel","8":"product_cat-schwenk-und-kreis-sprinkler","9":"pa_merk-gardena","10":"desktop-align-left","11":"tablet-align-left","12":"mobile-align-left","14":"first","15":"instock","16":"taxable","17":"shipping-taxable","18":"purchasable","19":"product-type-simple"},"acf":[],"yoast_head":"<!-- This site is optimized with the Yoast SEO plugin v27.5 - https:\/\/yoast.com\/product\/yoast-seo-wordpress\/ -->\n<title>Automatischer Comfort-Spr\u00fcher mit gro\u00dfer Fl\u00e4che - DHZ Outlet &amp; Partijhandel<\/title>\n<meta name=\"robots\" content=\"index, follow, max-snippet:-1, max-image-preview:large, max-video-preview:-1\" \/>\n<link rel=\"canonical\" href=\"https:\/\/partijhandeldhz.nl\/de\/produkt\/automatischer-comfort-sprueher-mit-grosser-flaeche\/\" \/>\n<meta property=\"og:locale\" content=\"de_DE\" \/>\n<meta property=\"og:type\" content=\"article\" \/>\n<meta property=\"og:title\" content=\"Automatischer Comfort-Spr\u00fcher mit gro\u00dfer Fl\u00e4che - DHZ Outlet &amp; Partijhandel\" \/>\n<meta property=\"og:description\" content=\"Der Gardena AquaContour Automatic Comfort Large-Area Sprinkler bietet eine \u00e4u\u00dferst pr\u00e4zise automatische Bew\u00e4sserung f\u00fcr G\u00e4rten bis zu 350 m\u00b2. Programmieren Sie bis zu zwei Zonen, richten Sie bis zu 50 Konturpunkte ein und genie\u00dfen Sie dank der weichen Spr\u00fchd\u00fcsen eine gleichm\u00e4\u00dfige Wasserverteilung. Bitte beachten Sie: Dieses Produkt kann nur \u00fcber unseren Webshop bestellt werden.\" \/>\n<meta property=\"og:url\" content=\"https:\/\/partijhandeldhz.nl\/de\/produkt\/automatischer-comfort-sprueher-mit-grosser-flaeche\/\" \/>\n<meta property=\"og:site_name\" content=\"DHZ Outlet &amp; Partijhandel\" \/>\n<meta property=\"article:publisher\" content=\"https:\/\/www.facebook.com\/people\/Partijhandel-DHZ\/61573487458594\/\" \/>\n<meta property=\"og:image\" content=\"https:\/\/partijhandeldhz.nl\/wp-content\/uploads\/2025\/11\/Afbeelding-1-3.jpg\" \/>\n\t<meta property=\"og:image:width\" content=\"1000\" \/>\n\t<meta property=\"og:image:height\" content=\"1000\" \/>\n\t<meta property=\"og:image:type\" content=\"image\/jpeg\" \/>\n<meta name=\"twitter:card\" content=\"summary_large_image\" \/>\n<meta name=\"twitter:label1\" content=\"Gesch\u00e4tzte Lesezeit\" \/>\n\t<meta name=\"twitter:data1\" content=\"2\u00a0Minuten\" \/>\n<script type=\"application\/ld+json\" class=\"yoast-schema-graph\">{\"@context\":\"https:\\\/\\\/schema.org\",\"@graph\":[{\"@type\":\"WebPage\",\"@id\":\"https:\\\/\\\/partijhandeldhz.nl\\\/de\\\/produkt\\\/automatischer-comfort-sprueher-mit-grosser-flaeche\\\/\",\"url\":\"https:\\\/\\\/partijhandeldhz.nl\\\/de\\\/produkt\\\/automatischer-comfort-sprueher-mit-grosser-flaeche\\\/\",\"name\":\"Automatischer Comfort-Spr\u00fcher mit gro\u00dfer Fl\u00e4che - DHZ Outlet &amp; Partijhandel\",\"isPartOf\":{\"@id\":\"https:\\\/\\\/partijhandeldhz.nl\\\/de\\\/#website\"},\"primaryImageOfPage\":{\"@id\":\"https:\\\/\\\/partijhandeldhz.nl\\\/de\\\/produkt\\\/automatischer-comfort-sprueher-mit-grosser-flaeche\\\/#primaryimage\"},\"image\":{\"@id\":\"https:\\\/\\\/partijhandeldhz.nl\\\/de\\\/produkt\\\/automatischer-comfort-sprueher-mit-grosser-flaeche\\\/#primaryimage\"},\"thumbnailUrl\":\"https:\\\/\\\/partijhandeldhz.nl\\\/wp-content\\\/uploads\\\/2025\\\/11\\\/Afbeelding-1-3.jpg\",\"datePublished\":\"2025-11-19T10:53:05+00:00\",\"breadcrumb\":{\"@id\":\"https:\\\/\\\/partijhandeldhz.nl\\\/de\\\/produkt\\\/automatischer-comfort-sprueher-mit-grosser-flaeche\\\/#breadcrumb\"},\"inLanguage\":\"de\",\"potentialAction\":[{\"@type\":\"ReadAction\",\"target\":[\"https:\\\/\\\/partijhandeldhz.nl\\\/de\\\/produkt\\\/automatischer-comfort-sprueher-mit-grosser-flaeche\\\/\"]}]},{\"@type\":\"ImageObject\",\"inLanguage\":\"de\",\"@id\":\"https:\\\/\\\/partijhandeldhz.nl\\\/de\\\/produkt\\\/automatischer-comfort-sprueher-mit-grosser-flaeche\\\/#primaryimage\",\"url\":\"https:\\\/\\\/partijhandeldhz.nl\\\/wp-content\\\/uploads\\\/2025\\\/11\\\/Afbeelding-1-3.jpg\",\"contentUrl\":\"https:\\\/\\\/partijhandeldhz.nl\\\/wp-content\\\/uploads\\\/2025\\\/11\\\/Afbeelding-1-3.jpg\",\"width\":1000,\"height\":1000},{\"@type\":\"BreadcrumbList\",\"@id\":\"https:\\\/\\\/partijhandeldhz.nl\\\/de\\\/produkt\\\/automatischer-comfort-sprueher-mit-grosser-flaeche\\\/#breadcrumb\",\"itemListElement\":[{\"@type\":\"ListItem\",\"position\":1,\"name\":\"Home\",\"item\":\"https:\\\/\\\/partijhandeldhz.nl\\\/de\\\/\"},{\"@type\":\"ListItem\",\"position\":2,\"name\":\"Shop\",\"item\":\"https:\\\/\\\/partijhandeldhz.nl\\\/de\\\/shop\\\/\"},{\"@type\":\"ListItem\",\"position\":3,\"name\":\"Automatischer Comfort-Spr\u00fcher mit gro\u00dfer Fl\u00e4che\"}]},{\"@type\":\"WebSite\",\"@id\":\"https:\\\/\\\/partijhandeldhz.nl\\\/de\\\/#website\",\"url\":\"https:\\\/\\\/partijhandeldhz.nl\\\/de\\\/\",\"name\":\"DHZ Outlet & Partijhandel\",\"description\":\"Grote en kleine partijen, altijd de scherpste prijs!\",\"publisher\":{\"@id\":\"https:\\\/\\\/partijhandeldhz.nl\\\/de\\\/#organization\"},\"potentialAction\":[{\"@type\":\"SearchAction\",\"target\":{\"@type\":\"EntryPoint\",\"urlTemplate\":\"https:\\\/\\\/partijhandeldhz.nl\\\/de\\\/?s={search_term_string}\"},\"query-input\":{\"@type\":\"PropertyValueSpecification\",\"valueRequired\":true,\"valueName\":\"search_term_string\"}}],\"inLanguage\":\"de\"},{\"@type\":\"Organization\",\"@id\":\"https:\\\/\\\/partijhandeldhz.nl\\\/de\\\/#organization\",\"name\":\"DHZ Outlet & Partijhandel\",\"url\":\"https:\\\/\\\/partijhandeldhz.nl\\\/de\\\/\",\"logo\":{\"@type\":\"ImageObject\",\"inLanguage\":\"de\",\"@id\":\"https:\\\/\\\/partijhandeldhz.nl\\\/de\\\/#\\\/schema\\\/logo\\\/image\\\/\",\"url\":\"https:\\\/\\\/partijhandeldhz.nl\\\/wp-content\\\/uploads\\\/2025\\\/03\\\/1.png\",\"contentUrl\":\"https:\\\/\\\/partijhandeldhz.nl\\\/wp-content\\\/uploads\\\/2025\\\/03\\\/1.png\",\"width\":1000,\"height\":500,\"caption\":\"DHZ Outlet & Partijhandel\"},\"image\":{\"@id\":\"https:\\\/\\\/partijhandeldhz.nl\\\/de\\\/#\\\/schema\\\/logo\\\/image\\\/\"},\"sameAs\":[\"https:\\\/\\\/www.facebook.com\\\/people\\\/Partijhandel-DHZ\\\/61573487458594\\\/\",\"https:\\\/\\\/www.instagram.com\\\/partijhandeldhz\\\/\"]}]}<\/script>\n<!-- \/ Yoast SEO plugin. -->","yoast_head_json":{"title":"Automatischer Comfort-Spr\u00fcher mit gro\u00dfer Fl\u00e4che - DHZ Outlet &amp; Partijhandel","robots":{"index":"index","follow":"follow","max-snippet":"max-snippet:-1","max-image-preview":"max-image-preview:large","max-video-preview":"max-video-preview:-1"},"canonical":"https:\/\/partijhandeldhz.nl\/de\/produkt\/automatischer-comfort-sprueher-mit-grosser-flaeche\/","og_locale":"de_DE","og_type":"article","og_title":"Automatischer Comfort-Spr\u00fcher mit gro\u00dfer Fl\u00e4che - DHZ Outlet &amp; Partijhandel","og_description":"Der Gardena AquaContour Automatic Comfort Large-Area Sprinkler bietet eine \u00e4u\u00dferst pr\u00e4zise automatische Bew\u00e4sserung f\u00fcr G\u00e4rten bis zu 350 m\u00b2. Programmieren Sie bis zu zwei Zonen, richten Sie bis zu 50 Konturpunkte ein und genie\u00dfen Sie dank der weichen Spr\u00fchd\u00fcsen eine gleichm\u00e4\u00dfige Wasserverteilung. Bitte beachten Sie: Dieses Produkt kann nur \u00fcber unseren Webshop bestellt werden.","og_url":"https:\/\/partijhandeldhz.nl\/de\/produkt\/automatischer-comfort-sprueher-mit-grosser-flaeche\/","og_site_name":"DHZ Outlet &amp; Partijhandel","article_publisher":"https:\/\/www.facebook.com\/people\/Partijhandel-DHZ\/61573487458594\/","og_image":[{"width":1000,"height":1000,"url":"https:\/\/partijhandeldhz.nl\/wp-content\/uploads\/2025\/11\/Afbeelding-1-3.jpg","type":"image\/jpeg"}],"twitter_card":"summary_large_image","twitter_misc":{"Gesch\u00e4tzte Lesezeit":"2\u00a0Minuten"},"schema":{"@context":"https:\/\/schema.org","@graph":[{"@type":"WebPage","@id":"https:\/\/partijhandeldhz.nl\/de\/produkt\/automatischer-comfort-sprueher-mit-grosser-flaeche\/","url":"https:\/\/partijhandeldhz.nl\/de\/produkt\/automatischer-comfort-sprueher-mit-grosser-flaeche\/","name":"Automatischer Comfort-Spr\u00fcher mit gro\u00dfer Fl\u00e4che - DHZ Outlet &amp; Partijhandel","isPartOf":{"@id":"https:\/\/partijhandeldhz.nl\/de\/#website"},"primaryImageOfPage":{"@id":"https:\/\/partijhandeldhz.nl\/de\/produkt\/automatischer-comfort-sprueher-mit-grosser-flaeche\/#primaryimage"},"image":{"@id":"https:\/\/partijhandeldhz.nl\/de\/produkt\/automatischer-comfort-sprueher-mit-grosser-flaeche\/#primaryimage"},"thumbnailUrl":"https:\/\/partijhandeldhz.nl\/wp-content\/uploads\/2025\/11\/Afbeelding-1-3.jpg","datePublished":"2025-11-19T10:53:05+00:00","breadcrumb":{"@id":"https:\/\/partijhandeldhz.nl\/de\/produkt\/automatischer-comfort-sprueher-mit-grosser-flaeche\/#breadcrumb"},"inLanguage":"de","potentialAction":[{"@type":"ReadAction","target":["https:\/\/partijhandeldhz.nl\/de\/produkt\/automatischer-comfort-sprueher-mit-grosser-flaeche\/"]}]},{"@type":"ImageObject","inLanguage":"de","@id":"https:\/\/partijhandeldhz.nl\/de\/produkt\/automatischer-comfort-sprueher-mit-grosser-flaeche\/#primaryimage","url":"https:\/\/partijhandeldhz.nl\/wp-content\/uploads\/2025\/11\/Afbeelding-1-3.jpg","contentUrl":"https:\/\/partijhandeldhz.nl\/wp-content\/uploads\/2025\/11\/Afbeelding-1-3.jpg","width":1000,"height":1000},{"@type":"BreadcrumbList","@id":"https:\/\/partijhandeldhz.nl\/de\/produkt\/automatischer-comfort-sprueher-mit-grosser-flaeche\/#breadcrumb","itemListElement":[{"@type":"ListItem","position":1,"name":"Home","item":"https:\/\/partijhandeldhz.nl\/de\/"},{"@type":"ListItem","position":2,"name":"Shop","item":"https:\/\/partijhandeldhz.nl\/de\/shop\/"},{"@type":"ListItem","position":3,"name":"Automatischer Comfort-Spr\u00fcher mit gro\u00dfer Fl\u00e4che"}]},{"@type":"WebSite","@id":"https:\/\/partijhandeldhz.nl\/de\/#website","url":"https:\/\/partijhandeldhz.nl\/de\/","name":"DHZ Outlet & Partijhandel","description":"Grote en kleine partijen, altijd de scherpste prijs!","publisher":{"@id":"https:\/\/partijhandeldhz.nl\/de\/#organization"},"potentialAction":[{"@type":"SearchAction","target":{"@type":"EntryPoint","urlTemplate":"https:\/\/partijhandeldhz.nl\/de\/?s={search_term_string}"},"query-input":{"@type":"PropertyValueSpecification","valueRequired":true,"valueName":"search_term_string"}}],"inLanguage":"de"},{"@type":"Organization","@id":"https:\/\/partijhandeldhz.nl\/de\/#organization","name":"DHZ Outlet & Partijhandel","url":"https:\/\/partijhandeldhz.nl\/de\/","logo":{"@type":"ImageObject","inLanguage":"de","@id":"https:\/\/partijhandeldhz.nl\/de\/#\/schema\/logo\/image\/","url":"https:\/\/partijhandeldhz.nl\/wp-content\/uploads\/2025\/03\/1.png","contentUrl":"https:\/\/partijhandeldhz.nl\/wp-content\/uploads\/2025\/03\/1.png","width":1000,"height":500,"caption":"DHZ Outlet & Partijhandel"},"image":{"@id":"https:\/\/partijhandeldhz.nl\/de\/#\/schema\/logo\/image\/"},"sameAs":["https:\/\/www.facebook.com\/people\/Partijhandel-DHZ\/61573487458594\/","https:\/\/www.instagram.com\/partijhandeldhz\/"]}]}},"jetpack_sharing_enabled":true,"_links":{"self":[{"href":"https:\/\/partijhandeldhz.nl\/de\/wp-json\/wp\/v2\/product\/16069","targetHints":{"allow":["GET"]}}],"collection":[{"href":"https:\/\/partijhandeldhz.nl\/de\/wp-json\/wp\/v2\/product"}],"about":[{"href":"https:\/\/partijhandeldhz.nl\/de\/wp-json\/wp\/v2\/types\/product"}],"version-history":[{"count":0,"href":"https:\/\/partijhandeldhz.nl\/de\/wp-json\/wp\/v2\/product\/16069\/revisions"}],"wp:featuredmedia":[{"embeddable":true,"href":"https:\/\/partijhandeldhz.nl\/de\/wp-json\/wp\/v2\/media\/11268"}],"wp:attachment":[{"href":"https:\/\/partijhandeldhz.nl\/de\/wp-json\/wp\/v2\/media?parent=16069"}],"wp:term":[{"taxonomy":"product_brand","embeddable":true,"href":"https:\/\/partijhandeldhz.nl\/de\/wp-json\/wp\/v2\/product_brand?post=16069"},{"taxonomy":"product_cat","embeddable":true,"href":"https:\/\/partijhandeldhz.nl\/de\/wp-json\/wp\/v2\/product_cat?post=16069"},{"taxonomy":"product_tag","embeddable":true,"href":"https:\/\/partijhandeldhz.nl\/de\/wp-json\/wp\/v2\/product_tag?post=16069"}],"curies":[{"name":"wp","href":"https:\/\/api.w.org\/{rel}","templated":true}]}}