{"id":16032,"date":"2025-10-16T12:07:04","date_gmt":"2025-10-16T12:07:04","guid":{"rendered":"https:\/\/partijhandeldhz.nl\/product\/kuechenwaage-tasty-2\/"},"modified":"2025-10-16T12:07:04","modified_gmt":"2025-10-16T12:07:04","slug":"kuechenwaage-tasty-2","status":"publish","type":"product","link":"https:\/\/partijhandeldhz.nl\/de\/produkt\/kuechenwaage-tasty-2\/","title":{"rendered":"K\u00fcchenwaage Tasty+"},"content":{"rendered":"<p data-start=\"124\" data-end=\"488\">Die Brabantia Tasty+ Digital Kitchen Scale mit Dynamo ist eine innovative und langlebige K\u00fcchenhilfe, der nie der Strom ausgeht. Dank der eingebauten Lichtmaschine k\u00f6nnen Sie mit einer kurzen Drehung des Knopfs ganz einfach eigene Energie erzeugen \u2013 keine Batterien n\u00f6tig! Diese Waage verbindet Benutzerfreundlichkeit mit Umweltfreundlichkeit.  <\/p>\n<p data-start=\"490\" data-end=\"871\">Die Waage wiegt genau zwischen 5 Gramm und 5 Kilogramm und arbeitet mit digitaler Pr\u00e4zision in 1-Gramm-Schritten. Die praktische Multi-Measure-Funktion erm\u00f6glicht es Ihnen, einfach zwischen Gramm, Unzen, Pfund und Millilitern zu wechseln. Die Null-, Zur\u00fccksetzen- und Hinzuf\u00fcgen-Funktion erm\u00f6glicht es, mehrere Zutaten hintereinander in einer Sch\u00fcssel zu wiegen, was Zeit spart und abwaschen.  <\/p>\n<p data-start=\"873\" data-end=\"1135\">Die Glasoberfl\u00e4che ist hygienisch, leicht zu reinigen und mit rutschfesten F\u00fc\u00dfen f\u00fcr zus\u00e4tzliche Stabilit\u00e4t w\u00e4hrend der Nutzung ausgestattet. Mit seinem modernen Design und den kompakten Ma\u00dfen (20,5 x 20,5 x 3,3 cm) passt dieser Ma\u00dfstab perfekt in jede K\u00fcche. <\/p>\n<p data-start=\"1137\" data-end=\"1284\">Die Brabantia Tasty+ K\u00fcchenwaage ist eine kluge, stilvolle und nachhaltige Wahl f\u00fcr alle, die pr\u00e4zise kochen und sich um die Umwelt k\u00fcmmern.<\/p>\n<p data-start=\"1567\" data-end=\"1596\"><strong data-start=\"1567\" data-end=\"1594\">Schl\u00fcsselmerkmale<\/strong><\/p>\n<ul>\n<li data-start=\"1599\" data-end=\"1616\">Marke: Brabantia<\/li>\n<li data-start=\"1619\" data-end=\"1659\">Typ: Tasty+ Digital Kitchen Scale<\/li>\n<li data-start=\"1662\" data-end=\"1707\">Kapazit\u00e4t: 5 g \u2013 5 kg (genau auf 1 g)<\/li>\n<li data-start=\"1710\" data-end=\"1776\">Batteriefrei \u2013 eingebauter Generator zur Stromerzeugung<\/li>\n<li data-start=\"1779\" data-end=\"1816\">Mehrfach-Messfunktion: g\/oz\/lb\/ml<\/li>\n<li data-start=\"1819\" data-end=\"1874\">Null, Reset und Hinzuf\u00fcgen von Funktionen f\u00fcr effizientes Wiegen<\/li>\n<li data-start=\"1877\" data-end=\"1937\">Glasoberfl\u00e4che \u2013 hygienisch und leicht zu reinigen<\/li>\n<li data-start=\"1940\" data-end=\"1981\">Rutschfeste F\u00fc\u00dfe f\u00fcr stabile Positionierung<\/li>\n<li data-start=\"1984\" data-end=\"2010\">Umweltfreundliche Wahl<\/li>\n<li data-start=\"2013\" data-end=\"2055\">Abmessungen: 20,5 x 20,5 x 3,3 cm (LxWxH)<\/li>\n<li data-start=\"2058\" data-end=\"2075\">Gewicht: 0,5 kg<\/li>\n<li data-start=\"2078\" data-end=\"2100\">Material: Kunststoff<\/li>\n<li data-start=\"2103\" data-end=\"2128\">EAN-Code: 8710755122880<\/li>\n<\/ul>\n","protected":false},"excerpt":{"rendered":"<p>Die Brabantia Tasty+ Digital Kitchen Scale mit Dynamo wiegt bis zu 5 kg, funktioniert ohne Batterien und ist bis auf 1 Gramm genau. Langlebig, hygienisch und stilvoll.<br \/>\n<br data-start=\"1489\" data-end=\"1492\"><strong data-start=\"1492\" data-end=\"1558\"><em data-start=\"1494\" data-end=\"1556\">Bitte beachten Sie: Dieses Produkt kann nur \u00fcber unseren Webshop bestellt werden.<\/em><\/strong><\/p>\n","protected":false},"featured_media":11093,"template":"","meta":{"_acf_changed":false,"site-sidebar-layout":"default","site-content-layout":"","ast-site-content-layout":"default","site-content-style":"default","site-sidebar-style":"default","ast-global-header-display":"","ast-banner-title-visibility":"","ast-main-header-display":"","ast-hfb-above-header-display":"","ast-hfb-below-header-display":"","ast-hfb-mobile-header-display":"","site-post-title":"","ast-breadcrumbs-content":"","ast-featured-img":"","footer-sml-layout":"","ast-disable-related-posts":"","theme-transparent-header-meta":"default","adv-header-id-meta":"","stick-header-meta":"","header-above-stick-meta":"","header-main-stick-meta":"","header-below-stick-meta":"","astra-migrate-meta-layouts":"default","ast-page-background-enabled":"default","ast-page-background-meta":{"desktop":{"background-color":"","background-image":"","background-repeat":"repeat","background-position":"center center","background-size":"auto","background-attachment":"scroll","background-type":"","background-media":"","overlay-type":"","overlay-color":"","overlay-opacity":"","overlay-gradient":""},"tablet":{"background-color":"","background-image":"","background-repeat":"repeat","background-position":"center center","background-size":"auto","background-attachment":"scroll","background-type":"","background-media":"","overlay-type":"","overlay-color":"","overlay-opacity":"","overlay-gradient":""},"mobile":{"background-color":"","background-image":"","background-repeat":"repeat","background-position":"center center","background-size":"auto","background-attachment":"scroll","background-type":"","background-media":"","overlay-type":"","overlay-color":"","overlay-opacity":"","overlay-gradient":""}},"ast-content-background-meta":{"desktop":{"background-color":"var(--ast-global-color-5)","background-image":"","background-repeat":"repeat","background-position":"center center","background-size":"auto","background-attachment":"scroll","background-type":"","background-media":"","overlay-type":"","overlay-color":"","overlay-opacity":"","overlay-gradient":""},"tablet":{"background-color":"var(--ast-global-color-5)","background-image":"","background-repeat":"repeat","background-position":"center center","background-size":"auto","background-attachment":"scroll","background-type":"","background-media":"","overlay-type":"","overlay-color":"","overlay-opacity":"","overlay-gradient":""},"mobile":{"background-color":"var(--ast-global-color-5)","background-image":"","background-repeat":"repeat","background-position":"center center","background-size":"auto","background-attachment":"scroll","background-type":"","background-media":"","overlay-type":"","overlay-color":"","overlay-opacity":"","overlay-gradient":""}}},"product_brand":[544],"product_cat":[659,774,773,599],"product_tag":[],"class_list":{"0":"post-16032","1":"product","2":"type-product","3":"status-publish","4":"has-post-thumbnail","6":"product_brand-brabantia","7":"product_cat-haushalt","8":"product_cat-kuchenwaagen","9":"product_cat-kuchenzubehor","10":"product_cat-postenhandel","11":"pa_merk-brabantia","12":"desktop-align-left","13":"tablet-align-left","14":"mobile-align-left","16":"first","17":"instock","18":"taxable","19":"shipping-taxable","20":"purchasable","21":"product-type-simple"},"acf":[],"yoast_head":"<!-- This site is optimized with the Yoast SEO plugin v27.5 - https:\/\/yoast.com\/product\/yoast-seo-wordpress\/ -->\n<title>K\u00fcchenwaage Tasty+ - DHZ Outlet &amp; Partijhandel<\/title>\n<meta name=\"robots\" content=\"index, follow, max-snippet:-1, max-image-preview:large, max-video-preview:-1\" \/>\n<link rel=\"canonical\" href=\"https:\/\/partijhandeldhz.nl\/de\/produkt\/kuechenwaage-tasty-2\/\" \/>\n<meta property=\"og:locale\" content=\"de_DE\" \/>\n<meta property=\"og:type\" content=\"article\" \/>\n<meta property=\"og:title\" content=\"K\u00fcchenwaage Tasty+ - DHZ Outlet &amp; Partijhandel\" \/>\n<meta property=\"og:description\" content=\"Die Brabantia Tasty+ Digital Kitchen Scale mit Dynamo wiegt bis zu 5 kg, funktioniert ohne Batterien und ist bis auf 1 Gramm genau. Langlebig, hygienisch und stilvoll. Bitte beachten Sie: Dieses Produkt kann nur \u00fcber unseren Webshop bestellt werden.\" \/>\n<meta property=\"og:url\" content=\"https:\/\/partijhandeldhz.nl\/de\/produkt\/kuechenwaage-tasty-2\/\" \/>\n<meta property=\"og:site_name\" content=\"DHZ Outlet &amp; Partijhandel\" \/>\n<meta property=\"article:publisher\" content=\"https:\/\/www.facebook.com\/people\/Partijhandel-DHZ\/61573487458594\/\" \/>\n<meta property=\"og:image\" content=\"https:\/\/partijhandeldhz.nl\/wp-content\/uploads\/2025\/10\/Afbeelding-1-25.jpg\" \/>\n\t<meta property=\"og:image:width\" content=\"1000\" \/>\n\t<meta property=\"og:image:height\" content=\"1000\" \/>\n\t<meta property=\"og:image:type\" content=\"image\/jpeg\" \/>\n<meta name=\"twitter:card\" content=\"summary_large_image\" \/>\n<meta name=\"twitter:label1\" content=\"Gesch\u00e4tzte Lesezeit\" \/>\n\t<meta name=\"twitter:data1\" content=\"1\u00a0Minute\" \/>\n<script type=\"application\/ld+json\" class=\"yoast-schema-graph\">{\"@context\":\"https:\\\/\\\/schema.org\",\"@graph\":[{\"@type\":\"WebPage\",\"@id\":\"https:\\\/\\\/partijhandeldhz.nl\\\/de\\\/produkt\\\/kuechenwaage-tasty-2\\\/\",\"url\":\"https:\\\/\\\/partijhandeldhz.nl\\\/de\\\/produkt\\\/kuechenwaage-tasty-2\\\/\",\"name\":\"K\u00fcchenwaage Tasty+ - DHZ Outlet &amp; Partijhandel\",\"isPartOf\":{\"@id\":\"https:\\\/\\\/partijhandeldhz.nl\\\/de\\\/#website\"},\"primaryImageOfPage\":{\"@id\":\"https:\\\/\\\/partijhandeldhz.nl\\\/de\\\/produkt\\\/kuechenwaage-tasty-2\\\/#primaryimage\"},\"image\":{\"@id\":\"https:\\\/\\\/partijhandeldhz.nl\\\/de\\\/produkt\\\/kuechenwaage-tasty-2\\\/#primaryimage\"},\"thumbnailUrl\":\"https:\\\/\\\/partijhandeldhz.nl\\\/wp-content\\\/uploads\\\/2025\\\/10\\\/Afbeelding-1-25.jpg\",\"datePublished\":\"2025-10-16T12:07:04+00:00\",\"breadcrumb\":{\"@id\":\"https:\\\/\\\/partijhandeldhz.nl\\\/de\\\/produkt\\\/kuechenwaage-tasty-2\\\/#breadcrumb\"},\"inLanguage\":\"de\",\"potentialAction\":[{\"@type\":\"ReadAction\",\"target\":[\"https:\\\/\\\/partijhandeldhz.nl\\\/de\\\/produkt\\\/kuechenwaage-tasty-2\\\/\"]}]},{\"@type\":\"ImageObject\",\"inLanguage\":\"de\",\"@id\":\"https:\\\/\\\/partijhandeldhz.nl\\\/de\\\/produkt\\\/kuechenwaage-tasty-2\\\/#primaryimage\",\"url\":\"https:\\\/\\\/partijhandeldhz.nl\\\/wp-content\\\/uploads\\\/2025\\\/10\\\/Afbeelding-1-25.jpg\",\"contentUrl\":\"https:\\\/\\\/partijhandeldhz.nl\\\/wp-content\\\/uploads\\\/2025\\\/10\\\/Afbeelding-1-25.jpg\",\"width\":1000,\"height\":1000},{\"@type\":\"BreadcrumbList\",\"@id\":\"https:\\\/\\\/partijhandeldhz.nl\\\/de\\\/produkt\\\/kuechenwaage-tasty-2\\\/#breadcrumb\",\"itemListElement\":[{\"@type\":\"ListItem\",\"position\":1,\"name\":\"Home\",\"item\":\"https:\\\/\\\/partijhandeldhz.nl\\\/de\\\/\"},{\"@type\":\"ListItem\",\"position\":2,\"name\":\"Shop\",\"item\":\"https:\\\/\\\/partijhandeldhz.nl\\\/de\\\/shop\\\/\"},{\"@type\":\"ListItem\",\"position\":3,\"name\":\"K\u00fcchenwaage Tasty+\"}]},{\"@type\":\"WebSite\",\"@id\":\"https:\\\/\\\/partijhandeldhz.nl\\\/de\\\/#website\",\"url\":\"https:\\\/\\\/partijhandeldhz.nl\\\/de\\\/\",\"name\":\"DHZ Outlet & Partijhandel\",\"description\":\"Grote en kleine partijen, altijd de scherpste prijs!\",\"publisher\":{\"@id\":\"https:\\\/\\\/partijhandeldhz.nl\\\/de\\\/#organization\"},\"potentialAction\":[{\"@type\":\"SearchAction\",\"target\":{\"@type\":\"EntryPoint\",\"urlTemplate\":\"https:\\\/\\\/partijhandeldhz.nl\\\/de\\\/?s={search_term_string}\"},\"query-input\":{\"@type\":\"PropertyValueSpecification\",\"valueRequired\":true,\"valueName\":\"search_term_string\"}}],\"inLanguage\":\"de\"},{\"@type\":\"Organization\",\"@id\":\"https:\\\/\\\/partijhandeldhz.nl\\\/de\\\/#organization\",\"name\":\"DHZ Outlet & Partijhandel\",\"url\":\"https:\\\/\\\/partijhandeldhz.nl\\\/de\\\/\",\"logo\":{\"@type\":\"ImageObject\",\"inLanguage\":\"de\",\"@id\":\"https:\\\/\\\/partijhandeldhz.nl\\\/de\\\/#\\\/schema\\\/logo\\\/image\\\/\",\"url\":\"https:\\\/\\\/partijhandeldhz.nl\\\/wp-content\\\/uploads\\\/2025\\\/03\\\/1.png\",\"contentUrl\":\"https:\\\/\\\/partijhandeldhz.nl\\\/wp-content\\\/uploads\\\/2025\\\/03\\\/1.png\",\"width\":1000,\"height\":500,\"caption\":\"DHZ Outlet & Partijhandel\"},\"image\":{\"@id\":\"https:\\\/\\\/partijhandeldhz.nl\\\/de\\\/#\\\/schema\\\/logo\\\/image\\\/\"},\"sameAs\":[\"https:\\\/\\\/www.facebook.com\\\/people\\\/Partijhandel-DHZ\\\/61573487458594\\\/\",\"https:\\\/\\\/www.instagram.com\\\/partijhandeldhz\\\/\"]}]}<\/script>\n<!-- \/ Yoast SEO plugin. -->","yoast_head_json":{"title":"K\u00fcchenwaage Tasty+ - DHZ Outlet &amp; Partijhandel","robots":{"index":"index","follow":"follow","max-snippet":"max-snippet:-1","max-image-preview":"max-image-preview:large","max-video-preview":"max-video-preview:-1"},"canonical":"https:\/\/partijhandeldhz.nl\/de\/produkt\/kuechenwaage-tasty-2\/","og_locale":"de_DE","og_type":"article","og_title":"K\u00fcchenwaage Tasty+ - DHZ Outlet &amp; Partijhandel","og_description":"Die Brabantia Tasty+ Digital Kitchen Scale mit Dynamo wiegt bis zu 5 kg, funktioniert ohne Batterien und ist bis auf 1 Gramm genau. Langlebig, hygienisch und stilvoll. Bitte beachten Sie: Dieses Produkt kann nur \u00fcber unseren Webshop bestellt werden.","og_url":"https:\/\/partijhandeldhz.nl\/de\/produkt\/kuechenwaage-tasty-2\/","og_site_name":"DHZ Outlet &amp; Partijhandel","article_publisher":"https:\/\/www.facebook.com\/people\/Partijhandel-DHZ\/61573487458594\/","og_image":[{"width":1000,"height":1000,"url":"https:\/\/partijhandeldhz.nl\/wp-content\/uploads\/2025\/10\/Afbeelding-1-25.jpg","type":"image\/jpeg"}],"twitter_card":"summary_large_image","twitter_misc":{"Gesch\u00e4tzte Lesezeit":"1\u00a0Minute"},"schema":{"@context":"https:\/\/schema.org","@graph":[{"@type":"WebPage","@id":"https:\/\/partijhandeldhz.nl\/de\/produkt\/kuechenwaage-tasty-2\/","url":"https:\/\/partijhandeldhz.nl\/de\/produkt\/kuechenwaage-tasty-2\/","name":"K\u00fcchenwaage Tasty+ - DHZ Outlet &amp; Partijhandel","isPartOf":{"@id":"https:\/\/partijhandeldhz.nl\/de\/#website"},"primaryImageOfPage":{"@id":"https:\/\/partijhandeldhz.nl\/de\/produkt\/kuechenwaage-tasty-2\/#primaryimage"},"image":{"@id":"https:\/\/partijhandeldhz.nl\/de\/produkt\/kuechenwaage-tasty-2\/#primaryimage"},"thumbnailUrl":"https:\/\/partijhandeldhz.nl\/wp-content\/uploads\/2025\/10\/Afbeelding-1-25.jpg","datePublished":"2025-10-16T12:07:04+00:00","breadcrumb":{"@id":"https:\/\/partijhandeldhz.nl\/de\/produkt\/kuechenwaage-tasty-2\/#breadcrumb"},"inLanguage":"de","potentialAction":[{"@type":"ReadAction","target":["https:\/\/partijhandeldhz.nl\/de\/produkt\/kuechenwaage-tasty-2\/"]}]},{"@type":"ImageObject","inLanguage":"de","@id":"https:\/\/partijhandeldhz.nl\/de\/produkt\/kuechenwaage-tasty-2\/#primaryimage","url":"https:\/\/partijhandeldhz.nl\/wp-content\/uploads\/2025\/10\/Afbeelding-1-25.jpg","contentUrl":"https:\/\/partijhandeldhz.nl\/wp-content\/uploads\/2025\/10\/Afbeelding-1-25.jpg","width":1000,"height":1000},{"@type":"BreadcrumbList","@id":"https:\/\/partijhandeldhz.nl\/de\/produkt\/kuechenwaage-tasty-2\/#breadcrumb","itemListElement":[{"@type":"ListItem","position":1,"name":"Home","item":"https:\/\/partijhandeldhz.nl\/de\/"},{"@type":"ListItem","position":2,"name":"Shop","item":"https:\/\/partijhandeldhz.nl\/de\/shop\/"},{"@type":"ListItem","position":3,"name":"K\u00fcchenwaage Tasty+"}]},{"@type":"WebSite","@id":"https:\/\/partijhandeldhz.nl\/de\/#website","url":"https:\/\/partijhandeldhz.nl\/de\/","name":"DHZ Outlet & Partijhandel","description":"Grote en kleine partijen, altijd de scherpste prijs!","publisher":{"@id":"https:\/\/partijhandeldhz.nl\/de\/#organization"},"potentialAction":[{"@type":"SearchAction","target":{"@type":"EntryPoint","urlTemplate":"https:\/\/partijhandeldhz.nl\/de\/?s={search_term_string}"},"query-input":{"@type":"PropertyValueSpecification","valueRequired":true,"valueName":"search_term_string"}}],"inLanguage":"de"},{"@type":"Organization","@id":"https:\/\/partijhandeldhz.nl\/de\/#organization","name":"DHZ Outlet & Partijhandel","url":"https:\/\/partijhandeldhz.nl\/de\/","logo":{"@type":"ImageObject","inLanguage":"de","@id":"https:\/\/partijhandeldhz.nl\/de\/#\/schema\/logo\/image\/","url":"https:\/\/partijhandeldhz.nl\/wp-content\/uploads\/2025\/03\/1.png","contentUrl":"https:\/\/partijhandeldhz.nl\/wp-content\/uploads\/2025\/03\/1.png","width":1000,"height":500,"caption":"DHZ Outlet & Partijhandel"},"image":{"@id":"https:\/\/partijhandeldhz.nl\/de\/#\/schema\/logo\/image\/"},"sameAs":["https:\/\/www.facebook.com\/people\/Partijhandel-DHZ\/61573487458594\/","https:\/\/www.instagram.com\/partijhandeldhz\/"]}]}},"jetpack_sharing_enabled":true,"_links":{"self":[{"href":"https:\/\/partijhandeldhz.nl\/de\/wp-json\/wp\/v2\/product\/16032","targetHints":{"allow":["GET"]}}],"collection":[{"href":"https:\/\/partijhandeldhz.nl\/de\/wp-json\/wp\/v2\/product"}],"about":[{"href":"https:\/\/partijhandeldhz.nl\/de\/wp-json\/wp\/v2\/types\/product"}],"version-history":[{"count":0,"href":"https:\/\/partijhandeldhz.nl\/de\/wp-json\/wp\/v2\/product\/16032\/revisions"}],"wp:featuredmedia":[{"embeddable":true,"href":"https:\/\/partijhandeldhz.nl\/de\/wp-json\/wp\/v2\/media\/11093"}],"wp:attachment":[{"href":"https:\/\/partijhandeldhz.nl\/de\/wp-json\/wp\/v2\/media?parent=16032"}],"wp:term":[{"taxonomy":"product_brand","embeddable":true,"href":"https:\/\/partijhandeldhz.nl\/de\/wp-json\/wp\/v2\/product_brand?post=16032"},{"taxonomy":"product_cat","embeddable":true,"href":"https:\/\/partijhandeldhz.nl\/de\/wp-json\/wp\/v2\/product_cat?post=16032"},{"taxonomy":"product_tag","embeddable":true,"href":"https:\/\/partijhandeldhz.nl\/de\/wp-json\/wp\/v2\/product_tag?post=16032"}],"curies":[{"name":"wp","href":"https:\/\/api.w.org\/{rel}","templated":true}]}}