{"id":15931,"date":"2025-09-25T14:24:50","date_gmt":"2025-09-25T14:24:50","guid":{"rendered":"https:\/\/partijhandeldhz.nl\/product\/massbandsteuerung-3m\/"},"modified":"2025-09-25T14:24:50","modified_gmt":"2025-09-25T14:24:50","slug":"massbandsteuerung-3m","status":"publish","type":"product","link":"https:\/\/partijhandeldhz.nl\/de\/produkt\/massbandsteuerung-3m\/","title":{"rendered":"Ma\u00dfbandsteuerung 3m"},"content":{"rendered":"<p data-start=\"93\" data-end=\"397\"><strong data-start=\"128\" data-end=\"154\">Das Stanley Ma\u00dfband 3m<\/strong> ist eine kompakte und zuverl\u00e4ssige Messl\u00f6sung, die sowohl f\u00fcr den professionellen Gebrauch als auch f\u00fcr DIY-Projekte konzipiert ist. Dank seines <strong data-start=\"284\" data-end=\"318\">leichten und ergonomischen Designs<\/strong> liegt das Ma\u00dfband bequem in der Hand und ist leicht zu tragen. <\/p>\n<p data-start=\"399\" data-end=\"751\">Das Ma\u00dfband hat einen <strong data-start=\"421\" data-end=\"449\">doppelseitigen Druck<\/strong>, sodass Sie sowohl obere als auch untere Ma\u00dfe problemlos durchf\u00fchren k\u00f6nnen. Die ersten 7 cm des Reifens sind mit einer <g id=\"gid_1\">BladeArmor-Beschichtung<\/g> versehen, die die Verschlei\u00dffestigkeit verdoppelt und eine l\u00e4ngere Lebensdauer gew\u00e4hrleistet. Mit <strong data-start=\"673\" data-end=\"709\">einer Genauigkeit der Klasse II<\/strong> sind Sie auf pr\u00e4zise Messungen versichert.  <\/p>\n<p data-start=\"753\" data-end=\"1164\">Das Ma\u00dfband ist mit einem <strong data-start=\"788\" data-end=\"832\">vielseitigen Haken mit echter Nullposition<\/strong> ausgestattet, sodass sowohl innere als auch \u00e4u\u00dfere Ma\u00dfe korrekt und zuverl\u00e4ssig gemessen werden. F\u00fcr zus\u00e4tzlichen Komfort verf\u00fcgt die Riemengr\u00f6\u00dfe \u00fcber einen <g id=\"gid_1\">abnehmbaren Magneten<\/g>, der ideal f\u00fcr die Arbeit an Metalloberfl\u00e4chen ist. Der bequeme <strong data-start=\"1046\" data-end=\"1060\">Fingerstopp<\/strong> bietet volle Kontrolle beim Einziehen des Gurts, sodass Sie sicher und pr\u00e4zise arbeiten k\u00f6nnen.  <\/p>\n<p data-start=\"1166\" data-end=\"1341\"><strong data-start=\"1169\" data-end=\"1195\">Das Stanley Ma\u00dfband 3m<\/strong> vereint Haltbarkeit, Genauigkeit und Benutzerfreundlichkeit in einem kompakten Werkzeug \u2013 ein unverzichtbares Messinstrument f\u00fcr jeden Werkzeugkasten.<\/p>\n<p data-start=\"1619\" data-end=\"1648\"><strong data-start=\"1619\" data-end=\"1646\">Schl\u00fcsselmerkmale<\/strong><\/p>\n<ul>\n<li data-start=\"1651\" data-end=\"1668\">L\u00e4nge: 3 Meter<\/li>\n<li data-start=\"1671\" data-end=\"1698\">Genauigkeit: Klasse II<\/li>\n<li data-start=\"1701\" data-end=\"1748\">Doppelseitiger Druck zur einfachen Messung<\/li>\n<li data-start=\"1751\" data-end=\"1813\">BladeArmor-Beschichtung auf den ersten 7 cm f\u00fcr zus\u00e4tzliche Haltbarkeit<\/li>\n<li data-start=\"1816\" data-end=\"1886\">Vielseitiger Haken mit echter Nullposition f\u00fcr Innen- und Au\u00dfenma\u00dfe<\/li>\n<li data-start=\"1889\" data-end=\"1946\">Abnehmbarer Magnet f\u00fcr die Verwendung auf Metalloberfl\u00e4chen<\/li>\n<li data-start=\"1949\" data-end=\"2017\">Fingerstopp f\u00fcr optimale Kontrolle beim Einziehen des Reifens<\/li>\n<li data-start=\"2020\" data-end=\"2066\">Kompaktes, leichtes und ergonomisches Design<\/li>\n<li data-start=\"2069\" data-end=\"2094\">EAN-Code: 3253560372309<\/li>\n<\/ul>\n","protected":false},"excerpt":{"rendered":"<p>Das <strong data-start=\"1383\" data-end=\"1409\">Stanley Tape Measure 3m<\/strong> ist kompakt, pr\u00e4zise und verf\u00fcgt \u00fcber doppelseitigen Druck, BladeArmor-Beschichtung und abnehmbaren Magneten. Langlebig und ergonomisch.<br \/>\n<br data-start=\"1541\" data-end=\"1544\"><strong data-start=\"1544\" data-end=\"1610\"><em data-start=\"1546\" data-end=\"1608\">Bitte beachten Sie: Dieses Produkt kann nur \u00fcber unseren Webshop bestellt werden.<\/em><\/strong><\/p>\n","protected":false},"featured_media":10533,"template":"","meta":{"_acf_changed":false,"site-sidebar-layout":"default","site-content-layout":"","ast-site-content-layout":"default","site-content-style":"default","site-sidebar-style":"default","ast-global-header-display":"","ast-banner-title-visibility":"","ast-main-header-display":"","ast-hfb-above-header-display":"","ast-hfb-below-header-display":"","ast-hfb-mobile-header-display":"","site-post-title":"","ast-breadcrumbs-content":"","ast-featured-img":"","footer-sml-layout":"","ast-disable-related-posts":"","theme-transparent-header-meta":"default","adv-header-id-meta":"","stick-header-meta":"","header-above-stick-meta":"","header-main-stick-meta":"","header-below-stick-meta":"","astra-migrate-meta-layouts":"default","ast-page-background-enabled":"default","ast-page-background-meta":{"desktop":{"background-color":"","background-image":"","background-repeat":"repeat","background-position":"center center","background-size":"auto","background-attachment":"scroll","background-type":"","background-media":"","overlay-type":"","overlay-color":"","overlay-opacity":"","overlay-gradient":""},"tablet":{"background-color":"","background-image":"","background-repeat":"repeat","background-position":"center center","background-size":"auto","background-attachment":"scroll","background-type":"","background-media":"","overlay-type":"","overlay-color":"","overlay-opacity":"","overlay-gradient":""},"mobile":{"background-color":"","background-image":"","background-repeat":"repeat","background-position":"center center","background-size":"auto","background-attachment":"scroll","background-type":"","background-media":"","overlay-type":"","overlay-color":"","overlay-opacity":"","overlay-gradient":""}},"ast-content-background-meta":{"desktop":{"background-color":"var(--ast-global-color-5)","background-image":"","background-repeat":"repeat","background-position":"center center","background-size":"auto","background-attachment":"scroll","background-type":"","background-media":"","overlay-type":"","overlay-color":"","overlay-opacity":"","overlay-gradient":""},"tablet":{"background-color":"var(--ast-global-color-5)","background-image":"","background-repeat":"repeat","background-position":"center center","background-size":"auto","background-attachment":"scroll","background-type":"","background-media":"","overlay-type":"","overlay-color":"","overlay-opacity":"","overlay-gradient":""},"mobile":{"background-color":"var(--ast-global-color-5)","background-image":"","background-repeat":"repeat","background-position":"center center","background-size":"auto","background-attachment":"scroll","background-type":"","background-media":"","overlay-type":"","overlay-color":"","overlay-opacity":"","overlay-gradient":""}}},"product_brand":[334],"product_cat":[673,599],"product_tag":[],"class_list":{"0":"post-15931","1":"product","2":"type-product","3":"status-publish","4":"has-post-thumbnail","6":"product_brand-stanley","7":"product_cat-masbander","8":"product_cat-postenhandel","9":"pa_merk-stanley","10":"desktop-align-left","11":"tablet-align-left","12":"mobile-align-left","14":"first","15":"instock","16":"taxable","17":"shipping-taxable","18":"purchasable","19":"product-type-simple"},"acf":[],"yoast_head":"<!-- This site is optimized with the Yoast SEO plugin v27.5 - https:\/\/yoast.com\/product\/yoast-seo-wordpress\/ -->\n<title>Ma\u00dfbandsteuerung 3m - DHZ Outlet &amp; Partijhandel<\/title>\n<meta name=\"robots\" content=\"index, follow, max-snippet:-1, max-image-preview:large, max-video-preview:-1\" \/>\n<link rel=\"canonical\" href=\"https:\/\/partijhandeldhz.nl\/de\/produkt\/massbandsteuerung-3m\/\" \/>\n<meta property=\"og:locale\" content=\"de_DE\" \/>\n<meta property=\"og:type\" content=\"article\" \/>\n<meta property=\"og:title\" content=\"Ma\u00dfbandsteuerung 3m - DHZ Outlet &amp; Partijhandel\" \/>\n<meta property=\"og:description\" content=\"Das Stanley Tape Measure 3m ist kompakt, pr\u00e4zise und verf\u00fcgt \u00fcber doppelseitigen Druck, BladeArmor-Beschichtung und abnehmbaren Magneten. Langlebig und ergonomisch. Bitte beachten Sie: Dieses Produkt kann nur \u00fcber unseren Webshop bestellt werden.\" \/>\n<meta property=\"og:url\" content=\"https:\/\/partijhandeldhz.nl\/de\/produkt\/massbandsteuerung-3m\/\" \/>\n<meta property=\"og:site_name\" content=\"DHZ Outlet &amp; Partijhandel\" \/>\n<meta property=\"article:publisher\" content=\"https:\/\/www.facebook.com\/people\/Partijhandel-DHZ\/61573487458594\/\" \/>\n<meta property=\"og:image\" content=\"https:\/\/partijhandeldhz.nl\/wp-content\/uploads\/2025\/09\/Afbeelding-1-21.jpg\" \/>\n\t<meta property=\"og:image:width\" content=\"1000\" \/>\n\t<meta property=\"og:image:height\" content=\"1000\" \/>\n\t<meta property=\"og:image:type\" content=\"image\/jpeg\" \/>\n<meta name=\"twitter:card\" content=\"summary_large_image\" \/>\n<meta name=\"twitter:label1\" content=\"Gesch\u00e4tzte Lesezeit\" \/>\n\t<meta name=\"twitter:data1\" content=\"1\u00a0Minute\" \/>\n<script type=\"application\/ld+json\" class=\"yoast-schema-graph\">{\"@context\":\"https:\\\/\\\/schema.org\",\"@graph\":[{\"@type\":\"WebPage\",\"@id\":\"https:\\\/\\\/partijhandeldhz.nl\\\/de\\\/produkt\\\/massbandsteuerung-3m\\\/\",\"url\":\"https:\\\/\\\/partijhandeldhz.nl\\\/de\\\/produkt\\\/massbandsteuerung-3m\\\/\",\"name\":\"Ma\u00dfbandsteuerung 3m - DHZ Outlet &amp; Partijhandel\",\"isPartOf\":{\"@id\":\"https:\\\/\\\/partijhandeldhz.nl\\\/de\\\/#website\"},\"primaryImageOfPage\":{\"@id\":\"https:\\\/\\\/partijhandeldhz.nl\\\/de\\\/produkt\\\/massbandsteuerung-3m\\\/#primaryimage\"},\"image\":{\"@id\":\"https:\\\/\\\/partijhandeldhz.nl\\\/de\\\/produkt\\\/massbandsteuerung-3m\\\/#primaryimage\"},\"thumbnailUrl\":\"https:\\\/\\\/partijhandeldhz.nl\\\/wp-content\\\/uploads\\\/2025\\\/09\\\/Afbeelding-1-21.jpg\",\"datePublished\":\"2025-09-25T14:24:50+00:00\",\"breadcrumb\":{\"@id\":\"https:\\\/\\\/partijhandeldhz.nl\\\/de\\\/produkt\\\/massbandsteuerung-3m\\\/#breadcrumb\"},\"inLanguage\":\"de\",\"potentialAction\":[{\"@type\":\"ReadAction\",\"target\":[\"https:\\\/\\\/partijhandeldhz.nl\\\/de\\\/produkt\\\/massbandsteuerung-3m\\\/\"]}]},{\"@type\":\"ImageObject\",\"inLanguage\":\"de\",\"@id\":\"https:\\\/\\\/partijhandeldhz.nl\\\/de\\\/produkt\\\/massbandsteuerung-3m\\\/#primaryimage\",\"url\":\"https:\\\/\\\/partijhandeldhz.nl\\\/wp-content\\\/uploads\\\/2025\\\/09\\\/Afbeelding-1-21.jpg\",\"contentUrl\":\"https:\\\/\\\/partijhandeldhz.nl\\\/wp-content\\\/uploads\\\/2025\\\/09\\\/Afbeelding-1-21.jpg\",\"width\":1000,\"height\":1000},{\"@type\":\"BreadcrumbList\",\"@id\":\"https:\\\/\\\/partijhandeldhz.nl\\\/de\\\/produkt\\\/massbandsteuerung-3m\\\/#breadcrumb\",\"itemListElement\":[{\"@type\":\"ListItem\",\"position\":1,\"name\":\"Home\",\"item\":\"https:\\\/\\\/partijhandeldhz.nl\\\/de\\\/\"},{\"@type\":\"ListItem\",\"position\":2,\"name\":\"Shop\",\"item\":\"https:\\\/\\\/partijhandeldhz.nl\\\/de\\\/shop\\\/\"},{\"@type\":\"ListItem\",\"position\":3,\"name\":\"Ma\u00dfbandsteuerung 3m\"}]},{\"@type\":\"WebSite\",\"@id\":\"https:\\\/\\\/partijhandeldhz.nl\\\/de\\\/#website\",\"url\":\"https:\\\/\\\/partijhandeldhz.nl\\\/de\\\/\",\"name\":\"DHZ Outlet & Partijhandel\",\"description\":\"Grote en kleine partijen, altijd de scherpste prijs!\",\"publisher\":{\"@id\":\"https:\\\/\\\/partijhandeldhz.nl\\\/de\\\/#organization\"},\"potentialAction\":[{\"@type\":\"SearchAction\",\"target\":{\"@type\":\"EntryPoint\",\"urlTemplate\":\"https:\\\/\\\/partijhandeldhz.nl\\\/de\\\/?s={search_term_string}\"},\"query-input\":{\"@type\":\"PropertyValueSpecification\",\"valueRequired\":true,\"valueName\":\"search_term_string\"}}],\"inLanguage\":\"de\"},{\"@type\":\"Organization\",\"@id\":\"https:\\\/\\\/partijhandeldhz.nl\\\/de\\\/#organization\",\"name\":\"DHZ Outlet & Partijhandel\",\"url\":\"https:\\\/\\\/partijhandeldhz.nl\\\/de\\\/\",\"logo\":{\"@type\":\"ImageObject\",\"inLanguage\":\"de\",\"@id\":\"https:\\\/\\\/partijhandeldhz.nl\\\/de\\\/#\\\/schema\\\/logo\\\/image\\\/\",\"url\":\"https:\\\/\\\/partijhandeldhz.nl\\\/wp-content\\\/uploads\\\/2025\\\/03\\\/1.png\",\"contentUrl\":\"https:\\\/\\\/partijhandeldhz.nl\\\/wp-content\\\/uploads\\\/2025\\\/03\\\/1.png\",\"width\":1000,\"height\":500,\"caption\":\"DHZ Outlet & Partijhandel\"},\"image\":{\"@id\":\"https:\\\/\\\/partijhandeldhz.nl\\\/de\\\/#\\\/schema\\\/logo\\\/image\\\/\"},\"sameAs\":[\"https:\\\/\\\/www.facebook.com\\\/people\\\/Partijhandel-DHZ\\\/61573487458594\\\/\",\"https:\\\/\\\/www.instagram.com\\\/partijhandeldhz\\\/\"]}]}<\/script>\n<!-- \/ Yoast SEO plugin. -->","yoast_head_json":{"title":"Ma\u00dfbandsteuerung 3m - DHZ Outlet &amp; Partijhandel","robots":{"index":"index","follow":"follow","max-snippet":"max-snippet:-1","max-image-preview":"max-image-preview:large","max-video-preview":"max-video-preview:-1"},"canonical":"https:\/\/partijhandeldhz.nl\/de\/produkt\/massbandsteuerung-3m\/","og_locale":"de_DE","og_type":"article","og_title":"Ma\u00dfbandsteuerung 3m - DHZ Outlet &amp; Partijhandel","og_description":"Das Stanley Tape Measure 3m ist kompakt, pr\u00e4zise und verf\u00fcgt \u00fcber doppelseitigen Druck, BladeArmor-Beschichtung und abnehmbaren Magneten. Langlebig und ergonomisch. Bitte beachten Sie: Dieses Produkt kann nur \u00fcber unseren Webshop bestellt werden.","og_url":"https:\/\/partijhandeldhz.nl\/de\/produkt\/massbandsteuerung-3m\/","og_site_name":"DHZ Outlet &amp; Partijhandel","article_publisher":"https:\/\/www.facebook.com\/people\/Partijhandel-DHZ\/61573487458594\/","og_image":[{"width":1000,"height":1000,"url":"https:\/\/partijhandeldhz.nl\/wp-content\/uploads\/2025\/09\/Afbeelding-1-21.jpg","type":"image\/jpeg"}],"twitter_card":"summary_large_image","twitter_misc":{"Gesch\u00e4tzte Lesezeit":"1\u00a0Minute"},"schema":{"@context":"https:\/\/schema.org","@graph":[{"@type":"WebPage","@id":"https:\/\/partijhandeldhz.nl\/de\/produkt\/massbandsteuerung-3m\/","url":"https:\/\/partijhandeldhz.nl\/de\/produkt\/massbandsteuerung-3m\/","name":"Ma\u00dfbandsteuerung 3m - DHZ Outlet &amp; Partijhandel","isPartOf":{"@id":"https:\/\/partijhandeldhz.nl\/de\/#website"},"primaryImageOfPage":{"@id":"https:\/\/partijhandeldhz.nl\/de\/produkt\/massbandsteuerung-3m\/#primaryimage"},"image":{"@id":"https:\/\/partijhandeldhz.nl\/de\/produkt\/massbandsteuerung-3m\/#primaryimage"},"thumbnailUrl":"https:\/\/partijhandeldhz.nl\/wp-content\/uploads\/2025\/09\/Afbeelding-1-21.jpg","datePublished":"2025-09-25T14:24:50+00:00","breadcrumb":{"@id":"https:\/\/partijhandeldhz.nl\/de\/produkt\/massbandsteuerung-3m\/#breadcrumb"},"inLanguage":"de","potentialAction":[{"@type":"ReadAction","target":["https:\/\/partijhandeldhz.nl\/de\/produkt\/massbandsteuerung-3m\/"]}]},{"@type":"ImageObject","inLanguage":"de","@id":"https:\/\/partijhandeldhz.nl\/de\/produkt\/massbandsteuerung-3m\/#primaryimage","url":"https:\/\/partijhandeldhz.nl\/wp-content\/uploads\/2025\/09\/Afbeelding-1-21.jpg","contentUrl":"https:\/\/partijhandeldhz.nl\/wp-content\/uploads\/2025\/09\/Afbeelding-1-21.jpg","width":1000,"height":1000},{"@type":"BreadcrumbList","@id":"https:\/\/partijhandeldhz.nl\/de\/produkt\/massbandsteuerung-3m\/#breadcrumb","itemListElement":[{"@type":"ListItem","position":1,"name":"Home","item":"https:\/\/partijhandeldhz.nl\/de\/"},{"@type":"ListItem","position":2,"name":"Shop","item":"https:\/\/partijhandeldhz.nl\/de\/shop\/"},{"@type":"ListItem","position":3,"name":"Ma\u00dfbandsteuerung 3m"}]},{"@type":"WebSite","@id":"https:\/\/partijhandeldhz.nl\/de\/#website","url":"https:\/\/partijhandeldhz.nl\/de\/","name":"DHZ Outlet & Partijhandel","description":"Grote en kleine partijen, altijd de scherpste prijs!","publisher":{"@id":"https:\/\/partijhandeldhz.nl\/de\/#organization"},"potentialAction":[{"@type":"SearchAction","target":{"@type":"EntryPoint","urlTemplate":"https:\/\/partijhandeldhz.nl\/de\/?s={search_term_string}"},"query-input":{"@type":"PropertyValueSpecification","valueRequired":true,"valueName":"search_term_string"}}],"inLanguage":"de"},{"@type":"Organization","@id":"https:\/\/partijhandeldhz.nl\/de\/#organization","name":"DHZ Outlet & Partijhandel","url":"https:\/\/partijhandeldhz.nl\/de\/","logo":{"@type":"ImageObject","inLanguage":"de","@id":"https:\/\/partijhandeldhz.nl\/de\/#\/schema\/logo\/image\/","url":"https:\/\/partijhandeldhz.nl\/wp-content\/uploads\/2025\/03\/1.png","contentUrl":"https:\/\/partijhandeldhz.nl\/wp-content\/uploads\/2025\/03\/1.png","width":1000,"height":500,"caption":"DHZ Outlet & Partijhandel"},"image":{"@id":"https:\/\/partijhandeldhz.nl\/de\/#\/schema\/logo\/image\/"},"sameAs":["https:\/\/www.facebook.com\/people\/Partijhandel-DHZ\/61573487458594\/","https:\/\/www.instagram.com\/partijhandeldhz\/"]}]}},"jetpack_sharing_enabled":true,"_links":{"self":[{"href":"https:\/\/partijhandeldhz.nl\/de\/wp-json\/wp\/v2\/product\/15931","targetHints":{"allow":["GET"]}}],"collection":[{"href":"https:\/\/partijhandeldhz.nl\/de\/wp-json\/wp\/v2\/product"}],"about":[{"href":"https:\/\/partijhandeldhz.nl\/de\/wp-json\/wp\/v2\/types\/product"}],"version-history":[{"count":0,"href":"https:\/\/partijhandeldhz.nl\/de\/wp-json\/wp\/v2\/product\/15931\/revisions"}],"wp:featuredmedia":[{"embeddable":true,"href":"https:\/\/partijhandeldhz.nl\/de\/wp-json\/wp\/v2\/media\/10533"}],"wp:attachment":[{"href":"https:\/\/partijhandeldhz.nl\/de\/wp-json\/wp\/v2\/media?parent=15931"}],"wp:term":[{"taxonomy":"product_brand","embeddable":true,"href":"https:\/\/partijhandeldhz.nl\/de\/wp-json\/wp\/v2\/product_brand?post=15931"},{"taxonomy":"product_cat","embeddable":true,"href":"https:\/\/partijhandeldhz.nl\/de\/wp-json\/wp\/v2\/product_cat?post=15931"},{"taxonomy":"product_tag","embeddable":true,"href":"https:\/\/partijhandeldhz.nl\/de\/wp-json\/wp\/v2\/product_tag?post=15931"}],"curies":[{"name":"wp","href":"https:\/\/api.w.org\/{rel}","templated":true}]}}