{"id":15736,"date":"2025-08-26T08:27:11","date_gmt":"2025-08-26T08:27:11","guid":{"rendered":"https:\/\/partijhandeldhz.nl\/product\/ecoline-starter-set-g3-4-g1-2\/"},"modified":"2025-08-26T08:27:11","modified_gmt":"2025-08-26T08:27:11","slug":"ecoline-starter-set-g3-4-g1-2","status":"publish","type":"product","link":"https:\/\/partijhandeldhz.nl\/de\/produkt\/ecoline-starter-set-g3-4-g1-2\/","title":{"rendered":"EcoLine Starter-Set (G3\/4&#8243; &amp; G1\/2&#8243;)"},"content":{"rendered":"<p data-start=\"305\" data-end=\"625\">Das <strong data-start=\"308\" data-end=\"336\">Gardena EcoLine Starter Set<\/strong> ist die perfekte Kombination aus Nachhaltigkeit, Funktionalit\u00e4t und Design f\u00fcr jeden Gartenliebhaber. Dieses Starterset enth\u00e4lt alles, was Sie f\u00fcr eine zuverl\u00e4ssige Verbindung Ihres Gartenschlauchs mit dem Wasserhahn ben\u00f6tigen, einschlie\u00dflich <strong data-start=\"554\" data-end=\"624\">Reinigungsspr\u00fche, Wasserhahnanschluss, Adapter, Schlauchst\u00fcck und Wasserstopp.<\/strong> <\/p>\n<p data-start=\"627\" data-end=\"960\">Was dieses Set einzigartig macht, ist seine nachhaltige Natur: <strong data-start=\"679\" data-end=\"737\">Mehr als 90 % des verwendeten Kunststoffs werden recycelt<\/strong>, haupts\u00e4chlich aus Haushaltsabf\u00e4llen. Zus\u00e4tzlich bestehen die Metallteile <g id=\"gid_1\">zu 35 % aus recyceltem Edelstahl<\/g>. Das macht das Set nicht nur umweltfreundlich, sondern auch besonders robust und langlebig.  <\/p>\n<p data-start=\"962\" data-end=\"1365\">Die <strong data-start=\"965\" data-end=\"985\">2-in-1-Spr\u00fchd\u00fcse<\/strong> bietet sowohl einen kraftvollen Strahl f\u00fcr Reinigungsarbeiten als auch einen sanften Spr\u00fchstrahl zum Bew\u00e4ssern der Pflanzen \u2013 leicht einstellbar f\u00fcr jede Situation. Die <strong data-start=\"1149\" data-end=\"1169\">Wasserstoppfunktion<\/strong> sorgt daf\u00fcr, dass Sie die Aufs\u00e4tze leicht wechseln k\u00f6nnen, ohne zum Wasserhahn laufen zu m\u00fcssen: Das Wasser stoppt beim Abtrennen automatisch und flie\u00dft wieder, sobald ein neuer Aufsatz angebracht ist. <\/p>\n<p data-start=\"1367\" data-end=\"1660\">Das Set eignet sich f\u00fcr <strong data-start=\"1391\" data-end=\"1425\">1\/2&#8243; &#8211; 5\/8&#8243; (13-15 mm) Schl\u00e4uche<\/strong> sowie f\u00fcr Geh\u00e4hne mit <strong data-start=\"1449\" data-end=\"1500\">einem 21 mm (G 1\/2&#8243;) oder 26,5 mm (G 3\/4&#8243;) Gewinde.<\/strong> Der Wasserhahnanschluss ist au\u00dferdem mit einer <strong data-start=\"1552\" data-end=\"1575\">Anti-Splash-Funktion<\/strong> ausgestattet, sodass Sie Eimer oder Gie\u00dfkannen auch ohne Schlauch \u2013 ohne Spritzen \u2013 einfach f\u00fcllen k\u00f6nnen. <\/p>\n<p data-start=\"1662\" data-end=\"2013\">Das Gardena EcoLine Starter Set ist <strong data-start=\"1693\" data-end=\"1718\">UV- und frostbest\u00e4ndig<\/strong>, sodass es das ganze Jahr \u00fcber drau\u00dfen bleiben kann. Hergestellt in Deutschland und mit <strong data-start=\"1815\" data-end=\"1834\">5-j\u00e4hriger Garantie<\/strong> geliefert, garantiert dieses Set Qualit\u00e4t, Haltbarkeit und Benutzerfreundlichkeit. <\/p>\n<h3 data-start=\"2309\" data-end=\"2340\"><strong data-start=\"2313\" data-end=\"2340\">Schl\u00fcsselmerkmale<\/strong><\/h3>\n<ul>\n<li data-start=\"2343\" data-end=\"2418\">Enth\u00e4lt: Reinigungsspr\u00fche, Wasserhahnanschluss, Adapter, Schlauchteil und Wasserstopp<\/li>\n<li data-start=\"2421\" data-end=\"2482\">Hergestellt aus &gt;90 % recyceltem Kunststoff und 35 % recyceltem Edelstahl<\/li>\n<li data-start=\"2485\" data-end=\"2531\">Geeignet f\u00fcr 13\u201315 mm (1\/2&#8243; \u2013 5\/8&#8243;) Schl\u00e4uche<\/li>\n<li data-start=\"2534\" data-end=\"2585\">Passt zu 21 mm (G 1\/2&#8243;) und 26,5 mm (G 3\/4&#8243;) Geh\u00e4hnen<\/li>\n<li data-start=\"2588\" data-end=\"2645\">Verstellbare 2-in-1-Spr\u00fchd\u00fcse (Spr\u00fch- und Spr\u00fchfunktion)<\/li>\n<li data-start=\"2648\" data-end=\"2699\">Wasserstopp f\u00fcr einfache Zubeh\u00f6rwechsel<\/li>\n<li data-start=\"2702\" data-end=\"2757\">Anti-Splash-Funktion f\u00fcr spritzfreie F\u00fcllung ohne Schlauch<\/li>\n<li data-start=\"2760\" data-end=\"2824\">UV- und frostbest\u00e4ndig: Eignet sich f\u00fcr den Einsatz in jeder Jahreszeit<\/li>\n<li data-start=\"2827\" data-end=\"2849\">Hergestellt in Deutschland<\/li>\n<li data-start=\"2852\" data-end=\"2877\">5-j\u00e4hrige Herstellergarantie<\/li>\n<li data-start=\"2880\" data-end=\"2907\">EAN-Code: 4078500057585<\/li>\n<\/ul>\n<p data-start=\"1662\" data-end=\"2013\">\n","protected":false},"excerpt":{"rendered":"<p data-start=\"2055\" data-end=\"2302\">Komplettes, langlebiges Starterset von Gardena zum Anschlie\u00dfen und Benutzen Ihres Gartenschlauchs. Hergestellt aus recyceltem Material und geeignet f\u00fcr alle Standardschl\u00e4uche und Wasserh\u00e4hne.<br \/>\n<br data-start=\"2233\" data-end=\"2236\"><strong data-start=\"2236\" data-end=\"2302\"><em data-start=\"2238\" data-end=\"2300\">Bitte beachten Sie: Dieses Produkt kann nur \u00fcber unseren Webshop bestellt werden.<\/em><\/strong><\/p>\n","protected":false},"featured_media":15737,"template":"","meta":{"_acf_changed":false,"site-sidebar-layout":"default","site-content-layout":"","ast-site-content-layout":"default","site-content-style":"default","site-sidebar-style":"default","ast-global-header-display":"","ast-banner-title-visibility":"","ast-main-header-display":"","ast-hfb-above-header-display":"","ast-hfb-below-header-display":"","ast-hfb-mobile-header-display":"","site-post-title":"","ast-breadcrumbs-content":"","ast-featured-img":"","footer-sml-layout":"","ast-disable-related-posts":"","theme-transparent-header-meta":"default","adv-header-id-meta":"","stick-header-meta":"","header-above-stick-meta":"","header-main-stick-meta":"","header-below-stick-meta":"","astra-migrate-meta-layouts":"default","ast-page-background-enabled":"default","ast-page-background-meta":{"desktop":{"background-color":"","background-image":"","background-repeat":"repeat","background-position":"center center","background-size":"auto","background-attachment":"scroll","background-type":"","background-media":"","overlay-type":"","overlay-color":"","overlay-opacity":"","overlay-gradient":""},"tablet":{"background-color":"","background-image":"","background-repeat":"repeat","background-position":"center center","background-size":"auto","background-attachment":"scroll","background-type":"","background-media":"","overlay-type":"","overlay-color":"","overlay-opacity":"","overlay-gradient":""},"mobile":{"background-color":"","background-image":"","background-repeat":"repeat","background-position":"center center","background-size":"auto","background-attachment":"scroll","background-type":"","background-media":"","overlay-type":"","overlay-color":"","overlay-opacity":"","overlay-gradient":""}},"ast-content-background-meta":{"desktop":{"background-color":"var(--ast-global-color-5)","background-image":"","background-repeat":"repeat","background-position":"center center","background-size":"auto","background-attachment":"scroll","background-type":"","background-media":"","overlay-type":"","overlay-color":"","overlay-opacity":"","overlay-gradient":""},"tablet":{"background-color":"var(--ast-global-color-5)","background-image":"","background-repeat":"repeat","background-position":"center center","background-size":"auto","background-attachment":"scroll","background-type":"","background-media":"","overlay-type":"","overlay-color":"","overlay-opacity":"","overlay-gradient":""},"mobile":{"background-color":"var(--ast-global-color-5)","background-image":"","background-repeat":"repeat","background-position":"center center","background-size":"auto","background-attachment":"scroll","background-type":"","background-media":"","overlay-type":"","overlay-color":"","overlay-opacity":"","overlay-gradient":""}}},"product_brand":[],"product_cat":[735],"product_tag":[],"class_list":{"0":"post-15736","1":"product","2":"type-product","3":"status-publish","4":"has-post-thumbnail","6":"product_cat-handspruher","7":"pa_merk-gardena","8":"desktop-align-left","9":"tablet-align-left","10":"mobile-align-left","12":"first","13":"instock","14":"taxable","15":"shipping-taxable","16":"purchasable","17":"product-type-simple"},"acf":[],"yoast_head":"<!-- This site is optimized with the Yoast SEO plugin v27.5 - https:\/\/yoast.com\/product\/yoast-seo-wordpress\/ -->\n<title>EcoLine Starter-Set (G3\/4&quot; &amp; G1\/2&quot;) - DHZ Outlet &amp; Partijhandel<\/title>\n<meta name=\"robots\" content=\"index, follow, max-snippet:-1, max-image-preview:large, max-video-preview:-1\" \/>\n<link rel=\"canonical\" href=\"https:\/\/partijhandeldhz.nl\/de\/produkt\/ecoline-starter-set-g3-4-g1-2\/\" \/>\n<meta property=\"og:locale\" content=\"de_DE\" \/>\n<meta property=\"og:type\" content=\"article\" \/>\n<meta property=\"og:title\" content=\"EcoLine Starter-Set (G3\/4&quot; &amp; G1\/2&quot;) - DHZ Outlet &amp; Partijhandel\" \/>\n<meta property=\"og:description\" content=\"Komplettes, langlebiges Starterset von Gardena zum Anschlie\u00dfen und Benutzen Ihres Gartenschlauchs. Hergestellt aus recyceltem Material und geeignet f\u00fcr alle Standardschl\u00e4uche und Wasserh\u00e4hne. Bitte beachten Sie: Dieses Produkt kann nur \u00fcber unseren Webshop bestellt werden.\" \/>\n<meta property=\"og:url\" content=\"https:\/\/partijhandeldhz.nl\/de\/produkt\/ecoline-starter-set-g3-4-g1-2\/\" \/>\n<meta property=\"og:site_name\" content=\"DHZ Outlet &amp; Partijhandel\" \/>\n<meta property=\"article:publisher\" content=\"https:\/\/www.facebook.com\/people\/Partijhandel-DHZ\/61573487458594\/\" \/>\n<meta property=\"og:image\" content=\"https:\/\/partijhandeldhz.nl\/wp-content\/uploads\/2025\/08\/1-22.jpg\" \/>\n\t<meta property=\"og:image:width\" content=\"1000\" \/>\n\t<meta property=\"og:image:height\" content=\"1000\" \/>\n\t<meta property=\"og:image:type\" content=\"image\/jpeg\" \/>\n<meta name=\"twitter:card\" content=\"summary_large_image\" \/>\n<meta name=\"twitter:label1\" content=\"Gesch\u00e4tzte Lesezeit\" \/>\n\t<meta name=\"twitter:data1\" content=\"2\u00a0Minuten\" \/>\n<script type=\"application\/ld+json\" class=\"yoast-schema-graph\">{\"@context\":\"https:\\\/\\\/schema.org\",\"@graph\":[{\"@type\":\"WebPage\",\"@id\":\"https:\\\/\\\/partijhandeldhz.nl\\\/de\\\/produkt\\\/ecoline-starter-set-g3-4-g1-2\\\/\",\"url\":\"https:\\\/\\\/partijhandeldhz.nl\\\/de\\\/produkt\\\/ecoline-starter-set-g3-4-g1-2\\\/\",\"name\":\"EcoLine Starter-Set (G3\\\/4\\\" &amp; G1\\\/2\\\") - DHZ Outlet &amp; Partijhandel\",\"isPartOf\":{\"@id\":\"https:\\\/\\\/partijhandeldhz.nl\\\/de\\\/#website\"},\"primaryImageOfPage\":{\"@id\":\"https:\\\/\\\/partijhandeldhz.nl\\\/de\\\/produkt\\\/ecoline-starter-set-g3-4-g1-2\\\/#primaryimage\"},\"image\":{\"@id\":\"https:\\\/\\\/partijhandeldhz.nl\\\/de\\\/produkt\\\/ecoline-starter-set-g3-4-g1-2\\\/#primaryimage\"},\"thumbnailUrl\":\"https:\\\/\\\/partijhandeldhz.nl\\\/wp-content\\\/uploads\\\/2025\\\/08\\\/1-22.jpg\",\"datePublished\":\"2025-08-26T08:27:11+00:00\",\"breadcrumb\":{\"@id\":\"https:\\\/\\\/partijhandeldhz.nl\\\/de\\\/produkt\\\/ecoline-starter-set-g3-4-g1-2\\\/#breadcrumb\"},\"inLanguage\":\"de\",\"potentialAction\":[{\"@type\":\"ReadAction\",\"target\":[\"https:\\\/\\\/partijhandeldhz.nl\\\/de\\\/produkt\\\/ecoline-starter-set-g3-4-g1-2\\\/\"]}]},{\"@type\":\"ImageObject\",\"inLanguage\":\"de\",\"@id\":\"https:\\\/\\\/partijhandeldhz.nl\\\/de\\\/produkt\\\/ecoline-starter-set-g3-4-g1-2\\\/#primaryimage\",\"url\":\"https:\\\/\\\/partijhandeldhz.nl\\\/wp-content\\\/uploads\\\/2025\\\/08\\\/1-22.jpg\",\"contentUrl\":\"https:\\\/\\\/partijhandeldhz.nl\\\/wp-content\\\/uploads\\\/2025\\\/08\\\/1-22.jpg\",\"width\":1000,\"height\":1000},{\"@type\":\"BreadcrumbList\",\"@id\":\"https:\\\/\\\/partijhandeldhz.nl\\\/de\\\/produkt\\\/ecoline-starter-set-g3-4-g1-2\\\/#breadcrumb\",\"itemListElement\":[{\"@type\":\"ListItem\",\"position\":1,\"name\":\"Home\",\"item\":\"https:\\\/\\\/partijhandeldhz.nl\\\/de\\\/\"},{\"@type\":\"ListItem\",\"position\":2,\"name\":\"Shop\",\"item\":\"https:\\\/\\\/partijhandeldhz.nl\\\/de\\\/shop\\\/\"},{\"@type\":\"ListItem\",\"position\":3,\"name\":\"EcoLine Starter-Set (G3\\\/4&#8243; &amp; G1\\\/2&#8243;)\"}]},{\"@type\":\"WebSite\",\"@id\":\"https:\\\/\\\/partijhandeldhz.nl\\\/de\\\/#website\",\"url\":\"https:\\\/\\\/partijhandeldhz.nl\\\/de\\\/\",\"name\":\"DHZ Outlet & Partijhandel\",\"description\":\"Grote en kleine partijen, altijd de scherpste prijs!\",\"publisher\":{\"@id\":\"https:\\\/\\\/partijhandeldhz.nl\\\/de\\\/#organization\"},\"potentialAction\":[{\"@type\":\"SearchAction\",\"target\":{\"@type\":\"EntryPoint\",\"urlTemplate\":\"https:\\\/\\\/partijhandeldhz.nl\\\/de\\\/?s={search_term_string}\"},\"query-input\":{\"@type\":\"PropertyValueSpecification\",\"valueRequired\":true,\"valueName\":\"search_term_string\"}}],\"inLanguage\":\"de\"},{\"@type\":\"Organization\",\"@id\":\"https:\\\/\\\/partijhandeldhz.nl\\\/de\\\/#organization\",\"name\":\"DHZ Outlet & Partijhandel\",\"url\":\"https:\\\/\\\/partijhandeldhz.nl\\\/de\\\/\",\"logo\":{\"@type\":\"ImageObject\",\"inLanguage\":\"de\",\"@id\":\"https:\\\/\\\/partijhandeldhz.nl\\\/de\\\/#\\\/schema\\\/logo\\\/image\\\/\",\"url\":\"https:\\\/\\\/partijhandeldhz.nl\\\/wp-content\\\/uploads\\\/2025\\\/03\\\/1.png\",\"contentUrl\":\"https:\\\/\\\/partijhandeldhz.nl\\\/wp-content\\\/uploads\\\/2025\\\/03\\\/1.png\",\"width\":1000,\"height\":500,\"caption\":\"DHZ Outlet & Partijhandel\"},\"image\":{\"@id\":\"https:\\\/\\\/partijhandeldhz.nl\\\/de\\\/#\\\/schema\\\/logo\\\/image\\\/\"},\"sameAs\":[\"https:\\\/\\\/www.facebook.com\\\/people\\\/Partijhandel-DHZ\\\/61573487458594\\\/\",\"https:\\\/\\\/www.instagram.com\\\/partijhandeldhz\\\/\"]}]}<\/script>\n<!-- \/ Yoast SEO plugin. -->","yoast_head_json":{"title":"EcoLine Starter-Set (G3\/4\" &amp; G1\/2\") - DHZ Outlet &amp; Partijhandel","robots":{"index":"index","follow":"follow","max-snippet":"max-snippet:-1","max-image-preview":"max-image-preview:large","max-video-preview":"max-video-preview:-1"},"canonical":"https:\/\/partijhandeldhz.nl\/de\/produkt\/ecoline-starter-set-g3-4-g1-2\/","og_locale":"de_DE","og_type":"article","og_title":"EcoLine Starter-Set (G3\/4\" &amp; G1\/2\") - DHZ Outlet &amp; Partijhandel","og_description":"Komplettes, langlebiges Starterset von Gardena zum Anschlie\u00dfen und Benutzen Ihres Gartenschlauchs. Hergestellt aus recyceltem Material und geeignet f\u00fcr alle Standardschl\u00e4uche und Wasserh\u00e4hne. Bitte beachten Sie: Dieses Produkt kann nur \u00fcber unseren Webshop bestellt werden.","og_url":"https:\/\/partijhandeldhz.nl\/de\/produkt\/ecoline-starter-set-g3-4-g1-2\/","og_site_name":"DHZ Outlet &amp; Partijhandel","article_publisher":"https:\/\/www.facebook.com\/people\/Partijhandel-DHZ\/61573487458594\/","og_image":[{"width":1000,"height":1000,"url":"https:\/\/partijhandeldhz.nl\/wp-content\/uploads\/2025\/08\/1-22.jpg","type":"image\/jpeg"}],"twitter_card":"summary_large_image","twitter_misc":{"Gesch\u00e4tzte Lesezeit":"2\u00a0Minuten"},"schema":{"@context":"https:\/\/schema.org","@graph":[{"@type":"WebPage","@id":"https:\/\/partijhandeldhz.nl\/de\/produkt\/ecoline-starter-set-g3-4-g1-2\/","url":"https:\/\/partijhandeldhz.nl\/de\/produkt\/ecoline-starter-set-g3-4-g1-2\/","name":"EcoLine Starter-Set (G3\/4\" &amp; G1\/2\") - DHZ Outlet &amp; Partijhandel","isPartOf":{"@id":"https:\/\/partijhandeldhz.nl\/de\/#website"},"primaryImageOfPage":{"@id":"https:\/\/partijhandeldhz.nl\/de\/produkt\/ecoline-starter-set-g3-4-g1-2\/#primaryimage"},"image":{"@id":"https:\/\/partijhandeldhz.nl\/de\/produkt\/ecoline-starter-set-g3-4-g1-2\/#primaryimage"},"thumbnailUrl":"https:\/\/partijhandeldhz.nl\/wp-content\/uploads\/2025\/08\/1-22.jpg","datePublished":"2025-08-26T08:27:11+00:00","breadcrumb":{"@id":"https:\/\/partijhandeldhz.nl\/de\/produkt\/ecoline-starter-set-g3-4-g1-2\/#breadcrumb"},"inLanguage":"de","potentialAction":[{"@type":"ReadAction","target":["https:\/\/partijhandeldhz.nl\/de\/produkt\/ecoline-starter-set-g3-4-g1-2\/"]}]},{"@type":"ImageObject","inLanguage":"de","@id":"https:\/\/partijhandeldhz.nl\/de\/produkt\/ecoline-starter-set-g3-4-g1-2\/#primaryimage","url":"https:\/\/partijhandeldhz.nl\/wp-content\/uploads\/2025\/08\/1-22.jpg","contentUrl":"https:\/\/partijhandeldhz.nl\/wp-content\/uploads\/2025\/08\/1-22.jpg","width":1000,"height":1000},{"@type":"BreadcrumbList","@id":"https:\/\/partijhandeldhz.nl\/de\/produkt\/ecoline-starter-set-g3-4-g1-2\/#breadcrumb","itemListElement":[{"@type":"ListItem","position":1,"name":"Home","item":"https:\/\/partijhandeldhz.nl\/de\/"},{"@type":"ListItem","position":2,"name":"Shop","item":"https:\/\/partijhandeldhz.nl\/de\/shop\/"},{"@type":"ListItem","position":3,"name":"EcoLine Starter-Set (G3\/4&#8243; &amp; G1\/2&#8243;)"}]},{"@type":"WebSite","@id":"https:\/\/partijhandeldhz.nl\/de\/#website","url":"https:\/\/partijhandeldhz.nl\/de\/","name":"DHZ Outlet & Partijhandel","description":"Grote en kleine partijen, altijd de scherpste prijs!","publisher":{"@id":"https:\/\/partijhandeldhz.nl\/de\/#organization"},"potentialAction":[{"@type":"SearchAction","target":{"@type":"EntryPoint","urlTemplate":"https:\/\/partijhandeldhz.nl\/de\/?s={search_term_string}"},"query-input":{"@type":"PropertyValueSpecification","valueRequired":true,"valueName":"search_term_string"}}],"inLanguage":"de"},{"@type":"Organization","@id":"https:\/\/partijhandeldhz.nl\/de\/#organization","name":"DHZ Outlet & Partijhandel","url":"https:\/\/partijhandeldhz.nl\/de\/","logo":{"@type":"ImageObject","inLanguage":"de","@id":"https:\/\/partijhandeldhz.nl\/de\/#\/schema\/logo\/image\/","url":"https:\/\/partijhandeldhz.nl\/wp-content\/uploads\/2025\/03\/1.png","contentUrl":"https:\/\/partijhandeldhz.nl\/wp-content\/uploads\/2025\/03\/1.png","width":1000,"height":500,"caption":"DHZ Outlet & Partijhandel"},"image":{"@id":"https:\/\/partijhandeldhz.nl\/de\/#\/schema\/logo\/image\/"},"sameAs":["https:\/\/www.facebook.com\/people\/Partijhandel-DHZ\/61573487458594\/","https:\/\/www.instagram.com\/partijhandeldhz\/"]}]}},"jetpack_sharing_enabled":true,"_links":{"self":[{"href":"https:\/\/partijhandeldhz.nl\/de\/wp-json\/wp\/v2\/product\/15736","targetHints":{"allow":["GET"]}}],"collection":[{"href":"https:\/\/partijhandeldhz.nl\/de\/wp-json\/wp\/v2\/product"}],"about":[{"href":"https:\/\/partijhandeldhz.nl\/de\/wp-json\/wp\/v2\/types\/product"}],"version-history":[{"count":0,"href":"https:\/\/partijhandeldhz.nl\/de\/wp-json\/wp\/v2\/product\/15736\/revisions"}],"wp:featuredmedia":[{"embeddable":true,"href":"https:\/\/partijhandeldhz.nl\/de\/wp-json\/wp\/v2\/media\/15737"}],"wp:attachment":[{"href":"https:\/\/partijhandeldhz.nl\/de\/wp-json\/wp\/v2\/media?parent=15736"}],"wp:term":[{"taxonomy":"product_brand","embeddable":true,"href":"https:\/\/partijhandeldhz.nl\/de\/wp-json\/wp\/v2\/product_brand?post=15736"},{"taxonomy":"product_cat","embeddable":true,"href":"https:\/\/partijhandeldhz.nl\/de\/wp-json\/wp\/v2\/product_cat?post=15736"},{"taxonomy":"product_tag","embeddable":true,"href":"https:\/\/partijhandeldhz.nl\/de\/wp-json\/wp\/v2\/product_tag?post=15736"}],"curies":[{"name":"wp","href":"https:\/\/api.w.org\/{rel}","templated":true}]}}