{"id":15639,"date":"2025-07-29T08:03:59","date_gmt":"2025-07-29T08:03:59","guid":{"rendered":"https:\/\/partijhandeldhz.nl\/product\/ecoline-spruehduese\/"},"modified":"2025-07-29T08:03:59","modified_gmt":"2025-07-29T08:03:59","slug":"ecoline-spruehduese","status":"publish","type":"product","link":"https:\/\/partijhandeldhz.nl\/de\/produkt\/ecoline-spruehduese\/","title":{"rendered":"EcoLine Spr\u00fchd\u00fcse"},"content":{"rendered":"<p data-start=\"201\" data-end=\"551\"><strong data-start=\"204\" data-end=\"235\">Der Gardena EcoLine Spray Sprayer<\/strong> ist die langlebige und stilvolle Wahl zum Gie\u00dfen von Blumenbeeten und Topfpflanzen. Dank des <g id=\"gid_1\">weichen Spr\u00fchstrahls<\/g> ist dieses Spray \u00e4u\u00dferst geeignet f\u00fcr empfindliche Pflanzen. Der <strong data-start=\"419\" data-end=\"445\">ergonomische Griff<\/strong> und das praktische Schloss sorgen f\u00fcr maximalen Komfort und verhindern Handm\u00fcdigkeit beim Spr\u00fchen.  <\/p>\n<p data-start=\"553\" data-end=\"932\">Der EcoLine Spray Sprayer wird mit Blick auf Menschen und Umwelt hergestellt: Die Kunststoffteile bestehen <strong data-start=\"652\" data-end=\"689\">zu mindestens 65 % aus recyceltem Material<\/strong>, das aus Haushaltsabf\u00e4llen stammt. Au\u00dferdem ist das verwendete Metall <g id=\"gid_1\">korrosionsbest\u00e4ndig<\/g> und <g id=\"gid_2\">mehr als 45 % stammen aus recyceltem Material<\/g>. Diese Kombination sorgt f\u00fcr eine lange Lebensdauer und einen verantwortungsvollen Einfluss auf die Umwelt.  <\/p>\n<p data-start=\"934\" data-end=\"1383\">Du kannst die Wassermenge leicht mit einer Hand einstellen, sodass du immer die richtige Menge Wasser gibst, ohne Verschwendung. Das Spray ist au\u00dferdem <g id=\"gid_0\">UV- und frostbest\u00e4ndig<\/g>, sodass du es das ganze Jahr drau\u00dfen stehen lassen kannst. Mit seinem zeitlosen Design, seiner Benutzerfreundlichkeit und seiner langlebigen Zusammensetzung ist dies das ideale Spr\u00fchspray f\u00fcr jeden umweltbewussten G\u00e4rtner. <strong data-start=\"1294\" data-end=\"1322\">Hergestellt in Deutschland<\/strong> und mit <strong data-start=\"1342\" data-end=\"1369\">einer 5-j\u00e4hrigen Herstellergarantie<\/strong> von Gardena abgesichert.  <\/p>\n<h3 data-section-id=\"1ehhojr\" data-start=\"1673\" data-end=\"1704\"><strong data-start=\"1677\" data-end=\"1704\">Schl\u00fcsselmerkmale<\/strong><\/h3>\n<ul>\n<li data-start=\"1707\" data-end=\"1765\">Sanfter Spr\u00fchstrahl, ideal f\u00fcr Blumenbeete und Topfpflanzen<\/li>\n<li data-start=\"1768\" data-end=\"1833\">Ergonomischer Griff mit Schloss f\u00fcr komfortable Nutzung<\/li>\n<li data-start=\"1836\" data-end=\"1876\">Wasservolumen, das mit einer Hand einstellbar ist<\/li>\n<li data-start=\"1879\" data-end=\"1936\">Kunststoffteile: &gt;65 % recycelte Haushaltsabf\u00e4lle<\/li>\n<li data-start=\"1939\" data-end=\"1980\">Korrosionsbest\u00e4ndiges Metall: &gt;45 % recycelt<\/li>\n<li data-start=\"1983\" data-end=\"2046\">UV- und frostbest\u00e4ndig: F\u00fcr den ganzj\u00e4hrigen Einsatz geeignet<\/li>\n<li data-start=\"2049\" data-end=\"2077\">Stilvolles und langlebiges Design<\/li>\n<li data-start=\"2080\" data-end=\"2105\">Hergestellt in Deutschland<\/li>\n<li data-start=\"2108\" data-end=\"2139\">5-j\u00e4hrige Gardena-Herstellergarantie<\/li>\n<li data-start=\"2142\" data-end=\"2169\">EAN-Code: 4078500057561<\/li>\n<\/ul>\n","protected":false},"excerpt":{"rendered":"<p>Gardena EcoLine Spr\u00fchspritzer mit weichem Spr\u00fchstrahl, recyceltem Material und ergonomischem Griff. F\u00fcr eine effiziente und komfortable Bew\u00e4sserung von Topfpflanzen und Blumenbeeten.<br \/>\n<br data-start=\"1597\" data-end=\"1600\"><strong data-start=\"1600\" data-end=\"1666\"><em data-start=\"1602\" data-end=\"1664\">Bitte beachten Sie: Dieses Produkt kann nur \u00fcber unseren Webshop bestellt werden.<\/em><\/strong><\/p>\n","protected":false},"featured_media":15640,"template":"","meta":{"_acf_changed":false,"site-sidebar-layout":"default","site-content-layout":"","ast-site-content-layout":"default","site-content-style":"default","site-sidebar-style":"default","ast-global-header-display":"","ast-banner-title-visibility":"","ast-main-header-display":"","ast-hfb-above-header-display":"","ast-hfb-below-header-display":"","ast-hfb-mobile-header-display":"","site-post-title":"","ast-breadcrumbs-content":"","ast-featured-img":"","footer-sml-layout":"","ast-disable-related-posts":"","theme-transparent-header-meta":"default","adv-header-id-meta":"","stick-header-meta":"","header-above-stick-meta":"","header-main-stick-meta":"","header-below-stick-meta":"","astra-migrate-meta-layouts":"default","ast-page-background-enabled":"default","ast-page-background-meta":{"desktop":{"background-color":"","background-image":"","background-repeat":"repeat","background-position":"center center","background-size":"auto","background-attachment":"scroll","background-type":"","background-media":"","overlay-type":"","overlay-color":"","overlay-opacity":"","overlay-gradient":""},"tablet":{"background-color":"","background-image":"","background-repeat":"repeat","background-position":"center center","background-size":"auto","background-attachment":"scroll","background-type":"","background-media":"","overlay-type":"","overlay-color":"","overlay-opacity":"","overlay-gradient":""},"mobile":{"background-color":"","background-image":"","background-repeat":"repeat","background-position":"center center","background-size":"auto","background-attachment":"scroll","background-type":"","background-media":"","overlay-type":"","overlay-color":"","overlay-opacity":"","overlay-gradient":""}},"ast-content-background-meta":{"desktop":{"background-color":"var(--ast-global-color-5)","background-image":"","background-repeat":"repeat","background-position":"center center","background-size":"auto","background-attachment":"scroll","background-type":"","background-media":"","overlay-type":"","overlay-color":"","overlay-opacity":"","overlay-gradient":""},"tablet":{"background-color":"var(--ast-global-color-5)","background-image":"","background-repeat":"repeat","background-position":"center center","background-size":"auto","background-attachment":"scroll","background-type":"","background-media":"","overlay-type":"","overlay-color":"","overlay-opacity":"","overlay-gradient":""},"mobile":{"background-color":"var(--ast-global-color-5)","background-image":"","background-repeat":"repeat","background-position":"center center","background-size":"auto","background-attachment":"scroll","background-type":"","background-media":"","overlay-type":"","overlay-color":"","overlay-opacity":"","overlay-gradient":""}}},"product_brand":[],"product_cat":[735,599],"product_tag":[],"class_list":{"0":"post-15639","1":"product","2":"type-product","3":"status-publish","4":"has-post-thumbnail","6":"product_cat-handspruher","7":"product_cat-postenhandel","8":"pa_merk-gardena","9":"desktop-align-left","10":"tablet-align-left","11":"mobile-align-left","13":"first","14":"instock","15":"taxable","16":"shipping-taxable","17":"purchasable","18":"product-type-simple"},"acf":[],"yoast_head":"<!-- This site is optimized with the Yoast SEO plugin v27.5 - https:\/\/yoast.com\/product\/yoast-seo-wordpress\/ -->\n<title>EcoLine Spr\u00fchd\u00fcse - DHZ Outlet &amp; Partijhandel<\/title>\n<meta name=\"robots\" content=\"index, follow, max-snippet:-1, max-image-preview:large, max-video-preview:-1\" \/>\n<link rel=\"canonical\" href=\"https:\/\/partijhandeldhz.nl\/de\/produkt\/ecoline-spruehduese\/\" \/>\n<meta property=\"og:locale\" content=\"de_DE\" \/>\n<meta property=\"og:type\" content=\"article\" \/>\n<meta property=\"og:title\" content=\"EcoLine Spr\u00fchd\u00fcse - DHZ Outlet &amp; Partijhandel\" \/>\n<meta property=\"og:description\" content=\"Gardena EcoLine Spr\u00fchspritzer mit weichem Spr\u00fchstrahl, recyceltem Material und ergonomischem Griff. F\u00fcr eine effiziente und komfortable Bew\u00e4sserung von Topfpflanzen und Blumenbeeten. Bitte beachten Sie: Dieses Produkt kann nur \u00fcber unseren Webshop bestellt werden.\" \/>\n<meta property=\"og:url\" content=\"https:\/\/partijhandeldhz.nl\/de\/produkt\/ecoline-spruehduese\/\" \/>\n<meta property=\"og:site_name\" content=\"DHZ Outlet &amp; Partijhandel\" \/>\n<meta property=\"article:publisher\" content=\"https:\/\/www.facebook.com\/people\/Partijhandel-DHZ\/61573487458594\/\" \/>\n<meta property=\"og:image\" content=\"https:\/\/partijhandeldhz.nl\/wp-content\/uploads\/2025\/07\/1-57.jpg\" \/>\n\t<meta property=\"og:image:width\" content=\"1000\" \/>\n\t<meta property=\"og:image:height\" content=\"1000\" \/>\n\t<meta property=\"og:image:type\" content=\"image\/jpeg\" \/>\n<meta name=\"twitter:card\" content=\"summary_large_image\" \/>\n<meta name=\"twitter:label1\" content=\"Gesch\u00e4tzte Lesezeit\" \/>\n\t<meta name=\"twitter:data1\" content=\"1\u00a0Minute\" \/>\n<script type=\"application\/ld+json\" class=\"yoast-schema-graph\">{\"@context\":\"https:\\\/\\\/schema.org\",\"@graph\":[{\"@type\":\"WebPage\",\"@id\":\"https:\\\/\\\/partijhandeldhz.nl\\\/de\\\/produkt\\\/ecoline-spruehduese\\\/\",\"url\":\"https:\\\/\\\/partijhandeldhz.nl\\\/de\\\/produkt\\\/ecoline-spruehduese\\\/\",\"name\":\"EcoLine Spr\u00fchd\u00fcse - DHZ Outlet &amp; Partijhandel\",\"isPartOf\":{\"@id\":\"https:\\\/\\\/partijhandeldhz.nl\\\/de\\\/#website\"},\"primaryImageOfPage\":{\"@id\":\"https:\\\/\\\/partijhandeldhz.nl\\\/de\\\/produkt\\\/ecoline-spruehduese\\\/#primaryimage\"},\"image\":{\"@id\":\"https:\\\/\\\/partijhandeldhz.nl\\\/de\\\/produkt\\\/ecoline-spruehduese\\\/#primaryimage\"},\"thumbnailUrl\":\"https:\\\/\\\/partijhandeldhz.nl\\\/wp-content\\\/uploads\\\/2025\\\/07\\\/1-57.jpg\",\"datePublished\":\"2025-07-29T08:03:59+00:00\",\"breadcrumb\":{\"@id\":\"https:\\\/\\\/partijhandeldhz.nl\\\/de\\\/produkt\\\/ecoline-spruehduese\\\/#breadcrumb\"},\"inLanguage\":\"de\",\"potentialAction\":[{\"@type\":\"ReadAction\",\"target\":[\"https:\\\/\\\/partijhandeldhz.nl\\\/de\\\/produkt\\\/ecoline-spruehduese\\\/\"]}]},{\"@type\":\"ImageObject\",\"inLanguage\":\"de\",\"@id\":\"https:\\\/\\\/partijhandeldhz.nl\\\/de\\\/produkt\\\/ecoline-spruehduese\\\/#primaryimage\",\"url\":\"https:\\\/\\\/partijhandeldhz.nl\\\/wp-content\\\/uploads\\\/2025\\\/07\\\/1-57.jpg\",\"contentUrl\":\"https:\\\/\\\/partijhandeldhz.nl\\\/wp-content\\\/uploads\\\/2025\\\/07\\\/1-57.jpg\",\"width\":1000,\"height\":1000},{\"@type\":\"BreadcrumbList\",\"@id\":\"https:\\\/\\\/partijhandeldhz.nl\\\/de\\\/produkt\\\/ecoline-spruehduese\\\/#breadcrumb\",\"itemListElement\":[{\"@type\":\"ListItem\",\"position\":1,\"name\":\"Home\",\"item\":\"https:\\\/\\\/partijhandeldhz.nl\\\/de\\\/\"},{\"@type\":\"ListItem\",\"position\":2,\"name\":\"Shop\",\"item\":\"https:\\\/\\\/partijhandeldhz.nl\\\/de\\\/shop\\\/\"},{\"@type\":\"ListItem\",\"position\":3,\"name\":\"EcoLine Spr\u00fchd\u00fcse\"}]},{\"@type\":\"WebSite\",\"@id\":\"https:\\\/\\\/partijhandeldhz.nl\\\/de\\\/#website\",\"url\":\"https:\\\/\\\/partijhandeldhz.nl\\\/de\\\/\",\"name\":\"DHZ Outlet & Partijhandel\",\"description\":\"Grote en kleine partijen, altijd de scherpste prijs!\",\"publisher\":{\"@id\":\"https:\\\/\\\/partijhandeldhz.nl\\\/de\\\/#organization\"},\"potentialAction\":[{\"@type\":\"SearchAction\",\"target\":{\"@type\":\"EntryPoint\",\"urlTemplate\":\"https:\\\/\\\/partijhandeldhz.nl\\\/de\\\/?s={search_term_string}\"},\"query-input\":{\"@type\":\"PropertyValueSpecification\",\"valueRequired\":true,\"valueName\":\"search_term_string\"}}],\"inLanguage\":\"de\"},{\"@type\":\"Organization\",\"@id\":\"https:\\\/\\\/partijhandeldhz.nl\\\/de\\\/#organization\",\"name\":\"DHZ Outlet & Partijhandel\",\"url\":\"https:\\\/\\\/partijhandeldhz.nl\\\/de\\\/\",\"logo\":{\"@type\":\"ImageObject\",\"inLanguage\":\"de\",\"@id\":\"https:\\\/\\\/partijhandeldhz.nl\\\/de\\\/#\\\/schema\\\/logo\\\/image\\\/\",\"url\":\"https:\\\/\\\/partijhandeldhz.nl\\\/wp-content\\\/uploads\\\/2025\\\/03\\\/1.png\",\"contentUrl\":\"https:\\\/\\\/partijhandeldhz.nl\\\/wp-content\\\/uploads\\\/2025\\\/03\\\/1.png\",\"width\":1000,\"height\":500,\"caption\":\"DHZ Outlet & Partijhandel\"},\"image\":{\"@id\":\"https:\\\/\\\/partijhandeldhz.nl\\\/de\\\/#\\\/schema\\\/logo\\\/image\\\/\"},\"sameAs\":[\"https:\\\/\\\/www.facebook.com\\\/people\\\/Partijhandel-DHZ\\\/61573487458594\\\/\",\"https:\\\/\\\/www.instagram.com\\\/partijhandeldhz\\\/\"]}]}<\/script>\n<!-- \/ Yoast SEO plugin. -->","yoast_head_json":{"title":"EcoLine Spr\u00fchd\u00fcse - DHZ Outlet &amp; Partijhandel","robots":{"index":"index","follow":"follow","max-snippet":"max-snippet:-1","max-image-preview":"max-image-preview:large","max-video-preview":"max-video-preview:-1"},"canonical":"https:\/\/partijhandeldhz.nl\/de\/produkt\/ecoline-spruehduese\/","og_locale":"de_DE","og_type":"article","og_title":"EcoLine Spr\u00fchd\u00fcse - DHZ Outlet &amp; Partijhandel","og_description":"Gardena EcoLine Spr\u00fchspritzer mit weichem Spr\u00fchstrahl, recyceltem Material und ergonomischem Griff. F\u00fcr eine effiziente und komfortable Bew\u00e4sserung von Topfpflanzen und Blumenbeeten. Bitte beachten Sie: Dieses Produkt kann nur \u00fcber unseren Webshop bestellt werden.","og_url":"https:\/\/partijhandeldhz.nl\/de\/produkt\/ecoline-spruehduese\/","og_site_name":"DHZ Outlet &amp; Partijhandel","article_publisher":"https:\/\/www.facebook.com\/people\/Partijhandel-DHZ\/61573487458594\/","og_image":[{"width":1000,"height":1000,"url":"https:\/\/partijhandeldhz.nl\/wp-content\/uploads\/2025\/07\/1-57.jpg","type":"image\/jpeg"}],"twitter_card":"summary_large_image","twitter_misc":{"Gesch\u00e4tzte Lesezeit":"1\u00a0Minute"},"schema":{"@context":"https:\/\/schema.org","@graph":[{"@type":"WebPage","@id":"https:\/\/partijhandeldhz.nl\/de\/produkt\/ecoline-spruehduese\/","url":"https:\/\/partijhandeldhz.nl\/de\/produkt\/ecoline-spruehduese\/","name":"EcoLine Spr\u00fchd\u00fcse - DHZ Outlet &amp; Partijhandel","isPartOf":{"@id":"https:\/\/partijhandeldhz.nl\/de\/#website"},"primaryImageOfPage":{"@id":"https:\/\/partijhandeldhz.nl\/de\/produkt\/ecoline-spruehduese\/#primaryimage"},"image":{"@id":"https:\/\/partijhandeldhz.nl\/de\/produkt\/ecoline-spruehduese\/#primaryimage"},"thumbnailUrl":"https:\/\/partijhandeldhz.nl\/wp-content\/uploads\/2025\/07\/1-57.jpg","datePublished":"2025-07-29T08:03:59+00:00","breadcrumb":{"@id":"https:\/\/partijhandeldhz.nl\/de\/produkt\/ecoline-spruehduese\/#breadcrumb"},"inLanguage":"de","potentialAction":[{"@type":"ReadAction","target":["https:\/\/partijhandeldhz.nl\/de\/produkt\/ecoline-spruehduese\/"]}]},{"@type":"ImageObject","inLanguage":"de","@id":"https:\/\/partijhandeldhz.nl\/de\/produkt\/ecoline-spruehduese\/#primaryimage","url":"https:\/\/partijhandeldhz.nl\/wp-content\/uploads\/2025\/07\/1-57.jpg","contentUrl":"https:\/\/partijhandeldhz.nl\/wp-content\/uploads\/2025\/07\/1-57.jpg","width":1000,"height":1000},{"@type":"BreadcrumbList","@id":"https:\/\/partijhandeldhz.nl\/de\/produkt\/ecoline-spruehduese\/#breadcrumb","itemListElement":[{"@type":"ListItem","position":1,"name":"Home","item":"https:\/\/partijhandeldhz.nl\/de\/"},{"@type":"ListItem","position":2,"name":"Shop","item":"https:\/\/partijhandeldhz.nl\/de\/shop\/"},{"@type":"ListItem","position":3,"name":"EcoLine Spr\u00fchd\u00fcse"}]},{"@type":"WebSite","@id":"https:\/\/partijhandeldhz.nl\/de\/#website","url":"https:\/\/partijhandeldhz.nl\/de\/","name":"DHZ Outlet & Partijhandel","description":"Grote en kleine partijen, altijd de scherpste prijs!","publisher":{"@id":"https:\/\/partijhandeldhz.nl\/de\/#organization"},"potentialAction":[{"@type":"SearchAction","target":{"@type":"EntryPoint","urlTemplate":"https:\/\/partijhandeldhz.nl\/de\/?s={search_term_string}"},"query-input":{"@type":"PropertyValueSpecification","valueRequired":true,"valueName":"search_term_string"}}],"inLanguage":"de"},{"@type":"Organization","@id":"https:\/\/partijhandeldhz.nl\/de\/#organization","name":"DHZ Outlet & Partijhandel","url":"https:\/\/partijhandeldhz.nl\/de\/","logo":{"@type":"ImageObject","inLanguage":"de","@id":"https:\/\/partijhandeldhz.nl\/de\/#\/schema\/logo\/image\/","url":"https:\/\/partijhandeldhz.nl\/wp-content\/uploads\/2025\/03\/1.png","contentUrl":"https:\/\/partijhandeldhz.nl\/wp-content\/uploads\/2025\/03\/1.png","width":1000,"height":500,"caption":"DHZ Outlet & Partijhandel"},"image":{"@id":"https:\/\/partijhandeldhz.nl\/de\/#\/schema\/logo\/image\/"},"sameAs":["https:\/\/www.facebook.com\/people\/Partijhandel-DHZ\/61573487458594\/","https:\/\/www.instagram.com\/partijhandeldhz\/"]}]}},"jetpack_sharing_enabled":true,"_links":{"self":[{"href":"https:\/\/partijhandeldhz.nl\/de\/wp-json\/wp\/v2\/product\/15639","targetHints":{"allow":["GET"]}}],"collection":[{"href":"https:\/\/partijhandeldhz.nl\/de\/wp-json\/wp\/v2\/product"}],"about":[{"href":"https:\/\/partijhandeldhz.nl\/de\/wp-json\/wp\/v2\/types\/product"}],"version-history":[{"count":0,"href":"https:\/\/partijhandeldhz.nl\/de\/wp-json\/wp\/v2\/product\/15639\/revisions"}],"wp:featuredmedia":[{"embeddable":true,"href":"https:\/\/partijhandeldhz.nl\/de\/wp-json\/wp\/v2\/media\/15640"}],"wp:attachment":[{"href":"https:\/\/partijhandeldhz.nl\/de\/wp-json\/wp\/v2\/media?parent=15639"}],"wp:term":[{"taxonomy":"product_brand","embeddable":true,"href":"https:\/\/partijhandeldhz.nl\/de\/wp-json\/wp\/v2\/product_brand?post=15639"},{"taxonomy":"product_cat","embeddable":true,"href":"https:\/\/partijhandeldhz.nl\/de\/wp-json\/wp\/v2\/product_cat?post=15639"},{"taxonomy":"product_tag","embeddable":true,"href":"https:\/\/partijhandeldhz.nl\/de\/wp-json\/wp\/v2\/product_tag?post=15639"}],"curies":[{"name":"wp","href":"https:\/\/api.w.org\/{rel}","templated":true}]}}