{"id":15594,"date":"2025-07-29T08:11:42","date_gmt":"2025-07-29T08:11:42","guid":{"rendered":"https:\/\/partijhandeldhz.nl\/product\/ecoline-starter-set-g1-g3-4\/"},"modified":"2025-07-29T08:11:42","modified_gmt":"2025-07-29T08:11:42","slug":"ecoline-starter-set-g1-g3-4","status":"publish","type":"product","link":"https:\/\/partijhandeldhz.nl\/de\/produkt\/ecoline-starter-set-g1-g3-4\/","title":{"rendered":"EcoLine Starter-Set (G1&#8243; &amp; G3\/4&#8243;)"},"content":{"rendered":"<p data-start=\"185\" data-end=\"586\">Das <strong data-start=\"188\" data-end=\"216\">Gardena EcoLine Basic Set<\/strong> ist der perfekte Anfang f\u00fcr nachhaltige Gartenpflege. Dieses komplette Set enth\u00e4lt alles, was Sie brauchen, um Ihren Gartenschlauch sicher und effizient an den Wasserhahn anzuschlie\u00dfen: einen <g id=\"gid_1\">Reinigungsspr\u00fcher, ein Wasserhahnteil, einen Adapter, ein Schlauchteil und einen Wasserstopp.<\/g> Mit dieser Kombination k\u00f6nnen Sie Ihren Gartenschlauch ganz einfach undicht an die Wasserquelle anschlie\u00dfen \u2013 bereit f\u00fcr jede Bew\u00e4sserungs- oder Reinigungsaufgabe.  <\/p>\n<p data-start=\"588\" data-end=\"956\">Dieses hochwertige Starterset ist nicht nur funktional, sondern auch umweltbewusst: <strong data-start=\"669\" data-end=\"765\">Mehr als 90 % der Kunststoffteile bestehen aus recyceltem Haushaltsabfall<\/strong>, und der <strong data-start=\"774\" data-end=\"824\">Edelstahl enth\u00e4lt 35 % recyceltes Material<\/strong>. Das stilvolle, zur\u00fcckhaltende Design passt perfekt in jeden Garten oder jede Terrasse und unterstreicht den nachhaltigen Charakter der EcoLine-Serie. <\/p>\n<p data-start=\"958\" data-end=\"1449\">Der Spr\u00fchkopf ist vielseitig im Gebrauch, dank der <strong data-start=\"1007\" data-end=\"1067\">stufenlosen Umstellung von einem harten Strahl auf feinen Nebel<\/strong> \u2013 ideal sowohl f\u00fcr die Reinigung als auch f\u00fcr das Gie\u00dfen der Pflanzen. Der <g id=\"gid_1\">Wasserstopp<\/g> erm\u00f6glicht es, das Zubeh\u00f6r zu wechseln, ohne zum Hahn zur\u00fcckkehren zu m\u00fcssen \u2013 die Wasserversorgung stoppt automatisch beim Abschalten und wird wieder aufgenommen, sobald ein neuer Anschluss angeschlossen ist. Das <strong data-start=\"1350\" data-end=\"1387\">Wasserhahnst\u00fcck mit Anti-Splash-Funktion<\/strong> verhindert Spritzen beim Bef\u00fcllen von beispielsweise Gie\u00dfkannen.  <\/p>\n<p data-start=\"1451\" data-end=\"1749\">Geeignet f\u00fcr <strong data-start=\"1465\" data-end=\"1507\">1\/2&#8243; \u2013 5\/8&#8243; (13\u201315 mm) Gartenschl\u00e4uche<\/strong> und <strong data-start=\"1511\" data-end=\"1573\">Wasserh\u00e4hne mit 26,5 mm (G 3\/4&#8243;) oder 33,3 mm (G 1&#8243;) Gewinde.<\/strong> Das EcoLine Basic Set ist <g id=\"gid_2\">UV- und frostbest\u00e4ndig<\/g>, kann das ganze Jahr \u00fcber drau\u00dfen stehen und wird stolz in Deutschland produziert. Gardena bietet eine 5-j\u00e4hrige Herstellergarantie an.  <\/p>\n<h3 data-section-id=\"1ehhojr\" data-start=\"2015\" data-end=\"2046\"><strong data-start=\"2019\" data-end=\"2046\">Schl\u00fcsselmerkmale<\/strong><\/h3>\n<ul>\n<li data-start=\"2049\" data-end=\"2121\">Komplettes Starterset: Spr\u00fchd\u00fcse, Wasserhahnteil, Adapter, Schlauchteil und Wasserstopp<\/li>\n<li data-start=\"2124\" data-end=\"2177\">Spr\u00fchd\u00fcse verstellbar von hartem D\u00fcse zu feinem Nebel<\/li>\n<li data-start=\"2180\" data-end=\"2236\">\u00dcber 90 % recycelter Kunststoff, 35 % recyceltes Metall<\/li>\n<li data-start=\"2239\" data-end=\"2299\">Die Anti-Splash-Funktion am Kran verhindert Spritzer beim Bef\u00fcllen<\/li>\n<li data-start=\"2302\" data-end=\"2351\">Wasserstopp f\u00fcr einfache Zubeh\u00f6rwechsel<\/li>\n<li data-start=\"2354\" data-end=\"2398\">Geeignet f\u00fcr 1\/2&#8243; \u2013 5\/8&#8243; (13\u201315 mm) Schl\u00e4uche<\/li>\n<li data-start=\"2401\" data-end=\"2464\">Geeignet f\u00fcr 26,5 mm (G 3\/4&#8243;) und 33,3 mm (G 1&#8243;) Gewindeg\u00e4nge<\/li>\n<li data-start=\"2467\" data-end=\"2536\">UV- und frostbest\u00e4ndig, das ganze Jahr \u00fcber f\u00fcr den Au\u00dfeneinsatz geeignet<\/li>\n<li data-start=\"2539\" data-end=\"2564\">Hergestellt in Deutschland<\/li>\n<li data-start=\"2567\" data-end=\"2598\">5-j\u00e4hrige Gardena-Herstellergarantie<\/li>\n<li data-start=\"2601\" data-end=\"2628\">EAN-Code: 4078500057608<\/li>\n<\/ul>\n","protected":false},"excerpt":{"rendered":"<p>Gardena EcoLine Basic Set mit Spr\u00fchkopf, Schlauchteilen und Wasserstopp. Hergestellt aus recyceltem Material und sofort bereit f\u00fcr nachhaltige Gartenpflege.<br \/>\n<br data-start=\"1939\" data-end=\"1942\"><strong data-start=\"1942\" data-end=\"2008\"><em data-start=\"1944\" data-end=\"2006\">Bitte beachten Sie: Dieses Produkt kann nur \u00fcber unseren Webshop bestellt werden.<\/em><\/strong><\/p>\n","protected":false},"featured_media":15597,"template":"","meta":{"_acf_changed":false,"site-sidebar-layout":"default","site-content-layout":"","ast-site-content-layout":"default","site-content-style":"default","site-sidebar-style":"default","ast-global-header-display":"","ast-banner-title-visibility":"","ast-main-header-display":"","ast-hfb-above-header-display":"","ast-hfb-below-header-display":"","ast-hfb-mobile-header-display":"","site-post-title":"","ast-breadcrumbs-content":"","ast-featured-img":"","footer-sml-layout":"","ast-disable-related-posts":"","theme-transparent-header-meta":"default","adv-header-id-meta":"","stick-header-meta":"","header-above-stick-meta":"","header-main-stick-meta":"","header-below-stick-meta":"","astra-migrate-meta-layouts":"default","ast-page-background-enabled":"default","ast-page-background-meta":{"desktop":{"background-color":"","background-image":"","background-repeat":"repeat","background-position":"center center","background-size":"auto","background-attachment":"scroll","background-type":"","background-media":"","overlay-type":"","overlay-color":"","overlay-opacity":"","overlay-gradient":""},"tablet":{"background-color":"","background-image":"","background-repeat":"repeat","background-position":"center center","background-size":"auto","background-attachment":"scroll","background-type":"","background-media":"","overlay-type":"","overlay-color":"","overlay-opacity":"","overlay-gradient":""},"mobile":{"background-color":"","background-image":"","background-repeat":"repeat","background-position":"center center","background-size":"auto","background-attachment":"scroll","background-type":"","background-media":"","overlay-type":"","overlay-color":"","overlay-opacity":"","overlay-gradient":""}},"ast-content-background-meta":{"desktop":{"background-color":"var(--ast-global-color-5)","background-image":"","background-repeat":"repeat","background-position":"center center","background-size":"auto","background-attachment":"scroll","background-type":"","background-media":"","overlay-type":"","overlay-color":"","overlay-opacity":"","overlay-gradient":""},"tablet":{"background-color":"var(--ast-global-color-5)","background-image":"","background-repeat":"repeat","background-position":"center center","background-size":"auto","background-attachment":"scroll","background-type":"","background-media":"","overlay-type":"","overlay-color":"","overlay-opacity":"","overlay-gradient":""},"mobile":{"background-color":"var(--ast-global-color-5)","background-image":"","background-repeat":"repeat","background-position":"center center","background-size":"auto","background-attachment":"scroll","background-type":"","background-media":"","overlay-type":"","overlay-color":"","overlay-opacity":"","overlay-gradient":""}}},"product_brand":[],"product_cat":[735],"product_tag":[],"class_list":{"0":"post-15594","1":"product","2":"type-product","3":"status-publish","4":"has-post-thumbnail","6":"product_cat-handspruher","7":"pa_merk-gardena","8":"desktop-align-left","9":"tablet-align-left","10":"mobile-align-left","12":"first","13":"instock","14":"taxable","15":"shipping-taxable","16":"purchasable","17":"product-type-simple"},"acf":[],"yoast_head":"<!-- This site is optimized with the Yoast SEO plugin v27.5 - https:\/\/yoast.com\/product\/yoast-seo-wordpress\/ -->\n<title>EcoLine Starter-Set (G1&quot; &amp; G3\/4&quot;) - DHZ Outlet &amp; Partijhandel<\/title>\n<meta name=\"robots\" content=\"index, follow, max-snippet:-1, max-image-preview:large, max-video-preview:-1\" \/>\n<link rel=\"canonical\" href=\"https:\/\/partijhandeldhz.nl\/de\/produkt\/ecoline-starter-set-g1-g3-4\/\" \/>\n<meta property=\"og:locale\" content=\"de_DE\" \/>\n<meta property=\"og:type\" content=\"article\" \/>\n<meta property=\"og:title\" content=\"EcoLine Starter-Set (G1&quot; &amp; G3\/4&quot;) - DHZ Outlet &amp; Partijhandel\" \/>\n<meta property=\"og:description\" content=\"Gardena EcoLine Basic Set mit Spr\u00fchkopf, Schlauchteilen und Wasserstopp. Hergestellt aus recyceltem Material und sofort bereit f\u00fcr nachhaltige Gartenpflege. Bitte beachten Sie: Dieses Produkt kann nur \u00fcber unseren Webshop bestellt werden.\" \/>\n<meta property=\"og:url\" content=\"https:\/\/partijhandeldhz.nl\/de\/produkt\/ecoline-starter-set-g1-g3-4\/\" \/>\n<meta property=\"og:site_name\" content=\"DHZ Outlet &amp; Partijhandel\" \/>\n<meta property=\"article:publisher\" content=\"https:\/\/www.facebook.com\/people\/Partijhandel-DHZ\/61573487458594\/\" \/>\n<meta property=\"og:image\" content=\"https:\/\/partijhandeldhz.nl\/wp-content\/uploads\/2025\/07\/1-58.jpg\" \/>\n\t<meta property=\"og:image:width\" content=\"1000\" \/>\n\t<meta property=\"og:image:height\" content=\"1000\" \/>\n\t<meta property=\"og:image:type\" content=\"image\/jpeg\" \/>\n<meta name=\"twitter:card\" content=\"summary_large_image\" \/>\n<meta name=\"twitter:label1\" content=\"Gesch\u00e4tzte Lesezeit\" \/>\n\t<meta name=\"twitter:data1\" content=\"2\u00a0Minuten\" \/>\n<script type=\"application\/ld+json\" class=\"yoast-schema-graph\">{\"@context\":\"https:\\\/\\\/schema.org\",\"@graph\":[{\"@type\":\"WebPage\",\"@id\":\"https:\\\/\\\/partijhandeldhz.nl\\\/de\\\/produkt\\\/ecoline-starter-set-g1-g3-4\\\/\",\"url\":\"https:\\\/\\\/partijhandeldhz.nl\\\/de\\\/produkt\\\/ecoline-starter-set-g1-g3-4\\\/\",\"name\":\"EcoLine Starter-Set (G1\\\" &amp; G3\\\/4\\\") - DHZ Outlet &amp; Partijhandel\",\"isPartOf\":{\"@id\":\"https:\\\/\\\/partijhandeldhz.nl\\\/de\\\/#website\"},\"primaryImageOfPage\":{\"@id\":\"https:\\\/\\\/partijhandeldhz.nl\\\/de\\\/produkt\\\/ecoline-starter-set-g1-g3-4\\\/#primaryimage\"},\"image\":{\"@id\":\"https:\\\/\\\/partijhandeldhz.nl\\\/de\\\/produkt\\\/ecoline-starter-set-g1-g3-4\\\/#primaryimage\"},\"thumbnailUrl\":\"https:\\\/\\\/partijhandeldhz.nl\\\/wp-content\\\/uploads\\\/2025\\\/07\\\/1-58.jpg\",\"datePublished\":\"2025-07-29T08:11:42+00:00\",\"breadcrumb\":{\"@id\":\"https:\\\/\\\/partijhandeldhz.nl\\\/de\\\/produkt\\\/ecoline-starter-set-g1-g3-4\\\/#breadcrumb\"},\"inLanguage\":\"de\",\"potentialAction\":[{\"@type\":\"ReadAction\",\"target\":[\"https:\\\/\\\/partijhandeldhz.nl\\\/de\\\/produkt\\\/ecoline-starter-set-g1-g3-4\\\/\"]}]},{\"@type\":\"ImageObject\",\"inLanguage\":\"de\",\"@id\":\"https:\\\/\\\/partijhandeldhz.nl\\\/de\\\/produkt\\\/ecoline-starter-set-g1-g3-4\\\/#primaryimage\",\"url\":\"https:\\\/\\\/partijhandeldhz.nl\\\/wp-content\\\/uploads\\\/2025\\\/07\\\/1-58.jpg\",\"contentUrl\":\"https:\\\/\\\/partijhandeldhz.nl\\\/wp-content\\\/uploads\\\/2025\\\/07\\\/1-58.jpg\",\"width\":1000,\"height\":1000},{\"@type\":\"BreadcrumbList\",\"@id\":\"https:\\\/\\\/partijhandeldhz.nl\\\/de\\\/produkt\\\/ecoline-starter-set-g1-g3-4\\\/#breadcrumb\",\"itemListElement\":[{\"@type\":\"ListItem\",\"position\":1,\"name\":\"Home\",\"item\":\"https:\\\/\\\/partijhandeldhz.nl\\\/de\\\/\"},{\"@type\":\"ListItem\",\"position\":2,\"name\":\"Shop\",\"item\":\"https:\\\/\\\/partijhandeldhz.nl\\\/de\\\/shop\\\/\"},{\"@type\":\"ListItem\",\"position\":3,\"name\":\"EcoLine Starter-Set (G1&#8243; &amp; G3\\\/4&#8243;)\"}]},{\"@type\":\"WebSite\",\"@id\":\"https:\\\/\\\/partijhandeldhz.nl\\\/de\\\/#website\",\"url\":\"https:\\\/\\\/partijhandeldhz.nl\\\/de\\\/\",\"name\":\"DHZ Outlet & Partijhandel\",\"description\":\"Grote en kleine partijen, altijd de scherpste prijs!\",\"publisher\":{\"@id\":\"https:\\\/\\\/partijhandeldhz.nl\\\/de\\\/#organization\"},\"potentialAction\":[{\"@type\":\"SearchAction\",\"target\":{\"@type\":\"EntryPoint\",\"urlTemplate\":\"https:\\\/\\\/partijhandeldhz.nl\\\/de\\\/?s={search_term_string}\"},\"query-input\":{\"@type\":\"PropertyValueSpecification\",\"valueRequired\":true,\"valueName\":\"search_term_string\"}}],\"inLanguage\":\"de\"},{\"@type\":\"Organization\",\"@id\":\"https:\\\/\\\/partijhandeldhz.nl\\\/de\\\/#organization\",\"name\":\"DHZ Outlet & Partijhandel\",\"url\":\"https:\\\/\\\/partijhandeldhz.nl\\\/de\\\/\",\"logo\":{\"@type\":\"ImageObject\",\"inLanguage\":\"de\",\"@id\":\"https:\\\/\\\/partijhandeldhz.nl\\\/de\\\/#\\\/schema\\\/logo\\\/image\\\/\",\"url\":\"https:\\\/\\\/partijhandeldhz.nl\\\/wp-content\\\/uploads\\\/2025\\\/03\\\/1.png\",\"contentUrl\":\"https:\\\/\\\/partijhandeldhz.nl\\\/wp-content\\\/uploads\\\/2025\\\/03\\\/1.png\",\"width\":1000,\"height\":500,\"caption\":\"DHZ Outlet & Partijhandel\"},\"image\":{\"@id\":\"https:\\\/\\\/partijhandeldhz.nl\\\/de\\\/#\\\/schema\\\/logo\\\/image\\\/\"},\"sameAs\":[\"https:\\\/\\\/www.facebook.com\\\/people\\\/Partijhandel-DHZ\\\/61573487458594\\\/\",\"https:\\\/\\\/www.instagram.com\\\/partijhandeldhz\\\/\"]}]}<\/script>\n<!-- \/ Yoast SEO plugin. -->","yoast_head_json":{"title":"EcoLine Starter-Set (G1\" &amp; G3\/4\") - DHZ Outlet &amp; Partijhandel","robots":{"index":"index","follow":"follow","max-snippet":"max-snippet:-1","max-image-preview":"max-image-preview:large","max-video-preview":"max-video-preview:-1"},"canonical":"https:\/\/partijhandeldhz.nl\/de\/produkt\/ecoline-starter-set-g1-g3-4\/","og_locale":"de_DE","og_type":"article","og_title":"EcoLine Starter-Set (G1\" &amp; G3\/4\") - DHZ Outlet &amp; Partijhandel","og_description":"Gardena EcoLine Basic Set mit Spr\u00fchkopf, Schlauchteilen und Wasserstopp. Hergestellt aus recyceltem Material und sofort bereit f\u00fcr nachhaltige Gartenpflege. Bitte beachten Sie: Dieses Produkt kann nur \u00fcber unseren Webshop bestellt werden.","og_url":"https:\/\/partijhandeldhz.nl\/de\/produkt\/ecoline-starter-set-g1-g3-4\/","og_site_name":"DHZ Outlet &amp; Partijhandel","article_publisher":"https:\/\/www.facebook.com\/people\/Partijhandel-DHZ\/61573487458594\/","og_image":[{"width":1000,"height":1000,"url":"https:\/\/partijhandeldhz.nl\/wp-content\/uploads\/2025\/07\/1-58.jpg","type":"image\/jpeg"}],"twitter_card":"summary_large_image","twitter_misc":{"Gesch\u00e4tzte Lesezeit":"2\u00a0Minuten"},"schema":{"@context":"https:\/\/schema.org","@graph":[{"@type":"WebPage","@id":"https:\/\/partijhandeldhz.nl\/de\/produkt\/ecoline-starter-set-g1-g3-4\/","url":"https:\/\/partijhandeldhz.nl\/de\/produkt\/ecoline-starter-set-g1-g3-4\/","name":"EcoLine Starter-Set (G1\" &amp; G3\/4\") - DHZ Outlet &amp; Partijhandel","isPartOf":{"@id":"https:\/\/partijhandeldhz.nl\/de\/#website"},"primaryImageOfPage":{"@id":"https:\/\/partijhandeldhz.nl\/de\/produkt\/ecoline-starter-set-g1-g3-4\/#primaryimage"},"image":{"@id":"https:\/\/partijhandeldhz.nl\/de\/produkt\/ecoline-starter-set-g1-g3-4\/#primaryimage"},"thumbnailUrl":"https:\/\/partijhandeldhz.nl\/wp-content\/uploads\/2025\/07\/1-58.jpg","datePublished":"2025-07-29T08:11:42+00:00","breadcrumb":{"@id":"https:\/\/partijhandeldhz.nl\/de\/produkt\/ecoline-starter-set-g1-g3-4\/#breadcrumb"},"inLanguage":"de","potentialAction":[{"@type":"ReadAction","target":["https:\/\/partijhandeldhz.nl\/de\/produkt\/ecoline-starter-set-g1-g3-4\/"]}]},{"@type":"ImageObject","inLanguage":"de","@id":"https:\/\/partijhandeldhz.nl\/de\/produkt\/ecoline-starter-set-g1-g3-4\/#primaryimage","url":"https:\/\/partijhandeldhz.nl\/wp-content\/uploads\/2025\/07\/1-58.jpg","contentUrl":"https:\/\/partijhandeldhz.nl\/wp-content\/uploads\/2025\/07\/1-58.jpg","width":1000,"height":1000},{"@type":"BreadcrumbList","@id":"https:\/\/partijhandeldhz.nl\/de\/produkt\/ecoline-starter-set-g1-g3-4\/#breadcrumb","itemListElement":[{"@type":"ListItem","position":1,"name":"Home","item":"https:\/\/partijhandeldhz.nl\/de\/"},{"@type":"ListItem","position":2,"name":"Shop","item":"https:\/\/partijhandeldhz.nl\/de\/shop\/"},{"@type":"ListItem","position":3,"name":"EcoLine Starter-Set (G1&#8243; &amp; G3\/4&#8243;)"}]},{"@type":"WebSite","@id":"https:\/\/partijhandeldhz.nl\/de\/#website","url":"https:\/\/partijhandeldhz.nl\/de\/","name":"DHZ Outlet & Partijhandel","description":"Grote en kleine partijen, altijd de scherpste prijs!","publisher":{"@id":"https:\/\/partijhandeldhz.nl\/de\/#organization"},"potentialAction":[{"@type":"SearchAction","target":{"@type":"EntryPoint","urlTemplate":"https:\/\/partijhandeldhz.nl\/de\/?s={search_term_string}"},"query-input":{"@type":"PropertyValueSpecification","valueRequired":true,"valueName":"search_term_string"}}],"inLanguage":"de"},{"@type":"Organization","@id":"https:\/\/partijhandeldhz.nl\/de\/#organization","name":"DHZ Outlet & Partijhandel","url":"https:\/\/partijhandeldhz.nl\/de\/","logo":{"@type":"ImageObject","inLanguage":"de","@id":"https:\/\/partijhandeldhz.nl\/de\/#\/schema\/logo\/image\/","url":"https:\/\/partijhandeldhz.nl\/wp-content\/uploads\/2025\/03\/1.png","contentUrl":"https:\/\/partijhandeldhz.nl\/wp-content\/uploads\/2025\/03\/1.png","width":1000,"height":500,"caption":"DHZ Outlet & Partijhandel"},"image":{"@id":"https:\/\/partijhandeldhz.nl\/de\/#\/schema\/logo\/image\/"},"sameAs":["https:\/\/www.facebook.com\/people\/Partijhandel-DHZ\/61573487458594\/","https:\/\/www.instagram.com\/partijhandeldhz\/"]}]}},"jetpack_sharing_enabled":true,"_links":{"self":[{"href":"https:\/\/partijhandeldhz.nl\/de\/wp-json\/wp\/v2\/product\/15594","targetHints":{"allow":["GET"]}}],"collection":[{"href":"https:\/\/partijhandeldhz.nl\/de\/wp-json\/wp\/v2\/product"}],"about":[{"href":"https:\/\/partijhandeldhz.nl\/de\/wp-json\/wp\/v2\/types\/product"}],"version-history":[{"count":0,"href":"https:\/\/partijhandeldhz.nl\/de\/wp-json\/wp\/v2\/product\/15594\/revisions"}],"wp:featuredmedia":[{"embeddable":true,"href":"https:\/\/partijhandeldhz.nl\/de\/wp-json\/wp\/v2\/media\/15597"}],"wp:attachment":[{"href":"https:\/\/partijhandeldhz.nl\/de\/wp-json\/wp\/v2\/media?parent=15594"}],"wp:term":[{"taxonomy":"product_brand","embeddable":true,"href":"https:\/\/partijhandeldhz.nl\/de\/wp-json\/wp\/v2\/product_brand?post=15594"},{"taxonomy":"product_cat","embeddable":true,"href":"https:\/\/partijhandeldhz.nl\/de\/wp-json\/wp\/v2\/product_cat?post=15594"},{"taxonomy":"product_tag","embeddable":true,"href":"https:\/\/partijhandeldhz.nl\/de\/wp-json\/wp\/v2\/product_tag?post=15594"}],"curies":[{"name":"wp","href":"https:\/\/api.w.org\/{rel}","templated":true}]}}