{"id":15558,"date":"2025-07-24T14:22:45","date_gmt":"2025-07-24T14:22:45","guid":{"rendered":"https:\/\/partijhandeldhz.nl\/product\/ecoline-oszillierender-sprinkler\/"},"modified":"2025-07-24T14:22:45","modified_gmt":"2025-07-24T14:22:45","slug":"ecoline-oszillierender-sprinkler","status":"publish","type":"product","link":"https:\/\/partijhandeldhz.nl\/de\/produkt\/ecoline-oszillierender-sprinkler\/","title":{"rendered":"EcoLine oszillierender Sprinkler"},"content":{"rendered":"<p data-start=\"202\" data-end=\"688\">Der <strong data-start=\"205\" data-end=\"238\">Gardena EcoLine Oszillierende Sprinkler<\/strong> ist die perfekte Wahl f\u00fcr umweltbewusste G\u00e4rtner, die ihren Rasen oder ihr Blumenbeet effizient und nachhaltig gie\u00dfen m\u00f6chten. Dieser hochwertige <g id=\"gid_1\">quadratische Drehsprinkler<\/g> ist so konzipiert, dass er rechteckige Fl\u00e4chen von <g id=\"gid_2\">90 bis 220 m\u00b2<\/g> gleichm\u00e4\u00dfig bew\u00e4ssert, ohne Pf\u00fctzen zu bilden. Dank des verstellbaren L\u00e4nge von <strong data-start=\"547\" data-end=\"575\">7 bis 17 Metern<\/strong> und einer <strong data-start=\"583\" data-end=\"622\">maximalen Spr\u00fchbreite von 13 Metern<\/strong> k\u00f6nnen Sie die Bew\u00e4sserung problemlos an die Gr\u00f6\u00dfe Ihres Gartens anpassen.  <\/p>\n<p data-start=\"690\" data-end=\"1084\">Der EcoLine Oszillierende Sprinkler besteht <strong data-start=\"730\" data-end=\"791\">zu mehr als 65 % aus recyceltem Kunststoff aus Haushaltsabf\u00e4llen<\/strong>, und die <strong data-start=\"799\" data-end=\"870\">Aluminiumrohre bestehen zu mehr als 25 % aus recyceltem Material<\/strong>. Die integrierten Metallelemente sorgen f\u00fcr zus\u00e4tzliche Festigkeit, Haltbarkeit und ein stilvolles Aussehen. Dieser Spr\u00fcher ist <strong data-start=\"998\" data-end=\"1023\">UV- und frostbest\u00e4ndig<\/strong>, sodass du ihn das ganze Jahr drau\u00dfen stehen lassen kannst.  <\/p>\n<p data-start=\"1086\" data-end=\"1464\">F\u00fcr eine lange Lebensdauer ist der Spr\u00fcher mit einem <strong data-start=\"1144\" data-end=\"1170\">abnehmbaren Schmutzfilter<\/strong> ausgestattet, der Verstopfungen verhindert, sowie einer <strong data-start=\"1204\" data-end=\"1223\">Reinigungsnadel<\/strong> , mit der Sie Kalkr\u00fcckst\u00e4nde leicht entfernen k\u00f6nnen. Der EcoLine Oszillierende Sprinkler wird stolz in Deutschland produziert und bietet <g id=\"gid_2\">eine 5-j\u00e4hrige Herstellergarantie<\/g>. Eine nachhaltige und durchdachte L\u00f6sung innerhalb der innovativen Gardena EcoLine-Reihe.  <\/p>\n<h3 data-start=\"1757\" data-end=\"1788\"><strong data-start=\"1761\" data-end=\"1788\">Schl\u00fcsselmerkmale<\/strong><\/h3>\n<ul>\n<li data-start=\"1791\" data-end=\"1835\">Geeignet f\u00fcr Fl\u00e4chen von 90 bis 220 m\u00b2<\/li>\n<li data-start=\"1838\" data-end=\"1907\">Verstellbarer Spr\u00fchbereich: 7 bis 17 Meter L\u00e4nge, maximal. 13 Meter Breite<\/li>\n<li data-start=\"1910\" data-end=\"1976\">Hergestellt aus &gt;65 % recyceltem Kunststoff und &gt;25 % recyceltem Aluminium<\/li>\n<li data-start=\"1979\" data-end=\"2028\">Metallelemente f\u00fcr zus\u00e4tzliche Festigkeit und Konstruktion<\/li>\n<li data-start=\"2031\" data-end=\"2076\">Ein abnehmbarer Schmutzfilter verhindert Verstopfungen<\/li>\n<li data-start=\"2079\" data-end=\"2122\">Beinhaltet die Reinigung der Nadel gegen Kalkkalkbildung<\/li>\n<li data-start=\"2125\" data-end=\"2193\">UV- und frostbest\u00e4ndig: Geeignet f\u00fcr den Au\u00dfeneinsatz zu jeder Jahreszeit<\/li>\n<li data-start=\"2196\" data-end=\"2245\">Hergestellt in Deutschland, 5-j\u00e4hrige Herstellergarantie<\/li>\n<li data-start=\"2248\" data-end=\"2275\">EAN-Code: 4078500057622<\/li>\n<\/ul>\n","protected":false},"excerpt":{"rendered":"<p>Gardena EcoLine Drehsprinkler f\u00fcr Rasenfl\u00e4chen und Blumenbeete von 90\u2013220 m\u00b2. Hergestellt aus recyceltem Material, mit einstellbarem Umfang und ausgestattet mit einem Schmutzfilter und einer Reinigungsnadel.<br \/>\n<br data-start=\"1681\" data-end=\"1684\"><strong data-start=\"1684\" data-end=\"1750\"><em data-start=\"1686\" data-end=\"1748\">Bitte beachten Sie: Dieses Produkt kann nur \u00fcber unseren Webshop bestellt werden.<\/em><\/strong><\/p>\n","protected":false},"featured_media":15567,"template":"","meta":{"_acf_changed":false,"site-sidebar-layout":"default","site-content-layout":"","ast-site-content-layout":"default","site-content-style":"default","site-sidebar-style":"default","ast-global-header-display":"","ast-banner-title-visibility":"","ast-main-header-display":"","ast-hfb-above-header-display":"","ast-hfb-below-header-display":"","ast-hfb-mobile-header-display":"","site-post-title":"","ast-breadcrumbs-content":"","ast-featured-img":"","footer-sml-layout":"","ast-disable-related-posts":"","theme-transparent-header-meta":"default","adv-header-id-meta":"","stick-header-meta":"","header-above-stick-meta":"","header-main-stick-meta":"","header-below-stick-meta":"","astra-migrate-meta-layouts":"default","ast-page-background-enabled":"default","ast-page-background-meta":{"desktop":{"background-color":"","background-image":"","background-repeat":"repeat","background-position":"center center","background-size":"auto","background-attachment":"scroll","background-type":"","background-media":"","overlay-type":"","overlay-color":"","overlay-opacity":"","overlay-gradient":""},"tablet":{"background-color":"","background-image":"","background-repeat":"repeat","background-position":"center center","background-size":"auto","background-attachment":"scroll","background-type":"","background-media":"","overlay-type":"","overlay-color":"","overlay-opacity":"","overlay-gradient":""},"mobile":{"background-color":"","background-image":"","background-repeat":"repeat","background-position":"center center","background-size":"auto","background-attachment":"scroll","background-type":"","background-media":"","overlay-type":"","overlay-color":"","overlay-opacity":"","overlay-gradient":""}},"ast-content-background-meta":{"desktop":{"background-color":"var(--ast-global-color-5)","background-image":"","background-repeat":"repeat","background-position":"center center","background-size":"auto","background-attachment":"scroll","background-type":"","background-media":"","overlay-type":"","overlay-color":"","overlay-opacity":"","overlay-gradient":""},"tablet":{"background-color":"var(--ast-global-color-5)","background-image":"","background-repeat":"repeat","background-position":"center center","background-size":"auto","background-attachment":"scroll","background-type":"","background-media":"","overlay-type":"","overlay-color":"","overlay-opacity":"","overlay-gradient":""},"mobile":{"background-color":"var(--ast-global-color-5)","background-image":"","background-repeat":"repeat","background-position":"center center","background-size":"auto","background-attachment":"scroll","background-type":"","background-media":"","overlay-type":"","overlay-color":"","overlay-opacity":"","overlay-gradient":""}}},"product_brand":[],"product_cat":[599,634],"product_tag":[],"class_list":{"0":"post-15558","1":"product","2":"type-product","3":"status-publish","4":"has-post-thumbnail","6":"product_cat-postenhandel","7":"product_cat-schwenk-und-kreis-sprinkler","8":"pa_merk-gardena","9":"desktop-align-left","10":"tablet-align-left","11":"mobile-align-left","13":"first","14":"instock","15":"sale","16":"taxable","17":"shipping-taxable","18":"purchasable","19":"product-type-simple"},"acf":[],"yoast_head":"<!-- This site is optimized with the Yoast SEO plugin v27.5 - https:\/\/yoast.com\/product\/yoast-seo-wordpress\/ -->\n<title>EcoLine oszillierender Sprinkler - DHZ Outlet &amp; Partijhandel<\/title>\n<meta name=\"robots\" content=\"index, follow, max-snippet:-1, max-image-preview:large, max-video-preview:-1\" \/>\n<link rel=\"canonical\" href=\"https:\/\/partijhandeldhz.nl\/de\/produkt\/ecoline-oszillierender-sprinkler\/\" \/>\n<meta property=\"og:locale\" content=\"de_DE\" \/>\n<meta property=\"og:type\" content=\"article\" \/>\n<meta property=\"og:title\" content=\"EcoLine oszillierender Sprinkler - DHZ Outlet &amp; Partijhandel\" \/>\n<meta property=\"og:description\" content=\"Gardena EcoLine Drehsprinkler f\u00fcr Rasenfl\u00e4chen und Blumenbeete von 90\u2013220 m\u00b2. Hergestellt aus recyceltem Material, mit einstellbarem Umfang und ausgestattet mit einem Schmutzfilter und einer Reinigungsnadel. Bitte beachten Sie: Dieses Produkt kann nur \u00fcber unseren Webshop bestellt werden.\" \/>\n<meta property=\"og:url\" content=\"https:\/\/partijhandeldhz.nl\/de\/produkt\/ecoline-oszillierender-sprinkler\/\" \/>\n<meta property=\"og:site_name\" content=\"DHZ Outlet &amp; Partijhandel\" \/>\n<meta property=\"article:publisher\" content=\"https:\/\/www.facebook.com\/people\/Partijhandel-DHZ\/61573487458594\/\" \/>\n<meta property=\"og:image\" content=\"https:\/\/partijhandeldhz.nl\/wp-content\/uploads\/2025\/07\/1-72.jpg\" \/>\n\t<meta property=\"og:image:width\" content=\"1000\" \/>\n\t<meta property=\"og:image:height\" content=\"1000\" \/>\n\t<meta property=\"og:image:type\" content=\"image\/jpeg\" \/>\n<meta name=\"twitter:card\" content=\"summary_large_image\" \/>\n<meta name=\"twitter:label1\" content=\"Gesch\u00e4tzte Lesezeit\" \/>\n\t<meta name=\"twitter:data1\" content=\"1\u00a0Minute\" \/>\n<script type=\"application\/ld+json\" class=\"yoast-schema-graph\">{\"@context\":\"https:\\\/\\\/schema.org\",\"@graph\":[{\"@type\":\"WebPage\",\"@id\":\"https:\\\/\\\/partijhandeldhz.nl\\\/de\\\/produkt\\\/ecoline-oszillierender-sprinkler\\\/\",\"url\":\"https:\\\/\\\/partijhandeldhz.nl\\\/de\\\/produkt\\\/ecoline-oszillierender-sprinkler\\\/\",\"name\":\"EcoLine oszillierender Sprinkler - DHZ Outlet &amp; Partijhandel\",\"isPartOf\":{\"@id\":\"https:\\\/\\\/partijhandeldhz.nl\\\/de\\\/#website\"},\"primaryImageOfPage\":{\"@id\":\"https:\\\/\\\/partijhandeldhz.nl\\\/de\\\/produkt\\\/ecoline-oszillierender-sprinkler\\\/#primaryimage\"},\"image\":{\"@id\":\"https:\\\/\\\/partijhandeldhz.nl\\\/de\\\/produkt\\\/ecoline-oszillierender-sprinkler\\\/#primaryimage\"},\"thumbnailUrl\":\"https:\\\/\\\/partijhandeldhz.nl\\\/wp-content\\\/uploads\\\/2025\\\/07\\\/1-72.jpg\",\"datePublished\":\"2025-07-24T14:22:45+00:00\",\"breadcrumb\":{\"@id\":\"https:\\\/\\\/partijhandeldhz.nl\\\/de\\\/produkt\\\/ecoline-oszillierender-sprinkler\\\/#breadcrumb\"},\"inLanguage\":\"de\",\"potentialAction\":[{\"@type\":\"ReadAction\",\"target\":[\"https:\\\/\\\/partijhandeldhz.nl\\\/de\\\/produkt\\\/ecoline-oszillierender-sprinkler\\\/\"]}]},{\"@type\":\"ImageObject\",\"inLanguage\":\"de\",\"@id\":\"https:\\\/\\\/partijhandeldhz.nl\\\/de\\\/produkt\\\/ecoline-oszillierender-sprinkler\\\/#primaryimage\",\"url\":\"https:\\\/\\\/partijhandeldhz.nl\\\/wp-content\\\/uploads\\\/2025\\\/07\\\/1-72.jpg\",\"contentUrl\":\"https:\\\/\\\/partijhandeldhz.nl\\\/wp-content\\\/uploads\\\/2025\\\/07\\\/1-72.jpg\",\"width\":1000,\"height\":1000},{\"@type\":\"BreadcrumbList\",\"@id\":\"https:\\\/\\\/partijhandeldhz.nl\\\/de\\\/produkt\\\/ecoline-oszillierender-sprinkler\\\/#breadcrumb\",\"itemListElement\":[{\"@type\":\"ListItem\",\"position\":1,\"name\":\"Home\",\"item\":\"https:\\\/\\\/partijhandeldhz.nl\\\/de\\\/\"},{\"@type\":\"ListItem\",\"position\":2,\"name\":\"Shop\",\"item\":\"https:\\\/\\\/partijhandeldhz.nl\\\/de\\\/shop\\\/\"},{\"@type\":\"ListItem\",\"position\":3,\"name\":\"EcoLine oszillierender Sprinkler\"}]},{\"@type\":\"WebSite\",\"@id\":\"https:\\\/\\\/partijhandeldhz.nl\\\/de\\\/#website\",\"url\":\"https:\\\/\\\/partijhandeldhz.nl\\\/de\\\/\",\"name\":\"DHZ Outlet & Partijhandel\",\"description\":\"Grote en kleine partijen, altijd de scherpste prijs!\",\"publisher\":{\"@id\":\"https:\\\/\\\/partijhandeldhz.nl\\\/de\\\/#organization\"},\"potentialAction\":[{\"@type\":\"SearchAction\",\"target\":{\"@type\":\"EntryPoint\",\"urlTemplate\":\"https:\\\/\\\/partijhandeldhz.nl\\\/de\\\/?s={search_term_string}\"},\"query-input\":{\"@type\":\"PropertyValueSpecification\",\"valueRequired\":true,\"valueName\":\"search_term_string\"}}],\"inLanguage\":\"de\"},{\"@type\":\"Organization\",\"@id\":\"https:\\\/\\\/partijhandeldhz.nl\\\/de\\\/#organization\",\"name\":\"DHZ Outlet & Partijhandel\",\"url\":\"https:\\\/\\\/partijhandeldhz.nl\\\/de\\\/\",\"logo\":{\"@type\":\"ImageObject\",\"inLanguage\":\"de\",\"@id\":\"https:\\\/\\\/partijhandeldhz.nl\\\/de\\\/#\\\/schema\\\/logo\\\/image\\\/\",\"url\":\"https:\\\/\\\/partijhandeldhz.nl\\\/wp-content\\\/uploads\\\/2025\\\/03\\\/1.png\",\"contentUrl\":\"https:\\\/\\\/partijhandeldhz.nl\\\/wp-content\\\/uploads\\\/2025\\\/03\\\/1.png\",\"width\":1000,\"height\":500,\"caption\":\"DHZ Outlet & Partijhandel\"},\"image\":{\"@id\":\"https:\\\/\\\/partijhandeldhz.nl\\\/de\\\/#\\\/schema\\\/logo\\\/image\\\/\"},\"sameAs\":[\"https:\\\/\\\/www.facebook.com\\\/people\\\/Partijhandel-DHZ\\\/61573487458594\\\/\",\"https:\\\/\\\/www.instagram.com\\\/partijhandeldhz\\\/\"]}]}<\/script>\n<!-- \/ Yoast SEO plugin. -->","yoast_head_json":{"title":"EcoLine oszillierender Sprinkler - DHZ Outlet &amp; Partijhandel","robots":{"index":"index","follow":"follow","max-snippet":"max-snippet:-1","max-image-preview":"max-image-preview:large","max-video-preview":"max-video-preview:-1"},"canonical":"https:\/\/partijhandeldhz.nl\/de\/produkt\/ecoline-oszillierender-sprinkler\/","og_locale":"de_DE","og_type":"article","og_title":"EcoLine oszillierender Sprinkler - DHZ Outlet &amp; Partijhandel","og_description":"Gardena EcoLine Drehsprinkler f\u00fcr Rasenfl\u00e4chen und Blumenbeete von 90\u2013220 m\u00b2. Hergestellt aus recyceltem Material, mit einstellbarem Umfang und ausgestattet mit einem Schmutzfilter und einer Reinigungsnadel. Bitte beachten Sie: Dieses Produkt kann nur \u00fcber unseren Webshop bestellt werden.","og_url":"https:\/\/partijhandeldhz.nl\/de\/produkt\/ecoline-oszillierender-sprinkler\/","og_site_name":"DHZ Outlet &amp; Partijhandel","article_publisher":"https:\/\/www.facebook.com\/people\/Partijhandel-DHZ\/61573487458594\/","og_image":[{"width":1000,"height":1000,"url":"https:\/\/partijhandeldhz.nl\/wp-content\/uploads\/2025\/07\/1-72.jpg","type":"image\/jpeg"}],"twitter_card":"summary_large_image","twitter_misc":{"Gesch\u00e4tzte Lesezeit":"1\u00a0Minute"},"schema":{"@context":"https:\/\/schema.org","@graph":[{"@type":"WebPage","@id":"https:\/\/partijhandeldhz.nl\/de\/produkt\/ecoline-oszillierender-sprinkler\/","url":"https:\/\/partijhandeldhz.nl\/de\/produkt\/ecoline-oszillierender-sprinkler\/","name":"EcoLine oszillierender Sprinkler - DHZ Outlet &amp; Partijhandel","isPartOf":{"@id":"https:\/\/partijhandeldhz.nl\/de\/#website"},"primaryImageOfPage":{"@id":"https:\/\/partijhandeldhz.nl\/de\/produkt\/ecoline-oszillierender-sprinkler\/#primaryimage"},"image":{"@id":"https:\/\/partijhandeldhz.nl\/de\/produkt\/ecoline-oszillierender-sprinkler\/#primaryimage"},"thumbnailUrl":"https:\/\/partijhandeldhz.nl\/wp-content\/uploads\/2025\/07\/1-72.jpg","datePublished":"2025-07-24T14:22:45+00:00","breadcrumb":{"@id":"https:\/\/partijhandeldhz.nl\/de\/produkt\/ecoline-oszillierender-sprinkler\/#breadcrumb"},"inLanguage":"de","potentialAction":[{"@type":"ReadAction","target":["https:\/\/partijhandeldhz.nl\/de\/produkt\/ecoline-oszillierender-sprinkler\/"]}]},{"@type":"ImageObject","inLanguage":"de","@id":"https:\/\/partijhandeldhz.nl\/de\/produkt\/ecoline-oszillierender-sprinkler\/#primaryimage","url":"https:\/\/partijhandeldhz.nl\/wp-content\/uploads\/2025\/07\/1-72.jpg","contentUrl":"https:\/\/partijhandeldhz.nl\/wp-content\/uploads\/2025\/07\/1-72.jpg","width":1000,"height":1000},{"@type":"BreadcrumbList","@id":"https:\/\/partijhandeldhz.nl\/de\/produkt\/ecoline-oszillierender-sprinkler\/#breadcrumb","itemListElement":[{"@type":"ListItem","position":1,"name":"Home","item":"https:\/\/partijhandeldhz.nl\/de\/"},{"@type":"ListItem","position":2,"name":"Shop","item":"https:\/\/partijhandeldhz.nl\/de\/shop\/"},{"@type":"ListItem","position":3,"name":"EcoLine oszillierender Sprinkler"}]},{"@type":"WebSite","@id":"https:\/\/partijhandeldhz.nl\/de\/#website","url":"https:\/\/partijhandeldhz.nl\/de\/","name":"DHZ Outlet & Partijhandel","description":"Grote en kleine partijen, altijd de scherpste prijs!","publisher":{"@id":"https:\/\/partijhandeldhz.nl\/de\/#organization"},"potentialAction":[{"@type":"SearchAction","target":{"@type":"EntryPoint","urlTemplate":"https:\/\/partijhandeldhz.nl\/de\/?s={search_term_string}"},"query-input":{"@type":"PropertyValueSpecification","valueRequired":true,"valueName":"search_term_string"}}],"inLanguage":"de"},{"@type":"Organization","@id":"https:\/\/partijhandeldhz.nl\/de\/#organization","name":"DHZ Outlet & Partijhandel","url":"https:\/\/partijhandeldhz.nl\/de\/","logo":{"@type":"ImageObject","inLanguage":"de","@id":"https:\/\/partijhandeldhz.nl\/de\/#\/schema\/logo\/image\/","url":"https:\/\/partijhandeldhz.nl\/wp-content\/uploads\/2025\/03\/1.png","contentUrl":"https:\/\/partijhandeldhz.nl\/wp-content\/uploads\/2025\/03\/1.png","width":1000,"height":500,"caption":"DHZ Outlet & Partijhandel"},"image":{"@id":"https:\/\/partijhandeldhz.nl\/de\/#\/schema\/logo\/image\/"},"sameAs":["https:\/\/www.facebook.com\/people\/Partijhandel-DHZ\/61573487458594\/","https:\/\/www.instagram.com\/partijhandeldhz\/"]}]}},"jetpack_sharing_enabled":true,"_links":{"self":[{"href":"https:\/\/partijhandeldhz.nl\/de\/wp-json\/wp\/v2\/product\/15558","targetHints":{"allow":["GET"]}}],"collection":[{"href":"https:\/\/partijhandeldhz.nl\/de\/wp-json\/wp\/v2\/product"}],"about":[{"href":"https:\/\/partijhandeldhz.nl\/de\/wp-json\/wp\/v2\/types\/product"}],"version-history":[{"count":0,"href":"https:\/\/partijhandeldhz.nl\/de\/wp-json\/wp\/v2\/product\/15558\/revisions"}],"wp:featuredmedia":[{"embeddable":true,"href":"https:\/\/partijhandeldhz.nl\/de\/wp-json\/wp\/v2\/media\/15567"}],"wp:attachment":[{"href":"https:\/\/partijhandeldhz.nl\/de\/wp-json\/wp\/v2\/media?parent=15558"}],"wp:term":[{"taxonomy":"product_brand","embeddable":true,"href":"https:\/\/partijhandeldhz.nl\/de\/wp-json\/wp\/v2\/product_brand?post=15558"},{"taxonomy":"product_cat","embeddable":true,"href":"https:\/\/partijhandeldhz.nl\/de\/wp-json\/wp\/v2\/product_cat?post=15558"},{"taxonomy":"product_tag","embeddable":true,"href":"https:\/\/partijhandeldhz.nl\/de\/wp-json\/wp\/v2\/product_tag?post=15558"}],"curies":[{"name":"wp","href":"https:\/\/api.w.org\/{rel}","templated":true}]}}