{"id":15429,"date":"2025-04-17T07:35:38","date_gmt":"2025-04-17T07:35:38","guid":{"rendered":"https:\/\/partijhandeldhz.nl\/product\/sprueher-mit-verlaengerung-60-cm\/"},"modified":"2025-04-17T07:35:38","modified_gmt":"2025-04-17T07:35:38","slug":"sprueher-mit-verlaengerung-60-cm","status":"publish","type":"product","link":"https:\/\/partijhandeldhz.nl\/de\/produkt\/sprueher-mit-verlaengerung-60-cm\/","title":{"rendered":"Spr\u00fcher mit Verl\u00e4ngerung 60 cm"},"content":{"rendered":"<p>Der Gardena-Spr\u00fcher mit Verl\u00e4ngerung erleichtert das Gie\u00dfen h\u00f6her oder schwer erreichbarer Pflanzen erheblich. Der etwa 60 cm verl\u00e4ngerte Griff bietet Ihnen zus\u00e4tzliche Reichweite, ohne sich strecken oder b\u00fccken zu m\u00fcssen, und sorgt so f\u00fcr eine bequeme Arbeitsposition.<x id=\"gid_0\"><\/x>Der sanfte Spr\u00fchstrahl ist ideal f\u00fcr empfindliche Pflanzen, Blumen oder junge Pflanzen. Der Impulshebel kann f\u00fcr kontinuierliche Nutzung verriegelt werden, was f\u00fcr l\u00e4ngeres Gie\u00dfen n\u00fctzlich ist.<br \/>\nDer Spr\u00fcher ist mit Frostschutz ausgestattet, sodass Sie ihn im Winter sicher drau\u00dfen lagern k\u00f6nnen. Dank des ergonomischen Griffs und des leichten Designs liegt er bequem in der Hand. Der weiche Kunststoffschutzring um die Spr\u00fchd\u00fcse sch\u00fctzt bei St\u00f6\u00dfen oder St\u00fcrzen vor Sch\u00e4den.    <\/p>\n<h3 class=\"\" data-start=\"1539\" data-end=\"1567\">Wichtige Merkmale:<\/h3>\n<ul>\n<li data-start=\"1570\" data-end=\"1624\">Verl\u00e4ngerter Griff von etwa 60 cm f\u00fcr bessere Reichweite<\/li>\n<li data-start=\"1627\" data-end=\"1673\">Sanfter Spr\u00fchstrahl f\u00fcr empfindliche Pflanzen<\/li>\n<li data-start=\"1715\" data-end=\"1774\">Impulshebel mit Verriegelungsfunktion f\u00fcr kontinuierlichen Betrieb<\/li>\n<li data-start=\"1777\" data-end=\"1834\">Ergonomisches und leichtes Design f\u00fcr komfortable Nutzung<\/li>\n<li data-start=\"1837\" data-end=\"1887\">Frostbest\u00e4ndig f\u00fcr den ganzj\u00e4hrigen Einsatz<\/li>\n<li data-start=\"1890\" data-end=\"1931\">Weicher Schutzring um die Spr\u00fchd\u00fcse<\/li>\n<li data-start=\"1934\" data-end=\"1980\">Kompatibel mit dem urspr\u00fcnglichen Gardena-System<\/li>\n<li data-start=\"1934\" data-end=\"1980\">EAN-Code: 4078500035415<\/li>\n<\/ul>\n<p>Mit dem Gardena-Spr\u00fcher mit Verl\u00e4ngerung k\u00f6nnen Sie Ihren Garten effektiv und ohne k\u00f6rperliche Anstrengung gossen \u2013 ideal f\u00fcr den t\u00e4glichen Gartengenuss mit maximaler Kontrolle und Komfort!<\/p>\n","protected":false},"excerpt":{"rendered":"<p>Der Gardena-Spr\u00fcher mit Verl\u00e4ngerung ist ideal f\u00fcr gezieltes und komfortables Gie\u00dfen schwer erreichbarer Pflanzen wie H\u00e4ngek\u00f6rbe, hohe Beete und Beete. Dank des sanften Spr\u00fchstrahls und des ausgefahrenen Griffs (ca. 60 cm) kann man ergonomisch arbeiten, ohne sich b\u00fccken oder greifen zu m\u00fcssen. Der abschlie\u00dfbare Impulshebel macht das Gie\u00dfen einfach und angenehm.  <\/p>\n<p><strong><em>Bitte beachten Sie: Dieses Produkt kann nur \u00fcber unseren Webshop bestellt werden.<\/em><\/strong><\/p>\n","protected":false},"featured_media":13765,"template":"","meta":{"_acf_changed":false,"site-sidebar-layout":"default","site-content-layout":"","ast-site-content-layout":"default","site-content-style":"default","site-sidebar-style":"default","ast-global-header-display":"","ast-banner-title-visibility":"","ast-main-header-display":"","ast-hfb-above-header-display":"","ast-hfb-below-header-display":"","ast-hfb-mobile-header-display":"","site-post-title":"","ast-breadcrumbs-content":"","ast-featured-img":"","footer-sml-layout":"","ast-disable-related-posts":"","theme-transparent-header-meta":"default","adv-header-id-meta":"","stick-header-meta":"","header-above-stick-meta":"","header-main-stick-meta":"","header-below-stick-meta":"","astra-migrate-meta-layouts":"default","ast-page-background-enabled":"default","ast-page-background-meta":{"desktop":{"background-color":"","background-image":"","background-repeat":"repeat","background-position":"center center","background-size":"auto","background-attachment":"scroll","background-type":"","background-media":"","overlay-type":"","overlay-color":"","overlay-opacity":"","overlay-gradient":""},"tablet":{"background-color":"","background-image":"","background-repeat":"repeat","background-position":"center center","background-size":"auto","background-attachment":"scroll","background-type":"","background-media":"","overlay-type":"","overlay-color":"","overlay-opacity":"","overlay-gradient":""},"mobile":{"background-color":"","background-image":"","background-repeat":"repeat","background-position":"center center","background-size":"auto","background-attachment":"scroll","background-type":"","background-media":"","overlay-type":"","overlay-color":"","overlay-opacity":"","overlay-gradient":""}},"ast-content-background-meta":{"desktop":{"background-color":"var(--ast-global-color-5)","background-image":"","background-repeat":"repeat","background-position":"center center","background-size":"auto","background-attachment":"scroll","background-type":"","background-media":"","overlay-type":"","overlay-color":"","overlay-opacity":"","overlay-gradient":""},"tablet":{"background-color":"var(--ast-global-color-5)","background-image":"","background-repeat":"repeat","background-position":"center center","background-size":"auto","background-attachment":"scroll","background-type":"","background-media":"","overlay-type":"","overlay-color":"","overlay-opacity":"","overlay-gradient":""},"mobile":{"background-color":"var(--ast-global-color-5)","background-image":"","background-repeat":"repeat","background-position":"center center","background-size":"auto","background-attachment":"scroll","background-type":"","background-media":"","overlay-type":"","overlay-color":"","overlay-opacity":"","overlay-gradient":""}}},"product_brand":[],"product_cat":[655,735,599],"product_tag":[],"class_list":{"0":"post-15429","1":"product","2":"type-product","3":"status-publish","4":"has-post-thumbnail","6":"product_cat-bewasserung","7":"product_cat-handspruher","8":"product_cat-postenhandel","9":"pa_merk-gardena","10":"desktop-align-left","11":"tablet-align-left","12":"mobile-align-left","14":"first","15":"instock","16":"taxable","17":"shipping-taxable","18":"purchasable","19":"product-type-simple"},"acf":[],"yoast_head":"<!-- This site is optimized with the Yoast SEO plugin v27.5 - https:\/\/yoast.com\/product\/yoast-seo-wordpress\/ -->\n<title>Spr\u00fcher mit Verl\u00e4ngerung 60 cm - DHZ Outlet &amp; Partijhandel<\/title>\n<meta name=\"robots\" content=\"index, follow, max-snippet:-1, max-image-preview:large, max-video-preview:-1\" \/>\n<link rel=\"canonical\" href=\"https:\/\/partijhandeldhz.nl\/de\/produkt\/sprueher-mit-verlaengerung-60-cm\/\" \/>\n<meta property=\"og:locale\" content=\"de_DE\" \/>\n<meta property=\"og:type\" content=\"article\" \/>\n<meta property=\"og:title\" content=\"Spr\u00fcher mit Verl\u00e4ngerung 60 cm - DHZ Outlet &amp; Partijhandel\" \/>\n<meta property=\"og:description\" content=\"Der Gardena-Spr\u00fcher mit Verl\u00e4ngerung ist ideal f\u00fcr gezieltes und komfortables Gie\u00dfen schwer erreichbarer Pflanzen wie H\u00e4ngek\u00f6rbe, hohe Beete und Beete. Dank des sanften Spr\u00fchstrahls und des ausgefahrenen Griffs (ca. 60 cm) kann man ergonomisch arbeiten, ohne sich b\u00fccken oder greifen zu m\u00fcssen. Der abschlie\u00dfbare Impulshebel macht das Gie\u00dfen einfach und angenehm.  Bitte beachten Sie: Dieses Produkt kann nur \u00fcber unseren Webshop bestellt werden.\" \/>\n<meta property=\"og:url\" content=\"https:\/\/partijhandeldhz.nl\/de\/produkt\/sprueher-mit-verlaengerung-60-cm\/\" \/>\n<meta property=\"og:site_name\" content=\"DHZ Outlet &amp; Partijhandel\" \/>\n<meta property=\"article:publisher\" content=\"https:\/\/www.facebook.com\/people\/Partijhandel-DHZ\/61573487458594\/\" \/>\n<meta property=\"og:image\" content=\"https:\/\/partijhandeldhz.nl\/wp-content\/uploads\/2025\/04\/E.-DHZ-Partijhandel-Template-Productfoto-Webshop-Gardena-broes-60cm.jpg\" \/>\n\t<meta property=\"og:image:width\" content=\"1000\" \/>\n\t<meta property=\"og:image:height\" content=\"1000\" \/>\n\t<meta property=\"og:image:type\" content=\"image\/jpeg\" \/>\n<meta name=\"twitter:card\" content=\"summary_large_image\" \/>\n<meta name=\"twitter:label1\" content=\"Gesch\u00e4tzte Lesezeit\" \/>\n\t<meta name=\"twitter:data1\" content=\"1\u00a0Minute\" \/>\n<script type=\"application\/ld+json\" class=\"yoast-schema-graph\">{\"@context\":\"https:\\\/\\\/schema.org\",\"@graph\":[{\"@type\":\"WebPage\",\"@id\":\"https:\\\/\\\/partijhandeldhz.nl\\\/de\\\/produkt\\\/sprueher-mit-verlaengerung-60-cm\\\/\",\"url\":\"https:\\\/\\\/partijhandeldhz.nl\\\/de\\\/produkt\\\/sprueher-mit-verlaengerung-60-cm\\\/\",\"name\":\"Spr\u00fcher mit Verl\u00e4ngerung 60 cm - DHZ Outlet &amp; Partijhandel\",\"isPartOf\":{\"@id\":\"https:\\\/\\\/partijhandeldhz.nl\\\/de\\\/#website\"},\"primaryImageOfPage\":{\"@id\":\"https:\\\/\\\/partijhandeldhz.nl\\\/de\\\/produkt\\\/sprueher-mit-verlaengerung-60-cm\\\/#primaryimage\"},\"image\":{\"@id\":\"https:\\\/\\\/partijhandeldhz.nl\\\/de\\\/produkt\\\/sprueher-mit-verlaengerung-60-cm\\\/#primaryimage\"},\"thumbnailUrl\":\"https:\\\/\\\/partijhandeldhz.nl\\\/wp-content\\\/uploads\\\/2025\\\/04\\\/E.-DHZ-Partijhandel-Template-Productfoto-Webshop-Gardena-broes-60cm.jpg\",\"datePublished\":\"2025-04-17T07:35:38+00:00\",\"breadcrumb\":{\"@id\":\"https:\\\/\\\/partijhandeldhz.nl\\\/de\\\/produkt\\\/sprueher-mit-verlaengerung-60-cm\\\/#breadcrumb\"},\"inLanguage\":\"de\",\"potentialAction\":[{\"@type\":\"ReadAction\",\"target\":[\"https:\\\/\\\/partijhandeldhz.nl\\\/de\\\/produkt\\\/sprueher-mit-verlaengerung-60-cm\\\/\"]}]},{\"@type\":\"ImageObject\",\"inLanguage\":\"de\",\"@id\":\"https:\\\/\\\/partijhandeldhz.nl\\\/de\\\/produkt\\\/sprueher-mit-verlaengerung-60-cm\\\/#primaryimage\",\"url\":\"https:\\\/\\\/partijhandeldhz.nl\\\/wp-content\\\/uploads\\\/2025\\\/04\\\/E.-DHZ-Partijhandel-Template-Productfoto-Webshop-Gardena-broes-60cm.jpg\",\"contentUrl\":\"https:\\\/\\\/partijhandeldhz.nl\\\/wp-content\\\/uploads\\\/2025\\\/04\\\/E.-DHZ-Partijhandel-Template-Productfoto-Webshop-Gardena-broes-60cm.jpg\",\"width\":1000,\"height\":1000},{\"@type\":\"BreadcrumbList\",\"@id\":\"https:\\\/\\\/partijhandeldhz.nl\\\/de\\\/produkt\\\/sprueher-mit-verlaengerung-60-cm\\\/#breadcrumb\",\"itemListElement\":[{\"@type\":\"ListItem\",\"position\":1,\"name\":\"Home\",\"item\":\"https:\\\/\\\/partijhandeldhz.nl\\\/de\\\/\"},{\"@type\":\"ListItem\",\"position\":2,\"name\":\"Shop\",\"item\":\"https:\\\/\\\/partijhandeldhz.nl\\\/de\\\/shop\\\/\"},{\"@type\":\"ListItem\",\"position\":3,\"name\":\"Spr\u00fcher mit Verl\u00e4ngerung 60 cm\"}]},{\"@type\":\"WebSite\",\"@id\":\"https:\\\/\\\/partijhandeldhz.nl\\\/de\\\/#website\",\"url\":\"https:\\\/\\\/partijhandeldhz.nl\\\/de\\\/\",\"name\":\"DHZ Outlet & Partijhandel\",\"description\":\"Grote en kleine partijen, altijd de scherpste prijs!\",\"publisher\":{\"@id\":\"https:\\\/\\\/partijhandeldhz.nl\\\/de\\\/#organization\"},\"potentialAction\":[{\"@type\":\"SearchAction\",\"target\":{\"@type\":\"EntryPoint\",\"urlTemplate\":\"https:\\\/\\\/partijhandeldhz.nl\\\/de\\\/?s={search_term_string}\"},\"query-input\":{\"@type\":\"PropertyValueSpecification\",\"valueRequired\":true,\"valueName\":\"search_term_string\"}}],\"inLanguage\":\"de\"},{\"@type\":\"Organization\",\"@id\":\"https:\\\/\\\/partijhandeldhz.nl\\\/de\\\/#organization\",\"name\":\"DHZ Outlet & Partijhandel\",\"url\":\"https:\\\/\\\/partijhandeldhz.nl\\\/de\\\/\",\"logo\":{\"@type\":\"ImageObject\",\"inLanguage\":\"de\",\"@id\":\"https:\\\/\\\/partijhandeldhz.nl\\\/de\\\/#\\\/schema\\\/logo\\\/image\\\/\",\"url\":\"https:\\\/\\\/partijhandeldhz.nl\\\/wp-content\\\/uploads\\\/2025\\\/03\\\/1.png\",\"contentUrl\":\"https:\\\/\\\/partijhandeldhz.nl\\\/wp-content\\\/uploads\\\/2025\\\/03\\\/1.png\",\"width\":1000,\"height\":500,\"caption\":\"DHZ Outlet & Partijhandel\"},\"image\":{\"@id\":\"https:\\\/\\\/partijhandeldhz.nl\\\/de\\\/#\\\/schema\\\/logo\\\/image\\\/\"},\"sameAs\":[\"https:\\\/\\\/www.facebook.com\\\/people\\\/Partijhandel-DHZ\\\/61573487458594\\\/\",\"https:\\\/\\\/www.instagram.com\\\/partijhandeldhz\\\/\"]}]}<\/script>\n<!-- \/ Yoast SEO plugin. -->","yoast_head_json":{"title":"Spr\u00fcher mit Verl\u00e4ngerung 60 cm - DHZ Outlet &amp; Partijhandel","robots":{"index":"index","follow":"follow","max-snippet":"max-snippet:-1","max-image-preview":"max-image-preview:large","max-video-preview":"max-video-preview:-1"},"canonical":"https:\/\/partijhandeldhz.nl\/de\/produkt\/sprueher-mit-verlaengerung-60-cm\/","og_locale":"de_DE","og_type":"article","og_title":"Spr\u00fcher mit Verl\u00e4ngerung 60 cm - DHZ Outlet &amp; Partijhandel","og_description":"Der Gardena-Spr\u00fcher mit Verl\u00e4ngerung ist ideal f\u00fcr gezieltes und komfortables Gie\u00dfen schwer erreichbarer Pflanzen wie H\u00e4ngek\u00f6rbe, hohe Beete und Beete. Dank des sanften Spr\u00fchstrahls und des ausgefahrenen Griffs (ca. 60 cm) kann man ergonomisch arbeiten, ohne sich b\u00fccken oder greifen zu m\u00fcssen. Der abschlie\u00dfbare Impulshebel macht das Gie\u00dfen einfach und angenehm.  Bitte beachten Sie: Dieses Produkt kann nur \u00fcber unseren Webshop bestellt werden.","og_url":"https:\/\/partijhandeldhz.nl\/de\/produkt\/sprueher-mit-verlaengerung-60-cm\/","og_site_name":"DHZ Outlet &amp; Partijhandel","article_publisher":"https:\/\/www.facebook.com\/people\/Partijhandel-DHZ\/61573487458594\/","og_image":[{"width":1000,"height":1000,"url":"https:\/\/partijhandeldhz.nl\/wp-content\/uploads\/2025\/04\/E.-DHZ-Partijhandel-Template-Productfoto-Webshop-Gardena-broes-60cm.jpg","type":"image\/jpeg"}],"twitter_card":"summary_large_image","twitter_misc":{"Gesch\u00e4tzte Lesezeit":"1\u00a0Minute"},"schema":{"@context":"https:\/\/schema.org","@graph":[{"@type":"WebPage","@id":"https:\/\/partijhandeldhz.nl\/de\/produkt\/sprueher-mit-verlaengerung-60-cm\/","url":"https:\/\/partijhandeldhz.nl\/de\/produkt\/sprueher-mit-verlaengerung-60-cm\/","name":"Spr\u00fcher mit Verl\u00e4ngerung 60 cm - DHZ Outlet &amp; Partijhandel","isPartOf":{"@id":"https:\/\/partijhandeldhz.nl\/de\/#website"},"primaryImageOfPage":{"@id":"https:\/\/partijhandeldhz.nl\/de\/produkt\/sprueher-mit-verlaengerung-60-cm\/#primaryimage"},"image":{"@id":"https:\/\/partijhandeldhz.nl\/de\/produkt\/sprueher-mit-verlaengerung-60-cm\/#primaryimage"},"thumbnailUrl":"https:\/\/partijhandeldhz.nl\/wp-content\/uploads\/2025\/04\/E.-DHZ-Partijhandel-Template-Productfoto-Webshop-Gardena-broes-60cm.jpg","datePublished":"2025-04-17T07:35:38+00:00","breadcrumb":{"@id":"https:\/\/partijhandeldhz.nl\/de\/produkt\/sprueher-mit-verlaengerung-60-cm\/#breadcrumb"},"inLanguage":"de","potentialAction":[{"@type":"ReadAction","target":["https:\/\/partijhandeldhz.nl\/de\/produkt\/sprueher-mit-verlaengerung-60-cm\/"]}]},{"@type":"ImageObject","inLanguage":"de","@id":"https:\/\/partijhandeldhz.nl\/de\/produkt\/sprueher-mit-verlaengerung-60-cm\/#primaryimage","url":"https:\/\/partijhandeldhz.nl\/wp-content\/uploads\/2025\/04\/E.-DHZ-Partijhandel-Template-Productfoto-Webshop-Gardena-broes-60cm.jpg","contentUrl":"https:\/\/partijhandeldhz.nl\/wp-content\/uploads\/2025\/04\/E.-DHZ-Partijhandel-Template-Productfoto-Webshop-Gardena-broes-60cm.jpg","width":1000,"height":1000},{"@type":"BreadcrumbList","@id":"https:\/\/partijhandeldhz.nl\/de\/produkt\/sprueher-mit-verlaengerung-60-cm\/#breadcrumb","itemListElement":[{"@type":"ListItem","position":1,"name":"Home","item":"https:\/\/partijhandeldhz.nl\/de\/"},{"@type":"ListItem","position":2,"name":"Shop","item":"https:\/\/partijhandeldhz.nl\/de\/shop\/"},{"@type":"ListItem","position":3,"name":"Spr\u00fcher mit Verl\u00e4ngerung 60 cm"}]},{"@type":"WebSite","@id":"https:\/\/partijhandeldhz.nl\/de\/#website","url":"https:\/\/partijhandeldhz.nl\/de\/","name":"DHZ Outlet & Partijhandel","description":"Grote en kleine partijen, altijd de scherpste prijs!","publisher":{"@id":"https:\/\/partijhandeldhz.nl\/de\/#organization"},"potentialAction":[{"@type":"SearchAction","target":{"@type":"EntryPoint","urlTemplate":"https:\/\/partijhandeldhz.nl\/de\/?s={search_term_string}"},"query-input":{"@type":"PropertyValueSpecification","valueRequired":true,"valueName":"search_term_string"}}],"inLanguage":"de"},{"@type":"Organization","@id":"https:\/\/partijhandeldhz.nl\/de\/#organization","name":"DHZ Outlet & Partijhandel","url":"https:\/\/partijhandeldhz.nl\/de\/","logo":{"@type":"ImageObject","inLanguage":"de","@id":"https:\/\/partijhandeldhz.nl\/de\/#\/schema\/logo\/image\/","url":"https:\/\/partijhandeldhz.nl\/wp-content\/uploads\/2025\/03\/1.png","contentUrl":"https:\/\/partijhandeldhz.nl\/wp-content\/uploads\/2025\/03\/1.png","width":1000,"height":500,"caption":"DHZ Outlet & Partijhandel"},"image":{"@id":"https:\/\/partijhandeldhz.nl\/de\/#\/schema\/logo\/image\/"},"sameAs":["https:\/\/www.facebook.com\/people\/Partijhandel-DHZ\/61573487458594\/","https:\/\/www.instagram.com\/partijhandeldhz\/"]}]}},"jetpack_sharing_enabled":true,"_links":{"self":[{"href":"https:\/\/partijhandeldhz.nl\/de\/wp-json\/wp\/v2\/product\/15429","targetHints":{"allow":["GET"]}}],"collection":[{"href":"https:\/\/partijhandeldhz.nl\/de\/wp-json\/wp\/v2\/product"}],"about":[{"href":"https:\/\/partijhandeldhz.nl\/de\/wp-json\/wp\/v2\/types\/product"}],"version-history":[{"count":0,"href":"https:\/\/partijhandeldhz.nl\/de\/wp-json\/wp\/v2\/product\/15429\/revisions"}],"wp:featuredmedia":[{"embeddable":true,"href":"https:\/\/partijhandeldhz.nl\/de\/wp-json\/wp\/v2\/media\/13765"}],"wp:attachment":[{"href":"https:\/\/partijhandeldhz.nl\/de\/wp-json\/wp\/v2\/media?parent=15429"}],"wp:term":[{"taxonomy":"product_brand","embeddable":true,"href":"https:\/\/partijhandeldhz.nl\/de\/wp-json\/wp\/v2\/product_brand?post=15429"},{"taxonomy":"product_cat","embeddable":true,"href":"https:\/\/partijhandeldhz.nl\/de\/wp-json\/wp\/v2\/product_cat?post=15429"},{"taxonomy":"product_tag","embeddable":true,"href":"https:\/\/partijhandeldhz.nl\/de\/wp-json\/wp\/v2\/product_tag?post=15429"}],"curies":[{"name":"wp","href":"https:\/\/api.w.org\/{rel}","templated":true}]}}