{"id":15405,"date":"2025-04-15T14:52:23","date_gmt":"2025-04-15T14:52:23","guid":{"rendered":"https:\/\/partijhandeldhz.nl\/product\/premiumcut-grasstecher-700b\/"},"modified":"2025-04-15T14:52:23","modified_gmt":"2025-04-15T14:52:23","slug":"premiumcut-grasstecher-700b","status":"publish","type":"product","link":"https:\/\/partijhandeldhz.nl\/de\/produkt\/premiumcut-grasstecher-700b\/","title":{"rendered":"PremiumCut Grasstecher 700B"},"content":{"rendered":"<p class=\"\" data-start=\"638\" data-end=\"1036\">Der <strong data-start=\"641\" data-end=\"682\">Gardena PremiumCut Trimmer 700 B<\/strong> ist f\u00fcr den anspruchsvollen G\u00e4rtner konzipiert, der Power, Pr\u00e4zision und Langlebigkeit fordert. Dank des <g id=\"gid_1\">Bypass-Schneidkopfes<\/g> mit <g id=\"gid_2\">einer speziellen Stahloberklinge<\/g> und einer <g id=\"gid_3\">geschmiedeten Unterklinge<\/g> werden frische \u00c4ste von bis zu <g id=\"gid_4\">40 mm<\/g> Dicke m\u00fchelos und pr\u00e4zise geschnitten, was ein gesundes Wachstum Ihrer Pflanzen gew\u00e4hrleistet.<x id=\"gid_5\"><\/x>Die <g id=\"gid_6\">doppelt gebogenen Aluminiumgriffe<\/g> sind nicht nur leicht, sondern auch \u00e4u\u00dferst stabil und ergonomisch geformt f\u00fcr einen bequemen Griff. Der integrierte <g id=\"gid_7\">Endstopp-Puffer<\/g> aus speziellem Kunststoff reduziert Schocks beim Schneiden, was sanft f\u00fcr die Handgelenke ist und Erm\u00fcdung reduziert.<x id=\"gid_8\"><\/x>Mit einer <g id=\"gid_9\">Gesamtl\u00e4nge von 700 mm<\/g> bietet dieser Trimmer genug Hebelwirkung, um mit minimalem Aufwand zu schneiden. Au\u00dferdem sind die Klingen <strong data-start=\"1538\" data-end=\"1553\">austauschbar<\/strong>, was die Lebensdauer des Werkzeugs verl\u00e4ngert.   <\/p>\n<p class=\"\" data-start=\"1648\" data-end=\"1797\">Gardena bietet auf dieses Produkt eine <strong data-start=\"1666\" data-end=\"1690\">25-j\u00e4hrige Garantie<\/strong> an, was seine Qualit\u00e4t und Langlebigkeit unterstreicht.<\/p>\n<h3 class=\"\" data-start=\"1804\" data-end=\"1832\">Wichtige Merkmale:<\/h3>\n<ul>\n<li data-start=\"1835\" data-end=\"1892\">Maximaler Schnittdurchmesser von 40 mm f\u00fcr kraftvolles Schneiden<\/li>\n<li data-start=\"1895\" data-end=\"1965\">Bypass-Schneidesystem mit pr\u00e4zisionsgeschliffenen Klingen f\u00fcr saubere Schnitte<\/li>\n<li data-start=\"1968\" data-end=\"2037\">Doppelt gebogene Aluminiumgriffe f\u00fcr Stabilit\u00e4t und Ergonomie<\/li>\n<li data-start=\"2040\" data-end=\"2111\">Endstopp-Puffer aus speziellem Kunststoff zur Reduzierung von St\u00f6\u00dfen<\/li>\n<li data-start=\"2114\" data-end=\"2166\">Austauschbare Klingen f\u00fcr eine l\u00e4ngere Lebensdauer<\/li>\n<li data-start=\"2169\" data-end=\"2236\">Leichtes Design mit nur 1,3 kg f\u00fcr m\u00fchelose Nutzung<\/li>\n<li data-start=\"2239\" data-end=\"2296\">Gesamtl\u00e4nge von 700 mm f\u00fcr optimale Hebelwirkung<\/li>\n<li data-start=\"2299\" data-end=\"2346\">25 Jahre Garantie nach der Registrierung bei Gardena<\/li>\n<li data-start=\"2299\" data-end=\"2346\">EAN-Code: 4078500871006<\/li>\n<\/ul>\n<p>Mit dem <strong data-start=\"2360\" data-end=\"2401\">Gardena PremiumCut Trimmer 700 B<\/strong> wird das Schneiden dank der Kombination aus hochwertigen Materialien und durchdachter Gestaltung zu einer pr\u00e4zisen und angenehmen Aufgabe!<\/p>\n","protected":false},"excerpt":{"rendered":"<p><strong data-start=\"215\" data-end=\"256\">Der Gardena PremiumCut Branch Cutter 700 B ist ein professioneller<\/strong>, leistungsstarker und leichter Astschneider, der frische \u00c4ste bis zu <strong data-start=\"367\" data-end=\"376\">40 mm<\/strong> Dicke m\u00fchelos beschneiden kann. Mit <strong data-start=\"392\" data-end=\"413\">einer L\u00e4nge von 700 mm<\/strong>, <strong data-start=\"415\" data-end=\"442\">pr\u00e4zisionsgeschliffenen Klingen<\/strong> und <strong data-start=\"446\" data-end=\"483\">ergonomischen Aluminiumgriffen<\/strong> bieten diese Schere optimale Kontrolle und Komfort beim Beschneiden. <\/p>\n<p><strong><em>Bitte beachten Sie: Dieses Produkt kann nur \u00fcber unseren Webshop bestellt werden.<\/em><\/strong><\/p>\n","protected":false},"featured_media":15406,"template":"","meta":{"_acf_changed":false,"site-sidebar-layout":"default","site-content-layout":"","ast-site-content-layout":"default","site-content-style":"default","site-sidebar-style":"default","ast-global-header-display":"","ast-banner-title-visibility":"","ast-main-header-display":"","ast-hfb-above-header-display":"","ast-hfb-below-header-display":"","ast-hfb-mobile-header-display":"","site-post-title":"","ast-breadcrumbs-content":"","ast-featured-img":"","footer-sml-layout":"","ast-disable-related-posts":"","theme-transparent-header-meta":"default","adv-header-id-meta":"","stick-header-meta":"","header-above-stick-meta":"","header-main-stick-meta":"","header-below-stick-meta":"","astra-migrate-meta-layouts":"default","ast-page-background-enabled":"default","ast-page-background-meta":{"desktop":{"background-color":"","background-image":"","background-repeat":"repeat","background-position":"center center","background-size":"auto","background-attachment":"scroll","background-type":"","background-media":"","overlay-type":"","overlay-color":"","overlay-opacity":"","overlay-gradient":""},"tablet":{"background-color":"","background-image":"","background-repeat":"repeat","background-position":"center center","background-size":"auto","background-attachment":"scroll","background-type":"","background-media":"","overlay-type":"","overlay-color":"","overlay-opacity":"","overlay-gradient":""},"mobile":{"background-color":"","background-image":"","background-repeat":"repeat","background-position":"center center","background-size":"auto","background-attachment":"scroll","background-type":"","background-media":"","overlay-type":"","overlay-color":"","overlay-opacity":"","overlay-gradient":""}},"ast-content-background-meta":{"desktop":{"background-color":"var(--ast-global-color-5)","background-image":"","background-repeat":"repeat","background-position":"center center","background-size":"auto","background-attachment":"scroll","background-type":"","background-media":"","overlay-type":"","overlay-color":"","overlay-opacity":"","overlay-gradient":""},"tablet":{"background-color":"var(--ast-global-color-5)","background-image":"","background-repeat":"repeat","background-position":"center center","background-size":"auto","background-attachment":"scroll","background-type":"","background-media":"","overlay-type":"","overlay-color":"","overlay-opacity":"","overlay-gradient":""},"mobile":{"background-color":"var(--ast-global-color-5)","background-image":"","background-repeat":"repeat","background-position":"center center","background-size":"auto","background-attachment":"scroll","background-type":"","background-media":"","overlay-type":"","overlay-color":"","overlay-opacity":"","overlay-gradient":""}}},"product_brand":[],"product_cat":[599,733],"product_tag":[],"class_list":{"0":"post-15405","1":"product","2":"type-product","3":"status-publish","4":"has-post-thumbnail","6":"product_cat-postenhandel","7":"product_cat-schnittwerkzeuge","8":"pa_merk-gardena","9":"desktop-align-left","10":"tablet-align-left","11":"mobile-align-left","13":"first","14":"instock","15":"taxable","16":"shipping-taxable","17":"purchasable","18":"product-type-simple"},"acf":[],"yoast_head":"<!-- This site is optimized with the Yoast SEO plugin v27.5 - https:\/\/yoast.com\/product\/yoast-seo-wordpress\/ -->\n<title>PremiumCut Grasstecher 700B - DHZ Outlet &amp; Partijhandel<\/title>\n<meta name=\"robots\" content=\"index, follow, max-snippet:-1, max-image-preview:large, max-video-preview:-1\" \/>\n<link rel=\"canonical\" href=\"https:\/\/partijhandeldhz.nl\/de\/produkt\/premiumcut-grasstecher-700b\/\" \/>\n<meta property=\"og:locale\" content=\"de_DE\" \/>\n<meta property=\"og:type\" content=\"article\" \/>\n<meta property=\"og:title\" content=\"PremiumCut Grasstecher 700B - DHZ Outlet &amp; Partijhandel\" \/>\n<meta property=\"og:description\" content=\"Der Gardena PremiumCut Branch Cutter 700 B ist ein professioneller, leistungsstarker und leichter Astschneider, der frische \u00c4ste bis zu 40 mm Dicke m\u00fchelos beschneiden kann. Mit einer L\u00e4nge von 700 mm, pr\u00e4zisionsgeschliffenen Klingen und ergonomischen Aluminiumgriffen bieten diese Schere optimale Kontrolle und Komfort beim Beschneiden.  Bitte beachten Sie: Dieses Produkt kann nur \u00fcber unseren Webshop bestellt werden.\" \/>\n<meta property=\"og:url\" content=\"https:\/\/partijhandeldhz.nl\/de\/produkt\/premiumcut-grasstecher-700b\/\" \/>\n<meta property=\"og:site_name\" content=\"DHZ Outlet &amp; Partijhandel\" \/>\n<meta property=\"article:publisher\" content=\"https:\/\/www.facebook.com\/people\/Partijhandel-DHZ\/61573487458594\/\" \/>\n<meta property=\"og:image\" content=\"https:\/\/partijhandeldhz.nl\/wp-content\/uploads\/2025\/04\/1-38.jpg\" \/>\n\t<meta property=\"og:image:width\" content=\"1000\" \/>\n\t<meta property=\"og:image:height\" content=\"1000\" \/>\n\t<meta property=\"og:image:type\" content=\"image\/jpeg\" \/>\n<meta name=\"twitter:card\" content=\"summary_large_image\" \/>\n<meta name=\"twitter:label1\" content=\"Gesch\u00e4tzte Lesezeit\" \/>\n\t<meta name=\"twitter:data1\" content=\"1\u00a0Minute\" \/>\n<script type=\"application\/ld+json\" class=\"yoast-schema-graph\">{\"@context\":\"https:\\\/\\\/schema.org\",\"@graph\":[{\"@type\":\"WebPage\",\"@id\":\"https:\\\/\\\/partijhandeldhz.nl\\\/de\\\/produkt\\\/premiumcut-grasstecher-700b\\\/\",\"url\":\"https:\\\/\\\/partijhandeldhz.nl\\\/de\\\/produkt\\\/premiumcut-grasstecher-700b\\\/\",\"name\":\"PremiumCut Grasstecher 700B - DHZ Outlet &amp; Partijhandel\",\"isPartOf\":{\"@id\":\"https:\\\/\\\/partijhandeldhz.nl\\\/de\\\/#website\"},\"primaryImageOfPage\":{\"@id\":\"https:\\\/\\\/partijhandeldhz.nl\\\/de\\\/produkt\\\/premiumcut-grasstecher-700b\\\/#primaryimage\"},\"image\":{\"@id\":\"https:\\\/\\\/partijhandeldhz.nl\\\/de\\\/produkt\\\/premiumcut-grasstecher-700b\\\/#primaryimage\"},\"thumbnailUrl\":\"https:\\\/\\\/partijhandeldhz.nl\\\/wp-content\\\/uploads\\\/2025\\\/04\\\/1-38.jpg\",\"datePublished\":\"2025-04-15T14:52:23+00:00\",\"breadcrumb\":{\"@id\":\"https:\\\/\\\/partijhandeldhz.nl\\\/de\\\/produkt\\\/premiumcut-grasstecher-700b\\\/#breadcrumb\"},\"inLanguage\":\"de\",\"potentialAction\":[{\"@type\":\"ReadAction\",\"target\":[\"https:\\\/\\\/partijhandeldhz.nl\\\/de\\\/produkt\\\/premiumcut-grasstecher-700b\\\/\"]}]},{\"@type\":\"ImageObject\",\"inLanguage\":\"de\",\"@id\":\"https:\\\/\\\/partijhandeldhz.nl\\\/de\\\/produkt\\\/premiumcut-grasstecher-700b\\\/#primaryimage\",\"url\":\"https:\\\/\\\/partijhandeldhz.nl\\\/wp-content\\\/uploads\\\/2025\\\/04\\\/1-38.jpg\",\"contentUrl\":\"https:\\\/\\\/partijhandeldhz.nl\\\/wp-content\\\/uploads\\\/2025\\\/04\\\/1-38.jpg\",\"width\":1000,\"height\":1000},{\"@type\":\"BreadcrumbList\",\"@id\":\"https:\\\/\\\/partijhandeldhz.nl\\\/de\\\/produkt\\\/premiumcut-grasstecher-700b\\\/#breadcrumb\",\"itemListElement\":[{\"@type\":\"ListItem\",\"position\":1,\"name\":\"Home\",\"item\":\"https:\\\/\\\/partijhandeldhz.nl\\\/de\\\/\"},{\"@type\":\"ListItem\",\"position\":2,\"name\":\"Shop\",\"item\":\"https:\\\/\\\/partijhandeldhz.nl\\\/de\\\/shop\\\/\"},{\"@type\":\"ListItem\",\"position\":3,\"name\":\"PremiumCut Grasstecher 700B\"}]},{\"@type\":\"WebSite\",\"@id\":\"https:\\\/\\\/partijhandeldhz.nl\\\/de\\\/#website\",\"url\":\"https:\\\/\\\/partijhandeldhz.nl\\\/de\\\/\",\"name\":\"DHZ Outlet & Partijhandel\",\"description\":\"Grote en kleine partijen, altijd de scherpste prijs!\",\"publisher\":{\"@id\":\"https:\\\/\\\/partijhandeldhz.nl\\\/de\\\/#organization\"},\"potentialAction\":[{\"@type\":\"SearchAction\",\"target\":{\"@type\":\"EntryPoint\",\"urlTemplate\":\"https:\\\/\\\/partijhandeldhz.nl\\\/de\\\/?s={search_term_string}\"},\"query-input\":{\"@type\":\"PropertyValueSpecification\",\"valueRequired\":true,\"valueName\":\"search_term_string\"}}],\"inLanguage\":\"de\"},{\"@type\":\"Organization\",\"@id\":\"https:\\\/\\\/partijhandeldhz.nl\\\/de\\\/#organization\",\"name\":\"DHZ Outlet & Partijhandel\",\"url\":\"https:\\\/\\\/partijhandeldhz.nl\\\/de\\\/\",\"logo\":{\"@type\":\"ImageObject\",\"inLanguage\":\"de\",\"@id\":\"https:\\\/\\\/partijhandeldhz.nl\\\/de\\\/#\\\/schema\\\/logo\\\/image\\\/\",\"url\":\"https:\\\/\\\/partijhandeldhz.nl\\\/wp-content\\\/uploads\\\/2025\\\/03\\\/1.png\",\"contentUrl\":\"https:\\\/\\\/partijhandeldhz.nl\\\/wp-content\\\/uploads\\\/2025\\\/03\\\/1.png\",\"width\":1000,\"height\":500,\"caption\":\"DHZ Outlet & Partijhandel\"},\"image\":{\"@id\":\"https:\\\/\\\/partijhandeldhz.nl\\\/de\\\/#\\\/schema\\\/logo\\\/image\\\/\"},\"sameAs\":[\"https:\\\/\\\/www.facebook.com\\\/people\\\/Partijhandel-DHZ\\\/61573487458594\\\/\",\"https:\\\/\\\/www.instagram.com\\\/partijhandeldhz\\\/\"]}]}<\/script>\n<!-- \/ Yoast SEO plugin. -->","yoast_head_json":{"title":"PremiumCut Grasstecher 700B - DHZ Outlet &amp; Partijhandel","robots":{"index":"index","follow":"follow","max-snippet":"max-snippet:-1","max-image-preview":"max-image-preview:large","max-video-preview":"max-video-preview:-1"},"canonical":"https:\/\/partijhandeldhz.nl\/de\/produkt\/premiumcut-grasstecher-700b\/","og_locale":"de_DE","og_type":"article","og_title":"PremiumCut Grasstecher 700B - DHZ Outlet &amp; Partijhandel","og_description":"Der Gardena PremiumCut Branch Cutter 700 B ist ein professioneller, leistungsstarker und leichter Astschneider, der frische \u00c4ste bis zu 40 mm Dicke m\u00fchelos beschneiden kann. Mit einer L\u00e4nge von 700 mm, pr\u00e4zisionsgeschliffenen Klingen und ergonomischen Aluminiumgriffen bieten diese Schere optimale Kontrolle und Komfort beim Beschneiden.  Bitte beachten Sie: Dieses Produkt kann nur \u00fcber unseren Webshop bestellt werden.","og_url":"https:\/\/partijhandeldhz.nl\/de\/produkt\/premiumcut-grasstecher-700b\/","og_site_name":"DHZ Outlet &amp; Partijhandel","article_publisher":"https:\/\/www.facebook.com\/people\/Partijhandel-DHZ\/61573487458594\/","og_image":[{"width":1000,"height":1000,"url":"https:\/\/partijhandeldhz.nl\/wp-content\/uploads\/2025\/04\/1-38.jpg","type":"image\/jpeg"}],"twitter_card":"summary_large_image","twitter_misc":{"Gesch\u00e4tzte Lesezeit":"1\u00a0Minute"},"schema":{"@context":"https:\/\/schema.org","@graph":[{"@type":"WebPage","@id":"https:\/\/partijhandeldhz.nl\/de\/produkt\/premiumcut-grasstecher-700b\/","url":"https:\/\/partijhandeldhz.nl\/de\/produkt\/premiumcut-grasstecher-700b\/","name":"PremiumCut Grasstecher 700B - DHZ Outlet &amp; Partijhandel","isPartOf":{"@id":"https:\/\/partijhandeldhz.nl\/de\/#website"},"primaryImageOfPage":{"@id":"https:\/\/partijhandeldhz.nl\/de\/produkt\/premiumcut-grasstecher-700b\/#primaryimage"},"image":{"@id":"https:\/\/partijhandeldhz.nl\/de\/produkt\/premiumcut-grasstecher-700b\/#primaryimage"},"thumbnailUrl":"https:\/\/partijhandeldhz.nl\/wp-content\/uploads\/2025\/04\/1-38.jpg","datePublished":"2025-04-15T14:52:23+00:00","breadcrumb":{"@id":"https:\/\/partijhandeldhz.nl\/de\/produkt\/premiumcut-grasstecher-700b\/#breadcrumb"},"inLanguage":"de","potentialAction":[{"@type":"ReadAction","target":["https:\/\/partijhandeldhz.nl\/de\/produkt\/premiumcut-grasstecher-700b\/"]}]},{"@type":"ImageObject","inLanguage":"de","@id":"https:\/\/partijhandeldhz.nl\/de\/produkt\/premiumcut-grasstecher-700b\/#primaryimage","url":"https:\/\/partijhandeldhz.nl\/wp-content\/uploads\/2025\/04\/1-38.jpg","contentUrl":"https:\/\/partijhandeldhz.nl\/wp-content\/uploads\/2025\/04\/1-38.jpg","width":1000,"height":1000},{"@type":"BreadcrumbList","@id":"https:\/\/partijhandeldhz.nl\/de\/produkt\/premiumcut-grasstecher-700b\/#breadcrumb","itemListElement":[{"@type":"ListItem","position":1,"name":"Home","item":"https:\/\/partijhandeldhz.nl\/de\/"},{"@type":"ListItem","position":2,"name":"Shop","item":"https:\/\/partijhandeldhz.nl\/de\/shop\/"},{"@type":"ListItem","position":3,"name":"PremiumCut Grasstecher 700B"}]},{"@type":"WebSite","@id":"https:\/\/partijhandeldhz.nl\/de\/#website","url":"https:\/\/partijhandeldhz.nl\/de\/","name":"DHZ Outlet & Partijhandel","description":"Grote en kleine partijen, altijd de scherpste prijs!","publisher":{"@id":"https:\/\/partijhandeldhz.nl\/de\/#organization"},"potentialAction":[{"@type":"SearchAction","target":{"@type":"EntryPoint","urlTemplate":"https:\/\/partijhandeldhz.nl\/de\/?s={search_term_string}"},"query-input":{"@type":"PropertyValueSpecification","valueRequired":true,"valueName":"search_term_string"}}],"inLanguage":"de"},{"@type":"Organization","@id":"https:\/\/partijhandeldhz.nl\/de\/#organization","name":"DHZ Outlet & Partijhandel","url":"https:\/\/partijhandeldhz.nl\/de\/","logo":{"@type":"ImageObject","inLanguage":"de","@id":"https:\/\/partijhandeldhz.nl\/de\/#\/schema\/logo\/image\/","url":"https:\/\/partijhandeldhz.nl\/wp-content\/uploads\/2025\/03\/1.png","contentUrl":"https:\/\/partijhandeldhz.nl\/wp-content\/uploads\/2025\/03\/1.png","width":1000,"height":500,"caption":"DHZ Outlet & Partijhandel"},"image":{"@id":"https:\/\/partijhandeldhz.nl\/de\/#\/schema\/logo\/image\/"},"sameAs":["https:\/\/www.facebook.com\/people\/Partijhandel-DHZ\/61573487458594\/","https:\/\/www.instagram.com\/partijhandeldhz\/"]}]}},"jetpack_sharing_enabled":true,"_links":{"self":[{"href":"https:\/\/partijhandeldhz.nl\/de\/wp-json\/wp\/v2\/product\/15405","targetHints":{"allow":["GET"]}}],"collection":[{"href":"https:\/\/partijhandeldhz.nl\/de\/wp-json\/wp\/v2\/product"}],"about":[{"href":"https:\/\/partijhandeldhz.nl\/de\/wp-json\/wp\/v2\/types\/product"}],"version-history":[{"count":0,"href":"https:\/\/partijhandeldhz.nl\/de\/wp-json\/wp\/v2\/product\/15405\/revisions"}],"wp:featuredmedia":[{"embeddable":true,"href":"https:\/\/partijhandeldhz.nl\/de\/wp-json\/wp\/v2\/media\/15406"}],"wp:attachment":[{"href":"https:\/\/partijhandeldhz.nl\/de\/wp-json\/wp\/v2\/media?parent=15405"}],"wp:term":[{"taxonomy":"product_brand","embeddable":true,"href":"https:\/\/partijhandeldhz.nl\/de\/wp-json\/wp\/v2\/product_brand?post=15405"},{"taxonomy":"product_cat","embeddable":true,"href":"https:\/\/partijhandeldhz.nl\/de\/wp-json\/wp\/v2\/product_cat?post=15405"},{"taxonomy":"product_tag","embeddable":true,"href":"https:\/\/partijhandeldhz.nl\/de\/wp-json\/wp\/v2\/product_tag?post=15405"}],"curies":[{"name":"wp","href":"https:\/\/api.w.org\/{rel}","templated":true}]}}