{"id":15403,"date":"2025-07-09T11:56:55","date_gmt":"2025-07-09T11:56:55","guid":{"rendered":"https:\/\/partijhandeldhz.nl\/product\/deckenlampe-nunya-o42cm-2\/"},"modified":"2025-07-09T11:56:55","modified_gmt":"2025-07-09T11:56:55","slug":"deckenlampe-nunya-o42cm-2","status":"publish","type":"product","link":"https:\/\/partijhandeldhz.nl\/de\/produkt\/deckenlampe-nunya-o42cm-2\/","title":{"rendered":"Deckenlampe Nunya \u00d842cm"},"content":{"rendered":"<p data-start=\"178\" data-end=\"616\">Die Brilliant Ceiling Lamp Nunya ist eine stilvolle, kompakte Deckenlampe mit einem eleganten Design in Wei\u00df und Chrom. Diese runde Deckenlampe eignet sich ideal f\u00fcr verschiedene R\u00e4ume wie Flur, Schlafzimmer, Wohnzimmer oder Homeoffice. Dank der integrierten 24-Watt-LED-Lichtquelle liefert diese Lampe eine helle und gleichm\u00e4\u00dfige Beleuchtung, ohne dabei an Haltbarkeit und Stil zu verzichten.  <\/p>\n<p data-start=\"618\" data-end=\"1009\">Mit einem Durchmesser von 42 cm und einer H\u00f6he von 9,5 cm passt die Nunya-Lampe dezent an die Decke, was sie ideal f\u00fcr moderne und zeitlose Innenr\u00e4ume macht. Die neutrale Lichtfarbe sorgt f\u00fcr funktionale Helligkeit, ohne kalt zu wirken. Die LED-Technologie garantiert eine lange Lebensdauer (bis zu 20.000 Brennstunden) und einen geringeren Energieverbrauch.  <\/p>\n<p data-start=\"1011\" data-end=\"1262\">Diese Lampe ist nicht gerichtet, bietet aber mit ihrem breiten Lichtstrahl eine optimale Ausbreitung. Die IP20-Zertifizierung macht sie f\u00fcr trockene R\u00e4ume geeignet. Der Betrieb erfolgt \u00fcber einen normalen Wandschalter; Eine Dimmerfunktion ist nicht vorhanden.  <\/p>\n<p data-start=\"1269\" data-end=\"1297\"><strong data-start=\"1269\" data-end=\"1297\">Wichtige Merkmale:<\/strong><\/p>\n<ul>\n<li data-start=\"1300\" data-end=\"1343\">Marke &amp; Modell: Brilliant Deckenlampe Nunya<\/li>\n<li data-start=\"1346\" data-end=\"1387\">Anzahl der Lichtpunkte: 1 integrierte LED<\/li>\n<li data-start=\"1390\" data-end=\"1432\">Lichtquelle: enthalten (integriert, 24W)<\/li>\n<li data-start=\"1435\" data-end=\"1461\">Helle Farbe: neutrales Wei\u00df<\/li>\n<li data-start=\"1464\" data-end=\"1476\">Form: Rund<\/li>\n<li data-start=\"1479\" data-end=\"1510\">Farbe: Wei\u00df mit Chromakzenten<\/li>\n<li data-start=\"1513\" data-end=\"1545\">Material: Metall und Kunststoff<\/li>\n<li data-start=\"1548\" data-end=\"1562\">Dimmbar: nein<\/li>\n<li data-start=\"1565\" data-end=\"1583\">Verstellbar: nein<\/li>\n<li data-start=\"1586\" data-end=\"1629\">Ma\u00dfe: Durchmesser 42 cm, H\u00f6he 9,5 cm<\/li>\n<li data-start=\"1632\" data-end=\"1650\">Gewicht: 1,03 kg<\/li>\n<li data-start=\"1653\" data-end=\"1684\">Bedienung: \u00fcber Wandschalter<\/li>\n<li data-start=\"1687\" data-end=\"1719\">Stromversorgungstyp: Netzstrom (230V)<\/li>\n<li data-start=\"1722\" data-end=\"1740\">Energieklasse: F<\/li>\n<li data-start=\"1743\" data-end=\"1777\">Lebensdauer der Lichtquelle: 20.000 Stunden<\/li>\n<li data-start=\"1780\" data-end=\"1834\">IP-Wert: IP20 (nur f\u00fcr Trockenr\u00e4ume geeignet)<\/li>\n<li data-start=\"1837\" data-end=\"1859\">Montage: an der Decke<\/li>\n<li data-start=\"1862\" data-end=\"1916\">Geeignet f\u00fcr: Flur, Wohnzimmer, Schlafzimmer, Arbeitszimmer<\/li>\n<li data-start=\"1919\" data-end=\"1944\">EAN-Code: 4004353356094<\/li>\n<\/ul>\n","protected":false},"excerpt":{"rendered":"<p>Die Brilliant Nunya Deckenlampe (42 cm, 24W) bietet langlebige, neutrale wei\u00dfe LED-Beleuchtung in einem schlanken wei\u00dfen Design \u2013 perfekt f\u00fcr jeden Raum im Haus.<br \/>\n<br data-start=\"2138\" data-end=\"2141\"><strong data-start=\"2141\" data-end=\"2207\"><em data-start=\"2143\" data-end=\"2205\">Bitte beachten Sie: Dieses Produkt kann nur \u00fcber unseren Webshop bestellt werden.<\/em><\/strong><\/p>\n","protected":false},"featured_media":14115,"template":"","meta":{"_acf_changed":false,"site-sidebar-layout":"default","site-content-layout":"","ast-site-content-layout":"default","site-content-style":"default","site-sidebar-style":"default","ast-global-header-display":"","ast-banner-title-visibility":"","ast-main-header-display":"","ast-hfb-above-header-display":"","ast-hfb-below-header-display":"","ast-hfb-mobile-header-display":"","site-post-title":"","ast-breadcrumbs-content":"","ast-featured-img":"","footer-sml-layout":"","ast-disable-related-posts":"","theme-transparent-header-meta":"default","adv-header-id-meta":"","stick-header-meta":"","header-above-stick-meta":"","header-main-stick-meta":"","header-below-stick-meta":"","astra-migrate-meta-layouts":"default","ast-page-background-enabled":"default","ast-page-background-meta":{"desktop":{"background-color":"","background-image":"","background-repeat":"repeat","background-position":"center center","background-size":"auto","background-attachment":"scroll","background-type":"","background-media":"","overlay-type":"","overlay-color":"","overlay-opacity":"","overlay-gradient":""},"tablet":{"background-color":"","background-image":"","background-repeat":"repeat","background-position":"center center","background-size":"auto","background-attachment":"scroll","background-type":"","background-media":"","overlay-type":"","overlay-color":"","overlay-opacity":"","overlay-gradient":""},"mobile":{"background-color":"","background-image":"","background-repeat":"repeat","background-position":"center center","background-size":"auto","background-attachment":"scroll","background-type":"","background-media":"","overlay-type":"","overlay-color":"","overlay-opacity":"","overlay-gradient":""}},"ast-content-background-meta":{"desktop":{"background-color":"var(--ast-global-color-5)","background-image":"","background-repeat":"repeat","background-position":"center center","background-size":"auto","background-attachment":"scroll","background-type":"","background-media":"","overlay-type":"","overlay-color":"","overlay-opacity":"","overlay-gradient":""},"tablet":{"background-color":"var(--ast-global-color-5)","background-image":"","background-repeat":"repeat","background-position":"center center","background-size":"auto","background-attachment":"scroll","background-type":"","background-media":"","overlay-type":"","overlay-color":"","overlay-opacity":"","overlay-gradient":""},"mobile":{"background-color":"var(--ast-global-color-5)","background-image":"","background-repeat":"repeat","background-position":"center center","background-size":"auto","background-attachment":"scroll","background-type":"","background-media":"","overlay-type":"","overlay-color":"","overlay-opacity":"","overlay-gradient":""}}},"product_brand":[465],"product_cat":[644,599],"product_tag":[],"class_list":{"0":"post-15403","1":"product","2":"type-product","3":"status-publish","4":"has-post-thumbnail","6":"product_brand-brilliant","7":"product_cat-deckenleuchten","8":"product_cat-postenhandel","9":"pa_merk-brilliant","10":"desktop-align-left","11":"tablet-align-left","12":"mobile-align-left","14":"first","15":"instock","16":"taxable","17":"shipping-taxable","18":"purchasable","19":"product-type-simple"},"acf":[],"yoast_head":"<!-- This site is optimized with the Yoast SEO plugin v27.5 - https:\/\/yoast.com\/product\/yoast-seo-wordpress\/ -->\n<title>Deckenlampe Nunya \u00d842cm - DHZ Outlet &amp; Partijhandel<\/title>\n<meta name=\"robots\" content=\"index, follow, max-snippet:-1, max-image-preview:large, max-video-preview:-1\" \/>\n<link rel=\"canonical\" href=\"https:\/\/partijhandeldhz.nl\/de\/produkt\/deckenlampe-nunya-o42cm-2\/\" \/>\n<meta property=\"og:locale\" content=\"de_DE\" \/>\n<meta property=\"og:type\" content=\"article\" \/>\n<meta property=\"og:title\" content=\"Deckenlampe Nunya \u00d842cm - DHZ Outlet &amp; Partijhandel\" \/>\n<meta property=\"og:description\" content=\"Die Brilliant Nunya Deckenlampe (42 cm, 24W) bietet langlebige, neutrale wei\u00dfe LED-Beleuchtung in einem schlanken wei\u00dfen Design \u2013 perfekt f\u00fcr jeden Raum im Haus. Bitte beachten Sie: Dieses Produkt kann nur \u00fcber unseren Webshop bestellt werden.\" \/>\n<meta property=\"og:url\" content=\"https:\/\/partijhandeldhz.nl\/de\/produkt\/deckenlampe-nunya-o42cm-2\/\" \/>\n<meta property=\"og:site_name\" content=\"DHZ Outlet &amp; Partijhandel\" \/>\n<meta property=\"article:publisher\" content=\"https:\/\/www.facebook.com\/people\/Partijhandel-DHZ\/61573487458594\/\" \/>\n<meta property=\"og:image\" content=\"https:\/\/partijhandeldhz.nl\/wp-content\/uploads\/2025\/07\/1-18.jpg\" \/>\n\t<meta property=\"og:image:width\" content=\"1000\" \/>\n\t<meta property=\"og:image:height\" content=\"1000\" \/>\n\t<meta property=\"og:image:type\" content=\"image\/jpeg\" \/>\n<meta name=\"twitter:card\" content=\"summary_large_image\" \/>\n<meta name=\"twitter:label1\" content=\"Gesch\u00e4tzte Lesezeit\" \/>\n\t<meta name=\"twitter:data1\" content=\"1\u00a0Minute\" \/>\n<script type=\"application\/ld+json\" class=\"yoast-schema-graph\">{\"@context\":\"https:\\\/\\\/schema.org\",\"@graph\":[{\"@type\":\"WebPage\",\"@id\":\"https:\\\/\\\/partijhandeldhz.nl\\\/de\\\/produkt\\\/deckenlampe-nunya-o42cm-2\\\/\",\"url\":\"https:\\\/\\\/partijhandeldhz.nl\\\/de\\\/produkt\\\/deckenlampe-nunya-o42cm-2\\\/\",\"name\":\"Deckenlampe Nunya \u00d842cm - DHZ Outlet &amp; Partijhandel\",\"isPartOf\":{\"@id\":\"https:\\\/\\\/partijhandeldhz.nl\\\/de\\\/#website\"},\"primaryImageOfPage\":{\"@id\":\"https:\\\/\\\/partijhandeldhz.nl\\\/de\\\/produkt\\\/deckenlampe-nunya-o42cm-2\\\/#primaryimage\"},\"image\":{\"@id\":\"https:\\\/\\\/partijhandeldhz.nl\\\/de\\\/produkt\\\/deckenlampe-nunya-o42cm-2\\\/#primaryimage\"},\"thumbnailUrl\":\"https:\\\/\\\/partijhandeldhz.nl\\\/wp-content\\\/uploads\\\/2025\\\/07\\\/1-18.jpg\",\"datePublished\":\"2025-07-09T11:56:55+00:00\",\"breadcrumb\":{\"@id\":\"https:\\\/\\\/partijhandeldhz.nl\\\/de\\\/produkt\\\/deckenlampe-nunya-o42cm-2\\\/#breadcrumb\"},\"inLanguage\":\"de\",\"potentialAction\":[{\"@type\":\"ReadAction\",\"target\":[\"https:\\\/\\\/partijhandeldhz.nl\\\/de\\\/produkt\\\/deckenlampe-nunya-o42cm-2\\\/\"]}]},{\"@type\":\"ImageObject\",\"inLanguage\":\"de\",\"@id\":\"https:\\\/\\\/partijhandeldhz.nl\\\/de\\\/produkt\\\/deckenlampe-nunya-o42cm-2\\\/#primaryimage\",\"url\":\"https:\\\/\\\/partijhandeldhz.nl\\\/wp-content\\\/uploads\\\/2025\\\/07\\\/1-18.jpg\",\"contentUrl\":\"https:\\\/\\\/partijhandeldhz.nl\\\/wp-content\\\/uploads\\\/2025\\\/07\\\/1-18.jpg\",\"width\":1000,\"height\":1000},{\"@type\":\"BreadcrumbList\",\"@id\":\"https:\\\/\\\/partijhandeldhz.nl\\\/de\\\/produkt\\\/deckenlampe-nunya-o42cm-2\\\/#breadcrumb\",\"itemListElement\":[{\"@type\":\"ListItem\",\"position\":1,\"name\":\"Home\",\"item\":\"https:\\\/\\\/partijhandeldhz.nl\\\/de\\\/\"},{\"@type\":\"ListItem\",\"position\":2,\"name\":\"Shop\",\"item\":\"https:\\\/\\\/partijhandeldhz.nl\\\/de\\\/shop\\\/\"},{\"@type\":\"ListItem\",\"position\":3,\"name\":\"Deckenlampe Nunya \u00d842cm\"}]},{\"@type\":\"WebSite\",\"@id\":\"https:\\\/\\\/partijhandeldhz.nl\\\/de\\\/#website\",\"url\":\"https:\\\/\\\/partijhandeldhz.nl\\\/de\\\/\",\"name\":\"DHZ Outlet & Partijhandel\",\"description\":\"Grote en kleine partijen, altijd de scherpste prijs!\",\"publisher\":{\"@id\":\"https:\\\/\\\/partijhandeldhz.nl\\\/de\\\/#organization\"},\"potentialAction\":[{\"@type\":\"SearchAction\",\"target\":{\"@type\":\"EntryPoint\",\"urlTemplate\":\"https:\\\/\\\/partijhandeldhz.nl\\\/de\\\/?s={search_term_string}\"},\"query-input\":{\"@type\":\"PropertyValueSpecification\",\"valueRequired\":true,\"valueName\":\"search_term_string\"}}],\"inLanguage\":\"de\"},{\"@type\":\"Organization\",\"@id\":\"https:\\\/\\\/partijhandeldhz.nl\\\/de\\\/#organization\",\"name\":\"DHZ Outlet & Partijhandel\",\"url\":\"https:\\\/\\\/partijhandeldhz.nl\\\/de\\\/\",\"logo\":{\"@type\":\"ImageObject\",\"inLanguage\":\"de\",\"@id\":\"https:\\\/\\\/partijhandeldhz.nl\\\/de\\\/#\\\/schema\\\/logo\\\/image\\\/\",\"url\":\"https:\\\/\\\/partijhandeldhz.nl\\\/wp-content\\\/uploads\\\/2025\\\/03\\\/1.png\",\"contentUrl\":\"https:\\\/\\\/partijhandeldhz.nl\\\/wp-content\\\/uploads\\\/2025\\\/03\\\/1.png\",\"width\":1000,\"height\":500,\"caption\":\"DHZ Outlet & Partijhandel\"},\"image\":{\"@id\":\"https:\\\/\\\/partijhandeldhz.nl\\\/de\\\/#\\\/schema\\\/logo\\\/image\\\/\"},\"sameAs\":[\"https:\\\/\\\/www.facebook.com\\\/people\\\/Partijhandel-DHZ\\\/61573487458594\\\/\",\"https:\\\/\\\/www.instagram.com\\\/partijhandeldhz\\\/\"]}]}<\/script>\n<!-- \/ Yoast SEO plugin. -->","yoast_head_json":{"title":"Deckenlampe Nunya \u00d842cm - DHZ Outlet &amp; Partijhandel","robots":{"index":"index","follow":"follow","max-snippet":"max-snippet:-1","max-image-preview":"max-image-preview:large","max-video-preview":"max-video-preview:-1"},"canonical":"https:\/\/partijhandeldhz.nl\/de\/produkt\/deckenlampe-nunya-o42cm-2\/","og_locale":"de_DE","og_type":"article","og_title":"Deckenlampe Nunya \u00d842cm - DHZ Outlet &amp; Partijhandel","og_description":"Die Brilliant Nunya Deckenlampe (42 cm, 24W) bietet langlebige, neutrale wei\u00dfe LED-Beleuchtung in einem schlanken wei\u00dfen Design \u2013 perfekt f\u00fcr jeden Raum im Haus. Bitte beachten Sie: Dieses Produkt kann nur \u00fcber unseren Webshop bestellt werden.","og_url":"https:\/\/partijhandeldhz.nl\/de\/produkt\/deckenlampe-nunya-o42cm-2\/","og_site_name":"DHZ Outlet &amp; Partijhandel","article_publisher":"https:\/\/www.facebook.com\/people\/Partijhandel-DHZ\/61573487458594\/","og_image":[{"width":1000,"height":1000,"url":"https:\/\/partijhandeldhz.nl\/wp-content\/uploads\/2025\/07\/1-18.jpg","type":"image\/jpeg"}],"twitter_card":"summary_large_image","twitter_misc":{"Gesch\u00e4tzte Lesezeit":"1\u00a0Minute"},"schema":{"@context":"https:\/\/schema.org","@graph":[{"@type":"WebPage","@id":"https:\/\/partijhandeldhz.nl\/de\/produkt\/deckenlampe-nunya-o42cm-2\/","url":"https:\/\/partijhandeldhz.nl\/de\/produkt\/deckenlampe-nunya-o42cm-2\/","name":"Deckenlampe Nunya \u00d842cm - DHZ Outlet &amp; Partijhandel","isPartOf":{"@id":"https:\/\/partijhandeldhz.nl\/de\/#website"},"primaryImageOfPage":{"@id":"https:\/\/partijhandeldhz.nl\/de\/produkt\/deckenlampe-nunya-o42cm-2\/#primaryimage"},"image":{"@id":"https:\/\/partijhandeldhz.nl\/de\/produkt\/deckenlampe-nunya-o42cm-2\/#primaryimage"},"thumbnailUrl":"https:\/\/partijhandeldhz.nl\/wp-content\/uploads\/2025\/07\/1-18.jpg","datePublished":"2025-07-09T11:56:55+00:00","breadcrumb":{"@id":"https:\/\/partijhandeldhz.nl\/de\/produkt\/deckenlampe-nunya-o42cm-2\/#breadcrumb"},"inLanguage":"de","potentialAction":[{"@type":"ReadAction","target":["https:\/\/partijhandeldhz.nl\/de\/produkt\/deckenlampe-nunya-o42cm-2\/"]}]},{"@type":"ImageObject","inLanguage":"de","@id":"https:\/\/partijhandeldhz.nl\/de\/produkt\/deckenlampe-nunya-o42cm-2\/#primaryimage","url":"https:\/\/partijhandeldhz.nl\/wp-content\/uploads\/2025\/07\/1-18.jpg","contentUrl":"https:\/\/partijhandeldhz.nl\/wp-content\/uploads\/2025\/07\/1-18.jpg","width":1000,"height":1000},{"@type":"BreadcrumbList","@id":"https:\/\/partijhandeldhz.nl\/de\/produkt\/deckenlampe-nunya-o42cm-2\/#breadcrumb","itemListElement":[{"@type":"ListItem","position":1,"name":"Home","item":"https:\/\/partijhandeldhz.nl\/de\/"},{"@type":"ListItem","position":2,"name":"Shop","item":"https:\/\/partijhandeldhz.nl\/de\/shop\/"},{"@type":"ListItem","position":3,"name":"Deckenlampe Nunya \u00d842cm"}]},{"@type":"WebSite","@id":"https:\/\/partijhandeldhz.nl\/de\/#website","url":"https:\/\/partijhandeldhz.nl\/de\/","name":"DHZ Outlet & Partijhandel","description":"Grote en kleine partijen, altijd de scherpste prijs!","publisher":{"@id":"https:\/\/partijhandeldhz.nl\/de\/#organization"},"potentialAction":[{"@type":"SearchAction","target":{"@type":"EntryPoint","urlTemplate":"https:\/\/partijhandeldhz.nl\/de\/?s={search_term_string}"},"query-input":{"@type":"PropertyValueSpecification","valueRequired":true,"valueName":"search_term_string"}}],"inLanguage":"de"},{"@type":"Organization","@id":"https:\/\/partijhandeldhz.nl\/de\/#organization","name":"DHZ Outlet & Partijhandel","url":"https:\/\/partijhandeldhz.nl\/de\/","logo":{"@type":"ImageObject","inLanguage":"de","@id":"https:\/\/partijhandeldhz.nl\/de\/#\/schema\/logo\/image\/","url":"https:\/\/partijhandeldhz.nl\/wp-content\/uploads\/2025\/03\/1.png","contentUrl":"https:\/\/partijhandeldhz.nl\/wp-content\/uploads\/2025\/03\/1.png","width":1000,"height":500,"caption":"DHZ Outlet & Partijhandel"},"image":{"@id":"https:\/\/partijhandeldhz.nl\/de\/#\/schema\/logo\/image\/"},"sameAs":["https:\/\/www.facebook.com\/people\/Partijhandel-DHZ\/61573487458594\/","https:\/\/www.instagram.com\/partijhandeldhz\/"]}]}},"jetpack_sharing_enabled":true,"_links":{"self":[{"href":"https:\/\/partijhandeldhz.nl\/de\/wp-json\/wp\/v2\/product\/15403","targetHints":{"allow":["GET"]}}],"collection":[{"href":"https:\/\/partijhandeldhz.nl\/de\/wp-json\/wp\/v2\/product"}],"about":[{"href":"https:\/\/partijhandeldhz.nl\/de\/wp-json\/wp\/v2\/types\/product"}],"version-history":[{"count":0,"href":"https:\/\/partijhandeldhz.nl\/de\/wp-json\/wp\/v2\/product\/15403\/revisions"}],"wp:featuredmedia":[{"embeddable":true,"href":"https:\/\/partijhandeldhz.nl\/de\/wp-json\/wp\/v2\/media\/14115"}],"wp:attachment":[{"href":"https:\/\/partijhandeldhz.nl\/de\/wp-json\/wp\/v2\/media?parent=15403"}],"wp:term":[{"taxonomy":"product_brand","embeddable":true,"href":"https:\/\/partijhandeldhz.nl\/de\/wp-json\/wp\/v2\/product_brand?post=15403"},{"taxonomy":"product_cat","embeddable":true,"href":"https:\/\/partijhandeldhz.nl\/de\/wp-json\/wp\/v2\/product_cat?post=15403"},{"taxonomy":"product_tag","embeddable":true,"href":"https:\/\/partijhandeldhz.nl\/de\/wp-json\/wp\/v2\/product_tag?post=15403"}],"curies":[{"name":"wp","href":"https:\/\/api.w.org\/{rel}","templated":true}]}}