{"id":15229,"date":"2025-05-02T09:51:50","date_gmt":"2025-05-02T09:51:50","guid":{"rendered":"https:\/\/partijhandeldhz.nl\/product\/bits-24-teilig-steckplaetze\/"},"modified":"2025-05-02T09:51:50","modified_gmt":"2025-05-02T09:51:50","slug":"bits-24-teilig-steckplaetze","status":"publish","type":"product","link":"https:\/\/partijhandeldhz.nl\/de\/produkt\/bits-24-teilig-steckplaetze\/","title":{"rendered":"Bits 24-teilig + Steckpl\u00e4tze"},"content":{"rendered":"<p class=\"\" data-start=\"490\" data-end=\"857\">Das <strong data-start=\"526\" data-end=\"563\">Heller Bitset 24-teilig mit Steckdosen<\/strong> ist ein praktisches und robustes Werkzeugset f\u00fcr alle Arten von Schraub- und Montageaufgaben. Das Set besteht <g id=\"gid_1\">aus einer Kombination aus Bohrern und Steckschl\u00fcsseln<\/g>, sodass Sie m\u00fchelos verschiedene Schrauben und Schrauben lockern und festziehen k\u00f6nnen. Geeignet f\u00fcr den t\u00e4glichen Einsatz bei Montage, Installation oder Reparatur.  <\/p>\n<p class=\"\" data-start=\"859\" data-end=\"1170\">Die <strong data-start=\"862\" data-end=\"881\">verschlei\u00dffesten Bohrer<\/strong> eignen sich f\u00fcr g\u00e4ngige Schraubenk\u00f6pfe wie <strong data-start=\"930\" data-end=\"967\">Phillips, Pozidriv, Torx und Schlitz,<\/strong> w\u00e4hrend die <strong data-start=\"980\" data-end=\"1007\">mitgelieferten Steckschl\u00fcssel<\/strong> perfekt f\u00fcr Inbusbolzen geeignet sind. Der <strong data-start=\"1044\" data-end=\"1069\">magnetische Bohrerhalter<\/strong> macht das Wechseln sowohl von Hand als auch in Kombination mit einer (schnurlosen) Bohrmaschine schnell und einfach. <\/p>\n<p class=\"\" data-start=\"1172\" data-end=\"1369\">Alles ist ordentlich in einer <strong data-start=\"1214\" data-end=\"1250\">stabilen Kunststofftasche aufbewahrt<\/strong>, sodass Sie immer den richtigen Bissschutz oder Kappe griffbereit haben. Ideal sowohl f\u00fcr Profis als auch f\u00fcr Heimwerker. <\/p>\n<p class=\"\" data-start=\"1376\" data-end=\"1404\"><strong data-start=\"1376\" data-end=\"1404\">Wichtige Merkmale:<\/strong><\/p>\n<ul>\n<li data-start=\"1407\" data-end=\"1446\">Typ: Bit Set + Steckschl\u00fcssel (24 Teile)<\/li>\n<li data-start=\"1449\" data-end=\"1514\">Inhalt: Bits (PH, PZ, TX, Slot), Buchsen, magnetischer Bithalter<\/li>\n<li data-start=\"1517\" data-end=\"1545\">Material: Verschlei\u00dfbest\u00e4ndiger Stahl<\/li>\n<li data-start=\"1548\" data-end=\"1602\">Geeignet f\u00fcr: Handwerkzeuge und (schnurlose) Bohrmaschinen<\/li>\n<li data-start=\"1605\" data-end=\"1651\">Aufbewahrungsbox: Kompakt, stabil und gut organisiert<\/li>\n<li data-start=\"1654\" data-end=\"1720\">Anwendung: Schraub- und Montagearbeiten in Holz, Metall und Kunststoff<\/li>\n<li data-start=\"1654\" data-end=\"1720\">EAN-Code: 4010159289146<\/li>\n<\/ul>\n<p class=\"\" data-start=\"1762\" data-end=\"1876\">Mit dem <strong data-start=\"1769\" data-end=\"1806\">Heller Bit Set 24 Teile mit Steckdosen<\/strong> haben Sie f\u00fcr jeden Auftrag immer die richtige L\u00f6sung in einem kompakten Set!<\/p>\n","protected":false},"excerpt":{"rendered":"<p>Das <strong data-start=\"212\" data-end=\"249\">Heller Bit Set mit 24 Teilen und Steckdosen<\/strong> ist ein komplettes Set mit Schraubbissen und Steckf\u00e4ssen, einschlie\u00dflich magnetischem Bohrerhalter, ideal f\u00fcr vielseitiges Schrauben und Montagearbeiten mit Hand- oder Maschinenwerkzeugen.<br \/>\n<br data-start=\"414\" data-end=\"417\"><strong data-start=\"417\" data-end=\"483\"><em data-start=\"419\" data-end=\"481\">Bitte beachten Sie: Dieses Produkt kann nur \u00fcber unseren Webshop bestellt werden.<\/em><\/strong><\/p>\n","protected":false},"featured_media":14139,"template":"","meta":{"_acf_changed":false,"site-sidebar-layout":"default","site-content-layout":"","ast-site-content-layout":"default","site-content-style":"default","site-sidebar-style":"default","ast-global-header-display":"","ast-banner-title-visibility":"","ast-main-header-display":"","ast-hfb-above-header-display":"","ast-hfb-below-header-display":"","ast-hfb-mobile-header-display":"","site-post-title":"","ast-breadcrumbs-content":"","ast-featured-img":"","footer-sml-layout":"","ast-disable-related-posts":"","theme-transparent-header-meta":"default","adv-header-id-meta":"","stick-header-meta":"","header-above-stick-meta":"","header-main-stick-meta":"","header-below-stick-meta":"","astra-migrate-meta-layouts":"default","ast-page-background-enabled":"default","ast-page-background-meta":{"desktop":{"background-color":"","background-image":"","background-repeat":"repeat","background-position":"center center","background-size":"auto","background-attachment":"scroll","background-type":"","background-media":"","overlay-type":"","overlay-color":"","overlay-opacity":"","overlay-gradient":""},"tablet":{"background-color":"","background-image":"","background-repeat":"repeat","background-position":"center center","background-size":"auto","background-attachment":"scroll","background-type":"","background-media":"","overlay-type":"","overlay-color":"","overlay-opacity":"","overlay-gradient":""},"mobile":{"background-color":"","background-image":"","background-repeat":"repeat","background-position":"center center","background-size":"auto","background-attachment":"scroll","background-type":"","background-media":"","overlay-type":"","overlay-color":"","overlay-opacity":"","overlay-gradient":""}},"ast-content-background-meta":{"desktop":{"background-color":"var(--ast-global-color-5)","background-image":"","background-repeat":"repeat","background-position":"center center","background-size":"auto","background-attachment":"scroll","background-type":"","background-media":"","overlay-type":"","overlay-color":"","overlay-opacity":"","overlay-gradient":""},"tablet":{"background-color":"var(--ast-global-color-5)","background-image":"","background-repeat":"repeat","background-position":"center center","background-size":"auto","background-attachment":"scroll","background-type":"","background-media":"","overlay-type":"","overlay-color":"","overlay-opacity":"","overlay-gradient":""},"mobile":{"background-color":"var(--ast-global-color-5)","background-image":"","background-repeat":"repeat","background-position":"center center","background-size":"auto","background-attachment":"scroll","background-type":"","background-media":"","overlay-type":"","overlay-color":"","overlay-opacity":"","overlay-gradient":""}}},"product_brand":[],"product_cat":[710,709],"product_tag":[],"class_list":{"0":"post-15229","1":"product","2":"type-product","3":"status-publish","4":"has-post-thumbnail","6":"product_cat-bitmengen","7":"product_cat-bohrsatze-bohrer","8":"pa_merk-heller","9":"desktop-align-left","10":"tablet-align-left","11":"mobile-align-left","13":"first","14":"instock","15":"taxable","16":"shipping-taxable","17":"purchasable","18":"product-type-simple"},"acf":[],"yoast_head":"<!-- This site is optimized with the Yoast SEO plugin v27.5 - https:\/\/yoast.com\/product\/yoast-seo-wordpress\/ -->\n<title>Bits 24-teilig + Steckpl\u00e4tze - DHZ Outlet &amp; Partijhandel<\/title>\n<meta name=\"robots\" content=\"index, follow, max-snippet:-1, max-image-preview:large, max-video-preview:-1\" \/>\n<link rel=\"canonical\" href=\"https:\/\/partijhandeldhz.nl\/de\/produkt\/bits-24-teilig-steckplaetze\/\" \/>\n<meta property=\"og:locale\" content=\"de_DE\" \/>\n<meta property=\"og:type\" content=\"article\" \/>\n<meta property=\"og:title\" content=\"Bits 24-teilig + Steckpl\u00e4tze - DHZ Outlet &amp; Partijhandel\" \/>\n<meta property=\"og:description\" content=\"Das Heller Bit Set mit 24 Teilen und Steckdosen ist ein komplettes Set mit Schraubbissen und Steckf\u00e4ssen, einschlie\u00dflich magnetischem Bohrerhalter, ideal f\u00fcr vielseitiges Schrauben und Montagearbeiten mit Hand- oder Maschinenwerkzeugen. Bitte beachten Sie: Dieses Produkt kann nur \u00fcber unseren Webshop bestellt werden.\" \/>\n<meta property=\"og:url\" content=\"https:\/\/partijhandeldhz.nl\/de\/produkt\/bits-24-teilig-steckplaetze\/\" \/>\n<meta property=\"og:site_name\" content=\"DHZ Outlet &amp; Partijhandel\" \/>\n<meta property=\"article:publisher\" content=\"https:\/\/www.facebook.com\/people\/Partijhandel-DHZ\/61573487458594\/\" \/>\n<meta property=\"og:image\" content=\"https:\/\/partijhandeldhz.nl\/wp-content\/uploads\/2025\/05\/E.-DHZ-Partijhandel-Template-Productfoto-Webshop-Heller-Bitset-1.jpg\" \/>\n\t<meta property=\"og:image:width\" content=\"1000\" \/>\n\t<meta property=\"og:image:height\" content=\"1000\" \/>\n\t<meta property=\"og:image:type\" content=\"image\/jpeg\" \/>\n<meta name=\"twitter:card\" content=\"summary_large_image\" \/>\n<meta name=\"twitter:label1\" content=\"Gesch\u00e4tzte Lesezeit\" \/>\n\t<meta name=\"twitter:data1\" content=\"1\u00a0Minute\" \/>\n<script type=\"application\/ld+json\" class=\"yoast-schema-graph\">{\"@context\":\"https:\\\/\\\/schema.org\",\"@graph\":[{\"@type\":\"WebPage\",\"@id\":\"https:\\\/\\\/partijhandeldhz.nl\\\/de\\\/produkt\\\/bits-24-teilig-steckplaetze\\\/\",\"url\":\"https:\\\/\\\/partijhandeldhz.nl\\\/de\\\/produkt\\\/bits-24-teilig-steckplaetze\\\/\",\"name\":\"Bits 24-teilig + Steckpl\u00e4tze - DHZ Outlet &amp; Partijhandel\",\"isPartOf\":{\"@id\":\"https:\\\/\\\/partijhandeldhz.nl\\\/de\\\/#website\"},\"primaryImageOfPage\":{\"@id\":\"https:\\\/\\\/partijhandeldhz.nl\\\/de\\\/produkt\\\/bits-24-teilig-steckplaetze\\\/#primaryimage\"},\"image\":{\"@id\":\"https:\\\/\\\/partijhandeldhz.nl\\\/de\\\/produkt\\\/bits-24-teilig-steckplaetze\\\/#primaryimage\"},\"thumbnailUrl\":\"https:\\\/\\\/partijhandeldhz.nl\\\/wp-content\\\/uploads\\\/2025\\\/05\\\/E.-DHZ-Partijhandel-Template-Productfoto-Webshop-Heller-Bitset-1.jpg\",\"datePublished\":\"2025-05-02T09:51:50+00:00\",\"breadcrumb\":{\"@id\":\"https:\\\/\\\/partijhandeldhz.nl\\\/de\\\/produkt\\\/bits-24-teilig-steckplaetze\\\/#breadcrumb\"},\"inLanguage\":\"de\",\"potentialAction\":[{\"@type\":\"ReadAction\",\"target\":[\"https:\\\/\\\/partijhandeldhz.nl\\\/de\\\/produkt\\\/bits-24-teilig-steckplaetze\\\/\"]}]},{\"@type\":\"ImageObject\",\"inLanguage\":\"de\",\"@id\":\"https:\\\/\\\/partijhandeldhz.nl\\\/de\\\/produkt\\\/bits-24-teilig-steckplaetze\\\/#primaryimage\",\"url\":\"https:\\\/\\\/partijhandeldhz.nl\\\/wp-content\\\/uploads\\\/2025\\\/05\\\/E.-DHZ-Partijhandel-Template-Productfoto-Webshop-Heller-Bitset-1.jpg\",\"contentUrl\":\"https:\\\/\\\/partijhandeldhz.nl\\\/wp-content\\\/uploads\\\/2025\\\/05\\\/E.-DHZ-Partijhandel-Template-Productfoto-Webshop-Heller-Bitset-1.jpg\",\"width\":1000,\"height\":1000},{\"@type\":\"BreadcrumbList\",\"@id\":\"https:\\\/\\\/partijhandeldhz.nl\\\/de\\\/produkt\\\/bits-24-teilig-steckplaetze\\\/#breadcrumb\",\"itemListElement\":[{\"@type\":\"ListItem\",\"position\":1,\"name\":\"Home\",\"item\":\"https:\\\/\\\/partijhandeldhz.nl\\\/de\\\/\"},{\"@type\":\"ListItem\",\"position\":2,\"name\":\"Shop\",\"item\":\"https:\\\/\\\/partijhandeldhz.nl\\\/de\\\/shop\\\/\"},{\"@type\":\"ListItem\",\"position\":3,\"name\":\"Bits 24-teilig + Steckpl\u00e4tze\"}]},{\"@type\":\"WebSite\",\"@id\":\"https:\\\/\\\/partijhandeldhz.nl\\\/de\\\/#website\",\"url\":\"https:\\\/\\\/partijhandeldhz.nl\\\/de\\\/\",\"name\":\"DHZ Outlet & Partijhandel\",\"description\":\"Grote en kleine partijen, altijd de scherpste prijs!\",\"publisher\":{\"@id\":\"https:\\\/\\\/partijhandeldhz.nl\\\/de\\\/#organization\"},\"potentialAction\":[{\"@type\":\"SearchAction\",\"target\":{\"@type\":\"EntryPoint\",\"urlTemplate\":\"https:\\\/\\\/partijhandeldhz.nl\\\/de\\\/?s={search_term_string}\"},\"query-input\":{\"@type\":\"PropertyValueSpecification\",\"valueRequired\":true,\"valueName\":\"search_term_string\"}}],\"inLanguage\":\"de\"},{\"@type\":\"Organization\",\"@id\":\"https:\\\/\\\/partijhandeldhz.nl\\\/de\\\/#organization\",\"name\":\"DHZ Outlet & Partijhandel\",\"url\":\"https:\\\/\\\/partijhandeldhz.nl\\\/de\\\/\",\"logo\":{\"@type\":\"ImageObject\",\"inLanguage\":\"de\",\"@id\":\"https:\\\/\\\/partijhandeldhz.nl\\\/de\\\/#\\\/schema\\\/logo\\\/image\\\/\",\"url\":\"https:\\\/\\\/partijhandeldhz.nl\\\/wp-content\\\/uploads\\\/2025\\\/03\\\/1.png\",\"contentUrl\":\"https:\\\/\\\/partijhandeldhz.nl\\\/wp-content\\\/uploads\\\/2025\\\/03\\\/1.png\",\"width\":1000,\"height\":500,\"caption\":\"DHZ Outlet & Partijhandel\"},\"image\":{\"@id\":\"https:\\\/\\\/partijhandeldhz.nl\\\/de\\\/#\\\/schema\\\/logo\\\/image\\\/\"},\"sameAs\":[\"https:\\\/\\\/www.facebook.com\\\/people\\\/Partijhandel-DHZ\\\/61573487458594\\\/\",\"https:\\\/\\\/www.instagram.com\\\/partijhandeldhz\\\/\"]}]}<\/script>\n<!-- \/ Yoast SEO plugin. -->","yoast_head_json":{"title":"Bits 24-teilig + Steckpl\u00e4tze - DHZ Outlet &amp; Partijhandel","robots":{"index":"index","follow":"follow","max-snippet":"max-snippet:-1","max-image-preview":"max-image-preview:large","max-video-preview":"max-video-preview:-1"},"canonical":"https:\/\/partijhandeldhz.nl\/de\/produkt\/bits-24-teilig-steckplaetze\/","og_locale":"de_DE","og_type":"article","og_title":"Bits 24-teilig + Steckpl\u00e4tze - DHZ Outlet &amp; Partijhandel","og_description":"Das Heller Bit Set mit 24 Teilen und Steckdosen ist ein komplettes Set mit Schraubbissen und Steckf\u00e4ssen, einschlie\u00dflich magnetischem Bohrerhalter, ideal f\u00fcr vielseitiges Schrauben und Montagearbeiten mit Hand- oder Maschinenwerkzeugen. Bitte beachten Sie: Dieses Produkt kann nur \u00fcber unseren Webshop bestellt werden.","og_url":"https:\/\/partijhandeldhz.nl\/de\/produkt\/bits-24-teilig-steckplaetze\/","og_site_name":"DHZ Outlet &amp; Partijhandel","article_publisher":"https:\/\/www.facebook.com\/people\/Partijhandel-DHZ\/61573487458594\/","og_image":[{"width":1000,"height":1000,"url":"https:\/\/partijhandeldhz.nl\/wp-content\/uploads\/2025\/05\/E.-DHZ-Partijhandel-Template-Productfoto-Webshop-Heller-Bitset-1.jpg","type":"image\/jpeg"}],"twitter_card":"summary_large_image","twitter_misc":{"Gesch\u00e4tzte Lesezeit":"1\u00a0Minute"},"schema":{"@context":"https:\/\/schema.org","@graph":[{"@type":"WebPage","@id":"https:\/\/partijhandeldhz.nl\/de\/produkt\/bits-24-teilig-steckplaetze\/","url":"https:\/\/partijhandeldhz.nl\/de\/produkt\/bits-24-teilig-steckplaetze\/","name":"Bits 24-teilig + Steckpl\u00e4tze - DHZ Outlet &amp; Partijhandel","isPartOf":{"@id":"https:\/\/partijhandeldhz.nl\/de\/#website"},"primaryImageOfPage":{"@id":"https:\/\/partijhandeldhz.nl\/de\/produkt\/bits-24-teilig-steckplaetze\/#primaryimage"},"image":{"@id":"https:\/\/partijhandeldhz.nl\/de\/produkt\/bits-24-teilig-steckplaetze\/#primaryimage"},"thumbnailUrl":"https:\/\/partijhandeldhz.nl\/wp-content\/uploads\/2025\/05\/E.-DHZ-Partijhandel-Template-Productfoto-Webshop-Heller-Bitset-1.jpg","datePublished":"2025-05-02T09:51:50+00:00","breadcrumb":{"@id":"https:\/\/partijhandeldhz.nl\/de\/produkt\/bits-24-teilig-steckplaetze\/#breadcrumb"},"inLanguage":"de","potentialAction":[{"@type":"ReadAction","target":["https:\/\/partijhandeldhz.nl\/de\/produkt\/bits-24-teilig-steckplaetze\/"]}]},{"@type":"ImageObject","inLanguage":"de","@id":"https:\/\/partijhandeldhz.nl\/de\/produkt\/bits-24-teilig-steckplaetze\/#primaryimage","url":"https:\/\/partijhandeldhz.nl\/wp-content\/uploads\/2025\/05\/E.-DHZ-Partijhandel-Template-Productfoto-Webshop-Heller-Bitset-1.jpg","contentUrl":"https:\/\/partijhandeldhz.nl\/wp-content\/uploads\/2025\/05\/E.-DHZ-Partijhandel-Template-Productfoto-Webshop-Heller-Bitset-1.jpg","width":1000,"height":1000},{"@type":"BreadcrumbList","@id":"https:\/\/partijhandeldhz.nl\/de\/produkt\/bits-24-teilig-steckplaetze\/#breadcrumb","itemListElement":[{"@type":"ListItem","position":1,"name":"Home","item":"https:\/\/partijhandeldhz.nl\/de\/"},{"@type":"ListItem","position":2,"name":"Shop","item":"https:\/\/partijhandeldhz.nl\/de\/shop\/"},{"@type":"ListItem","position":3,"name":"Bits 24-teilig + Steckpl\u00e4tze"}]},{"@type":"WebSite","@id":"https:\/\/partijhandeldhz.nl\/de\/#website","url":"https:\/\/partijhandeldhz.nl\/de\/","name":"DHZ Outlet & Partijhandel","description":"Grote en kleine partijen, altijd de scherpste prijs!","publisher":{"@id":"https:\/\/partijhandeldhz.nl\/de\/#organization"},"potentialAction":[{"@type":"SearchAction","target":{"@type":"EntryPoint","urlTemplate":"https:\/\/partijhandeldhz.nl\/de\/?s={search_term_string}"},"query-input":{"@type":"PropertyValueSpecification","valueRequired":true,"valueName":"search_term_string"}}],"inLanguage":"de"},{"@type":"Organization","@id":"https:\/\/partijhandeldhz.nl\/de\/#organization","name":"DHZ Outlet & Partijhandel","url":"https:\/\/partijhandeldhz.nl\/de\/","logo":{"@type":"ImageObject","inLanguage":"de","@id":"https:\/\/partijhandeldhz.nl\/de\/#\/schema\/logo\/image\/","url":"https:\/\/partijhandeldhz.nl\/wp-content\/uploads\/2025\/03\/1.png","contentUrl":"https:\/\/partijhandeldhz.nl\/wp-content\/uploads\/2025\/03\/1.png","width":1000,"height":500,"caption":"DHZ Outlet & Partijhandel"},"image":{"@id":"https:\/\/partijhandeldhz.nl\/de\/#\/schema\/logo\/image\/"},"sameAs":["https:\/\/www.facebook.com\/people\/Partijhandel-DHZ\/61573487458594\/","https:\/\/www.instagram.com\/partijhandeldhz\/"]}]}},"jetpack_sharing_enabled":true,"_links":{"self":[{"href":"https:\/\/partijhandeldhz.nl\/de\/wp-json\/wp\/v2\/product\/15229","targetHints":{"allow":["GET"]}}],"collection":[{"href":"https:\/\/partijhandeldhz.nl\/de\/wp-json\/wp\/v2\/product"}],"about":[{"href":"https:\/\/partijhandeldhz.nl\/de\/wp-json\/wp\/v2\/types\/product"}],"version-history":[{"count":0,"href":"https:\/\/partijhandeldhz.nl\/de\/wp-json\/wp\/v2\/product\/15229\/revisions"}],"wp:featuredmedia":[{"embeddable":true,"href":"https:\/\/partijhandeldhz.nl\/de\/wp-json\/wp\/v2\/media\/14139"}],"wp:attachment":[{"href":"https:\/\/partijhandeldhz.nl\/de\/wp-json\/wp\/v2\/media?parent=15229"}],"wp:term":[{"taxonomy":"product_brand","embeddable":true,"href":"https:\/\/partijhandeldhz.nl\/de\/wp-json\/wp\/v2\/product_brand?post=15229"},{"taxonomy":"product_cat","embeddable":true,"href":"https:\/\/partijhandeldhz.nl\/de\/wp-json\/wp\/v2\/product_cat?post=15229"},{"taxonomy":"product_tag","embeddable":true,"href":"https:\/\/partijhandeldhz.nl\/de\/wp-json\/wp\/v2\/product_tag?post=15229"}],"curies":[{"name":"wp","href":"https:\/\/api.w.org\/{rel}","templated":true}]}}