{"id":15063,"date":"2025-04-22T14:46:09","date_gmt":"2025-04-22T14:46:09","guid":{"rendered":"https:\/\/partijhandeldhz.nl\/product\/4-wege-steckdosenleiste-mit-klemme\/"},"modified":"2025-04-22T14:46:09","modified_gmt":"2025-04-22T14:46:09","slug":"4-wege-steckdosenleiste-mit-klemme","status":"publish","type":"product","link":"https:\/\/partijhandeldhz.nl\/de\/produkt\/4-wege-steckdosenleiste-mit-klemme\/","title":{"rendered":"4-Wege-Steckdosenleiste mit Klemme"},"content":{"rendered":"<p class=\"\" data-start=\"364\" data-end=\"523\"><span class=\"relative -mx-px my-[-0.2rem] rounded px-px py-[0.2rem] transition-colors duration-100 ease-in-out\"><strong data-start=\"3\" data-end=\"62\">Die Stanley Fatmax 4-Wege-Aluminium-Steckdosenleiste mit Klemme<\/strong> ist speziell f\u00fcr anspruchsvolle Fachleute konzipiert.<\/span> <span class=\"relative -mx-px my-[-0.2rem] rounded px-px py-[0.2rem] transition-colors duration-100 ease-in-out\">Das <strong data-start=\"17\" data-end=\"39\">robuste Aluminiumgeh\u00e4use<\/strong> und <strong data-start=\"46\" data-end=\"73\">die gummiierten Schutzecken<\/strong> bieten optimalen Schutz vor Unebenheiten und St\u00fcrzen.<\/span> <span class=\"relative -mx-px my-[-0.2rem] rounded px-px py-[0.2rem] transition-colors duration-100 ease-in-out\">Die <strong data-start=\"3\" data-end=\"25\">vier Steckdosen<\/strong> sind mit <strong data-start=\"44\" data-end=\"73\">selbstschlie\u00dfenden, klappbaren Deckeln<\/strong> ausgestattet, was sie <strong data-start=\"82\" data-end=\"107\">spritzwasserdicht (IP44)<\/strong> macht und f\u00fcr den Einsatz in feuchten Umgebungen geeignet ist.<\/span><\/p>\n<p class=\"\" data-start=\"525\" data-end=\"690\"><span class=\"relative -mx-px my-[-0.2rem] rounded px-px py-[0.2rem] transition-colors duration-100 ease-in-out\">Das <strong data-start=\"3\" data-end=\"44\">3 Meter lange H07RN-F 3&#215;1,5 mm\u00b2 Kabel<\/strong> h\u00e4lt starke Lasten und Abnutzung stand und ist ideal f\u00fcr intensive Nutzung auf Baustellen.<\/span> <span class=\"relative -mx-px my-[-0.2rem] rounded px-px py-[0.2rem] transition-colors duration-100 ease-in-out\">Die <strong data-start=\"3\" data-end=\"22\">praktische Klemme<\/strong> erm\u00f6glicht es, die Steckdosenleiste sicher an Werkb\u00e4nken, Ger\u00fcsten oder anderen Strukturen zu befestigen, sodass Sie stets eine sichere und stabile Stromversorgung haben.<\/span> <span class=\"relative -mx-px my-[-0.2rem] rounded px-px py-[0.2rem] transition-colors duration-100 ease-in-out\">Mit einer <strong data-start=\"8\" data-end=\"40\">maximalen Last von 3500W<\/strong> und einem Ein <strong data-start=\"48\" data-end=\"70\">-\/Ausschalter<\/strong> f\u00fcr zus\u00e4tzliche Sicherheit und Energieeinsparung.<\/span><\/p>\n<h3 class=\"\" data-start=\"697\" data-end=\"729\"><strong data-start=\"701\" data-end=\"729\">Wichtige Merkmale:<\/strong><\/h3>\n<ul>\n<li data-start=\"733\" data-end=\"772\"><span class=\"relative -mx-px my-[-0.2rem] rounded px-px py-[0.2rem] transition-colors duration-100 ease-in-out\">Anzahl der Buchsen: 4<\/span><\/li>\n<li data-start=\"775\" data-end=\"814\"><span class=\"relative -mx-px my-[-0.2rem] rounded px-px py-[0.2rem] transition-colors duration-100 ease-in-out\">Kabell\u00e4nge: 3 Meter<\/span><\/li>\n<li data-start=\"817\" data-end=\"856\"><span class=\"relative -mx-px my-[-0.2rem] rounded px-px py-[0.2rem] transition-colors duration-100 ease-in-out\">Kabeltyp: H07RN-F 3&#215;1,5 mm\u00b2<\/span><\/li>\n<li data-start=\"859\" data-end=\"898\"><span class=\"relative -mx-px my-[-0.2rem] rounded px-px py-[0.2rem] transition-colors duration-100 ease-in-out\">Maximale Last: 3500W<\/span><\/li>\n<li data-start=\"901\" data-end=\"940\"><span class=\"relative -mx-px my-[-0.2rem] rounded px-px py-[0.2rem] transition-colors duration-100 ease-in-out\">Schutzklasse: IP44 (spritzgesch\u00fctzt)<\/span><\/li>\n<li data-start=\"943\" data-end=\"982\"><span class=\"relative -mx-px my-[-0.2rem] rounded px-px py-[0.2rem] transition-colors duration-100 ease-in-out\">Geh\u00e4usematerial: Aluminium mit Gummi-Schutzecken<\/span><\/li>\n<li data-start=\"985\" data-end=\"1024\"><span class=\"relative -mx-px my-[-0.2rem] rounded px-px py-[0.2rem] transition-colors duration-100 ease-in-out\">Ausgestattet mit: Ein-\/Ausschalter und praktischer Klemme zur Befestigung<\/span><\/li>\n<li data-start=\"985\" data-end=\"1024\">EAN-Code: 8719322271921<\/li>\n<\/ul>\n<p>Mit der <strong data-start=\"7\" data-end=\"66\">Stanley Fatmax 4-Wege-Aluminium-Steckdosenleiste mit Klemme<\/strong> sind Sie auf eine zuverl\u00e4ssige und sichere Stromversorgung selbst unter den h\u00e4rtesten Bedingungen sicher!<\/p>\n","protected":false},"excerpt":{"rendered":"<p><span class=\"relative -mx-px my-[-0.2rem] rounded px-px py-[0.2rem] transition-colors duration-100 ease-in-out\">Der <strong data-start=\"3\" data-end=\"62\">Stanley Fatmax 4-Wege-Aluminium-Fassungsstreifen mit Klemme<\/strong> ist eine <strong data-start=\"70\" data-end=\"109\">professionelle und robuste L\u00f6sung<\/strong> f\u00fcr den Einsatz auf Baustellen und in Werkst\u00e4tten.<\/span> <span class=\"relative -mx-px my-[-0.2rem] rounded px-px py-[0.2rem] transition-colors duration-100 ease-in-out\">Ausgestattet mit <strong data-start=\"13\" data-end=\"58\">vier spritzwasserdichten Steckdosen (IP44),<\/strong> einem <strong data-start=\"64\" data-end=\"105\">3 Meter langen H07RN-F 3&#215;1,5 mm\u00b2 Kabel<\/strong> und einer <strong data-start=\"113\" data-end=\"132\">praktischen Klemme<\/strong> zur einfachen Befestigung an Werkb\u00e4nken oder Ger\u00fcsten.<\/span> <span class=\"relative -mx-px my-[-0.2rem] rounded px-px py-[0.2rem] transition-colors duration-100 ease-in-out\">Mit einer maximalen Last von <strong data-start=\"31\" data-end=\"40\">3500W<\/strong> und einem Ein <strong data-start=\"48\" data-end=\"70\">\/Aus-Schalter<\/strong> f\u00fcr zus\u00e4tzliche Benutzerfreundlichkeit.<\/span><\/p>\n<p><strong><em>Bitte beachten Sie: Dieses Produkt kann nur \u00fcber unseren Webshop bestellt werden.<\/em><\/strong><\/p>\n<p><span class=\"relative -mx-px my-[-0.2rem] rounded px-px py-[0.2rem] transition-colors duration-100 ease-in-out\"> <\/span><\/p>\n","protected":false},"featured_media":14359,"template":"","meta":{"_acf_changed":false,"site-sidebar-layout":"default","site-content-layout":"","ast-site-content-layout":"default","site-content-style":"default","site-sidebar-style":"default","ast-global-header-display":"","ast-banner-title-visibility":"","ast-main-header-display":"","ast-hfb-above-header-display":"","ast-hfb-below-header-display":"","ast-hfb-mobile-header-display":"","site-post-title":"","ast-breadcrumbs-content":"","ast-featured-img":"","footer-sml-layout":"","ast-disable-related-posts":"","theme-transparent-header-meta":"default","adv-header-id-meta":"","stick-header-meta":"","header-above-stick-meta":"","header-main-stick-meta":"","header-below-stick-meta":"","astra-migrate-meta-layouts":"default","ast-page-background-enabled":"default","ast-page-background-meta":{"desktop":{"background-color":"","background-image":"","background-repeat":"repeat","background-position":"center center","background-size":"auto","background-attachment":"scroll","background-type":"","background-media":"","overlay-type":"","overlay-color":"","overlay-opacity":"","overlay-gradient":""},"tablet":{"background-color":"","background-image":"","background-repeat":"repeat","background-position":"center center","background-size":"auto","background-attachment":"scroll","background-type":"","background-media":"","overlay-type":"","overlay-color":"","overlay-opacity":"","overlay-gradient":""},"mobile":{"background-color":"","background-image":"","background-repeat":"repeat","background-position":"center center","background-size":"auto","background-attachment":"scroll","background-type":"","background-media":"","overlay-type":"","overlay-color":"","overlay-opacity":"","overlay-gradient":""}},"ast-content-background-meta":{"desktop":{"background-color":"var(--ast-global-color-5)","background-image":"","background-repeat":"repeat","background-position":"center center","background-size":"auto","background-attachment":"scroll","background-type":"","background-media":"","overlay-type":"","overlay-color":"","overlay-opacity":"","overlay-gradient":""},"tablet":{"background-color":"var(--ast-global-color-5)","background-image":"","background-repeat":"repeat","background-position":"center center","background-size":"auto","background-attachment":"scroll","background-type":"","background-media":"","overlay-type":"","overlay-color":"","overlay-opacity":"","overlay-gradient":""},"mobile":{"background-color":"var(--ast-global-color-5)","background-image":"","background-repeat":"repeat","background-position":"center center","background-size":"auto","background-attachment":"scroll","background-type":"","background-media":"","overlay-type":"","overlay-color":"","overlay-opacity":"","overlay-gradient":""}}},"product_brand":[334],"product_cat":[599,686],"product_tag":[],"class_list":{"0":"post-15063","1":"product","2":"type-product","3":"status-publish","4":"has-post-thumbnail","6":"product_brand-stanley","7":"product_cat-postenhandel","8":"product_cat-verlangerungskabel-stecker","9":"pa_merk-stanley","10":"desktop-align-left","11":"tablet-align-left","12":"mobile-align-left","14":"first","15":"instock","16":"taxable","17":"shipping-taxable","18":"purchasable","19":"product-type-simple"},"acf":[],"yoast_head":"<!-- This site is optimized with the Yoast SEO plugin v27.5 - https:\/\/yoast.com\/product\/yoast-seo-wordpress\/ -->\n<title>4-Wege-Steckdosenleiste mit Klemme - DHZ Outlet &amp; Partijhandel<\/title>\n<meta name=\"robots\" content=\"index, follow, max-snippet:-1, max-image-preview:large, max-video-preview:-1\" \/>\n<link rel=\"canonical\" href=\"https:\/\/partijhandeldhz.nl\/de\/produkt\/4-wege-steckdosenleiste-mit-klemme\/\" \/>\n<meta property=\"og:locale\" content=\"de_DE\" \/>\n<meta property=\"og:type\" content=\"article\" \/>\n<meta property=\"og:title\" content=\"4-Wege-Steckdosenleiste mit Klemme - DHZ Outlet &amp; Partijhandel\" \/>\n<meta property=\"og:description\" content=\"Der Stanley Fatmax 4-Wege-Aluminium-Fassungsstreifen mit Klemme ist eine professionelle und robuste L\u00f6sung f\u00fcr den Einsatz auf Baustellen und in Werkst\u00e4tten. Ausgestattet mit vier spritzwasserdichten Steckdosen (IP44), einem 3 Meter langen H07RN-F 3x1,5 mm\u00b2 Kabel und einer praktischen Klemme zur einfachen Befestigung an Werkb\u00e4nken oder Ger\u00fcsten. Mit einer maximalen Last von 3500W und einem Ein \/Aus-Schalter f\u00fcr zus\u00e4tzliche Benutzerfreundlichkeit. Bitte beachten Sie: Dieses Produkt kann nur \u00fcber unseren Webshop bestellt werden.\" \/>\n<meta property=\"og:url\" content=\"https:\/\/partijhandeldhz.nl\/de\/produkt\/4-wege-steckdosenleiste-mit-klemme\/\" \/>\n<meta property=\"og:site_name\" content=\"DHZ Outlet &amp; Partijhandel\" \/>\n<meta property=\"article:publisher\" content=\"https:\/\/www.facebook.com\/people\/Partijhandel-DHZ\/61573487458594\/\" \/>\n<meta property=\"og:image\" content=\"https:\/\/partijhandeldhz.nl\/wp-content\/uploads\/2025\/04\/1-20.jpg\" \/>\n\t<meta property=\"og:image:width\" content=\"1000\" \/>\n\t<meta property=\"og:image:height\" content=\"1000\" \/>\n\t<meta property=\"og:image:type\" content=\"image\/jpeg\" \/>\n<meta name=\"twitter:card\" content=\"summary_large_image\" \/>\n<meta name=\"twitter:label1\" content=\"Gesch\u00e4tzte Lesezeit\" \/>\n\t<meta name=\"twitter:data1\" content=\"1\u00a0Minute\" \/>\n<script type=\"application\/ld+json\" class=\"yoast-schema-graph\">{\"@context\":\"https:\\\/\\\/schema.org\",\"@graph\":[{\"@type\":\"WebPage\",\"@id\":\"https:\\\/\\\/partijhandeldhz.nl\\\/de\\\/produkt\\\/4-wege-steckdosenleiste-mit-klemme\\\/\",\"url\":\"https:\\\/\\\/partijhandeldhz.nl\\\/de\\\/produkt\\\/4-wege-steckdosenleiste-mit-klemme\\\/\",\"name\":\"4-Wege-Steckdosenleiste mit Klemme - DHZ Outlet &amp; Partijhandel\",\"isPartOf\":{\"@id\":\"https:\\\/\\\/partijhandeldhz.nl\\\/de\\\/#website\"},\"primaryImageOfPage\":{\"@id\":\"https:\\\/\\\/partijhandeldhz.nl\\\/de\\\/produkt\\\/4-wege-steckdosenleiste-mit-klemme\\\/#primaryimage\"},\"image\":{\"@id\":\"https:\\\/\\\/partijhandeldhz.nl\\\/de\\\/produkt\\\/4-wege-steckdosenleiste-mit-klemme\\\/#primaryimage\"},\"thumbnailUrl\":\"https:\\\/\\\/partijhandeldhz.nl\\\/wp-content\\\/uploads\\\/2025\\\/04\\\/1-20.jpg\",\"datePublished\":\"2025-04-22T14:46:09+00:00\",\"breadcrumb\":{\"@id\":\"https:\\\/\\\/partijhandeldhz.nl\\\/de\\\/produkt\\\/4-wege-steckdosenleiste-mit-klemme\\\/#breadcrumb\"},\"inLanguage\":\"de\",\"potentialAction\":[{\"@type\":\"ReadAction\",\"target\":[\"https:\\\/\\\/partijhandeldhz.nl\\\/de\\\/produkt\\\/4-wege-steckdosenleiste-mit-klemme\\\/\"]}]},{\"@type\":\"ImageObject\",\"inLanguage\":\"de\",\"@id\":\"https:\\\/\\\/partijhandeldhz.nl\\\/de\\\/produkt\\\/4-wege-steckdosenleiste-mit-klemme\\\/#primaryimage\",\"url\":\"https:\\\/\\\/partijhandeldhz.nl\\\/wp-content\\\/uploads\\\/2025\\\/04\\\/1-20.jpg\",\"contentUrl\":\"https:\\\/\\\/partijhandeldhz.nl\\\/wp-content\\\/uploads\\\/2025\\\/04\\\/1-20.jpg\",\"width\":1000,\"height\":1000},{\"@type\":\"BreadcrumbList\",\"@id\":\"https:\\\/\\\/partijhandeldhz.nl\\\/de\\\/produkt\\\/4-wege-steckdosenleiste-mit-klemme\\\/#breadcrumb\",\"itemListElement\":[{\"@type\":\"ListItem\",\"position\":1,\"name\":\"Home\",\"item\":\"https:\\\/\\\/partijhandeldhz.nl\\\/de\\\/\"},{\"@type\":\"ListItem\",\"position\":2,\"name\":\"Shop\",\"item\":\"https:\\\/\\\/partijhandeldhz.nl\\\/de\\\/shop\\\/\"},{\"@type\":\"ListItem\",\"position\":3,\"name\":\"4-Wege-Steckdosenleiste mit Klemme\"}]},{\"@type\":\"WebSite\",\"@id\":\"https:\\\/\\\/partijhandeldhz.nl\\\/de\\\/#website\",\"url\":\"https:\\\/\\\/partijhandeldhz.nl\\\/de\\\/\",\"name\":\"DHZ Outlet & Partijhandel\",\"description\":\"Grote en kleine partijen, altijd de scherpste prijs!\",\"publisher\":{\"@id\":\"https:\\\/\\\/partijhandeldhz.nl\\\/de\\\/#organization\"},\"potentialAction\":[{\"@type\":\"SearchAction\",\"target\":{\"@type\":\"EntryPoint\",\"urlTemplate\":\"https:\\\/\\\/partijhandeldhz.nl\\\/de\\\/?s={search_term_string}\"},\"query-input\":{\"@type\":\"PropertyValueSpecification\",\"valueRequired\":true,\"valueName\":\"search_term_string\"}}],\"inLanguage\":\"de\"},{\"@type\":\"Organization\",\"@id\":\"https:\\\/\\\/partijhandeldhz.nl\\\/de\\\/#organization\",\"name\":\"DHZ Outlet & Partijhandel\",\"url\":\"https:\\\/\\\/partijhandeldhz.nl\\\/de\\\/\",\"logo\":{\"@type\":\"ImageObject\",\"inLanguage\":\"de\",\"@id\":\"https:\\\/\\\/partijhandeldhz.nl\\\/de\\\/#\\\/schema\\\/logo\\\/image\\\/\",\"url\":\"https:\\\/\\\/partijhandeldhz.nl\\\/wp-content\\\/uploads\\\/2025\\\/03\\\/1.png\",\"contentUrl\":\"https:\\\/\\\/partijhandeldhz.nl\\\/wp-content\\\/uploads\\\/2025\\\/03\\\/1.png\",\"width\":1000,\"height\":500,\"caption\":\"DHZ Outlet & Partijhandel\"},\"image\":{\"@id\":\"https:\\\/\\\/partijhandeldhz.nl\\\/de\\\/#\\\/schema\\\/logo\\\/image\\\/\"},\"sameAs\":[\"https:\\\/\\\/www.facebook.com\\\/people\\\/Partijhandel-DHZ\\\/61573487458594\\\/\",\"https:\\\/\\\/www.instagram.com\\\/partijhandeldhz\\\/\"]}]}<\/script>\n<!-- \/ Yoast SEO plugin. -->","yoast_head_json":{"title":"4-Wege-Steckdosenleiste mit Klemme - DHZ Outlet &amp; Partijhandel","robots":{"index":"index","follow":"follow","max-snippet":"max-snippet:-1","max-image-preview":"max-image-preview:large","max-video-preview":"max-video-preview:-1"},"canonical":"https:\/\/partijhandeldhz.nl\/de\/produkt\/4-wege-steckdosenleiste-mit-klemme\/","og_locale":"de_DE","og_type":"article","og_title":"4-Wege-Steckdosenleiste mit Klemme - DHZ Outlet &amp; Partijhandel","og_description":"Der Stanley Fatmax 4-Wege-Aluminium-Fassungsstreifen mit Klemme ist eine professionelle und robuste L\u00f6sung f\u00fcr den Einsatz auf Baustellen und in Werkst\u00e4tten. Ausgestattet mit vier spritzwasserdichten Steckdosen (IP44), einem 3 Meter langen H07RN-F 3x1,5 mm\u00b2 Kabel und einer praktischen Klemme zur einfachen Befestigung an Werkb\u00e4nken oder Ger\u00fcsten. Mit einer maximalen Last von 3500W und einem Ein \/Aus-Schalter f\u00fcr zus\u00e4tzliche Benutzerfreundlichkeit. Bitte beachten Sie: Dieses Produkt kann nur \u00fcber unseren Webshop bestellt werden.","og_url":"https:\/\/partijhandeldhz.nl\/de\/produkt\/4-wege-steckdosenleiste-mit-klemme\/","og_site_name":"DHZ Outlet &amp; Partijhandel","article_publisher":"https:\/\/www.facebook.com\/people\/Partijhandel-DHZ\/61573487458594\/","og_image":[{"width":1000,"height":1000,"url":"https:\/\/partijhandeldhz.nl\/wp-content\/uploads\/2025\/04\/1-20.jpg","type":"image\/jpeg"}],"twitter_card":"summary_large_image","twitter_misc":{"Gesch\u00e4tzte Lesezeit":"1\u00a0Minute"},"schema":{"@context":"https:\/\/schema.org","@graph":[{"@type":"WebPage","@id":"https:\/\/partijhandeldhz.nl\/de\/produkt\/4-wege-steckdosenleiste-mit-klemme\/","url":"https:\/\/partijhandeldhz.nl\/de\/produkt\/4-wege-steckdosenleiste-mit-klemme\/","name":"4-Wege-Steckdosenleiste mit Klemme - DHZ Outlet &amp; Partijhandel","isPartOf":{"@id":"https:\/\/partijhandeldhz.nl\/de\/#website"},"primaryImageOfPage":{"@id":"https:\/\/partijhandeldhz.nl\/de\/produkt\/4-wege-steckdosenleiste-mit-klemme\/#primaryimage"},"image":{"@id":"https:\/\/partijhandeldhz.nl\/de\/produkt\/4-wege-steckdosenleiste-mit-klemme\/#primaryimage"},"thumbnailUrl":"https:\/\/partijhandeldhz.nl\/wp-content\/uploads\/2025\/04\/1-20.jpg","datePublished":"2025-04-22T14:46:09+00:00","breadcrumb":{"@id":"https:\/\/partijhandeldhz.nl\/de\/produkt\/4-wege-steckdosenleiste-mit-klemme\/#breadcrumb"},"inLanguage":"de","potentialAction":[{"@type":"ReadAction","target":["https:\/\/partijhandeldhz.nl\/de\/produkt\/4-wege-steckdosenleiste-mit-klemme\/"]}]},{"@type":"ImageObject","inLanguage":"de","@id":"https:\/\/partijhandeldhz.nl\/de\/produkt\/4-wege-steckdosenleiste-mit-klemme\/#primaryimage","url":"https:\/\/partijhandeldhz.nl\/wp-content\/uploads\/2025\/04\/1-20.jpg","contentUrl":"https:\/\/partijhandeldhz.nl\/wp-content\/uploads\/2025\/04\/1-20.jpg","width":1000,"height":1000},{"@type":"BreadcrumbList","@id":"https:\/\/partijhandeldhz.nl\/de\/produkt\/4-wege-steckdosenleiste-mit-klemme\/#breadcrumb","itemListElement":[{"@type":"ListItem","position":1,"name":"Home","item":"https:\/\/partijhandeldhz.nl\/de\/"},{"@type":"ListItem","position":2,"name":"Shop","item":"https:\/\/partijhandeldhz.nl\/de\/shop\/"},{"@type":"ListItem","position":3,"name":"4-Wege-Steckdosenleiste mit Klemme"}]},{"@type":"WebSite","@id":"https:\/\/partijhandeldhz.nl\/de\/#website","url":"https:\/\/partijhandeldhz.nl\/de\/","name":"DHZ Outlet & Partijhandel","description":"Grote en kleine partijen, altijd de scherpste prijs!","publisher":{"@id":"https:\/\/partijhandeldhz.nl\/de\/#organization"},"potentialAction":[{"@type":"SearchAction","target":{"@type":"EntryPoint","urlTemplate":"https:\/\/partijhandeldhz.nl\/de\/?s={search_term_string}"},"query-input":{"@type":"PropertyValueSpecification","valueRequired":true,"valueName":"search_term_string"}}],"inLanguage":"de"},{"@type":"Organization","@id":"https:\/\/partijhandeldhz.nl\/de\/#organization","name":"DHZ Outlet & Partijhandel","url":"https:\/\/partijhandeldhz.nl\/de\/","logo":{"@type":"ImageObject","inLanguage":"de","@id":"https:\/\/partijhandeldhz.nl\/de\/#\/schema\/logo\/image\/","url":"https:\/\/partijhandeldhz.nl\/wp-content\/uploads\/2025\/03\/1.png","contentUrl":"https:\/\/partijhandeldhz.nl\/wp-content\/uploads\/2025\/03\/1.png","width":1000,"height":500,"caption":"DHZ Outlet & Partijhandel"},"image":{"@id":"https:\/\/partijhandeldhz.nl\/de\/#\/schema\/logo\/image\/"},"sameAs":["https:\/\/www.facebook.com\/people\/Partijhandel-DHZ\/61573487458594\/","https:\/\/www.instagram.com\/partijhandeldhz\/"]}]}},"jetpack_sharing_enabled":true,"_links":{"self":[{"href":"https:\/\/partijhandeldhz.nl\/de\/wp-json\/wp\/v2\/product\/15063","targetHints":{"allow":["GET"]}}],"collection":[{"href":"https:\/\/partijhandeldhz.nl\/de\/wp-json\/wp\/v2\/product"}],"about":[{"href":"https:\/\/partijhandeldhz.nl\/de\/wp-json\/wp\/v2\/types\/product"}],"version-history":[{"count":0,"href":"https:\/\/partijhandeldhz.nl\/de\/wp-json\/wp\/v2\/product\/15063\/revisions"}],"wp:featuredmedia":[{"embeddable":true,"href":"https:\/\/partijhandeldhz.nl\/de\/wp-json\/wp\/v2\/media\/14359"}],"wp:attachment":[{"href":"https:\/\/partijhandeldhz.nl\/de\/wp-json\/wp\/v2\/media?parent=15063"}],"wp:term":[{"taxonomy":"product_brand","embeddable":true,"href":"https:\/\/partijhandeldhz.nl\/de\/wp-json\/wp\/v2\/product_brand?post=15063"},{"taxonomy":"product_cat","embeddable":true,"href":"https:\/\/partijhandeldhz.nl\/de\/wp-json\/wp\/v2\/product_cat?post=15063"},{"taxonomy":"product_tag","embeddable":true,"href":"https:\/\/partijhandeldhz.nl\/de\/wp-json\/wp\/v2\/product_tag?post=15063"}],"curies":[{"name":"wp","href":"https:\/\/api.w.org\/{rel}","templated":true}]}}