{"id":15041,"date":"2025-10-01T14:39:42","date_gmt":"2025-10-01T14:39:42","guid":{"rendered":"https:\/\/partijhandeldhz.nl\/product\/fatmax-messradscheibe\/"},"modified":"2025-10-01T14:39:42","modified_gmt":"2025-10-01T14:39:42","slug":"fatmax-messradscheibe","status":"publish","type":"product","link":"https:\/\/partijhandeldhz.nl\/de\/produkt\/fatmax-messradscheibe\/","title":{"rendered":"FatMax Messradscheibe"},"content":{"rendered":"<p data-start=\"100\" data-end=\"469\">Die <strong data-start=\"136\" data-end=\"179\">Stanley FatMax Measuring Wheel Disc (1-77-108)<\/strong> ist ein robustes und \u00e4u\u00dferst genaues Messinstrument, das f\u00fcr Fachleute entwickelt wurde, die zuverl\u00e4ssige Messungen auf Baustellen, Stra\u00dfen und Gel\u00e4nden ben\u00f6tigen. Dank der <strong data-start=\"348\" data-end=\"370\">Stahlkonstruktion<\/strong> mit einer Schutzbeschichtung ist das Messrad widerstandsf\u00e4hig gegen Rost, Verschlei\u00df und intensive Beanspruchung. <\/p>\n<p data-start=\"471\" data-end=\"920\">Das Messrad verf\u00fcgt \u00fcber einen <strong data-start=\"502\" data-end=\"546\">hochpr\u00e4zisen, sto\u00dffesten Z\u00e4hler,<\/strong> der Messwerte bis zu <strong data-start=\"576\" data-end=\"593\">9999,99 Meter<\/strong> mit einer Genauigkeit von <strong data-start=\"616\" data-end=\"629\">0,1 Metern<\/strong> aufzeichnet. Ein praktischer <g id=\"gid_3\">Reset-Hebel<\/g> macht es einfach, den Z\u00e4hler spontan zur\u00fcckzusetzen. Das <strong data-start=\"728\" data-end=\"743\">Stahlrad<\/strong> mit einem Umfang <strong data-start=\"752\" data-end=\"774\">von 1 Meter<\/strong> und einem Gummireifen garantiert einen reibungslosen Betrieb auf fast jeder Oberfl\u00e4che, w\u00e4hrend die <strong data-start=\"864\" data-end=\"879\">Schutzabdeckung<\/strong> die Theke staub- und schmutzfrei h\u00e4lt.  <\/p>\n<p data-start=\"922\" data-end=\"1263\">F\u00fcr zus\u00e4tzlichen Komfort ist das Messrad mit einem <strong data-start=\"980\" data-end=\"1004\">klappbaren Griff<\/strong> (bis zu 40 cm H\u00f6he) f\u00fcr kompakte Lagerung und einfachen Transport ausgestattet. Der stabile Metallst\u00e4nder erm\u00f6glicht es, das Messrad w\u00e4hrend der Pausen stabil zu platzieren. Zus\u00e4tzlich verf\u00fcgt das Rad \u00fcber ein <strong data-start=\"1205\" data-end=\"1219\">Bremssystem<\/strong> f\u00fcr maximale Kontrolle beim Messen.  <\/p>\n<p data-start=\"1265\" data-end=\"1549\">Mit seinem <strong data-start=\"1274\" data-end=\"1296\">Gewicht von 3,3 kg<\/strong> und der massiven Scheibenkonstruktion ist dieses Modell ideal f\u00fcr den intensiven und professionellen Einsatz. Die <strong data-start=\"1392\" data-end=\"1424\">Stanley FatMax Measuring Wheel Disc<\/strong> ist eine zuverl\u00e4ssige Wahl f\u00fcr Vermesser, Auftragnehmer und Handwerker, die t\u00e4glich auf genaue Entfernungen angewiesen sind. <\/p>\n<p data-start=\"1840\" data-end=\"1869\"><strong data-start=\"1840\" data-end=\"1867\">Schl\u00fcsselmerkmale<\/strong><\/p>\n<ul>\n<li data-start=\"1872\" data-end=\"1919\">Typ: Stanley FatMax Messradscheibe (1-77-108)<\/li>\n<li data-start=\"1922\" data-end=\"1954\">Maximale Messreichweite: 9999,99 m<\/li>\n<li data-start=\"1957\" data-end=\"1980\">Genauigkeit: 0,1 m<\/li>\n<li data-start=\"1983\" data-end=\"2005\">Radumfang messen: 1 m<\/li>\n<li data-start=\"2008\" data-end=\"2025\">Gewicht: 3,3 kg<\/li>\n<li data-start=\"2028\" data-end=\"2068\">Sto\u00dfsicherer Z\u00e4hler mit R\u00fccksetzhebel<\/li>\n<li data-start=\"2071\" data-end=\"2121\">Stahlrad mit Gummiband f\u00fcr jede Oberfl\u00e4che<\/li>\n<li data-start=\"2124\" data-end=\"2159\">Stahlrahmen, rost- und verschlei\u00dfresistent<\/li>\n<li data-start=\"2162\" data-end=\"2217\">Klappgriff (bis zu 40 cm) f\u00fcr kompakte Lagerung<\/li>\n<li data-start=\"2220\" data-end=\"2272\">Ausgestattet mit einem stabilen Metall-St\u00fctz- und Bremssystem<\/li>\n<li data-start=\"2275\" data-end=\"2307\">Schutzabdeckung gegen Schmutz und Staub<\/li>\n<li data-start=\"2310\" data-end=\"2335\">EAN-Code: 3253561771088<\/li>\n<\/ul>\n","protected":false},"excerpt":{"rendered":"<p><strong data-start=\"1592\" data-end=\"1624\">Das Stanley FatMax Disc Measuring Wheel<\/strong> ist robust, genau und f\u00fcr den intensiven Einsatz geeignet. Mit sto\u00dffestem Gegenst\u00fcck, 1 m Radumfang, klappbarem Griff und Bremssystem.<br \/>\n<br data-start=\"1762\" data-end=\"1765\"><strong data-start=\"1765\" data-end=\"1831\"><em data-start=\"1767\" data-end=\"1829\">Bitte beachten Sie: Dieses Produkt kann nur \u00fcber unseren Webshop bestellt werden.<\/em><\/strong><\/p>\n","protected":false},"featured_media":10699,"template":"","meta":{"_acf_changed":false,"site-sidebar-layout":"default","site-content-layout":"","ast-site-content-layout":"default","site-content-style":"default","site-sidebar-style":"default","ast-global-header-display":"","ast-banner-title-visibility":"","ast-main-header-display":"","ast-hfb-above-header-display":"","ast-hfb-below-header-display":"","ast-hfb-mobile-header-display":"","site-post-title":"","ast-breadcrumbs-content":"","ast-featured-img":"","footer-sml-layout":"","ast-disable-related-posts":"","theme-transparent-header-meta":"default","adv-header-id-meta":"","stick-header-meta":"","header-above-stick-meta":"","header-main-stick-meta":"","header-below-stick-meta":"","astra-migrate-meta-layouts":"default","ast-page-background-enabled":"default","ast-page-background-meta":{"desktop":{"background-color":"","background-image":"","background-repeat":"repeat","background-position":"center center","background-size":"auto","background-attachment":"scroll","background-type":"","background-media":"","overlay-type":"","overlay-color":"","overlay-opacity":"","overlay-gradient":""},"tablet":{"background-color":"","background-image":"","background-repeat":"repeat","background-position":"center center","background-size":"auto","background-attachment":"scroll","background-type":"","background-media":"","overlay-type":"","overlay-color":"","overlay-opacity":"","overlay-gradient":""},"mobile":{"background-color":"","background-image":"","background-repeat":"repeat","background-position":"center center","background-size":"auto","background-attachment":"scroll","background-type":"","background-media":"","overlay-type":"","overlay-color":"","overlay-opacity":"","overlay-gradient":""}},"ast-content-background-meta":{"desktop":{"background-color":"var(--ast-global-color-5)","background-image":"","background-repeat":"repeat","background-position":"center center","background-size":"auto","background-attachment":"scroll","background-type":"","background-media":"","overlay-type":"","overlay-color":"","overlay-opacity":"","overlay-gradient":""},"tablet":{"background-color":"var(--ast-global-color-5)","background-image":"","background-repeat":"repeat","background-position":"center center","background-size":"auto","background-attachment":"scroll","background-type":"","background-media":"","overlay-type":"","overlay-color":"","overlay-opacity":"","overlay-gradient":""},"mobile":{"background-color":"var(--ast-global-color-5)","background-image":"","background-repeat":"repeat","background-position":"center center","background-size":"auto","background-attachment":"scroll","background-type":"","background-media":"","overlay-type":"","overlay-color":"","overlay-opacity":"","overlay-gradient":""}}},"product_brand":[334],"product_cat":[669,599],"product_tag":[],"class_list":{"0":"post-15041","1":"product","2":"type-product","3":"status-publish","4":"has-post-thumbnail","6":"product_brand-stanley","7":"product_cat-messrader","8":"product_cat-postenhandel","9":"pa_merk-stanley","10":"desktop-align-left","11":"tablet-align-left","12":"mobile-align-left","14":"first","15":"instock","16":"taxable","17":"shipping-taxable","18":"purchasable","19":"product-type-simple"},"acf":[],"yoast_head":"<!-- This site is optimized with the Yoast SEO plugin v27.5 - https:\/\/yoast.com\/product\/yoast-seo-wordpress\/ -->\n<title>FatMax Messradscheibe - DHZ Outlet &amp; Partijhandel<\/title>\n<meta name=\"robots\" content=\"index, follow, max-snippet:-1, max-image-preview:large, max-video-preview:-1\" \/>\n<link rel=\"canonical\" href=\"https:\/\/partijhandeldhz.nl\/de\/produkt\/fatmax-messradscheibe\/\" \/>\n<meta property=\"og:locale\" content=\"de_DE\" \/>\n<meta property=\"og:type\" content=\"article\" \/>\n<meta property=\"og:title\" content=\"FatMax Messradscheibe - DHZ Outlet &amp; Partijhandel\" \/>\n<meta property=\"og:description\" content=\"Das Stanley FatMax Disc Measuring Wheel ist robust, genau und f\u00fcr den intensiven Einsatz geeignet. Mit sto\u00dffestem Gegenst\u00fcck, 1 m Radumfang, klappbarem Griff und Bremssystem. Bitte beachten Sie: Dieses Produkt kann nur \u00fcber unseren Webshop bestellt werden.\" \/>\n<meta property=\"og:url\" content=\"https:\/\/partijhandeldhz.nl\/de\/produkt\/fatmax-messradscheibe\/\" \/>\n<meta property=\"og:site_name\" content=\"DHZ Outlet &amp; Partijhandel\" \/>\n<meta property=\"article:publisher\" content=\"https:\/\/www.facebook.com\/people\/Partijhandel-DHZ\/61573487458594\/\" \/>\n<meta property=\"og:image\" content=\"https:\/\/partijhandeldhz.nl\/wp-content\/uploads\/2025\/10\/Afbeelding-1-9.jpg\" \/>\n\t<meta property=\"og:image:width\" content=\"1000\" \/>\n\t<meta property=\"og:image:height\" content=\"1000\" \/>\n\t<meta property=\"og:image:type\" content=\"image\/jpeg\" \/>\n<meta name=\"twitter:card\" content=\"summary_large_image\" \/>\n<meta name=\"twitter:label1\" content=\"Gesch\u00e4tzte Lesezeit\" \/>\n\t<meta name=\"twitter:data1\" content=\"1\u00a0Minute\" \/>\n<script type=\"application\/ld+json\" class=\"yoast-schema-graph\">{\"@context\":\"https:\\\/\\\/schema.org\",\"@graph\":[{\"@type\":\"WebPage\",\"@id\":\"https:\\\/\\\/partijhandeldhz.nl\\\/de\\\/produkt\\\/fatmax-messradscheibe\\\/\",\"url\":\"https:\\\/\\\/partijhandeldhz.nl\\\/de\\\/produkt\\\/fatmax-messradscheibe\\\/\",\"name\":\"FatMax Messradscheibe - DHZ Outlet &amp; Partijhandel\",\"isPartOf\":{\"@id\":\"https:\\\/\\\/partijhandeldhz.nl\\\/de\\\/#website\"},\"primaryImageOfPage\":{\"@id\":\"https:\\\/\\\/partijhandeldhz.nl\\\/de\\\/produkt\\\/fatmax-messradscheibe\\\/#primaryimage\"},\"image\":{\"@id\":\"https:\\\/\\\/partijhandeldhz.nl\\\/de\\\/produkt\\\/fatmax-messradscheibe\\\/#primaryimage\"},\"thumbnailUrl\":\"https:\\\/\\\/partijhandeldhz.nl\\\/wp-content\\\/uploads\\\/2025\\\/10\\\/Afbeelding-1-9.jpg\",\"datePublished\":\"2025-10-01T14:39:42+00:00\",\"breadcrumb\":{\"@id\":\"https:\\\/\\\/partijhandeldhz.nl\\\/de\\\/produkt\\\/fatmax-messradscheibe\\\/#breadcrumb\"},\"inLanguage\":\"de\",\"potentialAction\":[{\"@type\":\"ReadAction\",\"target\":[\"https:\\\/\\\/partijhandeldhz.nl\\\/de\\\/produkt\\\/fatmax-messradscheibe\\\/\"]}]},{\"@type\":\"ImageObject\",\"inLanguage\":\"de\",\"@id\":\"https:\\\/\\\/partijhandeldhz.nl\\\/de\\\/produkt\\\/fatmax-messradscheibe\\\/#primaryimage\",\"url\":\"https:\\\/\\\/partijhandeldhz.nl\\\/wp-content\\\/uploads\\\/2025\\\/10\\\/Afbeelding-1-9.jpg\",\"contentUrl\":\"https:\\\/\\\/partijhandeldhz.nl\\\/wp-content\\\/uploads\\\/2025\\\/10\\\/Afbeelding-1-9.jpg\",\"width\":1000,\"height\":1000},{\"@type\":\"BreadcrumbList\",\"@id\":\"https:\\\/\\\/partijhandeldhz.nl\\\/de\\\/produkt\\\/fatmax-messradscheibe\\\/#breadcrumb\",\"itemListElement\":[{\"@type\":\"ListItem\",\"position\":1,\"name\":\"Home\",\"item\":\"https:\\\/\\\/partijhandeldhz.nl\\\/de\\\/\"},{\"@type\":\"ListItem\",\"position\":2,\"name\":\"Shop\",\"item\":\"https:\\\/\\\/partijhandeldhz.nl\\\/de\\\/shop\\\/\"},{\"@type\":\"ListItem\",\"position\":3,\"name\":\"FatMax Messradscheibe\"}]},{\"@type\":\"WebSite\",\"@id\":\"https:\\\/\\\/partijhandeldhz.nl\\\/de\\\/#website\",\"url\":\"https:\\\/\\\/partijhandeldhz.nl\\\/de\\\/\",\"name\":\"DHZ Outlet & Partijhandel\",\"description\":\"Grote en kleine partijen, altijd de scherpste prijs!\",\"publisher\":{\"@id\":\"https:\\\/\\\/partijhandeldhz.nl\\\/de\\\/#organization\"},\"potentialAction\":[{\"@type\":\"SearchAction\",\"target\":{\"@type\":\"EntryPoint\",\"urlTemplate\":\"https:\\\/\\\/partijhandeldhz.nl\\\/de\\\/?s={search_term_string}\"},\"query-input\":{\"@type\":\"PropertyValueSpecification\",\"valueRequired\":true,\"valueName\":\"search_term_string\"}}],\"inLanguage\":\"de\"},{\"@type\":\"Organization\",\"@id\":\"https:\\\/\\\/partijhandeldhz.nl\\\/de\\\/#organization\",\"name\":\"DHZ Outlet & Partijhandel\",\"url\":\"https:\\\/\\\/partijhandeldhz.nl\\\/de\\\/\",\"logo\":{\"@type\":\"ImageObject\",\"inLanguage\":\"de\",\"@id\":\"https:\\\/\\\/partijhandeldhz.nl\\\/de\\\/#\\\/schema\\\/logo\\\/image\\\/\",\"url\":\"https:\\\/\\\/partijhandeldhz.nl\\\/wp-content\\\/uploads\\\/2025\\\/03\\\/1.png\",\"contentUrl\":\"https:\\\/\\\/partijhandeldhz.nl\\\/wp-content\\\/uploads\\\/2025\\\/03\\\/1.png\",\"width\":1000,\"height\":500,\"caption\":\"DHZ Outlet & Partijhandel\"},\"image\":{\"@id\":\"https:\\\/\\\/partijhandeldhz.nl\\\/de\\\/#\\\/schema\\\/logo\\\/image\\\/\"},\"sameAs\":[\"https:\\\/\\\/www.facebook.com\\\/people\\\/Partijhandel-DHZ\\\/61573487458594\\\/\",\"https:\\\/\\\/www.instagram.com\\\/partijhandeldhz\\\/\"]}]}<\/script>\n<!-- \/ Yoast SEO plugin. -->","yoast_head_json":{"title":"FatMax Messradscheibe - DHZ Outlet &amp; Partijhandel","robots":{"index":"index","follow":"follow","max-snippet":"max-snippet:-1","max-image-preview":"max-image-preview:large","max-video-preview":"max-video-preview:-1"},"canonical":"https:\/\/partijhandeldhz.nl\/de\/produkt\/fatmax-messradscheibe\/","og_locale":"de_DE","og_type":"article","og_title":"FatMax Messradscheibe - DHZ Outlet &amp; Partijhandel","og_description":"Das Stanley FatMax Disc Measuring Wheel ist robust, genau und f\u00fcr den intensiven Einsatz geeignet. Mit sto\u00dffestem Gegenst\u00fcck, 1 m Radumfang, klappbarem Griff und Bremssystem. Bitte beachten Sie: Dieses Produkt kann nur \u00fcber unseren Webshop bestellt werden.","og_url":"https:\/\/partijhandeldhz.nl\/de\/produkt\/fatmax-messradscheibe\/","og_site_name":"DHZ Outlet &amp; Partijhandel","article_publisher":"https:\/\/www.facebook.com\/people\/Partijhandel-DHZ\/61573487458594\/","og_image":[{"width":1000,"height":1000,"url":"https:\/\/partijhandeldhz.nl\/wp-content\/uploads\/2025\/10\/Afbeelding-1-9.jpg","type":"image\/jpeg"}],"twitter_card":"summary_large_image","twitter_misc":{"Gesch\u00e4tzte Lesezeit":"1\u00a0Minute"},"schema":{"@context":"https:\/\/schema.org","@graph":[{"@type":"WebPage","@id":"https:\/\/partijhandeldhz.nl\/de\/produkt\/fatmax-messradscheibe\/","url":"https:\/\/partijhandeldhz.nl\/de\/produkt\/fatmax-messradscheibe\/","name":"FatMax Messradscheibe - DHZ Outlet &amp; Partijhandel","isPartOf":{"@id":"https:\/\/partijhandeldhz.nl\/de\/#website"},"primaryImageOfPage":{"@id":"https:\/\/partijhandeldhz.nl\/de\/produkt\/fatmax-messradscheibe\/#primaryimage"},"image":{"@id":"https:\/\/partijhandeldhz.nl\/de\/produkt\/fatmax-messradscheibe\/#primaryimage"},"thumbnailUrl":"https:\/\/partijhandeldhz.nl\/wp-content\/uploads\/2025\/10\/Afbeelding-1-9.jpg","datePublished":"2025-10-01T14:39:42+00:00","breadcrumb":{"@id":"https:\/\/partijhandeldhz.nl\/de\/produkt\/fatmax-messradscheibe\/#breadcrumb"},"inLanguage":"de","potentialAction":[{"@type":"ReadAction","target":["https:\/\/partijhandeldhz.nl\/de\/produkt\/fatmax-messradscheibe\/"]}]},{"@type":"ImageObject","inLanguage":"de","@id":"https:\/\/partijhandeldhz.nl\/de\/produkt\/fatmax-messradscheibe\/#primaryimage","url":"https:\/\/partijhandeldhz.nl\/wp-content\/uploads\/2025\/10\/Afbeelding-1-9.jpg","contentUrl":"https:\/\/partijhandeldhz.nl\/wp-content\/uploads\/2025\/10\/Afbeelding-1-9.jpg","width":1000,"height":1000},{"@type":"BreadcrumbList","@id":"https:\/\/partijhandeldhz.nl\/de\/produkt\/fatmax-messradscheibe\/#breadcrumb","itemListElement":[{"@type":"ListItem","position":1,"name":"Home","item":"https:\/\/partijhandeldhz.nl\/de\/"},{"@type":"ListItem","position":2,"name":"Shop","item":"https:\/\/partijhandeldhz.nl\/de\/shop\/"},{"@type":"ListItem","position":3,"name":"FatMax Messradscheibe"}]},{"@type":"WebSite","@id":"https:\/\/partijhandeldhz.nl\/de\/#website","url":"https:\/\/partijhandeldhz.nl\/de\/","name":"DHZ Outlet & Partijhandel","description":"Grote en kleine partijen, altijd de scherpste prijs!","publisher":{"@id":"https:\/\/partijhandeldhz.nl\/de\/#organization"},"potentialAction":[{"@type":"SearchAction","target":{"@type":"EntryPoint","urlTemplate":"https:\/\/partijhandeldhz.nl\/de\/?s={search_term_string}"},"query-input":{"@type":"PropertyValueSpecification","valueRequired":true,"valueName":"search_term_string"}}],"inLanguage":"de"},{"@type":"Organization","@id":"https:\/\/partijhandeldhz.nl\/de\/#organization","name":"DHZ Outlet & Partijhandel","url":"https:\/\/partijhandeldhz.nl\/de\/","logo":{"@type":"ImageObject","inLanguage":"de","@id":"https:\/\/partijhandeldhz.nl\/de\/#\/schema\/logo\/image\/","url":"https:\/\/partijhandeldhz.nl\/wp-content\/uploads\/2025\/03\/1.png","contentUrl":"https:\/\/partijhandeldhz.nl\/wp-content\/uploads\/2025\/03\/1.png","width":1000,"height":500,"caption":"DHZ Outlet & Partijhandel"},"image":{"@id":"https:\/\/partijhandeldhz.nl\/de\/#\/schema\/logo\/image\/"},"sameAs":["https:\/\/www.facebook.com\/people\/Partijhandel-DHZ\/61573487458594\/","https:\/\/www.instagram.com\/partijhandeldhz\/"]}]}},"jetpack_sharing_enabled":true,"_links":{"self":[{"href":"https:\/\/partijhandeldhz.nl\/de\/wp-json\/wp\/v2\/product\/15041","targetHints":{"allow":["GET"]}}],"collection":[{"href":"https:\/\/partijhandeldhz.nl\/de\/wp-json\/wp\/v2\/product"}],"about":[{"href":"https:\/\/partijhandeldhz.nl\/de\/wp-json\/wp\/v2\/types\/product"}],"version-history":[{"count":0,"href":"https:\/\/partijhandeldhz.nl\/de\/wp-json\/wp\/v2\/product\/15041\/revisions"}],"wp:featuredmedia":[{"embeddable":true,"href":"https:\/\/partijhandeldhz.nl\/de\/wp-json\/wp\/v2\/media\/10699"}],"wp:attachment":[{"href":"https:\/\/partijhandeldhz.nl\/de\/wp-json\/wp\/v2\/media?parent=15041"}],"wp:term":[{"taxonomy":"product_brand","embeddable":true,"href":"https:\/\/partijhandeldhz.nl\/de\/wp-json\/wp\/v2\/product_brand?post=15041"},{"taxonomy":"product_cat","embeddable":true,"href":"https:\/\/partijhandeldhz.nl\/de\/wp-json\/wp\/v2\/product_cat?post=15041"},{"taxonomy":"product_tag","embeddable":true,"href":"https:\/\/partijhandeldhz.nl\/de\/wp-json\/wp\/v2\/product_tag?post=15041"}],"curies":[{"name":"wp","href":"https:\/\/api.w.org\/{rel}","templated":true}]}}