{"id":14939,"date":"2025-11-26T10:55:13","date_gmt":"2025-11-26T10:55:13","guid":{"rendered":"https:\/\/partijhandeldhz.nl\/product\/deckenlampe-loneos-45-cm-2\/"},"modified":"2025-11-26T10:55:13","modified_gmt":"2025-11-26T10:55:13","slug":"deckenlampe-loneos-45-cm-2","status":"publish","type":"product","link":"https:\/\/partijhandeldhz.nl\/de\/produkt\/deckenlampe-loneos-45-cm-2\/","title":{"rendered":"Deckenlampe Loneos \u2013 45 cm"},"content":{"rendered":"<p data-start=\"155\" data-end=\"594\">Die Brilliant Ceiling Lamp Loneos ist eine moderne und stilvolle Deckenlampe, die Ihrem Interieur sofort Atmosph\u00e4re und W\u00e4rme verleiht. Die Lampe hat eine einzigartige Kombination aus schwarzem Metall und braunem Holz, was sie perfekt in moderne, industrielle und nat\u00fcrliche Wohnstile einf\u00fcgt. Dank seines schlanken Designs und seiner flachen Form ist der Loneos ideal sowohl f\u00fcr gr\u00f6\u00dfere als auch f\u00fcr kleinere R\u00e4ume mit niedrigen oder Standarddecken.  <\/p>\n<p data-start=\"596\" data-end=\"1038\">Diese Deckenlampe ist mit einer integrierten LED-Lichtquelle von 24\u201325 Watt ausgestattet, die eine beeindruckende Lichtleistung von 3000 Lumen liefert. Die warme wei\u00dfe Lichtfarbe sorgt f\u00fcr angenehmes und atmosph\u00e4risches Licht, ideal f\u00fcr Wohnzimmer, Schlafzimmer, Flure, K\u00fcchen oder Arbeitsbereiche. Dank des integrierten LED-Moduls k\u00f6nnen Sie energieeffiziente Beleuchtung mit langer Lebensdauer genie\u00dfen, ohne einzelne Lampen ersetzen zu m\u00fcssen.  <\/p>\n<p data-start=\"1040\" data-end=\"1384\">Mit den Ma\u00dfen 45 \u00d7 40 \u00d7 4,6 cm und einem Gewicht von nur 1,05\u20131,4 kg ist der Loneos robust, kompakt und leicht zusammenzubauen. Dank der IP20-Schutzklasse ist die Lampe f\u00fcr trockene Innenr\u00e4ume geeignet. Die Kombination aus Metall, Holz und kraftvollem Licht macht diese Deckenlampe zu einem gem\u00fctlichen Blickfang in jedem Raum.  <\/p>\n<h2 data-start=\"1696\" data-end=\"1726\"><strong data-start=\"1699\" data-end=\"1726\">Schl\u00fcsselmerkmale<\/strong><\/h2>\n<ul>\n<li data-start=\"1730\" data-end=\"1781\">Moderne Deckenlampe in Schwarz mit braunem Holzdesign<\/li>\n<li data-start=\"1784\" data-end=\"1822\">Integrierte LED-Lichtquelle (24\u201325W)<\/li>\n<li data-start=\"1825\" data-end=\"1853\">Lichtleistung: 3000 Lumen<\/li>\n<li data-start=\"1856\" data-end=\"1872\">Warmes wei\u00dfes Licht<\/li>\n<li data-start=\"1875\" data-end=\"1908\">Energieeffizient und wartungsfrei<\/li>\n<li data-start=\"1911\" data-end=\"1953\">Gr\u00f6\u00dfe: 45 \u00d7 40 \u00d7 4,6 cm (l \u00d7 w \u00d7 h)<\/li>\n<li data-start=\"1956\" data-end=\"1978\">Gewicht: 1,05\u20131,4 kg<\/li>\n<li data-start=\"1981\" data-end=\"2001\">Aus Metall gefertigt<\/li>\n<li data-start=\"2004\" data-end=\"2046\">Geeignet f\u00fcr trockene Innenr\u00e4ume (IP20)<\/li>\n<li data-start=\"2049\" data-end=\"2069\">Einfache Montage<\/li>\n<li data-start=\"2072\" data-end=\"2090\">EAN: 4004353409615<\/li>\n<\/ul>\n","protected":false},"excerpt":{"rendered":"<p>Die Brilliant Ceiling Lamp Loneos ist eine moderne Deckenlampe aus Metall mit Holzeffekt, einschlie\u00dflich integriertem LED-Modul (24\u201325W, 3000 Lumen). Warmes wei\u00dfes Licht und perfekt f\u00fcr verschiedene Innenr\u00e4ume.<br \/>\n<br data-start=\"1620\" data-end=\"1623\"><strong data-start=\"1623\" data-end=\"1689\"><em data-start=\"1625\" data-end=\"1687\">Bitte beachten Sie: Dieses Produkt kann nur \u00fcber unseren Webshop bestellt werden.<\/em><\/strong><\/p>\n","protected":false},"featured_media":12027,"template":"","meta":{"_acf_changed":false,"site-sidebar-layout":"default","site-content-layout":"","ast-site-content-layout":"default","site-content-style":"default","site-sidebar-style":"default","ast-global-header-display":"","ast-banner-title-visibility":"","ast-main-header-display":"","ast-hfb-above-header-display":"","ast-hfb-below-header-display":"","ast-hfb-mobile-header-display":"","site-post-title":"","ast-breadcrumbs-content":"","ast-featured-img":"","footer-sml-layout":"","ast-disable-related-posts":"","theme-transparent-header-meta":"default","adv-header-id-meta":"","stick-header-meta":"","header-above-stick-meta":"","header-main-stick-meta":"","header-below-stick-meta":"","astra-migrate-meta-layouts":"default","ast-page-background-enabled":"default","ast-page-background-meta":{"desktop":{"background-color":"","background-image":"","background-repeat":"repeat","background-position":"center center","background-size":"auto","background-attachment":"scroll","background-type":"","background-media":"","overlay-type":"","overlay-color":"","overlay-opacity":"","overlay-gradient":""},"tablet":{"background-color":"","background-image":"","background-repeat":"repeat","background-position":"center center","background-size":"auto","background-attachment":"scroll","background-type":"","background-media":"","overlay-type":"","overlay-color":"","overlay-opacity":"","overlay-gradient":""},"mobile":{"background-color":"","background-image":"","background-repeat":"repeat","background-position":"center center","background-size":"auto","background-attachment":"scroll","background-type":"","background-media":"","overlay-type":"","overlay-color":"","overlay-opacity":"","overlay-gradient":""}},"ast-content-background-meta":{"desktop":{"background-color":"var(--ast-global-color-5)","background-image":"","background-repeat":"repeat","background-position":"center center","background-size":"auto","background-attachment":"scroll","background-type":"","background-media":"","overlay-type":"","overlay-color":"","overlay-opacity":"","overlay-gradient":""},"tablet":{"background-color":"var(--ast-global-color-5)","background-image":"","background-repeat":"repeat","background-position":"center center","background-size":"auto","background-attachment":"scroll","background-type":"","background-media":"","overlay-type":"","overlay-color":"","overlay-opacity":"","overlay-gradient":""},"mobile":{"background-color":"var(--ast-global-color-5)","background-image":"","background-repeat":"repeat","background-position":"center center","background-size":"auto","background-attachment":"scroll","background-type":"","background-media":"","overlay-type":"","overlay-color":"","overlay-opacity":"","overlay-gradient":""}}},"product_brand":[465],"product_cat":[644,599],"product_tag":[],"class_list":{"0":"post-14939","1":"product","2":"type-product","3":"status-publish","4":"has-post-thumbnail","6":"product_brand-brilliant","7":"product_cat-deckenleuchten","8":"product_cat-postenhandel","9":"pa_merk-brilliant","10":"desktop-align-left","11":"tablet-align-left","12":"mobile-align-left","14":"first","15":"instock","16":"taxable","17":"shipping-taxable","18":"purchasable","19":"product-type-simple"},"acf":[],"yoast_head":"<!-- This site is optimized with the Yoast SEO plugin v27.5 - https:\/\/yoast.com\/product\/yoast-seo-wordpress\/ -->\n<title>Deckenlampe Loneos \u2013 45 cm - DHZ Outlet &amp; Partijhandel<\/title>\n<meta name=\"robots\" content=\"index, follow, max-snippet:-1, max-image-preview:large, max-video-preview:-1\" \/>\n<link rel=\"canonical\" href=\"https:\/\/partijhandeldhz.nl\/de\/produkt\/deckenlampe-loneos-45-cm-2\/\" \/>\n<meta property=\"og:locale\" content=\"de_DE\" \/>\n<meta property=\"og:type\" content=\"article\" \/>\n<meta property=\"og:title\" content=\"Deckenlampe Loneos \u2013 45 cm - DHZ Outlet &amp; Partijhandel\" \/>\n<meta property=\"og:description\" content=\"Die Brilliant Ceiling Lamp Loneos ist eine moderne Deckenlampe aus Metall mit Holzeffekt, einschlie\u00dflich integriertem LED-Modul (24\u201325W, 3000 Lumen). Warmes wei\u00dfes Licht und perfekt f\u00fcr verschiedene Innenr\u00e4ume. Bitte beachten Sie: Dieses Produkt kann nur \u00fcber unseren Webshop bestellt werden.\" \/>\n<meta property=\"og:url\" content=\"https:\/\/partijhandeldhz.nl\/de\/produkt\/deckenlampe-loneos-45-cm-2\/\" \/>\n<meta property=\"og:site_name\" content=\"DHZ Outlet &amp; Partijhandel\" \/>\n<meta property=\"article:publisher\" content=\"https:\/\/www.facebook.com\/people\/Partijhandel-DHZ\/61573487458594\/\" \/>\n<meta property=\"og:image\" content=\"https:\/\/partijhandeldhz.nl\/wp-content\/uploads\/2025\/11\/Afbeelding-1-44.jpg\" \/>\n\t<meta property=\"og:image:width\" content=\"1000\" \/>\n\t<meta property=\"og:image:height\" content=\"1000\" \/>\n\t<meta property=\"og:image:type\" content=\"image\/jpeg\" \/>\n<meta name=\"twitter:card\" content=\"summary_large_image\" \/>\n<meta name=\"twitter:label1\" content=\"Gesch\u00e4tzte Lesezeit\" \/>\n\t<meta name=\"twitter:data1\" content=\"1\u00a0Minute\" \/>\n<script type=\"application\/ld+json\" class=\"yoast-schema-graph\">{\"@context\":\"https:\\\/\\\/schema.org\",\"@graph\":[{\"@type\":\"WebPage\",\"@id\":\"https:\\\/\\\/partijhandeldhz.nl\\\/de\\\/produkt\\\/deckenlampe-loneos-45-cm-2\\\/\",\"url\":\"https:\\\/\\\/partijhandeldhz.nl\\\/de\\\/produkt\\\/deckenlampe-loneos-45-cm-2\\\/\",\"name\":\"Deckenlampe Loneos \u2013 45 cm - DHZ Outlet &amp; Partijhandel\",\"isPartOf\":{\"@id\":\"https:\\\/\\\/partijhandeldhz.nl\\\/de\\\/#website\"},\"primaryImageOfPage\":{\"@id\":\"https:\\\/\\\/partijhandeldhz.nl\\\/de\\\/produkt\\\/deckenlampe-loneos-45-cm-2\\\/#primaryimage\"},\"image\":{\"@id\":\"https:\\\/\\\/partijhandeldhz.nl\\\/de\\\/produkt\\\/deckenlampe-loneos-45-cm-2\\\/#primaryimage\"},\"thumbnailUrl\":\"https:\\\/\\\/partijhandeldhz.nl\\\/wp-content\\\/uploads\\\/2025\\\/11\\\/Afbeelding-1-44.jpg\",\"datePublished\":\"2025-11-26T10:55:13+00:00\",\"breadcrumb\":{\"@id\":\"https:\\\/\\\/partijhandeldhz.nl\\\/de\\\/produkt\\\/deckenlampe-loneos-45-cm-2\\\/#breadcrumb\"},\"inLanguage\":\"de\",\"potentialAction\":[{\"@type\":\"ReadAction\",\"target\":[\"https:\\\/\\\/partijhandeldhz.nl\\\/de\\\/produkt\\\/deckenlampe-loneos-45-cm-2\\\/\"]}]},{\"@type\":\"ImageObject\",\"inLanguage\":\"de\",\"@id\":\"https:\\\/\\\/partijhandeldhz.nl\\\/de\\\/produkt\\\/deckenlampe-loneos-45-cm-2\\\/#primaryimage\",\"url\":\"https:\\\/\\\/partijhandeldhz.nl\\\/wp-content\\\/uploads\\\/2025\\\/11\\\/Afbeelding-1-44.jpg\",\"contentUrl\":\"https:\\\/\\\/partijhandeldhz.nl\\\/wp-content\\\/uploads\\\/2025\\\/11\\\/Afbeelding-1-44.jpg\",\"width\":1000,\"height\":1000},{\"@type\":\"BreadcrumbList\",\"@id\":\"https:\\\/\\\/partijhandeldhz.nl\\\/de\\\/produkt\\\/deckenlampe-loneos-45-cm-2\\\/#breadcrumb\",\"itemListElement\":[{\"@type\":\"ListItem\",\"position\":1,\"name\":\"Home\",\"item\":\"https:\\\/\\\/partijhandeldhz.nl\\\/de\\\/\"},{\"@type\":\"ListItem\",\"position\":2,\"name\":\"Shop\",\"item\":\"https:\\\/\\\/partijhandeldhz.nl\\\/de\\\/shop\\\/\"},{\"@type\":\"ListItem\",\"position\":3,\"name\":\"Deckenlampe Loneos \u2013 45 cm\"}]},{\"@type\":\"WebSite\",\"@id\":\"https:\\\/\\\/partijhandeldhz.nl\\\/de\\\/#website\",\"url\":\"https:\\\/\\\/partijhandeldhz.nl\\\/de\\\/\",\"name\":\"DHZ Outlet & Partijhandel\",\"description\":\"Grote en kleine partijen, altijd de scherpste prijs!\",\"publisher\":{\"@id\":\"https:\\\/\\\/partijhandeldhz.nl\\\/de\\\/#organization\"},\"potentialAction\":[{\"@type\":\"SearchAction\",\"target\":{\"@type\":\"EntryPoint\",\"urlTemplate\":\"https:\\\/\\\/partijhandeldhz.nl\\\/de\\\/?s={search_term_string}\"},\"query-input\":{\"@type\":\"PropertyValueSpecification\",\"valueRequired\":true,\"valueName\":\"search_term_string\"}}],\"inLanguage\":\"de\"},{\"@type\":\"Organization\",\"@id\":\"https:\\\/\\\/partijhandeldhz.nl\\\/de\\\/#organization\",\"name\":\"DHZ Outlet & Partijhandel\",\"url\":\"https:\\\/\\\/partijhandeldhz.nl\\\/de\\\/\",\"logo\":{\"@type\":\"ImageObject\",\"inLanguage\":\"de\",\"@id\":\"https:\\\/\\\/partijhandeldhz.nl\\\/de\\\/#\\\/schema\\\/logo\\\/image\\\/\",\"url\":\"https:\\\/\\\/partijhandeldhz.nl\\\/wp-content\\\/uploads\\\/2025\\\/03\\\/1.png\",\"contentUrl\":\"https:\\\/\\\/partijhandeldhz.nl\\\/wp-content\\\/uploads\\\/2025\\\/03\\\/1.png\",\"width\":1000,\"height\":500,\"caption\":\"DHZ Outlet & Partijhandel\"},\"image\":{\"@id\":\"https:\\\/\\\/partijhandeldhz.nl\\\/de\\\/#\\\/schema\\\/logo\\\/image\\\/\"},\"sameAs\":[\"https:\\\/\\\/www.facebook.com\\\/people\\\/Partijhandel-DHZ\\\/61573487458594\\\/\",\"https:\\\/\\\/www.instagram.com\\\/partijhandeldhz\\\/\"]}]}<\/script>\n<!-- \/ Yoast SEO plugin. -->","yoast_head_json":{"title":"Deckenlampe Loneos \u2013 45 cm - DHZ Outlet &amp; Partijhandel","robots":{"index":"index","follow":"follow","max-snippet":"max-snippet:-1","max-image-preview":"max-image-preview:large","max-video-preview":"max-video-preview:-1"},"canonical":"https:\/\/partijhandeldhz.nl\/de\/produkt\/deckenlampe-loneos-45-cm-2\/","og_locale":"de_DE","og_type":"article","og_title":"Deckenlampe Loneos \u2013 45 cm - DHZ Outlet &amp; Partijhandel","og_description":"Die Brilliant Ceiling Lamp Loneos ist eine moderne Deckenlampe aus Metall mit Holzeffekt, einschlie\u00dflich integriertem LED-Modul (24\u201325W, 3000 Lumen). Warmes wei\u00dfes Licht und perfekt f\u00fcr verschiedene Innenr\u00e4ume. Bitte beachten Sie: Dieses Produkt kann nur \u00fcber unseren Webshop bestellt werden.","og_url":"https:\/\/partijhandeldhz.nl\/de\/produkt\/deckenlampe-loneos-45-cm-2\/","og_site_name":"DHZ Outlet &amp; Partijhandel","article_publisher":"https:\/\/www.facebook.com\/people\/Partijhandel-DHZ\/61573487458594\/","og_image":[{"width":1000,"height":1000,"url":"https:\/\/partijhandeldhz.nl\/wp-content\/uploads\/2025\/11\/Afbeelding-1-44.jpg","type":"image\/jpeg"}],"twitter_card":"summary_large_image","twitter_misc":{"Gesch\u00e4tzte Lesezeit":"1\u00a0Minute"},"schema":{"@context":"https:\/\/schema.org","@graph":[{"@type":"WebPage","@id":"https:\/\/partijhandeldhz.nl\/de\/produkt\/deckenlampe-loneos-45-cm-2\/","url":"https:\/\/partijhandeldhz.nl\/de\/produkt\/deckenlampe-loneos-45-cm-2\/","name":"Deckenlampe Loneos \u2013 45 cm - DHZ Outlet &amp; Partijhandel","isPartOf":{"@id":"https:\/\/partijhandeldhz.nl\/de\/#website"},"primaryImageOfPage":{"@id":"https:\/\/partijhandeldhz.nl\/de\/produkt\/deckenlampe-loneos-45-cm-2\/#primaryimage"},"image":{"@id":"https:\/\/partijhandeldhz.nl\/de\/produkt\/deckenlampe-loneos-45-cm-2\/#primaryimage"},"thumbnailUrl":"https:\/\/partijhandeldhz.nl\/wp-content\/uploads\/2025\/11\/Afbeelding-1-44.jpg","datePublished":"2025-11-26T10:55:13+00:00","breadcrumb":{"@id":"https:\/\/partijhandeldhz.nl\/de\/produkt\/deckenlampe-loneos-45-cm-2\/#breadcrumb"},"inLanguage":"de","potentialAction":[{"@type":"ReadAction","target":["https:\/\/partijhandeldhz.nl\/de\/produkt\/deckenlampe-loneos-45-cm-2\/"]}]},{"@type":"ImageObject","inLanguage":"de","@id":"https:\/\/partijhandeldhz.nl\/de\/produkt\/deckenlampe-loneos-45-cm-2\/#primaryimage","url":"https:\/\/partijhandeldhz.nl\/wp-content\/uploads\/2025\/11\/Afbeelding-1-44.jpg","contentUrl":"https:\/\/partijhandeldhz.nl\/wp-content\/uploads\/2025\/11\/Afbeelding-1-44.jpg","width":1000,"height":1000},{"@type":"BreadcrumbList","@id":"https:\/\/partijhandeldhz.nl\/de\/produkt\/deckenlampe-loneos-45-cm-2\/#breadcrumb","itemListElement":[{"@type":"ListItem","position":1,"name":"Home","item":"https:\/\/partijhandeldhz.nl\/de\/"},{"@type":"ListItem","position":2,"name":"Shop","item":"https:\/\/partijhandeldhz.nl\/de\/shop\/"},{"@type":"ListItem","position":3,"name":"Deckenlampe Loneos \u2013 45 cm"}]},{"@type":"WebSite","@id":"https:\/\/partijhandeldhz.nl\/de\/#website","url":"https:\/\/partijhandeldhz.nl\/de\/","name":"DHZ Outlet & Partijhandel","description":"Grote en kleine partijen, altijd de scherpste prijs!","publisher":{"@id":"https:\/\/partijhandeldhz.nl\/de\/#organization"},"potentialAction":[{"@type":"SearchAction","target":{"@type":"EntryPoint","urlTemplate":"https:\/\/partijhandeldhz.nl\/de\/?s={search_term_string}"},"query-input":{"@type":"PropertyValueSpecification","valueRequired":true,"valueName":"search_term_string"}}],"inLanguage":"de"},{"@type":"Organization","@id":"https:\/\/partijhandeldhz.nl\/de\/#organization","name":"DHZ Outlet & Partijhandel","url":"https:\/\/partijhandeldhz.nl\/de\/","logo":{"@type":"ImageObject","inLanguage":"de","@id":"https:\/\/partijhandeldhz.nl\/de\/#\/schema\/logo\/image\/","url":"https:\/\/partijhandeldhz.nl\/wp-content\/uploads\/2025\/03\/1.png","contentUrl":"https:\/\/partijhandeldhz.nl\/wp-content\/uploads\/2025\/03\/1.png","width":1000,"height":500,"caption":"DHZ Outlet & Partijhandel"},"image":{"@id":"https:\/\/partijhandeldhz.nl\/de\/#\/schema\/logo\/image\/"},"sameAs":["https:\/\/www.facebook.com\/people\/Partijhandel-DHZ\/61573487458594\/","https:\/\/www.instagram.com\/partijhandeldhz\/"]}]}},"jetpack_sharing_enabled":true,"_links":{"self":[{"href":"https:\/\/partijhandeldhz.nl\/de\/wp-json\/wp\/v2\/product\/14939","targetHints":{"allow":["GET"]}}],"collection":[{"href":"https:\/\/partijhandeldhz.nl\/de\/wp-json\/wp\/v2\/product"}],"about":[{"href":"https:\/\/partijhandeldhz.nl\/de\/wp-json\/wp\/v2\/types\/product"}],"version-history":[{"count":0,"href":"https:\/\/partijhandeldhz.nl\/de\/wp-json\/wp\/v2\/product\/14939\/revisions"}],"wp:featuredmedia":[{"embeddable":true,"href":"https:\/\/partijhandeldhz.nl\/de\/wp-json\/wp\/v2\/media\/12027"}],"wp:attachment":[{"href":"https:\/\/partijhandeldhz.nl\/de\/wp-json\/wp\/v2\/media?parent=14939"}],"wp:term":[{"taxonomy":"product_brand","embeddable":true,"href":"https:\/\/partijhandeldhz.nl\/de\/wp-json\/wp\/v2\/product_brand?post=14939"},{"taxonomy":"product_cat","embeddable":true,"href":"https:\/\/partijhandeldhz.nl\/de\/wp-json\/wp\/v2\/product_cat?post=14939"},{"taxonomy":"product_tag","embeddable":true,"href":"https:\/\/partijhandeldhz.nl\/de\/wp-json\/wp\/v2\/product_tag?post=14939"}],"curies":[{"name":"wp","href":"https:\/\/api.w.org\/{rel}","templated":true}]}}