{"id":14936,"date":"2025-11-26T11:04:19","date_gmt":"2025-11-26T11:04:19","guid":{"rendered":"https:\/\/partijhandeldhz.nl\/product\/deckenlampe-karney\/"},"modified":"2025-11-26T11:04:19","modified_gmt":"2025-11-26T11:04:19","slug":"deckenlampe-karney","status":"publish","type":"product","link":"https:\/\/partijhandeldhz.nl\/de\/produkt\/deckenlampe-karney\/","title":{"rendered":"Deckenlampe Karney"},"content":{"rendered":"<p data-start=\"155\" data-end=\"580\">Die Brilliant Ceiling Lamp Karney ist eine moderne und vielseitige Deckenlampe, die Funktionalit\u00e4t mit einem warmen, l\u00e4ndlichen Erscheinungsbild verbindet. Dank der stilvollen Kombination aus Holzoptik und schwarzem Kunststoff passt diese Lampe m\u00fchelos in elegante, moderne Innenr\u00e4ume, aber auch in l\u00e4ndliche oder nat\u00fcrliche Wohnstile. Das Design sorgt daf\u00fcr, dass der Karney in jedem Raum sowohl auff\u00e4llig als auch harmonisch pr\u00e4sent ist.  <\/p>\n<p data-start=\"582\" data-end=\"1073\">Diese Deckenlampe ist mit einer integrierten LED-Lichtquelle von 48 Watt ausgestattet, die eine beeindruckende Lichtleistung von 5600 Lumen liefert. Das macht den Karney \u00e4u\u00dferst geeignet, um gr\u00f6\u00dfere R\u00e4ume wie Wohnzimmer, K\u00fcche, Esszimmer, Flur oder B\u00fcro kraftvoll zu beleuchten. Die warme wei\u00dfe Lichtfarbe sorgt gleichzeitig f\u00fcr ein angenehmes und atmosph\u00e4risches Erscheinungsbild. Das integrierte LED-Modul sorgt f\u00fcr energieeffizienten Betrieb und eine lange Lebensdauer ohne Wartung.   <\/p>\n<p data-start=\"1075\" data-end=\"1459\">Mit den Ma\u00dfen 57 \u00d7 39,4 \u00d7 8 cm hat der Karney eine gro\u00dfz\u00fcgige Gr\u00f6\u00dfe, die dem Raum sofort ein kraftvolles Lichtbild verleiht. Die Lampe hat einen IP20-Schutz und ist daher f\u00fcr trockene Innenr\u00e4ume geeignet. Das schlanke Profil und die hochwertige Oberfl\u00e4che machen diese Deckenleuchte zur idealen Wahl f\u00fcr alle, die eine kraftvolle und stilvolle Beleuchtungsl\u00f6sung suchen.  <\/p>\n<h2 data-start=\"1792\" data-end=\"1822\"><strong data-start=\"1795\" data-end=\"1822\">Schl\u00fcsselmerkmale<\/strong><\/h2>\n<ul>\n<li data-start=\"1826\" data-end=\"1879\">Moderne Deckenlampe mit Holzoptik und schwarzem Kunststoff<\/li>\n<li data-start=\"1882\" data-end=\"1917\">Integrierte LED-Lichtquelle (48W)<\/li>\n<li data-start=\"1920\" data-end=\"1948\">Lichtleistung: 5600 Lumen<\/li>\n<li data-start=\"1951\" data-end=\"1967\">Warmes wei\u00dfes Licht<\/li>\n<li data-start=\"1970\" data-end=\"2003\">Energieeffizient und wartungsfrei<\/li>\n<li data-start=\"2006\" data-end=\"2032\">Stabiles Kunststoffdesign<\/li>\n<li data-start=\"2035\" data-end=\"2065\">Ma\u00dfe: 57 \u00d7 39,4 \u00d7 8 cm<\/li>\n<li data-start=\"2068\" data-end=\"2085\">Gewicht: 2,8 kg<\/li>\n<li data-start=\"2088\" data-end=\"2130\">Geeignet f\u00fcr trockene Innenr\u00e4ume (IP20)<\/li>\n<li data-start=\"2133\" data-end=\"2159\">Einfach zu installieren<\/li>\n<li data-start=\"2162\" data-end=\"2180\">EAN: 4004353409646<\/li>\n<\/ul>\n","protected":false},"excerpt":{"rendered":"<p>Die Brilliant Ceiling Lamp Karney ist eine moderne Deckenlampe aus Holz und schwarzem Kunststoff, ausgestattet mit integrierter LED (48W, 5600 Lumen) und warmem wei\u00dfem Licht. Kraftvoll, stilvoll und perfekt f\u00fcr gr\u00f6\u00dfere Innenr\u00e4ume.<br \/>\n<br data-start=\"1716\" data-end=\"1719\"><strong data-start=\"1719\" data-end=\"1785\"><em data-start=\"1721\" data-end=\"1783\">Bitte beachten Sie: Dieses Produkt kann nur \u00fcber unseren Webshop bestellt werden.<\/em><\/strong><\/p>\n","protected":false},"featured_media":12043,"template":"","meta":{"_acf_changed":false,"site-sidebar-layout":"default","site-content-layout":"","ast-site-content-layout":"default","site-content-style":"default","site-sidebar-style":"default","ast-global-header-display":"","ast-banner-title-visibility":"","ast-main-header-display":"","ast-hfb-above-header-display":"","ast-hfb-below-header-display":"","ast-hfb-mobile-header-display":"","site-post-title":"","ast-breadcrumbs-content":"","ast-featured-img":"","footer-sml-layout":"","ast-disable-related-posts":"","theme-transparent-header-meta":"default","adv-header-id-meta":"","stick-header-meta":"","header-above-stick-meta":"","header-main-stick-meta":"","header-below-stick-meta":"","astra-migrate-meta-layouts":"default","ast-page-background-enabled":"default","ast-page-background-meta":{"desktop":{"background-color":"","background-image":"","background-repeat":"repeat","background-position":"center center","background-size":"auto","background-attachment":"scroll","background-type":"","background-media":"","overlay-type":"","overlay-color":"","overlay-opacity":"","overlay-gradient":""},"tablet":{"background-color":"","background-image":"","background-repeat":"repeat","background-position":"center center","background-size":"auto","background-attachment":"scroll","background-type":"","background-media":"","overlay-type":"","overlay-color":"","overlay-opacity":"","overlay-gradient":""},"mobile":{"background-color":"","background-image":"","background-repeat":"repeat","background-position":"center center","background-size":"auto","background-attachment":"scroll","background-type":"","background-media":"","overlay-type":"","overlay-color":"","overlay-opacity":"","overlay-gradient":""}},"ast-content-background-meta":{"desktop":{"background-color":"var(--ast-global-color-5)","background-image":"","background-repeat":"repeat","background-position":"center center","background-size":"auto","background-attachment":"scroll","background-type":"","background-media":"","overlay-type":"","overlay-color":"","overlay-opacity":"","overlay-gradient":""},"tablet":{"background-color":"var(--ast-global-color-5)","background-image":"","background-repeat":"repeat","background-position":"center center","background-size":"auto","background-attachment":"scroll","background-type":"","background-media":"","overlay-type":"","overlay-color":"","overlay-opacity":"","overlay-gradient":""},"mobile":{"background-color":"var(--ast-global-color-5)","background-image":"","background-repeat":"repeat","background-position":"center center","background-size":"auto","background-attachment":"scroll","background-type":"","background-media":"","overlay-type":"","overlay-color":"","overlay-opacity":"","overlay-gradient":""}}},"product_brand":[465],"product_cat":[644,599],"product_tag":[],"class_list":{"0":"post-14936","1":"product","2":"type-product","3":"status-publish","4":"has-post-thumbnail","6":"product_brand-brilliant","7":"product_cat-deckenleuchten","8":"product_cat-postenhandel","9":"pa_merk-brilliant","10":"desktop-align-left","11":"tablet-align-left","12":"mobile-align-left","14":"first","15":"instock","16":"taxable","17":"shipping-taxable","18":"purchasable","19":"product-type-simple"},"acf":[],"yoast_head":"<!-- This site is optimized with the Yoast SEO plugin v27.5 - https:\/\/yoast.com\/product\/yoast-seo-wordpress\/ -->\n<title>Deckenlampe Karney - DHZ Outlet &amp; Partijhandel<\/title>\n<meta name=\"robots\" content=\"index, follow, max-snippet:-1, max-image-preview:large, max-video-preview:-1\" \/>\n<link rel=\"canonical\" href=\"https:\/\/partijhandeldhz.nl\/de\/produkt\/deckenlampe-karney\/\" \/>\n<meta property=\"og:locale\" content=\"de_DE\" \/>\n<meta property=\"og:type\" content=\"article\" \/>\n<meta property=\"og:title\" content=\"Deckenlampe Karney - DHZ Outlet &amp; Partijhandel\" \/>\n<meta property=\"og:description\" content=\"Die Brilliant Ceiling Lamp Karney ist eine moderne Deckenlampe aus Holz und schwarzem Kunststoff, ausgestattet mit integrierter LED (48W, 5600 Lumen) und warmem wei\u00dfem Licht. Kraftvoll, stilvoll und perfekt f\u00fcr gr\u00f6\u00dfere Innenr\u00e4ume. Bitte beachten Sie: Dieses Produkt kann nur \u00fcber unseren Webshop bestellt werden.\" \/>\n<meta property=\"og:url\" content=\"https:\/\/partijhandeldhz.nl\/de\/produkt\/deckenlampe-karney\/\" \/>\n<meta property=\"og:site_name\" content=\"DHZ Outlet &amp; Partijhandel\" \/>\n<meta property=\"article:publisher\" content=\"https:\/\/www.facebook.com\/people\/Partijhandel-DHZ\/61573487458594\/\" \/>\n<meta property=\"og:image\" content=\"https:\/\/partijhandeldhz.nl\/wp-content\/uploads\/2025\/11\/Afbeelding-1-45.jpg\" \/>\n\t<meta property=\"og:image:width\" content=\"1000\" \/>\n\t<meta property=\"og:image:height\" content=\"1000\" \/>\n\t<meta property=\"og:image:type\" content=\"image\/jpeg\" \/>\n<meta name=\"twitter:card\" content=\"summary_large_image\" \/>\n<meta name=\"twitter:label1\" content=\"Gesch\u00e4tzte Lesezeit\" \/>\n\t<meta name=\"twitter:data1\" content=\"1\u00a0Minute\" \/>\n<script type=\"application\/ld+json\" class=\"yoast-schema-graph\">{\"@context\":\"https:\\\/\\\/schema.org\",\"@graph\":[{\"@type\":\"WebPage\",\"@id\":\"https:\\\/\\\/partijhandeldhz.nl\\\/de\\\/produkt\\\/deckenlampe-karney\\\/\",\"url\":\"https:\\\/\\\/partijhandeldhz.nl\\\/de\\\/produkt\\\/deckenlampe-karney\\\/\",\"name\":\"Deckenlampe Karney - DHZ Outlet &amp; Partijhandel\",\"isPartOf\":{\"@id\":\"https:\\\/\\\/partijhandeldhz.nl\\\/de\\\/#website\"},\"primaryImageOfPage\":{\"@id\":\"https:\\\/\\\/partijhandeldhz.nl\\\/de\\\/produkt\\\/deckenlampe-karney\\\/#primaryimage\"},\"image\":{\"@id\":\"https:\\\/\\\/partijhandeldhz.nl\\\/de\\\/produkt\\\/deckenlampe-karney\\\/#primaryimage\"},\"thumbnailUrl\":\"https:\\\/\\\/partijhandeldhz.nl\\\/wp-content\\\/uploads\\\/2025\\\/11\\\/Afbeelding-1-45.jpg\",\"datePublished\":\"2025-11-26T11:04:19+00:00\",\"breadcrumb\":{\"@id\":\"https:\\\/\\\/partijhandeldhz.nl\\\/de\\\/produkt\\\/deckenlampe-karney\\\/#breadcrumb\"},\"inLanguage\":\"de\",\"potentialAction\":[{\"@type\":\"ReadAction\",\"target\":[\"https:\\\/\\\/partijhandeldhz.nl\\\/de\\\/produkt\\\/deckenlampe-karney\\\/\"]}]},{\"@type\":\"ImageObject\",\"inLanguage\":\"de\",\"@id\":\"https:\\\/\\\/partijhandeldhz.nl\\\/de\\\/produkt\\\/deckenlampe-karney\\\/#primaryimage\",\"url\":\"https:\\\/\\\/partijhandeldhz.nl\\\/wp-content\\\/uploads\\\/2025\\\/11\\\/Afbeelding-1-45.jpg\",\"contentUrl\":\"https:\\\/\\\/partijhandeldhz.nl\\\/wp-content\\\/uploads\\\/2025\\\/11\\\/Afbeelding-1-45.jpg\",\"width\":1000,\"height\":1000},{\"@type\":\"BreadcrumbList\",\"@id\":\"https:\\\/\\\/partijhandeldhz.nl\\\/de\\\/produkt\\\/deckenlampe-karney\\\/#breadcrumb\",\"itemListElement\":[{\"@type\":\"ListItem\",\"position\":1,\"name\":\"Home\",\"item\":\"https:\\\/\\\/partijhandeldhz.nl\\\/de\\\/\"},{\"@type\":\"ListItem\",\"position\":2,\"name\":\"Shop\",\"item\":\"https:\\\/\\\/partijhandeldhz.nl\\\/de\\\/shop\\\/\"},{\"@type\":\"ListItem\",\"position\":3,\"name\":\"Deckenlampe Karney\"}]},{\"@type\":\"WebSite\",\"@id\":\"https:\\\/\\\/partijhandeldhz.nl\\\/de\\\/#website\",\"url\":\"https:\\\/\\\/partijhandeldhz.nl\\\/de\\\/\",\"name\":\"DHZ Outlet & Partijhandel\",\"description\":\"Grote en kleine partijen, altijd de scherpste prijs!\",\"publisher\":{\"@id\":\"https:\\\/\\\/partijhandeldhz.nl\\\/de\\\/#organization\"},\"potentialAction\":[{\"@type\":\"SearchAction\",\"target\":{\"@type\":\"EntryPoint\",\"urlTemplate\":\"https:\\\/\\\/partijhandeldhz.nl\\\/de\\\/?s={search_term_string}\"},\"query-input\":{\"@type\":\"PropertyValueSpecification\",\"valueRequired\":true,\"valueName\":\"search_term_string\"}}],\"inLanguage\":\"de\"},{\"@type\":\"Organization\",\"@id\":\"https:\\\/\\\/partijhandeldhz.nl\\\/de\\\/#organization\",\"name\":\"DHZ Outlet & Partijhandel\",\"url\":\"https:\\\/\\\/partijhandeldhz.nl\\\/de\\\/\",\"logo\":{\"@type\":\"ImageObject\",\"inLanguage\":\"de\",\"@id\":\"https:\\\/\\\/partijhandeldhz.nl\\\/de\\\/#\\\/schema\\\/logo\\\/image\\\/\",\"url\":\"https:\\\/\\\/partijhandeldhz.nl\\\/wp-content\\\/uploads\\\/2025\\\/03\\\/1.png\",\"contentUrl\":\"https:\\\/\\\/partijhandeldhz.nl\\\/wp-content\\\/uploads\\\/2025\\\/03\\\/1.png\",\"width\":1000,\"height\":500,\"caption\":\"DHZ Outlet & Partijhandel\"},\"image\":{\"@id\":\"https:\\\/\\\/partijhandeldhz.nl\\\/de\\\/#\\\/schema\\\/logo\\\/image\\\/\"},\"sameAs\":[\"https:\\\/\\\/www.facebook.com\\\/people\\\/Partijhandel-DHZ\\\/61573487458594\\\/\",\"https:\\\/\\\/www.instagram.com\\\/partijhandeldhz\\\/\"]}]}<\/script>\n<!-- \/ Yoast SEO plugin. -->","yoast_head_json":{"title":"Deckenlampe Karney - DHZ Outlet &amp; Partijhandel","robots":{"index":"index","follow":"follow","max-snippet":"max-snippet:-1","max-image-preview":"max-image-preview:large","max-video-preview":"max-video-preview:-1"},"canonical":"https:\/\/partijhandeldhz.nl\/de\/produkt\/deckenlampe-karney\/","og_locale":"de_DE","og_type":"article","og_title":"Deckenlampe Karney - DHZ Outlet &amp; Partijhandel","og_description":"Die Brilliant Ceiling Lamp Karney ist eine moderne Deckenlampe aus Holz und schwarzem Kunststoff, ausgestattet mit integrierter LED (48W, 5600 Lumen) und warmem wei\u00dfem Licht. Kraftvoll, stilvoll und perfekt f\u00fcr gr\u00f6\u00dfere Innenr\u00e4ume. Bitte beachten Sie: Dieses Produkt kann nur \u00fcber unseren Webshop bestellt werden.","og_url":"https:\/\/partijhandeldhz.nl\/de\/produkt\/deckenlampe-karney\/","og_site_name":"DHZ Outlet &amp; Partijhandel","article_publisher":"https:\/\/www.facebook.com\/people\/Partijhandel-DHZ\/61573487458594\/","og_image":[{"width":1000,"height":1000,"url":"https:\/\/partijhandeldhz.nl\/wp-content\/uploads\/2025\/11\/Afbeelding-1-45.jpg","type":"image\/jpeg"}],"twitter_card":"summary_large_image","twitter_misc":{"Gesch\u00e4tzte Lesezeit":"1\u00a0Minute"},"schema":{"@context":"https:\/\/schema.org","@graph":[{"@type":"WebPage","@id":"https:\/\/partijhandeldhz.nl\/de\/produkt\/deckenlampe-karney\/","url":"https:\/\/partijhandeldhz.nl\/de\/produkt\/deckenlampe-karney\/","name":"Deckenlampe Karney - DHZ Outlet &amp; Partijhandel","isPartOf":{"@id":"https:\/\/partijhandeldhz.nl\/de\/#website"},"primaryImageOfPage":{"@id":"https:\/\/partijhandeldhz.nl\/de\/produkt\/deckenlampe-karney\/#primaryimage"},"image":{"@id":"https:\/\/partijhandeldhz.nl\/de\/produkt\/deckenlampe-karney\/#primaryimage"},"thumbnailUrl":"https:\/\/partijhandeldhz.nl\/wp-content\/uploads\/2025\/11\/Afbeelding-1-45.jpg","datePublished":"2025-11-26T11:04:19+00:00","breadcrumb":{"@id":"https:\/\/partijhandeldhz.nl\/de\/produkt\/deckenlampe-karney\/#breadcrumb"},"inLanguage":"de","potentialAction":[{"@type":"ReadAction","target":["https:\/\/partijhandeldhz.nl\/de\/produkt\/deckenlampe-karney\/"]}]},{"@type":"ImageObject","inLanguage":"de","@id":"https:\/\/partijhandeldhz.nl\/de\/produkt\/deckenlampe-karney\/#primaryimage","url":"https:\/\/partijhandeldhz.nl\/wp-content\/uploads\/2025\/11\/Afbeelding-1-45.jpg","contentUrl":"https:\/\/partijhandeldhz.nl\/wp-content\/uploads\/2025\/11\/Afbeelding-1-45.jpg","width":1000,"height":1000},{"@type":"BreadcrumbList","@id":"https:\/\/partijhandeldhz.nl\/de\/produkt\/deckenlampe-karney\/#breadcrumb","itemListElement":[{"@type":"ListItem","position":1,"name":"Home","item":"https:\/\/partijhandeldhz.nl\/de\/"},{"@type":"ListItem","position":2,"name":"Shop","item":"https:\/\/partijhandeldhz.nl\/de\/shop\/"},{"@type":"ListItem","position":3,"name":"Deckenlampe Karney"}]},{"@type":"WebSite","@id":"https:\/\/partijhandeldhz.nl\/de\/#website","url":"https:\/\/partijhandeldhz.nl\/de\/","name":"DHZ Outlet & Partijhandel","description":"Grote en kleine partijen, altijd de scherpste prijs!","publisher":{"@id":"https:\/\/partijhandeldhz.nl\/de\/#organization"},"potentialAction":[{"@type":"SearchAction","target":{"@type":"EntryPoint","urlTemplate":"https:\/\/partijhandeldhz.nl\/de\/?s={search_term_string}"},"query-input":{"@type":"PropertyValueSpecification","valueRequired":true,"valueName":"search_term_string"}}],"inLanguage":"de"},{"@type":"Organization","@id":"https:\/\/partijhandeldhz.nl\/de\/#organization","name":"DHZ Outlet & Partijhandel","url":"https:\/\/partijhandeldhz.nl\/de\/","logo":{"@type":"ImageObject","inLanguage":"de","@id":"https:\/\/partijhandeldhz.nl\/de\/#\/schema\/logo\/image\/","url":"https:\/\/partijhandeldhz.nl\/wp-content\/uploads\/2025\/03\/1.png","contentUrl":"https:\/\/partijhandeldhz.nl\/wp-content\/uploads\/2025\/03\/1.png","width":1000,"height":500,"caption":"DHZ Outlet & Partijhandel"},"image":{"@id":"https:\/\/partijhandeldhz.nl\/de\/#\/schema\/logo\/image\/"},"sameAs":["https:\/\/www.facebook.com\/people\/Partijhandel-DHZ\/61573487458594\/","https:\/\/www.instagram.com\/partijhandeldhz\/"]}]}},"jetpack_sharing_enabled":true,"_links":{"self":[{"href":"https:\/\/partijhandeldhz.nl\/de\/wp-json\/wp\/v2\/product\/14936","targetHints":{"allow":["GET"]}}],"collection":[{"href":"https:\/\/partijhandeldhz.nl\/de\/wp-json\/wp\/v2\/product"}],"about":[{"href":"https:\/\/partijhandeldhz.nl\/de\/wp-json\/wp\/v2\/types\/product"}],"version-history":[{"count":0,"href":"https:\/\/partijhandeldhz.nl\/de\/wp-json\/wp\/v2\/product\/14936\/revisions"}],"wp:featuredmedia":[{"embeddable":true,"href":"https:\/\/partijhandeldhz.nl\/de\/wp-json\/wp\/v2\/media\/12043"}],"wp:attachment":[{"href":"https:\/\/partijhandeldhz.nl\/de\/wp-json\/wp\/v2\/media?parent=14936"}],"wp:term":[{"taxonomy":"product_brand","embeddable":true,"href":"https:\/\/partijhandeldhz.nl\/de\/wp-json\/wp\/v2\/product_brand?post=14936"},{"taxonomy":"product_cat","embeddable":true,"href":"https:\/\/partijhandeldhz.nl\/de\/wp-json\/wp\/v2\/product_cat?post=14936"},{"taxonomy":"product_tag","embeddable":true,"href":"https:\/\/partijhandeldhz.nl\/de\/wp-json\/wp\/v2\/product_tag?post=14936"}],"curies":[{"name":"wp","href":"https:\/\/api.w.org\/{rel}","templated":true}]}}