{"id":14902,"date":"2025-11-25T15:19:05","date_gmt":"2025-11-25T15:19:05","guid":{"rendered":"https:\/\/partijhandeldhz.nl\/product\/deckenlampen-sandros-o31cm-mesh\/"},"modified":"2025-11-25T15:19:05","modified_gmt":"2025-11-25T15:19:05","slug":"deckenlampen-sandros-o31cm-mesh","status":"publish","type":"product","link":"https:\/\/partijhandeldhz.nl\/de\/produkt\/deckenlampen-sandros-o31cm-mesh\/","title":{"rendered":"Deckenlampen-Sandros \u00d831cm \u2013 Mesh"},"content":{"rendered":"<p data-start=\"184\" data-end=\"544\">Die Brilliant Ceiling Lamp Sandros ist eine moderne industrielle Deckenlampe, die Ihrem Interieur ein robustes, zeitgem\u00e4\u00dfes Aussehen verleiht. Das markante Mesh-Design in Kombination mit dem schwarzen Metallrahmen verleiht dieser Lampe ein rohes, industrielles Aussehen, das perfekt in moderne Lofts, industrielle Wohnr\u00e4ume und elegante Innenr\u00e4ume passt. <\/p>\n<p data-start=\"546\" data-end=\"878\">Mit einem Durchmesser von 31 cm und einer kompakten H\u00f6he von 6 cm besitzt der Sandros sowohl eine subtile als auch stilvolle Pr\u00e4senz an der Decke. Das offene Design des Netzes sorgt daf\u00fcr, dass die Lichtquelle wundersch\u00f6n sichtbar ist, wodurch eine dekorative LED-Lampe besonders hervorsticht und ein gem\u00fctliches Lichtgef\u00fchl im Raum entsteht. <\/p>\n<p data-start=\"880\" data-end=\"1149\">Die Lampe kommt ohne Lichtquelle, sodass Sie die Lichtfarbe, Intensit\u00e4t und den Stil selbst w\u00e4hlen k\u00f6nnen \u2013 warmes Wei\u00df f\u00fcr Atmosph\u00e4re, klar f\u00fcr Funktionalit\u00e4t oder eine Gl\u00fchfadenlampe f\u00fcr zus\u00e4tzlichen Charakter. Der Sandros ist einfach zu installieren und sofort einsatzbereit. <\/p>\n<p data-start=\"1151\" data-end=\"1315\">Diese Deckenlampe ist ideal f\u00fcr Wohnzimmer, Schlafzimmer, Flure, K\u00fcchen oder andere Innenr\u00e4ume, in denen Sie eine Kombination aus Stil und anspruchsvoller Beleuchtung schaffen m\u00f6chten.<\/p>\n<h2 data-start=\"1612\" data-end=\"1642\"><strong data-start=\"1615\" data-end=\"1642\">Schl\u00fcsselmerkmale<\/strong><\/h2>\n<ul>\n<li data-start=\"1646\" data-end=\"1678\">Robuste industrielle Deckenlampe<\/li>\n<li data-start=\"1681\" data-end=\"1717\">Schwarzmetallrahmen mit Gitterdesign<\/li>\n<li data-start=\"1720\" data-end=\"1743\">Attraktives offenes Design<\/li>\n<li data-start=\"1746\" data-end=\"1804\">Geeignet f\u00fcr eine LED-Lichtquelle Ihrer Wahl (nicht enthalten)<\/li>\n<li data-start=\"1807\" data-end=\"1824\">Durchmesser: 31 cm<\/li>\n<li data-start=\"1827\" data-end=\"1841\">H\u00f6he: 6 cm<\/li>\n<li data-start=\"1844\" data-end=\"1864\">Einfache Montage<\/li>\n<li data-start=\"1867\" data-end=\"1918\">Perfekt f\u00fcr Wohnzimmer, Schlafzimmer, K\u00fcche oder Flur<\/li>\n<li data-start=\"1921\" data-end=\"1939\">EAN: 4004353409455<\/li>\n<\/ul>\n","protected":false},"excerpt":{"rendered":"<p>Die Brilliant Ceiling Lamp Sandros ist eine industrielle Deckenlampe mit schwarzem Metallgitter-Design, ideal als robuster Blickfang in modernen Innenr\u00e4umen. Geeignet f\u00fcr eine Lichtquelle Ihrer Wahl.<br \/>\n<br data-start=\"1536\" data-end=\"1539\"><strong data-start=\"1539\" data-end=\"1605\"><em data-start=\"1541\" data-end=\"1603\">Bitte beachten Sie: Dieses Produkt kann nur \u00fcber unseren Webshop bestellt werden.<\/em><\/strong><\/p>\n","protected":false},"featured_media":11936,"template":"","meta":{"_acf_changed":false,"site-sidebar-layout":"default","site-content-layout":"","ast-site-content-layout":"default","site-content-style":"default","site-sidebar-style":"default","ast-global-header-display":"","ast-banner-title-visibility":"","ast-main-header-display":"","ast-hfb-above-header-display":"","ast-hfb-below-header-display":"","ast-hfb-mobile-header-display":"","site-post-title":"","ast-breadcrumbs-content":"","ast-featured-img":"","footer-sml-layout":"","ast-disable-related-posts":"","theme-transparent-header-meta":"default","adv-header-id-meta":"","stick-header-meta":"","header-above-stick-meta":"","header-main-stick-meta":"","header-below-stick-meta":"","astra-migrate-meta-layouts":"default","ast-page-background-enabled":"default","ast-page-background-meta":{"desktop":{"background-color":"","background-image":"","background-repeat":"repeat","background-position":"center center","background-size":"auto","background-attachment":"scroll","background-type":"","background-media":"","overlay-type":"","overlay-color":"","overlay-opacity":"","overlay-gradient":""},"tablet":{"background-color":"","background-image":"","background-repeat":"repeat","background-position":"center center","background-size":"auto","background-attachment":"scroll","background-type":"","background-media":"","overlay-type":"","overlay-color":"","overlay-opacity":"","overlay-gradient":""},"mobile":{"background-color":"","background-image":"","background-repeat":"repeat","background-position":"center center","background-size":"auto","background-attachment":"scroll","background-type":"","background-media":"","overlay-type":"","overlay-color":"","overlay-opacity":"","overlay-gradient":""}},"ast-content-background-meta":{"desktop":{"background-color":"var(--ast-global-color-5)","background-image":"","background-repeat":"repeat","background-position":"center center","background-size":"auto","background-attachment":"scroll","background-type":"","background-media":"","overlay-type":"","overlay-color":"","overlay-opacity":"","overlay-gradient":""},"tablet":{"background-color":"var(--ast-global-color-5)","background-image":"","background-repeat":"repeat","background-position":"center center","background-size":"auto","background-attachment":"scroll","background-type":"","background-media":"","overlay-type":"","overlay-color":"","overlay-opacity":"","overlay-gradient":""},"mobile":{"background-color":"var(--ast-global-color-5)","background-image":"","background-repeat":"repeat","background-position":"center center","background-size":"auto","background-attachment":"scroll","background-type":"","background-media":"","overlay-type":"","overlay-color":"","overlay-opacity":"","overlay-gradient":""}}},"product_brand":[465],"product_cat":[644,599],"product_tag":[],"class_list":{"0":"post-14902","1":"product","2":"type-product","3":"status-publish","4":"has-post-thumbnail","6":"product_brand-brilliant","7":"product_cat-deckenleuchten","8":"product_cat-postenhandel","9":"pa_merk-brilliant","10":"desktop-align-left","11":"tablet-align-left","12":"mobile-align-left","14":"first","15":"instock","16":"taxable","17":"shipping-taxable","18":"purchasable","19":"product-type-simple"},"acf":[],"yoast_head":"<!-- This site is optimized with the Yoast SEO plugin v27.5 - https:\/\/yoast.com\/product\/yoast-seo-wordpress\/ -->\n<title>Deckenlampen-Sandros \u00d831cm \u2013 Mesh - DHZ Outlet &amp; Partijhandel<\/title>\n<meta name=\"robots\" content=\"index, follow, max-snippet:-1, max-image-preview:large, max-video-preview:-1\" \/>\n<link rel=\"canonical\" href=\"https:\/\/partijhandeldhz.nl\/de\/produkt\/deckenlampen-sandros-o31cm-mesh\/\" \/>\n<meta property=\"og:locale\" content=\"de_DE\" \/>\n<meta property=\"og:type\" content=\"article\" \/>\n<meta property=\"og:title\" content=\"Deckenlampen-Sandros \u00d831cm \u2013 Mesh - DHZ Outlet &amp; Partijhandel\" \/>\n<meta property=\"og:description\" content=\"Die Brilliant Ceiling Lamp Sandros ist eine industrielle Deckenlampe mit schwarzem Metallgitter-Design, ideal als robuster Blickfang in modernen Innenr\u00e4umen. Geeignet f\u00fcr eine Lichtquelle Ihrer Wahl. Bitte beachten Sie: Dieses Produkt kann nur \u00fcber unseren Webshop bestellt werden.\" \/>\n<meta property=\"og:url\" content=\"https:\/\/partijhandeldhz.nl\/de\/produkt\/deckenlampen-sandros-o31cm-mesh\/\" \/>\n<meta property=\"og:site_name\" content=\"DHZ Outlet &amp; Partijhandel\" \/>\n<meta property=\"article:publisher\" content=\"https:\/\/www.facebook.com\/people\/Partijhandel-DHZ\/61573487458594\/\" \/>\n<meta property=\"og:image\" content=\"https:\/\/partijhandeldhz.nl\/wp-content\/uploads\/2025\/11\/Afbeelding-1-39.jpg\" \/>\n\t<meta property=\"og:image:width\" content=\"1000\" \/>\n\t<meta property=\"og:image:height\" content=\"1000\" \/>\n\t<meta property=\"og:image:type\" content=\"image\/jpeg\" \/>\n<meta name=\"twitter:card\" content=\"summary_large_image\" \/>\n<meta name=\"twitter:label1\" content=\"Gesch\u00e4tzte Lesezeit\" \/>\n\t<meta name=\"twitter:data1\" content=\"1\u00a0Minute\" \/>\n<script type=\"application\/ld+json\" class=\"yoast-schema-graph\">{\"@context\":\"https:\\\/\\\/schema.org\",\"@graph\":[{\"@type\":\"WebPage\",\"@id\":\"https:\\\/\\\/partijhandeldhz.nl\\\/de\\\/produkt\\\/deckenlampen-sandros-o31cm-mesh\\\/\",\"url\":\"https:\\\/\\\/partijhandeldhz.nl\\\/de\\\/produkt\\\/deckenlampen-sandros-o31cm-mesh\\\/\",\"name\":\"Deckenlampen-Sandros \u00d831cm \u2013 Mesh - DHZ Outlet &amp; Partijhandel\",\"isPartOf\":{\"@id\":\"https:\\\/\\\/partijhandeldhz.nl\\\/de\\\/#website\"},\"primaryImageOfPage\":{\"@id\":\"https:\\\/\\\/partijhandeldhz.nl\\\/de\\\/produkt\\\/deckenlampen-sandros-o31cm-mesh\\\/#primaryimage\"},\"image\":{\"@id\":\"https:\\\/\\\/partijhandeldhz.nl\\\/de\\\/produkt\\\/deckenlampen-sandros-o31cm-mesh\\\/#primaryimage\"},\"thumbnailUrl\":\"https:\\\/\\\/partijhandeldhz.nl\\\/wp-content\\\/uploads\\\/2025\\\/11\\\/Afbeelding-1-39.jpg\",\"datePublished\":\"2025-11-25T15:19:05+00:00\",\"breadcrumb\":{\"@id\":\"https:\\\/\\\/partijhandeldhz.nl\\\/de\\\/produkt\\\/deckenlampen-sandros-o31cm-mesh\\\/#breadcrumb\"},\"inLanguage\":\"de\",\"potentialAction\":[{\"@type\":\"ReadAction\",\"target\":[\"https:\\\/\\\/partijhandeldhz.nl\\\/de\\\/produkt\\\/deckenlampen-sandros-o31cm-mesh\\\/\"]}]},{\"@type\":\"ImageObject\",\"inLanguage\":\"de\",\"@id\":\"https:\\\/\\\/partijhandeldhz.nl\\\/de\\\/produkt\\\/deckenlampen-sandros-o31cm-mesh\\\/#primaryimage\",\"url\":\"https:\\\/\\\/partijhandeldhz.nl\\\/wp-content\\\/uploads\\\/2025\\\/11\\\/Afbeelding-1-39.jpg\",\"contentUrl\":\"https:\\\/\\\/partijhandeldhz.nl\\\/wp-content\\\/uploads\\\/2025\\\/11\\\/Afbeelding-1-39.jpg\",\"width\":1000,\"height\":1000},{\"@type\":\"BreadcrumbList\",\"@id\":\"https:\\\/\\\/partijhandeldhz.nl\\\/de\\\/produkt\\\/deckenlampen-sandros-o31cm-mesh\\\/#breadcrumb\",\"itemListElement\":[{\"@type\":\"ListItem\",\"position\":1,\"name\":\"Home\",\"item\":\"https:\\\/\\\/partijhandeldhz.nl\\\/de\\\/\"},{\"@type\":\"ListItem\",\"position\":2,\"name\":\"Shop\",\"item\":\"https:\\\/\\\/partijhandeldhz.nl\\\/de\\\/shop\\\/\"},{\"@type\":\"ListItem\",\"position\":3,\"name\":\"Deckenlampen-Sandros \u00d831cm \u2013 Mesh\"}]},{\"@type\":\"WebSite\",\"@id\":\"https:\\\/\\\/partijhandeldhz.nl\\\/de\\\/#website\",\"url\":\"https:\\\/\\\/partijhandeldhz.nl\\\/de\\\/\",\"name\":\"DHZ Outlet & Partijhandel\",\"description\":\"Grote en kleine partijen, altijd de scherpste prijs!\",\"publisher\":{\"@id\":\"https:\\\/\\\/partijhandeldhz.nl\\\/de\\\/#organization\"},\"potentialAction\":[{\"@type\":\"SearchAction\",\"target\":{\"@type\":\"EntryPoint\",\"urlTemplate\":\"https:\\\/\\\/partijhandeldhz.nl\\\/de\\\/?s={search_term_string}\"},\"query-input\":{\"@type\":\"PropertyValueSpecification\",\"valueRequired\":true,\"valueName\":\"search_term_string\"}}],\"inLanguage\":\"de\"},{\"@type\":\"Organization\",\"@id\":\"https:\\\/\\\/partijhandeldhz.nl\\\/de\\\/#organization\",\"name\":\"DHZ Outlet & Partijhandel\",\"url\":\"https:\\\/\\\/partijhandeldhz.nl\\\/de\\\/\",\"logo\":{\"@type\":\"ImageObject\",\"inLanguage\":\"de\",\"@id\":\"https:\\\/\\\/partijhandeldhz.nl\\\/de\\\/#\\\/schema\\\/logo\\\/image\\\/\",\"url\":\"https:\\\/\\\/partijhandeldhz.nl\\\/wp-content\\\/uploads\\\/2025\\\/03\\\/1.png\",\"contentUrl\":\"https:\\\/\\\/partijhandeldhz.nl\\\/wp-content\\\/uploads\\\/2025\\\/03\\\/1.png\",\"width\":1000,\"height\":500,\"caption\":\"DHZ Outlet & Partijhandel\"},\"image\":{\"@id\":\"https:\\\/\\\/partijhandeldhz.nl\\\/de\\\/#\\\/schema\\\/logo\\\/image\\\/\"},\"sameAs\":[\"https:\\\/\\\/www.facebook.com\\\/people\\\/Partijhandel-DHZ\\\/61573487458594\\\/\",\"https:\\\/\\\/www.instagram.com\\\/partijhandeldhz\\\/\"]}]}<\/script>\n<!-- \/ Yoast SEO plugin. -->","yoast_head_json":{"title":"Deckenlampen-Sandros \u00d831cm \u2013 Mesh - DHZ Outlet &amp; Partijhandel","robots":{"index":"index","follow":"follow","max-snippet":"max-snippet:-1","max-image-preview":"max-image-preview:large","max-video-preview":"max-video-preview:-1"},"canonical":"https:\/\/partijhandeldhz.nl\/de\/produkt\/deckenlampen-sandros-o31cm-mesh\/","og_locale":"de_DE","og_type":"article","og_title":"Deckenlampen-Sandros \u00d831cm \u2013 Mesh - DHZ Outlet &amp; Partijhandel","og_description":"Die Brilliant Ceiling Lamp Sandros ist eine industrielle Deckenlampe mit schwarzem Metallgitter-Design, ideal als robuster Blickfang in modernen Innenr\u00e4umen. Geeignet f\u00fcr eine Lichtquelle Ihrer Wahl. Bitte beachten Sie: Dieses Produkt kann nur \u00fcber unseren Webshop bestellt werden.","og_url":"https:\/\/partijhandeldhz.nl\/de\/produkt\/deckenlampen-sandros-o31cm-mesh\/","og_site_name":"DHZ Outlet &amp; Partijhandel","article_publisher":"https:\/\/www.facebook.com\/people\/Partijhandel-DHZ\/61573487458594\/","og_image":[{"width":1000,"height":1000,"url":"https:\/\/partijhandeldhz.nl\/wp-content\/uploads\/2025\/11\/Afbeelding-1-39.jpg","type":"image\/jpeg"}],"twitter_card":"summary_large_image","twitter_misc":{"Gesch\u00e4tzte Lesezeit":"1\u00a0Minute"},"schema":{"@context":"https:\/\/schema.org","@graph":[{"@type":"WebPage","@id":"https:\/\/partijhandeldhz.nl\/de\/produkt\/deckenlampen-sandros-o31cm-mesh\/","url":"https:\/\/partijhandeldhz.nl\/de\/produkt\/deckenlampen-sandros-o31cm-mesh\/","name":"Deckenlampen-Sandros \u00d831cm \u2013 Mesh - DHZ Outlet &amp; Partijhandel","isPartOf":{"@id":"https:\/\/partijhandeldhz.nl\/de\/#website"},"primaryImageOfPage":{"@id":"https:\/\/partijhandeldhz.nl\/de\/produkt\/deckenlampen-sandros-o31cm-mesh\/#primaryimage"},"image":{"@id":"https:\/\/partijhandeldhz.nl\/de\/produkt\/deckenlampen-sandros-o31cm-mesh\/#primaryimage"},"thumbnailUrl":"https:\/\/partijhandeldhz.nl\/wp-content\/uploads\/2025\/11\/Afbeelding-1-39.jpg","datePublished":"2025-11-25T15:19:05+00:00","breadcrumb":{"@id":"https:\/\/partijhandeldhz.nl\/de\/produkt\/deckenlampen-sandros-o31cm-mesh\/#breadcrumb"},"inLanguage":"de","potentialAction":[{"@type":"ReadAction","target":["https:\/\/partijhandeldhz.nl\/de\/produkt\/deckenlampen-sandros-o31cm-mesh\/"]}]},{"@type":"ImageObject","inLanguage":"de","@id":"https:\/\/partijhandeldhz.nl\/de\/produkt\/deckenlampen-sandros-o31cm-mesh\/#primaryimage","url":"https:\/\/partijhandeldhz.nl\/wp-content\/uploads\/2025\/11\/Afbeelding-1-39.jpg","contentUrl":"https:\/\/partijhandeldhz.nl\/wp-content\/uploads\/2025\/11\/Afbeelding-1-39.jpg","width":1000,"height":1000},{"@type":"BreadcrumbList","@id":"https:\/\/partijhandeldhz.nl\/de\/produkt\/deckenlampen-sandros-o31cm-mesh\/#breadcrumb","itemListElement":[{"@type":"ListItem","position":1,"name":"Home","item":"https:\/\/partijhandeldhz.nl\/de\/"},{"@type":"ListItem","position":2,"name":"Shop","item":"https:\/\/partijhandeldhz.nl\/de\/shop\/"},{"@type":"ListItem","position":3,"name":"Deckenlampen-Sandros \u00d831cm \u2013 Mesh"}]},{"@type":"WebSite","@id":"https:\/\/partijhandeldhz.nl\/de\/#website","url":"https:\/\/partijhandeldhz.nl\/de\/","name":"DHZ Outlet & Partijhandel","description":"Grote en kleine partijen, altijd de scherpste prijs!","publisher":{"@id":"https:\/\/partijhandeldhz.nl\/de\/#organization"},"potentialAction":[{"@type":"SearchAction","target":{"@type":"EntryPoint","urlTemplate":"https:\/\/partijhandeldhz.nl\/de\/?s={search_term_string}"},"query-input":{"@type":"PropertyValueSpecification","valueRequired":true,"valueName":"search_term_string"}}],"inLanguage":"de"},{"@type":"Organization","@id":"https:\/\/partijhandeldhz.nl\/de\/#organization","name":"DHZ Outlet & Partijhandel","url":"https:\/\/partijhandeldhz.nl\/de\/","logo":{"@type":"ImageObject","inLanguage":"de","@id":"https:\/\/partijhandeldhz.nl\/de\/#\/schema\/logo\/image\/","url":"https:\/\/partijhandeldhz.nl\/wp-content\/uploads\/2025\/03\/1.png","contentUrl":"https:\/\/partijhandeldhz.nl\/wp-content\/uploads\/2025\/03\/1.png","width":1000,"height":500,"caption":"DHZ Outlet & Partijhandel"},"image":{"@id":"https:\/\/partijhandeldhz.nl\/de\/#\/schema\/logo\/image\/"},"sameAs":["https:\/\/www.facebook.com\/people\/Partijhandel-DHZ\/61573487458594\/","https:\/\/www.instagram.com\/partijhandeldhz\/"]}]}},"jetpack_sharing_enabled":true,"_links":{"self":[{"href":"https:\/\/partijhandeldhz.nl\/de\/wp-json\/wp\/v2\/product\/14902","targetHints":{"allow":["GET"]}}],"collection":[{"href":"https:\/\/partijhandeldhz.nl\/de\/wp-json\/wp\/v2\/product"}],"about":[{"href":"https:\/\/partijhandeldhz.nl\/de\/wp-json\/wp\/v2\/types\/product"}],"version-history":[{"count":0,"href":"https:\/\/partijhandeldhz.nl\/de\/wp-json\/wp\/v2\/product\/14902\/revisions"}],"wp:featuredmedia":[{"embeddable":true,"href":"https:\/\/partijhandeldhz.nl\/de\/wp-json\/wp\/v2\/media\/11936"}],"wp:attachment":[{"href":"https:\/\/partijhandeldhz.nl\/de\/wp-json\/wp\/v2\/media?parent=14902"}],"wp:term":[{"taxonomy":"product_brand","embeddable":true,"href":"https:\/\/partijhandeldhz.nl\/de\/wp-json\/wp\/v2\/product_brand?post=14902"},{"taxonomy":"product_cat","embeddable":true,"href":"https:\/\/partijhandeldhz.nl\/de\/wp-json\/wp\/v2\/product_cat?post=14902"},{"taxonomy":"product_tag","embeddable":true,"href":"https:\/\/partijhandeldhz.nl\/de\/wp-json\/wp\/v2\/product_tag?post=14902"}],"curies":[{"name":"wp","href":"https:\/\/api.w.org\/{rel}","templated":true}]}}