{"id":14878,"date":"2025-11-25T12:57:45","date_gmt":"2025-11-25T12:57:45","guid":{"rendered":"https:\/\/partijhandeldhz.nl\/product\/deckenlampe-zois-o34cm-2\/"},"modified":"2025-11-25T12:57:45","modified_gmt":"2025-11-25T12:57:45","slug":"deckenlampe-zois-o34cm-2","status":"publish","type":"product","link":"https:\/\/partijhandeldhz.nl\/de\/produkt\/deckenlampe-zois-o34cm-2\/","title":{"rendered":"Deckenlampe Zois \u00d834cm"},"content":{"rendered":"<p data-start=\"195\" data-end=\"514\">Die Brilliant Ceiling Lamp Zois \u00d834 cm ist eine robuste und stilvolle industrielle Deckenlampe, die jedem Raum einen kraftvollen und zeitgen\u00f6ssischen Charakter verleiht. Der gro\u00dfz\u00fcgige Durchmesser von 34 cm macht diese Variante zu einem echten Blickfang, perfekt f\u00fcr Wohnzimmer, K\u00fcchen, Schlafzimmer, Wohnzimmer und moderne Loft-Innenr\u00e4ume. <\/p>\n<p data-start=\"516\" data-end=\"821\">Die Lampe hat ein robustes schwarzes Metallgeh\u00e4use mit markanten Metallgitterdetails, die f\u00fcr ein atmosph\u00e4risches Lichtspiel und einen ausgepr\u00e4gten industriellen Look sorgen. Das offene Design l\u00e4sst die Lichtquelle wundersch\u00f6n hervorstechen, ideal in Kombination mit einer dekorativen LED-Gl\u00fchfadenlampe Ihrer Wahl. <\/p>\n<p data-start=\"823\" data-end=\"1060\">Da die Lichtquelle nicht enthalten ist, k\u00f6nnen Sie selbst entscheiden, welche Lichtfarbe und welcher Stil am besten zu Ihrem Interieur passt. Warmes Wei\u00df f\u00fcr eine gem\u00fctliche Atmosph\u00e4re oder helles Licht f\u00fcr funktionale Nutzung: Der Zois passt sich m\u00fchelos an. <\/p>\n<p data-start=\"1062\" data-end=\"1325\">Dank der robusten Metallkonstruktion und des benutzerfreundlichen Designs ist die Lampe einfach zu installieren und sofort einsatzbereit. Der Zois \u00d834 cm ist eine langlebige, stilvolle Erg\u00e4nzung f\u00fcr alle, die ein kraftvolles, modern-industrielles Design lieben. <\/p>\n<h2 data-start=\"1608\" data-end=\"1638\"><strong data-start=\"1611\" data-end=\"1638\">Schl\u00fcsselmerkmale<\/strong><\/h2>\n<ul>\n<li data-start=\"1642\" data-end=\"1691\">Moderne industrielle Deckenlampe mit Netzdetails<\/li>\n<li data-start=\"1694\" data-end=\"1721\">Gro\u00dfz\u00fcgiger Durchmesser von 34 cm<\/li>\n<li data-start=\"1724\" data-end=\"1754\">Robuste Metallkonstruktion<\/li>\n<li data-start=\"1757\" data-end=\"1797\">Lichtquelle Ihrer Wahl (nicht enthalten)<\/li>\n<li data-start=\"1800\" data-end=\"1824\">Einfache Installation<\/li>\n<li data-start=\"1827\" data-end=\"1878\">Perfekt f\u00fcr Wohnzimmer, K\u00fcche, Flur oder Schlafzimmer<\/li>\n<li data-start=\"1881\" data-end=\"1899\">EAN: 4004353382673<\/li>\n<\/ul>\n","protected":false},"excerpt":{"rendered":"<p>Die Brilliant Ceiling Lamp Zois \u00d834 cm ist eine industrielle Deckenlampe in Schwarz mit Metallgitterdetails. Robust, modern und ideal als gem\u00fctlicher Blickfang in jedem Raum.<br \/>\n<br data-start=\"1532\" data-end=\"1535\"><strong data-start=\"1535\" data-end=\"1601\"><em data-start=\"1537\" data-end=\"1599\">Bitte beachten Sie: Dieses Produkt kann nur \u00fcber unseren Webshop bestellt werden.<\/em><\/strong><\/p>\n","protected":false},"featured_media":11833,"template":"","meta":{"_acf_changed":false,"site-sidebar-layout":"default","site-content-layout":"","ast-site-content-layout":"default","site-content-style":"default","site-sidebar-style":"default","ast-global-header-display":"","ast-banner-title-visibility":"","ast-main-header-display":"","ast-hfb-above-header-display":"","ast-hfb-below-header-display":"","ast-hfb-mobile-header-display":"","site-post-title":"","ast-breadcrumbs-content":"","ast-featured-img":"","footer-sml-layout":"","ast-disable-related-posts":"","theme-transparent-header-meta":"default","adv-header-id-meta":"","stick-header-meta":"","header-above-stick-meta":"","header-main-stick-meta":"","header-below-stick-meta":"","astra-migrate-meta-layouts":"default","ast-page-background-enabled":"default","ast-page-background-meta":{"desktop":{"background-color":"","background-image":"","background-repeat":"repeat","background-position":"center center","background-size":"auto","background-attachment":"scroll","background-type":"","background-media":"","overlay-type":"","overlay-color":"","overlay-opacity":"","overlay-gradient":""},"tablet":{"background-color":"","background-image":"","background-repeat":"repeat","background-position":"center center","background-size":"auto","background-attachment":"scroll","background-type":"","background-media":"","overlay-type":"","overlay-color":"","overlay-opacity":"","overlay-gradient":""},"mobile":{"background-color":"","background-image":"","background-repeat":"repeat","background-position":"center center","background-size":"auto","background-attachment":"scroll","background-type":"","background-media":"","overlay-type":"","overlay-color":"","overlay-opacity":"","overlay-gradient":""}},"ast-content-background-meta":{"desktop":{"background-color":"var(--ast-global-color-5)","background-image":"","background-repeat":"repeat","background-position":"center center","background-size":"auto","background-attachment":"scroll","background-type":"","background-media":"","overlay-type":"","overlay-color":"","overlay-opacity":"","overlay-gradient":""},"tablet":{"background-color":"var(--ast-global-color-5)","background-image":"","background-repeat":"repeat","background-position":"center center","background-size":"auto","background-attachment":"scroll","background-type":"","background-media":"","overlay-type":"","overlay-color":"","overlay-opacity":"","overlay-gradient":""},"mobile":{"background-color":"var(--ast-global-color-5)","background-image":"","background-repeat":"repeat","background-position":"center center","background-size":"auto","background-attachment":"scroll","background-type":"","background-media":"","overlay-type":"","overlay-color":"","overlay-opacity":"","overlay-gradient":""}}},"product_brand":[465],"product_cat":[644,599],"product_tag":[],"class_list":{"0":"post-14878","1":"product","2":"type-product","3":"status-publish","4":"has-post-thumbnail","6":"product_brand-brilliant","7":"product_cat-deckenleuchten","8":"product_cat-postenhandel","9":"pa_merk-brilliant","10":"desktop-align-left","11":"tablet-align-left","12":"mobile-align-left","14":"first","15":"instock","16":"taxable","17":"shipping-taxable","18":"purchasable","19":"product-type-simple"},"acf":[],"yoast_head":"<!-- This site is optimized with the Yoast SEO plugin v27.5 - https:\/\/yoast.com\/product\/yoast-seo-wordpress\/ -->\n<title>Deckenlampe Zois \u00d834cm - DHZ Outlet &amp; Partijhandel<\/title>\n<meta name=\"robots\" content=\"index, follow, max-snippet:-1, max-image-preview:large, max-video-preview:-1\" \/>\n<link rel=\"canonical\" href=\"https:\/\/partijhandeldhz.nl\/de\/produkt\/deckenlampe-zois-o34cm-2\/\" \/>\n<meta property=\"og:locale\" content=\"de_DE\" \/>\n<meta property=\"og:type\" content=\"article\" \/>\n<meta property=\"og:title\" content=\"Deckenlampe Zois \u00d834cm - DHZ Outlet &amp; Partijhandel\" \/>\n<meta property=\"og:description\" content=\"Die Brilliant Ceiling Lamp Zois \u00d834 cm ist eine industrielle Deckenlampe in Schwarz mit Metallgitterdetails. Robust, modern und ideal als gem\u00fctlicher Blickfang in jedem Raum. Bitte beachten Sie: Dieses Produkt kann nur \u00fcber unseren Webshop bestellt werden.\" \/>\n<meta property=\"og:url\" content=\"https:\/\/partijhandeldhz.nl\/de\/produkt\/deckenlampe-zois-o34cm-2\/\" \/>\n<meta property=\"og:site_name\" content=\"DHZ Outlet &amp; Partijhandel\" \/>\n<meta property=\"article:publisher\" content=\"https:\/\/www.facebook.com\/people\/Partijhandel-DHZ\/61573487458594\/\" \/>\n<meta property=\"og:image\" content=\"https:\/\/partijhandeldhz.nl\/wp-content\/uploads\/2025\/11\/Afbeelding-1-33.jpg\" \/>\n\t<meta property=\"og:image:width\" content=\"1000\" \/>\n\t<meta property=\"og:image:height\" content=\"1000\" \/>\n\t<meta property=\"og:image:type\" content=\"image\/jpeg\" \/>\n<meta name=\"twitter:card\" content=\"summary_large_image\" \/>\n<meta name=\"twitter:label1\" content=\"Gesch\u00e4tzte Lesezeit\" \/>\n\t<meta name=\"twitter:data1\" content=\"1\u00a0Minute\" \/>\n<script type=\"application\/ld+json\" class=\"yoast-schema-graph\">{\"@context\":\"https:\\\/\\\/schema.org\",\"@graph\":[{\"@type\":\"WebPage\",\"@id\":\"https:\\\/\\\/partijhandeldhz.nl\\\/de\\\/produkt\\\/deckenlampe-zois-o34cm-2\\\/\",\"url\":\"https:\\\/\\\/partijhandeldhz.nl\\\/de\\\/produkt\\\/deckenlampe-zois-o34cm-2\\\/\",\"name\":\"Deckenlampe Zois \u00d834cm - DHZ Outlet &amp; Partijhandel\",\"isPartOf\":{\"@id\":\"https:\\\/\\\/partijhandeldhz.nl\\\/de\\\/#website\"},\"primaryImageOfPage\":{\"@id\":\"https:\\\/\\\/partijhandeldhz.nl\\\/de\\\/produkt\\\/deckenlampe-zois-o34cm-2\\\/#primaryimage\"},\"image\":{\"@id\":\"https:\\\/\\\/partijhandeldhz.nl\\\/de\\\/produkt\\\/deckenlampe-zois-o34cm-2\\\/#primaryimage\"},\"thumbnailUrl\":\"https:\\\/\\\/partijhandeldhz.nl\\\/wp-content\\\/uploads\\\/2025\\\/11\\\/Afbeelding-1-33.jpg\",\"datePublished\":\"2025-11-25T12:57:45+00:00\",\"breadcrumb\":{\"@id\":\"https:\\\/\\\/partijhandeldhz.nl\\\/de\\\/produkt\\\/deckenlampe-zois-o34cm-2\\\/#breadcrumb\"},\"inLanguage\":\"de\",\"potentialAction\":[{\"@type\":\"ReadAction\",\"target\":[\"https:\\\/\\\/partijhandeldhz.nl\\\/de\\\/produkt\\\/deckenlampe-zois-o34cm-2\\\/\"]}]},{\"@type\":\"ImageObject\",\"inLanguage\":\"de\",\"@id\":\"https:\\\/\\\/partijhandeldhz.nl\\\/de\\\/produkt\\\/deckenlampe-zois-o34cm-2\\\/#primaryimage\",\"url\":\"https:\\\/\\\/partijhandeldhz.nl\\\/wp-content\\\/uploads\\\/2025\\\/11\\\/Afbeelding-1-33.jpg\",\"contentUrl\":\"https:\\\/\\\/partijhandeldhz.nl\\\/wp-content\\\/uploads\\\/2025\\\/11\\\/Afbeelding-1-33.jpg\",\"width\":1000,\"height\":1000},{\"@type\":\"BreadcrumbList\",\"@id\":\"https:\\\/\\\/partijhandeldhz.nl\\\/de\\\/produkt\\\/deckenlampe-zois-o34cm-2\\\/#breadcrumb\",\"itemListElement\":[{\"@type\":\"ListItem\",\"position\":1,\"name\":\"Home\",\"item\":\"https:\\\/\\\/partijhandeldhz.nl\\\/de\\\/\"},{\"@type\":\"ListItem\",\"position\":2,\"name\":\"Shop\",\"item\":\"https:\\\/\\\/partijhandeldhz.nl\\\/de\\\/shop\\\/\"},{\"@type\":\"ListItem\",\"position\":3,\"name\":\"Deckenlampe Zois \u00d834cm\"}]},{\"@type\":\"WebSite\",\"@id\":\"https:\\\/\\\/partijhandeldhz.nl\\\/de\\\/#website\",\"url\":\"https:\\\/\\\/partijhandeldhz.nl\\\/de\\\/\",\"name\":\"DHZ Outlet & Partijhandel\",\"description\":\"Grote en kleine partijen, altijd de scherpste prijs!\",\"publisher\":{\"@id\":\"https:\\\/\\\/partijhandeldhz.nl\\\/de\\\/#organization\"},\"potentialAction\":[{\"@type\":\"SearchAction\",\"target\":{\"@type\":\"EntryPoint\",\"urlTemplate\":\"https:\\\/\\\/partijhandeldhz.nl\\\/de\\\/?s={search_term_string}\"},\"query-input\":{\"@type\":\"PropertyValueSpecification\",\"valueRequired\":true,\"valueName\":\"search_term_string\"}}],\"inLanguage\":\"de\"},{\"@type\":\"Organization\",\"@id\":\"https:\\\/\\\/partijhandeldhz.nl\\\/de\\\/#organization\",\"name\":\"DHZ Outlet & Partijhandel\",\"url\":\"https:\\\/\\\/partijhandeldhz.nl\\\/de\\\/\",\"logo\":{\"@type\":\"ImageObject\",\"inLanguage\":\"de\",\"@id\":\"https:\\\/\\\/partijhandeldhz.nl\\\/de\\\/#\\\/schema\\\/logo\\\/image\\\/\",\"url\":\"https:\\\/\\\/partijhandeldhz.nl\\\/wp-content\\\/uploads\\\/2025\\\/03\\\/1.png\",\"contentUrl\":\"https:\\\/\\\/partijhandeldhz.nl\\\/wp-content\\\/uploads\\\/2025\\\/03\\\/1.png\",\"width\":1000,\"height\":500,\"caption\":\"DHZ Outlet & Partijhandel\"},\"image\":{\"@id\":\"https:\\\/\\\/partijhandeldhz.nl\\\/de\\\/#\\\/schema\\\/logo\\\/image\\\/\"},\"sameAs\":[\"https:\\\/\\\/www.facebook.com\\\/people\\\/Partijhandel-DHZ\\\/61573487458594\\\/\",\"https:\\\/\\\/www.instagram.com\\\/partijhandeldhz\\\/\"]}]}<\/script>\n<!-- \/ Yoast SEO plugin. -->","yoast_head_json":{"title":"Deckenlampe Zois \u00d834cm - DHZ Outlet &amp; Partijhandel","robots":{"index":"index","follow":"follow","max-snippet":"max-snippet:-1","max-image-preview":"max-image-preview:large","max-video-preview":"max-video-preview:-1"},"canonical":"https:\/\/partijhandeldhz.nl\/de\/produkt\/deckenlampe-zois-o34cm-2\/","og_locale":"de_DE","og_type":"article","og_title":"Deckenlampe Zois \u00d834cm - DHZ Outlet &amp; Partijhandel","og_description":"Die Brilliant Ceiling Lamp Zois \u00d834 cm ist eine industrielle Deckenlampe in Schwarz mit Metallgitterdetails. Robust, modern und ideal als gem\u00fctlicher Blickfang in jedem Raum. Bitte beachten Sie: Dieses Produkt kann nur \u00fcber unseren Webshop bestellt werden.","og_url":"https:\/\/partijhandeldhz.nl\/de\/produkt\/deckenlampe-zois-o34cm-2\/","og_site_name":"DHZ Outlet &amp; Partijhandel","article_publisher":"https:\/\/www.facebook.com\/people\/Partijhandel-DHZ\/61573487458594\/","og_image":[{"width":1000,"height":1000,"url":"https:\/\/partijhandeldhz.nl\/wp-content\/uploads\/2025\/11\/Afbeelding-1-33.jpg","type":"image\/jpeg"}],"twitter_card":"summary_large_image","twitter_misc":{"Gesch\u00e4tzte Lesezeit":"1\u00a0Minute"},"schema":{"@context":"https:\/\/schema.org","@graph":[{"@type":"WebPage","@id":"https:\/\/partijhandeldhz.nl\/de\/produkt\/deckenlampe-zois-o34cm-2\/","url":"https:\/\/partijhandeldhz.nl\/de\/produkt\/deckenlampe-zois-o34cm-2\/","name":"Deckenlampe Zois \u00d834cm - DHZ Outlet &amp; Partijhandel","isPartOf":{"@id":"https:\/\/partijhandeldhz.nl\/de\/#website"},"primaryImageOfPage":{"@id":"https:\/\/partijhandeldhz.nl\/de\/produkt\/deckenlampe-zois-o34cm-2\/#primaryimage"},"image":{"@id":"https:\/\/partijhandeldhz.nl\/de\/produkt\/deckenlampe-zois-o34cm-2\/#primaryimage"},"thumbnailUrl":"https:\/\/partijhandeldhz.nl\/wp-content\/uploads\/2025\/11\/Afbeelding-1-33.jpg","datePublished":"2025-11-25T12:57:45+00:00","breadcrumb":{"@id":"https:\/\/partijhandeldhz.nl\/de\/produkt\/deckenlampe-zois-o34cm-2\/#breadcrumb"},"inLanguage":"de","potentialAction":[{"@type":"ReadAction","target":["https:\/\/partijhandeldhz.nl\/de\/produkt\/deckenlampe-zois-o34cm-2\/"]}]},{"@type":"ImageObject","inLanguage":"de","@id":"https:\/\/partijhandeldhz.nl\/de\/produkt\/deckenlampe-zois-o34cm-2\/#primaryimage","url":"https:\/\/partijhandeldhz.nl\/wp-content\/uploads\/2025\/11\/Afbeelding-1-33.jpg","contentUrl":"https:\/\/partijhandeldhz.nl\/wp-content\/uploads\/2025\/11\/Afbeelding-1-33.jpg","width":1000,"height":1000},{"@type":"BreadcrumbList","@id":"https:\/\/partijhandeldhz.nl\/de\/produkt\/deckenlampe-zois-o34cm-2\/#breadcrumb","itemListElement":[{"@type":"ListItem","position":1,"name":"Home","item":"https:\/\/partijhandeldhz.nl\/de\/"},{"@type":"ListItem","position":2,"name":"Shop","item":"https:\/\/partijhandeldhz.nl\/de\/shop\/"},{"@type":"ListItem","position":3,"name":"Deckenlampe Zois \u00d834cm"}]},{"@type":"WebSite","@id":"https:\/\/partijhandeldhz.nl\/de\/#website","url":"https:\/\/partijhandeldhz.nl\/de\/","name":"DHZ Outlet & Partijhandel","description":"Grote en kleine partijen, altijd de scherpste prijs!","publisher":{"@id":"https:\/\/partijhandeldhz.nl\/de\/#organization"},"potentialAction":[{"@type":"SearchAction","target":{"@type":"EntryPoint","urlTemplate":"https:\/\/partijhandeldhz.nl\/de\/?s={search_term_string}"},"query-input":{"@type":"PropertyValueSpecification","valueRequired":true,"valueName":"search_term_string"}}],"inLanguage":"de"},{"@type":"Organization","@id":"https:\/\/partijhandeldhz.nl\/de\/#organization","name":"DHZ Outlet & Partijhandel","url":"https:\/\/partijhandeldhz.nl\/de\/","logo":{"@type":"ImageObject","inLanguage":"de","@id":"https:\/\/partijhandeldhz.nl\/de\/#\/schema\/logo\/image\/","url":"https:\/\/partijhandeldhz.nl\/wp-content\/uploads\/2025\/03\/1.png","contentUrl":"https:\/\/partijhandeldhz.nl\/wp-content\/uploads\/2025\/03\/1.png","width":1000,"height":500,"caption":"DHZ Outlet & Partijhandel"},"image":{"@id":"https:\/\/partijhandeldhz.nl\/de\/#\/schema\/logo\/image\/"},"sameAs":["https:\/\/www.facebook.com\/people\/Partijhandel-DHZ\/61573487458594\/","https:\/\/www.instagram.com\/partijhandeldhz\/"]}]}},"jetpack_sharing_enabled":true,"_links":{"self":[{"href":"https:\/\/partijhandeldhz.nl\/de\/wp-json\/wp\/v2\/product\/14878","targetHints":{"allow":["GET"]}}],"collection":[{"href":"https:\/\/partijhandeldhz.nl\/de\/wp-json\/wp\/v2\/product"}],"about":[{"href":"https:\/\/partijhandeldhz.nl\/de\/wp-json\/wp\/v2\/types\/product"}],"version-history":[{"count":0,"href":"https:\/\/partijhandeldhz.nl\/de\/wp-json\/wp\/v2\/product\/14878\/revisions"}],"wp:featuredmedia":[{"embeddable":true,"href":"https:\/\/partijhandeldhz.nl\/de\/wp-json\/wp\/v2\/media\/11833"}],"wp:attachment":[{"href":"https:\/\/partijhandeldhz.nl\/de\/wp-json\/wp\/v2\/media?parent=14878"}],"wp:term":[{"taxonomy":"product_brand","embeddable":true,"href":"https:\/\/partijhandeldhz.nl\/de\/wp-json\/wp\/v2\/product_brand?post=14878"},{"taxonomy":"product_cat","embeddable":true,"href":"https:\/\/partijhandeldhz.nl\/de\/wp-json\/wp\/v2\/product_cat?post=14878"},{"taxonomy":"product_tag","embeddable":true,"href":"https:\/\/partijhandeldhz.nl\/de\/wp-json\/wp\/v2\/product_tag?post=14878"}],"curies":[{"name":"wp","href":"https:\/\/api.w.org\/{rel}","templated":true}]}}