{"id":14771,"date":"2025-11-26T11:41:42","date_gmt":"2025-11-26T11:41:42","guid":{"rendered":"https:\/\/partijhandeldhz.nl\/product\/konstruktionslampe-auf-stativ-2x15w-2\/"},"modified":"2025-11-26T11:41:42","modified_gmt":"2025-11-26T11:41:42","slug":"konstruktionslampe-auf-stativ-2x15w-2","status":"publish","type":"product","link":"https:\/\/partijhandeldhz.nl\/de\/produkt\/konstruktionslampe-auf-stativ-2x15w-2\/","title":{"rendered":"Konstruktionslampe auf Stativ (2x15W)"},"content":{"rendered":"<p data-start=\"159\" data-end=\"480\">Die V-Tac Baulampe auf Stativ ist eine leistungsstarke, praktische und professionelle Beleuchtungsl\u00f6sung f\u00fcr Werkst\u00e4tten, Baustellen, Garagen und Au\u00dfenarbeiten. Dank des verstellbaren Stativs und der doppelten LED-Lampen ist dieses Baulicht ideal f\u00fcr jede Situation, in der helles, fokussiertes und zuverl\u00e4ssiges Licht unverzichtbar ist. <\/p>\n<p data-start=\"482\" data-end=\"845\">Die Baulampe verf\u00fcgt \u00fcber zwei integrierte LED-Lichtquellen mit jeweils 15 Watt pro Lampe, sodass Sie von hoher Lichtleistung und energieeffizienter Nutzung profitieren. Das robuste Aluminiumgeh\u00e4use sorgt f\u00fcr eine lange Lebensdauer und maximale Stabilit\u00e4t, w\u00e4hrend der IP44-Schutz die Konstruktion lichtwasserdicht macht \u2013 perfekt f\u00fcr den Innen- und Au\u00dfeneinsatz. <\/p>\n<p data-start=\"847\" data-end=\"1154\">Das robuste, gelb lackierte Aluminiumstativ ist vollst\u00e4ndig verstellbar, sodass Sie die Lichter problemlos auf die gew\u00fcnschte H\u00f6he und Richtung einstellen k\u00f6nnen. Dadurch eignet sich die Baulampe f\u00fcr verschiedene Arbeiten wie Malen, Renovierung, Mauerwerk, Abendarbeit oder die Beleuchtung gr\u00f6\u00dferer R\u00e4ume. <\/p>\n<p data-start=\"1156\" data-end=\"1387\">Mit einem Gesamtgewicht von 6 kg steht die Lampe fest an Ort und Stelle, ist aber dennoch leicht zu bewegen. Dank der Anbindung an das Netz k\u00f6nnen Sie kontinuierlich arbeiten, ohne sich um Batterien oder Ladezeit sorgen zu m\u00fcssen. <\/p>\n<h2 data-start=\"1700\" data-end=\"1730\"><strong data-start=\"1703\" data-end=\"1730\">Schl\u00fcsselmerkmale<\/strong><\/h2>\n<ul>\n<li data-start=\"1734\" data-end=\"1778\">Baulicht mit zwei integrierten LED-Leuchten<\/li>\n<li data-start=\"1781\" data-end=\"1809\">Leistung pro Lampe: 15 Watt<\/li>\n<li data-start=\"1812\" data-end=\"1841\">Inkl. Stativ (verstellbar) <\/li>\n<li data-start=\"1844\" data-end=\"1880\">Aluminiumrahmen in Gelb<\/li>\n<li data-start=\"1883\" data-end=\"1940\">Helles Arbeitslicht f\u00fcr professionelle und hobbybezogene Anwendungen<\/li>\n<li data-start=\"1943\" data-end=\"1982\">Geeignet f\u00fcr den Innen- und Au\u00dfeneinsatz (IP44)<\/li>\n<li data-start=\"1985\" data-end=\"2009\">Verbindung: Netzstrom<\/li>\n<li data-start=\"2012\" data-end=\"2036\">Ma\u00dfe: 78 \u00d7 68 cm<\/li>\n<li data-start=\"2039\" data-end=\"2054\">Gewicht: 6 kg<\/li>\n<li data-start=\"2057\" data-end=\"2085\">Langlebiges und robustes Design<\/li>\n<li data-start=\"2088\" data-end=\"2106\">EAN: 3800157652643<\/li>\n<\/ul>\n","protected":false},"excerpt":{"rendered":"<p>Die V-Tac Construction Light auf dem Stativ ist eine leistungsstarke doppelte LED-Konstruktionslampe (2\u00d715W) auf einem verstellbaren Stativ. Ideal f\u00fcr Innen- und Au\u00dfenarbeiten dank IP44-Schutz und robustem Aluminiumgeh\u00e4use.<br \/>\n<br data-start=\"1624\" data-end=\"1627\"><strong data-start=\"1627\" data-end=\"1693\"><em data-start=\"1629\" data-end=\"1691\">Bitte beachten Sie: Dieses Produkt kann nur \u00fcber unseren Webshop bestellt werden.<\/em><\/strong><\/p>\n","protected":false},"featured_media":12079,"template":"","meta":{"_acf_changed":false,"site-sidebar-layout":"default","site-content-layout":"","ast-site-content-layout":"default","site-content-style":"default","site-sidebar-style":"default","ast-global-header-display":"","ast-banner-title-visibility":"","ast-main-header-display":"","ast-hfb-above-header-display":"","ast-hfb-below-header-display":"","ast-hfb-mobile-header-display":"","site-post-title":"","ast-breadcrumbs-content":"","ast-featured-img":"","footer-sml-layout":"","ast-disable-related-posts":"","theme-transparent-header-meta":"default","adv-header-id-meta":"","stick-header-meta":"","header-above-stick-meta":"","header-main-stick-meta":"","header-below-stick-meta":"","astra-migrate-meta-layouts":"default","ast-page-background-enabled":"default","ast-page-background-meta":{"desktop":{"background-color":"","background-image":"","background-repeat":"repeat","background-position":"center center","background-size":"auto","background-attachment":"scroll","background-type":"","background-media":"","overlay-type":"","overlay-color":"","overlay-opacity":"","overlay-gradient":""},"tablet":{"background-color":"","background-image":"","background-repeat":"repeat","background-position":"center center","background-size":"auto","background-attachment":"scroll","background-type":"","background-media":"","overlay-type":"","overlay-color":"","overlay-opacity":"","overlay-gradient":""},"mobile":{"background-color":"","background-image":"","background-repeat":"repeat","background-position":"center center","background-size":"auto","background-attachment":"scroll","background-type":"","background-media":"","overlay-type":"","overlay-color":"","overlay-opacity":"","overlay-gradient":""}},"ast-content-background-meta":{"desktop":{"background-color":"var(--ast-global-color-5)","background-image":"","background-repeat":"repeat","background-position":"center center","background-size":"auto","background-attachment":"scroll","background-type":"","background-media":"","overlay-type":"","overlay-color":"","overlay-opacity":"","overlay-gradient":""},"tablet":{"background-color":"var(--ast-global-color-5)","background-image":"","background-repeat":"repeat","background-position":"center center","background-size":"auto","background-attachment":"scroll","background-type":"","background-media":"","overlay-type":"","overlay-color":"","overlay-opacity":"","overlay-gradient":""},"mobile":{"background-color":"var(--ast-global-color-5)","background-image":"","background-repeat":"repeat","background-position":"center center","background-size":"auto","background-attachment":"scroll","background-type":"","background-media":"","overlay-type":"","overlay-color":"","overlay-opacity":"","overlay-gradient":""}}},"product_brand":[569],"product_cat":[629,599],"product_tag":[],"class_list":{"0":"post-14771","1":"product","2":"type-product","3":"status-publish","4":"has-post-thumbnail","6":"product_brand-v-tac","7":"product_cat-bau-und-arbeitsbeleuchtung","8":"product_cat-postenhandel","9":"pa_merk-v-tac","10":"desktop-align-left","11":"tablet-align-left","12":"mobile-align-left","14":"first","15":"instock","16":"taxable","17":"shipping-taxable","18":"purchasable","19":"product-type-simple"},"acf":[],"yoast_head":"<!-- This site is optimized with the Yoast SEO plugin v27.5 - https:\/\/yoast.com\/product\/yoast-seo-wordpress\/ -->\n<title>Konstruktionslampe auf Stativ (2x15W) - DHZ Outlet &amp; Partijhandel<\/title>\n<meta name=\"robots\" content=\"index, follow, max-snippet:-1, max-image-preview:large, max-video-preview:-1\" \/>\n<link rel=\"canonical\" href=\"https:\/\/partijhandeldhz.nl\/de\/produkt\/konstruktionslampe-auf-stativ-2x15w-2\/\" \/>\n<meta property=\"og:locale\" content=\"de_DE\" \/>\n<meta property=\"og:type\" content=\"article\" \/>\n<meta property=\"og:title\" content=\"Konstruktionslampe auf Stativ (2x15W) - DHZ Outlet &amp; Partijhandel\" \/>\n<meta property=\"og:description\" content=\"Die V-Tac Construction Light auf dem Stativ ist eine leistungsstarke doppelte LED-Konstruktionslampe (2\u00d715W) auf einem verstellbaren Stativ. Ideal f\u00fcr Innen- und Au\u00dfenarbeiten dank IP44-Schutz und robustem Aluminiumgeh\u00e4use. Bitte beachten Sie: Dieses Produkt kann nur \u00fcber unseren Webshop bestellt werden.\" \/>\n<meta property=\"og:url\" content=\"https:\/\/partijhandeldhz.nl\/de\/produkt\/konstruktionslampe-auf-stativ-2x15w-2\/\" \/>\n<meta property=\"og:site_name\" content=\"DHZ Outlet &amp; Partijhandel\" \/>\n<meta property=\"article:publisher\" content=\"https:\/\/www.facebook.com\/people\/Partijhandel-DHZ\/61573487458594\/\" \/>\n<meta property=\"og:image\" content=\"https:\/\/partijhandeldhz.nl\/wp-content\/uploads\/2025\/11\/Afbeelding-1-47.jpg\" \/>\n\t<meta property=\"og:image:width\" content=\"1000\" \/>\n\t<meta property=\"og:image:height\" content=\"1000\" \/>\n\t<meta property=\"og:image:type\" content=\"image\/jpeg\" \/>\n<meta name=\"twitter:card\" content=\"summary_large_image\" \/>\n<meta name=\"twitter:label1\" content=\"Gesch\u00e4tzte Lesezeit\" \/>\n\t<meta name=\"twitter:data1\" content=\"1\u00a0Minute\" \/>\n<script type=\"application\/ld+json\" class=\"yoast-schema-graph\">{\"@context\":\"https:\\\/\\\/schema.org\",\"@graph\":[{\"@type\":\"WebPage\",\"@id\":\"https:\\\/\\\/partijhandeldhz.nl\\\/de\\\/produkt\\\/konstruktionslampe-auf-stativ-2x15w-2\\\/\",\"url\":\"https:\\\/\\\/partijhandeldhz.nl\\\/de\\\/produkt\\\/konstruktionslampe-auf-stativ-2x15w-2\\\/\",\"name\":\"Konstruktionslampe auf Stativ (2x15W) - DHZ Outlet &amp; Partijhandel\",\"isPartOf\":{\"@id\":\"https:\\\/\\\/partijhandeldhz.nl\\\/de\\\/#website\"},\"primaryImageOfPage\":{\"@id\":\"https:\\\/\\\/partijhandeldhz.nl\\\/de\\\/produkt\\\/konstruktionslampe-auf-stativ-2x15w-2\\\/#primaryimage\"},\"image\":{\"@id\":\"https:\\\/\\\/partijhandeldhz.nl\\\/de\\\/produkt\\\/konstruktionslampe-auf-stativ-2x15w-2\\\/#primaryimage\"},\"thumbnailUrl\":\"https:\\\/\\\/partijhandeldhz.nl\\\/wp-content\\\/uploads\\\/2025\\\/11\\\/Afbeelding-1-47.jpg\",\"datePublished\":\"2025-11-26T11:41:42+00:00\",\"breadcrumb\":{\"@id\":\"https:\\\/\\\/partijhandeldhz.nl\\\/de\\\/produkt\\\/konstruktionslampe-auf-stativ-2x15w-2\\\/#breadcrumb\"},\"inLanguage\":\"de\",\"potentialAction\":[{\"@type\":\"ReadAction\",\"target\":[\"https:\\\/\\\/partijhandeldhz.nl\\\/de\\\/produkt\\\/konstruktionslampe-auf-stativ-2x15w-2\\\/\"]}]},{\"@type\":\"ImageObject\",\"inLanguage\":\"de\",\"@id\":\"https:\\\/\\\/partijhandeldhz.nl\\\/de\\\/produkt\\\/konstruktionslampe-auf-stativ-2x15w-2\\\/#primaryimage\",\"url\":\"https:\\\/\\\/partijhandeldhz.nl\\\/wp-content\\\/uploads\\\/2025\\\/11\\\/Afbeelding-1-47.jpg\",\"contentUrl\":\"https:\\\/\\\/partijhandeldhz.nl\\\/wp-content\\\/uploads\\\/2025\\\/11\\\/Afbeelding-1-47.jpg\",\"width\":1000,\"height\":1000},{\"@type\":\"BreadcrumbList\",\"@id\":\"https:\\\/\\\/partijhandeldhz.nl\\\/de\\\/produkt\\\/konstruktionslampe-auf-stativ-2x15w-2\\\/#breadcrumb\",\"itemListElement\":[{\"@type\":\"ListItem\",\"position\":1,\"name\":\"Home\",\"item\":\"https:\\\/\\\/partijhandeldhz.nl\\\/de\\\/\"},{\"@type\":\"ListItem\",\"position\":2,\"name\":\"Shop\",\"item\":\"https:\\\/\\\/partijhandeldhz.nl\\\/de\\\/shop\\\/\"},{\"@type\":\"ListItem\",\"position\":3,\"name\":\"Konstruktionslampe auf Stativ (2x15W)\"}]},{\"@type\":\"WebSite\",\"@id\":\"https:\\\/\\\/partijhandeldhz.nl\\\/de\\\/#website\",\"url\":\"https:\\\/\\\/partijhandeldhz.nl\\\/de\\\/\",\"name\":\"DHZ Outlet & Partijhandel\",\"description\":\"Grote en kleine partijen, altijd de scherpste prijs!\",\"publisher\":{\"@id\":\"https:\\\/\\\/partijhandeldhz.nl\\\/de\\\/#organization\"},\"potentialAction\":[{\"@type\":\"SearchAction\",\"target\":{\"@type\":\"EntryPoint\",\"urlTemplate\":\"https:\\\/\\\/partijhandeldhz.nl\\\/de\\\/?s={search_term_string}\"},\"query-input\":{\"@type\":\"PropertyValueSpecification\",\"valueRequired\":true,\"valueName\":\"search_term_string\"}}],\"inLanguage\":\"de\"},{\"@type\":\"Organization\",\"@id\":\"https:\\\/\\\/partijhandeldhz.nl\\\/de\\\/#organization\",\"name\":\"DHZ Outlet & Partijhandel\",\"url\":\"https:\\\/\\\/partijhandeldhz.nl\\\/de\\\/\",\"logo\":{\"@type\":\"ImageObject\",\"inLanguage\":\"de\",\"@id\":\"https:\\\/\\\/partijhandeldhz.nl\\\/de\\\/#\\\/schema\\\/logo\\\/image\\\/\",\"url\":\"https:\\\/\\\/partijhandeldhz.nl\\\/wp-content\\\/uploads\\\/2025\\\/03\\\/1.png\",\"contentUrl\":\"https:\\\/\\\/partijhandeldhz.nl\\\/wp-content\\\/uploads\\\/2025\\\/03\\\/1.png\",\"width\":1000,\"height\":500,\"caption\":\"DHZ Outlet & Partijhandel\"},\"image\":{\"@id\":\"https:\\\/\\\/partijhandeldhz.nl\\\/de\\\/#\\\/schema\\\/logo\\\/image\\\/\"},\"sameAs\":[\"https:\\\/\\\/www.facebook.com\\\/people\\\/Partijhandel-DHZ\\\/61573487458594\\\/\",\"https:\\\/\\\/www.instagram.com\\\/partijhandeldhz\\\/\"]}]}<\/script>\n<!-- \/ Yoast SEO plugin. -->","yoast_head_json":{"title":"Konstruktionslampe auf Stativ (2x15W) - DHZ Outlet &amp; Partijhandel","robots":{"index":"index","follow":"follow","max-snippet":"max-snippet:-1","max-image-preview":"max-image-preview:large","max-video-preview":"max-video-preview:-1"},"canonical":"https:\/\/partijhandeldhz.nl\/de\/produkt\/konstruktionslampe-auf-stativ-2x15w-2\/","og_locale":"de_DE","og_type":"article","og_title":"Konstruktionslampe auf Stativ (2x15W) - DHZ Outlet &amp; Partijhandel","og_description":"Die V-Tac Construction Light auf dem Stativ ist eine leistungsstarke doppelte LED-Konstruktionslampe (2\u00d715W) auf einem verstellbaren Stativ. Ideal f\u00fcr Innen- und Au\u00dfenarbeiten dank IP44-Schutz und robustem Aluminiumgeh\u00e4use. Bitte beachten Sie: Dieses Produkt kann nur \u00fcber unseren Webshop bestellt werden.","og_url":"https:\/\/partijhandeldhz.nl\/de\/produkt\/konstruktionslampe-auf-stativ-2x15w-2\/","og_site_name":"DHZ Outlet &amp; Partijhandel","article_publisher":"https:\/\/www.facebook.com\/people\/Partijhandel-DHZ\/61573487458594\/","og_image":[{"width":1000,"height":1000,"url":"https:\/\/partijhandeldhz.nl\/wp-content\/uploads\/2025\/11\/Afbeelding-1-47.jpg","type":"image\/jpeg"}],"twitter_card":"summary_large_image","twitter_misc":{"Gesch\u00e4tzte Lesezeit":"1\u00a0Minute"},"schema":{"@context":"https:\/\/schema.org","@graph":[{"@type":"WebPage","@id":"https:\/\/partijhandeldhz.nl\/de\/produkt\/konstruktionslampe-auf-stativ-2x15w-2\/","url":"https:\/\/partijhandeldhz.nl\/de\/produkt\/konstruktionslampe-auf-stativ-2x15w-2\/","name":"Konstruktionslampe auf Stativ (2x15W) - DHZ Outlet &amp; Partijhandel","isPartOf":{"@id":"https:\/\/partijhandeldhz.nl\/de\/#website"},"primaryImageOfPage":{"@id":"https:\/\/partijhandeldhz.nl\/de\/produkt\/konstruktionslampe-auf-stativ-2x15w-2\/#primaryimage"},"image":{"@id":"https:\/\/partijhandeldhz.nl\/de\/produkt\/konstruktionslampe-auf-stativ-2x15w-2\/#primaryimage"},"thumbnailUrl":"https:\/\/partijhandeldhz.nl\/wp-content\/uploads\/2025\/11\/Afbeelding-1-47.jpg","datePublished":"2025-11-26T11:41:42+00:00","breadcrumb":{"@id":"https:\/\/partijhandeldhz.nl\/de\/produkt\/konstruktionslampe-auf-stativ-2x15w-2\/#breadcrumb"},"inLanguage":"de","potentialAction":[{"@type":"ReadAction","target":["https:\/\/partijhandeldhz.nl\/de\/produkt\/konstruktionslampe-auf-stativ-2x15w-2\/"]}]},{"@type":"ImageObject","inLanguage":"de","@id":"https:\/\/partijhandeldhz.nl\/de\/produkt\/konstruktionslampe-auf-stativ-2x15w-2\/#primaryimage","url":"https:\/\/partijhandeldhz.nl\/wp-content\/uploads\/2025\/11\/Afbeelding-1-47.jpg","contentUrl":"https:\/\/partijhandeldhz.nl\/wp-content\/uploads\/2025\/11\/Afbeelding-1-47.jpg","width":1000,"height":1000},{"@type":"BreadcrumbList","@id":"https:\/\/partijhandeldhz.nl\/de\/produkt\/konstruktionslampe-auf-stativ-2x15w-2\/#breadcrumb","itemListElement":[{"@type":"ListItem","position":1,"name":"Home","item":"https:\/\/partijhandeldhz.nl\/de\/"},{"@type":"ListItem","position":2,"name":"Shop","item":"https:\/\/partijhandeldhz.nl\/de\/shop\/"},{"@type":"ListItem","position":3,"name":"Konstruktionslampe auf Stativ (2x15W)"}]},{"@type":"WebSite","@id":"https:\/\/partijhandeldhz.nl\/de\/#website","url":"https:\/\/partijhandeldhz.nl\/de\/","name":"DHZ Outlet & Partijhandel","description":"Grote en kleine partijen, altijd de scherpste prijs!","publisher":{"@id":"https:\/\/partijhandeldhz.nl\/de\/#organization"},"potentialAction":[{"@type":"SearchAction","target":{"@type":"EntryPoint","urlTemplate":"https:\/\/partijhandeldhz.nl\/de\/?s={search_term_string}"},"query-input":{"@type":"PropertyValueSpecification","valueRequired":true,"valueName":"search_term_string"}}],"inLanguage":"de"},{"@type":"Organization","@id":"https:\/\/partijhandeldhz.nl\/de\/#organization","name":"DHZ Outlet & Partijhandel","url":"https:\/\/partijhandeldhz.nl\/de\/","logo":{"@type":"ImageObject","inLanguage":"de","@id":"https:\/\/partijhandeldhz.nl\/de\/#\/schema\/logo\/image\/","url":"https:\/\/partijhandeldhz.nl\/wp-content\/uploads\/2025\/03\/1.png","contentUrl":"https:\/\/partijhandeldhz.nl\/wp-content\/uploads\/2025\/03\/1.png","width":1000,"height":500,"caption":"DHZ Outlet & Partijhandel"},"image":{"@id":"https:\/\/partijhandeldhz.nl\/de\/#\/schema\/logo\/image\/"},"sameAs":["https:\/\/www.facebook.com\/people\/Partijhandel-DHZ\/61573487458594\/","https:\/\/www.instagram.com\/partijhandeldhz\/"]}]}},"jetpack_sharing_enabled":true,"_links":{"self":[{"href":"https:\/\/partijhandeldhz.nl\/de\/wp-json\/wp\/v2\/product\/14771","targetHints":{"allow":["GET"]}}],"collection":[{"href":"https:\/\/partijhandeldhz.nl\/de\/wp-json\/wp\/v2\/product"}],"about":[{"href":"https:\/\/partijhandeldhz.nl\/de\/wp-json\/wp\/v2\/types\/product"}],"version-history":[{"count":0,"href":"https:\/\/partijhandeldhz.nl\/de\/wp-json\/wp\/v2\/product\/14771\/revisions"}],"wp:featuredmedia":[{"embeddable":true,"href":"https:\/\/partijhandeldhz.nl\/de\/wp-json\/wp\/v2\/media\/12079"}],"wp:attachment":[{"href":"https:\/\/partijhandeldhz.nl\/de\/wp-json\/wp\/v2\/media?parent=14771"}],"wp:term":[{"taxonomy":"product_brand","embeddable":true,"href":"https:\/\/partijhandeldhz.nl\/de\/wp-json\/wp\/v2\/product_brand?post=14771"},{"taxonomy":"product_cat","embeddable":true,"href":"https:\/\/partijhandeldhz.nl\/de\/wp-json\/wp\/v2\/product_cat?post=14771"},{"taxonomy":"product_tag","embeddable":true,"href":"https:\/\/partijhandeldhz.nl\/de\/wp-json\/wp\/v2\/product_tag?post=14771"}],"curies":[{"name":"wp","href":"https:\/\/api.w.org\/{rel}","templated":true}]}}