{"id":14752,"date":"2025-12-10T15:57:06","date_gmt":"2025-12-10T15:57:06","guid":{"rendered":"https:\/\/partijhandeldhz.nl\/product\/werkzeugsatz-216-teile-2\/"},"modified":"2025-12-10T15:57:06","modified_gmt":"2025-12-10T15:57:06","slug":"werkzeugsatz-216-teile-2","status":"publish","type":"product","link":"https:\/\/partijhandeldhz.nl\/de\/produkt\/werkzeugsatz-216-teile-2\/","title":{"rendered":"Werkzeugsatz 216 Teile"},"content":{"rendered":"<p data-start=\"626\" data-end=\"989\">Das NEO Tools Tool Set mit 216 Teilen ist ein \u00e4u\u00dferst vollst\u00e4ndiges und langlebiges Werkzeugset, das speziell f\u00fcr den intensiven Einsatz in der Werkstatt, in der Werkstatt und im technischen Service konzipiert wurde. Dank der Kombination aus 1\/4&#8243;, 3\/8&#8243; und 1\/2&#8243; Antrieb bietet dieses Set maximale Vielseitigkeit f\u00fcr Montagearbeiten, Reparaturen, Automobilarbeiten, Wartung und Pr\u00e4zisionsarbeiten. <\/p>\n<p data-start=\"991\" data-end=\"1507\">Alle Teile bestehen aus hochwertigem Chrom-Vanadium-Stahl (CrV), bekannt f\u00fcr seine hervorragende Festigkeit, Verschlei\u00dffestigkeit und lange Nutzungsdauer. Die drei mitgelieferten Pr\u00e4zisionsratschen sind mit einem 72-zackigen Mechanismus ausgestattet, der pr\u00e4zise und geschmeidige Arbeit gew\u00e4hrleistet \u2013 selbst in engen R\u00e4umen. Das Set umfasst eine breite Palette von Steckschl\u00fcsseln, langen (tiefen Steckschl\u00fcsseln), Bohrer, Torx-, Allen- und Verzahnungsprofile, Adapter, Verl\u00e4ngerungen, Kardan-\/Universalkupplungen sowie einen kompletten Satz offener Schraubenschl\u00fcssel.  <\/p>\n<p data-start=\"1509\" data-end=\"1845\">Der robuste Kunststoffbeh\u00e4lter bietet eine logische und klare Anordnung, sodass alle Werkzeuge schnell und sicher aufbewahrt werden k\u00f6nnen. Dank der enormen Vielfalt und der professionellen Verarbeitungsqualit\u00e4t bildet dieses 216-teilige NEO-Set eine vollst\u00e4ndige Werkzeugbasis f\u00fcr sowohl Profis als auch anspruchsvolle DIY-Entwickler. <\/p>\n<p data-start=\"1847\" data-end=\"1933\">Mit diesem Set haben Sie f\u00fcr praktisch jeden Auftrag das richtige Werkzeug zur Hand.<\/p>\n<h1 data-start=\"1940\" data-end=\"1969\"><strong data-start=\"1942\" data-end=\"1969\">Schl\u00fcsselmerkmale<\/strong><\/h1>\n<ul>\n<li data-start=\"1972\" data-end=\"2007\">Vollst\u00e4ndiger 216-teiliger Steckschl\u00fcsselsatz<\/li>\n<li data-start=\"2010\" data-end=\"2054\">Drei Laufwerke: 1\/4&#8243;, 3\/8&#8243; und 1\/2&#8243;<\/li>\n<li data-start=\"2057\" data-end=\"2100\">Hergestellt aus hochwertigem CrV-Stahl<\/li>\n<li data-start=\"2103\" data-end=\"2147\">Pr\u00e4zisionsratschen mit 72-zahnigem Mechanismus<\/li>\n<li data-start=\"2150\" data-end=\"2214\">Umfassender Satz von Steckdosen, Bits, Torx-, Spline- und Inbus-Profilen<\/li>\n<li data-start=\"2217\" data-end=\"2293\">Enth\u00e4lt Schraubenschl\u00fcssel, Verl\u00e4ngerungen, Adapter und Universalgelenke<\/li>\n<li data-start=\"2296\" data-end=\"2368\">Geeignet f\u00fcr Automobil-, Montagearbeiten, Wartung und technischen Service<\/li>\n<li data-start=\"2371\" data-end=\"2409\">Ergonomische Griffe mit rutschfesten Griffen<\/li>\n<li data-start=\"2412\" data-end=\"2473\">Stabiler Kunststoffbeh\u00e4lter mit klarem Layout<\/li>\n<li data-start=\"2476\" data-end=\"2534\">Professionelle Qualit\u00e4t f\u00fcr intensiven t\u00e4glichen Gebrauch<\/li>\n<li data-start=\"2537\" data-end=\"2564\">EAN-Code: 5907558463255<\/li>\n<\/ul>\n","protected":false},"excerpt":{"rendered":"<p>Das 216-teilige NEO Tools Toolset ist ein professionelles und \u00e4u\u00dferst vollst\u00e4ndiges Steckschl\u00fcsselset mit 1\/4&#8243;, 3\/8&#8243; und 1\/2&#8243; Laufwerk. Gefertigt aus langlebigem CrV-Stahl und in einem stabilen Geh\u00e4use mit Ratschen, Steckschl\u00fcsseln, Bohrern, Verl\u00e4ngerungen und Schraubenschl\u00fcsseln f\u00fcr absolut jeden Auftrag geliefert.<br \/>\n<br data-start=\"512\" data-end=\"515\"><strong data-start=\"515\" data-end=\"581\"><em data-start=\"517\" data-end=\"579\">Bitte beachten Sie: Dieses Produkt kann nur \u00fcber unseren Webshop bestellt werden.<\/em><\/strong><\/p>\n","protected":false},"featured_media":14533,"template":"","meta":{"_acf_changed":false,"site-sidebar-layout":"default","site-content-layout":"","ast-site-content-layout":"default","site-content-style":"default","site-sidebar-style":"default","ast-global-header-display":"","ast-banner-title-visibility":"","ast-main-header-display":"","ast-hfb-above-header-display":"","ast-hfb-below-header-display":"","ast-hfb-mobile-header-display":"","site-post-title":"","ast-breadcrumbs-content":"","ast-featured-img":"","footer-sml-layout":"","ast-disable-related-posts":"","theme-transparent-header-meta":"default","adv-header-id-meta":"","stick-header-meta":"","header-above-stick-meta":"","header-main-stick-meta":"","header-below-stick-meta":"","astra-migrate-meta-layouts":"default","ast-page-background-enabled":"default","ast-page-background-meta":{"desktop":{"background-color":"","background-image":"","background-repeat":"repeat","background-position":"center center","background-size":"auto","background-attachment":"scroll","background-type":"","background-media":"","overlay-type":"","overlay-color":"","overlay-opacity":"","overlay-gradient":""},"tablet":{"background-color":"","background-image":"","background-repeat":"repeat","background-position":"center center","background-size":"auto","background-attachment":"scroll","background-type":"","background-media":"","overlay-type":"","overlay-color":"","overlay-opacity":"","overlay-gradient":""},"mobile":{"background-color":"","background-image":"","background-repeat":"repeat","background-position":"center center","background-size":"auto","background-attachment":"scroll","background-type":"","background-media":"","overlay-type":"","overlay-color":"","overlay-opacity":"","overlay-gradient":""}},"ast-content-background-meta":{"desktop":{"background-color":"var(--ast-global-color-5)","background-image":"","background-repeat":"repeat","background-position":"center center","background-size":"auto","background-attachment":"scroll","background-type":"","background-media":"","overlay-type":"","overlay-color":"","overlay-opacity":"","overlay-gradient":""},"tablet":{"background-color":"var(--ast-global-color-5)","background-image":"","background-repeat":"repeat","background-position":"center center","background-size":"auto","background-attachment":"scroll","background-type":"","background-media":"","overlay-type":"","overlay-color":"","overlay-opacity":"","overlay-gradient":""},"mobile":{"background-color":"var(--ast-global-color-5)","background-image":"","background-repeat":"repeat","background-position":"center center","background-size":"auto","background-attachment":"scroll","background-type":"","background-media":"","overlay-type":"","overlay-color":"","overlay-opacity":"","overlay-gradient":""}}},"product_brand":[429],"product_cat":[599,626],"product_tag":[],"class_list":{"0":"post-14752","1":"product","2":"type-product","3":"status-publish","4":"has-post-thumbnail","6":"product_brand-neo-tools","7":"product_cat-postenhandel","8":"product_cat-werkzeugsatze","9":"pa_merk-neo-tools","10":"desktop-align-left","11":"tablet-align-left","12":"mobile-align-left","14":"first","15":"instock","16":"taxable","17":"shipping-taxable","18":"purchasable","19":"product-type-simple"},"acf":[],"yoast_head":"<!-- This site is optimized with the Yoast SEO plugin v27.5 - https:\/\/yoast.com\/product\/yoast-seo-wordpress\/ -->\n<title>Werkzeugsatz 216 Teile - DHZ Outlet &amp; Partijhandel<\/title>\n<meta name=\"robots\" content=\"index, follow, max-snippet:-1, max-image-preview:large, max-video-preview:-1\" \/>\n<link rel=\"canonical\" href=\"https:\/\/partijhandeldhz.nl\/de\/produkt\/werkzeugsatz-216-teile-2\/\" \/>\n<meta property=\"og:locale\" content=\"de_DE\" \/>\n<meta property=\"og:type\" content=\"article\" \/>\n<meta property=\"og:title\" content=\"Werkzeugsatz 216 Teile - DHZ Outlet &amp; Partijhandel\" \/>\n<meta property=\"og:description\" content=\"Das 216-teilige NEO Tools Toolset ist ein professionelles und \u00e4u\u00dferst vollst\u00e4ndiges Steckschl\u00fcsselset mit 1\/4&quot;, 3\/8&quot; und 1\/2&quot; Laufwerk. Gefertigt aus langlebigem CrV-Stahl und in einem stabilen Geh\u00e4use mit Ratschen, Steckschl\u00fcsseln, Bohrern, Verl\u00e4ngerungen und Schraubenschl\u00fcsseln f\u00fcr absolut jeden Auftrag geliefert. Bitte beachten Sie: Dieses Produkt kann nur \u00fcber unseren Webshop bestellt werden.\" \/>\n<meta property=\"og:url\" content=\"https:\/\/partijhandeldhz.nl\/de\/produkt\/werkzeugsatz-216-teile-2\/\" \/>\n<meta property=\"og:site_name\" content=\"DHZ Outlet &amp; Partijhandel\" \/>\n<meta property=\"article:publisher\" content=\"https:\/\/www.facebook.com\/people\/Partijhandel-DHZ\/61573487458594\/\" \/>\n<meta property=\"og:image\" content=\"https:\/\/partijhandeldhz.nl\/wp-content\/uploads\/2025\/12\/Afbeelding-1-29.jpg\" \/>\n\t<meta property=\"og:image:width\" content=\"1000\" \/>\n\t<meta property=\"og:image:height\" content=\"1000\" \/>\n\t<meta property=\"og:image:type\" content=\"image\/jpeg\" \/>\n<meta name=\"twitter:card\" content=\"summary_large_image\" \/>\n<meta name=\"twitter:label1\" content=\"Gesch\u00e4tzte Lesezeit\" \/>\n\t<meta name=\"twitter:data1\" content=\"1\u00a0Minute\" \/>\n<script type=\"application\/ld+json\" class=\"yoast-schema-graph\">{\"@context\":\"https:\\\/\\\/schema.org\",\"@graph\":[{\"@type\":\"WebPage\",\"@id\":\"https:\\\/\\\/partijhandeldhz.nl\\\/de\\\/produkt\\\/werkzeugsatz-216-teile-2\\\/\",\"url\":\"https:\\\/\\\/partijhandeldhz.nl\\\/de\\\/produkt\\\/werkzeugsatz-216-teile-2\\\/\",\"name\":\"Werkzeugsatz 216 Teile - DHZ Outlet &amp; Partijhandel\",\"isPartOf\":{\"@id\":\"https:\\\/\\\/partijhandeldhz.nl\\\/de\\\/#website\"},\"primaryImageOfPage\":{\"@id\":\"https:\\\/\\\/partijhandeldhz.nl\\\/de\\\/produkt\\\/werkzeugsatz-216-teile-2\\\/#primaryimage\"},\"image\":{\"@id\":\"https:\\\/\\\/partijhandeldhz.nl\\\/de\\\/produkt\\\/werkzeugsatz-216-teile-2\\\/#primaryimage\"},\"thumbnailUrl\":\"https:\\\/\\\/partijhandeldhz.nl\\\/wp-content\\\/uploads\\\/2025\\\/12\\\/Afbeelding-1-29.jpg\",\"datePublished\":\"2025-12-10T15:57:06+00:00\",\"breadcrumb\":{\"@id\":\"https:\\\/\\\/partijhandeldhz.nl\\\/de\\\/produkt\\\/werkzeugsatz-216-teile-2\\\/#breadcrumb\"},\"inLanguage\":\"de\",\"potentialAction\":[{\"@type\":\"ReadAction\",\"target\":[\"https:\\\/\\\/partijhandeldhz.nl\\\/de\\\/produkt\\\/werkzeugsatz-216-teile-2\\\/\"]}]},{\"@type\":\"ImageObject\",\"inLanguage\":\"de\",\"@id\":\"https:\\\/\\\/partijhandeldhz.nl\\\/de\\\/produkt\\\/werkzeugsatz-216-teile-2\\\/#primaryimage\",\"url\":\"https:\\\/\\\/partijhandeldhz.nl\\\/wp-content\\\/uploads\\\/2025\\\/12\\\/Afbeelding-1-29.jpg\",\"contentUrl\":\"https:\\\/\\\/partijhandeldhz.nl\\\/wp-content\\\/uploads\\\/2025\\\/12\\\/Afbeelding-1-29.jpg\",\"width\":1000,\"height\":1000},{\"@type\":\"BreadcrumbList\",\"@id\":\"https:\\\/\\\/partijhandeldhz.nl\\\/de\\\/produkt\\\/werkzeugsatz-216-teile-2\\\/#breadcrumb\",\"itemListElement\":[{\"@type\":\"ListItem\",\"position\":1,\"name\":\"Home\",\"item\":\"https:\\\/\\\/partijhandeldhz.nl\\\/de\\\/\"},{\"@type\":\"ListItem\",\"position\":2,\"name\":\"Shop\",\"item\":\"https:\\\/\\\/partijhandeldhz.nl\\\/de\\\/shop\\\/\"},{\"@type\":\"ListItem\",\"position\":3,\"name\":\"Werkzeugsatz 216 Teile\"}]},{\"@type\":\"WebSite\",\"@id\":\"https:\\\/\\\/partijhandeldhz.nl\\\/de\\\/#website\",\"url\":\"https:\\\/\\\/partijhandeldhz.nl\\\/de\\\/\",\"name\":\"DHZ Outlet & Partijhandel\",\"description\":\"Grote en kleine partijen, altijd de scherpste prijs!\",\"publisher\":{\"@id\":\"https:\\\/\\\/partijhandeldhz.nl\\\/de\\\/#organization\"},\"potentialAction\":[{\"@type\":\"SearchAction\",\"target\":{\"@type\":\"EntryPoint\",\"urlTemplate\":\"https:\\\/\\\/partijhandeldhz.nl\\\/de\\\/?s={search_term_string}\"},\"query-input\":{\"@type\":\"PropertyValueSpecification\",\"valueRequired\":true,\"valueName\":\"search_term_string\"}}],\"inLanguage\":\"de\"},{\"@type\":\"Organization\",\"@id\":\"https:\\\/\\\/partijhandeldhz.nl\\\/de\\\/#organization\",\"name\":\"DHZ Outlet & Partijhandel\",\"url\":\"https:\\\/\\\/partijhandeldhz.nl\\\/de\\\/\",\"logo\":{\"@type\":\"ImageObject\",\"inLanguage\":\"de\",\"@id\":\"https:\\\/\\\/partijhandeldhz.nl\\\/de\\\/#\\\/schema\\\/logo\\\/image\\\/\",\"url\":\"https:\\\/\\\/partijhandeldhz.nl\\\/wp-content\\\/uploads\\\/2025\\\/03\\\/1.png\",\"contentUrl\":\"https:\\\/\\\/partijhandeldhz.nl\\\/wp-content\\\/uploads\\\/2025\\\/03\\\/1.png\",\"width\":1000,\"height\":500,\"caption\":\"DHZ Outlet & Partijhandel\"},\"image\":{\"@id\":\"https:\\\/\\\/partijhandeldhz.nl\\\/de\\\/#\\\/schema\\\/logo\\\/image\\\/\"},\"sameAs\":[\"https:\\\/\\\/www.facebook.com\\\/people\\\/Partijhandel-DHZ\\\/61573487458594\\\/\",\"https:\\\/\\\/www.instagram.com\\\/partijhandeldhz\\\/\"]}]}<\/script>\n<!-- \/ Yoast SEO plugin. -->","yoast_head_json":{"title":"Werkzeugsatz 216 Teile - DHZ Outlet &amp; Partijhandel","robots":{"index":"index","follow":"follow","max-snippet":"max-snippet:-1","max-image-preview":"max-image-preview:large","max-video-preview":"max-video-preview:-1"},"canonical":"https:\/\/partijhandeldhz.nl\/de\/produkt\/werkzeugsatz-216-teile-2\/","og_locale":"de_DE","og_type":"article","og_title":"Werkzeugsatz 216 Teile - DHZ Outlet &amp; Partijhandel","og_description":"Das 216-teilige NEO Tools Toolset ist ein professionelles und \u00e4u\u00dferst vollst\u00e4ndiges Steckschl\u00fcsselset mit 1\/4\", 3\/8\" und 1\/2\" Laufwerk. Gefertigt aus langlebigem CrV-Stahl und in einem stabilen Geh\u00e4use mit Ratschen, Steckschl\u00fcsseln, Bohrern, Verl\u00e4ngerungen und Schraubenschl\u00fcsseln f\u00fcr absolut jeden Auftrag geliefert. Bitte beachten Sie: Dieses Produkt kann nur \u00fcber unseren Webshop bestellt werden.","og_url":"https:\/\/partijhandeldhz.nl\/de\/produkt\/werkzeugsatz-216-teile-2\/","og_site_name":"DHZ Outlet &amp; Partijhandel","article_publisher":"https:\/\/www.facebook.com\/people\/Partijhandel-DHZ\/61573487458594\/","og_image":[{"width":1000,"height":1000,"url":"https:\/\/partijhandeldhz.nl\/wp-content\/uploads\/2025\/12\/Afbeelding-1-29.jpg","type":"image\/jpeg"}],"twitter_card":"summary_large_image","twitter_misc":{"Gesch\u00e4tzte Lesezeit":"1\u00a0Minute"},"schema":{"@context":"https:\/\/schema.org","@graph":[{"@type":"WebPage","@id":"https:\/\/partijhandeldhz.nl\/de\/produkt\/werkzeugsatz-216-teile-2\/","url":"https:\/\/partijhandeldhz.nl\/de\/produkt\/werkzeugsatz-216-teile-2\/","name":"Werkzeugsatz 216 Teile - DHZ Outlet &amp; Partijhandel","isPartOf":{"@id":"https:\/\/partijhandeldhz.nl\/de\/#website"},"primaryImageOfPage":{"@id":"https:\/\/partijhandeldhz.nl\/de\/produkt\/werkzeugsatz-216-teile-2\/#primaryimage"},"image":{"@id":"https:\/\/partijhandeldhz.nl\/de\/produkt\/werkzeugsatz-216-teile-2\/#primaryimage"},"thumbnailUrl":"https:\/\/partijhandeldhz.nl\/wp-content\/uploads\/2025\/12\/Afbeelding-1-29.jpg","datePublished":"2025-12-10T15:57:06+00:00","breadcrumb":{"@id":"https:\/\/partijhandeldhz.nl\/de\/produkt\/werkzeugsatz-216-teile-2\/#breadcrumb"},"inLanguage":"de","potentialAction":[{"@type":"ReadAction","target":["https:\/\/partijhandeldhz.nl\/de\/produkt\/werkzeugsatz-216-teile-2\/"]}]},{"@type":"ImageObject","inLanguage":"de","@id":"https:\/\/partijhandeldhz.nl\/de\/produkt\/werkzeugsatz-216-teile-2\/#primaryimage","url":"https:\/\/partijhandeldhz.nl\/wp-content\/uploads\/2025\/12\/Afbeelding-1-29.jpg","contentUrl":"https:\/\/partijhandeldhz.nl\/wp-content\/uploads\/2025\/12\/Afbeelding-1-29.jpg","width":1000,"height":1000},{"@type":"BreadcrumbList","@id":"https:\/\/partijhandeldhz.nl\/de\/produkt\/werkzeugsatz-216-teile-2\/#breadcrumb","itemListElement":[{"@type":"ListItem","position":1,"name":"Home","item":"https:\/\/partijhandeldhz.nl\/de\/"},{"@type":"ListItem","position":2,"name":"Shop","item":"https:\/\/partijhandeldhz.nl\/de\/shop\/"},{"@type":"ListItem","position":3,"name":"Werkzeugsatz 216 Teile"}]},{"@type":"WebSite","@id":"https:\/\/partijhandeldhz.nl\/de\/#website","url":"https:\/\/partijhandeldhz.nl\/de\/","name":"DHZ Outlet & Partijhandel","description":"Grote en kleine partijen, altijd de scherpste prijs!","publisher":{"@id":"https:\/\/partijhandeldhz.nl\/de\/#organization"},"potentialAction":[{"@type":"SearchAction","target":{"@type":"EntryPoint","urlTemplate":"https:\/\/partijhandeldhz.nl\/de\/?s={search_term_string}"},"query-input":{"@type":"PropertyValueSpecification","valueRequired":true,"valueName":"search_term_string"}}],"inLanguage":"de"},{"@type":"Organization","@id":"https:\/\/partijhandeldhz.nl\/de\/#organization","name":"DHZ Outlet & Partijhandel","url":"https:\/\/partijhandeldhz.nl\/de\/","logo":{"@type":"ImageObject","inLanguage":"de","@id":"https:\/\/partijhandeldhz.nl\/de\/#\/schema\/logo\/image\/","url":"https:\/\/partijhandeldhz.nl\/wp-content\/uploads\/2025\/03\/1.png","contentUrl":"https:\/\/partijhandeldhz.nl\/wp-content\/uploads\/2025\/03\/1.png","width":1000,"height":500,"caption":"DHZ Outlet & Partijhandel"},"image":{"@id":"https:\/\/partijhandeldhz.nl\/de\/#\/schema\/logo\/image\/"},"sameAs":["https:\/\/www.facebook.com\/people\/Partijhandel-DHZ\/61573487458594\/","https:\/\/www.instagram.com\/partijhandeldhz\/"]}]}},"jetpack_sharing_enabled":true,"_links":{"self":[{"href":"https:\/\/partijhandeldhz.nl\/de\/wp-json\/wp\/v2\/product\/14752","targetHints":{"allow":["GET"]}}],"collection":[{"href":"https:\/\/partijhandeldhz.nl\/de\/wp-json\/wp\/v2\/product"}],"about":[{"href":"https:\/\/partijhandeldhz.nl\/de\/wp-json\/wp\/v2\/types\/product"}],"version-history":[{"count":0,"href":"https:\/\/partijhandeldhz.nl\/de\/wp-json\/wp\/v2\/product\/14752\/revisions"}],"wp:featuredmedia":[{"embeddable":true,"href":"https:\/\/partijhandeldhz.nl\/de\/wp-json\/wp\/v2\/media\/14533"}],"wp:attachment":[{"href":"https:\/\/partijhandeldhz.nl\/de\/wp-json\/wp\/v2\/media?parent=14752"}],"wp:term":[{"taxonomy":"product_brand","embeddable":true,"href":"https:\/\/partijhandeldhz.nl\/de\/wp-json\/wp\/v2\/product_brand?post=14752"},{"taxonomy":"product_cat","embeddable":true,"href":"https:\/\/partijhandeldhz.nl\/de\/wp-json\/wp\/v2\/product_cat?post=14752"},{"taxonomy":"product_tag","embeddable":true,"href":"https:\/\/partijhandeldhz.nl\/de\/wp-json\/wp\/v2\/product_tag?post=14752"}],"curies":[{"name":"wp","href":"https:\/\/api.w.org\/{rel}","templated":true}]}}