{"id":14745,"date":"2025-12-10T15:43:20","date_gmt":"2025-12-10T15:43:20","guid":{"rendered":"https:\/\/partijhandeldhz.nl\/product\/werkzeugsatz-110-teile\/"},"modified":"2025-12-10T15:43:20","modified_gmt":"2025-12-10T15:43:20","slug":"werkzeugsatz-110-teile","status":"publish","type":"product","link":"https:\/\/partijhandeldhz.nl\/de\/produkt\/werkzeugsatz-110-teile\/","title":{"rendered":"Werkzeugsatz 110 Teile"},"content":{"rendered":"<p data-start=\"679\" data-end=\"1163\">Das NEO Tools Tool Set mit 110 Teilen bietet eine komplette und hochwertige Ausr\u00fcstung f\u00fcr alle, die professionelle Werkzeuge f\u00fcr den t\u00e4glichen Gebrauch ben\u00f6tigen. Das Set ist f\u00fcr intensive Anwendungen in Werkstatt, Garage und technischen Projekten zusammengestellt. Dank der Kombination aus 1\/4&#8243;- und 1\/2&#8243;-Stecks\u00e4tzen, Ratschen, Bohrern, Schraubenschl\u00fcsseln und verschiedenen Aufs\u00e4tzen ist dies ein vielseitiges Werkzeugset, das sich f\u00fcr Automobil-, Montagearbeiten, Wartung und Pr\u00e4zisionsarbeiten eignet.  <\/p>\n<p data-start=\"1165\" data-end=\"1560\">Alle Teile bestehen aus verschlei\u00dffestem Chrom-Vanadium-Stahl (CrV), was au\u00dfergew\u00f6hnliche Festigkeit und lange Lebensdauer gew\u00e4hrleistet. Die mitgelieferten Ratschen sind mit einem 72-Z\u00e4hne-Mechanismus ausgestattet, der es Ihnen erm\u00f6glicht, auch in engen R\u00e4umen pr\u00e4zise zu arbeiten. Das Set ist au\u00dferdem T\u00dcV Rheinland M+T-zertifiziert, was die Zuverl\u00e4ssigkeit und Sicherheit des Werkzeugs unterstreicht.  <\/p>\n<p data-start=\"1562\" data-end=\"1829\">Dank des robusten Kunststoffgeh\u00e4uses mit klarem Layout ist jedes Teil leicht zu finden und sicher aufbewahrbart. Das macht das Set sowohl f\u00fcr den professionellen t\u00e4glichen Gebrauch als auch f\u00fcr anspruchsvolle Heimwerker, die Qualit\u00e4t sch\u00e4tzen, ideal. <\/p>\n<h1 data-start=\"1836\" data-end=\"1865\"><strong data-start=\"1838\" data-end=\"1865\">Schl\u00fcsselmerkmale<\/strong><\/h1>\n<ul>\n<li data-start=\"1868\" data-end=\"1903\">Vollst\u00e4ndiges 110-teiliges Steckschl\u00fcsselset<\/li>\n<li data-start=\"1906\" data-end=\"1932\">1\/4&#8243; und 1\/2&#8243; Antrieb<\/li>\n<li data-start=\"1935\" data-end=\"1971\">Gefertigt aus langlebigem CrV-Stahl<\/li>\n<li data-start=\"1974\" data-end=\"2018\">Pr\u00e4zisionsratschen mit 72-zahnigem Mechanismus<\/li>\n<li data-start=\"2021\" data-end=\"2068\">Umfangreiche Auswahl an Steckschl\u00fcsseln, Bohrern und Schraubenschl\u00fcsseln<\/li>\n<li data-start=\"2071\" data-end=\"2125\">Beinhaltet Verl\u00e4ngerungen, Adapter und Kardanverbindung<\/li>\n<li data-start=\"2128\" data-end=\"2160\">Z\u00fcndkerzen-\/Kerzenkappen enthalten<\/li>\n<li data-start=\"2163\" data-end=\"2205\">Klarer, stabiler Transportkoffer<\/li>\n<li data-start=\"2208\" data-end=\"2261\">Geeignet f\u00fcr Automobil-, Wartungs- und Pr\u00e4zisionsarbeiten<\/li>\n<li data-start=\"2264\" data-end=\"2298\">T\u00dcV Rheinland M+T zertifiziert<\/li>\n<li data-start=\"2301\" data-end=\"2328\">EAN-Code: 5907558433692<\/li>\n<\/ul>\n","protected":false},"excerpt":{"rendered":"<p>Das NEO Tools Tool Set mit 110 Teilen ist ein professionelles und vollst\u00e4ndiges Steckdossenset mit 1\/4&#8243; und 1\/2&#8243; Antrieb, gefertigt aus langlebigem CrV-Stahl. Ideal f\u00fcr den intensiven Einsatz in Werkstatt, Garage oder Zuhause. Enth\u00e4lt Ratschen, Steckschl\u00fcssel, Bohrer, Schraubenschl\u00fcssel und Aufs\u00e4tze in einem stabilen Aufbewahrungskasten.<br \/>\n<br data-start=\"547\" data-end=\"550\"><strong data-start=\"550\" data-end=\"616\"><em data-start=\"552\" data-end=\"614\">Bitte beachten Sie: Dieses Produkt kann nur \u00fcber unseren Webshop bestellt werden.<\/em><\/strong><\/p>\n","protected":false},"featured_media":14514,"template":"","meta":{"_acf_changed":false,"site-sidebar-layout":"default","site-content-layout":"","ast-site-content-layout":"default","site-content-style":"default","site-sidebar-style":"default","ast-global-header-display":"","ast-banner-title-visibility":"","ast-main-header-display":"","ast-hfb-above-header-display":"","ast-hfb-below-header-display":"","ast-hfb-mobile-header-display":"","site-post-title":"","ast-breadcrumbs-content":"","ast-featured-img":"","footer-sml-layout":"","ast-disable-related-posts":"","theme-transparent-header-meta":"default","adv-header-id-meta":"","stick-header-meta":"","header-above-stick-meta":"","header-main-stick-meta":"","header-below-stick-meta":"","astra-migrate-meta-layouts":"default","ast-page-background-enabled":"default","ast-page-background-meta":{"desktop":{"background-color":"","background-image":"","background-repeat":"repeat","background-position":"center center","background-size":"auto","background-attachment":"scroll","background-type":"","background-media":"","overlay-type":"","overlay-color":"","overlay-opacity":"","overlay-gradient":""},"tablet":{"background-color":"","background-image":"","background-repeat":"repeat","background-position":"center center","background-size":"auto","background-attachment":"scroll","background-type":"","background-media":"","overlay-type":"","overlay-color":"","overlay-opacity":"","overlay-gradient":""},"mobile":{"background-color":"","background-image":"","background-repeat":"repeat","background-position":"center center","background-size":"auto","background-attachment":"scroll","background-type":"","background-media":"","overlay-type":"","overlay-color":"","overlay-opacity":"","overlay-gradient":""}},"ast-content-background-meta":{"desktop":{"background-color":"var(--ast-global-color-5)","background-image":"","background-repeat":"repeat","background-position":"center center","background-size":"auto","background-attachment":"scroll","background-type":"","background-media":"","overlay-type":"","overlay-color":"","overlay-opacity":"","overlay-gradient":""},"tablet":{"background-color":"var(--ast-global-color-5)","background-image":"","background-repeat":"repeat","background-position":"center center","background-size":"auto","background-attachment":"scroll","background-type":"","background-media":"","overlay-type":"","overlay-color":"","overlay-opacity":"","overlay-gradient":""},"mobile":{"background-color":"var(--ast-global-color-5)","background-image":"","background-repeat":"repeat","background-position":"center center","background-size":"auto","background-attachment":"scroll","background-type":"","background-media":"","overlay-type":"","overlay-color":"","overlay-opacity":"","overlay-gradient":""}}},"product_brand":[429],"product_cat":[599,626],"product_tag":[],"class_list":{"0":"post-14745","1":"product","2":"type-product","3":"status-publish","4":"has-post-thumbnail","6":"product_brand-neo-tools","7":"product_cat-postenhandel","8":"product_cat-werkzeugsatze","9":"pa_merk-neo-tools","10":"desktop-align-left","11":"tablet-align-left","12":"mobile-align-left","14":"first","15":"instock","16":"taxable","17":"shipping-taxable","18":"purchasable","19":"product-type-simple"},"acf":[],"yoast_head":"<!-- This site is optimized with the Yoast SEO plugin v27.5 - https:\/\/yoast.com\/product\/yoast-seo-wordpress\/ -->\n<title>Werkzeugsatz 110 Teile - DHZ Outlet &amp; Partijhandel<\/title>\n<meta name=\"robots\" content=\"index, follow, max-snippet:-1, max-image-preview:large, max-video-preview:-1\" \/>\n<link rel=\"canonical\" href=\"https:\/\/partijhandeldhz.nl\/de\/produkt\/werkzeugsatz-110-teile\/\" \/>\n<meta property=\"og:locale\" content=\"de_DE\" \/>\n<meta property=\"og:type\" content=\"article\" \/>\n<meta property=\"og:title\" content=\"Werkzeugsatz 110 Teile - DHZ Outlet &amp; Partijhandel\" \/>\n<meta property=\"og:description\" content=\"Das NEO Tools Tool Set mit 110 Teilen ist ein professionelles und vollst\u00e4ndiges Steckdossenset mit 1\/4&quot; und 1\/2&quot; Antrieb, gefertigt aus langlebigem CrV-Stahl. Ideal f\u00fcr den intensiven Einsatz in Werkstatt, Garage oder Zuhause. Enth\u00e4lt Ratschen, Steckschl\u00fcssel, Bohrer, Schraubenschl\u00fcssel und Aufs\u00e4tze in einem stabilen Aufbewahrungskasten. Bitte beachten Sie: Dieses Produkt kann nur \u00fcber unseren Webshop bestellt werden.\" \/>\n<meta property=\"og:url\" content=\"https:\/\/partijhandeldhz.nl\/de\/produkt\/werkzeugsatz-110-teile\/\" \/>\n<meta property=\"og:site_name\" content=\"DHZ Outlet &amp; Partijhandel\" \/>\n<meta property=\"article:publisher\" content=\"https:\/\/www.facebook.com\/people\/Partijhandel-DHZ\/61573487458594\/\" \/>\n<meta property=\"og:image\" content=\"https:\/\/partijhandeldhz.nl\/wp-content\/uploads\/2025\/12\/Afbeelding-1-28.jpg\" \/>\n\t<meta property=\"og:image:width\" content=\"1000\" \/>\n\t<meta property=\"og:image:height\" content=\"1000\" \/>\n\t<meta property=\"og:image:type\" content=\"image\/jpeg\" \/>\n<meta name=\"twitter:card\" content=\"summary_large_image\" \/>\n<meta name=\"twitter:label1\" content=\"Gesch\u00e4tzte Lesezeit\" \/>\n\t<meta name=\"twitter:data1\" content=\"1\u00a0Minute\" \/>\n<script type=\"application\/ld+json\" class=\"yoast-schema-graph\">{\"@context\":\"https:\\\/\\\/schema.org\",\"@graph\":[{\"@type\":\"WebPage\",\"@id\":\"https:\\\/\\\/partijhandeldhz.nl\\\/de\\\/produkt\\\/werkzeugsatz-110-teile\\\/\",\"url\":\"https:\\\/\\\/partijhandeldhz.nl\\\/de\\\/produkt\\\/werkzeugsatz-110-teile\\\/\",\"name\":\"Werkzeugsatz 110 Teile - DHZ Outlet &amp; Partijhandel\",\"isPartOf\":{\"@id\":\"https:\\\/\\\/partijhandeldhz.nl\\\/de\\\/#website\"},\"primaryImageOfPage\":{\"@id\":\"https:\\\/\\\/partijhandeldhz.nl\\\/de\\\/produkt\\\/werkzeugsatz-110-teile\\\/#primaryimage\"},\"image\":{\"@id\":\"https:\\\/\\\/partijhandeldhz.nl\\\/de\\\/produkt\\\/werkzeugsatz-110-teile\\\/#primaryimage\"},\"thumbnailUrl\":\"https:\\\/\\\/partijhandeldhz.nl\\\/wp-content\\\/uploads\\\/2025\\\/12\\\/Afbeelding-1-28.jpg\",\"datePublished\":\"2025-12-10T15:43:20+00:00\",\"breadcrumb\":{\"@id\":\"https:\\\/\\\/partijhandeldhz.nl\\\/de\\\/produkt\\\/werkzeugsatz-110-teile\\\/#breadcrumb\"},\"inLanguage\":\"de\",\"potentialAction\":[{\"@type\":\"ReadAction\",\"target\":[\"https:\\\/\\\/partijhandeldhz.nl\\\/de\\\/produkt\\\/werkzeugsatz-110-teile\\\/\"]}]},{\"@type\":\"ImageObject\",\"inLanguage\":\"de\",\"@id\":\"https:\\\/\\\/partijhandeldhz.nl\\\/de\\\/produkt\\\/werkzeugsatz-110-teile\\\/#primaryimage\",\"url\":\"https:\\\/\\\/partijhandeldhz.nl\\\/wp-content\\\/uploads\\\/2025\\\/12\\\/Afbeelding-1-28.jpg\",\"contentUrl\":\"https:\\\/\\\/partijhandeldhz.nl\\\/wp-content\\\/uploads\\\/2025\\\/12\\\/Afbeelding-1-28.jpg\",\"width\":1000,\"height\":1000},{\"@type\":\"BreadcrumbList\",\"@id\":\"https:\\\/\\\/partijhandeldhz.nl\\\/de\\\/produkt\\\/werkzeugsatz-110-teile\\\/#breadcrumb\",\"itemListElement\":[{\"@type\":\"ListItem\",\"position\":1,\"name\":\"Home\",\"item\":\"https:\\\/\\\/partijhandeldhz.nl\\\/de\\\/\"},{\"@type\":\"ListItem\",\"position\":2,\"name\":\"Shop\",\"item\":\"https:\\\/\\\/partijhandeldhz.nl\\\/de\\\/shop\\\/\"},{\"@type\":\"ListItem\",\"position\":3,\"name\":\"Werkzeugsatz 110 Teile\"}]},{\"@type\":\"WebSite\",\"@id\":\"https:\\\/\\\/partijhandeldhz.nl\\\/de\\\/#website\",\"url\":\"https:\\\/\\\/partijhandeldhz.nl\\\/de\\\/\",\"name\":\"DHZ Outlet & Partijhandel\",\"description\":\"Grote en kleine partijen, altijd de scherpste prijs!\",\"publisher\":{\"@id\":\"https:\\\/\\\/partijhandeldhz.nl\\\/de\\\/#organization\"},\"potentialAction\":[{\"@type\":\"SearchAction\",\"target\":{\"@type\":\"EntryPoint\",\"urlTemplate\":\"https:\\\/\\\/partijhandeldhz.nl\\\/de\\\/?s={search_term_string}\"},\"query-input\":{\"@type\":\"PropertyValueSpecification\",\"valueRequired\":true,\"valueName\":\"search_term_string\"}}],\"inLanguage\":\"de\"},{\"@type\":\"Organization\",\"@id\":\"https:\\\/\\\/partijhandeldhz.nl\\\/de\\\/#organization\",\"name\":\"DHZ Outlet & Partijhandel\",\"url\":\"https:\\\/\\\/partijhandeldhz.nl\\\/de\\\/\",\"logo\":{\"@type\":\"ImageObject\",\"inLanguage\":\"de\",\"@id\":\"https:\\\/\\\/partijhandeldhz.nl\\\/de\\\/#\\\/schema\\\/logo\\\/image\\\/\",\"url\":\"https:\\\/\\\/partijhandeldhz.nl\\\/wp-content\\\/uploads\\\/2025\\\/03\\\/1.png\",\"contentUrl\":\"https:\\\/\\\/partijhandeldhz.nl\\\/wp-content\\\/uploads\\\/2025\\\/03\\\/1.png\",\"width\":1000,\"height\":500,\"caption\":\"DHZ Outlet & Partijhandel\"},\"image\":{\"@id\":\"https:\\\/\\\/partijhandeldhz.nl\\\/de\\\/#\\\/schema\\\/logo\\\/image\\\/\"},\"sameAs\":[\"https:\\\/\\\/www.facebook.com\\\/people\\\/Partijhandel-DHZ\\\/61573487458594\\\/\",\"https:\\\/\\\/www.instagram.com\\\/partijhandeldhz\\\/\"]}]}<\/script>\n<!-- \/ Yoast SEO plugin. -->","yoast_head_json":{"title":"Werkzeugsatz 110 Teile - DHZ Outlet &amp; Partijhandel","robots":{"index":"index","follow":"follow","max-snippet":"max-snippet:-1","max-image-preview":"max-image-preview:large","max-video-preview":"max-video-preview:-1"},"canonical":"https:\/\/partijhandeldhz.nl\/de\/produkt\/werkzeugsatz-110-teile\/","og_locale":"de_DE","og_type":"article","og_title":"Werkzeugsatz 110 Teile - DHZ Outlet &amp; Partijhandel","og_description":"Das NEO Tools Tool Set mit 110 Teilen ist ein professionelles und vollst\u00e4ndiges Steckdossenset mit 1\/4\" und 1\/2\" Antrieb, gefertigt aus langlebigem CrV-Stahl. Ideal f\u00fcr den intensiven Einsatz in Werkstatt, Garage oder Zuhause. Enth\u00e4lt Ratschen, Steckschl\u00fcssel, Bohrer, Schraubenschl\u00fcssel und Aufs\u00e4tze in einem stabilen Aufbewahrungskasten. Bitte beachten Sie: Dieses Produkt kann nur \u00fcber unseren Webshop bestellt werden.","og_url":"https:\/\/partijhandeldhz.nl\/de\/produkt\/werkzeugsatz-110-teile\/","og_site_name":"DHZ Outlet &amp; Partijhandel","article_publisher":"https:\/\/www.facebook.com\/people\/Partijhandel-DHZ\/61573487458594\/","og_image":[{"width":1000,"height":1000,"url":"https:\/\/partijhandeldhz.nl\/wp-content\/uploads\/2025\/12\/Afbeelding-1-28.jpg","type":"image\/jpeg"}],"twitter_card":"summary_large_image","twitter_misc":{"Gesch\u00e4tzte Lesezeit":"1\u00a0Minute"},"schema":{"@context":"https:\/\/schema.org","@graph":[{"@type":"WebPage","@id":"https:\/\/partijhandeldhz.nl\/de\/produkt\/werkzeugsatz-110-teile\/","url":"https:\/\/partijhandeldhz.nl\/de\/produkt\/werkzeugsatz-110-teile\/","name":"Werkzeugsatz 110 Teile - DHZ Outlet &amp; Partijhandel","isPartOf":{"@id":"https:\/\/partijhandeldhz.nl\/de\/#website"},"primaryImageOfPage":{"@id":"https:\/\/partijhandeldhz.nl\/de\/produkt\/werkzeugsatz-110-teile\/#primaryimage"},"image":{"@id":"https:\/\/partijhandeldhz.nl\/de\/produkt\/werkzeugsatz-110-teile\/#primaryimage"},"thumbnailUrl":"https:\/\/partijhandeldhz.nl\/wp-content\/uploads\/2025\/12\/Afbeelding-1-28.jpg","datePublished":"2025-12-10T15:43:20+00:00","breadcrumb":{"@id":"https:\/\/partijhandeldhz.nl\/de\/produkt\/werkzeugsatz-110-teile\/#breadcrumb"},"inLanguage":"de","potentialAction":[{"@type":"ReadAction","target":["https:\/\/partijhandeldhz.nl\/de\/produkt\/werkzeugsatz-110-teile\/"]}]},{"@type":"ImageObject","inLanguage":"de","@id":"https:\/\/partijhandeldhz.nl\/de\/produkt\/werkzeugsatz-110-teile\/#primaryimage","url":"https:\/\/partijhandeldhz.nl\/wp-content\/uploads\/2025\/12\/Afbeelding-1-28.jpg","contentUrl":"https:\/\/partijhandeldhz.nl\/wp-content\/uploads\/2025\/12\/Afbeelding-1-28.jpg","width":1000,"height":1000},{"@type":"BreadcrumbList","@id":"https:\/\/partijhandeldhz.nl\/de\/produkt\/werkzeugsatz-110-teile\/#breadcrumb","itemListElement":[{"@type":"ListItem","position":1,"name":"Home","item":"https:\/\/partijhandeldhz.nl\/de\/"},{"@type":"ListItem","position":2,"name":"Shop","item":"https:\/\/partijhandeldhz.nl\/de\/shop\/"},{"@type":"ListItem","position":3,"name":"Werkzeugsatz 110 Teile"}]},{"@type":"WebSite","@id":"https:\/\/partijhandeldhz.nl\/de\/#website","url":"https:\/\/partijhandeldhz.nl\/de\/","name":"DHZ Outlet & Partijhandel","description":"Grote en kleine partijen, altijd de scherpste prijs!","publisher":{"@id":"https:\/\/partijhandeldhz.nl\/de\/#organization"},"potentialAction":[{"@type":"SearchAction","target":{"@type":"EntryPoint","urlTemplate":"https:\/\/partijhandeldhz.nl\/de\/?s={search_term_string}"},"query-input":{"@type":"PropertyValueSpecification","valueRequired":true,"valueName":"search_term_string"}}],"inLanguage":"de"},{"@type":"Organization","@id":"https:\/\/partijhandeldhz.nl\/de\/#organization","name":"DHZ Outlet & Partijhandel","url":"https:\/\/partijhandeldhz.nl\/de\/","logo":{"@type":"ImageObject","inLanguage":"de","@id":"https:\/\/partijhandeldhz.nl\/de\/#\/schema\/logo\/image\/","url":"https:\/\/partijhandeldhz.nl\/wp-content\/uploads\/2025\/03\/1.png","contentUrl":"https:\/\/partijhandeldhz.nl\/wp-content\/uploads\/2025\/03\/1.png","width":1000,"height":500,"caption":"DHZ Outlet & Partijhandel"},"image":{"@id":"https:\/\/partijhandeldhz.nl\/de\/#\/schema\/logo\/image\/"},"sameAs":["https:\/\/www.facebook.com\/people\/Partijhandel-DHZ\/61573487458594\/","https:\/\/www.instagram.com\/partijhandeldhz\/"]}]}},"jetpack_sharing_enabled":true,"_links":{"self":[{"href":"https:\/\/partijhandeldhz.nl\/de\/wp-json\/wp\/v2\/product\/14745","targetHints":{"allow":["GET"]}}],"collection":[{"href":"https:\/\/partijhandeldhz.nl\/de\/wp-json\/wp\/v2\/product"}],"about":[{"href":"https:\/\/partijhandeldhz.nl\/de\/wp-json\/wp\/v2\/types\/product"}],"version-history":[{"count":0,"href":"https:\/\/partijhandeldhz.nl\/de\/wp-json\/wp\/v2\/product\/14745\/revisions"}],"wp:featuredmedia":[{"embeddable":true,"href":"https:\/\/partijhandeldhz.nl\/de\/wp-json\/wp\/v2\/media\/14514"}],"wp:attachment":[{"href":"https:\/\/partijhandeldhz.nl\/de\/wp-json\/wp\/v2\/media?parent=14745"}],"wp:term":[{"taxonomy":"product_brand","embeddable":true,"href":"https:\/\/partijhandeldhz.nl\/de\/wp-json\/wp\/v2\/product_brand?post=14745"},{"taxonomy":"product_cat","embeddable":true,"href":"https:\/\/partijhandeldhz.nl\/de\/wp-json\/wp\/v2\/product_cat?post=14745"},{"taxonomy":"product_tag","embeddable":true,"href":"https:\/\/partijhandeldhz.nl\/de\/wp-json\/wp\/v2\/product_tag?post=14745"}],"curies":[{"name":"wp","href":"https:\/\/api.w.org\/{rel}","templated":true}]}}