{"id":14737,"date":"2025-12-10T14:59:24","date_gmt":"2025-12-10T14:59:24","guid":{"rendered":"https:\/\/partijhandeldhz.nl\/product\/werkzeugsatz-108-stueck\/"},"modified":"2025-12-10T14:59:24","modified_gmt":"2025-12-10T14:59:24","slug":"werkzeugsatz-108-stueck","status":"publish","type":"product","link":"https:\/\/partijhandeldhz.nl\/de\/produkt\/werkzeugsatz-108-stueck\/","title":{"rendered":"Werkzeugsatz 108 St\u00fcck"},"content":{"rendered":"<p data-start=\"627\" data-end=\"1097\">Das 108-teilige NEO Tools Toolset ist ein hochwertiges und sehr vollst\u00e4ndiges Schraubenschl\u00fcssel- und Fr\u00e4sset f\u00fcr alle, die professionell oder intensiv hobbyisch mit Werkzeugen arbeiten. Das Set besteht aus einer gro\u00dfen Auswahl an 1\/2&#8243; und 1\/4&#8243; Steckschl\u00fcsseln, Ratschen, Torx-Steck\u00fcbungen, Fr\u00e4ss\u00e4tzen, Verl\u00e4ngerungen, Kardankupplungen, Allbusschl\u00fcsseln und Zubeh\u00f6r. Dies macht dieses Set f\u00fcr die Wartung von Autos, Maschinen, Fahrr\u00e4dern, Haushaltsger\u00e4ten und Montagearbeiten im Allgemeinen geeignet.  <\/p>\n<p data-start=\"1099\" data-end=\"1485\">Alle Teile bestehen aus langlebigem Chrom-Vanadium-Stahl (CrV), was optimale Festigkeit und Verschlei\u00dffestigkeit gew\u00e4hrleistet. Die Ratschen sind mit einem 72-Z\u00e4hne-Mechanismus ausgestattet, der es Ihnen erm\u00f6glicht, pr\u00e4zise und komfortabel zu arbeiten, selbst in kleinen R\u00e4umen. Das mitgelieferte Kunststoffgeh\u00e4use bietet ein klares Layout, sodass jedes Werkzeug immer schnell gefunden werden kann.  <\/p>\n<p data-start=\"1487\" data-end=\"1712\">Dank der gro\u00dfen Vielfalt an Steckdosen, Bohrern und Aufs\u00e4tzen bildet dieses Set die komplette Grundausstattung f\u00fcr fast jeden Auftrag. Au\u00dferdem bietet NEO Tools eine beeindruckende 25-j\u00e4hrige Garantie, die die hervorragende Qualit\u00e4t best\u00e4tigt. <\/p>\n<h1 data-start=\"1719\" data-end=\"1748\"><strong data-start=\"1721\" data-end=\"1748\">Schl\u00fcsselmerkmale<\/strong><\/h1>\n<ul>\n<li data-start=\"1751\" data-end=\"1791\">Vollst\u00e4ndiges Werkzeugset mit 108 Teilen<\/li>\n<li data-start=\"1794\" data-end=\"1830\">Gefertigt aus langlebigem CrV-Stahl<\/li>\n<li data-start=\"1833\" data-end=\"1883\">Beinhaltet 1\/2&#8243;-Fassungen (10\u201332 mm) und lange Fassungen<\/li>\n<li data-start=\"1886\" data-end=\"1940\">Beinhaltet 1\/4&#8243;-Steckschl\u00fcssel (4\u201314 mm) und lange Inbuskappen<\/li>\n<li data-start=\"1943\" data-end=\"1992\">Ratschen 1\/2&#8243; und 1\/4&#8243; mit 72-zahnigem Mechanismus<\/li>\n<li data-start=\"1995\" data-end=\"2017\">Torx-Sockeln (E4\u2013E24)<\/li>\n<li data-start=\"2020\" data-end=\"2048\">Z\u00fcndkerzenkappen 16 mm &amp; 21 mm<\/li>\n<li data-start=\"2051\" data-end=\"2079\">Bit ist f\u00fcr 5\/16&#8243; und 1\/4&#8243; eingestellt<\/li>\n<li data-start=\"2082\" data-end=\"2129\">Kardankupplungen, Adapter und Verl\u00e4ngerungen<\/li>\n<li data-start=\"2132\" data-end=\"2164\">Allbusschl\u00fcssel 1,5 \/ 2 \/ 2,5 mm<\/li>\n<li data-start=\"2167\" data-end=\"2199\">Stabiles Kunststoff-Aufbewahrungsgeh\u00e4use<\/li>\n<li data-start=\"2202\" data-end=\"2250\">Geeignet f\u00fcr Montage, Reparaturen und Wartung<\/li>\n<li data-start=\"2253\" data-end=\"2275\">25 Jahre Garantie<\/li>\n<li data-start=\"2278\" data-end=\"2305\">EAN-Code: 5907558468885<\/li>\n<\/ul>\n","protected":false},"excerpt":{"rendered":"<p>Das NEO Tools Tool Set mit 108 Teilen ist ein vollst\u00e4ndiges und professionelles Set mit Steckschl\u00fcsseln, Bohrern, Ratschen, Verl\u00e4ngerungen und mehr. Gefertigt aus langlebigem CrV-Stahl und in einem stabilen Geh\u00e4use geliefert. Ideal sowohl f\u00fcr Profis als auch f\u00fcr begeisterte Heimwerker.<br \/>\n<br data-start=\"495\" data-end=\"498\"><strong data-start=\"498\" data-end=\"564\"><em data-start=\"500\" data-end=\"562\">Bitte beachten Sie: Dieses Produkt kann nur \u00fcber unseren Webshop bestellt werden.<\/em><\/strong><\/p>\n","protected":false},"featured_media":14492,"template":"","meta":{"_acf_changed":false,"site-sidebar-layout":"default","site-content-layout":"","ast-site-content-layout":"default","site-content-style":"default","site-sidebar-style":"default","ast-global-header-display":"","ast-banner-title-visibility":"","ast-main-header-display":"","ast-hfb-above-header-display":"","ast-hfb-below-header-display":"","ast-hfb-mobile-header-display":"","site-post-title":"","ast-breadcrumbs-content":"","ast-featured-img":"","footer-sml-layout":"","ast-disable-related-posts":"","theme-transparent-header-meta":"default","adv-header-id-meta":"","stick-header-meta":"","header-above-stick-meta":"","header-main-stick-meta":"","header-below-stick-meta":"","astra-migrate-meta-layouts":"default","ast-page-background-enabled":"default","ast-page-background-meta":{"desktop":{"background-color":"","background-image":"","background-repeat":"repeat","background-position":"center center","background-size":"auto","background-attachment":"scroll","background-type":"","background-media":"","overlay-type":"","overlay-color":"","overlay-opacity":"","overlay-gradient":""},"tablet":{"background-color":"","background-image":"","background-repeat":"repeat","background-position":"center center","background-size":"auto","background-attachment":"scroll","background-type":"","background-media":"","overlay-type":"","overlay-color":"","overlay-opacity":"","overlay-gradient":""},"mobile":{"background-color":"","background-image":"","background-repeat":"repeat","background-position":"center center","background-size":"auto","background-attachment":"scroll","background-type":"","background-media":"","overlay-type":"","overlay-color":"","overlay-opacity":"","overlay-gradient":""}},"ast-content-background-meta":{"desktop":{"background-color":"var(--ast-global-color-5)","background-image":"","background-repeat":"repeat","background-position":"center center","background-size":"auto","background-attachment":"scroll","background-type":"","background-media":"","overlay-type":"","overlay-color":"","overlay-opacity":"","overlay-gradient":""},"tablet":{"background-color":"var(--ast-global-color-5)","background-image":"","background-repeat":"repeat","background-position":"center center","background-size":"auto","background-attachment":"scroll","background-type":"","background-media":"","overlay-type":"","overlay-color":"","overlay-opacity":"","overlay-gradient":""},"mobile":{"background-color":"var(--ast-global-color-5)","background-image":"","background-repeat":"repeat","background-position":"center center","background-size":"auto","background-attachment":"scroll","background-type":"","background-media":"","overlay-type":"","overlay-color":"","overlay-opacity":"","overlay-gradient":""}}},"product_brand":[429],"product_cat":[599,626],"product_tag":[],"class_list":{"0":"post-14737","1":"product","2":"type-product","3":"status-publish","4":"has-post-thumbnail","6":"product_brand-neo-tools","7":"product_cat-postenhandel","8":"product_cat-werkzeugsatze","9":"pa_merk-neo-tools","10":"desktop-align-left","11":"tablet-align-left","12":"mobile-align-left","14":"first","15":"instock","16":"taxable","17":"shipping-taxable","18":"purchasable","19":"product-type-simple"},"acf":[],"yoast_head":"<!-- This site is optimized with the Yoast SEO plugin v27.5 - https:\/\/yoast.com\/product\/yoast-seo-wordpress\/ -->\n<title>Werkzeugsatz 108 St\u00fcck - DHZ Outlet &amp; Partijhandel<\/title>\n<meta name=\"robots\" content=\"index, follow, max-snippet:-1, max-image-preview:large, max-video-preview:-1\" \/>\n<link rel=\"canonical\" href=\"https:\/\/partijhandeldhz.nl\/de\/produkt\/werkzeugsatz-108-stueck\/\" \/>\n<meta property=\"og:locale\" content=\"de_DE\" \/>\n<meta property=\"og:type\" content=\"article\" \/>\n<meta property=\"og:title\" content=\"Werkzeugsatz 108 St\u00fcck - DHZ Outlet &amp; Partijhandel\" \/>\n<meta property=\"og:description\" content=\"Das NEO Tools Tool Set mit 108 Teilen ist ein vollst\u00e4ndiges und professionelles Set mit Steckschl\u00fcsseln, Bohrern, Ratschen, Verl\u00e4ngerungen und mehr. Gefertigt aus langlebigem CrV-Stahl und in einem stabilen Geh\u00e4use geliefert. Ideal sowohl f\u00fcr Profis als auch f\u00fcr begeisterte Heimwerker.  Bitte beachten Sie: Dieses Produkt kann nur \u00fcber unseren Webshop bestellt werden.\" \/>\n<meta property=\"og:url\" content=\"https:\/\/partijhandeldhz.nl\/de\/produkt\/werkzeugsatz-108-stueck\/\" \/>\n<meta property=\"og:site_name\" content=\"DHZ Outlet &amp; Partijhandel\" \/>\n<meta property=\"article:publisher\" content=\"https:\/\/www.facebook.com\/people\/Partijhandel-DHZ\/61573487458594\/\" \/>\n<meta property=\"og:image\" content=\"https:\/\/partijhandeldhz.nl\/wp-content\/uploads\/2025\/12\/Afbeelding-1-27.jpg\" \/>\n\t<meta property=\"og:image:width\" content=\"1000\" \/>\n\t<meta property=\"og:image:height\" content=\"1000\" \/>\n\t<meta property=\"og:image:type\" content=\"image\/jpeg\" \/>\n<meta name=\"twitter:card\" content=\"summary_large_image\" \/>\n<meta name=\"twitter:label1\" content=\"Gesch\u00e4tzte Lesezeit\" \/>\n\t<meta name=\"twitter:data1\" content=\"1\u00a0Minute\" \/>\n<script type=\"application\/ld+json\" class=\"yoast-schema-graph\">{\"@context\":\"https:\\\/\\\/schema.org\",\"@graph\":[{\"@type\":\"WebPage\",\"@id\":\"https:\\\/\\\/partijhandeldhz.nl\\\/de\\\/produkt\\\/werkzeugsatz-108-stueck\\\/\",\"url\":\"https:\\\/\\\/partijhandeldhz.nl\\\/de\\\/produkt\\\/werkzeugsatz-108-stueck\\\/\",\"name\":\"Werkzeugsatz 108 St\u00fcck - DHZ Outlet &amp; Partijhandel\",\"isPartOf\":{\"@id\":\"https:\\\/\\\/partijhandeldhz.nl\\\/de\\\/#website\"},\"primaryImageOfPage\":{\"@id\":\"https:\\\/\\\/partijhandeldhz.nl\\\/de\\\/produkt\\\/werkzeugsatz-108-stueck\\\/#primaryimage\"},\"image\":{\"@id\":\"https:\\\/\\\/partijhandeldhz.nl\\\/de\\\/produkt\\\/werkzeugsatz-108-stueck\\\/#primaryimage\"},\"thumbnailUrl\":\"https:\\\/\\\/partijhandeldhz.nl\\\/wp-content\\\/uploads\\\/2025\\\/12\\\/Afbeelding-1-27.jpg\",\"datePublished\":\"2025-12-10T14:59:24+00:00\",\"breadcrumb\":{\"@id\":\"https:\\\/\\\/partijhandeldhz.nl\\\/de\\\/produkt\\\/werkzeugsatz-108-stueck\\\/#breadcrumb\"},\"inLanguage\":\"de\",\"potentialAction\":[{\"@type\":\"ReadAction\",\"target\":[\"https:\\\/\\\/partijhandeldhz.nl\\\/de\\\/produkt\\\/werkzeugsatz-108-stueck\\\/\"]}]},{\"@type\":\"ImageObject\",\"inLanguage\":\"de\",\"@id\":\"https:\\\/\\\/partijhandeldhz.nl\\\/de\\\/produkt\\\/werkzeugsatz-108-stueck\\\/#primaryimage\",\"url\":\"https:\\\/\\\/partijhandeldhz.nl\\\/wp-content\\\/uploads\\\/2025\\\/12\\\/Afbeelding-1-27.jpg\",\"contentUrl\":\"https:\\\/\\\/partijhandeldhz.nl\\\/wp-content\\\/uploads\\\/2025\\\/12\\\/Afbeelding-1-27.jpg\",\"width\":1000,\"height\":1000},{\"@type\":\"BreadcrumbList\",\"@id\":\"https:\\\/\\\/partijhandeldhz.nl\\\/de\\\/produkt\\\/werkzeugsatz-108-stueck\\\/#breadcrumb\",\"itemListElement\":[{\"@type\":\"ListItem\",\"position\":1,\"name\":\"Home\",\"item\":\"https:\\\/\\\/partijhandeldhz.nl\\\/de\\\/\"},{\"@type\":\"ListItem\",\"position\":2,\"name\":\"Shop\",\"item\":\"https:\\\/\\\/partijhandeldhz.nl\\\/de\\\/shop\\\/\"},{\"@type\":\"ListItem\",\"position\":3,\"name\":\"Werkzeugsatz 108 St\u00fcck\"}]},{\"@type\":\"WebSite\",\"@id\":\"https:\\\/\\\/partijhandeldhz.nl\\\/de\\\/#website\",\"url\":\"https:\\\/\\\/partijhandeldhz.nl\\\/de\\\/\",\"name\":\"DHZ Outlet & Partijhandel\",\"description\":\"Grote en kleine partijen, altijd de scherpste prijs!\",\"publisher\":{\"@id\":\"https:\\\/\\\/partijhandeldhz.nl\\\/de\\\/#organization\"},\"potentialAction\":[{\"@type\":\"SearchAction\",\"target\":{\"@type\":\"EntryPoint\",\"urlTemplate\":\"https:\\\/\\\/partijhandeldhz.nl\\\/de\\\/?s={search_term_string}\"},\"query-input\":{\"@type\":\"PropertyValueSpecification\",\"valueRequired\":true,\"valueName\":\"search_term_string\"}}],\"inLanguage\":\"de\"},{\"@type\":\"Organization\",\"@id\":\"https:\\\/\\\/partijhandeldhz.nl\\\/de\\\/#organization\",\"name\":\"DHZ Outlet & Partijhandel\",\"url\":\"https:\\\/\\\/partijhandeldhz.nl\\\/de\\\/\",\"logo\":{\"@type\":\"ImageObject\",\"inLanguage\":\"de\",\"@id\":\"https:\\\/\\\/partijhandeldhz.nl\\\/de\\\/#\\\/schema\\\/logo\\\/image\\\/\",\"url\":\"https:\\\/\\\/partijhandeldhz.nl\\\/wp-content\\\/uploads\\\/2025\\\/03\\\/1.png\",\"contentUrl\":\"https:\\\/\\\/partijhandeldhz.nl\\\/wp-content\\\/uploads\\\/2025\\\/03\\\/1.png\",\"width\":1000,\"height\":500,\"caption\":\"DHZ Outlet & Partijhandel\"},\"image\":{\"@id\":\"https:\\\/\\\/partijhandeldhz.nl\\\/de\\\/#\\\/schema\\\/logo\\\/image\\\/\"},\"sameAs\":[\"https:\\\/\\\/www.facebook.com\\\/people\\\/Partijhandel-DHZ\\\/61573487458594\\\/\",\"https:\\\/\\\/www.instagram.com\\\/partijhandeldhz\\\/\"]}]}<\/script>\n<!-- \/ Yoast SEO plugin. -->","yoast_head_json":{"title":"Werkzeugsatz 108 St\u00fcck - DHZ Outlet &amp; Partijhandel","robots":{"index":"index","follow":"follow","max-snippet":"max-snippet:-1","max-image-preview":"max-image-preview:large","max-video-preview":"max-video-preview:-1"},"canonical":"https:\/\/partijhandeldhz.nl\/de\/produkt\/werkzeugsatz-108-stueck\/","og_locale":"de_DE","og_type":"article","og_title":"Werkzeugsatz 108 St\u00fcck - DHZ Outlet &amp; Partijhandel","og_description":"Das NEO Tools Tool Set mit 108 Teilen ist ein vollst\u00e4ndiges und professionelles Set mit Steckschl\u00fcsseln, Bohrern, Ratschen, Verl\u00e4ngerungen und mehr. Gefertigt aus langlebigem CrV-Stahl und in einem stabilen Geh\u00e4use geliefert. Ideal sowohl f\u00fcr Profis als auch f\u00fcr begeisterte Heimwerker.  Bitte beachten Sie: Dieses Produkt kann nur \u00fcber unseren Webshop bestellt werden.","og_url":"https:\/\/partijhandeldhz.nl\/de\/produkt\/werkzeugsatz-108-stueck\/","og_site_name":"DHZ Outlet &amp; Partijhandel","article_publisher":"https:\/\/www.facebook.com\/people\/Partijhandel-DHZ\/61573487458594\/","og_image":[{"width":1000,"height":1000,"url":"https:\/\/partijhandeldhz.nl\/wp-content\/uploads\/2025\/12\/Afbeelding-1-27.jpg","type":"image\/jpeg"}],"twitter_card":"summary_large_image","twitter_misc":{"Gesch\u00e4tzte Lesezeit":"1\u00a0Minute"},"schema":{"@context":"https:\/\/schema.org","@graph":[{"@type":"WebPage","@id":"https:\/\/partijhandeldhz.nl\/de\/produkt\/werkzeugsatz-108-stueck\/","url":"https:\/\/partijhandeldhz.nl\/de\/produkt\/werkzeugsatz-108-stueck\/","name":"Werkzeugsatz 108 St\u00fcck - DHZ Outlet &amp; Partijhandel","isPartOf":{"@id":"https:\/\/partijhandeldhz.nl\/de\/#website"},"primaryImageOfPage":{"@id":"https:\/\/partijhandeldhz.nl\/de\/produkt\/werkzeugsatz-108-stueck\/#primaryimage"},"image":{"@id":"https:\/\/partijhandeldhz.nl\/de\/produkt\/werkzeugsatz-108-stueck\/#primaryimage"},"thumbnailUrl":"https:\/\/partijhandeldhz.nl\/wp-content\/uploads\/2025\/12\/Afbeelding-1-27.jpg","datePublished":"2025-12-10T14:59:24+00:00","breadcrumb":{"@id":"https:\/\/partijhandeldhz.nl\/de\/produkt\/werkzeugsatz-108-stueck\/#breadcrumb"},"inLanguage":"de","potentialAction":[{"@type":"ReadAction","target":["https:\/\/partijhandeldhz.nl\/de\/produkt\/werkzeugsatz-108-stueck\/"]}]},{"@type":"ImageObject","inLanguage":"de","@id":"https:\/\/partijhandeldhz.nl\/de\/produkt\/werkzeugsatz-108-stueck\/#primaryimage","url":"https:\/\/partijhandeldhz.nl\/wp-content\/uploads\/2025\/12\/Afbeelding-1-27.jpg","contentUrl":"https:\/\/partijhandeldhz.nl\/wp-content\/uploads\/2025\/12\/Afbeelding-1-27.jpg","width":1000,"height":1000},{"@type":"BreadcrumbList","@id":"https:\/\/partijhandeldhz.nl\/de\/produkt\/werkzeugsatz-108-stueck\/#breadcrumb","itemListElement":[{"@type":"ListItem","position":1,"name":"Home","item":"https:\/\/partijhandeldhz.nl\/de\/"},{"@type":"ListItem","position":2,"name":"Shop","item":"https:\/\/partijhandeldhz.nl\/de\/shop\/"},{"@type":"ListItem","position":3,"name":"Werkzeugsatz 108 St\u00fcck"}]},{"@type":"WebSite","@id":"https:\/\/partijhandeldhz.nl\/de\/#website","url":"https:\/\/partijhandeldhz.nl\/de\/","name":"DHZ Outlet & Partijhandel","description":"Grote en kleine partijen, altijd de scherpste prijs!","publisher":{"@id":"https:\/\/partijhandeldhz.nl\/de\/#organization"},"potentialAction":[{"@type":"SearchAction","target":{"@type":"EntryPoint","urlTemplate":"https:\/\/partijhandeldhz.nl\/de\/?s={search_term_string}"},"query-input":{"@type":"PropertyValueSpecification","valueRequired":true,"valueName":"search_term_string"}}],"inLanguage":"de"},{"@type":"Organization","@id":"https:\/\/partijhandeldhz.nl\/de\/#organization","name":"DHZ Outlet & Partijhandel","url":"https:\/\/partijhandeldhz.nl\/de\/","logo":{"@type":"ImageObject","inLanguage":"de","@id":"https:\/\/partijhandeldhz.nl\/de\/#\/schema\/logo\/image\/","url":"https:\/\/partijhandeldhz.nl\/wp-content\/uploads\/2025\/03\/1.png","contentUrl":"https:\/\/partijhandeldhz.nl\/wp-content\/uploads\/2025\/03\/1.png","width":1000,"height":500,"caption":"DHZ Outlet & Partijhandel"},"image":{"@id":"https:\/\/partijhandeldhz.nl\/de\/#\/schema\/logo\/image\/"},"sameAs":["https:\/\/www.facebook.com\/people\/Partijhandel-DHZ\/61573487458594\/","https:\/\/www.instagram.com\/partijhandeldhz\/"]}]}},"jetpack_sharing_enabled":true,"_links":{"self":[{"href":"https:\/\/partijhandeldhz.nl\/de\/wp-json\/wp\/v2\/product\/14737","targetHints":{"allow":["GET"]}}],"collection":[{"href":"https:\/\/partijhandeldhz.nl\/de\/wp-json\/wp\/v2\/product"}],"about":[{"href":"https:\/\/partijhandeldhz.nl\/de\/wp-json\/wp\/v2\/types\/product"}],"version-history":[{"count":0,"href":"https:\/\/partijhandeldhz.nl\/de\/wp-json\/wp\/v2\/product\/14737\/revisions"}],"wp:featuredmedia":[{"embeddable":true,"href":"https:\/\/partijhandeldhz.nl\/de\/wp-json\/wp\/v2\/media\/14492"}],"wp:attachment":[{"href":"https:\/\/partijhandeldhz.nl\/de\/wp-json\/wp\/v2\/media?parent=14737"}],"wp:term":[{"taxonomy":"product_brand","embeddable":true,"href":"https:\/\/partijhandeldhz.nl\/de\/wp-json\/wp\/v2\/product_brand?post=14737"},{"taxonomy":"product_cat","embeddable":true,"href":"https:\/\/partijhandeldhz.nl\/de\/wp-json\/wp\/v2\/product_cat?post=14737"},{"taxonomy":"product_tag","embeddable":true,"href":"https:\/\/partijhandeldhz.nl\/de\/wp-json\/wp\/v2\/product_tag?post=14737"}],"curies":[{"name":"wp","href":"https:\/\/api.w.org\/{rel}","templated":true}]}}