{"id":14732,"date":"2025-12-04T11:49:41","date_gmt":"2025-12-04T11:49:41","guid":{"rendered":"https:\/\/partijhandeldhz.nl\/product\/convector-heizer-1000w-wlan-2\/"},"modified":"2025-12-04T11:49:41","modified_gmt":"2025-12-04T11:49:41","slug":"convector-heizer-1000w-wlan-2","status":"publish","type":"product","link":"https:\/\/partijhandeldhz.nl\/de\/produkt\/convector-heizer-1000w-wlan-2\/","title":{"rendered":"Convector-Heizer 1000W + WLAN"},"content":{"rendered":"<p data-start=\"195\" data-end=\"615\">Der NEO Tools Convector Heater 1000W (Modell 90-090) ist eine moderne, leise und \u00e4u\u00dferst effiziente Heizl\u00f6sung f\u00fcr kleinere R\u00e4ume. Dank des fortschrittlichen, X-f\u00f6rmigen Aluminiumheizelements erw\u00e4rmt sich der Heizer schnell und gleichm\u00e4\u00dfig, ohne Ger\u00e4usche, Geruch oder Rauch. Das elegante Design mit geh\u00e4rtetem Glas und einer schlanken wei\u00dfen Oberfl\u00e4che macht diesen Konvektor zu einer stilvollen Erg\u00e4nzung f\u00fcr jeden Raum im Haus.  <\/p>\n<p data-start=\"617\" data-end=\"956\">Mit einem einstellbaren Thermostat von 5\u201345 \u00b0C k\u00f6nnen Sie ganz einfach die ideale Temperatur w\u00e4hlen. Die Heizung ist mit einem LED-Touchscreen, einem Wochentimer ausgestattet und kann vollst\u00e4ndig drahtlos \u00fcber die TUYA Smart App oder die mitgelieferte Fernbedienung gesteuert werden. Das macht den Konvektor perfekt f\u00fcr die Integration in ein Smart-Home-System.  <\/p>\n<p data-start=\"958\" data-end=\"1348\">F\u00fcr optimale Sicherheit verf\u00fcgt das Ger\u00e4t \u00fcber \u00dcberhitzungsschutz, Neigungsschutz, eine Kindersicherung, Frostschutz und eine Fenstererkennung, die automatisch auf pl\u00f6tzliche Temperaturabf\u00e4lle reagiert. Dank der IP24-Zertifizierung ist die Heizung zudem vor Spritzwasser gesch\u00fctzt und eignet sich daher beispielsweise f\u00fcr den Einsatz in Badezimmern. <\/p>\n<p data-start=\"1350\" data-end=\"1629\">Mit einer Heizkapazit\u00e4t von 10\u201315 m\u00b2 ist dieser Konvektor ideal f\u00fcr Schlafzimmer, Homeoffices, Badezimmer oder kompakte Wohnr\u00e4ume. Der Heizl\u00fcfter kann freistehend auf Aluminiumf\u00fc\u00dfen verwendet und mit dem mitgelieferten Montageset an der Wand montiert werden. <\/p>\n<h1 data-start=\"1902\" data-end=\"1931\"><strong data-start=\"1904\" data-end=\"1931\">Schl\u00fcsselmerkmale<\/strong><\/h1>\n<ul>\n<li data-start=\"1934\" data-end=\"1955\">Leistung: 1000W<\/li>\n<li data-start=\"1958\" data-end=\"2008\">Modernes X-f\u00f6rmiges Aluminiumheizelement<\/li>\n<li data-start=\"2011\" data-end=\"2066\">Aus geh\u00e4rtetem Glas gefertigt \u2013 kr\u00e4ftig, moderner Look<\/li>\n<li data-start=\"2069\" data-end=\"2105\">Verstellbares Thermostat: 5\u201345\u00b0C<\/li>\n<li data-start=\"2108\" data-end=\"2152\">TUYA App-Steuerung + Fernsteuerung<\/li>\n<li data-start=\"2155\" data-end=\"2190\">LED-Touchscreen mit w\u00f6chentlichem Timer<\/li>\n<li data-start=\"2193\" data-end=\"2226\">Heizfl\u00e4che: 10\u201315 m\u00b2<\/li>\n<li data-start=\"2229\" data-end=\"2268\">Geeignet f\u00fcr den Badezimmergebrauch (IP24)<\/li>\n<li data-start=\"2271\" data-end=\"2306\">Wandmontierte oder freistehende Nutzung<\/li>\n<li data-start=\"2309\" data-end=\"2337\">\u00dcberhitzungsschutz<\/li>\n<li data-start=\"2340\" data-end=\"2359\">\u00dcberschlagschutz<\/li>\n<li data-start=\"2362\" data-end=\"2381\">Kindersicherung<\/li>\n<li data-start=\"2384\" data-end=\"2402\">Frostschutz<\/li>\n<li data-start=\"2405\" data-end=\"2425\">Open-Window-Erkennung<\/li>\n<li data-start=\"2428\" data-end=\"2465\">Abmessungen: 51,5 \u00d7 45 \u00d7 10,5 cm<\/li>\n<li data-start=\"2468\" data-end=\"2484\">Farbe: Wei\u00df<\/li>\n<li data-start=\"2487\" data-end=\"2523\">Beinhaltet Wandmontage-Set und F\u00fc\u00dfe<\/li>\n<li data-start=\"2526\" data-end=\"2553\">EAN-Code: 5907558447620<\/li>\n<\/ul>\n","protected":false},"excerpt":{"rendered":"<p>Der NEO Tools Convector Heater 1000W (Modell 90-090) bietet leise, intelligente und sichere Heizung mit TUYA-App, Touchscreen, Fernbedienung und IP24-Schutz.<br \/>\n<br data-start=\"1826\" data-end=\"1829\"><strong data-start=\"1829\" data-end=\"1895\"><em data-start=\"1831\" data-end=\"1893\">Bitte beachten Sie: Dieses Produkt kann nur \u00fcber unseren Webshop bestellt werden.<\/em><\/strong><\/p>\n","protected":false},"featured_media":12813,"template":"","meta":{"_acf_changed":false,"site-sidebar-layout":"default","site-content-layout":"","ast-site-content-layout":"default","site-content-style":"default","site-sidebar-style":"default","ast-global-header-display":"","ast-banner-title-visibility":"","ast-main-header-display":"","ast-hfb-above-header-display":"","ast-hfb-below-header-display":"","ast-hfb-mobile-header-display":"","site-post-title":"","ast-breadcrumbs-content":"","ast-featured-img":"","footer-sml-layout":"","ast-disable-related-posts":"","theme-transparent-header-meta":"default","adv-header-id-meta":"","stick-header-meta":"","header-above-stick-meta":"","header-main-stick-meta":"","header-below-stick-meta":"","astra-migrate-meta-layouts":"default","ast-page-background-enabled":"default","ast-page-background-meta":{"desktop":{"background-color":"","background-image":"","background-repeat":"repeat","background-position":"center center","background-size":"auto","background-attachment":"scroll","background-type":"","background-media":"","overlay-type":"","overlay-color":"","overlay-opacity":"","overlay-gradient":""},"tablet":{"background-color":"","background-image":"","background-repeat":"repeat","background-position":"center center","background-size":"auto","background-attachment":"scroll","background-type":"","background-media":"","overlay-type":"","overlay-color":"","overlay-opacity":"","overlay-gradient":""},"mobile":{"background-color":"","background-image":"","background-repeat":"repeat","background-position":"center center","background-size":"auto","background-attachment":"scroll","background-type":"","background-media":"","overlay-type":"","overlay-color":"","overlay-opacity":"","overlay-gradient":""}},"ast-content-background-meta":{"desktop":{"background-color":"var(--ast-global-color-5)","background-image":"","background-repeat":"repeat","background-position":"center center","background-size":"auto","background-attachment":"scroll","background-type":"","background-media":"","overlay-type":"","overlay-color":"","overlay-opacity":"","overlay-gradient":""},"tablet":{"background-color":"var(--ast-global-color-5)","background-image":"","background-repeat":"repeat","background-position":"center center","background-size":"auto","background-attachment":"scroll","background-type":"","background-media":"","overlay-type":"","overlay-color":"","overlay-opacity":"","overlay-gradient":""},"mobile":{"background-color":"var(--ast-global-color-5)","background-image":"","background-repeat":"repeat","background-position":"center center","background-size":"auto","background-attachment":"scroll","background-type":"","background-media":"","overlay-type":"","overlay-color":"","overlay-opacity":"","overlay-gradient":""}}},"product_brand":[429],"product_cat":[623,622,599],"product_tag":[],"class_list":{"0":"post-14732","1":"product","2":"type-product","3":"status-publish","4":"has-post-thumbnail","6":"product_brand-neo-tools","7":"product_cat-elektrische-heizungen","8":"product_cat-elektro-beleuchtung","9":"product_cat-postenhandel","10":"pa_merk-neo-tools","11":"desktop-align-left","12":"tablet-align-left","13":"mobile-align-left","15":"first","16":"instock","17":"taxable","18":"shipping-taxable","19":"purchasable","20":"product-type-simple"},"acf":[],"yoast_head":"<!-- This site is optimized with the Yoast SEO plugin v27.5 - https:\/\/yoast.com\/product\/yoast-seo-wordpress\/ -->\n<title>Convector-Heizer 1000W + WLAN - DHZ Outlet &amp; Partijhandel<\/title>\n<meta name=\"robots\" content=\"index, follow, max-snippet:-1, max-image-preview:large, max-video-preview:-1\" \/>\n<link rel=\"canonical\" href=\"https:\/\/partijhandeldhz.nl\/de\/produkt\/convector-heizer-1000w-wlan-2\/\" \/>\n<meta property=\"og:locale\" content=\"de_DE\" \/>\n<meta property=\"og:type\" content=\"article\" \/>\n<meta property=\"og:title\" content=\"Convector-Heizer 1000W + WLAN - DHZ Outlet &amp; Partijhandel\" \/>\n<meta property=\"og:description\" content=\"Der NEO Tools Convector Heater 1000W (Modell 90-090) bietet leise, intelligente und sichere Heizung mit TUYA-App, Touchscreen, Fernbedienung und IP24-Schutz. Bitte beachten Sie: Dieses Produkt kann nur \u00fcber unseren Webshop bestellt werden.\" \/>\n<meta property=\"og:url\" content=\"https:\/\/partijhandeldhz.nl\/de\/produkt\/convector-heizer-1000w-wlan-2\/\" \/>\n<meta property=\"og:site_name\" content=\"DHZ Outlet &amp; Partijhandel\" \/>\n<meta property=\"article:publisher\" content=\"https:\/\/www.facebook.com\/people\/Partijhandel-DHZ\/61573487458594\/\" \/>\n<meta property=\"og:image\" content=\"https:\/\/partijhandeldhz.nl\/wp-content\/uploads\/2025\/12\/Afbeelding-1-25.jpg\" \/>\n\t<meta property=\"og:image:width\" content=\"1000\" \/>\n\t<meta property=\"og:image:height\" content=\"1000\" \/>\n\t<meta property=\"og:image:type\" content=\"image\/jpeg\" \/>\n<meta name=\"twitter:card\" content=\"summary_large_image\" \/>\n<meta name=\"twitter:label1\" content=\"Gesch\u00e4tzte Lesezeit\" \/>\n\t<meta name=\"twitter:data1\" content=\"1\u00a0Minute\" \/>\n<script type=\"application\/ld+json\" class=\"yoast-schema-graph\">{\"@context\":\"https:\\\/\\\/schema.org\",\"@graph\":[{\"@type\":\"WebPage\",\"@id\":\"https:\\\/\\\/partijhandeldhz.nl\\\/de\\\/produkt\\\/convector-heizer-1000w-wlan-2\\\/\",\"url\":\"https:\\\/\\\/partijhandeldhz.nl\\\/de\\\/produkt\\\/convector-heizer-1000w-wlan-2\\\/\",\"name\":\"Convector-Heizer 1000W + WLAN - DHZ Outlet &amp; Partijhandel\",\"isPartOf\":{\"@id\":\"https:\\\/\\\/partijhandeldhz.nl\\\/de\\\/#website\"},\"primaryImageOfPage\":{\"@id\":\"https:\\\/\\\/partijhandeldhz.nl\\\/de\\\/produkt\\\/convector-heizer-1000w-wlan-2\\\/#primaryimage\"},\"image\":{\"@id\":\"https:\\\/\\\/partijhandeldhz.nl\\\/de\\\/produkt\\\/convector-heizer-1000w-wlan-2\\\/#primaryimage\"},\"thumbnailUrl\":\"https:\\\/\\\/partijhandeldhz.nl\\\/wp-content\\\/uploads\\\/2025\\\/12\\\/Afbeelding-1-25.jpg\",\"datePublished\":\"2025-12-04T11:49:41+00:00\",\"breadcrumb\":{\"@id\":\"https:\\\/\\\/partijhandeldhz.nl\\\/de\\\/produkt\\\/convector-heizer-1000w-wlan-2\\\/#breadcrumb\"},\"inLanguage\":\"de\",\"potentialAction\":[{\"@type\":\"ReadAction\",\"target\":[\"https:\\\/\\\/partijhandeldhz.nl\\\/de\\\/produkt\\\/convector-heizer-1000w-wlan-2\\\/\"]}]},{\"@type\":\"ImageObject\",\"inLanguage\":\"de\",\"@id\":\"https:\\\/\\\/partijhandeldhz.nl\\\/de\\\/produkt\\\/convector-heizer-1000w-wlan-2\\\/#primaryimage\",\"url\":\"https:\\\/\\\/partijhandeldhz.nl\\\/wp-content\\\/uploads\\\/2025\\\/12\\\/Afbeelding-1-25.jpg\",\"contentUrl\":\"https:\\\/\\\/partijhandeldhz.nl\\\/wp-content\\\/uploads\\\/2025\\\/12\\\/Afbeelding-1-25.jpg\",\"width\":1000,\"height\":1000},{\"@type\":\"BreadcrumbList\",\"@id\":\"https:\\\/\\\/partijhandeldhz.nl\\\/de\\\/produkt\\\/convector-heizer-1000w-wlan-2\\\/#breadcrumb\",\"itemListElement\":[{\"@type\":\"ListItem\",\"position\":1,\"name\":\"Home\",\"item\":\"https:\\\/\\\/partijhandeldhz.nl\\\/de\\\/\"},{\"@type\":\"ListItem\",\"position\":2,\"name\":\"Shop\",\"item\":\"https:\\\/\\\/partijhandeldhz.nl\\\/de\\\/shop\\\/\"},{\"@type\":\"ListItem\",\"position\":3,\"name\":\"Convector-Heizer 1000W + WLAN\"}]},{\"@type\":\"WebSite\",\"@id\":\"https:\\\/\\\/partijhandeldhz.nl\\\/de\\\/#website\",\"url\":\"https:\\\/\\\/partijhandeldhz.nl\\\/de\\\/\",\"name\":\"DHZ Outlet & Partijhandel\",\"description\":\"Grote en kleine partijen, altijd de scherpste prijs!\",\"publisher\":{\"@id\":\"https:\\\/\\\/partijhandeldhz.nl\\\/de\\\/#organization\"},\"potentialAction\":[{\"@type\":\"SearchAction\",\"target\":{\"@type\":\"EntryPoint\",\"urlTemplate\":\"https:\\\/\\\/partijhandeldhz.nl\\\/de\\\/?s={search_term_string}\"},\"query-input\":{\"@type\":\"PropertyValueSpecification\",\"valueRequired\":true,\"valueName\":\"search_term_string\"}}],\"inLanguage\":\"de\"},{\"@type\":\"Organization\",\"@id\":\"https:\\\/\\\/partijhandeldhz.nl\\\/de\\\/#organization\",\"name\":\"DHZ Outlet & Partijhandel\",\"url\":\"https:\\\/\\\/partijhandeldhz.nl\\\/de\\\/\",\"logo\":{\"@type\":\"ImageObject\",\"inLanguage\":\"de\",\"@id\":\"https:\\\/\\\/partijhandeldhz.nl\\\/de\\\/#\\\/schema\\\/logo\\\/image\\\/\",\"url\":\"https:\\\/\\\/partijhandeldhz.nl\\\/wp-content\\\/uploads\\\/2025\\\/03\\\/1.png\",\"contentUrl\":\"https:\\\/\\\/partijhandeldhz.nl\\\/wp-content\\\/uploads\\\/2025\\\/03\\\/1.png\",\"width\":1000,\"height\":500,\"caption\":\"DHZ Outlet & Partijhandel\"},\"image\":{\"@id\":\"https:\\\/\\\/partijhandeldhz.nl\\\/de\\\/#\\\/schema\\\/logo\\\/image\\\/\"},\"sameAs\":[\"https:\\\/\\\/www.facebook.com\\\/people\\\/Partijhandel-DHZ\\\/61573487458594\\\/\",\"https:\\\/\\\/www.instagram.com\\\/partijhandeldhz\\\/\"]}]}<\/script>\n<!-- \/ Yoast SEO plugin. -->","yoast_head_json":{"title":"Convector-Heizer 1000W + WLAN - DHZ Outlet &amp; Partijhandel","robots":{"index":"index","follow":"follow","max-snippet":"max-snippet:-1","max-image-preview":"max-image-preview:large","max-video-preview":"max-video-preview:-1"},"canonical":"https:\/\/partijhandeldhz.nl\/de\/produkt\/convector-heizer-1000w-wlan-2\/","og_locale":"de_DE","og_type":"article","og_title":"Convector-Heizer 1000W + WLAN - DHZ Outlet &amp; Partijhandel","og_description":"Der NEO Tools Convector Heater 1000W (Modell 90-090) bietet leise, intelligente und sichere Heizung mit TUYA-App, Touchscreen, Fernbedienung und IP24-Schutz. Bitte beachten Sie: Dieses Produkt kann nur \u00fcber unseren Webshop bestellt werden.","og_url":"https:\/\/partijhandeldhz.nl\/de\/produkt\/convector-heizer-1000w-wlan-2\/","og_site_name":"DHZ Outlet &amp; Partijhandel","article_publisher":"https:\/\/www.facebook.com\/people\/Partijhandel-DHZ\/61573487458594\/","og_image":[{"width":1000,"height":1000,"url":"https:\/\/partijhandeldhz.nl\/wp-content\/uploads\/2025\/12\/Afbeelding-1-25.jpg","type":"image\/jpeg"}],"twitter_card":"summary_large_image","twitter_misc":{"Gesch\u00e4tzte Lesezeit":"1\u00a0Minute"},"schema":{"@context":"https:\/\/schema.org","@graph":[{"@type":"WebPage","@id":"https:\/\/partijhandeldhz.nl\/de\/produkt\/convector-heizer-1000w-wlan-2\/","url":"https:\/\/partijhandeldhz.nl\/de\/produkt\/convector-heizer-1000w-wlan-2\/","name":"Convector-Heizer 1000W + WLAN - DHZ Outlet &amp; Partijhandel","isPartOf":{"@id":"https:\/\/partijhandeldhz.nl\/de\/#website"},"primaryImageOfPage":{"@id":"https:\/\/partijhandeldhz.nl\/de\/produkt\/convector-heizer-1000w-wlan-2\/#primaryimage"},"image":{"@id":"https:\/\/partijhandeldhz.nl\/de\/produkt\/convector-heizer-1000w-wlan-2\/#primaryimage"},"thumbnailUrl":"https:\/\/partijhandeldhz.nl\/wp-content\/uploads\/2025\/12\/Afbeelding-1-25.jpg","datePublished":"2025-12-04T11:49:41+00:00","breadcrumb":{"@id":"https:\/\/partijhandeldhz.nl\/de\/produkt\/convector-heizer-1000w-wlan-2\/#breadcrumb"},"inLanguage":"de","potentialAction":[{"@type":"ReadAction","target":["https:\/\/partijhandeldhz.nl\/de\/produkt\/convector-heizer-1000w-wlan-2\/"]}]},{"@type":"ImageObject","inLanguage":"de","@id":"https:\/\/partijhandeldhz.nl\/de\/produkt\/convector-heizer-1000w-wlan-2\/#primaryimage","url":"https:\/\/partijhandeldhz.nl\/wp-content\/uploads\/2025\/12\/Afbeelding-1-25.jpg","contentUrl":"https:\/\/partijhandeldhz.nl\/wp-content\/uploads\/2025\/12\/Afbeelding-1-25.jpg","width":1000,"height":1000},{"@type":"BreadcrumbList","@id":"https:\/\/partijhandeldhz.nl\/de\/produkt\/convector-heizer-1000w-wlan-2\/#breadcrumb","itemListElement":[{"@type":"ListItem","position":1,"name":"Home","item":"https:\/\/partijhandeldhz.nl\/de\/"},{"@type":"ListItem","position":2,"name":"Shop","item":"https:\/\/partijhandeldhz.nl\/de\/shop\/"},{"@type":"ListItem","position":3,"name":"Convector-Heizer 1000W + WLAN"}]},{"@type":"WebSite","@id":"https:\/\/partijhandeldhz.nl\/de\/#website","url":"https:\/\/partijhandeldhz.nl\/de\/","name":"DHZ Outlet & Partijhandel","description":"Grote en kleine partijen, altijd de scherpste prijs!","publisher":{"@id":"https:\/\/partijhandeldhz.nl\/de\/#organization"},"potentialAction":[{"@type":"SearchAction","target":{"@type":"EntryPoint","urlTemplate":"https:\/\/partijhandeldhz.nl\/de\/?s={search_term_string}"},"query-input":{"@type":"PropertyValueSpecification","valueRequired":true,"valueName":"search_term_string"}}],"inLanguage":"de"},{"@type":"Organization","@id":"https:\/\/partijhandeldhz.nl\/de\/#organization","name":"DHZ Outlet & Partijhandel","url":"https:\/\/partijhandeldhz.nl\/de\/","logo":{"@type":"ImageObject","inLanguage":"de","@id":"https:\/\/partijhandeldhz.nl\/de\/#\/schema\/logo\/image\/","url":"https:\/\/partijhandeldhz.nl\/wp-content\/uploads\/2025\/03\/1.png","contentUrl":"https:\/\/partijhandeldhz.nl\/wp-content\/uploads\/2025\/03\/1.png","width":1000,"height":500,"caption":"DHZ Outlet & Partijhandel"},"image":{"@id":"https:\/\/partijhandeldhz.nl\/de\/#\/schema\/logo\/image\/"},"sameAs":["https:\/\/www.facebook.com\/people\/Partijhandel-DHZ\/61573487458594\/","https:\/\/www.instagram.com\/partijhandeldhz\/"]}]}},"jetpack_sharing_enabled":true,"_links":{"self":[{"href":"https:\/\/partijhandeldhz.nl\/de\/wp-json\/wp\/v2\/product\/14732","targetHints":{"allow":["GET"]}}],"collection":[{"href":"https:\/\/partijhandeldhz.nl\/de\/wp-json\/wp\/v2\/product"}],"about":[{"href":"https:\/\/partijhandeldhz.nl\/de\/wp-json\/wp\/v2\/types\/product"}],"version-history":[{"count":0,"href":"https:\/\/partijhandeldhz.nl\/de\/wp-json\/wp\/v2\/product\/14732\/revisions"}],"wp:featuredmedia":[{"embeddable":true,"href":"https:\/\/partijhandeldhz.nl\/de\/wp-json\/wp\/v2\/media\/12813"}],"wp:attachment":[{"href":"https:\/\/partijhandeldhz.nl\/de\/wp-json\/wp\/v2\/media?parent=14732"}],"wp:term":[{"taxonomy":"product_brand","embeddable":true,"href":"https:\/\/partijhandeldhz.nl\/de\/wp-json\/wp\/v2\/product_brand?post=14732"},{"taxonomy":"product_cat","embeddable":true,"href":"https:\/\/partijhandeldhz.nl\/de\/wp-json\/wp\/v2\/product_cat?post=14732"},{"taxonomy":"product_tag","embeddable":true,"href":"https:\/\/partijhandeldhz.nl\/de\/wp-json\/wp\/v2\/product_tag?post=14732"}],"curies":[{"name":"wp","href":"https:\/\/api.w.org\/{rel}","templated":true}]}}