{"id":14730,"date":"2025-12-04T12:58:17","date_gmt":"2025-12-04T12:58:17","guid":{"rendered":"https:\/\/partijhandeldhz.nl\/product\/konvektorheizer-1000w\/"},"modified":"2025-12-04T12:58:17","modified_gmt":"2025-12-04T12:58:17","slug":"konvektorheizer-1000w","status":"publish","type":"product","link":"https:\/\/partijhandeldhz.nl\/de\/produkt\/konvektorheizer-1000w\/","title":{"rendered":"Konvektorheizer 1000W"},"content":{"rendered":"<p data-start=\"194\" data-end=\"597\">Der NEO Tools Convector Heater 1000W (Modell 90-090) ist eine moderne und stilvolle Heizl\u00f6sung, die effiziente und ruhige W\u00e4rme in kleineren R\u00e4umen bietet. Dank des leistungsstarken X-f\u00f6rmigen Aluminiumheizelements erhitzt sich der Konvektor schnell, ohne Geruch, Gas oder Rauch. Das geh\u00e4rtete Glasgeh\u00e4use verleiht dem Heizger\u00e4t ein luxuri\u00f6ses Aussehen und ist gleichzeitig sehr langlebig.  <\/p>\n<p data-start=\"599\" data-end=\"949\">Mit dem verstellbaren Thermostat (5\u201345 \u00b0C) k\u00f6nnen Sie immer die gew\u00fcnschte Temperatur f\u00fcr Ihr Zimmer w\u00e4hlen. Der Convector ist mit einem LED-Touchscreen, einem Wochentimer ausgestattet und mit einer Fernbedienung f\u00fcr zus\u00e4tzlichen Komfort ausgestattet. So k\u00f6nnen Sie alle Funktionen leicht steuern, egal ob Sie neben dem Herd stehen oder bequem auf dem Sofa sitzen.  <\/p>\n<p data-start=\"951\" data-end=\"1325\">F\u00fcr maximale Sicherheit verf\u00fcgt dieses Modell \u00fcber \u00dcberhitzungsschutz, Neigungsschutz, Kinderschutz, Frostschutz und eine Fenstererkennungsfunktion, die automatisch auf pl\u00f6tzlichen W\u00e4rmeverlust reagiert. Dank der IP24-Zertifizierung ist der Heizl\u00fcfter zudem spritzwasserdicht, was ihn auch f\u00fcr feuchte R\u00e4ume wie das Badezimmer geeignet macht. <\/p>\n<p data-start=\"1327\" data-end=\"1614\">Mit einer Heizkapazit\u00e4t von 8\u201310 m\u00b2 ist dieser Konvektor ideal f\u00fcr kleine Schlafzimmer, Homeoffices, Badezimmer oder Hobbyr\u00e4ume. Das Ger\u00e4t kann freistehend mit Aluminiumf\u00fc\u00dfen verwendet werden sowie mit dem mitgelieferten Wandmontage-Set an der Wand montiert werden. <\/p>\n<h1 data-start=\"1912\" data-end=\"1941\"><strong data-start=\"1914\" data-end=\"1941\">Schl\u00fcsselmerkmale<\/strong><\/h1>\n<ul>\n<li data-start=\"1944\" data-end=\"1965\">Leistung: 1000W<\/li>\n<li data-start=\"1968\" data-end=\"2007\">X-f\u00f6rmiges Aluminiumheizelement<\/li>\n<li data-start=\"2010\" data-end=\"2041\">Geh\u00e4use aus geh\u00e4rtetem Glas<\/li>\n<li data-start=\"2044\" data-end=\"2080\">Verstellbares Thermostat: 5\u201345\u00b0C<\/li>\n<li data-start=\"2083\" data-end=\"2119\">LED-Touchscreen + Wochentimer<\/li>\n<li data-start=\"2122\" data-end=\"2155\">Fernbedienung inklusive<\/li>\n<li data-start=\"2158\" data-end=\"2193\">Heizfl\u00e4che: 8\u201310 m\u00b2<\/li>\n<li data-start=\"2196\" data-end=\"2224\">\u00dcberhitzungsschutz<\/li>\n<li data-start=\"2227\" data-end=\"2246\">\u00dcberschlagschutz<\/li>\n<li data-start=\"2249\" data-end=\"2268\">Kindersicherung<\/li>\n<li data-start=\"2271\" data-end=\"2289\">Frostschutz<\/li>\n<li data-start=\"2292\" data-end=\"2312\">Open-Window-Erkennung<\/li>\n<li data-start=\"2315\" data-end=\"2369\">Schutzgrad: IP24 (geeignet f\u00fcr Badezimmer)<\/li>\n<li data-start=\"2372\" data-end=\"2409\">Abmessungen: 51,5 \u00d7 45 \u00d7 10,5 cm<\/li>\n<li data-start=\"2412\" data-end=\"2428\">Farbe: Wei\u00df<\/li>\n<li data-start=\"2431\" data-end=\"2477\">Enth\u00e4lt Wandmontage und Aluminiumf\u00fc\u00dfe<\/li>\n<li data-start=\"2480\" data-end=\"2507\">EAN-Code: 5907558447590<\/li>\n<\/ul>\n","protected":false},"excerpt":{"rendered":"<p>Der NEO Tools Convector Heater 1000W (Modell 90-090) bietet leise, effiziente und sichere Heizung in kompakter Gr\u00f6\u00dfe. Mit LED-Touchscreen, Fernbedienung und IP24-Schutz.<br \/>\n<br data-start=\"1836\" data-end=\"1839\"><strong data-start=\"1839\" data-end=\"1905\"><em data-start=\"1841\" data-end=\"1903\">Bitte beachten Sie: Dieses Produkt kann nur \u00fcber unseren Webshop bestellt werden.<\/em><\/strong><\/p>\n","protected":false},"featured_media":12813,"template":"","meta":{"_acf_changed":false,"site-sidebar-layout":"default","site-content-layout":"","ast-site-content-layout":"default","site-content-style":"default","site-sidebar-style":"default","ast-global-header-display":"","ast-banner-title-visibility":"","ast-main-header-display":"","ast-hfb-above-header-display":"","ast-hfb-below-header-display":"","ast-hfb-mobile-header-display":"","site-post-title":"","ast-breadcrumbs-content":"","ast-featured-img":"","footer-sml-layout":"","ast-disable-related-posts":"","theme-transparent-header-meta":"default","adv-header-id-meta":"","stick-header-meta":"","header-above-stick-meta":"","header-main-stick-meta":"","header-below-stick-meta":"","astra-migrate-meta-layouts":"default","ast-page-background-enabled":"default","ast-page-background-meta":{"desktop":{"background-color":"","background-image":"","background-repeat":"repeat","background-position":"center center","background-size":"auto","background-attachment":"scroll","background-type":"","background-media":"","overlay-type":"","overlay-color":"","overlay-opacity":"","overlay-gradient":""},"tablet":{"background-color":"","background-image":"","background-repeat":"repeat","background-position":"center center","background-size":"auto","background-attachment":"scroll","background-type":"","background-media":"","overlay-type":"","overlay-color":"","overlay-opacity":"","overlay-gradient":""},"mobile":{"background-color":"","background-image":"","background-repeat":"repeat","background-position":"center center","background-size":"auto","background-attachment":"scroll","background-type":"","background-media":"","overlay-type":"","overlay-color":"","overlay-opacity":"","overlay-gradient":""}},"ast-content-background-meta":{"desktop":{"background-color":"var(--ast-global-color-5)","background-image":"","background-repeat":"repeat","background-position":"center center","background-size":"auto","background-attachment":"scroll","background-type":"","background-media":"","overlay-type":"","overlay-color":"","overlay-opacity":"","overlay-gradient":""},"tablet":{"background-color":"var(--ast-global-color-5)","background-image":"","background-repeat":"repeat","background-position":"center center","background-size":"auto","background-attachment":"scroll","background-type":"","background-media":"","overlay-type":"","overlay-color":"","overlay-opacity":"","overlay-gradient":""},"mobile":{"background-color":"var(--ast-global-color-5)","background-image":"","background-repeat":"repeat","background-position":"center center","background-size":"auto","background-attachment":"scroll","background-type":"","background-media":"","overlay-type":"","overlay-color":"","overlay-opacity":"","overlay-gradient":""}}},"product_brand":[429],"product_cat":[623,622,599],"product_tag":[],"class_list":{"0":"post-14730","1":"product","2":"type-product","3":"status-publish","4":"has-post-thumbnail","6":"product_brand-neo-tools","7":"product_cat-elektrische-heizungen","8":"product_cat-elektro-beleuchtung","9":"product_cat-postenhandel","10":"pa_merk-neo-tools","11":"desktop-align-left","12":"tablet-align-left","13":"mobile-align-left","15":"first","16":"instock","17":"taxable","18":"shipping-taxable","19":"purchasable","20":"product-type-simple"},"acf":[],"yoast_head":"<!-- This site is optimized with the Yoast SEO plugin v27.5 - https:\/\/yoast.com\/product\/yoast-seo-wordpress\/ -->\n<title>Konvektorheizer 1000W - DHZ Outlet &amp; Partijhandel<\/title>\n<meta name=\"robots\" content=\"index, follow, max-snippet:-1, max-image-preview:large, max-video-preview:-1\" \/>\n<link rel=\"canonical\" href=\"https:\/\/partijhandeldhz.nl\/de\/produkt\/konvektorheizer-1000w\/\" \/>\n<meta property=\"og:locale\" content=\"de_DE\" \/>\n<meta property=\"og:type\" content=\"article\" \/>\n<meta property=\"og:title\" content=\"Konvektorheizer 1000W - DHZ Outlet &amp; Partijhandel\" \/>\n<meta property=\"og:description\" content=\"Der NEO Tools Convector Heater 1000W (Modell 90-090) bietet leise, effiziente und sichere Heizung in kompakter Gr\u00f6\u00dfe. Mit LED-Touchscreen, Fernbedienung und IP24-Schutz. Bitte beachten Sie: Dieses Produkt kann nur \u00fcber unseren Webshop bestellt werden.\" \/>\n<meta property=\"og:url\" content=\"https:\/\/partijhandeldhz.nl\/de\/produkt\/konvektorheizer-1000w\/\" \/>\n<meta property=\"og:site_name\" content=\"DHZ Outlet &amp; Partijhandel\" \/>\n<meta property=\"article:publisher\" content=\"https:\/\/www.facebook.com\/people\/Partijhandel-DHZ\/61573487458594\/\" \/>\n<meta property=\"og:image\" content=\"https:\/\/partijhandeldhz.nl\/wp-content\/uploads\/2025\/12\/Afbeelding-1-25.jpg\" \/>\n\t<meta property=\"og:image:width\" content=\"1000\" \/>\n\t<meta property=\"og:image:height\" content=\"1000\" \/>\n\t<meta property=\"og:image:type\" content=\"image\/jpeg\" \/>\n<meta name=\"twitter:card\" content=\"summary_large_image\" \/>\n<meta name=\"twitter:label1\" content=\"Gesch\u00e4tzte Lesezeit\" \/>\n\t<meta name=\"twitter:data1\" content=\"1\u00a0Minute\" \/>\n<script type=\"application\/ld+json\" class=\"yoast-schema-graph\">{\"@context\":\"https:\\\/\\\/schema.org\",\"@graph\":[{\"@type\":\"WebPage\",\"@id\":\"https:\\\/\\\/partijhandeldhz.nl\\\/de\\\/produkt\\\/konvektorheizer-1000w\\\/\",\"url\":\"https:\\\/\\\/partijhandeldhz.nl\\\/de\\\/produkt\\\/konvektorheizer-1000w\\\/\",\"name\":\"Konvektorheizer 1000W - DHZ Outlet &amp; Partijhandel\",\"isPartOf\":{\"@id\":\"https:\\\/\\\/partijhandeldhz.nl\\\/de\\\/#website\"},\"primaryImageOfPage\":{\"@id\":\"https:\\\/\\\/partijhandeldhz.nl\\\/de\\\/produkt\\\/konvektorheizer-1000w\\\/#primaryimage\"},\"image\":{\"@id\":\"https:\\\/\\\/partijhandeldhz.nl\\\/de\\\/produkt\\\/konvektorheizer-1000w\\\/#primaryimage\"},\"thumbnailUrl\":\"https:\\\/\\\/partijhandeldhz.nl\\\/wp-content\\\/uploads\\\/2025\\\/12\\\/Afbeelding-1-25.jpg\",\"datePublished\":\"2025-12-04T12:58:17+00:00\",\"breadcrumb\":{\"@id\":\"https:\\\/\\\/partijhandeldhz.nl\\\/de\\\/produkt\\\/konvektorheizer-1000w\\\/#breadcrumb\"},\"inLanguage\":\"de\",\"potentialAction\":[{\"@type\":\"ReadAction\",\"target\":[\"https:\\\/\\\/partijhandeldhz.nl\\\/de\\\/produkt\\\/konvektorheizer-1000w\\\/\"]}]},{\"@type\":\"ImageObject\",\"inLanguage\":\"de\",\"@id\":\"https:\\\/\\\/partijhandeldhz.nl\\\/de\\\/produkt\\\/konvektorheizer-1000w\\\/#primaryimage\",\"url\":\"https:\\\/\\\/partijhandeldhz.nl\\\/wp-content\\\/uploads\\\/2025\\\/12\\\/Afbeelding-1-25.jpg\",\"contentUrl\":\"https:\\\/\\\/partijhandeldhz.nl\\\/wp-content\\\/uploads\\\/2025\\\/12\\\/Afbeelding-1-25.jpg\",\"width\":1000,\"height\":1000},{\"@type\":\"BreadcrumbList\",\"@id\":\"https:\\\/\\\/partijhandeldhz.nl\\\/de\\\/produkt\\\/konvektorheizer-1000w\\\/#breadcrumb\",\"itemListElement\":[{\"@type\":\"ListItem\",\"position\":1,\"name\":\"Home\",\"item\":\"https:\\\/\\\/partijhandeldhz.nl\\\/de\\\/\"},{\"@type\":\"ListItem\",\"position\":2,\"name\":\"Shop\",\"item\":\"https:\\\/\\\/partijhandeldhz.nl\\\/de\\\/shop\\\/\"},{\"@type\":\"ListItem\",\"position\":3,\"name\":\"Konvektorheizer 1000W\"}]},{\"@type\":\"WebSite\",\"@id\":\"https:\\\/\\\/partijhandeldhz.nl\\\/de\\\/#website\",\"url\":\"https:\\\/\\\/partijhandeldhz.nl\\\/de\\\/\",\"name\":\"DHZ Outlet & Partijhandel\",\"description\":\"Grote en kleine partijen, altijd de scherpste prijs!\",\"publisher\":{\"@id\":\"https:\\\/\\\/partijhandeldhz.nl\\\/de\\\/#organization\"},\"potentialAction\":[{\"@type\":\"SearchAction\",\"target\":{\"@type\":\"EntryPoint\",\"urlTemplate\":\"https:\\\/\\\/partijhandeldhz.nl\\\/de\\\/?s={search_term_string}\"},\"query-input\":{\"@type\":\"PropertyValueSpecification\",\"valueRequired\":true,\"valueName\":\"search_term_string\"}}],\"inLanguage\":\"de\"},{\"@type\":\"Organization\",\"@id\":\"https:\\\/\\\/partijhandeldhz.nl\\\/de\\\/#organization\",\"name\":\"DHZ Outlet & Partijhandel\",\"url\":\"https:\\\/\\\/partijhandeldhz.nl\\\/de\\\/\",\"logo\":{\"@type\":\"ImageObject\",\"inLanguage\":\"de\",\"@id\":\"https:\\\/\\\/partijhandeldhz.nl\\\/de\\\/#\\\/schema\\\/logo\\\/image\\\/\",\"url\":\"https:\\\/\\\/partijhandeldhz.nl\\\/wp-content\\\/uploads\\\/2025\\\/03\\\/1.png\",\"contentUrl\":\"https:\\\/\\\/partijhandeldhz.nl\\\/wp-content\\\/uploads\\\/2025\\\/03\\\/1.png\",\"width\":1000,\"height\":500,\"caption\":\"DHZ Outlet & Partijhandel\"},\"image\":{\"@id\":\"https:\\\/\\\/partijhandeldhz.nl\\\/de\\\/#\\\/schema\\\/logo\\\/image\\\/\"},\"sameAs\":[\"https:\\\/\\\/www.facebook.com\\\/people\\\/Partijhandel-DHZ\\\/61573487458594\\\/\",\"https:\\\/\\\/www.instagram.com\\\/partijhandeldhz\\\/\"]}]}<\/script>\n<!-- \/ Yoast SEO plugin. -->","yoast_head_json":{"title":"Konvektorheizer 1000W - DHZ Outlet &amp; Partijhandel","robots":{"index":"index","follow":"follow","max-snippet":"max-snippet:-1","max-image-preview":"max-image-preview:large","max-video-preview":"max-video-preview:-1"},"canonical":"https:\/\/partijhandeldhz.nl\/de\/produkt\/konvektorheizer-1000w\/","og_locale":"de_DE","og_type":"article","og_title":"Konvektorheizer 1000W - DHZ Outlet &amp; Partijhandel","og_description":"Der NEO Tools Convector Heater 1000W (Modell 90-090) bietet leise, effiziente und sichere Heizung in kompakter Gr\u00f6\u00dfe. Mit LED-Touchscreen, Fernbedienung und IP24-Schutz. Bitte beachten Sie: Dieses Produkt kann nur \u00fcber unseren Webshop bestellt werden.","og_url":"https:\/\/partijhandeldhz.nl\/de\/produkt\/konvektorheizer-1000w\/","og_site_name":"DHZ Outlet &amp; Partijhandel","article_publisher":"https:\/\/www.facebook.com\/people\/Partijhandel-DHZ\/61573487458594\/","og_image":[{"width":1000,"height":1000,"url":"https:\/\/partijhandeldhz.nl\/wp-content\/uploads\/2025\/12\/Afbeelding-1-25.jpg","type":"image\/jpeg"}],"twitter_card":"summary_large_image","twitter_misc":{"Gesch\u00e4tzte Lesezeit":"1\u00a0Minute"},"schema":{"@context":"https:\/\/schema.org","@graph":[{"@type":"WebPage","@id":"https:\/\/partijhandeldhz.nl\/de\/produkt\/konvektorheizer-1000w\/","url":"https:\/\/partijhandeldhz.nl\/de\/produkt\/konvektorheizer-1000w\/","name":"Konvektorheizer 1000W - DHZ Outlet &amp; Partijhandel","isPartOf":{"@id":"https:\/\/partijhandeldhz.nl\/de\/#website"},"primaryImageOfPage":{"@id":"https:\/\/partijhandeldhz.nl\/de\/produkt\/konvektorheizer-1000w\/#primaryimage"},"image":{"@id":"https:\/\/partijhandeldhz.nl\/de\/produkt\/konvektorheizer-1000w\/#primaryimage"},"thumbnailUrl":"https:\/\/partijhandeldhz.nl\/wp-content\/uploads\/2025\/12\/Afbeelding-1-25.jpg","datePublished":"2025-12-04T12:58:17+00:00","breadcrumb":{"@id":"https:\/\/partijhandeldhz.nl\/de\/produkt\/konvektorheizer-1000w\/#breadcrumb"},"inLanguage":"de","potentialAction":[{"@type":"ReadAction","target":["https:\/\/partijhandeldhz.nl\/de\/produkt\/konvektorheizer-1000w\/"]}]},{"@type":"ImageObject","inLanguage":"de","@id":"https:\/\/partijhandeldhz.nl\/de\/produkt\/konvektorheizer-1000w\/#primaryimage","url":"https:\/\/partijhandeldhz.nl\/wp-content\/uploads\/2025\/12\/Afbeelding-1-25.jpg","contentUrl":"https:\/\/partijhandeldhz.nl\/wp-content\/uploads\/2025\/12\/Afbeelding-1-25.jpg","width":1000,"height":1000},{"@type":"BreadcrumbList","@id":"https:\/\/partijhandeldhz.nl\/de\/produkt\/konvektorheizer-1000w\/#breadcrumb","itemListElement":[{"@type":"ListItem","position":1,"name":"Home","item":"https:\/\/partijhandeldhz.nl\/de\/"},{"@type":"ListItem","position":2,"name":"Shop","item":"https:\/\/partijhandeldhz.nl\/de\/shop\/"},{"@type":"ListItem","position":3,"name":"Konvektorheizer 1000W"}]},{"@type":"WebSite","@id":"https:\/\/partijhandeldhz.nl\/de\/#website","url":"https:\/\/partijhandeldhz.nl\/de\/","name":"DHZ Outlet & Partijhandel","description":"Grote en kleine partijen, altijd de scherpste prijs!","publisher":{"@id":"https:\/\/partijhandeldhz.nl\/de\/#organization"},"potentialAction":[{"@type":"SearchAction","target":{"@type":"EntryPoint","urlTemplate":"https:\/\/partijhandeldhz.nl\/de\/?s={search_term_string}"},"query-input":{"@type":"PropertyValueSpecification","valueRequired":true,"valueName":"search_term_string"}}],"inLanguage":"de"},{"@type":"Organization","@id":"https:\/\/partijhandeldhz.nl\/de\/#organization","name":"DHZ Outlet & Partijhandel","url":"https:\/\/partijhandeldhz.nl\/de\/","logo":{"@type":"ImageObject","inLanguage":"de","@id":"https:\/\/partijhandeldhz.nl\/de\/#\/schema\/logo\/image\/","url":"https:\/\/partijhandeldhz.nl\/wp-content\/uploads\/2025\/03\/1.png","contentUrl":"https:\/\/partijhandeldhz.nl\/wp-content\/uploads\/2025\/03\/1.png","width":1000,"height":500,"caption":"DHZ Outlet & Partijhandel"},"image":{"@id":"https:\/\/partijhandeldhz.nl\/de\/#\/schema\/logo\/image\/"},"sameAs":["https:\/\/www.facebook.com\/people\/Partijhandel-DHZ\/61573487458594\/","https:\/\/www.instagram.com\/partijhandeldhz\/"]}]}},"jetpack_sharing_enabled":true,"_links":{"self":[{"href":"https:\/\/partijhandeldhz.nl\/de\/wp-json\/wp\/v2\/product\/14730","targetHints":{"allow":["GET"]}}],"collection":[{"href":"https:\/\/partijhandeldhz.nl\/de\/wp-json\/wp\/v2\/product"}],"about":[{"href":"https:\/\/partijhandeldhz.nl\/de\/wp-json\/wp\/v2\/types\/product"}],"version-history":[{"count":0,"href":"https:\/\/partijhandeldhz.nl\/de\/wp-json\/wp\/v2\/product\/14730\/revisions"}],"wp:featuredmedia":[{"embeddable":true,"href":"https:\/\/partijhandeldhz.nl\/de\/wp-json\/wp\/v2\/media\/12813"}],"wp:attachment":[{"href":"https:\/\/partijhandeldhz.nl\/de\/wp-json\/wp\/v2\/media?parent=14730"}],"wp:term":[{"taxonomy":"product_brand","embeddable":true,"href":"https:\/\/partijhandeldhz.nl\/de\/wp-json\/wp\/v2\/product_brand?post=14730"},{"taxonomy":"product_cat","embeddable":true,"href":"https:\/\/partijhandeldhz.nl\/de\/wp-json\/wp\/v2\/product_cat?post=14730"},{"taxonomy":"product_tag","embeddable":true,"href":"https:\/\/partijhandeldhz.nl\/de\/wp-json\/wp\/v2\/product_tag?post=14730"}],"curies":[{"name":"wp","href":"https:\/\/api.w.org\/{rel}","templated":true}]}}