{"id":14725,"date":"2025-12-04T11:33:12","date_gmt":"2025-12-04T11:33:12","guid":{"rendered":"https:\/\/partijhandeldhz.nl\/product\/konvektorheizung-1500w\/"},"modified":"2025-12-04T11:33:12","modified_gmt":"2025-12-04T11:33:12","slug":"konvektorheizung-1500w","status":"publish","type":"product","link":"https:\/\/partijhandeldhz.nl\/de\/produkt\/konvektorheizung-1500w\/","title":{"rendered":"Konvektorheizung 1500W"},"content":{"rendered":"<p data-start=\"194\" data-end=\"648\">Der NEO Tools Convector Heater 1500W (Modell 90-091) bietet eine elegante und effiziente M\u00f6glichkeit, jeden Raum angenehm und gleichm\u00e4\u00dfig zu beheizen. Dank des modernen X-f\u00f6rmigen Aluminiumheizsystems erhitzt sich der Konvektor sofort und arbeitet v\u00f6llig lautlos, geruchlos und ohne Rauchbildung. Das minimalistische Design mit geh\u00e4rtetem Glas macht diesen Herd nicht nur funktional, sondern auch eine stilvolle Erg\u00e4nzung f\u00fcr jedes Interieur.  <\/p>\n<p data-start=\"650\" data-end=\"1040\">Mit einem verstellbaren Thermostat von 5 bis 45 \u00b0C k\u00f6nnen Sie ganz einfach die gew\u00fcnschte Temperatur w\u00e4hlen. Die Heizung reagiert sofort, wenn du sie einschaltest, sodass du sofort ein warmes Gef\u00fchl hast. Sie k\u00f6nnen den Convector m\u00fchelos \u00fcber den LED-Touchscreen oder die mitgelieferte Fernbedienung bedienen, mit der Sie auch einen Tages- oder Wochentimer f\u00fcr optimalen Komfort und Energiemanagement einstellen k\u00f6nnen.  <\/p>\n<p data-start=\"1042\" data-end=\"1490\">F\u00fcr maximale Sicherheit ist das NEO Tools 90-091 mit \u00dcberhitzungsschutz, Neigungsschutz, Kindersicherung, Frostschutzfunktion und Fenstererkennung ausgestattet, wobei der Konvektor bei pl\u00f6tzlichem Temperaturabfall automatisch reduziert oder abgeschaltet wird. Dank der IP24-Zertifizierung ist der Heizer zudem vor spritzendem Wasser gesch\u00fctzt und f\u00fcr den Einsatz in feuchten R\u00e4umen geeignet. <\/p>\n<p data-start=\"1492\" data-end=\"1753\">Der Konvektor kann stehend auf den mitgelieferten Aluminiumf\u00fc\u00dfen verwendet oder mit dem mitgelieferten Montagekit an der Wand montiert werden. Geeignet f\u00fcr R\u00e4ume von 12\u201315 m\u00b2, wie Schlafzimmer, Homeoffices, Badezimmer oder kleine Wohnzimmer. <\/p>\n<h1 data-start=\"2026\" data-end=\"2055\"><strong data-start=\"2028\" data-end=\"2055\">Schl\u00fcsselmerkmale<\/strong><\/h1>\n<ul>\n<li data-start=\"2058\" data-end=\"2079\">Leistung: 1500W<\/li>\n<li data-start=\"2082\" data-end=\"2126\">Modernes Aluminium-X-f\u00f6rmiges Heizsystem<\/li>\n<li data-start=\"2129\" data-end=\"2168\">Leiser Betrieb, geruchlos und rauchfrei<\/li>\n<li data-start=\"2171\" data-end=\"2207\">Verstellbares Thermostat: 5\u201345\u00b0C<\/li>\n<li data-start=\"2210\" data-end=\"2247\">Sofortiges W\u00e4rmegef\u00fchl, wenn es eingeschaltet wird<\/li>\n<li data-start=\"2250\" data-end=\"2287\">LED-Touchscreen + Fernbedienung<\/li>\n<li data-start=\"2290\" data-end=\"2309\">Tag- und Wochentimer<\/li>\n<li data-start=\"2312\" data-end=\"2340\">\u00dcberhitzungsschutz<\/li>\n<li data-start=\"2343\" data-end=\"2362\">\u00dcberschlagschutz<\/li>\n<li data-start=\"2365\" data-end=\"2384\">Kindersicherung<\/li>\n<li data-start=\"2387\" data-end=\"2405\">Frostschutzfunktion<\/li>\n<li data-start=\"2408\" data-end=\"2428\">Open-Window-Erkennung<\/li>\n<li data-start=\"2431\" data-end=\"2472\">IP24 \u2013 Schutz vor spritzendem Wasser<\/li>\n<li data-start=\"2475\" data-end=\"2511\">Heizfl\u00e4che: 12\u201315 m\u00b2<\/li>\n<li data-start=\"2514\" data-end=\"2550\">Abmessungen: 675 \u00d7 450 \u00d7 105 mm<\/li>\n<li data-start=\"2553\" data-end=\"2598\">Enth\u00e4lt Aluminiumf\u00fc\u00dfe und Wandmontage<\/li>\n<li data-start=\"2601\" data-end=\"2628\">EAN-Code: 5907558447606<\/li>\n<\/ul>\n","protected":false},"excerpt":{"rendered":"<p>Der NEO Tools Convector Heater 1500W (Modell 90-091) ist ein leiser, moderner Heizl\u00fcfter mit LED-Touchscreen, Fernbedienung und umfangreichen Sicherheitsfunktionen.<br \/>\n<br data-start=\"1950\" data-end=\"1953\"><strong data-start=\"1953\" data-end=\"2019\"><em data-start=\"1955\" data-end=\"2017\">Bitte beachten Sie: Dieses Produkt kann nur \u00fcber unseren Webshop bestellt werden.<\/em><\/strong><\/p>\n","protected":false},"featured_media":12813,"template":"","meta":{"_acf_changed":false,"site-sidebar-layout":"default","site-content-layout":"","ast-site-content-layout":"default","site-content-style":"default","site-sidebar-style":"default","ast-global-header-display":"","ast-banner-title-visibility":"","ast-main-header-display":"","ast-hfb-above-header-display":"","ast-hfb-below-header-display":"","ast-hfb-mobile-header-display":"","site-post-title":"","ast-breadcrumbs-content":"","ast-featured-img":"","footer-sml-layout":"","ast-disable-related-posts":"","theme-transparent-header-meta":"default","adv-header-id-meta":"","stick-header-meta":"","header-above-stick-meta":"","header-main-stick-meta":"","header-below-stick-meta":"","astra-migrate-meta-layouts":"default","ast-page-background-enabled":"default","ast-page-background-meta":{"desktop":{"background-color":"","background-image":"","background-repeat":"repeat","background-position":"center center","background-size":"auto","background-attachment":"scroll","background-type":"","background-media":"","overlay-type":"","overlay-color":"","overlay-opacity":"","overlay-gradient":""},"tablet":{"background-color":"","background-image":"","background-repeat":"repeat","background-position":"center center","background-size":"auto","background-attachment":"scroll","background-type":"","background-media":"","overlay-type":"","overlay-color":"","overlay-opacity":"","overlay-gradient":""},"mobile":{"background-color":"","background-image":"","background-repeat":"repeat","background-position":"center center","background-size":"auto","background-attachment":"scroll","background-type":"","background-media":"","overlay-type":"","overlay-color":"","overlay-opacity":"","overlay-gradient":""}},"ast-content-background-meta":{"desktop":{"background-color":"var(--ast-global-color-5)","background-image":"","background-repeat":"repeat","background-position":"center center","background-size":"auto","background-attachment":"scroll","background-type":"","background-media":"","overlay-type":"","overlay-color":"","overlay-opacity":"","overlay-gradient":""},"tablet":{"background-color":"var(--ast-global-color-5)","background-image":"","background-repeat":"repeat","background-position":"center center","background-size":"auto","background-attachment":"scroll","background-type":"","background-media":"","overlay-type":"","overlay-color":"","overlay-opacity":"","overlay-gradient":""},"mobile":{"background-color":"var(--ast-global-color-5)","background-image":"","background-repeat":"repeat","background-position":"center center","background-size":"auto","background-attachment":"scroll","background-type":"","background-media":"","overlay-type":"","overlay-color":"","overlay-opacity":"","overlay-gradient":""}}},"product_brand":[429],"product_cat":[623,622,599],"product_tag":[],"class_list":{"0":"post-14725","1":"product","2":"type-product","3":"status-publish","4":"has-post-thumbnail","6":"product_brand-neo-tools","7":"product_cat-elektrische-heizungen","8":"product_cat-elektro-beleuchtung","9":"product_cat-postenhandel","10":"pa_merk-neo-tools","11":"desktop-align-left","12":"tablet-align-left","13":"mobile-align-left","15":"first","16":"instock","17":"taxable","18":"shipping-taxable","19":"purchasable","20":"product-type-simple"},"acf":[],"yoast_head":"<!-- This site is optimized with the Yoast SEO plugin v27.5 - https:\/\/yoast.com\/product\/yoast-seo-wordpress\/ -->\n<title>Konvektorheizung 1500W - DHZ Outlet &amp; Partijhandel<\/title>\n<meta name=\"robots\" content=\"index, follow, max-snippet:-1, max-image-preview:large, max-video-preview:-1\" \/>\n<link rel=\"canonical\" href=\"https:\/\/partijhandeldhz.nl\/de\/produkt\/konvektorheizung-1500w\/\" \/>\n<meta property=\"og:locale\" content=\"de_DE\" \/>\n<meta property=\"og:type\" content=\"article\" \/>\n<meta property=\"og:title\" content=\"Konvektorheizung 1500W - DHZ Outlet &amp; Partijhandel\" \/>\n<meta property=\"og:description\" content=\"Der NEO Tools Convector Heater 1500W (Modell 90-091) ist ein leiser, moderner Heizl\u00fcfter mit LED-Touchscreen, Fernbedienung und umfangreichen Sicherheitsfunktionen. Bitte beachten Sie: Dieses Produkt kann nur \u00fcber unseren Webshop bestellt werden.\" \/>\n<meta property=\"og:url\" content=\"https:\/\/partijhandeldhz.nl\/de\/produkt\/konvektorheizung-1500w\/\" \/>\n<meta property=\"og:site_name\" content=\"DHZ Outlet &amp; Partijhandel\" \/>\n<meta property=\"article:publisher\" content=\"https:\/\/www.facebook.com\/people\/Partijhandel-DHZ\/61573487458594\/\" \/>\n<meta property=\"og:image\" content=\"https:\/\/partijhandeldhz.nl\/wp-content\/uploads\/2025\/12\/Afbeelding-1-25.jpg\" \/>\n\t<meta property=\"og:image:width\" content=\"1000\" \/>\n\t<meta property=\"og:image:height\" content=\"1000\" \/>\n\t<meta property=\"og:image:type\" content=\"image\/jpeg\" \/>\n<meta name=\"twitter:card\" content=\"summary_large_image\" \/>\n<meta name=\"twitter:label1\" content=\"Gesch\u00e4tzte Lesezeit\" \/>\n\t<meta name=\"twitter:data1\" content=\"1\u00a0Minute\" \/>\n<script type=\"application\/ld+json\" class=\"yoast-schema-graph\">{\"@context\":\"https:\\\/\\\/schema.org\",\"@graph\":[{\"@type\":\"WebPage\",\"@id\":\"https:\\\/\\\/partijhandeldhz.nl\\\/de\\\/produkt\\\/konvektorheizung-1500w\\\/\",\"url\":\"https:\\\/\\\/partijhandeldhz.nl\\\/de\\\/produkt\\\/konvektorheizung-1500w\\\/\",\"name\":\"Konvektorheizung 1500W - DHZ Outlet &amp; Partijhandel\",\"isPartOf\":{\"@id\":\"https:\\\/\\\/partijhandeldhz.nl\\\/de\\\/#website\"},\"primaryImageOfPage\":{\"@id\":\"https:\\\/\\\/partijhandeldhz.nl\\\/de\\\/produkt\\\/konvektorheizung-1500w\\\/#primaryimage\"},\"image\":{\"@id\":\"https:\\\/\\\/partijhandeldhz.nl\\\/de\\\/produkt\\\/konvektorheizung-1500w\\\/#primaryimage\"},\"thumbnailUrl\":\"https:\\\/\\\/partijhandeldhz.nl\\\/wp-content\\\/uploads\\\/2025\\\/12\\\/Afbeelding-1-25.jpg\",\"datePublished\":\"2025-12-04T11:33:12+00:00\",\"breadcrumb\":{\"@id\":\"https:\\\/\\\/partijhandeldhz.nl\\\/de\\\/produkt\\\/konvektorheizung-1500w\\\/#breadcrumb\"},\"inLanguage\":\"de\",\"potentialAction\":[{\"@type\":\"ReadAction\",\"target\":[\"https:\\\/\\\/partijhandeldhz.nl\\\/de\\\/produkt\\\/konvektorheizung-1500w\\\/\"]}]},{\"@type\":\"ImageObject\",\"inLanguage\":\"de\",\"@id\":\"https:\\\/\\\/partijhandeldhz.nl\\\/de\\\/produkt\\\/konvektorheizung-1500w\\\/#primaryimage\",\"url\":\"https:\\\/\\\/partijhandeldhz.nl\\\/wp-content\\\/uploads\\\/2025\\\/12\\\/Afbeelding-1-25.jpg\",\"contentUrl\":\"https:\\\/\\\/partijhandeldhz.nl\\\/wp-content\\\/uploads\\\/2025\\\/12\\\/Afbeelding-1-25.jpg\",\"width\":1000,\"height\":1000},{\"@type\":\"BreadcrumbList\",\"@id\":\"https:\\\/\\\/partijhandeldhz.nl\\\/de\\\/produkt\\\/konvektorheizung-1500w\\\/#breadcrumb\",\"itemListElement\":[{\"@type\":\"ListItem\",\"position\":1,\"name\":\"Home\",\"item\":\"https:\\\/\\\/partijhandeldhz.nl\\\/de\\\/\"},{\"@type\":\"ListItem\",\"position\":2,\"name\":\"Shop\",\"item\":\"https:\\\/\\\/partijhandeldhz.nl\\\/de\\\/shop\\\/\"},{\"@type\":\"ListItem\",\"position\":3,\"name\":\"Konvektorheizung 1500W\"}]},{\"@type\":\"WebSite\",\"@id\":\"https:\\\/\\\/partijhandeldhz.nl\\\/de\\\/#website\",\"url\":\"https:\\\/\\\/partijhandeldhz.nl\\\/de\\\/\",\"name\":\"DHZ Outlet & Partijhandel\",\"description\":\"Grote en kleine partijen, altijd de scherpste prijs!\",\"publisher\":{\"@id\":\"https:\\\/\\\/partijhandeldhz.nl\\\/de\\\/#organization\"},\"potentialAction\":[{\"@type\":\"SearchAction\",\"target\":{\"@type\":\"EntryPoint\",\"urlTemplate\":\"https:\\\/\\\/partijhandeldhz.nl\\\/de\\\/?s={search_term_string}\"},\"query-input\":{\"@type\":\"PropertyValueSpecification\",\"valueRequired\":true,\"valueName\":\"search_term_string\"}}],\"inLanguage\":\"de\"},{\"@type\":\"Organization\",\"@id\":\"https:\\\/\\\/partijhandeldhz.nl\\\/de\\\/#organization\",\"name\":\"DHZ Outlet & Partijhandel\",\"url\":\"https:\\\/\\\/partijhandeldhz.nl\\\/de\\\/\",\"logo\":{\"@type\":\"ImageObject\",\"inLanguage\":\"de\",\"@id\":\"https:\\\/\\\/partijhandeldhz.nl\\\/de\\\/#\\\/schema\\\/logo\\\/image\\\/\",\"url\":\"https:\\\/\\\/partijhandeldhz.nl\\\/wp-content\\\/uploads\\\/2025\\\/03\\\/1.png\",\"contentUrl\":\"https:\\\/\\\/partijhandeldhz.nl\\\/wp-content\\\/uploads\\\/2025\\\/03\\\/1.png\",\"width\":1000,\"height\":500,\"caption\":\"DHZ Outlet & Partijhandel\"},\"image\":{\"@id\":\"https:\\\/\\\/partijhandeldhz.nl\\\/de\\\/#\\\/schema\\\/logo\\\/image\\\/\"},\"sameAs\":[\"https:\\\/\\\/www.facebook.com\\\/people\\\/Partijhandel-DHZ\\\/61573487458594\\\/\",\"https:\\\/\\\/www.instagram.com\\\/partijhandeldhz\\\/\"]}]}<\/script>\n<!-- \/ Yoast SEO plugin. -->","yoast_head_json":{"title":"Konvektorheizung 1500W - DHZ Outlet &amp; Partijhandel","robots":{"index":"index","follow":"follow","max-snippet":"max-snippet:-1","max-image-preview":"max-image-preview:large","max-video-preview":"max-video-preview:-1"},"canonical":"https:\/\/partijhandeldhz.nl\/de\/produkt\/konvektorheizung-1500w\/","og_locale":"de_DE","og_type":"article","og_title":"Konvektorheizung 1500W - DHZ Outlet &amp; Partijhandel","og_description":"Der NEO Tools Convector Heater 1500W (Modell 90-091) ist ein leiser, moderner Heizl\u00fcfter mit LED-Touchscreen, Fernbedienung und umfangreichen Sicherheitsfunktionen. Bitte beachten Sie: Dieses Produkt kann nur \u00fcber unseren Webshop bestellt werden.","og_url":"https:\/\/partijhandeldhz.nl\/de\/produkt\/konvektorheizung-1500w\/","og_site_name":"DHZ Outlet &amp; Partijhandel","article_publisher":"https:\/\/www.facebook.com\/people\/Partijhandel-DHZ\/61573487458594\/","og_image":[{"width":1000,"height":1000,"url":"https:\/\/partijhandeldhz.nl\/wp-content\/uploads\/2025\/12\/Afbeelding-1-25.jpg","type":"image\/jpeg"}],"twitter_card":"summary_large_image","twitter_misc":{"Gesch\u00e4tzte Lesezeit":"1\u00a0Minute"},"schema":{"@context":"https:\/\/schema.org","@graph":[{"@type":"WebPage","@id":"https:\/\/partijhandeldhz.nl\/de\/produkt\/konvektorheizung-1500w\/","url":"https:\/\/partijhandeldhz.nl\/de\/produkt\/konvektorheizung-1500w\/","name":"Konvektorheizung 1500W - DHZ Outlet &amp; Partijhandel","isPartOf":{"@id":"https:\/\/partijhandeldhz.nl\/de\/#website"},"primaryImageOfPage":{"@id":"https:\/\/partijhandeldhz.nl\/de\/produkt\/konvektorheizung-1500w\/#primaryimage"},"image":{"@id":"https:\/\/partijhandeldhz.nl\/de\/produkt\/konvektorheizung-1500w\/#primaryimage"},"thumbnailUrl":"https:\/\/partijhandeldhz.nl\/wp-content\/uploads\/2025\/12\/Afbeelding-1-25.jpg","datePublished":"2025-12-04T11:33:12+00:00","breadcrumb":{"@id":"https:\/\/partijhandeldhz.nl\/de\/produkt\/konvektorheizung-1500w\/#breadcrumb"},"inLanguage":"de","potentialAction":[{"@type":"ReadAction","target":["https:\/\/partijhandeldhz.nl\/de\/produkt\/konvektorheizung-1500w\/"]}]},{"@type":"ImageObject","inLanguage":"de","@id":"https:\/\/partijhandeldhz.nl\/de\/produkt\/konvektorheizung-1500w\/#primaryimage","url":"https:\/\/partijhandeldhz.nl\/wp-content\/uploads\/2025\/12\/Afbeelding-1-25.jpg","contentUrl":"https:\/\/partijhandeldhz.nl\/wp-content\/uploads\/2025\/12\/Afbeelding-1-25.jpg","width":1000,"height":1000},{"@type":"BreadcrumbList","@id":"https:\/\/partijhandeldhz.nl\/de\/produkt\/konvektorheizung-1500w\/#breadcrumb","itemListElement":[{"@type":"ListItem","position":1,"name":"Home","item":"https:\/\/partijhandeldhz.nl\/de\/"},{"@type":"ListItem","position":2,"name":"Shop","item":"https:\/\/partijhandeldhz.nl\/de\/shop\/"},{"@type":"ListItem","position":3,"name":"Konvektorheizung 1500W"}]},{"@type":"WebSite","@id":"https:\/\/partijhandeldhz.nl\/de\/#website","url":"https:\/\/partijhandeldhz.nl\/de\/","name":"DHZ Outlet & Partijhandel","description":"Grote en kleine partijen, altijd de scherpste prijs!","publisher":{"@id":"https:\/\/partijhandeldhz.nl\/de\/#organization"},"potentialAction":[{"@type":"SearchAction","target":{"@type":"EntryPoint","urlTemplate":"https:\/\/partijhandeldhz.nl\/de\/?s={search_term_string}"},"query-input":{"@type":"PropertyValueSpecification","valueRequired":true,"valueName":"search_term_string"}}],"inLanguage":"de"},{"@type":"Organization","@id":"https:\/\/partijhandeldhz.nl\/de\/#organization","name":"DHZ Outlet & Partijhandel","url":"https:\/\/partijhandeldhz.nl\/de\/","logo":{"@type":"ImageObject","inLanguage":"de","@id":"https:\/\/partijhandeldhz.nl\/de\/#\/schema\/logo\/image\/","url":"https:\/\/partijhandeldhz.nl\/wp-content\/uploads\/2025\/03\/1.png","contentUrl":"https:\/\/partijhandeldhz.nl\/wp-content\/uploads\/2025\/03\/1.png","width":1000,"height":500,"caption":"DHZ Outlet & Partijhandel"},"image":{"@id":"https:\/\/partijhandeldhz.nl\/de\/#\/schema\/logo\/image\/"},"sameAs":["https:\/\/www.facebook.com\/people\/Partijhandel-DHZ\/61573487458594\/","https:\/\/www.instagram.com\/partijhandeldhz\/"]}]}},"jetpack_sharing_enabled":true,"_links":{"self":[{"href":"https:\/\/partijhandeldhz.nl\/de\/wp-json\/wp\/v2\/product\/14725","targetHints":{"allow":["GET"]}}],"collection":[{"href":"https:\/\/partijhandeldhz.nl\/de\/wp-json\/wp\/v2\/product"}],"about":[{"href":"https:\/\/partijhandeldhz.nl\/de\/wp-json\/wp\/v2\/types\/product"}],"version-history":[{"count":0,"href":"https:\/\/partijhandeldhz.nl\/de\/wp-json\/wp\/v2\/product\/14725\/revisions"}],"wp:featuredmedia":[{"embeddable":true,"href":"https:\/\/partijhandeldhz.nl\/de\/wp-json\/wp\/v2\/media\/12813"}],"wp:attachment":[{"href":"https:\/\/partijhandeldhz.nl\/de\/wp-json\/wp\/v2\/media?parent=14725"}],"wp:term":[{"taxonomy":"product_brand","embeddable":true,"href":"https:\/\/partijhandeldhz.nl\/de\/wp-json\/wp\/v2\/product_brand?post=14725"},{"taxonomy":"product_cat","embeddable":true,"href":"https:\/\/partijhandeldhz.nl\/de\/wp-json\/wp\/v2\/product_cat?post=14725"},{"taxonomy":"product_tag","embeddable":true,"href":"https:\/\/partijhandeldhz.nl\/de\/wp-json\/wp\/v2\/product_tag?post=14725"}],"curies":[{"name":"wp","href":"https:\/\/api.w.org\/{rel}","templated":true}]}}