{"id":14716,"date":"2025-12-04T11:22:25","date_gmt":"2025-12-04T11:22:25","guid":{"rendered":"https:\/\/partijhandeldhz.nl\/product\/konvektorheizer-2000w\/"},"modified":"2025-12-04T11:22:25","modified_gmt":"2025-12-04T11:22:25","slug":"konvektorheizer-2000w","status":"publish","type":"product","link":"https:\/\/partijhandeldhz.nl\/de\/produkt\/konvektorheizer-2000w\/","title":{"rendered":"Konvektorheizer 2000W"},"content":{"rendered":"<p data-start=\"271\" data-end=\"657\">Der NEO Tools Convector Heater 2000W (Modell 90-092) ist eine moderne und effiziente Heizl\u00f6sung f\u00fcr jeden Haushalt. Dank des fortschrittlichen X-f\u00f6rmigen Aluminiumheizsystems wird der Raum schnell und gleichm\u00e4\u00dfig erw\u00e4rmt. Der Konvektorheizer arbeitet v\u00f6llig leise und ohne Geruch, was ihn ideal f\u00fcr Wohnzimmer, Schlafzimmer, B\u00fcros und andere ruhige R\u00e4ume macht.  <\/p>\n<p data-start=\"659\" data-end=\"1020\">Das eingebaute Thermostat mit einem Temperaturbereich von 5\u201345\u00b0C erm\u00f6glicht eine pr\u00e4zise Regelung der Raumtemperatur. Der Convector ist sofort warm, wenn er eingeschaltet wird, und kann \u00fcber den LED-Touchscreen oder die mitgelieferte Fernbedienung bedient werden. So k\u00f6nnen Sie ganz einfach ein t\u00e4gliches oder w\u00f6chentliches Programm festlegen, das vollst\u00e4ndig an Ihren Lebensrhythmus angepasst ist.  <\/p>\n<p data-start=\"1022\" data-end=\"1471\">F\u00fcr Sicherheit und Komfort ist die Heizung mit verschiedenen Sicherheitsmerkmalen ausgestattet, wie \u00dcberhitzungsschutz, Neigungsschutz, Kinderschutz, Frostschutzfunktion und sogar offene Fenstererkennung, bei der die Heizung automatisch auf pl\u00f6tzliche Temperaturabf\u00e4lle reagiert. Dank seiner IP24-Zertifizierung ist dieses Ger\u00e4t wasserdicht, was es ideal f\u00fcr den Einsatz in feuchten Bereichen wie Badezimmern macht. <\/p>\n<p data-start=\"1473\" data-end=\"1656\">Der NEO Tools Konvektor kann sowohl aufrecht als auch wandmontiert montiert werden. Die Aluminiumf\u00fc\u00dfe und das Wandmontage-Set sind dabei, sodass du den Heizk\u00f6rper flexibel dort platzieren kannst, wo du ihn brauchst. <\/p>\n<h1 data-start=\"1952\" data-end=\"1981\"><strong data-start=\"1954\" data-end=\"1981\">Schl\u00fcsselmerkmale<\/strong><\/h1>\n<ul>\n<li data-start=\"1984\" data-end=\"2005\">Leistung: 2000W<\/li>\n<li data-start=\"2008\" data-end=\"2052\">Modernes Aluminium-X-f\u00f6rmiges Heizsystem<\/li>\n<li data-start=\"2055\" data-end=\"2097\">Leiser Betrieb, kein Geruch, kein Rauch<\/li>\n<li data-start=\"2100\" data-end=\"2131\">Temperaturbereich: 5\u201345\u00b0C<\/li>\n<li data-start=\"2134\" data-end=\"2171\">LED-Touchscreen + Fernbedienung<\/li>\n<li data-start=\"2174\" data-end=\"2204\">Tag- und Wochentimer einstellbar<\/li>\n<li data-start=\"2207\" data-end=\"2235\">\u00dcberhitzungsschutz<\/li>\n<li data-start=\"2238\" data-end=\"2257\">\u00dcberschlagschutz<\/li>\n<li data-start=\"2260\" data-end=\"2279\">Kindersicherung<\/li>\n<li data-start=\"2282\" data-end=\"2300\">Frostschutzfunktion<\/li>\n<li data-start=\"2303\" data-end=\"2323\">Open-Window-Erkennung<\/li>\n<li data-start=\"2326\" data-end=\"2362\">Heizfl\u00e4che: 18\u201320 m\u00b2<\/li>\n<li data-start=\"2365\" data-end=\"2405\">IP24: Schutz vor spritzendem Wasser<\/li>\n<li data-start=\"2408\" data-end=\"2457\">Geeignet f\u00fcr Wandmontage oder freistehende Nutzung<\/li>\n<li data-start=\"2460\" data-end=\"2496\">Abmessungen: 835 \u00d7 450 \u00d7 105 mm<\/li>\n<li data-start=\"2499\" data-end=\"2540\">Enth\u00e4lt Aluminiumf\u00fc\u00dfe und Montagekit<\/li>\n<li data-start=\"2543\" data-end=\"2570\">EAN-Code: 5907558447613<\/li>\n<\/ul>\n","protected":false},"excerpt":{"rendered":"<p>Der NEO Tools Convector Heater 2000W heizt dank eines modernen Aluminiumheizsystems, eines Touchscreens, einer Fernbedienung und umfangreicher Sicherheitsfunktionen schnell, leise und sicher.<br \/>\n<br data-start=\"1876\" data-end=\"1879\"><strong data-start=\"1879\" data-end=\"1945\"><em data-start=\"1881\" data-end=\"1943\">Bitte beachten Sie: Dieses Produkt kann nur \u00fcber unseren Webshop bestellt werden.<\/em><\/strong><\/p>\n","protected":false},"featured_media":12813,"template":"","meta":{"_acf_changed":false,"site-sidebar-layout":"default","site-content-layout":"","ast-site-content-layout":"default","site-content-style":"default","site-sidebar-style":"default","ast-global-header-display":"","ast-banner-title-visibility":"","ast-main-header-display":"","ast-hfb-above-header-display":"","ast-hfb-below-header-display":"","ast-hfb-mobile-header-display":"","site-post-title":"","ast-breadcrumbs-content":"","ast-featured-img":"","footer-sml-layout":"","ast-disable-related-posts":"","theme-transparent-header-meta":"default","adv-header-id-meta":"","stick-header-meta":"","header-above-stick-meta":"","header-main-stick-meta":"","header-below-stick-meta":"","astra-migrate-meta-layouts":"default","ast-page-background-enabled":"default","ast-page-background-meta":{"desktop":{"background-color":"","background-image":"","background-repeat":"repeat","background-position":"center center","background-size":"auto","background-attachment":"scroll","background-type":"","background-media":"","overlay-type":"","overlay-color":"","overlay-opacity":"","overlay-gradient":""},"tablet":{"background-color":"","background-image":"","background-repeat":"repeat","background-position":"center center","background-size":"auto","background-attachment":"scroll","background-type":"","background-media":"","overlay-type":"","overlay-color":"","overlay-opacity":"","overlay-gradient":""},"mobile":{"background-color":"","background-image":"","background-repeat":"repeat","background-position":"center center","background-size":"auto","background-attachment":"scroll","background-type":"","background-media":"","overlay-type":"","overlay-color":"","overlay-opacity":"","overlay-gradient":""}},"ast-content-background-meta":{"desktop":{"background-color":"var(--ast-global-color-5)","background-image":"","background-repeat":"repeat","background-position":"center center","background-size":"auto","background-attachment":"scroll","background-type":"","background-media":"","overlay-type":"","overlay-color":"","overlay-opacity":"","overlay-gradient":""},"tablet":{"background-color":"var(--ast-global-color-5)","background-image":"","background-repeat":"repeat","background-position":"center center","background-size":"auto","background-attachment":"scroll","background-type":"","background-media":"","overlay-type":"","overlay-color":"","overlay-opacity":"","overlay-gradient":""},"mobile":{"background-color":"var(--ast-global-color-5)","background-image":"","background-repeat":"repeat","background-position":"center center","background-size":"auto","background-attachment":"scroll","background-type":"","background-media":"","overlay-type":"","overlay-color":"","overlay-opacity":"","overlay-gradient":""}}},"product_brand":[429],"product_cat":[623,622,599],"product_tag":[],"class_list":{"0":"post-14716","1":"product","2":"type-product","3":"status-publish","4":"has-post-thumbnail","6":"product_brand-neo-tools","7":"product_cat-elektrische-heizungen","8":"product_cat-elektro-beleuchtung","9":"product_cat-postenhandel","10":"pa_merk-neo-tools","11":"desktop-align-left","12":"tablet-align-left","13":"mobile-align-left","15":"first","16":"instock","17":"taxable","18":"shipping-taxable","19":"purchasable","20":"product-type-simple"},"acf":[],"yoast_head":"<!-- This site is optimized with the Yoast SEO plugin v27.5 - https:\/\/yoast.com\/product\/yoast-seo-wordpress\/ -->\n<title>Konvektorheizer 2000W - DHZ Outlet &amp; Partijhandel<\/title>\n<meta name=\"robots\" content=\"index, follow, max-snippet:-1, max-image-preview:large, max-video-preview:-1\" \/>\n<link rel=\"canonical\" href=\"https:\/\/partijhandeldhz.nl\/de\/produkt\/konvektorheizer-2000w\/\" \/>\n<meta property=\"og:locale\" content=\"de_DE\" \/>\n<meta property=\"og:type\" content=\"article\" \/>\n<meta property=\"og:title\" content=\"Konvektorheizer 2000W - DHZ Outlet &amp; Partijhandel\" \/>\n<meta property=\"og:description\" content=\"Der NEO Tools Convector Heater 2000W heizt dank eines modernen Aluminiumheizsystems, eines Touchscreens, einer Fernbedienung und umfangreicher Sicherheitsfunktionen schnell, leise und sicher. Bitte beachten Sie: Dieses Produkt kann nur \u00fcber unseren Webshop bestellt werden.\" \/>\n<meta property=\"og:url\" content=\"https:\/\/partijhandeldhz.nl\/de\/produkt\/konvektorheizer-2000w\/\" \/>\n<meta property=\"og:site_name\" content=\"DHZ Outlet &amp; Partijhandel\" \/>\n<meta property=\"article:publisher\" content=\"https:\/\/www.facebook.com\/people\/Partijhandel-DHZ\/61573487458594\/\" \/>\n<meta property=\"og:image\" content=\"https:\/\/partijhandeldhz.nl\/wp-content\/uploads\/2025\/12\/Afbeelding-1-25.jpg\" \/>\n\t<meta property=\"og:image:width\" content=\"1000\" \/>\n\t<meta property=\"og:image:height\" content=\"1000\" \/>\n\t<meta property=\"og:image:type\" content=\"image\/jpeg\" \/>\n<meta name=\"twitter:card\" content=\"summary_large_image\" \/>\n<meta name=\"twitter:label1\" content=\"Gesch\u00e4tzte Lesezeit\" \/>\n\t<meta name=\"twitter:data1\" content=\"1\u00a0Minute\" \/>\n<script type=\"application\/ld+json\" class=\"yoast-schema-graph\">{\"@context\":\"https:\\\/\\\/schema.org\",\"@graph\":[{\"@type\":\"WebPage\",\"@id\":\"https:\\\/\\\/partijhandeldhz.nl\\\/de\\\/produkt\\\/konvektorheizer-2000w\\\/\",\"url\":\"https:\\\/\\\/partijhandeldhz.nl\\\/de\\\/produkt\\\/konvektorheizer-2000w\\\/\",\"name\":\"Konvektorheizer 2000W - DHZ Outlet &amp; Partijhandel\",\"isPartOf\":{\"@id\":\"https:\\\/\\\/partijhandeldhz.nl\\\/de\\\/#website\"},\"primaryImageOfPage\":{\"@id\":\"https:\\\/\\\/partijhandeldhz.nl\\\/de\\\/produkt\\\/konvektorheizer-2000w\\\/#primaryimage\"},\"image\":{\"@id\":\"https:\\\/\\\/partijhandeldhz.nl\\\/de\\\/produkt\\\/konvektorheizer-2000w\\\/#primaryimage\"},\"thumbnailUrl\":\"https:\\\/\\\/partijhandeldhz.nl\\\/wp-content\\\/uploads\\\/2025\\\/12\\\/Afbeelding-1-25.jpg\",\"datePublished\":\"2025-12-04T11:22:25+00:00\",\"breadcrumb\":{\"@id\":\"https:\\\/\\\/partijhandeldhz.nl\\\/de\\\/produkt\\\/konvektorheizer-2000w\\\/#breadcrumb\"},\"inLanguage\":\"de\",\"potentialAction\":[{\"@type\":\"ReadAction\",\"target\":[\"https:\\\/\\\/partijhandeldhz.nl\\\/de\\\/produkt\\\/konvektorheizer-2000w\\\/\"]}]},{\"@type\":\"ImageObject\",\"inLanguage\":\"de\",\"@id\":\"https:\\\/\\\/partijhandeldhz.nl\\\/de\\\/produkt\\\/konvektorheizer-2000w\\\/#primaryimage\",\"url\":\"https:\\\/\\\/partijhandeldhz.nl\\\/wp-content\\\/uploads\\\/2025\\\/12\\\/Afbeelding-1-25.jpg\",\"contentUrl\":\"https:\\\/\\\/partijhandeldhz.nl\\\/wp-content\\\/uploads\\\/2025\\\/12\\\/Afbeelding-1-25.jpg\",\"width\":1000,\"height\":1000},{\"@type\":\"BreadcrumbList\",\"@id\":\"https:\\\/\\\/partijhandeldhz.nl\\\/de\\\/produkt\\\/konvektorheizer-2000w\\\/#breadcrumb\",\"itemListElement\":[{\"@type\":\"ListItem\",\"position\":1,\"name\":\"Home\",\"item\":\"https:\\\/\\\/partijhandeldhz.nl\\\/de\\\/\"},{\"@type\":\"ListItem\",\"position\":2,\"name\":\"Shop\",\"item\":\"https:\\\/\\\/partijhandeldhz.nl\\\/de\\\/shop\\\/\"},{\"@type\":\"ListItem\",\"position\":3,\"name\":\"Konvektorheizer 2000W\"}]},{\"@type\":\"WebSite\",\"@id\":\"https:\\\/\\\/partijhandeldhz.nl\\\/de\\\/#website\",\"url\":\"https:\\\/\\\/partijhandeldhz.nl\\\/de\\\/\",\"name\":\"DHZ Outlet & Partijhandel\",\"description\":\"Grote en kleine partijen, altijd de scherpste prijs!\",\"publisher\":{\"@id\":\"https:\\\/\\\/partijhandeldhz.nl\\\/de\\\/#organization\"},\"potentialAction\":[{\"@type\":\"SearchAction\",\"target\":{\"@type\":\"EntryPoint\",\"urlTemplate\":\"https:\\\/\\\/partijhandeldhz.nl\\\/de\\\/?s={search_term_string}\"},\"query-input\":{\"@type\":\"PropertyValueSpecification\",\"valueRequired\":true,\"valueName\":\"search_term_string\"}}],\"inLanguage\":\"de\"},{\"@type\":\"Organization\",\"@id\":\"https:\\\/\\\/partijhandeldhz.nl\\\/de\\\/#organization\",\"name\":\"DHZ Outlet & Partijhandel\",\"url\":\"https:\\\/\\\/partijhandeldhz.nl\\\/de\\\/\",\"logo\":{\"@type\":\"ImageObject\",\"inLanguage\":\"de\",\"@id\":\"https:\\\/\\\/partijhandeldhz.nl\\\/de\\\/#\\\/schema\\\/logo\\\/image\\\/\",\"url\":\"https:\\\/\\\/partijhandeldhz.nl\\\/wp-content\\\/uploads\\\/2025\\\/03\\\/1.png\",\"contentUrl\":\"https:\\\/\\\/partijhandeldhz.nl\\\/wp-content\\\/uploads\\\/2025\\\/03\\\/1.png\",\"width\":1000,\"height\":500,\"caption\":\"DHZ Outlet & Partijhandel\"},\"image\":{\"@id\":\"https:\\\/\\\/partijhandeldhz.nl\\\/de\\\/#\\\/schema\\\/logo\\\/image\\\/\"},\"sameAs\":[\"https:\\\/\\\/www.facebook.com\\\/people\\\/Partijhandel-DHZ\\\/61573487458594\\\/\",\"https:\\\/\\\/www.instagram.com\\\/partijhandeldhz\\\/\"]}]}<\/script>\n<!-- \/ Yoast SEO plugin. -->","yoast_head_json":{"title":"Konvektorheizer 2000W - DHZ Outlet &amp; Partijhandel","robots":{"index":"index","follow":"follow","max-snippet":"max-snippet:-1","max-image-preview":"max-image-preview:large","max-video-preview":"max-video-preview:-1"},"canonical":"https:\/\/partijhandeldhz.nl\/de\/produkt\/konvektorheizer-2000w\/","og_locale":"de_DE","og_type":"article","og_title":"Konvektorheizer 2000W - DHZ Outlet &amp; Partijhandel","og_description":"Der NEO Tools Convector Heater 2000W heizt dank eines modernen Aluminiumheizsystems, eines Touchscreens, einer Fernbedienung und umfangreicher Sicherheitsfunktionen schnell, leise und sicher. Bitte beachten Sie: Dieses Produkt kann nur \u00fcber unseren Webshop bestellt werden.","og_url":"https:\/\/partijhandeldhz.nl\/de\/produkt\/konvektorheizer-2000w\/","og_site_name":"DHZ Outlet &amp; Partijhandel","article_publisher":"https:\/\/www.facebook.com\/people\/Partijhandel-DHZ\/61573487458594\/","og_image":[{"width":1000,"height":1000,"url":"https:\/\/partijhandeldhz.nl\/wp-content\/uploads\/2025\/12\/Afbeelding-1-25.jpg","type":"image\/jpeg"}],"twitter_card":"summary_large_image","twitter_misc":{"Gesch\u00e4tzte Lesezeit":"1\u00a0Minute"},"schema":{"@context":"https:\/\/schema.org","@graph":[{"@type":"WebPage","@id":"https:\/\/partijhandeldhz.nl\/de\/produkt\/konvektorheizer-2000w\/","url":"https:\/\/partijhandeldhz.nl\/de\/produkt\/konvektorheizer-2000w\/","name":"Konvektorheizer 2000W - DHZ Outlet &amp; Partijhandel","isPartOf":{"@id":"https:\/\/partijhandeldhz.nl\/de\/#website"},"primaryImageOfPage":{"@id":"https:\/\/partijhandeldhz.nl\/de\/produkt\/konvektorheizer-2000w\/#primaryimage"},"image":{"@id":"https:\/\/partijhandeldhz.nl\/de\/produkt\/konvektorheizer-2000w\/#primaryimage"},"thumbnailUrl":"https:\/\/partijhandeldhz.nl\/wp-content\/uploads\/2025\/12\/Afbeelding-1-25.jpg","datePublished":"2025-12-04T11:22:25+00:00","breadcrumb":{"@id":"https:\/\/partijhandeldhz.nl\/de\/produkt\/konvektorheizer-2000w\/#breadcrumb"},"inLanguage":"de","potentialAction":[{"@type":"ReadAction","target":["https:\/\/partijhandeldhz.nl\/de\/produkt\/konvektorheizer-2000w\/"]}]},{"@type":"ImageObject","inLanguage":"de","@id":"https:\/\/partijhandeldhz.nl\/de\/produkt\/konvektorheizer-2000w\/#primaryimage","url":"https:\/\/partijhandeldhz.nl\/wp-content\/uploads\/2025\/12\/Afbeelding-1-25.jpg","contentUrl":"https:\/\/partijhandeldhz.nl\/wp-content\/uploads\/2025\/12\/Afbeelding-1-25.jpg","width":1000,"height":1000},{"@type":"BreadcrumbList","@id":"https:\/\/partijhandeldhz.nl\/de\/produkt\/konvektorheizer-2000w\/#breadcrumb","itemListElement":[{"@type":"ListItem","position":1,"name":"Home","item":"https:\/\/partijhandeldhz.nl\/de\/"},{"@type":"ListItem","position":2,"name":"Shop","item":"https:\/\/partijhandeldhz.nl\/de\/shop\/"},{"@type":"ListItem","position":3,"name":"Konvektorheizer 2000W"}]},{"@type":"WebSite","@id":"https:\/\/partijhandeldhz.nl\/de\/#website","url":"https:\/\/partijhandeldhz.nl\/de\/","name":"DHZ Outlet & Partijhandel","description":"Grote en kleine partijen, altijd de scherpste prijs!","publisher":{"@id":"https:\/\/partijhandeldhz.nl\/de\/#organization"},"potentialAction":[{"@type":"SearchAction","target":{"@type":"EntryPoint","urlTemplate":"https:\/\/partijhandeldhz.nl\/de\/?s={search_term_string}"},"query-input":{"@type":"PropertyValueSpecification","valueRequired":true,"valueName":"search_term_string"}}],"inLanguage":"de"},{"@type":"Organization","@id":"https:\/\/partijhandeldhz.nl\/de\/#organization","name":"DHZ Outlet & Partijhandel","url":"https:\/\/partijhandeldhz.nl\/de\/","logo":{"@type":"ImageObject","inLanguage":"de","@id":"https:\/\/partijhandeldhz.nl\/de\/#\/schema\/logo\/image\/","url":"https:\/\/partijhandeldhz.nl\/wp-content\/uploads\/2025\/03\/1.png","contentUrl":"https:\/\/partijhandeldhz.nl\/wp-content\/uploads\/2025\/03\/1.png","width":1000,"height":500,"caption":"DHZ Outlet & Partijhandel"},"image":{"@id":"https:\/\/partijhandeldhz.nl\/de\/#\/schema\/logo\/image\/"},"sameAs":["https:\/\/www.facebook.com\/people\/Partijhandel-DHZ\/61573487458594\/","https:\/\/www.instagram.com\/partijhandeldhz\/"]}]}},"jetpack_sharing_enabled":true,"_links":{"self":[{"href":"https:\/\/partijhandeldhz.nl\/de\/wp-json\/wp\/v2\/product\/14716","targetHints":{"allow":["GET"]}}],"collection":[{"href":"https:\/\/partijhandeldhz.nl\/de\/wp-json\/wp\/v2\/product"}],"about":[{"href":"https:\/\/partijhandeldhz.nl\/de\/wp-json\/wp\/v2\/types\/product"}],"version-history":[{"count":0,"href":"https:\/\/partijhandeldhz.nl\/de\/wp-json\/wp\/v2\/product\/14716\/revisions"}],"wp:featuredmedia":[{"embeddable":true,"href":"https:\/\/partijhandeldhz.nl\/de\/wp-json\/wp\/v2\/media\/12813"}],"wp:attachment":[{"href":"https:\/\/partijhandeldhz.nl\/de\/wp-json\/wp\/v2\/media?parent=14716"}],"wp:term":[{"taxonomy":"product_brand","embeddable":true,"href":"https:\/\/partijhandeldhz.nl\/de\/wp-json\/wp\/v2\/product_brand?post=14716"},{"taxonomy":"product_cat","embeddable":true,"href":"https:\/\/partijhandeldhz.nl\/de\/wp-json\/wp\/v2\/product_cat?post=14716"},{"taxonomy":"product_tag","embeddable":true,"href":"https:\/\/partijhandeldhz.nl\/de\/wp-json\/wp\/v2\/product_tag?post=14716"}],"curies":[{"name":"wp","href":"https:\/\/api.w.org\/{rel}","templated":true}]}}