{"id":14687,"date":"2025-12-02T13:57:10","date_gmt":"2025-12-02T13:57:10","guid":{"rendered":"https:\/\/partijhandeldhz.nl\/product\/trinkbecher-12-unzen\/"},"modified":"2025-12-14T19:50:43","modified_gmt":"2025-12-14T19:50:43","slug":"trinkbecher-12-unzen","status":"publish","type":"product","link":"https:\/\/partijhandeldhz.nl\/de\/produkt\/trinkbecher-12-unzen\/","title":{"rendered":"Trinkbecher 12 Unzen"},"content":{"rendered":"<p data-start=\"199\" data-end=\"673\">Genie\u00dfen Sie optimale Temperaturspeicherung mit dem Healthy Human Cruiser Trinkbecher 12 oz \u2013 Pure White. Dieser hochwertige, isolierte Edelstahlbecher h\u00e4lt Ihre Getr\u00e4nke doppelt so lange hei\u00df oder kalt wie herk\u00f6mmliche Becher oder Einwegbecher. Dank der fortschrittlichen TempMax-Kupferbeschichtung und der doppelwandigen Vakuumd\u00e4mmung aus 18\/8 Edelstahl bleibt jedes Getr\u00e4nk auf seiner perfekten Temperatur \u2013 ideal f\u00fcr Kaffee, Tee, kalte Getr\u00e4nke oder Smoothies unterwegs.  <\/p>\n<p data-start=\"675\" data-end=\"1027\">Healthy Human ist ein zertifiziertes B-Corp, das aktiv zu einer saubereren Welt beitr\u00e4gt: Die Marke hat weltweit bereits mehr als 2.500.000 Plastikflaschen aus dem Meer entfernt und 20.000 B\u00e4ume gepflanzt. F\u00fcr jeden verkauften Cruiser-Trinkbecher entfernt Healthy Human 1 Pfund Ozeanplastik, was etwa 50 Plastikflaschen entspricht. <\/p>\n<p data-start=\"1029\" data-end=\"1436\">Der Becher wird mit einem Edelstahlstrohhalm, einem Strohhalmreiniger und einem BPA-freien transparenten Tritan-Deckel geliefert, sodass Sie ihn sowohl unterwegs als auch zu Hause sicher und undicht verwenden k\u00f6nnen. Die kompakte Form ist angenehm zu halten und das matte Pure White-Finish verleiht der Tasse ein schlanken, modernes Aussehen. Komplett verpackt in einer luxuri\u00f6sen Geschenkbox \u2013 bereit, sie als Geschenk zu verschenken oder sich zu am\u00fcsieren.  <\/p>\n<p data-start=\"1438\" data-end=\"1536\">Eine langlebige, stilvolle und praktische L\u00f6sung f\u00fcr t\u00e4gliches Trinken ohne Temperaturverlust.<\/p>\n<h3 data-start=\"1824\" data-end=\"1854\"><strong data-start=\"1827\" data-end=\"1854\">Schl\u00fcsselmerkmale<\/strong><\/h3>\n<ul>\n<li data-start=\"1857\" data-end=\"1885\">Inhalt: 355 ml (12 oz)<\/li>\n<li data-start=\"1888\" data-end=\"1936\">Er h\u00e4lt Getr\u00e4nke <em data-start=\"1902\" data-end=\"1921\">doppelt so lange<\/em> hei\u00df oder kalt<\/li>\n<li data-start=\"1939\" data-end=\"1984\">Doppelwandiges Vakuumisoliertes 18\/8 Edelstahl<\/li>\n<li data-start=\"1987\" data-end=\"2021\">Premium TempMax Kupferbeschichtung<\/li>\n<li data-start=\"2024\" data-end=\"2111\">Enth\u00e4lt: Edelstahlstrohhalm, Strohhhalmreiniger, BPA-freier Tritan-Deckel, Aufkleber und Hydro-Guide<\/li>\n<li data-start=\"2114\" data-end=\"2139\">Leckdicht und spritzbest\u00e4ndig<\/li>\n<li data-start=\"2142\" data-end=\"2188\">Nachhaltig produziert \u2013 zertifiziert als B-Corp zertifiziert<\/li>\n<li data-start=\"2191\" data-end=\"2214\">Farbe: Reinwei\u00df<\/li>\n<li data-start=\"2217\" data-end=\"2243\">EAN-Code: 850010266329<\/li>\n<\/ul>\n","protected":false},"excerpt":{"rendered":"<p>Der Healthy Human Cruiser Drinking Cup 12 oz \u2013 Pure White h\u00e4lt die Getr\u00e4nke dank der Vakuumd\u00e4mmung doppelt so hei\u00df oder kalt. Enth\u00e4lt Edelstahlstrohhalm, Reiniger und BPA-freien Deckel.<br \/>\n<br data-start=\"1748\" data-end=\"1751\"><strong data-start=\"1751\" data-end=\"1817\"><em data-start=\"1753\" data-end=\"1815\">Bitte beachten Sie: Dieses Produkt kann nur \u00fcber unseren Webshop bestellt werden.<\/em><\/strong><\/p>\n","protected":false},"featured_media":12634,"template":"","meta":{"_acf_changed":false,"site-sidebar-layout":"default","site-content-layout":"","ast-site-content-layout":"default","site-content-style":"default","site-sidebar-style":"default","ast-global-header-display":"","ast-banner-title-visibility":"","ast-main-header-display":"","ast-hfb-above-header-display":"","ast-hfb-below-header-display":"","ast-hfb-mobile-header-display":"","site-post-title":"","ast-breadcrumbs-content":"","ast-featured-img":"","footer-sml-layout":"","ast-disable-related-posts":"","theme-transparent-header-meta":"default","adv-header-id-meta":"","stick-header-meta":"","header-above-stick-meta":"","header-main-stick-meta":"","header-below-stick-meta":"","astra-migrate-meta-layouts":"default","ast-page-background-enabled":"default","ast-page-background-meta":{"desktop":{"background-color":"","background-image":"","background-repeat":"repeat","background-position":"center center","background-size":"auto","background-attachment":"scroll","background-type":"","background-media":"","overlay-type":"","overlay-color":"","overlay-opacity":"","overlay-gradient":""},"tablet":{"background-color":"","background-image":"","background-repeat":"repeat","background-position":"center center","background-size":"auto","background-attachment":"scroll","background-type":"","background-media":"","overlay-type":"","overlay-color":"","overlay-opacity":"","overlay-gradient":""},"mobile":{"background-color":"","background-image":"","background-repeat":"repeat","background-position":"center center","background-size":"auto","background-attachment":"scroll","background-type":"","background-media":"","overlay-type":"","overlay-color":"","overlay-opacity":"","overlay-gradient":""}},"ast-content-background-meta":{"desktop":{"background-color":"var(--ast-global-color-5)","background-image":"","background-repeat":"repeat","background-position":"center center","background-size":"auto","background-attachment":"scroll","background-type":"","background-media":"","overlay-type":"","overlay-color":"","overlay-opacity":"","overlay-gradient":""},"tablet":{"background-color":"var(--ast-global-color-5)","background-image":"","background-repeat":"repeat","background-position":"center center","background-size":"auto","background-attachment":"scroll","background-type":"","background-media":"","overlay-type":"","overlay-color":"","overlay-opacity":"","overlay-gradient":""},"mobile":{"background-color":"var(--ast-global-color-5)","background-image":"","background-repeat":"repeat","background-position":"center center","background-size":"auto","background-attachment":"scroll","background-type":"","background-media":"","overlay-type":"","overlay-color":"","overlay-opacity":"","overlay-gradient":""}}},"product_brand":[593],"product_cat":[599,618,614],"product_tag":[],"class_list":{"0":"post-14687","1":"product","2":"type-product","3":"status-publish","4":"has-post-thumbnail","6":"product_brand-healthy-human","7":"product_cat-postenhandel","8":"product_cat-trinkbecher","9":"product_cat-wasserflaschen-und-trinkbecher","10":"pa_merk-healthy-human","11":"desktop-align-left","12":"tablet-align-left","13":"mobile-align-left","15":"first","16":"instock","17":"taxable","18":"shipping-taxable","19":"purchasable","20":"product-type-simple"},"acf":[],"yoast_head":"<!-- This site is optimized with the Yoast SEO plugin v27.5 - https:\/\/yoast.com\/product\/yoast-seo-wordpress\/ -->\n<title>Trinkbecher 12 Unzen - DHZ Outlet &amp; Partijhandel<\/title>\n<meta name=\"robots\" content=\"index, follow, max-snippet:-1, max-image-preview:large, max-video-preview:-1\" \/>\n<link rel=\"canonical\" href=\"https:\/\/partijhandeldhz.nl\/de\/produkt\/trinkbecher-12-unzen\/\" \/>\n<meta property=\"og:locale\" content=\"de_DE\" \/>\n<meta property=\"og:type\" content=\"article\" \/>\n<meta property=\"og:title\" content=\"Trinkbecher 12 Unzen - DHZ Outlet &amp; Partijhandel\" \/>\n<meta property=\"og:description\" content=\"Der Healthy Human Cruiser Drinking Cup 12 oz \u2013 Pure White h\u00e4lt die Getr\u00e4nke dank der Vakuumd\u00e4mmung doppelt so hei\u00df oder kalt. Enth\u00e4lt Edelstahlstrohhalm, Reiniger und BPA-freien Deckel. Bitte beachten Sie: Dieses Produkt kann nur \u00fcber unseren Webshop bestellt werden.\" \/>\n<meta property=\"og:url\" content=\"https:\/\/partijhandeldhz.nl\/de\/produkt\/trinkbecher-12-unzen\/\" \/>\n<meta property=\"og:site_name\" content=\"DHZ Outlet &amp; Partijhandel\" \/>\n<meta property=\"article:publisher\" content=\"https:\/\/www.facebook.com\/people\/Partijhandel-DHZ\/61573487458594\/\" \/>\n<meta property=\"article:modified_time\" content=\"2025-12-14T19:50:43+00:00\" \/>\n<meta property=\"og:image\" content=\"https:\/\/partijhandeldhz.nl\/wp-content\/uploads\/2025\/12\/Afbeelding-1-13.jpg\" \/>\n\t<meta property=\"og:image:width\" content=\"1000\" \/>\n\t<meta property=\"og:image:height\" content=\"1000\" \/>\n\t<meta property=\"og:image:type\" content=\"image\/jpeg\" \/>\n<meta name=\"twitter:card\" content=\"summary_large_image\" \/>\n<meta name=\"twitter:label1\" content=\"Gesch\u00e4tzte Lesezeit\" \/>\n\t<meta name=\"twitter:data1\" content=\"1\u00a0Minute\" \/>\n<script type=\"application\/ld+json\" class=\"yoast-schema-graph\">{\"@context\":\"https:\\\/\\\/schema.org\",\"@graph\":[{\"@type\":\"WebPage\",\"@id\":\"https:\\\/\\\/partijhandeldhz.nl\\\/de\\\/produkt\\\/trinkbecher-12-unzen\\\/\",\"url\":\"https:\\\/\\\/partijhandeldhz.nl\\\/de\\\/produkt\\\/trinkbecher-12-unzen\\\/\",\"name\":\"Trinkbecher 12 Unzen - DHZ Outlet &amp; Partijhandel\",\"isPartOf\":{\"@id\":\"https:\\\/\\\/partijhandeldhz.nl\\\/de\\\/#website\"},\"primaryImageOfPage\":{\"@id\":\"https:\\\/\\\/partijhandeldhz.nl\\\/de\\\/produkt\\\/trinkbecher-12-unzen\\\/#primaryimage\"},\"image\":{\"@id\":\"https:\\\/\\\/partijhandeldhz.nl\\\/de\\\/produkt\\\/trinkbecher-12-unzen\\\/#primaryimage\"},\"thumbnailUrl\":\"https:\\\/\\\/partijhandeldhz.nl\\\/wp-content\\\/uploads\\\/2025\\\/12\\\/Afbeelding-1-13.jpg\",\"datePublished\":\"2025-12-02T13:57:10+00:00\",\"dateModified\":\"2025-12-14T19:50:43+00:00\",\"breadcrumb\":{\"@id\":\"https:\\\/\\\/partijhandeldhz.nl\\\/de\\\/produkt\\\/trinkbecher-12-unzen\\\/#breadcrumb\"},\"inLanguage\":\"de\",\"potentialAction\":[{\"@type\":\"ReadAction\",\"target\":[\"https:\\\/\\\/partijhandeldhz.nl\\\/de\\\/produkt\\\/trinkbecher-12-unzen\\\/\"]}]},{\"@type\":\"ImageObject\",\"inLanguage\":\"de\",\"@id\":\"https:\\\/\\\/partijhandeldhz.nl\\\/de\\\/produkt\\\/trinkbecher-12-unzen\\\/#primaryimage\",\"url\":\"https:\\\/\\\/partijhandeldhz.nl\\\/wp-content\\\/uploads\\\/2025\\\/12\\\/Afbeelding-1-13.jpg\",\"contentUrl\":\"https:\\\/\\\/partijhandeldhz.nl\\\/wp-content\\\/uploads\\\/2025\\\/12\\\/Afbeelding-1-13.jpg\",\"width\":1000,\"height\":1000},{\"@type\":\"BreadcrumbList\",\"@id\":\"https:\\\/\\\/partijhandeldhz.nl\\\/de\\\/produkt\\\/trinkbecher-12-unzen\\\/#breadcrumb\",\"itemListElement\":[{\"@type\":\"ListItem\",\"position\":1,\"name\":\"Home\",\"item\":\"https:\\\/\\\/partijhandeldhz.nl\\\/de\\\/\"},{\"@type\":\"ListItem\",\"position\":2,\"name\":\"Shop\",\"item\":\"https:\\\/\\\/partijhandeldhz.nl\\\/de\\\/shop\\\/\"},{\"@type\":\"ListItem\",\"position\":3,\"name\":\"Trinkbecher 12 Unzen\"}]},{\"@type\":\"WebSite\",\"@id\":\"https:\\\/\\\/partijhandeldhz.nl\\\/de\\\/#website\",\"url\":\"https:\\\/\\\/partijhandeldhz.nl\\\/de\\\/\",\"name\":\"DHZ Outlet & Partijhandel\",\"description\":\"Grote en kleine partijen, altijd de scherpste prijs!\",\"publisher\":{\"@id\":\"https:\\\/\\\/partijhandeldhz.nl\\\/de\\\/#organization\"},\"potentialAction\":[{\"@type\":\"SearchAction\",\"target\":{\"@type\":\"EntryPoint\",\"urlTemplate\":\"https:\\\/\\\/partijhandeldhz.nl\\\/de\\\/?s={search_term_string}\"},\"query-input\":{\"@type\":\"PropertyValueSpecification\",\"valueRequired\":true,\"valueName\":\"search_term_string\"}}],\"inLanguage\":\"de\"},{\"@type\":\"Organization\",\"@id\":\"https:\\\/\\\/partijhandeldhz.nl\\\/de\\\/#organization\",\"name\":\"DHZ Outlet & Partijhandel\",\"url\":\"https:\\\/\\\/partijhandeldhz.nl\\\/de\\\/\",\"logo\":{\"@type\":\"ImageObject\",\"inLanguage\":\"de\",\"@id\":\"https:\\\/\\\/partijhandeldhz.nl\\\/de\\\/#\\\/schema\\\/logo\\\/image\\\/\",\"url\":\"https:\\\/\\\/partijhandeldhz.nl\\\/wp-content\\\/uploads\\\/2025\\\/03\\\/1.png\",\"contentUrl\":\"https:\\\/\\\/partijhandeldhz.nl\\\/wp-content\\\/uploads\\\/2025\\\/03\\\/1.png\",\"width\":1000,\"height\":500,\"caption\":\"DHZ Outlet & Partijhandel\"},\"image\":{\"@id\":\"https:\\\/\\\/partijhandeldhz.nl\\\/de\\\/#\\\/schema\\\/logo\\\/image\\\/\"},\"sameAs\":[\"https:\\\/\\\/www.facebook.com\\\/people\\\/Partijhandel-DHZ\\\/61573487458594\\\/\",\"https:\\\/\\\/www.instagram.com\\\/partijhandeldhz\\\/\"]}]}<\/script>\n<!-- \/ Yoast SEO plugin. -->","yoast_head_json":{"title":"Trinkbecher 12 Unzen - DHZ Outlet &amp; Partijhandel","robots":{"index":"index","follow":"follow","max-snippet":"max-snippet:-1","max-image-preview":"max-image-preview:large","max-video-preview":"max-video-preview:-1"},"canonical":"https:\/\/partijhandeldhz.nl\/de\/produkt\/trinkbecher-12-unzen\/","og_locale":"de_DE","og_type":"article","og_title":"Trinkbecher 12 Unzen - DHZ Outlet &amp; Partijhandel","og_description":"Der Healthy Human Cruiser Drinking Cup 12 oz \u2013 Pure White h\u00e4lt die Getr\u00e4nke dank der Vakuumd\u00e4mmung doppelt so hei\u00df oder kalt. Enth\u00e4lt Edelstahlstrohhalm, Reiniger und BPA-freien Deckel. Bitte beachten Sie: Dieses Produkt kann nur \u00fcber unseren Webshop bestellt werden.","og_url":"https:\/\/partijhandeldhz.nl\/de\/produkt\/trinkbecher-12-unzen\/","og_site_name":"DHZ Outlet &amp; Partijhandel","article_publisher":"https:\/\/www.facebook.com\/people\/Partijhandel-DHZ\/61573487458594\/","article_modified_time":"2025-12-14T19:50:43+00:00","og_image":[{"width":1000,"height":1000,"url":"https:\/\/partijhandeldhz.nl\/wp-content\/uploads\/2025\/12\/Afbeelding-1-13.jpg","type":"image\/jpeg"}],"twitter_card":"summary_large_image","twitter_misc":{"Gesch\u00e4tzte Lesezeit":"1\u00a0Minute"},"schema":{"@context":"https:\/\/schema.org","@graph":[{"@type":"WebPage","@id":"https:\/\/partijhandeldhz.nl\/de\/produkt\/trinkbecher-12-unzen\/","url":"https:\/\/partijhandeldhz.nl\/de\/produkt\/trinkbecher-12-unzen\/","name":"Trinkbecher 12 Unzen - DHZ Outlet &amp; Partijhandel","isPartOf":{"@id":"https:\/\/partijhandeldhz.nl\/de\/#website"},"primaryImageOfPage":{"@id":"https:\/\/partijhandeldhz.nl\/de\/produkt\/trinkbecher-12-unzen\/#primaryimage"},"image":{"@id":"https:\/\/partijhandeldhz.nl\/de\/produkt\/trinkbecher-12-unzen\/#primaryimage"},"thumbnailUrl":"https:\/\/partijhandeldhz.nl\/wp-content\/uploads\/2025\/12\/Afbeelding-1-13.jpg","datePublished":"2025-12-02T13:57:10+00:00","dateModified":"2025-12-14T19:50:43+00:00","breadcrumb":{"@id":"https:\/\/partijhandeldhz.nl\/de\/produkt\/trinkbecher-12-unzen\/#breadcrumb"},"inLanguage":"de","potentialAction":[{"@type":"ReadAction","target":["https:\/\/partijhandeldhz.nl\/de\/produkt\/trinkbecher-12-unzen\/"]}]},{"@type":"ImageObject","inLanguage":"de","@id":"https:\/\/partijhandeldhz.nl\/de\/produkt\/trinkbecher-12-unzen\/#primaryimage","url":"https:\/\/partijhandeldhz.nl\/wp-content\/uploads\/2025\/12\/Afbeelding-1-13.jpg","contentUrl":"https:\/\/partijhandeldhz.nl\/wp-content\/uploads\/2025\/12\/Afbeelding-1-13.jpg","width":1000,"height":1000},{"@type":"BreadcrumbList","@id":"https:\/\/partijhandeldhz.nl\/de\/produkt\/trinkbecher-12-unzen\/#breadcrumb","itemListElement":[{"@type":"ListItem","position":1,"name":"Home","item":"https:\/\/partijhandeldhz.nl\/de\/"},{"@type":"ListItem","position":2,"name":"Shop","item":"https:\/\/partijhandeldhz.nl\/de\/shop\/"},{"@type":"ListItem","position":3,"name":"Trinkbecher 12 Unzen"}]},{"@type":"WebSite","@id":"https:\/\/partijhandeldhz.nl\/de\/#website","url":"https:\/\/partijhandeldhz.nl\/de\/","name":"DHZ Outlet & Partijhandel","description":"Grote en kleine partijen, altijd de scherpste prijs!","publisher":{"@id":"https:\/\/partijhandeldhz.nl\/de\/#organization"},"potentialAction":[{"@type":"SearchAction","target":{"@type":"EntryPoint","urlTemplate":"https:\/\/partijhandeldhz.nl\/de\/?s={search_term_string}"},"query-input":{"@type":"PropertyValueSpecification","valueRequired":true,"valueName":"search_term_string"}}],"inLanguage":"de"},{"@type":"Organization","@id":"https:\/\/partijhandeldhz.nl\/de\/#organization","name":"DHZ Outlet & Partijhandel","url":"https:\/\/partijhandeldhz.nl\/de\/","logo":{"@type":"ImageObject","inLanguage":"de","@id":"https:\/\/partijhandeldhz.nl\/de\/#\/schema\/logo\/image\/","url":"https:\/\/partijhandeldhz.nl\/wp-content\/uploads\/2025\/03\/1.png","contentUrl":"https:\/\/partijhandeldhz.nl\/wp-content\/uploads\/2025\/03\/1.png","width":1000,"height":500,"caption":"DHZ Outlet & Partijhandel"},"image":{"@id":"https:\/\/partijhandeldhz.nl\/de\/#\/schema\/logo\/image\/"},"sameAs":["https:\/\/www.facebook.com\/people\/Partijhandel-DHZ\/61573487458594\/","https:\/\/www.instagram.com\/partijhandeldhz\/"]}]}},"jetpack_sharing_enabled":true,"_links":{"self":[{"href":"https:\/\/partijhandeldhz.nl\/de\/wp-json\/wp\/v2\/product\/14687","targetHints":{"allow":["GET"]}}],"collection":[{"href":"https:\/\/partijhandeldhz.nl\/de\/wp-json\/wp\/v2\/product"}],"about":[{"href":"https:\/\/partijhandeldhz.nl\/de\/wp-json\/wp\/v2\/types\/product"}],"version-history":[{"count":1,"href":"https:\/\/partijhandeldhz.nl\/de\/wp-json\/wp\/v2\/product\/14687\/revisions"}],"predecessor-version":[{"id":16278,"href":"https:\/\/partijhandeldhz.nl\/de\/wp-json\/wp\/v2\/product\/14687\/revisions\/16278"}],"wp:featuredmedia":[{"embeddable":true,"href":"https:\/\/partijhandeldhz.nl\/de\/wp-json\/wp\/v2\/media\/12634"}],"wp:attachment":[{"href":"https:\/\/partijhandeldhz.nl\/de\/wp-json\/wp\/v2\/media?parent=14687"}],"wp:term":[{"taxonomy":"product_brand","embeddable":true,"href":"https:\/\/partijhandeldhz.nl\/de\/wp-json\/wp\/v2\/product_brand?post=14687"},{"taxonomy":"product_cat","embeddable":true,"href":"https:\/\/partijhandeldhz.nl\/de\/wp-json\/wp\/v2\/product_cat?post=14687"},{"taxonomy":"product_tag","embeddable":true,"href":"https:\/\/partijhandeldhz.nl\/de\/wp-json\/wp\/v2\/product_tag?post=14687"}],"curies":[{"name":"wp","href":"https:\/\/api.w.org\/{rel}","templated":true}]}}