{"id":14669,"date":"2025-12-02T11:34:09","date_gmt":"2025-12-02T11:34:09","guid":{"rendered":"https:\/\/partijhandeldhz.nl\/product\/wasserflasche-21-unzen-13\/"},"modified":"2025-12-02T11:34:09","modified_gmt":"2025-12-02T11:34:09","slug":"wasserflasche-21-unzen-13","status":"publish","type":"product","link":"https:\/\/partijhandeldhz.nl\/de\/produkt\/wasserflasche-21-unzen-13\/","title":{"rendered":"Wasserflasche 21 Unzen"},"content":{"rendered":"<p>Die Healthy Human Water Bottle aus geb\u00fcrstetem Stahl ist die perfekte Wahl f\u00fcr alle, die zeitloses und robustes Design lieben. Diese hochwertige Edelstahl-Trinkflasche ist vollst\u00e4ndig BPA-frei und geh\u00f6rt zu den langlebigsten und leistungsorientiertesten Flaschen auf dem Markt. Healthy Human wurde von CNN Underscored mehrere Jahre in Folge als beste Wasserflasche ausgezeichnet \u2013 ein Beweis f\u00fcr seine au\u00dfergew\u00f6hnliche Qualit\u00e4t und Funktionalit\u00e4t.  <\/p>\n<p>Dank der fortschrittlichen TempMax-Kupferbeschichtung und der doppelwandigen Vakuumd\u00e4mmung halten Getr\u00e4nke lange Zeit die richtige Temperatur.<\/p>\n<p>Perfekt f\u00fcr den t\u00e4glichen Einsatz im B\u00fcro, im Fitnessstudio, bei Outdoor-Abenteuern oder unterwegs. Die breite \u00d6ffnung erleichtert das Einf\u00fcgen von Eisw\u00fcrfeln und sorgt f\u00fcr angenehmen Trinkkomfort. <\/p>\n<p>Healthy Human ist au\u00dferdem ein stolzes zertifiziertes B-Corp und engagiert sich aktiv f\u00fcr die Reduzierung der Plastikverschmutzung. F\u00fcr jede verkaufte Flasche wird 1 Pfund Ozeanplastik entfernt \u2013 das entspricht etwa 50 Plastikflaschen. So tragen Sie mit jedem Kauf zu einer saubereren Welt bei.  <\/p>\n<p>Die Brushed Steel-Version hat einen robusten, industriellen Look mit nat\u00fcrlichem Metallic-Finish. Dadurch ist die Flasche besonders kratzfest und ideal f\u00fcr intensive Nutzung. Jede Flasche wird mit praktischem Zubeh\u00f6r geliefert, wie einem Karabiner, einem Edelstahlverschluss, einem Aufkleber und einem Hydro-Guide.  <\/p>\n<h2 data-start=\"1808\" data-end=\"1838\"><strong data-start=\"1811\" data-end=\"1838\">Schl\u00fcsselmerkmale<\/strong><\/h2>\n<ul>\n<li data-start=\"1842\" data-end=\"1891\">Premium Edelstahl-Wasserflasche, BPA-frei<\/li>\n<li data-start=\"1894\" data-end=\"1957\">Farbe: Geb\u00fcrsteter Stahl \u2013 zeitlos, robust und kratzfest<\/li>\n<li data-start=\"1960\" data-end=\"1979\">TempMax-Isolierung:<\/li>\n<li data-start=\"1984\" data-end=\"2001\">24 Stunden kalt<\/li>\n<li data-start=\"2006\" data-end=\"2023\">12 Stunden hei\u00df<\/li>\n<li data-start=\"2028\" data-end=\"2044\">6 Stunden lang hei\u00df<\/li>\n<li data-start=\"2047\" data-end=\"2077\">Doppelwandige Vakuumd\u00e4mmung<\/li>\n<li data-start=\"2080\" data-end=\"2120\">Breite \u00d6ffnung \u2013 ideal f\u00fcr Eisw\u00fcrfel<\/li>\n<li data-start=\"2123\" data-end=\"2192\">Enth\u00e4lt Karabiner, gepolsterte Stahlkappe, Aufkleber und Hydro-Guide<\/li>\n<li data-start=\"2195\" data-end=\"2261\">Umweltfreundlich: 1 Pfund Ozeanplastik pro Kauf entfernt<\/li>\n<li data-start=\"2264\" data-end=\"2294\">Inhalt: 21 oz (\u00b1 621 ml)<\/li>\n<li data-start=\"2297\" data-end=\"2337\">Ma\u00dfe: 10&#8243; H\u00f6he \u00d7 2,75&#8243; Breite<\/li>\n<li data-start=\"2340\" data-end=\"2365\">Gewicht: \u00b1 372 Gramm<\/li>\n<li data-start=\"2368\" data-end=\"2391\">Leckdichter Schraubendeckel<\/li>\n<li data-start=\"2394\" data-end=\"2441\">Handw\u00e4sche empfohlen \u2013 nicht sp\u00fclmaschinenfest<\/li>\n<li data-start=\"2444\" data-end=\"2465\">EAN: 700425907174<\/li>\n<\/ul>\n","protected":false},"excerpt":{"rendered":"<p data-start=\"1617\" data-end=\"1801\">Robuste gesunde Wasserflasche aus geb\u00fcrstetem Stahl mit doppelwandiger Isolierung und langanhaltender Temperaturspeicherung.<br \/>\n<br data-start=\"1732\" data-end=\"1735\"><strong data-start=\"1735\" data-end=\"1801\"><em data-start=\"1737\" data-end=\"1799\">Bitte beachten Sie: Dieses Produkt kann nur \u00fcber unseren Webshop bestellt werden.<\/em><\/strong><\/p>\n","protected":false},"featured_media":12543,"template":"","meta":{"_acf_changed":false,"site-sidebar-layout":"default","site-content-layout":"","ast-site-content-layout":"default","site-content-style":"default","site-sidebar-style":"default","ast-global-header-display":"","ast-banner-title-visibility":"","ast-main-header-display":"","ast-hfb-above-header-display":"","ast-hfb-below-header-display":"","ast-hfb-mobile-header-display":"","site-post-title":"","ast-breadcrumbs-content":"","ast-featured-img":"","footer-sml-layout":"","ast-disable-related-posts":"","theme-transparent-header-meta":"default","adv-header-id-meta":"","stick-header-meta":"","header-above-stick-meta":"","header-main-stick-meta":"","header-below-stick-meta":"","astra-migrate-meta-layouts":"default","ast-page-background-enabled":"default","ast-page-background-meta":{"desktop":{"background-color":"","background-image":"","background-repeat":"repeat","background-position":"center center","background-size":"auto","background-attachment":"scroll","background-type":"","background-media":"","overlay-type":"","overlay-color":"","overlay-opacity":"","overlay-gradient":""},"tablet":{"background-color":"","background-image":"","background-repeat":"repeat","background-position":"center center","background-size":"auto","background-attachment":"scroll","background-type":"","background-media":"","overlay-type":"","overlay-color":"","overlay-opacity":"","overlay-gradient":""},"mobile":{"background-color":"","background-image":"","background-repeat":"repeat","background-position":"center center","background-size":"auto","background-attachment":"scroll","background-type":"","background-media":"","overlay-type":"","overlay-color":"","overlay-opacity":"","overlay-gradient":""}},"ast-content-background-meta":{"desktop":{"background-color":"var(--ast-global-color-5)","background-image":"","background-repeat":"repeat","background-position":"center center","background-size":"auto","background-attachment":"scroll","background-type":"","background-media":"","overlay-type":"","overlay-color":"","overlay-opacity":"","overlay-gradient":""},"tablet":{"background-color":"var(--ast-global-color-5)","background-image":"","background-repeat":"repeat","background-position":"center center","background-size":"auto","background-attachment":"scroll","background-type":"","background-media":"","overlay-type":"","overlay-color":"","overlay-opacity":"","overlay-gradient":""},"mobile":{"background-color":"var(--ast-global-color-5)","background-image":"","background-repeat":"repeat","background-position":"center center","background-size":"auto","background-attachment":"scroll","background-type":"","background-media":"","overlay-type":"","overlay-color":"","overlay-opacity":"","overlay-gradient":""}}},"product_brand":[593],"product_cat":[599,615,614],"product_tag":[],"class_list":{"0":"post-14669","1":"product","2":"type-product","3":"status-publish","4":"has-post-thumbnail","6":"product_brand-healthy-human","7":"product_cat-postenhandel","8":"product_cat-wasserflaschen","9":"product_cat-wasserflaschen-und-trinkbecher","10":"pa_merk-healthy-human","11":"desktop-align-left","12":"tablet-align-left","13":"mobile-align-left","15":"first","16":"instock","17":"taxable","18":"shipping-taxable","19":"purchasable","20":"product-type-simple"},"acf":[],"yoast_head":"<!-- This site is optimized with the Yoast SEO plugin v27.5 - https:\/\/yoast.com\/product\/yoast-seo-wordpress\/ -->\n<title>Wasserflasche 21 Unzen - DHZ Outlet &amp; Partijhandel<\/title>\n<meta name=\"robots\" content=\"index, follow, max-snippet:-1, max-image-preview:large, max-video-preview:-1\" \/>\n<link rel=\"canonical\" href=\"https:\/\/partijhandeldhz.nl\/de\/produkt\/wasserflasche-21-unzen-13\/\" \/>\n<meta property=\"og:locale\" content=\"de_DE\" \/>\n<meta property=\"og:type\" content=\"article\" \/>\n<meta property=\"og:title\" content=\"Wasserflasche 21 Unzen - DHZ Outlet &amp; Partijhandel\" \/>\n<meta property=\"og:description\" content=\"Robuste gesunde Wasserflasche aus geb\u00fcrstetem Stahl mit doppelwandiger Isolierung und langanhaltender Temperaturspeicherung. Bitte beachten Sie: Dieses Produkt kann nur \u00fcber unseren Webshop bestellt werden.\" \/>\n<meta property=\"og:url\" content=\"https:\/\/partijhandeldhz.nl\/de\/produkt\/wasserflasche-21-unzen-13\/\" \/>\n<meta property=\"og:site_name\" content=\"DHZ Outlet &amp; Partijhandel\" \/>\n<meta property=\"article:publisher\" content=\"https:\/\/www.facebook.com\/people\/Partijhandel-DHZ\/61573487458594\/\" \/>\n<meta property=\"og:image\" content=\"https:\/\/partijhandeldhz.nl\/wp-content\/uploads\/2025\/12\/Afbeelding-1-8.jpg\" \/>\n\t<meta property=\"og:image:width\" content=\"1000\" \/>\n\t<meta property=\"og:image:height\" content=\"1000\" \/>\n\t<meta property=\"og:image:type\" content=\"image\/jpeg\" \/>\n<meta name=\"twitter:card\" content=\"summary_large_image\" \/>\n<meta name=\"twitter:label1\" content=\"Gesch\u00e4tzte Lesezeit\" \/>\n\t<meta name=\"twitter:data1\" content=\"1\u00a0Minute\" \/>\n<script type=\"application\/ld+json\" class=\"yoast-schema-graph\">{\"@context\":\"https:\\\/\\\/schema.org\",\"@graph\":[{\"@type\":\"WebPage\",\"@id\":\"https:\\\/\\\/partijhandeldhz.nl\\\/de\\\/produkt\\\/wasserflasche-21-unzen-13\\\/\",\"url\":\"https:\\\/\\\/partijhandeldhz.nl\\\/de\\\/produkt\\\/wasserflasche-21-unzen-13\\\/\",\"name\":\"Wasserflasche 21 Unzen - DHZ Outlet &amp; Partijhandel\",\"isPartOf\":{\"@id\":\"https:\\\/\\\/partijhandeldhz.nl\\\/de\\\/#website\"},\"primaryImageOfPage\":{\"@id\":\"https:\\\/\\\/partijhandeldhz.nl\\\/de\\\/produkt\\\/wasserflasche-21-unzen-13\\\/#primaryimage\"},\"image\":{\"@id\":\"https:\\\/\\\/partijhandeldhz.nl\\\/de\\\/produkt\\\/wasserflasche-21-unzen-13\\\/#primaryimage\"},\"thumbnailUrl\":\"https:\\\/\\\/partijhandeldhz.nl\\\/wp-content\\\/uploads\\\/2025\\\/12\\\/Afbeelding-1-8.jpg\",\"datePublished\":\"2025-12-02T11:34:09+00:00\",\"breadcrumb\":{\"@id\":\"https:\\\/\\\/partijhandeldhz.nl\\\/de\\\/produkt\\\/wasserflasche-21-unzen-13\\\/#breadcrumb\"},\"inLanguage\":\"de\",\"potentialAction\":[{\"@type\":\"ReadAction\",\"target\":[\"https:\\\/\\\/partijhandeldhz.nl\\\/de\\\/produkt\\\/wasserflasche-21-unzen-13\\\/\"]}]},{\"@type\":\"ImageObject\",\"inLanguage\":\"de\",\"@id\":\"https:\\\/\\\/partijhandeldhz.nl\\\/de\\\/produkt\\\/wasserflasche-21-unzen-13\\\/#primaryimage\",\"url\":\"https:\\\/\\\/partijhandeldhz.nl\\\/wp-content\\\/uploads\\\/2025\\\/12\\\/Afbeelding-1-8.jpg\",\"contentUrl\":\"https:\\\/\\\/partijhandeldhz.nl\\\/wp-content\\\/uploads\\\/2025\\\/12\\\/Afbeelding-1-8.jpg\",\"width\":1000,\"height\":1000},{\"@type\":\"BreadcrumbList\",\"@id\":\"https:\\\/\\\/partijhandeldhz.nl\\\/de\\\/produkt\\\/wasserflasche-21-unzen-13\\\/#breadcrumb\",\"itemListElement\":[{\"@type\":\"ListItem\",\"position\":1,\"name\":\"Home\",\"item\":\"https:\\\/\\\/partijhandeldhz.nl\\\/de\\\/\"},{\"@type\":\"ListItem\",\"position\":2,\"name\":\"Shop\",\"item\":\"https:\\\/\\\/partijhandeldhz.nl\\\/de\\\/shop\\\/\"},{\"@type\":\"ListItem\",\"position\":3,\"name\":\"Wasserflasche 21 Unzen\"}]},{\"@type\":\"WebSite\",\"@id\":\"https:\\\/\\\/partijhandeldhz.nl\\\/de\\\/#website\",\"url\":\"https:\\\/\\\/partijhandeldhz.nl\\\/de\\\/\",\"name\":\"DHZ Outlet & Partijhandel\",\"description\":\"Grote en kleine partijen, altijd de scherpste prijs!\",\"publisher\":{\"@id\":\"https:\\\/\\\/partijhandeldhz.nl\\\/de\\\/#organization\"},\"potentialAction\":[{\"@type\":\"SearchAction\",\"target\":{\"@type\":\"EntryPoint\",\"urlTemplate\":\"https:\\\/\\\/partijhandeldhz.nl\\\/de\\\/?s={search_term_string}\"},\"query-input\":{\"@type\":\"PropertyValueSpecification\",\"valueRequired\":true,\"valueName\":\"search_term_string\"}}],\"inLanguage\":\"de\"},{\"@type\":\"Organization\",\"@id\":\"https:\\\/\\\/partijhandeldhz.nl\\\/de\\\/#organization\",\"name\":\"DHZ Outlet & Partijhandel\",\"url\":\"https:\\\/\\\/partijhandeldhz.nl\\\/de\\\/\",\"logo\":{\"@type\":\"ImageObject\",\"inLanguage\":\"de\",\"@id\":\"https:\\\/\\\/partijhandeldhz.nl\\\/de\\\/#\\\/schema\\\/logo\\\/image\\\/\",\"url\":\"https:\\\/\\\/partijhandeldhz.nl\\\/wp-content\\\/uploads\\\/2025\\\/03\\\/1.png\",\"contentUrl\":\"https:\\\/\\\/partijhandeldhz.nl\\\/wp-content\\\/uploads\\\/2025\\\/03\\\/1.png\",\"width\":1000,\"height\":500,\"caption\":\"DHZ Outlet & Partijhandel\"},\"image\":{\"@id\":\"https:\\\/\\\/partijhandeldhz.nl\\\/de\\\/#\\\/schema\\\/logo\\\/image\\\/\"},\"sameAs\":[\"https:\\\/\\\/www.facebook.com\\\/people\\\/Partijhandel-DHZ\\\/61573487458594\\\/\",\"https:\\\/\\\/www.instagram.com\\\/partijhandeldhz\\\/\"]}]}<\/script>\n<!-- \/ Yoast SEO plugin. -->","yoast_head_json":{"title":"Wasserflasche 21 Unzen - DHZ Outlet &amp; Partijhandel","robots":{"index":"index","follow":"follow","max-snippet":"max-snippet:-1","max-image-preview":"max-image-preview:large","max-video-preview":"max-video-preview:-1"},"canonical":"https:\/\/partijhandeldhz.nl\/de\/produkt\/wasserflasche-21-unzen-13\/","og_locale":"de_DE","og_type":"article","og_title":"Wasserflasche 21 Unzen - DHZ Outlet &amp; Partijhandel","og_description":"Robuste gesunde Wasserflasche aus geb\u00fcrstetem Stahl mit doppelwandiger Isolierung und langanhaltender Temperaturspeicherung. Bitte beachten Sie: Dieses Produkt kann nur \u00fcber unseren Webshop bestellt werden.","og_url":"https:\/\/partijhandeldhz.nl\/de\/produkt\/wasserflasche-21-unzen-13\/","og_site_name":"DHZ Outlet &amp; Partijhandel","article_publisher":"https:\/\/www.facebook.com\/people\/Partijhandel-DHZ\/61573487458594\/","og_image":[{"width":1000,"height":1000,"url":"https:\/\/partijhandeldhz.nl\/wp-content\/uploads\/2025\/12\/Afbeelding-1-8.jpg","type":"image\/jpeg"}],"twitter_card":"summary_large_image","twitter_misc":{"Gesch\u00e4tzte Lesezeit":"1\u00a0Minute"},"schema":{"@context":"https:\/\/schema.org","@graph":[{"@type":"WebPage","@id":"https:\/\/partijhandeldhz.nl\/de\/produkt\/wasserflasche-21-unzen-13\/","url":"https:\/\/partijhandeldhz.nl\/de\/produkt\/wasserflasche-21-unzen-13\/","name":"Wasserflasche 21 Unzen - DHZ Outlet &amp; Partijhandel","isPartOf":{"@id":"https:\/\/partijhandeldhz.nl\/de\/#website"},"primaryImageOfPage":{"@id":"https:\/\/partijhandeldhz.nl\/de\/produkt\/wasserflasche-21-unzen-13\/#primaryimage"},"image":{"@id":"https:\/\/partijhandeldhz.nl\/de\/produkt\/wasserflasche-21-unzen-13\/#primaryimage"},"thumbnailUrl":"https:\/\/partijhandeldhz.nl\/wp-content\/uploads\/2025\/12\/Afbeelding-1-8.jpg","datePublished":"2025-12-02T11:34:09+00:00","breadcrumb":{"@id":"https:\/\/partijhandeldhz.nl\/de\/produkt\/wasserflasche-21-unzen-13\/#breadcrumb"},"inLanguage":"de","potentialAction":[{"@type":"ReadAction","target":["https:\/\/partijhandeldhz.nl\/de\/produkt\/wasserflasche-21-unzen-13\/"]}]},{"@type":"ImageObject","inLanguage":"de","@id":"https:\/\/partijhandeldhz.nl\/de\/produkt\/wasserflasche-21-unzen-13\/#primaryimage","url":"https:\/\/partijhandeldhz.nl\/wp-content\/uploads\/2025\/12\/Afbeelding-1-8.jpg","contentUrl":"https:\/\/partijhandeldhz.nl\/wp-content\/uploads\/2025\/12\/Afbeelding-1-8.jpg","width":1000,"height":1000},{"@type":"BreadcrumbList","@id":"https:\/\/partijhandeldhz.nl\/de\/produkt\/wasserflasche-21-unzen-13\/#breadcrumb","itemListElement":[{"@type":"ListItem","position":1,"name":"Home","item":"https:\/\/partijhandeldhz.nl\/de\/"},{"@type":"ListItem","position":2,"name":"Shop","item":"https:\/\/partijhandeldhz.nl\/de\/shop\/"},{"@type":"ListItem","position":3,"name":"Wasserflasche 21 Unzen"}]},{"@type":"WebSite","@id":"https:\/\/partijhandeldhz.nl\/de\/#website","url":"https:\/\/partijhandeldhz.nl\/de\/","name":"DHZ Outlet & Partijhandel","description":"Grote en kleine partijen, altijd de scherpste prijs!","publisher":{"@id":"https:\/\/partijhandeldhz.nl\/de\/#organization"},"potentialAction":[{"@type":"SearchAction","target":{"@type":"EntryPoint","urlTemplate":"https:\/\/partijhandeldhz.nl\/de\/?s={search_term_string}"},"query-input":{"@type":"PropertyValueSpecification","valueRequired":true,"valueName":"search_term_string"}}],"inLanguage":"de"},{"@type":"Organization","@id":"https:\/\/partijhandeldhz.nl\/de\/#organization","name":"DHZ Outlet & Partijhandel","url":"https:\/\/partijhandeldhz.nl\/de\/","logo":{"@type":"ImageObject","inLanguage":"de","@id":"https:\/\/partijhandeldhz.nl\/de\/#\/schema\/logo\/image\/","url":"https:\/\/partijhandeldhz.nl\/wp-content\/uploads\/2025\/03\/1.png","contentUrl":"https:\/\/partijhandeldhz.nl\/wp-content\/uploads\/2025\/03\/1.png","width":1000,"height":500,"caption":"DHZ Outlet & Partijhandel"},"image":{"@id":"https:\/\/partijhandeldhz.nl\/de\/#\/schema\/logo\/image\/"},"sameAs":["https:\/\/www.facebook.com\/people\/Partijhandel-DHZ\/61573487458594\/","https:\/\/www.instagram.com\/partijhandeldhz\/"]}]}},"jetpack_sharing_enabled":true,"_links":{"self":[{"href":"https:\/\/partijhandeldhz.nl\/de\/wp-json\/wp\/v2\/product\/14669","targetHints":{"allow":["GET"]}}],"collection":[{"href":"https:\/\/partijhandeldhz.nl\/de\/wp-json\/wp\/v2\/product"}],"about":[{"href":"https:\/\/partijhandeldhz.nl\/de\/wp-json\/wp\/v2\/types\/product"}],"version-history":[{"count":0,"href":"https:\/\/partijhandeldhz.nl\/de\/wp-json\/wp\/v2\/product\/14669\/revisions"}],"wp:featuredmedia":[{"embeddable":true,"href":"https:\/\/partijhandeldhz.nl\/de\/wp-json\/wp\/v2\/media\/12543"}],"wp:attachment":[{"href":"https:\/\/partijhandeldhz.nl\/de\/wp-json\/wp\/v2\/media?parent=14669"}],"wp:term":[{"taxonomy":"product_brand","embeddable":true,"href":"https:\/\/partijhandeldhz.nl\/de\/wp-json\/wp\/v2\/product_brand?post=14669"},{"taxonomy":"product_cat","embeddable":true,"href":"https:\/\/partijhandeldhz.nl\/de\/wp-json\/wp\/v2\/product_cat?post=14669"},{"taxonomy":"product_tag","embeddable":true,"href":"https:\/\/partijhandeldhz.nl\/de\/wp-json\/wp\/v2\/product_tag?post=14669"}],"curies":[{"name":"wp","href":"https:\/\/api.w.org\/{rel}","templated":true}]}}