{"id":14654,"date":"2025-12-02T11:06:53","date_gmt":"2025-12-02T11:06:53","guid":{"rendered":"https:\/\/partijhandeldhz.nl\/product\/wasserflasche-21-unzen-7\/"},"modified":"2025-12-02T11:06:53","modified_gmt":"2025-12-02T11:06:53","slug":"wasserflasche-21-unzen-7","status":"publish","type":"product","link":"https:\/\/partijhandeldhz.nl\/de\/produkt\/wasserflasche-21-unzen-7\/","title":{"rendered":"Wasserflasche 21 Unzen"},"content":{"rendered":"<p data-start=\"144\" data-end=\"518\">Die Healthy Human Water Bottle in der Farbe Slate Gray ist eine perfekte Kombination aus modernem Design, hochwertigen Materialien und au\u00dfergew\u00f6hnlicher Leistung. Diese Wasserflasche aus Edelstahl ist zu 100 % BPA-frei und bekannt f\u00fcr ihre unvergleichlichen D\u00e4mmwerte. Es ist nicht umsonst, dass Healthy Human von CNN Underscored mehrere Jahre in Folge als beste Wasserflasche ausgezeichnet wurde.  <\/p>\n<p data-start=\"520\" data-end=\"920\">Dank der fortschrittlichen TempMax-Kupferbeschichtung und der doppelwandigen Vakuumd\u00e4mmung bleibt Ihr Getr\u00e4nk bis zu 24 Stunden eiskalt, 12 Stunden hei\u00df und 6 Stunden hei\u00df. Das macht die Flasche ideal f\u00fcr den t\u00e4glichen Gebrauch, sei es beim Sport, bei der Arbeit, unterwegs, bei Wanderungen oder bei Outdoor-Aktivit\u00e4ten. Die breite \u00d6ffnung sorgt daf\u00fcr, dass Sie Eisw\u00fcrfel einfach hinzuf\u00fcgen und bequem trinken k\u00f6nnen.  <\/p>\n<p data-start=\"922\" data-end=\"1251\">Healthy Human ist au\u00dferdem eine zertifizierte B-Corp, was bedeutet, dass die Marke strenge Standards f\u00fcr Nachhaltigkeit und soziale Verantwortung erf\u00fcllt. F\u00fcr jede verkaufte Flasche entfernt Healthy Human 1 Pfund Ozeanplastik \u2013 das entspricht etwa 50 Plastikflaschen. Dadurch tr\u00e4gt man direkt zu einem saubereren Planeten bei.  <\/p>\n<p data-start=\"1253\" data-end=\"1519\">Die zeitlose Farbe Slate Gray verleiht der Flasche einen robusten, minimalistischen Look, der perfekt in ein aktives und berufsbezogenes Leben passt. Die Flasche wird mit praktischem Zubeh\u00f6r geliefert, darunter ein Karabiner, ein Edelstahlverschluss, ein Aufkleber und ein Hydro-Guide. <\/p>\n<h2 data-start=\"1746\" data-end=\"1776\"><strong data-start=\"1749\" data-end=\"1776\">Schl\u00fcsselmerkmale<\/strong><\/h2>\n<ul>\n<li data-start=\"1780\" data-end=\"1834\">Hochwertige Edelstahlwasserflasche, BPA-frei<\/li>\n<li data-start=\"1837\" data-end=\"1888\">Farbe: Schiefergrau \u2014 schlank, modern und stilvoll<\/li>\n<li data-start=\"1891\" data-end=\"1913\">TempMax-Technologie:<\/li>\n<li data-start=\"1918\" data-end=\"1935\">24 Stunden kalt<\/li>\n<li data-start=\"1940\" data-end=\"1957\">12 Stunden hei\u00df<\/li>\n<li data-start=\"1962\" data-end=\"1978\">6 Stunden lang hei\u00df<\/li>\n<li data-start=\"1981\" data-end=\"2011\">Doppelwandige Vakuumd\u00e4mmung<\/li>\n<li data-start=\"2014\" data-end=\"2055\">Breite \u00d6ffnung, geeignet f\u00fcr Eisw\u00fcrfel<\/li>\n<li data-start=\"2058\" data-end=\"2128\">Umweltbeitrag: 1 Pfund Ozeanplastik entfernt pro verkaufter Flasche<\/li>\n<li data-start=\"2131\" data-end=\"2197\">Enth\u00e4lt Karabiner, Edelstahl-Kappe, Aufkleber und Hydro-Guide<\/li>\n<li data-start=\"2200\" data-end=\"2230\">Inhalt: 21 oz (\u00b1 621 ml)<\/li>\n<li data-start=\"2233\" data-end=\"2273\">Ma\u00dfe: 10&#8243; H\u00f6he \u00d7 2,75&#8243; Breite<\/li>\n<li data-start=\"2276\" data-end=\"2301\">Gewicht: \u00b1 372 Gramm<\/li>\n<li data-start=\"2304\" data-end=\"2328\">Leckdichtes Schraubensystem<\/li>\n<li data-start=\"2331\" data-end=\"2378\">Nur Handw\u00e4sche \u2013 nicht sp\u00fclmaschinentauglich<\/li>\n<li data-start=\"2381\" data-end=\"2402\">EAN: 754970595027<\/li>\n<\/ul>\n","protected":false},"excerpt":{"rendered":"<p>Moderne gesunde menschliche Wasserflasche in Schiefergrau mit doppelwandiger Isolierung und beeindruckender Temperaturspeicherung.<br \/>\n<br data-start=\"1670\" data-end=\"1673\"><strong data-start=\"1673\" data-end=\"1739\"><em data-start=\"1675\" data-end=\"1737\">Bitte beachten Sie: Dieses Produkt kann nur \u00fcber unseren Webshop bestellt werden.<\/em><\/strong><\/p>\n","protected":false},"featured_media":12485,"template":"","meta":{"_acf_changed":false,"site-sidebar-layout":"default","site-content-layout":"","ast-site-content-layout":"default","site-content-style":"default","site-sidebar-style":"default","ast-global-header-display":"","ast-banner-title-visibility":"","ast-main-header-display":"","ast-hfb-above-header-display":"","ast-hfb-below-header-display":"","ast-hfb-mobile-header-display":"","site-post-title":"","ast-breadcrumbs-content":"","ast-featured-img":"","footer-sml-layout":"","ast-disable-related-posts":"","theme-transparent-header-meta":"default","adv-header-id-meta":"","stick-header-meta":"","header-above-stick-meta":"","header-main-stick-meta":"","header-below-stick-meta":"","astra-migrate-meta-layouts":"default","ast-page-background-enabled":"default","ast-page-background-meta":{"desktop":{"background-color":"","background-image":"","background-repeat":"repeat","background-position":"center center","background-size":"auto","background-attachment":"scroll","background-type":"","background-media":"","overlay-type":"","overlay-color":"","overlay-opacity":"","overlay-gradient":""},"tablet":{"background-color":"","background-image":"","background-repeat":"repeat","background-position":"center center","background-size":"auto","background-attachment":"scroll","background-type":"","background-media":"","overlay-type":"","overlay-color":"","overlay-opacity":"","overlay-gradient":""},"mobile":{"background-color":"","background-image":"","background-repeat":"repeat","background-position":"center center","background-size":"auto","background-attachment":"scroll","background-type":"","background-media":"","overlay-type":"","overlay-color":"","overlay-opacity":"","overlay-gradient":""}},"ast-content-background-meta":{"desktop":{"background-color":"var(--ast-global-color-5)","background-image":"","background-repeat":"repeat","background-position":"center center","background-size":"auto","background-attachment":"scroll","background-type":"","background-media":"","overlay-type":"","overlay-color":"","overlay-opacity":"","overlay-gradient":""},"tablet":{"background-color":"var(--ast-global-color-5)","background-image":"","background-repeat":"repeat","background-position":"center center","background-size":"auto","background-attachment":"scroll","background-type":"","background-media":"","overlay-type":"","overlay-color":"","overlay-opacity":"","overlay-gradient":""},"mobile":{"background-color":"var(--ast-global-color-5)","background-image":"","background-repeat":"repeat","background-position":"center center","background-size":"auto","background-attachment":"scroll","background-type":"","background-media":"","overlay-type":"","overlay-color":"","overlay-opacity":"","overlay-gradient":""}}},"product_brand":[593],"product_cat":[599,615,614],"product_tag":[],"class_list":{"0":"post-14654","1":"product","2":"type-product","3":"status-publish","4":"has-post-thumbnail","6":"product_brand-healthy-human","7":"product_cat-postenhandel","8":"product_cat-wasserflaschen","9":"product_cat-wasserflaschen-und-trinkbecher","10":"pa_merk-healthy-human","11":"desktop-align-left","12":"tablet-align-left","13":"mobile-align-left","15":"first","16":"instock","17":"taxable","18":"shipping-taxable","19":"purchasable","20":"product-type-simple"},"acf":[],"yoast_head":"<!-- This site is optimized with the Yoast SEO plugin v27.5 - https:\/\/yoast.com\/product\/yoast-seo-wordpress\/ -->\n<title>Wasserflasche 21 Unzen - DHZ Outlet &amp; Partijhandel<\/title>\n<meta name=\"robots\" content=\"index, follow, max-snippet:-1, max-image-preview:large, max-video-preview:-1\" \/>\n<link rel=\"canonical\" href=\"https:\/\/partijhandeldhz.nl\/de\/produkt\/wasserflasche-21-unzen-7\/\" \/>\n<meta property=\"og:locale\" content=\"de_DE\" \/>\n<meta property=\"og:type\" content=\"article\" \/>\n<meta property=\"og:title\" content=\"Wasserflasche 21 Unzen - DHZ Outlet &amp; Partijhandel\" \/>\n<meta property=\"og:description\" content=\"Moderne gesunde menschliche Wasserflasche in Schiefergrau mit doppelwandiger Isolierung und beeindruckender Temperaturspeicherung. Bitte beachten Sie: Dieses Produkt kann nur \u00fcber unseren Webshop bestellt werden.\" \/>\n<meta property=\"og:url\" content=\"https:\/\/partijhandeldhz.nl\/de\/produkt\/wasserflasche-21-unzen-7\/\" \/>\n<meta property=\"og:site_name\" content=\"DHZ Outlet &amp; Partijhandel\" \/>\n<meta property=\"article:publisher\" content=\"https:\/\/www.facebook.com\/people\/Partijhandel-DHZ\/61573487458594\/\" \/>\n<meta property=\"og:image\" content=\"https:\/\/partijhandeldhz.nl\/wp-content\/uploads\/2025\/12\/Afbeelding-1-5.jpg\" \/>\n\t<meta property=\"og:image:width\" content=\"1000\" \/>\n\t<meta property=\"og:image:height\" content=\"1000\" \/>\n\t<meta property=\"og:image:type\" content=\"image\/jpeg\" \/>\n<meta name=\"twitter:card\" content=\"summary_large_image\" \/>\n<meta name=\"twitter:label1\" content=\"Gesch\u00e4tzte Lesezeit\" \/>\n\t<meta name=\"twitter:data1\" content=\"1\u00a0Minute\" \/>\n<script type=\"application\/ld+json\" class=\"yoast-schema-graph\">{\"@context\":\"https:\\\/\\\/schema.org\",\"@graph\":[{\"@type\":\"WebPage\",\"@id\":\"https:\\\/\\\/partijhandeldhz.nl\\\/de\\\/produkt\\\/wasserflasche-21-unzen-7\\\/\",\"url\":\"https:\\\/\\\/partijhandeldhz.nl\\\/de\\\/produkt\\\/wasserflasche-21-unzen-7\\\/\",\"name\":\"Wasserflasche 21 Unzen - DHZ Outlet &amp; Partijhandel\",\"isPartOf\":{\"@id\":\"https:\\\/\\\/partijhandeldhz.nl\\\/de\\\/#website\"},\"primaryImageOfPage\":{\"@id\":\"https:\\\/\\\/partijhandeldhz.nl\\\/de\\\/produkt\\\/wasserflasche-21-unzen-7\\\/#primaryimage\"},\"image\":{\"@id\":\"https:\\\/\\\/partijhandeldhz.nl\\\/de\\\/produkt\\\/wasserflasche-21-unzen-7\\\/#primaryimage\"},\"thumbnailUrl\":\"https:\\\/\\\/partijhandeldhz.nl\\\/wp-content\\\/uploads\\\/2025\\\/12\\\/Afbeelding-1-5.jpg\",\"datePublished\":\"2025-12-02T11:06:53+00:00\",\"breadcrumb\":{\"@id\":\"https:\\\/\\\/partijhandeldhz.nl\\\/de\\\/produkt\\\/wasserflasche-21-unzen-7\\\/#breadcrumb\"},\"inLanguage\":\"de\",\"potentialAction\":[{\"@type\":\"ReadAction\",\"target\":[\"https:\\\/\\\/partijhandeldhz.nl\\\/de\\\/produkt\\\/wasserflasche-21-unzen-7\\\/\"]}]},{\"@type\":\"ImageObject\",\"inLanguage\":\"de\",\"@id\":\"https:\\\/\\\/partijhandeldhz.nl\\\/de\\\/produkt\\\/wasserflasche-21-unzen-7\\\/#primaryimage\",\"url\":\"https:\\\/\\\/partijhandeldhz.nl\\\/wp-content\\\/uploads\\\/2025\\\/12\\\/Afbeelding-1-5.jpg\",\"contentUrl\":\"https:\\\/\\\/partijhandeldhz.nl\\\/wp-content\\\/uploads\\\/2025\\\/12\\\/Afbeelding-1-5.jpg\",\"width\":1000,\"height\":1000},{\"@type\":\"BreadcrumbList\",\"@id\":\"https:\\\/\\\/partijhandeldhz.nl\\\/de\\\/produkt\\\/wasserflasche-21-unzen-7\\\/#breadcrumb\",\"itemListElement\":[{\"@type\":\"ListItem\",\"position\":1,\"name\":\"Home\",\"item\":\"https:\\\/\\\/partijhandeldhz.nl\\\/de\\\/\"},{\"@type\":\"ListItem\",\"position\":2,\"name\":\"Shop\",\"item\":\"https:\\\/\\\/partijhandeldhz.nl\\\/de\\\/shop\\\/\"},{\"@type\":\"ListItem\",\"position\":3,\"name\":\"Wasserflasche 21 Unzen\"}]},{\"@type\":\"WebSite\",\"@id\":\"https:\\\/\\\/partijhandeldhz.nl\\\/de\\\/#website\",\"url\":\"https:\\\/\\\/partijhandeldhz.nl\\\/de\\\/\",\"name\":\"DHZ Outlet & Partijhandel\",\"description\":\"Grote en kleine partijen, altijd de scherpste prijs!\",\"publisher\":{\"@id\":\"https:\\\/\\\/partijhandeldhz.nl\\\/de\\\/#organization\"},\"potentialAction\":[{\"@type\":\"SearchAction\",\"target\":{\"@type\":\"EntryPoint\",\"urlTemplate\":\"https:\\\/\\\/partijhandeldhz.nl\\\/de\\\/?s={search_term_string}\"},\"query-input\":{\"@type\":\"PropertyValueSpecification\",\"valueRequired\":true,\"valueName\":\"search_term_string\"}}],\"inLanguage\":\"de\"},{\"@type\":\"Organization\",\"@id\":\"https:\\\/\\\/partijhandeldhz.nl\\\/de\\\/#organization\",\"name\":\"DHZ Outlet & Partijhandel\",\"url\":\"https:\\\/\\\/partijhandeldhz.nl\\\/de\\\/\",\"logo\":{\"@type\":\"ImageObject\",\"inLanguage\":\"de\",\"@id\":\"https:\\\/\\\/partijhandeldhz.nl\\\/de\\\/#\\\/schema\\\/logo\\\/image\\\/\",\"url\":\"https:\\\/\\\/partijhandeldhz.nl\\\/wp-content\\\/uploads\\\/2025\\\/03\\\/1.png\",\"contentUrl\":\"https:\\\/\\\/partijhandeldhz.nl\\\/wp-content\\\/uploads\\\/2025\\\/03\\\/1.png\",\"width\":1000,\"height\":500,\"caption\":\"DHZ Outlet & Partijhandel\"},\"image\":{\"@id\":\"https:\\\/\\\/partijhandeldhz.nl\\\/de\\\/#\\\/schema\\\/logo\\\/image\\\/\"},\"sameAs\":[\"https:\\\/\\\/www.facebook.com\\\/people\\\/Partijhandel-DHZ\\\/61573487458594\\\/\",\"https:\\\/\\\/www.instagram.com\\\/partijhandeldhz\\\/\"]}]}<\/script>\n<!-- \/ Yoast SEO plugin. -->","yoast_head_json":{"title":"Wasserflasche 21 Unzen - DHZ Outlet &amp; Partijhandel","robots":{"index":"index","follow":"follow","max-snippet":"max-snippet:-1","max-image-preview":"max-image-preview:large","max-video-preview":"max-video-preview:-1"},"canonical":"https:\/\/partijhandeldhz.nl\/de\/produkt\/wasserflasche-21-unzen-7\/","og_locale":"de_DE","og_type":"article","og_title":"Wasserflasche 21 Unzen - DHZ Outlet &amp; Partijhandel","og_description":"Moderne gesunde menschliche Wasserflasche in Schiefergrau mit doppelwandiger Isolierung und beeindruckender Temperaturspeicherung. Bitte beachten Sie: Dieses Produkt kann nur \u00fcber unseren Webshop bestellt werden.","og_url":"https:\/\/partijhandeldhz.nl\/de\/produkt\/wasserflasche-21-unzen-7\/","og_site_name":"DHZ Outlet &amp; Partijhandel","article_publisher":"https:\/\/www.facebook.com\/people\/Partijhandel-DHZ\/61573487458594\/","og_image":[{"width":1000,"height":1000,"url":"https:\/\/partijhandeldhz.nl\/wp-content\/uploads\/2025\/12\/Afbeelding-1-5.jpg","type":"image\/jpeg"}],"twitter_card":"summary_large_image","twitter_misc":{"Gesch\u00e4tzte Lesezeit":"1\u00a0Minute"},"schema":{"@context":"https:\/\/schema.org","@graph":[{"@type":"WebPage","@id":"https:\/\/partijhandeldhz.nl\/de\/produkt\/wasserflasche-21-unzen-7\/","url":"https:\/\/partijhandeldhz.nl\/de\/produkt\/wasserflasche-21-unzen-7\/","name":"Wasserflasche 21 Unzen - DHZ Outlet &amp; Partijhandel","isPartOf":{"@id":"https:\/\/partijhandeldhz.nl\/de\/#website"},"primaryImageOfPage":{"@id":"https:\/\/partijhandeldhz.nl\/de\/produkt\/wasserflasche-21-unzen-7\/#primaryimage"},"image":{"@id":"https:\/\/partijhandeldhz.nl\/de\/produkt\/wasserflasche-21-unzen-7\/#primaryimage"},"thumbnailUrl":"https:\/\/partijhandeldhz.nl\/wp-content\/uploads\/2025\/12\/Afbeelding-1-5.jpg","datePublished":"2025-12-02T11:06:53+00:00","breadcrumb":{"@id":"https:\/\/partijhandeldhz.nl\/de\/produkt\/wasserflasche-21-unzen-7\/#breadcrumb"},"inLanguage":"de","potentialAction":[{"@type":"ReadAction","target":["https:\/\/partijhandeldhz.nl\/de\/produkt\/wasserflasche-21-unzen-7\/"]}]},{"@type":"ImageObject","inLanguage":"de","@id":"https:\/\/partijhandeldhz.nl\/de\/produkt\/wasserflasche-21-unzen-7\/#primaryimage","url":"https:\/\/partijhandeldhz.nl\/wp-content\/uploads\/2025\/12\/Afbeelding-1-5.jpg","contentUrl":"https:\/\/partijhandeldhz.nl\/wp-content\/uploads\/2025\/12\/Afbeelding-1-5.jpg","width":1000,"height":1000},{"@type":"BreadcrumbList","@id":"https:\/\/partijhandeldhz.nl\/de\/produkt\/wasserflasche-21-unzen-7\/#breadcrumb","itemListElement":[{"@type":"ListItem","position":1,"name":"Home","item":"https:\/\/partijhandeldhz.nl\/de\/"},{"@type":"ListItem","position":2,"name":"Shop","item":"https:\/\/partijhandeldhz.nl\/de\/shop\/"},{"@type":"ListItem","position":3,"name":"Wasserflasche 21 Unzen"}]},{"@type":"WebSite","@id":"https:\/\/partijhandeldhz.nl\/de\/#website","url":"https:\/\/partijhandeldhz.nl\/de\/","name":"DHZ Outlet & Partijhandel","description":"Grote en kleine partijen, altijd de scherpste prijs!","publisher":{"@id":"https:\/\/partijhandeldhz.nl\/de\/#organization"},"potentialAction":[{"@type":"SearchAction","target":{"@type":"EntryPoint","urlTemplate":"https:\/\/partijhandeldhz.nl\/de\/?s={search_term_string}"},"query-input":{"@type":"PropertyValueSpecification","valueRequired":true,"valueName":"search_term_string"}}],"inLanguage":"de"},{"@type":"Organization","@id":"https:\/\/partijhandeldhz.nl\/de\/#organization","name":"DHZ Outlet & Partijhandel","url":"https:\/\/partijhandeldhz.nl\/de\/","logo":{"@type":"ImageObject","inLanguage":"de","@id":"https:\/\/partijhandeldhz.nl\/de\/#\/schema\/logo\/image\/","url":"https:\/\/partijhandeldhz.nl\/wp-content\/uploads\/2025\/03\/1.png","contentUrl":"https:\/\/partijhandeldhz.nl\/wp-content\/uploads\/2025\/03\/1.png","width":1000,"height":500,"caption":"DHZ Outlet & Partijhandel"},"image":{"@id":"https:\/\/partijhandeldhz.nl\/de\/#\/schema\/logo\/image\/"},"sameAs":["https:\/\/www.facebook.com\/people\/Partijhandel-DHZ\/61573487458594\/","https:\/\/www.instagram.com\/partijhandeldhz\/"]}]}},"jetpack_sharing_enabled":true,"_links":{"self":[{"href":"https:\/\/partijhandeldhz.nl\/de\/wp-json\/wp\/v2\/product\/14654","targetHints":{"allow":["GET"]}}],"collection":[{"href":"https:\/\/partijhandeldhz.nl\/de\/wp-json\/wp\/v2\/product"}],"about":[{"href":"https:\/\/partijhandeldhz.nl\/de\/wp-json\/wp\/v2\/types\/product"}],"version-history":[{"count":0,"href":"https:\/\/partijhandeldhz.nl\/de\/wp-json\/wp\/v2\/product\/14654\/revisions"}],"wp:featuredmedia":[{"embeddable":true,"href":"https:\/\/partijhandeldhz.nl\/de\/wp-json\/wp\/v2\/media\/12485"}],"wp:attachment":[{"href":"https:\/\/partijhandeldhz.nl\/de\/wp-json\/wp\/v2\/media?parent=14654"}],"wp:term":[{"taxonomy":"product_brand","embeddable":true,"href":"https:\/\/partijhandeldhz.nl\/de\/wp-json\/wp\/v2\/product_brand?post=14654"},{"taxonomy":"product_cat","embeddable":true,"href":"https:\/\/partijhandeldhz.nl\/de\/wp-json\/wp\/v2\/product_cat?post=14654"},{"taxonomy":"product_tag","embeddable":true,"href":"https:\/\/partijhandeldhz.nl\/de\/wp-json\/wp\/v2\/product_tag?post=14654"}],"curies":[{"name":"wp","href":"https:\/\/api.w.org\/{rel}","templated":true}]}}