{"id":14648,"date":"2025-12-02T10:31:33","date_gmt":"2025-12-02T10:31:33","guid":{"rendered":"https:\/\/partijhandeldhz.nl\/product\/wasserflasche-21-unzen-4\/"},"modified":"2025-12-02T10:31:33","modified_gmt":"2025-12-02T10:31:33","slug":"wasserflasche-21-unzen-4","status":"publish","type":"product","link":"https:\/\/partijhandeldhz.nl\/de\/produkt\/wasserflasche-21-unzen-4\/","title":{"rendered":"Wasserflasche 21 Unzen"},"content":{"rendered":"<p data-start=\"137\" data-end=\"573\">Die Healthy Human Water Bottle in der Farbe Pure Black verbindet Premium-Qualit\u00e4t mit einem robusten, zeitlosen Look. Diese Edelstahlflasche, 100 % BPA-freie Wasserflasche geh\u00f6rt zur absoluten Spitzenklasse und wurde von CNN Underscored seit mehreren Jahren nicht mehr als beste Wasserflasche ausgezeichnet. Der hochwertige Edelstahl in Kombination mit der fortschrittlichen Isoliertechnologie sorgt f\u00fcr maximale Leistung, egal wo Sie sich befinden.  <\/p>\n<p data-start=\"575\" data-end=\"925\">Dank der TempMax-Kupferbeschichtung und der doppelwandigen Vakuumd\u00e4mmung bleibt Ihr Getr\u00e4nk bis zu 24 Stunden eiskalt kalt, 12 Stunden hei\u00df und sogar 6 Stunden hei\u00df. Ideal f\u00fcr Sportler, Reisende, B\u00fcronutzung oder Outdoor-Aktivit\u00e4ten wie Wandern und Camping. Die breite \u00d6ffnung erleichtert das Hinzuf\u00fcgen von Eisw\u00fcrfeln und sorgt f\u00fcr angenehmes Trinken.  <\/p>\n<p data-start=\"927\" data-end=\"1328\">Healthy Human ist au\u00dferdem eine zertifizierte B-Corp, die aktiv zu einer besseren Welt beitr\u00e4gt. F\u00fcr jede verkaufte Flasche werden beeindruckende 1 Pfund Ozeanplastik entfernt \u2013 etwa 50 Plastikflaschen \u2013 und die Marke hat bereits mehr als 2,5 Millionen Flaschen aus den Ozeanen entfernt. Die Flasche wird mit praktischen Zubeh\u00f6rteilen wie Karabiner, einem stahlgef\u00fctterten Deckel, einem Aufkleber und einem Hydro-Guide geliefert.  <\/p>\n<p data-start=\"1330\" data-end=\"1490\">Mit ihrem schlanken, mattschwarzen Finish ist die Pure Black-Version eine stilvolle Wahl f\u00fcr alle, die Funktionalit\u00e4t, Langlebigkeit und Design verbinden m\u00f6chten.<\/p>\n<h2 data-start=\"1720\" data-end=\"1750\"><strong data-start=\"1723\" data-end=\"1750\">Schl\u00fcsselmerkmale<\/strong><\/h2>\n<ul>\n<li data-start=\"1754\" data-end=\"1796\">Edelstahl, BPA-freie Wasserflasche<\/li>\n<li data-start=\"1799\" data-end=\"1850\">Pure Black-Version \u2013 tough, zeitlos und modern<\/li>\n<li data-start=\"1853\" data-end=\"1924\">TempMax-Technologie: 24 Stunden kalt, 12 Stunden hei\u00df, 6 Stunden hei\u00df<\/li>\n<li data-start=\"1927\" data-end=\"1957\">Doppelwandige Vakuumd\u00e4mmung<\/li>\n<li data-start=\"1960\" data-end=\"1989\">Hergestellt aus hochwertigem Edelstahl<\/li>\n<li data-start=\"1992\" data-end=\"2054\">Hilft, Ozeanplastik zu reduzieren: 1 Pfund pro verkaufter Flasche<\/li>\n<li data-start=\"2057\" data-end=\"2111\">Ideal f\u00fcr Arbeit, Sport, Wandern, Reisen und Outdoor-Aktivit\u00e4ten<\/li>\n<li data-start=\"2114\" data-end=\"2145\">Weite \u00d6ffnung f\u00fcr Eisw\u00fcrfel<\/li>\n<li data-start=\"2148\" data-end=\"2214\">Enth\u00e4lt Karabiner, Edelstahl-Kappe, Aufkleber und Hydro-Guide<\/li>\n<li data-start=\"2217\" data-end=\"2247\">Inhalt: 21 oz (\u00b1 621 ml)<\/li>\n<li data-start=\"2250\" data-end=\"2290\">Ma\u00dfe: 10&#8243; H\u00f6he \u00d7 2,75&#8243; Breite<\/li>\n<li data-start=\"2293\" data-end=\"2318\">Gewicht: \u00b1 372 Gramm<\/li>\n<li data-start=\"2321\" data-end=\"2364\">Nur Handw\u00e4sche \u2013 nicht sp\u00fclmaschinentauglich<\/li>\n<li data-start=\"2367\" data-end=\"2390\">Leckdichter Schraubendeckel<\/li>\n<li data-start=\"2393\" data-end=\"2414\">EAN: 700425907150<\/li>\n<\/ul>\n","protected":false},"excerpt":{"rendered":"<p>Stylish Healthy Human Water Bottle in Pure Black mit doppelwandiger Isolierung und au\u00dfergew\u00f6hnlicher Temperaturspeicherung.<br \/>\n<br data-start=\"1644\" data-end=\"1647\"><strong data-start=\"1647\" data-end=\"1713\"><em data-start=\"1649\" data-end=\"1711\">Bitte beachten Sie: Dieses Produkt kann nur \u00fcber unseren Webshop bestellt werden.<\/em><\/strong><\/p>\n","protected":false},"featured_media":12460,"template":"","meta":{"_acf_changed":false,"site-sidebar-layout":"default","site-content-layout":"","ast-site-content-layout":"default","site-content-style":"default","site-sidebar-style":"default","ast-global-header-display":"","ast-banner-title-visibility":"","ast-main-header-display":"","ast-hfb-above-header-display":"","ast-hfb-below-header-display":"","ast-hfb-mobile-header-display":"","site-post-title":"","ast-breadcrumbs-content":"","ast-featured-img":"","footer-sml-layout":"","ast-disable-related-posts":"","theme-transparent-header-meta":"default","adv-header-id-meta":"","stick-header-meta":"","header-above-stick-meta":"","header-main-stick-meta":"","header-below-stick-meta":"","astra-migrate-meta-layouts":"default","ast-page-background-enabled":"default","ast-page-background-meta":{"desktop":{"background-color":"","background-image":"","background-repeat":"repeat","background-position":"center center","background-size":"auto","background-attachment":"scroll","background-type":"","background-media":"","overlay-type":"","overlay-color":"","overlay-opacity":"","overlay-gradient":""},"tablet":{"background-color":"","background-image":"","background-repeat":"repeat","background-position":"center center","background-size":"auto","background-attachment":"scroll","background-type":"","background-media":"","overlay-type":"","overlay-color":"","overlay-opacity":"","overlay-gradient":""},"mobile":{"background-color":"","background-image":"","background-repeat":"repeat","background-position":"center center","background-size":"auto","background-attachment":"scroll","background-type":"","background-media":"","overlay-type":"","overlay-color":"","overlay-opacity":"","overlay-gradient":""}},"ast-content-background-meta":{"desktop":{"background-color":"var(--ast-global-color-5)","background-image":"","background-repeat":"repeat","background-position":"center center","background-size":"auto","background-attachment":"scroll","background-type":"","background-media":"","overlay-type":"","overlay-color":"","overlay-opacity":"","overlay-gradient":""},"tablet":{"background-color":"var(--ast-global-color-5)","background-image":"","background-repeat":"repeat","background-position":"center center","background-size":"auto","background-attachment":"scroll","background-type":"","background-media":"","overlay-type":"","overlay-color":"","overlay-opacity":"","overlay-gradient":""},"mobile":{"background-color":"var(--ast-global-color-5)","background-image":"","background-repeat":"repeat","background-position":"center center","background-size":"auto","background-attachment":"scroll","background-type":"","background-media":"","overlay-type":"","overlay-color":"","overlay-opacity":"","overlay-gradient":""}}},"product_brand":[593],"product_cat":[599,615,614],"product_tag":[],"class_list":{"0":"post-14648","1":"product","2":"type-product","3":"status-publish","4":"has-post-thumbnail","6":"product_brand-healthy-human","7":"product_cat-postenhandel","8":"product_cat-wasserflaschen","9":"product_cat-wasserflaschen-und-trinkbecher","10":"pa_merk-healthy-human","11":"desktop-align-left","12":"tablet-align-left","13":"mobile-align-left","15":"first","16":"instock","17":"taxable","18":"shipping-taxable","19":"purchasable","20":"product-type-simple"},"acf":[],"yoast_head":"<!-- This site is optimized with the Yoast SEO plugin v27.5 - https:\/\/yoast.com\/product\/yoast-seo-wordpress\/ -->\n<title>Wasserflasche 21 Unzen - DHZ Outlet &amp; Partijhandel<\/title>\n<meta name=\"robots\" content=\"index, follow, max-snippet:-1, max-image-preview:large, max-video-preview:-1\" \/>\n<link rel=\"canonical\" href=\"https:\/\/partijhandeldhz.nl\/de\/produkt\/wasserflasche-21-unzen-4\/\" \/>\n<meta property=\"og:locale\" content=\"de_DE\" \/>\n<meta property=\"og:type\" content=\"article\" \/>\n<meta property=\"og:title\" content=\"Wasserflasche 21 Unzen - DHZ Outlet &amp; Partijhandel\" \/>\n<meta property=\"og:description\" content=\"Stylish Healthy Human Water Bottle in Pure Black mit doppelwandiger Isolierung und au\u00dfergew\u00f6hnlicher Temperaturspeicherung. Bitte beachten Sie: Dieses Produkt kann nur \u00fcber unseren Webshop bestellt werden.\" \/>\n<meta property=\"og:url\" content=\"https:\/\/partijhandeldhz.nl\/de\/produkt\/wasserflasche-21-unzen-4\/\" \/>\n<meta property=\"og:site_name\" content=\"DHZ Outlet &amp; Partijhandel\" \/>\n<meta property=\"article:publisher\" content=\"https:\/\/www.facebook.com\/people\/Partijhandel-DHZ\/61573487458594\/\" \/>\n<meta property=\"og:image\" content=\"https:\/\/partijhandeldhz.nl\/wp-content\/uploads\/2025\/12\/Afbeelding-1-2.jpg\" \/>\n\t<meta property=\"og:image:width\" content=\"1000\" \/>\n\t<meta property=\"og:image:height\" content=\"1000\" \/>\n\t<meta property=\"og:image:type\" content=\"image\/jpeg\" \/>\n<meta name=\"twitter:card\" content=\"summary_large_image\" \/>\n<meta name=\"twitter:label1\" content=\"Gesch\u00e4tzte Lesezeit\" \/>\n\t<meta name=\"twitter:data1\" content=\"1\u00a0Minute\" \/>\n<script type=\"application\/ld+json\" class=\"yoast-schema-graph\">{\"@context\":\"https:\\\/\\\/schema.org\",\"@graph\":[{\"@type\":\"WebPage\",\"@id\":\"https:\\\/\\\/partijhandeldhz.nl\\\/de\\\/produkt\\\/wasserflasche-21-unzen-4\\\/\",\"url\":\"https:\\\/\\\/partijhandeldhz.nl\\\/de\\\/produkt\\\/wasserflasche-21-unzen-4\\\/\",\"name\":\"Wasserflasche 21 Unzen - DHZ Outlet &amp; Partijhandel\",\"isPartOf\":{\"@id\":\"https:\\\/\\\/partijhandeldhz.nl\\\/de\\\/#website\"},\"primaryImageOfPage\":{\"@id\":\"https:\\\/\\\/partijhandeldhz.nl\\\/de\\\/produkt\\\/wasserflasche-21-unzen-4\\\/#primaryimage\"},\"image\":{\"@id\":\"https:\\\/\\\/partijhandeldhz.nl\\\/de\\\/produkt\\\/wasserflasche-21-unzen-4\\\/#primaryimage\"},\"thumbnailUrl\":\"https:\\\/\\\/partijhandeldhz.nl\\\/wp-content\\\/uploads\\\/2025\\\/12\\\/Afbeelding-1-2.jpg\",\"datePublished\":\"2025-12-02T10:31:33+00:00\",\"breadcrumb\":{\"@id\":\"https:\\\/\\\/partijhandeldhz.nl\\\/de\\\/produkt\\\/wasserflasche-21-unzen-4\\\/#breadcrumb\"},\"inLanguage\":\"de\",\"potentialAction\":[{\"@type\":\"ReadAction\",\"target\":[\"https:\\\/\\\/partijhandeldhz.nl\\\/de\\\/produkt\\\/wasserflasche-21-unzen-4\\\/\"]}]},{\"@type\":\"ImageObject\",\"inLanguage\":\"de\",\"@id\":\"https:\\\/\\\/partijhandeldhz.nl\\\/de\\\/produkt\\\/wasserflasche-21-unzen-4\\\/#primaryimage\",\"url\":\"https:\\\/\\\/partijhandeldhz.nl\\\/wp-content\\\/uploads\\\/2025\\\/12\\\/Afbeelding-1-2.jpg\",\"contentUrl\":\"https:\\\/\\\/partijhandeldhz.nl\\\/wp-content\\\/uploads\\\/2025\\\/12\\\/Afbeelding-1-2.jpg\",\"width\":1000,\"height\":1000},{\"@type\":\"BreadcrumbList\",\"@id\":\"https:\\\/\\\/partijhandeldhz.nl\\\/de\\\/produkt\\\/wasserflasche-21-unzen-4\\\/#breadcrumb\",\"itemListElement\":[{\"@type\":\"ListItem\",\"position\":1,\"name\":\"Home\",\"item\":\"https:\\\/\\\/partijhandeldhz.nl\\\/de\\\/\"},{\"@type\":\"ListItem\",\"position\":2,\"name\":\"Shop\",\"item\":\"https:\\\/\\\/partijhandeldhz.nl\\\/de\\\/shop\\\/\"},{\"@type\":\"ListItem\",\"position\":3,\"name\":\"Wasserflasche 21 Unzen\"}]},{\"@type\":\"WebSite\",\"@id\":\"https:\\\/\\\/partijhandeldhz.nl\\\/de\\\/#website\",\"url\":\"https:\\\/\\\/partijhandeldhz.nl\\\/de\\\/\",\"name\":\"DHZ Outlet & Partijhandel\",\"description\":\"Grote en kleine partijen, altijd de scherpste prijs!\",\"publisher\":{\"@id\":\"https:\\\/\\\/partijhandeldhz.nl\\\/de\\\/#organization\"},\"potentialAction\":[{\"@type\":\"SearchAction\",\"target\":{\"@type\":\"EntryPoint\",\"urlTemplate\":\"https:\\\/\\\/partijhandeldhz.nl\\\/de\\\/?s={search_term_string}\"},\"query-input\":{\"@type\":\"PropertyValueSpecification\",\"valueRequired\":true,\"valueName\":\"search_term_string\"}}],\"inLanguage\":\"de\"},{\"@type\":\"Organization\",\"@id\":\"https:\\\/\\\/partijhandeldhz.nl\\\/de\\\/#organization\",\"name\":\"DHZ Outlet & Partijhandel\",\"url\":\"https:\\\/\\\/partijhandeldhz.nl\\\/de\\\/\",\"logo\":{\"@type\":\"ImageObject\",\"inLanguage\":\"de\",\"@id\":\"https:\\\/\\\/partijhandeldhz.nl\\\/de\\\/#\\\/schema\\\/logo\\\/image\\\/\",\"url\":\"https:\\\/\\\/partijhandeldhz.nl\\\/wp-content\\\/uploads\\\/2025\\\/03\\\/1.png\",\"contentUrl\":\"https:\\\/\\\/partijhandeldhz.nl\\\/wp-content\\\/uploads\\\/2025\\\/03\\\/1.png\",\"width\":1000,\"height\":500,\"caption\":\"DHZ Outlet & Partijhandel\"},\"image\":{\"@id\":\"https:\\\/\\\/partijhandeldhz.nl\\\/de\\\/#\\\/schema\\\/logo\\\/image\\\/\"},\"sameAs\":[\"https:\\\/\\\/www.facebook.com\\\/people\\\/Partijhandel-DHZ\\\/61573487458594\\\/\",\"https:\\\/\\\/www.instagram.com\\\/partijhandeldhz\\\/\"]}]}<\/script>\n<!-- \/ Yoast SEO plugin. -->","yoast_head_json":{"title":"Wasserflasche 21 Unzen - DHZ Outlet &amp; Partijhandel","robots":{"index":"index","follow":"follow","max-snippet":"max-snippet:-1","max-image-preview":"max-image-preview:large","max-video-preview":"max-video-preview:-1"},"canonical":"https:\/\/partijhandeldhz.nl\/de\/produkt\/wasserflasche-21-unzen-4\/","og_locale":"de_DE","og_type":"article","og_title":"Wasserflasche 21 Unzen - DHZ Outlet &amp; Partijhandel","og_description":"Stylish Healthy Human Water Bottle in Pure Black mit doppelwandiger Isolierung und au\u00dfergew\u00f6hnlicher Temperaturspeicherung. Bitte beachten Sie: Dieses Produkt kann nur \u00fcber unseren Webshop bestellt werden.","og_url":"https:\/\/partijhandeldhz.nl\/de\/produkt\/wasserflasche-21-unzen-4\/","og_site_name":"DHZ Outlet &amp; Partijhandel","article_publisher":"https:\/\/www.facebook.com\/people\/Partijhandel-DHZ\/61573487458594\/","og_image":[{"width":1000,"height":1000,"url":"https:\/\/partijhandeldhz.nl\/wp-content\/uploads\/2025\/12\/Afbeelding-1-2.jpg","type":"image\/jpeg"}],"twitter_card":"summary_large_image","twitter_misc":{"Gesch\u00e4tzte Lesezeit":"1\u00a0Minute"},"schema":{"@context":"https:\/\/schema.org","@graph":[{"@type":"WebPage","@id":"https:\/\/partijhandeldhz.nl\/de\/produkt\/wasserflasche-21-unzen-4\/","url":"https:\/\/partijhandeldhz.nl\/de\/produkt\/wasserflasche-21-unzen-4\/","name":"Wasserflasche 21 Unzen - DHZ Outlet &amp; Partijhandel","isPartOf":{"@id":"https:\/\/partijhandeldhz.nl\/de\/#website"},"primaryImageOfPage":{"@id":"https:\/\/partijhandeldhz.nl\/de\/produkt\/wasserflasche-21-unzen-4\/#primaryimage"},"image":{"@id":"https:\/\/partijhandeldhz.nl\/de\/produkt\/wasserflasche-21-unzen-4\/#primaryimage"},"thumbnailUrl":"https:\/\/partijhandeldhz.nl\/wp-content\/uploads\/2025\/12\/Afbeelding-1-2.jpg","datePublished":"2025-12-02T10:31:33+00:00","breadcrumb":{"@id":"https:\/\/partijhandeldhz.nl\/de\/produkt\/wasserflasche-21-unzen-4\/#breadcrumb"},"inLanguage":"de","potentialAction":[{"@type":"ReadAction","target":["https:\/\/partijhandeldhz.nl\/de\/produkt\/wasserflasche-21-unzen-4\/"]}]},{"@type":"ImageObject","inLanguage":"de","@id":"https:\/\/partijhandeldhz.nl\/de\/produkt\/wasserflasche-21-unzen-4\/#primaryimage","url":"https:\/\/partijhandeldhz.nl\/wp-content\/uploads\/2025\/12\/Afbeelding-1-2.jpg","contentUrl":"https:\/\/partijhandeldhz.nl\/wp-content\/uploads\/2025\/12\/Afbeelding-1-2.jpg","width":1000,"height":1000},{"@type":"BreadcrumbList","@id":"https:\/\/partijhandeldhz.nl\/de\/produkt\/wasserflasche-21-unzen-4\/#breadcrumb","itemListElement":[{"@type":"ListItem","position":1,"name":"Home","item":"https:\/\/partijhandeldhz.nl\/de\/"},{"@type":"ListItem","position":2,"name":"Shop","item":"https:\/\/partijhandeldhz.nl\/de\/shop\/"},{"@type":"ListItem","position":3,"name":"Wasserflasche 21 Unzen"}]},{"@type":"WebSite","@id":"https:\/\/partijhandeldhz.nl\/de\/#website","url":"https:\/\/partijhandeldhz.nl\/de\/","name":"DHZ Outlet & Partijhandel","description":"Grote en kleine partijen, altijd de scherpste prijs!","publisher":{"@id":"https:\/\/partijhandeldhz.nl\/de\/#organization"},"potentialAction":[{"@type":"SearchAction","target":{"@type":"EntryPoint","urlTemplate":"https:\/\/partijhandeldhz.nl\/de\/?s={search_term_string}"},"query-input":{"@type":"PropertyValueSpecification","valueRequired":true,"valueName":"search_term_string"}}],"inLanguage":"de"},{"@type":"Organization","@id":"https:\/\/partijhandeldhz.nl\/de\/#organization","name":"DHZ Outlet & Partijhandel","url":"https:\/\/partijhandeldhz.nl\/de\/","logo":{"@type":"ImageObject","inLanguage":"de","@id":"https:\/\/partijhandeldhz.nl\/de\/#\/schema\/logo\/image\/","url":"https:\/\/partijhandeldhz.nl\/wp-content\/uploads\/2025\/03\/1.png","contentUrl":"https:\/\/partijhandeldhz.nl\/wp-content\/uploads\/2025\/03\/1.png","width":1000,"height":500,"caption":"DHZ Outlet & Partijhandel"},"image":{"@id":"https:\/\/partijhandeldhz.nl\/de\/#\/schema\/logo\/image\/"},"sameAs":["https:\/\/www.facebook.com\/people\/Partijhandel-DHZ\/61573487458594\/","https:\/\/www.instagram.com\/partijhandeldhz\/"]}]}},"jetpack_sharing_enabled":true,"_links":{"self":[{"href":"https:\/\/partijhandeldhz.nl\/de\/wp-json\/wp\/v2\/product\/14648","targetHints":{"allow":["GET"]}}],"collection":[{"href":"https:\/\/partijhandeldhz.nl\/de\/wp-json\/wp\/v2\/product"}],"about":[{"href":"https:\/\/partijhandeldhz.nl\/de\/wp-json\/wp\/v2\/types\/product"}],"version-history":[{"count":0,"href":"https:\/\/partijhandeldhz.nl\/de\/wp-json\/wp\/v2\/product\/14648\/revisions"}],"wp:featuredmedia":[{"embeddable":true,"href":"https:\/\/partijhandeldhz.nl\/de\/wp-json\/wp\/v2\/media\/12460"}],"wp:attachment":[{"href":"https:\/\/partijhandeldhz.nl\/de\/wp-json\/wp\/v2\/media?parent=14648"}],"wp:term":[{"taxonomy":"product_brand","embeddable":true,"href":"https:\/\/partijhandeldhz.nl\/de\/wp-json\/wp\/v2\/product_brand?post=14648"},{"taxonomy":"product_cat","embeddable":true,"href":"https:\/\/partijhandeldhz.nl\/de\/wp-json\/wp\/v2\/product_cat?post=14648"},{"taxonomy":"product_tag","embeddable":true,"href":"https:\/\/partijhandeldhz.nl\/de\/wp-json\/wp\/v2\/product_tag?post=14648"}],"curies":[{"name":"wp","href":"https:\/\/api.w.org\/{rel}","templated":true}]}}