{"id":14641,"date":"2025-12-02T09:48:17","date_gmt":"2025-12-02T09:48:17","guid":{"rendered":"https:\/\/partijhandeldhz.nl\/product\/wasserflasche-21-unzen\/"},"modified":"2025-12-02T09:48:17","modified_gmt":"2025-12-02T09:48:17","slug":"wasserflasche-21-unzen","status":"publish","type":"product","link":"https:\/\/partijhandeldhz.nl\/de\/produkt\/wasserflasche-21-unzen\/","title":{"rendered":"Wasserflasche 21 Unzen"},"content":{"rendered":"<p data-start=\"149\" data-end=\"648\">Die Healthy Human Water Bottle ist eine hochwertige Trinkflasche aus Edelstahl, die nicht nur in der Leistung, sondern auch in ihrer Haltbarkeit gl\u00e4nzt. Healthy Human wurde von CNN Underscored drei Jahre in Folge als beste Wasserflasche ausgezeichnet, dank ihrer au\u00dfergew\u00f6hnlichen Qualit\u00e4t, ihres intelligenten Designs und der langen Temperaturspeicherung. Die Flasche ist zu 100 % BPA-frei, besteht aus hochwertigem Edelstahl und ist darauf ausgelegt, Sie in einem gesunden und umweltbewussten Lebensstil zu unterst\u00fctzen.  <\/p>\n<p data-start=\"650\" data-end=\"994\">Mit der fortschrittlichen TempMax-Kupferbeschichtung und der doppelwandigen Vakuumd\u00e4mmung bleibt Ihr Getr\u00e4nk bis zu 24 Stunden eiskalt, 12 Stunden hei\u00df und sogar 6 Stunden hei\u00df. Ideal f\u00fcr Sport, Arbeit, Camping, Wandern oder t\u00e4gliche Fl\u00fcssigkeitszufuhr. Die breite \u00d6ffnung erleichtert das Hinzuf\u00fcgen von Eisw\u00fcrfeln und sorgt f\u00fcr angenehmes Trinken.  <\/p>\n<p data-start=\"996\" data-end=\"1352\">Healthy Human ist au\u00dferdem eine zertifizierte B-Corp, was bedeutet, dass die Marke nachweislich zu einer besseren Welt beitr\u00e4gt. Zum Beispiel hat Healthy Human weltweit mehr als 2.500.000 Plastikflaschen aus dem Meer entfernt und 20.000 B\u00e4ume gepflanzt. F\u00fcr jede verkaufte Flasche wird 1 Pfund Ozeanplastik gereinigt \u2013 das entspricht etwa 50 Plastikflaschen.  <\/p>\n<p data-start=\"1354\" data-end=\"1661\">Die Flaschen sind in verschiedenen Gr\u00f6\u00dfen und Farben erh\u00e4ltlich, darunter diese stilvolle 21oz Pure White Version. Jede Flasche wird mit einem kompletten Zubeh\u00f6rset geliefert: ein tragbarer Karabiner, ein zus\u00e4tzlicher Deckel mit Stahlinnen, Aufkleber und Hydro Guide \u2013 ordentlich in einer nachhaltigen Geschenkbox verpackt. <\/p>\n<p data-start=\"1663\" data-end=\"1756\">Eine ideale Trinkflasche f\u00fcr alle, die Funktionalit\u00e4t, Stil und Nachhaltigkeit verbinden m\u00f6chten.<\/p>\n<h2 data-start=\"1993\" data-end=\"2023\"><strong data-start=\"1996\" data-end=\"2023\">Schl\u00fcsselmerkmale<\/strong><\/h2>\n<ul>\n<li data-start=\"2027\" data-end=\"2081\">Premium-Wasserflasche aus Edelstahl, 100 % BPA-frei<\/li>\n<li data-start=\"2084\" data-end=\"2157\">TempMax-Technologie: 24 Stunden kalt, 12 Stunden hei\u00df und 6 Stunden hei\u00df<\/li>\n<li data-start=\"2160\" data-end=\"2215\">Doppelwandige Vakuumd\u00e4mmung f\u00fcr maximale Leistung<\/li>\n<li data-start=\"2218\" data-end=\"2299\">Hilft, Ozeanplastik zu reduzieren: 1 Pfund Plastik wird pro verkaufter Flasche entfernt<\/li>\n<li data-start=\"2302\" data-end=\"2380\">Weit anwendbar: geeignet f\u00fcr Sport, Arbeit, Reisen, Wandern und Camping<\/li>\n<li data-start=\"2383\" data-end=\"2429\">Reinwei\u00dfe Farbe, Inhalt 21 oz (\u00b1 621 ml)<\/li>\n<li data-start=\"2432\" data-end=\"2471\">Breite \u00d6ffnung, n\u00fctzlich f\u00fcr Eisw\u00fcrfel<\/li>\n<li data-start=\"2474\" data-end=\"2544\">Enth\u00e4lt: Karabiner, gepolsterte Stahlkappe, Aufkleber und Hydro-Guide<\/li>\n<li data-start=\"2547\" data-end=\"2581\">Material: Edelstahl (SS)<\/li>\n<li data-start=\"2584\" data-end=\"2624\">Ma\u00dfe: 10&#8243; H\u00f6he \u00d7 2,75&#8243; Breite<\/li>\n<li data-start=\"2627\" data-end=\"2652\">Gewicht: \u00b1 372 Gramm<\/li>\n<li data-start=\"2655\" data-end=\"2712\">Pflege: Nur von Hand waschen, nicht sp\u00fclmaschinentauglich<\/li>\n<li data-start=\"2715\" data-end=\"2750\">Mit Schraubverschluss und undichtem Design<\/li>\n<li data-start=\"2753\" data-end=\"2770\">EAN: 754970592774<\/li>\n<\/ul>\n","protected":false},"excerpt":{"rendered":"<p>Premium Healthy Human Water Bottle mit doppelwandiger Vakuumd\u00e4mmung, BPA-frei und bis zu 24 Stunden K\u00e4lte sowie 12 Stunden W\u00e4rmespeicherung.<br \/>\n<br data-start=\"1917\" data-end=\"1920\"><strong data-start=\"1920\" data-end=\"1986\"><em data-start=\"1922\" data-end=\"1984\">Bitte beachten Sie: Dieses Produkt kann nur \u00fcber unseren Webshop bestellt werden.<\/em><\/strong><\/p>\n","protected":false},"featured_media":12463,"template":"","meta":{"_acf_changed":false,"site-sidebar-layout":"default","site-content-layout":"","ast-site-content-layout":"default","site-content-style":"default","site-sidebar-style":"default","ast-global-header-display":"","ast-banner-title-visibility":"","ast-main-header-display":"","ast-hfb-above-header-display":"","ast-hfb-below-header-display":"","ast-hfb-mobile-header-display":"","site-post-title":"","ast-breadcrumbs-content":"","ast-featured-img":"","footer-sml-layout":"","ast-disable-related-posts":"","theme-transparent-header-meta":"default","adv-header-id-meta":"","stick-header-meta":"","header-above-stick-meta":"","header-main-stick-meta":"","header-below-stick-meta":"","astra-migrate-meta-layouts":"default","ast-page-background-enabled":"default","ast-page-background-meta":{"desktop":{"background-color":"","background-image":"","background-repeat":"repeat","background-position":"center center","background-size":"auto","background-attachment":"scroll","background-type":"","background-media":"","overlay-type":"","overlay-color":"","overlay-opacity":"","overlay-gradient":""},"tablet":{"background-color":"","background-image":"","background-repeat":"repeat","background-position":"center center","background-size":"auto","background-attachment":"scroll","background-type":"","background-media":"","overlay-type":"","overlay-color":"","overlay-opacity":"","overlay-gradient":""},"mobile":{"background-color":"","background-image":"","background-repeat":"repeat","background-position":"center center","background-size":"auto","background-attachment":"scroll","background-type":"","background-media":"","overlay-type":"","overlay-color":"","overlay-opacity":"","overlay-gradient":""}},"ast-content-background-meta":{"desktop":{"background-color":"var(--ast-global-color-5)","background-image":"","background-repeat":"repeat","background-position":"center center","background-size":"auto","background-attachment":"scroll","background-type":"","background-media":"","overlay-type":"","overlay-color":"","overlay-opacity":"","overlay-gradient":""},"tablet":{"background-color":"var(--ast-global-color-5)","background-image":"","background-repeat":"repeat","background-position":"center center","background-size":"auto","background-attachment":"scroll","background-type":"","background-media":"","overlay-type":"","overlay-color":"","overlay-opacity":"","overlay-gradient":""},"mobile":{"background-color":"var(--ast-global-color-5)","background-image":"","background-repeat":"repeat","background-position":"center center","background-size":"auto","background-attachment":"scroll","background-type":"","background-media":"","overlay-type":"","overlay-color":"","overlay-opacity":"","overlay-gradient":""}}},"product_brand":[593],"product_cat":[599,615,614],"product_tag":[],"class_list":{"0":"post-14641","1":"product","2":"type-product","3":"status-publish","4":"has-post-thumbnail","6":"product_brand-healthy-human","7":"product_cat-postenhandel","8":"product_cat-wasserflaschen","9":"product_cat-wasserflaschen-und-trinkbecher","10":"pa_merk-healthy-human","11":"desktop-align-left","12":"tablet-align-left","13":"mobile-align-left","15":"first","16":"instock","17":"taxable","18":"shipping-taxable","19":"purchasable","20":"product-type-simple"},"acf":[],"yoast_head":"<!-- This site is optimized with the Yoast SEO plugin v27.5 - https:\/\/yoast.com\/product\/yoast-seo-wordpress\/ -->\n<title>Wasserflasche 21 Unzen - DHZ Outlet &amp; Partijhandel<\/title>\n<meta name=\"robots\" content=\"index, follow, max-snippet:-1, max-image-preview:large, max-video-preview:-1\" \/>\n<link rel=\"canonical\" href=\"https:\/\/partijhandeldhz.nl\/de\/produkt\/wasserflasche-21-unzen\/\" \/>\n<meta property=\"og:locale\" content=\"de_DE\" \/>\n<meta property=\"og:type\" content=\"article\" \/>\n<meta property=\"og:title\" content=\"Wasserflasche 21 Unzen - DHZ Outlet &amp; Partijhandel\" \/>\n<meta property=\"og:description\" content=\"Premium Healthy Human Water Bottle mit doppelwandiger Vakuumd\u00e4mmung, BPA-frei und bis zu 24 Stunden K\u00e4lte sowie 12 Stunden W\u00e4rmespeicherung. Bitte beachten Sie: Dieses Produkt kann nur \u00fcber unseren Webshop bestellt werden.\" \/>\n<meta property=\"og:url\" content=\"https:\/\/partijhandeldhz.nl\/de\/produkt\/wasserflasche-21-unzen\/\" \/>\n<meta property=\"og:site_name\" content=\"DHZ Outlet &amp; Partijhandel\" \/>\n<meta property=\"article:publisher\" content=\"https:\/\/www.facebook.com\/people\/Partijhandel-DHZ\/61573487458594\/\" \/>\n<meta property=\"og:image\" content=\"https:\/\/partijhandeldhz.nl\/wp-content\/uploads\/2025\/12\/Afbeelding-1-3.jpg\" \/>\n\t<meta property=\"og:image:width\" content=\"1000\" \/>\n\t<meta property=\"og:image:height\" content=\"1000\" \/>\n\t<meta property=\"og:image:type\" content=\"image\/jpeg\" \/>\n<meta name=\"twitter:card\" content=\"summary_large_image\" \/>\n<meta name=\"twitter:label1\" content=\"Gesch\u00e4tzte Lesezeit\" \/>\n\t<meta name=\"twitter:data1\" content=\"2\u00a0Minuten\" \/>\n<script type=\"application\/ld+json\" class=\"yoast-schema-graph\">{\"@context\":\"https:\\\/\\\/schema.org\",\"@graph\":[{\"@type\":\"WebPage\",\"@id\":\"https:\\\/\\\/partijhandeldhz.nl\\\/de\\\/produkt\\\/wasserflasche-21-unzen\\\/\",\"url\":\"https:\\\/\\\/partijhandeldhz.nl\\\/de\\\/produkt\\\/wasserflasche-21-unzen\\\/\",\"name\":\"Wasserflasche 21 Unzen - DHZ Outlet &amp; Partijhandel\",\"isPartOf\":{\"@id\":\"https:\\\/\\\/partijhandeldhz.nl\\\/de\\\/#website\"},\"primaryImageOfPage\":{\"@id\":\"https:\\\/\\\/partijhandeldhz.nl\\\/de\\\/produkt\\\/wasserflasche-21-unzen\\\/#primaryimage\"},\"image\":{\"@id\":\"https:\\\/\\\/partijhandeldhz.nl\\\/de\\\/produkt\\\/wasserflasche-21-unzen\\\/#primaryimage\"},\"thumbnailUrl\":\"https:\\\/\\\/partijhandeldhz.nl\\\/wp-content\\\/uploads\\\/2025\\\/12\\\/Afbeelding-1-3.jpg\",\"datePublished\":\"2025-12-02T09:48:17+00:00\",\"breadcrumb\":{\"@id\":\"https:\\\/\\\/partijhandeldhz.nl\\\/de\\\/produkt\\\/wasserflasche-21-unzen\\\/#breadcrumb\"},\"inLanguage\":\"de\",\"potentialAction\":[{\"@type\":\"ReadAction\",\"target\":[\"https:\\\/\\\/partijhandeldhz.nl\\\/de\\\/produkt\\\/wasserflasche-21-unzen\\\/\"]}]},{\"@type\":\"ImageObject\",\"inLanguage\":\"de\",\"@id\":\"https:\\\/\\\/partijhandeldhz.nl\\\/de\\\/produkt\\\/wasserflasche-21-unzen\\\/#primaryimage\",\"url\":\"https:\\\/\\\/partijhandeldhz.nl\\\/wp-content\\\/uploads\\\/2025\\\/12\\\/Afbeelding-1-3.jpg\",\"contentUrl\":\"https:\\\/\\\/partijhandeldhz.nl\\\/wp-content\\\/uploads\\\/2025\\\/12\\\/Afbeelding-1-3.jpg\",\"width\":1000,\"height\":1000},{\"@type\":\"BreadcrumbList\",\"@id\":\"https:\\\/\\\/partijhandeldhz.nl\\\/de\\\/produkt\\\/wasserflasche-21-unzen\\\/#breadcrumb\",\"itemListElement\":[{\"@type\":\"ListItem\",\"position\":1,\"name\":\"Home\",\"item\":\"https:\\\/\\\/partijhandeldhz.nl\\\/de\\\/\"},{\"@type\":\"ListItem\",\"position\":2,\"name\":\"Shop\",\"item\":\"https:\\\/\\\/partijhandeldhz.nl\\\/de\\\/shop\\\/\"},{\"@type\":\"ListItem\",\"position\":3,\"name\":\"Wasserflasche 21 Unzen\"}]},{\"@type\":\"WebSite\",\"@id\":\"https:\\\/\\\/partijhandeldhz.nl\\\/de\\\/#website\",\"url\":\"https:\\\/\\\/partijhandeldhz.nl\\\/de\\\/\",\"name\":\"DHZ Outlet & Partijhandel\",\"description\":\"Grote en kleine partijen, altijd de scherpste prijs!\",\"publisher\":{\"@id\":\"https:\\\/\\\/partijhandeldhz.nl\\\/de\\\/#organization\"},\"potentialAction\":[{\"@type\":\"SearchAction\",\"target\":{\"@type\":\"EntryPoint\",\"urlTemplate\":\"https:\\\/\\\/partijhandeldhz.nl\\\/de\\\/?s={search_term_string}\"},\"query-input\":{\"@type\":\"PropertyValueSpecification\",\"valueRequired\":true,\"valueName\":\"search_term_string\"}}],\"inLanguage\":\"de\"},{\"@type\":\"Organization\",\"@id\":\"https:\\\/\\\/partijhandeldhz.nl\\\/de\\\/#organization\",\"name\":\"DHZ Outlet & Partijhandel\",\"url\":\"https:\\\/\\\/partijhandeldhz.nl\\\/de\\\/\",\"logo\":{\"@type\":\"ImageObject\",\"inLanguage\":\"de\",\"@id\":\"https:\\\/\\\/partijhandeldhz.nl\\\/de\\\/#\\\/schema\\\/logo\\\/image\\\/\",\"url\":\"https:\\\/\\\/partijhandeldhz.nl\\\/wp-content\\\/uploads\\\/2025\\\/03\\\/1.png\",\"contentUrl\":\"https:\\\/\\\/partijhandeldhz.nl\\\/wp-content\\\/uploads\\\/2025\\\/03\\\/1.png\",\"width\":1000,\"height\":500,\"caption\":\"DHZ Outlet & Partijhandel\"},\"image\":{\"@id\":\"https:\\\/\\\/partijhandeldhz.nl\\\/de\\\/#\\\/schema\\\/logo\\\/image\\\/\"},\"sameAs\":[\"https:\\\/\\\/www.facebook.com\\\/people\\\/Partijhandel-DHZ\\\/61573487458594\\\/\",\"https:\\\/\\\/www.instagram.com\\\/partijhandeldhz\\\/\"]}]}<\/script>\n<!-- \/ Yoast SEO plugin. -->","yoast_head_json":{"title":"Wasserflasche 21 Unzen - DHZ Outlet &amp; Partijhandel","robots":{"index":"index","follow":"follow","max-snippet":"max-snippet:-1","max-image-preview":"max-image-preview:large","max-video-preview":"max-video-preview:-1"},"canonical":"https:\/\/partijhandeldhz.nl\/de\/produkt\/wasserflasche-21-unzen\/","og_locale":"de_DE","og_type":"article","og_title":"Wasserflasche 21 Unzen - DHZ Outlet &amp; Partijhandel","og_description":"Premium Healthy Human Water Bottle mit doppelwandiger Vakuumd\u00e4mmung, BPA-frei und bis zu 24 Stunden K\u00e4lte sowie 12 Stunden W\u00e4rmespeicherung. Bitte beachten Sie: Dieses Produkt kann nur \u00fcber unseren Webshop bestellt werden.","og_url":"https:\/\/partijhandeldhz.nl\/de\/produkt\/wasserflasche-21-unzen\/","og_site_name":"DHZ Outlet &amp; Partijhandel","article_publisher":"https:\/\/www.facebook.com\/people\/Partijhandel-DHZ\/61573487458594\/","og_image":[{"width":1000,"height":1000,"url":"https:\/\/partijhandeldhz.nl\/wp-content\/uploads\/2025\/12\/Afbeelding-1-3.jpg","type":"image\/jpeg"}],"twitter_card":"summary_large_image","twitter_misc":{"Gesch\u00e4tzte Lesezeit":"2\u00a0Minuten"},"schema":{"@context":"https:\/\/schema.org","@graph":[{"@type":"WebPage","@id":"https:\/\/partijhandeldhz.nl\/de\/produkt\/wasserflasche-21-unzen\/","url":"https:\/\/partijhandeldhz.nl\/de\/produkt\/wasserflasche-21-unzen\/","name":"Wasserflasche 21 Unzen - DHZ Outlet &amp; Partijhandel","isPartOf":{"@id":"https:\/\/partijhandeldhz.nl\/de\/#website"},"primaryImageOfPage":{"@id":"https:\/\/partijhandeldhz.nl\/de\/produkt\/wasserflasche-21-unzen\/#primaryimage"},"image":{"@id":"https:\/\/partijhandeldhz.nl\/de\/produkt\/wasserflasche-21-unzen\/#primaryimage"},"thumbnailUrl":"https:\/\/partijhandeldhz.nl\/wp-content\/uploads\/2025\/12\/Afbeelding-1-3.jpg","datePublished":"2025-12-02T09:48:17+00:00","breadcrumb":{"@id":"https:\/\/partijhandeldhz.nl\/de\/produkt\/wasserflasche-21-unzen\/#breadcrumb"},"inLanguage":"de","potentialAction":[{"@type":"ReadAction","target":["https:\/\/partijhandeldhz.nl\/de\/produkt\/wasserflasche-21-unzen\/"]}]},{"@type":"ImageObject","inLanguage":"de","@id":"https:\/\/partijhandeldhz.nl\/de\/produkt\/wasserflasche-21-unzen\/#primaryimage","url":"https:\/\/partijhandeldhz.nl\/wp-content\/uploads\/2025\/12\/Afbeelding-1-3.jpg","contentUrl":"https:\/\/partijhandeldhz.nl\/wp-content\/uploads\/2025\/12\/Afbeelding-1-3.jpg","width":1000,"height":1000},{"@type":"BreadcrumbList","@id":"https:\/\/partijhandeldhz.nl\/de\/produkt\/wasserflasche-21-unzen\/#breadcrumb","itemListElement":[{"@type":"ListItem","position":1,"name":"Home","item":"https:\/\/partijhandeldhz.nl\/de\/"},{"@type":"ListItem","position":2,"name":"Shop","item":"https:\/\/partijhandeldhz.nl\/de\/shop\/"},{"@type":"ListItem","position":3,"name":"Wasserflasche 21 Unzen"}]},{"@type":"WebSite","@id":"https:\/\/partijhandeldhz.nl\/de\/#website","url":"https:\/\/partijhandeldhz.nl\/de\/","name":"DHZ Outlet & Partijhandel","description":"Grote en kleine partijen, altijd de scherpste prijs!","publisher":{"@id":"https:\/\/partijhandeldhz.nl\/de\/#organization"},"potentialAction":[{"@type":"SearchAction","target":{"@type":"EntryPoint","urlTemplate":"https:\/\/partijhandeldhz.nl\/de\/?s={search_term_string}"},"query-input":{"@type":"PropertyValueSpecification","valueRequired":true,"valueName":"search_term_string"}}],"inLanguage":"de"},{"@type":"Organization","@id":"https:\/\/partijhandeldhz.nl\/de\/#organization","name":"DHZ Outlet & Partijhandel","url":"https:\/\/partijhandeldhz.nl\/de\/","logo":{"@type":"ImageObject","inLanguage":"de","@id":"https:\/\/partijhandeldhz.nl\/de\/#\/schema\/logo\/image\/","url":"https:\/\/partijhandeldhz.nl\/wp-content\/uploads\/2025\/03\/1.png","contentUrl":"https:\/\/partijhandeldhz.nl\/wp-content\/uploads\/2025\/03\/1.png","width":1000,"height":500,"caption":"DHZ Outlet & Partijhandel"},"image":{"@id":"https:\/\/partijhandeldhz.nl\/de\/#\/schema\/logo\/image\/"},"sameAs":["https:\/\/www.facebook.com\/people\/Partijhandel-DHZ\/61573487458594\/","https:\/\/www.instagram.com\/partijhandeldhz\/"]}]}},"jetpack_sharing_enabled":true,"_links":{"self":[{"href":"https:\/\/partijhandeldhz.nl\/de\/wp-json\/wp\/v2\/product\/14641","targetHints":{"allow":["GET"]}}],"collection":[{"href":"https:\/\/partijhandeldhz.nl\/de\/wp-json\/wp\/v2\/product"}],"about":[{"href":"https:\/\/partijhandeldhz.nl\/de\/wp-json\/wp\/v2\/types\/product"}],"version-history":[{"count":0,"href":"https:\/\/partijhandeldhz.nl\/de\/wp-json\/wp\/v2\/product\/14641\/revisions"}],"wp:featuredmedia":[{"embeddable":true,"href":"https:\/\/partijhandeldhz.nl\/de\/wp-json\/wp\/v2\/media\/12463"}],"wp:attachment":[{"href":"https:\/\/partijhandeldhz.nl\/de\/wp-json\/wp\/v2\/media?parent=14641"}],"wp:term":[{"taxonomy":"product_brand","embeddable":true,"href":"https:\/\/partijhandeldhz.nl\/de\/wp-json\/wp\/v2\/product_brand?post=14641"},{"taxonomy":"product_cat","embeddable":true,"href":"https:\/\/partijhandeldhz.nl\/de\/wp-json\/wp\/v2\/product_cat?post=14641"},{"taxonomy":"product_tag","embeddable":true,"href":"https:\/\/partijhandeldhz.nl\/de\/wp-json\/wp\/v2\/product_tag?post=14641"}],"curies":[{"name":"wp","href":"https:\/\/api.w.org\/{rel}","templated":true}]}}